{"id":980,"date":"2020-01-14T17:02:29","date_gmt":"2020-01-14T16:02:29","guid":{"rendered":"https:\/\/ilcrogiuolo.it\/p\/defumador-xango\/"},"modified":"2025-09-17T16:56:56","modified_gmt":"2025-09-17T14:56:56","slug":"defumador-xango","status":"publish","type":"product","link":"https:\/\/ilcrogiuolo.it\/it\/p\/defumador-xango\/","title":{"rendered":"DEFUMADOR &#8211; XANG\u00d4"},"content":{"rendered":"<p>Secondo la tradizione l&#8217;aroma di questo defumador, preparato con le erbe sacre all&#8217;Orix\u00e0 Xang\u00f2, serve per spezzare ogni negativit\u00e0 e ogni tipo di ossessione. Aiuta ad ottenere giustizia nelle cause legali e successo nella carriera di avvocato, giurista e anche in politica. Inoltre Xang\u00f2 aiuta tutti coloro che indossano una divisa. Prima di iniziare la defumazione \u00e8 importante defumare il locale, secondo quanto si tramanda, con del benzoino puro in un incensiere apposito. Il giorno consigliato per utilizzare questo defumador \u00e8 il mercoled\u00ec.<\/p>\n","protected":false},"excerpt":{"rendered":"<p>Secondo la tradizione l&#8217;aroma di questo defumador, preparato con le erbe sacre all&#8217;Orix\u00e0 Xang\u00f2, serve per spezzare ogni negativit\u00e0 e&#8230;<\/p>\n","protected":false},"featured_media":51171,"template":"","meta":{"_acf_changed":false},"product_brand":[],"product_cat":[1080,1059,1278],"product_tag":[],"class_list":{"0":"post-980","1":"product","2":"type-product","3":"status-publish","4":"has-post-thumbnail","6":"product_cat-defumadores-e-misture","7":"product_cat-articoli-esoterici","8":"product_cat-defumadores-degli-orixas","10":"first","11":"instock","12":"taxable","13":"shipping-taxable","14":"purchasable","15":"product-type-simple","16":"add-to-wishlist-before_image"},"acf":[],"yoast_head":"<!-- This site is optimized with the Yoast SEO plugin v26.9 - https:\/\/yoast.com\/product\/yoast-seo-wordpress\/ -->\n<title>DEFUMADOR - XANG\u00d4 - Il Crogiuolo<\/title>\n<meta name=\"description\" content=\"DEFUMADOR - XANG\u00d4 Secondo la tradizione l&#039;aroma di questo defumador, preparato con le erbe sacre all&#039;Orix\u00e0 Xang\u00f2, serve per spezzare ogni negativit\u00e0 e ogni tipo di\" \/>\n<meta name=\"robots\" content=\"index, follow, max-snippet:-1, max-image-preview:large, max-video-preview:-1\" \/>\n<link rel=\"canonical\" href=\"https:\/\/ilcrogiuolo.it\/it\/p\/defumador-xango\/\" \/>\n<meta property=\"og:locale\" content=\"it_IT\" \/>\n<meta property=\"og:type\" content=\"article\" \/>\n<meta property=\"og:title\" content=\"DEFUMADOR - XANG\u00d4 - Il Crogiuolo\" \/>\n<meta property=\"og:description\" content=\"DEFUMADOR - XANG\u00d4 Secondo la tradizione l&#039;aroma di questo defumador, preparato con le erbe sacre all&#039;Orix\u00e0 Xang\u00f2, serve per spezzare ogni negativit\u00e0 e ogni tipo di\" \/>\n<meta property=\"og:url\" content=\"https:\/\/ilcrogiuolo.it\/it\/p\/defumador-xango\/\" \/>\n<meta property=\"og:site_name\" content=\"Il Crogiuolo\" \/>\n<meta property=\"article:publisher\" content=\"https:\/\/www.facebook.com\/Il-Crogiuolo-681876418491758\" \/>\n<meta property=\"article:modified_time\" content=\"2025-09-17T14:56:56+00:00\" \/>\n<meta property=\"og:image\" content=\"https:\/\/ilcrogiuolo.it\/wp-content\/uploads\/2020\/01\/DEFUMADOR-\u2013-XANGO.png\" \/>\n\t<meta property=\"og:image:width\" content=\"1024\" \/>\n\t<meta property=\"og:image:height\" content=\"962\" \/>\n\t<meta property=\"og:image:type\" content=\"image\/png\" \/>\n<meta name=\"twitter:card\" content=\"summary_large_image\" \/>\n<meta name=\"twitter:label1\" content=\"Tempo di lettura stimato\" \/>\n\t<meta name=\"twitter:data1\" content=\"1 minuto\" \/>\n<script type=\"application\/ld+json\" class=\"yoast-schema-graph\">{\"@context\":\"https:\/\/schema.org\",\"@graph\":[{\"@type\":\"WebPage\",\"@id\":\"https:\/\/ilcrogiuolo.it\/it\/p\/defumador-xango\/\",\"url\":\"https:\/\/ilcrogiuolo.it\/it\/p\/defumador-xango\/\",\"name\":\"DEFUMADOR - XANG\u00d4 - Il Crogiuolo\",\"isPartOf\":{\"@id\":\"https:\/\/ilcrogiuolo.it\/it\/#website\"},\"primaryImageOfPage\":{\"@id\":\"https:\/\/ilcrogiuolo.it\/it\/p\/defumador-xango\/#primaryimage\"},\"image\":{\"@id\":\"https:\/\/ilcrogiuolo.it\/it\/p\/defumador-xango\/#primaryimage\"},\"thumbnailUrl\":\"https:\/\/ilcrogiuolo.it\/wp-content\/uploads\/2020\/01\/DEFUMADOR-\u2013-XANGO.png\",\"datePublished\":\"2020-01-14T16:02:29+00:00\",\"dateModified\":\"2025-09-17T14:56:56+00:00\",\"description\":\"DEFUMADOR - XANG\u00d4 Secondo la tradizione l'aroma di questo defumador, preparato con le erbe sacre all'Orix\u00e0 Xang\u00f2, serve per spezzare ogni negativit\u00e0 e ogni tipo di\",\"breadcrumb\":{\"@id\":\"https:\/\/ilcrogiuolo.it\/it\/p\/defumador-xango\/#breadcrumb\"},\"inLanguage\":\"it-IT\",\"potentialAction\":[{\"@type\":\"ReadAction\",\"target\":[\"https:\/\/ilcrogiuolo.it\/it\/p\/defumador-xango\/\"]}]},{\"@type\":\"ImageObject\",\"inLanguage\":\"it-IT\",\"@id\":\"https:\/\/ilcrogiuolo.it\/it\/p\/defumador-xango\/#primaryimage\",\"url\":\"https:\/\/ilcrogiuolo.it\/wp-content\/uploads\/2020\/01\/DEFUMADOR-\u2013-XANGO.png\",\"contentUrl\":\"https:\/\/ilcrogiuolo.it\/wp-content\/uploads\/2020\/01\/DEFUMADOR-\u2013-XANGO.png\",\"width\":1024,\"height\":962},{\"@type\":\"BreadcrumbList\",\"@id\":\"https:\/\/ilcrogiuolo.it\/it\/p\/defumador-xango\/#breadcrumb\",\"itemListElement\":[{\"@type\":\"ListItem\",\"position\":1,\"name\":\"Home\",\"item\":\"https:\/\/ilcrogiuolo.it\/it\/\"},{\"@type\":\"ListItem\",\"position\":2,\"name\":\"Shop\",\"item\":\"https:\/\/ilcrogiuolo.it\/it\/negozio\/\"},{\"@type\":\"ListItem\",\"position\":3,\"name\":\"DEFUMADOR &#8211; XANG\u00d4\"}]},{\"@type\":\"WebSite\",\"@id\":\"https:\/\/ilcrogiuolo.it\/it\/#website\",\"url\":\"https:\/\/ilcrogiuolo.it\/it\/\",\"name\":\"Il Crogiuolo\",\"description\":\"\",\"publisher\":{\"@id\":\"https:\/\/ilcrogiuolo.it\/it\/#organization\"},\"potentialAction\":[{\"@type\":\"SearchAction\",\"target\":{\"@type\":\"EntryPoint\",\"urlTemplate\":\"https:\/\/ilcrogiuolo.it\/it\/?s={search_term_string}\"},\"query-input\":{\"@type\":\"PropertyValueSpecification\",\"valueRequired\":true,\"valueName\":\"search_term_string\"}}],\"inLanguage\":\"it-IT\"},{\"@type\":\"Organization\",\"@id\":\"https:\/\/ilcrogiuolo.it\/it\/#organization\",\"name\":\"Il Crogiuolo\",\"url\":\"https:\/\/ilcrogiuolo.it\/it\/\",\"logo\":{\"@type\":\"ImageObject\",\"inLanguage\":\"it-IT\",\"@id\":\"https:\/\/ilcrogiuolo.it\/it\/#\/schema\/logo\/image\/\",\"url\":\"https:\/\/ilcrogiuolo.it\/wp-content\/uploads\/2020\/04\/logo.png\",\"contentUrl\":\"https:\/\/ilcrogiuolo.it\/wp-content\/uploads\/2020\/04\/logo.png\",\"width\":200,\"height\":49,\"caption\":\"Il Crogiuolo\"},\"image\":{\"@id\":\"https:\/\/ilcrogiuolo.it\/it\/#\/schema\/logo\/image\/\"},\"sameAs\":[\"https:\/\/www.facebook.com\/Il-Crogiuolo-681876418491758\"]}]}<\/script>\n<!-- \/ Yoast SEO plugin. -->","yoast_head_json":{"title":"DEFUMADOR - XANG\u00d4 - Il Crogiuolo","description":"DEFUMADOR - XANG\u00d4 Secondo la tradizione l'aroma di questo defumador, preparato con le erbe sacre all'Orix\u00e0 Xang\u00f2, serve per spezzare ogni negativit\u00e0 e ogni tipo di","robots":{"index":"index","follow":"follow","max-snippet":"max-snippet:-1","max-image-preview":"max-image-preview:large","max-video-preview":"max-video-preview:-1"},"canonical":"https:\/\/ilcrogiuolo.it\/it\/p\/defumador-xango\/","og_locale":"it_IT","og_type":"article","og_title":"DEFUMADOR - XANG\u00d4 - Il Crogiuolo","og_description":"DEFUMADOR - XANG\u00d4 Secondo la tradizione l'aroma di questo defumador, preparato con le erbe sacre all'Orix\u00e0 Xang\u00f2, serve per spezzare ogni negativit\u00e0 e ogni tipo di","og_url":"https:\/\/ilcrogiuolo.it\/it\/p\/defumador-xango\/","og_site_name":"Il Crogiuolo","article_publisher":"https:\/\/www.facebook.com\/Il-Crogiuolo-681876418491758","article_modified_time":"2025-09-17T14:56:56+00:00","og_image":[{"width":1024,"height":962,"url":"https:\/\/ilcrogiuolo.it\/wp-content\/uploads\/2020\/01\/DEFUMADOR-\u2013-XANGO.png","type":"image\/png"}],"twitter_card":"summary_large_image","twitter_misc":{"Tempo di lettura stimato":"1 minuto"},"schema":{"@context":"https:\/\/schema.org","@graph":[{"@type":"WebPage","@id":"https:\/\/ilcrogiuolo.it\/it\/p\/defumador-xango\/","url":"https:\/\/ilcrogiuolo.it\/it\/p\/defumador-xango\/","name":"DEFUMADOR - XANG\u00d4 - Il Crogiuolo","isPartOf":{"@id":"https:\/\/ilcrogiuolo.it\/it\/#website"},"primaryImageOfPage":{"@id":"https:\/\/ilcrogiuolo.it\/it\/p\/defumador-xango\/#primaryimage"},"image":{"@id":"https:\/\/ilcrogiuolo.it\/it\/p\/defumador-xango\/#primaryimage"},"thumbnailUrl":"https:\/\/ilcrogiuolo.it\/wp-content\/uploads\/2020\/01\/DEFUMADOR-\u2013-XANGO.png","datePublished":"2020-01-14T16:02:29+00:00","dateModified":"2025-09-17T14:56:56+00:00","description":"DEFUMADOR - XANG\u00d4 Secondo la tradizione l'aroma di questo defumador, preparato con le erbe sacre all'Orix\u00e0 Xang\u00f2, serve per spezzare ogni negativit\u00e0 e ogni tipo di","breadcrumb":{"@id":"https:\/\/ilcrogiuolo.it\/it\/p\/defumador-xango\/#breadcrumb"},"inLanguage":"it-IT","potentialAction":[{"@type":"ReadAction","target":["https:\/\/ilcrogiuolo.it\/it\/p\/defumador-xango\/"]}]},{"@type":"ImageObject","inLanguage":"it-IT","@id":"https:\/\/ilcrogiuolo.it\/it\/p\/defumador-xango\/#primaryimage","url":"https:\/\/ilcrogiuolo.it\/wp-content\/uploads\/2020\/01\/DEFUMADOR-\u2013-XANGO.png","contentUrl":"https:\/\/ilcrogiuolo.it\/wp-content\/uploads\/2020\/01\/DEFUMADOR-\u2013-XANGO.png","width":1024,"height":962},{"@type":"BreadcrumbList","@id":"https:\/\/ilcrogiuolo.it\/it\/p\/defumador-xango\/#breadcrumb","itemListElement":[{"@type":"ListItem","position":1,"name":"Home","item":"https:\/\/ilcrogiuolo.it\/it\/"},{"@type":"ListItem","position":2,"name":"Shop","item":"https:\/\/ilcrogiuolo.it\/it\/negozio\/"},{"@type":"ListItem","position":3,"name":"DEFUMADOR &#8211; XANG\u00d4"}]},{"@type":"WebSite","@id":"https:\/\/ilcrogiuolo.it\/it\/#website","url":"https:\/\/ilcrogiuolo.it\/it\/","name":"Il Crogiuolo","description":"","publisher":{"@id":"https:\/\/ilcrogiuolo.it\/it\/#organization"},"potentialAction":[{"@type":"SearchAction","target":{"@type":"EntryPoint","urlTemplate":"https:\/\/ilcrogiuolo.it\/it\/?s={search_term_string}"},"query-input":{"@type":"PropertyValueSpecification","valueRequired":true,"valueName":"search_term_string"}}],"inLanguage":"it-IT"},{"@type":"Organization","@id":"https:\/\/ilcrogiuolo.it\/it\/#organization","name":"Il Crogiuolo","url":"https:\/\/ilcrogiuolo.it\/it\/","logo":{"@type":"ImageObject","inLanguage":"it-IT","@id":"https:\/\/ilcrogiuolo.it\/it\/#\/schema\/logo\/image\/","url":"https:\/\/ilcrogiuolo.it\/wp-content\/uploads\/2020\/04\/logo.png","contentUrl":"https:\/\/ilcrogiuolo.it\/wp-content\/uploads\/2020\/04\/logo.png","width":200,"height":49,"caption":"Il Crogiuolo"},"image":{"@id":"https:\/\/ilcrogiuolo.it\/it\/#\/schema\/logo\/image\/"},"sameAs":["https:\/\/www.facebook.com\/Il-Crogiuolo-681876418491758"]}]}},"_links":{"self":[{"href":"https:\/\/ilcrogiuolo.it\/it\/wp-json\/wp\/v2\/product\/980","targetHints":{"allow":["GET"]}}],"collection":[{"href":"https:\/\/ilcrogiuolo.it\/it\/wp-json\/wp\/v2\/product"}],"about":[{"href":"https:\/\/ilcrogiuolo.it\/it\/wp-json\/wp\/v2\/types\/product"}],"wp:featuredmedia":[{"embeddable":true,"href":"https:\/\/ilcrogiuolo.it\/it\/wp-json\/wp\/v2\/media\/51171"}],"wp:attachment":[{"href":"https:\/\/ilcrogiuolo.it\/it\/wp-json\/wp\/v2\/media?parent=980"}],"wp:term":[{"taxonomy":"product_brand","embeddable":true,"href":"https:\/\/ilcrogiuolo.it\/it\/wp-json\/wp\/v2\/product_brand?post=980"},{"taxonomy":"product_cat","embeddable":true,"href":"https:\/\/ilcrogiuolo.it\/it\/wp-json\/wp\/v2\/product_cat?post=980"},{"taxonomy":"product_tag","embeddable":true,"href":"https:\/\/ilcrogiuolo.it\/it\/wp-json\/wp\/v2\/product_tag?post=980"}],"curies":[{"name":"wp","href":"https:\/\/api.w.org\/{rel}","templated":true}]}}