{"id":9714,"date":"2020-01-14T17:19:52","date_gmt":"2020-01-14T16:19:52","guid":{"rendered":"https:\/\/ilcrogiuolo.it\/p\/piastra-talismanica-sterminatore-cm-8-x-8\/"},"modified":"2022-03-22T16:49:44","modified_gmt":"2022-03-22T15:49:44","slug":"piastra-talismanica-sterminatore-cm-8-x-8","status":"publish","type":"product","link":"https:\/\/ilcrogiuolo.it\/it\/p\/piastra-talismanica-sterminatore-cm-8-x-8\/","title":{"rendered":"PIASTRA TALISMANICA STERMINATORE &#8211; CM 8 X 8"},"content":{"rendered":"<p><span style=\"language: IT; mso-ansi-language: IT;\"><span style=\"language: IT; mso-ansi-language: IT;\"><span style=\"language: IT; mso-ansi-language: IT;\"><span style=\"language: IT; mso-ansi-language: IT;\">Il Talismano Sterminatore, come viene chiamato negli antichi grimori, \u00e8 uno dei sigilli pi\u00f9 autorevoli della tradizione esoterica occidentale. Viene citato da San Cipriano, il Mago, in una delle edizioni del suo famoso Libro e considerato dallo stesso come strumento principe contro il male, i nemici ed i demoni. Questo sigillo, inciso su piastra dorata 8&#215;8 cm, riporta caratteri segreti e l&#8217;immagine di uno scorpione, a sottolineare la sua valenza non solo difensiva, ma anche attiva. Il sigillo riporta anche la Croce di Caravaca stilizzata, altra simbologia impiegata da secoli per sconfiggere il maligno. Si utilizza nelle ritualistiche di San Cipriano o messo in un luogo come protezione, ma \u00e8 altres\u00ec utile a tutti coloro che si dedicano alle arti magiche per evitare colpi di ritorno e per poter operare con le entit\u00e0 senza a temere.<!--?xml:namespace prefix = o \/--><\/span><\/span><\/span><\/span><\/p>\n<p class=\"MsoNormal\" style=\"mso-pagination: none;\"><span style=\"language: IT;\">\u00a0<\/span><\/p>\n","protected":false},"excerpt":{"rendered":"<p>Il Talismano Sterminatore, come viene chiamato negli antichi grimori, \u00e8 uno dei sigilli pi\u00f9 autorevoli della tradizione esoterica occidentale. Viene&#8230;<\/p>\n","protected":false},"featured_media":32737,"template":"","meta":{"_acf_changed":false},"product_brand":[],"product_cat":[1132,1066,1373],"product_tag":[],"class_list":{"0":"post-9714","1":"product","2":"type-product","3":"status-publish","4":"has-post-thumbnail","6":"product_cat-talismani-cabalistici-angelici-egizi","7":"product_cat-talismani-amuleti","8":"product_cat-talismani-sigilli-degli-arcangeli-piastre","10":"first","11":"instock","12":"taxable","13":"shipping-taxable","14":"purchasable","15":"product-type-variable","16":"add-to-wishlist-before_image"},"acf":[],"yoast_head":"<!-- This site is optimized with the Yoast SEO plugin v26.9 - https:\/\/yoast.com\/product\/yoast-seo-wordpress\/ -->\n<title>PIASTRA TALISMANICA STERMINATORE - CM 8 X 8 - Il Crogiuolo<\/title>\n<meta name=\"description\" content=\"PIASTRA TALISMANICA STERMINATORE - CM 8 X 8 Il Talismano Sterminatore, come viene chiamato negli antichi grimori, \u00e8 uno dei sigilli pi\u00f9 autorevoli della tradizione esoterica occidentale. Viene\" \/>\n<meta name=\"robots\" content=\"index, follow, max-snippet:-1, max-image-preview:large, max-video-preview:-1\" \/>\n<link rel=\"canonical\" href=\"https:\/\/ilcrogiuolo.it\/it\/p\/piastra-talismanica-sterminatore-cm-8-x-8\/\" \/>\n<meta property=\"og:locale\" content=\"it_IT\" \/>\n<meta property=\"og:type\" content=\"article\" \/>\n<meta property=\"og:title\" content=\"PIASTRA TALISMANICA STERMINATORE - CM 8 X 8 - Il Crogiuolo\" \/>\n<meta property=\"og:description\" content=\"PIASTRA TALISMANICA STERMINATORE - CM 8 X 8 Il Talismano Sterminatore, come viene chiamato negli antichi grimori, \u00e8 uno dei sigilli pi\u00f9 autorevoli della tradizione esoterica occidentale. Viene\" \/>\n<meta property=\"og:url\" content=\"https:\/\/ilcrogiuolo.it\/it\/p\/piastra-talismanica-sterminatore-cm-8-x-8\/\" \/>\n<meta property=\"og:site_name\" content=\"Il Crogiuolo\" \/>\n<meta property=\"article:publisher\" content=\"https:\/\/www.facebook.com\/Il-Crogiuolo-681876418491758\" \/>\n<meta property=\"article:modified_time\" content=\"2022-03-22T15:49:44+00:00\" \/>\n<meta property=\"og:image\" content=\"https:\/\/ilcrogiuolo.it\/wp-content\/uploads\/2021\/12\/ottone_ssterminatore.jpg\" \/>\n\t<meta property=\"og:image:width\" content=\"2041\" \/>\n\t<meta property=\"og:image:height\" content=\"2048\" \/>\n\t<meta property=\"og:image:type\" content=\"image\/jpeg\" \/>\n<meta name=\"twitter:card\" content=\"summary_large_image\" \/>\n<meta name=\"twitter:label1\" content=\"Tempo di lettura stimato\" \/>\n\t<meta name=\"twitter:data1\" content=\"1 minuto\" \/>\n<script type=\"application\/ld+json\" class=\"yoast-schema-graph\">{\"@context\":\"https:\/\/schema.org\",\"@graph\":[{\"@type\":\"WebPage\",\"@id\":\"https:\/\/ilcrogiuolo.it\/it\/p\/piastra-talismanica-sterminatore-cm-8-x-8\/\",\"url\":\"https:\/\/ilcrogiuolo.it\/it\/p\/piastra-talismanica-sterminatore-cm-8-x-8\/\",\"name\":\"PIASTRA TALISMANICA STERMINATORE - CM 8 X 8 - Il Crogiuolo\",\"isPartOf\":{\"@id\":\"https:\/\/ilcrogiuolo.it\/it\/#website\"},\"primaryImageOfPage\":{\"@id\":\"https:\/\/ilcrogiuolo.it\/it\/p\/piastra-talismanica-sterminatore-cm-8-x-8\/#primaryimage\"},\"image\":{\"@id\":\"https:\/\/ilcrogiuolo.it\/it\/p\/piastra-talismanica-sterminatore-cm-8-x-8\/#primaryimage\"},\"thumbnailUrl\":\"https:\/\/ilcrogiuolo.it\/wp-content\/uploads\/2021\/12\/ottone_ssterminatore.jpg\",\"datePublished\":\"2020-01-14T16:19:52+00:00\",\"dateModified\":\"2022-03-22T15:49:44+00:00\",\"description\":\"PIASTRA TALISMANICA STERMINATORE - CM 8 X 8 Il Talismano Sterminatore, come viene chiamato negli antichi grimori, \u00e8 uno dei sigilli pi\u00f9 autorevoli della tradizione esoterica occidentale. Viene\",\"breadcrumb\":{\"@id\":\"https:\/\/ilcrogiuolo.it\/it\/p\/piastra-talismanica-sterminatore-cm-8-x-8\/#breadcrumb\"},\"inLanguage\":\"it-IT\",\"potentialAction\":[{\"@type\":\"ReadAction\",\"target\":[\"https:\/\/ilcrogiuolo.it\/it\/p\/piastra-talismanica-sterminatore-cm-8-x-8\/\"]}]},{\"@type\":\"ImageObject\",\"inLanguage\":\"it-IT\",\"@id\":\"https:\/\/ilcrogiuolo.it\/it\/p\/piastra-talismanica-sterminatore-cm-8-x-8\/#primaryimage\",\"url\":\"https:\/\/ilcrogiuolo.it\/wp-content\/uploads\/2021\/12\/ottone_ssterminatore.jpg\",\"contentUrl\":\"https:\/\/ilcrogiuolo.it\/wp-content\/uploads\/2021\/12\/ottone_ssterminatore.jpg\",\"width\":2041,\"height\":2048},{\"@type\":\"BreadcrumbList\",\"@id\":\"https:\/\/ilcrogiuolo.it\/it\/p\/piastra-talismanica-sterminatore-cm-8-x-8\/#breadcrumb\",\"itemListElement\":[{\"@type\":\"ListItem\",\"position\":1,\"name\":\"Home\",\"item\":\"https:\/\/ilcrogiuolo.it\/it\/\"},{\"@type\":\"ListItem\",\"position\":2,\"name\":\"Shop\",\"item\":\"https:\/\/ilcrogiuolo.it\/it\/negozio\/\"},{\"@type\":\"ListItem\",\"position\":3,\"name\":\"PIASTRA TALISMANICA STERMINATORE &#8211; CM 8 X 8\"}]},{\"@type\":\"WebSite\",\"@id\":\"https:\/\/ilcrogiuolo.it\/it\/#website\",\"url\":\"https:\/\/ilcrogiuolo.it\/it\/\",\"name\":\"Il Crogiuolo\",\"description\":\"\",\"publisher\":{\"@id\":\"https:\/\/ilcrogiuolo.it\/it\/#organization\"},\"potentialAction\":[{\"@type\":\"SearchAction\",\"target\":{\"@type\":\"EntryPoint\",\"urlTemplate\":\"https:\/\/ilcrogiuolo.it\/it\/?s={search_term_string}\"},\"query-input\":{\"@type\":\"PropertyValueSpecification\",\"valueRequired\":true,\"valueName\":\"search_term_string\"}}],\"inLanguage\":\"it-IT\"},{\"@type\":\"Organization\",\"@id\":\"https:\/\/ilcrogiuolo.it\/it\/#organization\",\"name\":\"Il Crogiuolo\",\"url\":\"https:\/\/ilcrogiuolo.it\/it\/\",\"logo\":{\"@type\":\"ImageObject\",\"inLanguage\":\"it-IT\",\"@id\":\"https:\/\/ilcrogiuolo.it\/it\/#\/schema\/logo\/image\/\",\"url\":\"https:\/\/ilcrogiuolo.it\/wp-content\/uploads\/2020\/04\/logo.png\",\"contentUrl\":\"https:\/\/ilcrogiuolo.it\/wp-content\/uploads\/2020\/04\/logo.png\",\"width\":200,\"height\":49,\"caption\":\"Il Crogiuolo\"},\"image\":{\"@id\":\"https:\/\/ilcrogiuolo.it\/it\/#\/schema\/logo\/image\/\"},\"sameAs\":[\"https:\/\/www.facebook.com\/Il-Crogiuolo-681876418491758\"]}]}<\/script>\n<!-- \/ Yoast SEO plugin. -->","yoast_head_json":{"title":"PIASTRA TALISMANICA STERMINATORE - CM 8 X 8 - Il Crogiuolo","description":"PIASTRA TALISMANICA STERMINATORE - CM 8 X 8 Il Talismano Sterminatore, come viene chiamato negli antichi grimori, \u00e8 uno dei sigilli pi\u00f9 autorevoli della tradizione esoterica occidentale. Viene","robots":{"index":"index","follow":"follow","max-snippet":"max-snippet:-1","max-image-preview":"max-image-preview:large","max-video-preview":"max-video-preview:-1"},"canonical":"https:\/\/ilcrogiuolo.it\/it\/p\/piastra-talismanica-sterminatore-cm-8-x-8\/","og_locale":"it_IT","og_type":"article","og_title":"PIASTRA TALISMANICA STERMINATORE - CM 8 X 8 - Il Crogiuolo","og_description":"PIASTRA TALISMANICA STERMINATORE - CM 8 X 8 Il Talismano Sterminatore, come viene chiamato negli antichi grimori, \u00e8 uno dei sigilli pi\u00f9 autorevoli della tradizione esoterica occidentale. Viene","og_url":"https:\/\/ilcrogiuolo.it\/it\/p\/piastra-talismanica-sterminatore-cm-8-x-8\/","og_site_name":"Il Crogiuolo","article_publisher":"https:\/\/www.facebook.com\/Il-Crogiuolo-681876418491758","article_modified_time":"2022-03-22T15:49:44+00:00","og_image":[{"width":2041,"height":2048,"url":"https:\/\/ilcrogiuolo.it\/wp-content\/uploads\/2021\/12\/ottone_ssterminatore.jpg","type":"image\/jpeg"}],"twitter_card":"summary_large_image","twitter_misc":{"Tempo di lettura stimato":"1 minuto"},"schema":{"@context":"https:\/\/schema.org","@graph":[{"@type":"WebPage","@id":"https:\/\/ilcrogiuolo.it\/it\/p\/piastra-talismanica-sterminatore-cm-8-x-8\/","url":"https:\/\/ilcrogiuolo.it\/it\/p\/piastra-talismanica-sterminatore-cm-8-x-8\/","name":"PIASTRA TALISMANICA STERMINATORE - CM 8 X 8 - Il Crogiuolo","isPartOf":{"@id":"https:\/\/ilcrogiuolo.it\/it\/#website"},"primaryImageOfPage":{"@id":"https:\/\/ilcrogiuolo.it\/it\/p\/piastra-talismanica-sterminatore-cm-8-x-8\/#primaryimage"},"image":{"@id":"https:\/\/ilcrogiuolo.it\/it\/p\/piastra-talismanica-sterminatore-cm-8-x-8\/#primaryimage"},"thumbnailUrl":"https:\/\/ilcrogiuolo.it\/wp-content\/uploads\/2021\/12\/ottone_ssterminatore.jpg","datePublished":"2020-01-14T16:19:52+00:00","dateModified":"2022-03-22T15:49:44+00:00","description":"PIASTRA TALISMANICA STERMINATORE - CM 8 X 8 Il Talismano Sterminatore, come viene chiamato negli antichi grimori, \u00e8 uno dei sigilli pi\u00f9 autorevoli della tradizione esoterica occidentale. Viene","breadcrumb":{"@id":"https:\/\/ilcrogiuolo.it\/it\/p\/piastra-talismanica-sterminatore-cm-8-x-8\/#breadcrumb"},"inLanguage":"it-IT","potentialAction":[{"@type":"ReadAction","target":["https:\/\/ilcrogiuolo.it\/it\/p\/piastra-talismanica-sterminatore-cm-8-x-8\/"]}]},{"@type":"ImageObject","inLanguage":"it-IT","@id":"https:\/\/ilcrogiuolo.it\/it\/p\/piastra-talismanica-sterminatore-cm-8-x-8\/#primaryimage","url":"https:\/\/ilcrogiuolo.it\/wp-content\/uploads\/2021\/12\/ottone_ssterminatore.jpg","contentUrl":"https:\/\/ilcrogiuolo.it\/wp-content\/uploads\/2021\/12\/ottone_ssterminatore.jpg","width":2041,"height":2048},{"@type":"BreadcrumbList","@id":"https:\/\/ilcrogiuolo.it\/it\/p\/piastra-talismanica-sterminatore-cm-8-x-8\/#breadcrumb","itemListElement":[{"@type":"ListItem","position":1,"name":"Home","item":"https:\/\/ilcrogiuolo.it\/it\/"},{"@type":"ListItem","position":2,"name":"Shop","item":"https:\/\/ilcrogiuolo.it\/it\/negozio\/"},{"@type":"ListItem","position":3,"name":"PIASTRA TALISMANICA STERMINATORE &#8211; CM 8 X 8"}]},{"@type":"WebSite","@id":"https:\/\/ilcrogiuolo.it\/it\/#website","url":"https:\/\/ilcrogiuolo.it\/it\/","name":"Il Crogiuolo","description":"","publisher":{"@id":"https:\/\/ilcrogiuolo.it\/it\/#organization"},"potentialAction":[{"@type":"SearchAction","target":{"@type":"EntryPoint","urlTemplate":"https:\/\/ilcrogiuolo.it\/it\/?s={search_term_string}"},"query-input":{"@type":"PropertyValueSpecification","valueRequired":true,"valueName":"search_term_string"}}],"inLanguage":"it-IT"},{"@type":"Organization","@id":"https:\/\/ilcrogiuolo.it\/it\/#organization","name":"Il Crogiuolo","url":"https:\/\/ilcrogiuolo.it\/it\/","logo":{"@type":"ImageObject","inLanguage":"it-IT","@id":"https:\/\/ilcrogiuolo.it\/it\/#\/schema\/logo\/image\/","url":"https:\/\/ilcrogiuolo.it\/wp-content\/uploads\/2020\/04\/logo.png","contentUrl":"https:\/\/ilcrogiuolo.it\/wp-content\/uploads\/2020\/04\/logo.png","width":200,"height":49,"caption":"Il Crogiuolo"},"image":{"@id":"https:\/\/ilcrogiuolo.it\/it\/#\/schema\/logo\/image\/"},"sameAs":["https:\/\/www.facebook.com\/Il-Crogiuolo-681876418491758"]}]}},"_links":{"self":[{"href":"https:\/\/ilcrogiuolo.it\/it\/wp-json\/wp\/v2\/product\/9714","targetHints":{"allow":["GET"]}}],"collection":[{"href":"https:\/\/ilcrogiuolo.it\/it\/wp-json\/wp\/v2\/product"}],"about":[{"href":"https:\/\/ilcrogiuolo.it\/it\/wp-json\/wp\/v2\/types\/product"}],"wp:featuredmedia":[{"embeddable":true,"href":"https:\/\/ilcrogiuolo.it\/it\/wp-json\/wp\/v2\/media\/32737"}],"wp:attachment":[{"href":"https:\/\/ilcrogiuolo.it\/it\/wp-json\/wp\/v2\/media?parent=9714"}],"wp:term":[{"taxonomy":"product_brand","embeddable":true,"href":"https:\/\/ilcrogiuolo.it\/it\/wp-json\/wp\/v2\/product_brand?post=9714"},{"taxonomy":"product_cat","embeddable":true,"href":"https:\/\/ilcrogiuolo.it\/it\/wp-json\/wp\/v2\/product_cat?post=9714"},{"taxonomy":"product_tag","embeddable":true,"href":"https:\/\/ilcrogiuolo.it\/it\/wp-json\/wp\/v2\/product_tag?post=9714"}],"curies":[{"name":"wp","href":"https:\/\/api.w.org\/{rel}","templated":true}]}}