{"id":9711,"date":"2020-01-14T17:19:52","date_gmt":"2020-01-14T16:19:52","guid":{"rendered":"https:\/\/ilcrogiuolo.it\/p\/il-libro-degli-angeli\/"},"modified":"2020-02-24T11:18:19","modified_gmt":"2020-02-24T10:18:19","slug":"il-libro-degli-angeli","status":"publish","type":"product","link":"https:\/\/ilcrogiuolo.it\/it\/p\/il-libro-degli-angeli\/","title":{"rendered":"IL LIBRO DEGLI ANGELI"},"content":{"rendered":"<p>CONOSCI TE STESSO E CONOSCERAI L\u2019UNIVERSO<\/p>\n<p>\u201cSe i tuoi sogni diventano cos\u00ec reali come il giorno,<br \/>\nse il tuo spirito \u00e8 alla ricerca di trovare un significato alla vita,<br \/>\nagli amori, al lavoro,<br \/>\nse vedi al di l\u00e0 delle immagini e intendi oltre i suoni,<br \/>\nse ti senti sensibile a fior di pelle e i tuoi stati d\u2019animo sono<br \/>\ndiventati incontrollabili\u2026<br \/>\nSe il tuo corpo sente male e tu non sai perch\u00e9,<br \/>\nse ti domandi: Perch\u00e9 vivere se devo morire?<br \/>\nSe di fronte alle ingiustizie sociali e alle miserie di questo mondo,<br \/>\nti domandi se Dio esiste, allora stai vivendo un\u2019iniziazione,<br \/>\nsei pronto a ricevere la Conoscenza.\u201d<\/p>\n<p>Molte persone pensano che un Angelo sia un essere con le ali. Veramente \u00e8 ben pi\u00f9 di questo\u2026 L\u2019immagine di una creatura alata \u00e8 un\u2019antica metafora per rappresentare l\u2019essere umano che sviluppa la sua coscienza e ottiene l\u2019accesso ai suoi sogni, ai suoi poteri e alle sue capacit\u00e0 di viaggiare nelle multidimensioni fisiche e metafisiche, grazie alla comprensione che la vita non \u00e8 solamente una manifestazione materiale, ma un\u2019esperienza spirituale.<br \/>\nQuesto bestseller internazionale, tradotto in molte lingue e letto in ogni continente, \u00e8 diventato un libro di riferimento sugli Angeli. Esso spiega che noi esistiamo per imparare a sviluppare e a incarnare le Qualit\u00e0 e le Virt\u00f9 Divine, e che siamo costantemente alla ricerca di un miglioramento, perch\u00e9 aspiriamo a raggiungere i pi\u00f9 alti livelli di evoluzione.<\/p>\n","protected":false},"excerpt":{"rendered":"<p>CONOSCI TE STESSO E CONOSCERAI L\u2019UNIVERSO \u201cSe i tuoi sogni diventano cos\u00ec reali come il giorno, se il tuo spirito&#8230;<\/p>\n","protected":false},"featured_media":9712,"template":"","meta":{"_acf_changed":false},"product_brand":[],"product_cat":[1077,1536,1060],"product_tag":[],"class_list":{"0":"post-9711","1":"product","2":"type-product","3":"status-publish","4":"has-post-thumbnail","6":"product_cat-libreria-esoterica-libreria-esoterica","7":"product_cat-altre-edizioni","8":"product_cat-libreria-esoterica","10":"first","11":"outofstock","12":"taxable","13":"shipping-taxable","14":"purchasable","15":"product-type-simple","16":"add-to-wishlist-before_image"},"acf":[],"yoast_head":"<!-- This site is optimized with the Yoast SEO plugin v26.9 - https:\/\/yoast.com\/product\/yoast-seo-wordpress\/ -->\n<title>IL LIBRO DEGLI ANGELI - Il Crogiuolo<\/title>\n<meta name=\"description\" content=\"IL LIBRO DEGLI ANGELI CONOSCI TE STESSO E CONOSCERAI L\u2019UNIVERSO \u201cSe i tuoi sogni diventano cos\u00ec reali come il giorno, se il tuo spirito \u00e8 alla ricerca di trovare un significato\" \/>\n<meta name=\"robots\" content=\"index, follow, max-snippet:-1, max-image-preview:large, max-video-preview:-1\" \/>\n<link rel=\"canonical\" href=\"https:\/\/ilcrogiuolo.it\/it\/p\/il-libro-degli-angeli\/\" \/>\n<meta property=\"og:locale\" content=\"it_IT\" \/>\n<meta property=\"og:type\" content=\"article\" \/>\n<meta property=\"og:title\" content=\"IL LIBRO DEGLI ANGELI - Il Crogiuolo\" \/>\n<meta property=\"og:description\" content=\"IL LIBRO DEGLI ANGELI CONOSCI TE STESSO E CONOSCERAI L\u2019UNIVERSO \u201cSe i tuoi sogni diventano cos\u00ec reali come il giorno, se il tuo spirito \u00e8 alla ricerca di trovare un significato\" \/>\n<meta property=\"og:url\" content=\"https:\/\/ilcrogiuolo.it\/it\/p\/il-libro-degli-angeli\/\" \/>\n<meta property=\"og:site_name\" content=\"Il Crogiuolo\" \/>\n<meta property=\"article:publisher\" content=\"https:\/\/www.facebook.com\/Il-Crogiuolo-681876418491758\" \/>\n<meta property=\"article:modified_time\" content=\"2020-02-24T10:18:19+00:00\" \/>\n<meta property=\"og:image\" content=\"https:\/\/ilcrogiuolo.it\/wp-content\/uploads\/2020\/01\/librodegliangeli_1545603.jpg\" \/>\n\t<meta property=\"og:image:width\" content=\"627\" \/>\n\t<meta property=\"og:image:height\" content=\"600\" \/>\n\t<meta property=\"og:image:type\" content=\"image\/jpeg\" \/>\n<meta name=\"twitter:card\" content=\"summary_large_image\" \/>\n<meta name=\"twitter:label1\" content=\"Tempo di lettura stimato\" \/>\n\t<meta name=\"twitter:data1\" content=\"1 minuto\" \/>\n<script type=\"application\/ld+json\" class=\"yoast-schema-graph\">{\"@context\":\"https:\/\/schema.org\",\"@graph\":[{\"@type\":\"WebPage\",\"@id\":\"https:\/\/ilcrogiuolo.it\/it\/p\/il-libro-degli-angeli\/\",\"url\":\"https:\/\/ilcrogiuolo.it\/it\/p\/il-libro-degli-angeli\/\",\"name\":\"IL LIBRO DEGLI ANGELI - Il Crogiuolo\",\"isPartOf\":{\"@id\":\"https:\/\/ilcrogiuolo.it\/it\/#website\"},\"primaryImageOfPage\":{\"@id\":\"https:\/\/ilcrogiuolo.it\/it\/p\/il-libro-degli-angeli\/#primaryimage\"},\"image\":{\"@id\":\"https:\/\/ilcrogiuolo.it\/it\/p\/il-libro-degli-angeli\/#primaryimage\"},\"thumbnailUrl\":\"https:\/\/ilcrogiuolo.it\/wp-content\/uploads\/2020\/01\/librodegliangeli_1545603.jpg\",\"datePublished\":\"2020-01-14T16:19:52+00:00\",\"dateModified\":\"2020-02-24T10:18:19+00:00\",\"description\":\"IL LIBRO DEGLI ANGELI CONOSCI TE STESSO E CONOSCERAI L\u2019UNIVERSO \u201cSe i tuoi sogni diventano cos\u00ec reali come il giorno, se il tuo spirito \u00e8 alla ricerca di trovare un significato\",\"breadcrumb\":{\"@id\":\"https:\/\/ilcrogiuolo.it\/it\/p\/il-libro-degli-angeli\/#breadcrumb\"},\"inLanguage\":\"it-IT\",\"potentialAction\":[{\"@type\":\"ReadAction\",\"target\":[\"https:\/\/ilcrogiuolo.it\/it\/p\/il-libro-degli-angeli\/\"]}]},{\"@type\":\"ImageObject\",\"inLanguage\":\"it-IT\",\"@id\":\"https:\/\/ilcrogiuolo.it\/it\/p\/il-libro-degli-angeli\/#primaryimage\",\"url\":\"https:\/\/ilcrogiuolo.it\/wp-content\/uploads\/2020\/01\/librodegliangeli_1545603.jpg\",\"contentUrl\":\"https:\/\/ilcrogiuolo.it\/wp-content\/uploads\/2020\/01\/librodegliangeli_1545603.jpg\",\"width\":627,\"height\":600},{\"@type\":\"BreadcrumbList\",\"@id\":\"https:\/\/ilcrogiuolo.it\/it\/p\/il-libro-degli-angeli\/#breadcrumb\",\"itemListElement\":[{\"@type\":\"ListItem\",\"position\":1,\"name\":\"Home\",\"item\":\"https:\/\/ilcrogiuolo.it\/it\/\"},{\"@type\":\"ListItem\",\"position\":2,\"name\":\"Shop\",\"item\":\"https:\/\/ilcrogiuolo.it\/it\/negozio\/\"},{\"@type\":\"ListItem\",\"position\":3,\"name\":\"IL LIBRO DEGLI ANGELI\"}]},{\"@type\":\"WebSite\",\"@id\":\"https:\/\/ilcrogiuolo.it\/it\/#website\",\"url\":\"https:\/\/ilcrogiuolo.it\/it\/\",\"name\":\"Il Crogiuolo\",\"description\":\"\",\"publisher\":{\"@id\":\"https:\/\/ilcrogiuolo.it\/it\/#organization\"},\"potentialAction\":[{\"@type\":\"SearchAction\",\"target\":{\"@type\":\"EntryPoint\",\"urlTemplate\":\"https:\/\/ilcrogiuolo.it\/it\/?s={search_term_string}\"},\"query-input\":{\"@type\":\"PropertyValueSpecification\",\"valueRequired\":true,\"valueName\":\"search_term_string\"}}],\"inLanguage\":\"it-IT\"},{\"@type\":\"Organization\",\"@id\":\"https:\/\/ilcrogiuolo.it\/it\/#organization\",\"name\":\"Il Crogiuolo\",\"url\":\"https:\/\/ilcrogiuolo.it\/it\/\",\"logo\":{\"@type\":\"ImageObject\",\"inLanguage\":\"it-IT\",\"@id\":\"https:\/\/ilcrogiuolo.it\/it\/#\/schema\/logo\/image\/\",\"url\":\"https:\/\/ilcrogiuolo.it\/wp-content\/uploads\/2020\/04\/logo.png\",\"contentUrl\":\"https:\/\/ilcrogiuolo.it\/wp-content\/uploads\/2020\/04\/logo.png\",\"width\":200,\"height\":49,\"caption\":\"Il Crogiuolo\"},\"image\":{\"@id\":\"https:\/\/ilcrogiuolo.it\/it\/#\/schema\/logo\/image\/\"},\"sameAs\":[\"https:\/\/www.facebook.com\/Il-Crogiuolo-681876418491758\"]}]}<\/script>\n<!-- \/ Yoast SEO plugin. -->","yoast_head_json":{"title":"IL LIBRO DEGLI ANGELI - Il Crogiuolo","description":"IL LIBRO DEGLI ANGELI CONOSCI TE STESSO E CONOSCERAI L\u2019UNIVERSO \u201cSe i tuoi sogni diventano cos\u00ec reali come il giorno, se il tuo spirito \u00e8 alla ricerca di trovare un significato","robots":{"index":"index","follow":"follow","max-snippet":"max-snippet:-1","max-image-preview":"max-image-preview:large","max-video-preview":"max-video-preview:-1"},"canonical":"https:\/\/ilcrogiuolo.it\/it\/p\/il-libro-degli-angeli\/","og_locale":"it_IT","og_type":"article","og_title":"IL LIBRO DEGLI ANGELI - Il Crogiuolo","og_description":"IL LIBRO DEGLI ANGELI CONOSCI TE STESSO E CONOSCERAI L\u2019UNIVERSO \u201cSe i tuoi sogni diventano cos\u00ec reali come il giorno, se il tuo spirito \u00e8 alla ricerca di trovare un significato","og_url":"https:\/\/ilcrogiuolo.it\/it\/p\/il-libro-degli-angeli\/","og_site_name":"Il Crogiuolo","article_publisher":"https:\/\/www.facebook.com\/Il-Crogiuolo-681876418491758","article_modified_time":"2020-02-24T10:18:19+00:00","og_image":[{"width":627,"height":600,"url":"https:\/\/ilcrogiuolo.it\/wp-content\/uploads\/2020\/01\/librodegliangeli_1545603.jpg","type":"image\/jpeg"}],"twitter_card":"summary_large_image","twitter_misc":{"Tempo di lettura stimato":"1 minuto"},"schema":{"@context":"https:\/\/schema.org","@graph":[{"@type":"WebPage","@id":"https:\/\/ilcrogiuolo.it\/it\/p\/il-libro-degli-angeli\/","url":"https:\/\/ilcrogiuolo.it\/it\/p\/il-libro-degli-angeli\/","name":"IL LIBRO DEGLI ANGELI - Il Crogiuolo","isPartOf":{"@id":"https:\/\/ilcrogiuolo.it\/it\/#website"},"primaryImageOfPage":{"@id":"https:\/\/ilcrogiuolo.it\/it\/p\/il-libro-degli-angeli\/#primaryimage"},"image":{"@id":"https:\/\/ilcrogiuolo.it\/it\/p\/il-libro-degli-angeli\/#primaryimage"},"thumbnailUrl":"https:\/\/ilcrogiuolo.it\/wp-content\/uploads\/2020\/01\/librodegliangeli_1545603.jpg","datePublished":"2020-01-14T16:19:52+00:00","dateModified":"2020-02-24T10:18:19+00:00","description":"IL LIBRO DEGLI ANGELI CONOSCI TE STESSO E CONOSCERAI L\u2019UNIVERSO \u201cSe i tuoi sogni diventano cos\u00ec reali come il giorno, se il tuo spirito \u00e8 alla ricerca di trovare un significato","breadcrumb":{"@id":"https:\/\/ilcrogiuolo.it\/it\/p\/il-libro-degli-angeli\/#breadcrumb"},"inLanguage":"it-IT","potentialAction":[{"@type":"ReadAction","target":["https:\/\/ilcrogiuolo.it\/it\/p\/il-libro-degli-angeli\/"]}]},{"@type":"ImageObject","inLanguage":"it-IT","@id":"https:\/\/ilcrogiuolo.it\/it\/p\/il-libro-degli-angeli\/#primaryimage","url":"https:\/\/ilcrogiuolo.it\/wp-content\/uploads\/2020\/01\/librodegliangeli_1545603.jpg","contentUrl":"https:\/\/ilcrogiuolo.it\/wp-content\/uploads\/2020\/01\/librodegliangeli_1545603.jpg","width":627,"height":600},{"@type":"BreadcrumbList","@id":"https:\/\/ilcrogiuolo.it\/it\/p\/il-libro-degli-angeli\/#breadcrumb","itemListElement":[{"@type":"ListItem","position":1,"name":"Home","item":"https:\/\/ilcrogiuolo.it\/it\/"},{"@type":"ListItem","position":2,"name":"Shop","item":"https:\/\/ilcrogiuolo.it\/it\/negozio\/"},{"@type":"ListItem","position":3,"name":"IL LIBRO DEGLI ANGELI"}]},{"@type":"WebSite","@id":"https:\/\/ilcrogiuolo.it\/it\/#website","url":"https:\/\/ilcrogiuolo.it\/it\/","name":"Il Crogiuolo","description":"","publisher":{"@id":"https:\/\/ilcrogiuolo.it\/it\/#organization"},"potentialAction":[{"@type":"SearchAction","target":{"@type":"EntryPoint","urlTemplate":"https:\/\/ilcrogiuolo.it\/it\/?s={search_term_string}"},"query-input":{"@type":"PropertyValueSpecification","valueRequired":true,"valueName":"search_term_string"}}],"inLanguage":"it-IT"},{"@type":"Organization","@id":"https:\/\/ilcrogiuolo.it\/it\/#organization","name":"Il Crogiuolo","url":"https:\/\/ilcrogiuolo.it\/it\/","logo":{"@type":"ImageObject","inLanguage":"it-IT","@id":"https:\/\/ilcrogiuolo.it\/it\/#\/schema\/logo\/image\/","url":"https:\/\/ilcrogiuolo.it\/wp-content\/uploads\/2020\/04\/logo.png","contentUrl":"https:\/\/ilcrogiuolo.it\/wp-content\/uploads\/2020\/04\/logo.png","width":200,"height":49,"caption":"Il Crogiuolo"},"image":{"@id":"https:\/\/ilcrogiuolo.it\/it\/#\/schema\/logo\/image\/"},"sameAs":["https:\/\/www.facebook.com\/Il-Crogiuolo-681876418491758"]}]}},"_links":{"self":[{"href":"https:\/\/ilcrogiuolo.it\/it\/wp-json\/wp\/v2\/product\/9711","targetHints":{"allow":["GET"]}}],"collection":[{"href":"https:\/\/ilcrogiuolo.it\/it\/wp-json\/wp\/v2\/product"}],"about":[{"href":"https:\/\/ilcrogiuolo.it\/it\/wp-json\/wp\/v2\/types\/product"}],"wp:featuredmedia":[{"embeddable":true,"href":"https:\/\/ilcrogiuolo.it\/it\/wp-json\/wp\/v2\/media\/9712"}],"wp:attachment":[{"href":"https:\/\/ilcrogiuolo.it\/it\/wp-json\/wp\/v2\/media?parent=9711"}],"wp:term":[{"taxonomy":"product_brand","embeddable":true,"href":"https:\/\/ilcrogiuolo.it\/it\/wp-json\/wp\/v2\/product_brand?post=9711"},{"taxonomy":"product_cat","embeddable":true,"href":"https:\/\/ilcrogiuolo.it\/it\/wp-json\/wp\/v2\/product_cat?post=9711"},{"taxonomy":"product_tag","embeddable":true,"href":"https:\/\/ilcrogiuolo.it\/it\/wp-json\/wp\/v2\/product_tag?post=9711"}],"curies":[{"name":"wp","href":"https:\/\/api.w.org\/{rel}","templated":true}]}}