{"id":9699,"date":"2020-01-14T17:19:52","date_gmt":"2020-01-14T16:19:52","guid":{"rendered":"https:\/\/ilcrogiuolo.it\/p\/la-magia-dellhoodoo-stella-noctis\/"},"modified":"2023-05-08T17:09:11","modified_gmt":"2023-05-08T15:09:11","slug":"la-magia-dellhoodoo-stella-noctis","status":"publish","type":"product","link":"https:\/\/ilcrogiuolo.it\/it\/p\/la-magia-dellhoodoo-stella-noctis\/","title":{"rendered":"LA MAGIA DELL&#8217;HOODOO &#8211; Stella Noctis"},"content":{"rendered":"<p>L\u2019Hoodoo \u00e8 una forma di magia pratica sincretica, nata originariamente in Africa ma diffusasi prevalentemente in America verso la fine del 1600.<br \/>\nL\u2019Hoodoo \u00e8 una pratica individuale finalizzata a ottenere benefici materiali attraverso la magia.<br \/>\nQuesta tradizione magica lavora molto attraverso la magia simpatica, l\u2019uso di erbe, pietre, polveri, pozioni, bamboline di stoffa, oggetti vari ed insoliti, mischiando tra loro pratiche Voodoo e di altri culti africani con antiche credenze derivanti dal Vecchio Testamento.<br \/>\nIl Vodoo \u00e8 una religione. L&#8217;Hoodoo \u00e8 la Magia, l&#8217;ombra che si allunga ai piedi del Voodoo. L&#8217;Hoodoo \u00e8 un insieme di pratiche magiche che pu\u00f2 attingere da numerosi culti, tra i quali, ovviamente, anche il Voodoo.<br \/>\nNel XIX secolo Marie Laveau fu considerata la Regina dell\u2019Hoodoo di New Orleans, molti dei riti e dei composti che trovi descritti in questo libro provengono dal suo formulario di pratiche magiche, e sono stati riadattati ove necessario.<br \/>\nTra i contenuti presenti in questo libro ci sono oltre 25 incantesimi e pi\u00f9 di 30 preparazioni da realizzare tra oli, incensi, pozioni, polveri, sigilli da tracciare e talismani da preparare.<br \/>\nTrovi descritti dei riti di protezione, per allontanare persone sgradite o pericolose, per togliere la negativit\u00e0, per scoprire se si \u00e8 stati fatturati, per vincere cause giudiziarie, per trionfare sui nemici, per favorire la prosperit\u00e0 e il denaro, per il successo di negozi e attivit\u00e0 commerciali, per riavvicinare il partner e allontanare rivali in amore, per l\u2019attrazione, e molto altro&#8230;<br \/>\n&#8220;La Magia mi \u00e8 penetrata fin dentro le ossa, circola insieme al mio sangue. Cercatela, trovatela anche voi, come ho fatto io. Queste pagine sono intrise di essa. La vita stessa, \u00e8 intrisa di essa. Voi ne siete permeati. Riscoprite la vostra magia!&#8221;<br \/>\nL&#8217;autrice, Stella Noctis<\/p>\n","protected":false},"excerpt":{"rendered":"<p>L\u2019Hoodoo \u00e8 una forma di magia pratica sincretica, nata originariamente in Africa ma diffusasi prevalentemente in America verso la fine&#8230;<\/p>\n","protected":false},"featured_media":9700,"template":"","meta":{"_acf_changed":false},"product_brand":[],"product_cat":[1077,1060,1413],"product_tag":[],"class_list":{"0":"post-9699","1":"product","2":"type-product","3":"status-publish","4":"has-post-thumbnail","6":"product_cat-libreria-esoterica-libreria-esoterica","7":"product_cat-libreria-esoterica","8":"product_cat-stregoneria-aradia-edizioni","10":"first","11":"instock","12":"taxable","13":"shipping-taxable","14":"purchasable","15":"product-type-simple","16":"add-to-wishlist-before_image"},"acf":[],"yoast_head":"<!-- This site is optimized with the Yoast SEO plugin v26.9 - https:\/\/yoast.com\/product\/yoast-seo-wordpress\/ -->\n<title>LA MAGIA DELL&#039;HOODOO - Stella Noctis - Il Crogiuolo<\/title>\n<meta name=\"description\" content=\"LA MAGIA DELL&#039;HOODOO - Stella Noctis L\u2019Hoodoo \u00e8 una forma di magia pratica sincretica, nata originariamente in Africa ma diffusasi prevalentemente in America verso la fine del 1600. L\u2019Hoodoo\" \/>\n<meta name=\"robots\" content=\"index, follow, max-snippet:-1, max-image-preview:large, max-video-preview:-1\" \/>\n<link rel=\"canonical\" href=\"https:\/\/ilcrogiuolo.it\/it\/p\/la-magia-dellhoodoo-stella-noctis\/\" \/>\n<meta property=\"og:locale\" content=\"it_IT\" \/>\n<meta property=\"og:type\" content=\"article\" \/>\n<meta property=\"og:title\" content=\"LA MAGIA DELL&#039;HOODOO - Stella Noctis - Il Crogiuolo\" \/>\n<meta property=\"og:description\" content=\"LA MAGIA DELL&#039;HOODOO - Stella Noctis L\u2019Hoodoo \u00e8 una forma di magia pratica sincretica, nata originariamente in Africa ma diffusasi prevalentemente in America verso la fine del 1600. L\u2019Hoodoo\" \/>\n<meta property=\"og:url\" content=\"https:\/\/ilcrogiuolo.it\/it\/p\/la-magia-dellhoodoo-stella-noctis\/\" \/>\n<meta property=\"og:site_name\" content=\"Il Crogiuolo\" \/>\n<meta property=\"article:publisher\" content=\"https:\/\/www.facebook.com\/Il-Crogiuolo-681876418491758\" \/>\n<meta property=\"article:modified_time\" content=\"2023-05-08T15:09:11+00:00\" \/>\n<meta property=\"og:image\" content=\"https:\/\/ilcrogiuolo.it\/wp-content\/uploads\/2020\/01\/hoodoomagiaformule_9203414.jpg\" \/>\n\t<meta property=\"og:image:width\" content=\"627\" \/>\n\t<meta property=\"og:image:height\" content=\"600\" \/>\n\t<meta property=\"og:image:type\" content=\"image\/jpeg\" \/>\n<meta name=\"twitter:card\" content=\"summary_large_image\" \/>\n<meta name=\"twitter:label1\" content=\"Tempo di lettura stimato\" \/>\n\t<meta name=\"twitter:data1\" content=\"2 minuti\" \/>\n<script type=\"application\/ld+json\" class=\"yoast-schema-graph\">{\"@context\":\"https:\/\/schema.org\",\"@graph\":[{\"@type\":\"WebPage\",\"@id\":\"https:\/\/ilcrogiuolo.it\/it\/p\/la-magia-dellhoodoo-stella-noctis\/\",\"url\":\"https:\/\/ilcrogiuolo.it\/it\/p\/la-magia-dellhoodoo-stella-noctis\/\",\"name\":\"LA MAGIA DELL'HOODOO - Stella Noctis - Il Crogiuolo\",\"isPartOf\":{\"@id\":\"https:\/\/ilcrogiuolo.it\/it\/#website\"},\"primaryImageOfPage\":{\"@id\":\"https:\/\/ilcrogiuolo.it\/it\/p\/la-magia-dellhoodoo-stella-noctis\/#primaryimage\"},\"image\":{\"@id\":\"https:\/\/ilcrogiuolo.it\/it\/p\/la-magia-dellhoodoo-stella-noctis\/#primaryimage\"},\"thumbnailUrl\":\"https:\/\/ilcrogiuolo.it\/wp-content\/uploads\/2020\/01\/hoodoomagiaformule_9203414.jpg\",\"datePublished\":\"2020-01-14T16:19:52+00:00\",\"dateModified\":\"2023-05-08T15:09:11+00:00\",\"description\":\"LA MAGIA DELL'HOODOO - Stella Noctis L\u2019Hoodoo \u00e8 una forma di magia pratica sincretica, nata originariamente in Africa ma diffusasi prevalentemente in America verso la fine del 1600. L\u2019Hoodoo\",\"breadcrumb\":{\"@id\":\"https:\/\/ilcrogiuolo.it\/it\/p\/la-magia-dellhoodoo-stella-noctis\/#breadcrumb\"},\"inLanguage\":\"it-IT\",\"potentialAction\":[{\"@type\":\"ReadAction\",\"target\":[\"https:\/\/ilcrogiuolo.it\/it\/p\/la-magia-dellhoodoo-stella-noctis\/\"]}]},{\"@type\":\"ImageObject\",\"inLanguage\":\"it-IT\",\"@id\":\"https:\/\/ilcrogiuolo.it\/it\/p\/la-magia-dellhoodoo-stella-noctis\/#primaryimage\",\"url\":\"https:\/\/ilcrogiuolo.it\/wp-content\/uploads\/2020\/01\/hoodoomagiaformule_9203414.jpg\",\"contentUrl\":\"https:\/\/ilcrogiuolo.it\/wp-content\/uploads\/2020\/01\/hoodoomagiaformule_9203414.jpg\",\"width\":627,\"height\":600},{\"@type\":\"BreadcrumbList\",\"@id\":\"https:\/\/ilcrogiuolo.it\/it\/p\/la-magia-dellhoodoo-stella-noctis\/#breadcrumb\",\"itemListElement\":[{\"@type\":\"ListItem\",\"position\":1,\"name\":\"Home\",\"item\":\"https:\/\/ilcrogiuolo.it\/it\/\"},{\"@type\":\"ListItem\",\"position\":2,\"name\":\"Shop\",\"item\":\"https:\/\/ilcrogiuolo.it\/it\/negozio\/\"},{\"@type\":\"ListItem\",\"position\":3,\"name\":\"LA MAGIA DELL&#8217;HOODOO &#8211; Stella Noctis\"}]},{\"@type\":\"WebSite\",\"@id\":\"https:\/\/ilcrogiuolo.it\/it\/#website\",\"url\":\"https:\/\/ilcrogiuolo.it\/it\/\",\"name\":\"Il Crogiuolo\",\"description\":\"\",\"publisher\":{\"@id\":\"https:\/\/ilcrogiuolo.it\/it\/#organization\"},\"potentialAction\":[{\"@type\":\"SearchAction\",\"target\":{\"@type\":\"EntryPoint\",\"urlTemplate\":\"https:\/\/ilcrogiuolo.it\/it\/?s={search_term_string}\"},\"query-input\":{\"@type\":\"PropertyValueSpecification\",\"valueRequired\":true,\"valueName\":\"search_term_string\"}}],\"inLanguage\":\"it-IT\"},{\"@type\":\"Organization\",\"@id\":\"https:\/\/ilcrogiuolo.it\/it\/#organization\",\"name\":\"Il Crogiuolo\",\"url\":\"https:\/\/ilcrogiuolo.it\/it\/\",\"logo\":{\"@type\":\"ImageObject\",\"inLanguage\":\"it-IT\",\"@id\":\"https:\/\/ilcrogiuolo.it\/it\/#\/schema\/logo\/image\/\",\"url\":\"https:\/\/ilcrogiuolo.it\/wp-content\/uploads\/2020\/04\/logo.png\",\"contentUrl\":\"https:\/\/ilcrogiuolo.it\/wp-content\/uploads\/2020\/04\/logo.png\",\"width\":200,\"height\":49,\"caption\":\"Il Crogiuolo\"},\"image\":{\"@id\":\"https:\/\/ilcrogiuolo.it\/it\/#\/schema\/logo\/image\/\"},\"sameAs\":[\"https:\/\/www.facebook.com\/Il-Crogiuolo-681876418491758\"]}]}<\/script>\n<!-- \/ Yoast SEO plugin. -->","yoast_head_json":{"title":"LA MAGIA DELL'HOODOO - Stella Noctis - Il Crogiuolo","description":"LA MAGIA DELL'HOODOO - Stella Noctis L\u2019Hoodoo \u00e8 una forma di magia pratica sincretica, nata originariamente in Africa ma diffusasi prevalentemente in America verso la fine del 1600. L\u2019Hoodoo","robots":{"index":"index","follow":"follow","max-snippet":"max-snippet:-1","max-image-preview":"max-image-preview:large","max-video-preview":"max-video-preview:-1"},"canonical":"https:\/\/ilcrogiuolo.it\/it\/p\/la-magia-dellhoodoo-stella-noctis\/","og_locale":"it_IT","og_type":"article","og_title":"LA MAGIA DELL'HOODOO - Stella Noctis - Il Crogiuolo","og_description":"LA MAGIA DELL'HOODOO - Stella Noctis L\u2019Hoodoo \u00e8 una forma di magia pratica sincretica, nata originariamente in Africa ma diffusasi prevalentemente in America verso la fine del 1600. L\u2019Hoodoo","og_url":"https:\/\/ilcrogiuolo.it\/it\/p\/la-magia-dellhoodoo-stella-noctis\/","og_site_name":"Il Crogiuolo","article_publisher":"https:\/\/www.facebook.com\/Il-Crogiuolo-681876418491758","article_modified_time":"2023-05-08T15:09:11+00:00","og_image":[{"width":627,"height":600,"url":"https:\/\/ilcrogiuolo.it\/wp-content\/uploads\/2020\/01\/hoodoomagiaformule_9203414.jpg","type":"image\/jpeg"}],"twitter_card":"summary_large_image","twitter_misc":{"Tempo di lettura stimato":"2 minuti"},"schema":{"@context":"https:\/\/schema.org","@graph":[{"@type":"WebPage","@id":"https:\/\/ilcrogiuolo.it\/it\/p\/la-magia-dellhoodoo-stella-noctis\/","url":"https:\/\/ilcrogiuolo.it\/it\/p\/la-magia-dellhoodoo-stella-noctis\/","name":"LA MAGIA DELL'HOODOO - Stella Noctis - Il Crogiuolo","isPartOf":{"@id":"https:\/\/ilcrogiuolo.it\/it\/#website"},"primaryImageOfPage":{"@id":"https:\/\/ilcrogiuolo.it\/it\/p\/la-magia-dellhoodoo-stella-noctis\/#primaryimage"},"image":{"@id":"https:\/\/ilcrogiuolo.it\/it\/p\/la-magia-dellhoodoo-stella-noctis\/#primaryimage"},"thumbnailUrl":"https:\/\/ilcrogiuolo.it\/wp-content\/uploads\/2020\/01\/hoodoomagiaformule_9203414.jpg","datePublished":"2020-01-14T16:19:52+00:00","dateModified":"2023-05-08T15:09:11+00:00","description":"LA MAGIA DELL'HOODOO - Stella Noctis L\u2019Hoodoo \u00e8 una forma di magia pratica sincretica, nata originariamente in Africa ma diffusasi prevalentemente in America verso la fine del 1600. L\u2019Hoodoo","breadcrumb":{"@id":"https:\/\/ilcrogiuolo.it\/it\/p\/la-magia-dellhoodoo-stella-noctis\/#breadcrumb"},"inLanguage":"it-IT","potentialAction":[{"@type":"ReadAction","target":["https:\/\/ilcrogiuolo.it\/it\/p\/la-magia-dellhoodoo-stella-noctis\/"]}]},{"@type":"ImageObject","inLanguage":"it-IT","@id":"https:\/\/ilcrogiuolo.it\/it\/p\/la-magia-dellhoodoo-stella-noctis\/#primaryimage","url":"https:\/\/ilcrogiuolo.it\/wp-content\/uploads\/2020\/01\/hoodoomagiaformule_9203414.jpg","contentUrl":"https:\/\/ilcrogiuolo.it\/wp-content\/uploads\/2020\/01\/hoodoomagiaformule_9203414.jpg","width":627,"height":600},{"@type":"BreadcrumbList","@id":"https:\/\/ilcrogiuolo.it\/it\/p\/la-magia-dellhoodoo-stella-noctis\/#breadcrumb","itemListElement":[{"@type":"ListItem","position":1,"name":"Home","item":"https:\/\/ilcrogiuolo.it\/it\/"},{"@type":"ListItem","position":2,"name":"Shop","item":"https:\/\/ilcrogiuolo.it\/it\/negozio\/"},{"@type":"ListItem","position":3,"name":"LA MAGIA DELL&#8217;HOODOO &#8211; Stella Noctis"}]},{"@type":"WebSite","@id":"https:\/\/ilcrogiuolo.it\/it\/#website","url":"https:\/\/ilcrogiuolo.it\/it\/","name":"Il Crogiuolo","description":"","publisher":{"@id":"https:\/\/ilcrogiuolo.it\/it\/#organization"},"potentialAction":[{"@type":"SearchAction","target":{"@type":"EntryPoint","urlTemplate":"https:\/\/ilcrogiuolo.it\/it\/?s={search_term_string}"},"query-input":{"@type":"PropertyValueSpecification","valueRequired":true,"valueName":"search_term_string"}}],"inLanguage":"it-IT"},{"@type":"Organization","@id":"https:\/\/ilcrogiuolo.it\/it\/#organization","name":"Il Crogiuolo","url":"https:\/\/ilcrogiuolo.it\/it\/","logo":{"@type":"ImageObject","inLanguage":"it-IT","@id":"https:\/\/ilcrogiuolo.it\/it\/#\/schema\/logo\/image\/","url":"https:\/\/ilcrogiuolo.it\/wp-content\/uploads\/2020\/04\/logo.png","contentUrl":"https:\/\/ilcrogiuolo.it\/wp-content\/uploads\/2020\/04\/logo.png","width":200,"height":49,"caption":"Il Crogiuolo"},"image":{"@id":"https:\/\/ilcrogiuolo.it\/it\/#\/schema\/logo\/image\/"},"sameAs":["https:\/\/www.facebook.com\/Il-Crogiuolo-681876418491758"]}]}},"_links":{"self":[{"href":"https:\/\/ilcrogiuolo.it\/it\/wp-json\/wp\/v2\/product\/9699","targetHints":{"allow":["GET"]}}],"collection":[{"href":"https:\/\/ilcrogiuolo.it\/it\/wp-json\/wp\/v2\/product"}],"about":[{"href":"https:\/\/ilcrogiuolo.it\/it\/wp-json\/wp\/v2\/types\/product"}],"wp:featuredmedia":[{"embeddable":true,"href":"https:\/\/ilcrogiuolo.it\/it\/wp-json\/wp\/v2\/media\/9700"}],"wp:attachment":[{"href":"https:\/\/ilcrogiuolo.it\/it\/wp-json\/wp\/v2\/media?parent=9699"}],"wp:term":[{"taxonomy":"product_brand","embeddable":true,"href":"https:\/\/ilcrogiuolo.it\/it\/wp-json\/wp\/v2\/product_brand?post=9699"},{"taxonomy":"product_cat","embeddable":true,"href":"https:\/\/ilcrogiuolo.it\/it\/wp-json\/wp\/v2\/product_cat?post=9699"},{"taxonomy":"product_tag","embeddable":true,"href":"https:\/\/ilcrogiuolo.it\/it\/wp-json\/wp\/v2\/product_tag?post=9699"}],"curies":[{"name":"wp","href":"https:\/\/api.w.org\/{rel}","templated":true}]}}