{"id":9582,"date":"2020-01-14T17:19:40","date_gmt":"2020-01-14T16:19:40","guid":{"rendered":"https:\/\/ilcrogiuolo.it\/p\/spirit-box-santespedito\/"},"modified":"2021-04-21T12:18:08","modified_gmt":"2021-04-21T10:18:08","slug":"spirit-box-santespedito","status":"publish","type":"product","link":"https:\/\/ilcrogiuolo.it\/it\/p\/spirit-box-santespedito\/","title":{"rendered":"SPIRIT BOX SANT&#8217;ESPEDITO"},"content":{"rendered":"<p>Una spirit box, altrimenti chiamata spirit house, \u00e8 fondamentalmente un altare portatile\u2026 MA\u2026 non solo, \u00e8 molto di pi\u00f9. A livello spirituale \u00e8 considerata la dimora di uno spirito ben preciso, al quale \u00e8 dedicata. Le sue origini vanno ricercate nella potente magia del Congo ed al concetto di Nkisi, sorta di feticcio che veicola il potere di una determinata entit\u00e0: assentamenti di Umbanda\/Quimbanda, Gov\u00ec vodou, calderoni del Palo Mayombe, mojo bag\u2026 sono in un certo senso variazioni sullo stesso tema. Esistono diversi modi di preparare e lavorare con una Spirit Box. Questa Spirit Box proviene dalla tradizione di New Orleans e coniuga Voodoo, Hoodoo, spiritismo e santi cattolici o popolari santificati dalla fede del popolo. Contiene il materiale basico per attivare questo esclusivo strumento ed iniziare a lavorare con Sant&#8217;Espedito con un metodo squisitamente unico, che nel corso dei decenni \u00e8 diventato tradizione ed \u00e8 stato tramandato per la sua efficacia e per il potere che gli \u00e8 stato attribuito.<br \/>\nAttraverso i segreti che troverete nel manuale accluso potrete sperimentare voi stessi la forza di questo santo miracoloso conosciuto in ogni angolo della terra ed ovunque venerato per la sua disponibilit\u00e0 ad ascoltare chi si rivolge a lui con fede ed umilt\u00e0.<br \/>\nLa spirit box si utilizza altres\u00ec per consacrare oggetti, medaglie, talismani e altro che potrete utilizzare a livello magico\/spirituale.<br \/>\nSolo il proprietario della spirit box avr\u00e0 il diritto di utilizzarla, nessun altro potr\u00e0 lavorarci.<\/p>\n","protected":false},"excerpt":{"rendered":"<p>Una spirit box, altrimenti chiamata spirit house, \u00e8 fondamentalmente un altare portatile\u2026 MA\u2026 non solo, \u00e8 molto di pi\u00f9. A&#8230;<\/p>\n","protected":false},"featured_media":27877,"template":"","meta":{"_acf_changed":false},"product_brand":[],"product_cat":[1078,1059,1491],"product_tag":[],"class_list":{"0":"post-9582","1":"product","2":"type-product","3":"status-publish","4":"has-post-thumbnail","6":"product_cat-prodotti-esoterici-voodoo-vodun-vudu-santeria","7":"product_cat-articoli-esoterici","8":"product_cat-rituali-voodoo-paquet","10":"first","11":"instock","12":"taxable","13":"shipping-taxable","14":"purchasable","15":"product-type-simple","16":"add-to-wishlist-before_image"},"acf":[],"yoast_head":"<!-- This site is optimized with the Yoast SEO plugin v26.9 - https:\/\/yoast.com\/product\/yoast-seo-wordpress\/ -->\n<title>SPIRIT BOX SANT&#039;ESPEDITO - Il Crogiuolo<\/title>\n<meta name=\"description\" content=\"SPIRIT BOX SANT&#039;ESPEDITO Una spirit box, altrimenti chiamata spirit house, \u00e8 fondamentalmente un altare portatile\u2026 MA\u2026 non solo, \u00e8 molto di pi\u00f9. A livello spirituale \u00e8 considerata\" \/>\n<meta name=\"robots\" content=\"index, follow, max-snippet:-1, max-image-preview:large, max-video-preview:-1\" \/>\n<link rel=\"canonical\" href=\"https:\/\/ilcrogiuolo.it\/it\/p\/spirit-box-santespedito\/\" \/>\n<meta property=\"og:locale\" content=\"it_IT\" \/>\n<meta property=\"og:type\" content=\"article\" \/>\n<meta property=\"og:title\" content=\"SPIRIT BOX SANT&#039;ESPEDITO - Il Crogiuolo\" \/>\n<meta property=\"og:description\" content=\"SPIRIT BOX SANT&#039;ESPEDITO Una spirit box, altrimenti chiamata spirit house, \u00e8 fondamentalmente un altare portatile\u2026 MA\u2026 non solo, \u00e8 molto di pi\u00f9. A livello spirituale \u00e8 considerata\" \/>\n<meta property=\"og:url\" content=\"https:\/\/ilcrogiuolo.it\/it\/p\/spirit-box-santespedito\/\" \/>\n<meta property=\"og:site_name\" content=\"Il Crogiuolo\" \/>\n<meta property=\"article:publisher\" content=\"https:\/\/www.facebook.com\/Il-Crogiuolo-681876418491758\" \/>\n<meta property=\"article:modified_time\" content=\"2021-04-21T10:18:08+00:00\" \/>\n<meta property=\"og:image\" content=\"https:\/\/ilcrogiuolo.it\/wp-content\/uploads\/2020\/01\/PROMO-SPIRIT-BOX-nuova.jpg\" \/>\n\t<meta property=\"og:image:width\" content=\"500\" \/>\n\t<meta property=\"og:image:height\" content=\"510\" \/>\n\t<meta property=\"og:image:type\" content=\"image\/jpeg\" \/>\n<meta name=\"twitter:card\" content=\"summary_large_image\" \/>\n<meta name=\"twitter:label1\" content=\"Tempo di lettura stimato\" \/>\n\t<meta name=\"twitter:data1\" content=\"1 minuto\" \/>\n<script type=\"application\/ld+json\" class=\"yoast-schema-graph\">{\"@context\":\"https:\/\/schema.org\",\"@graph\":[{\"@type\":\"WebPage\",\"@id\":\"https:\/\/ilcrogiuolo.it\/it\/p\/spirit-box-santespedito\/\",\"url\":\"https:\/\/ilcrogiuolo.it\/it\/p\/spirit-box-santespedito\/\",\"name\":\"SPIRIT BOX SANT'ESPEDITO - Il Crogiuolo\",\"isPartOf\":{\"@id\":\"https:\/\/ilcrogiuolo.it\/it\/#website\"},\"primaryImageOfPage\":{\"@id\":\"https:\/\/ilcrogiuolo.it\/it\/p\/spirit-box-santespedito\/#primaryimage\"},\"image\":{\"@id\":\"https:\/\/ilcrogiuolo.it\/it\/p\/spirit-box-santespedito\/#primaryimage\"},\"thumbnailUrl\":\"https:\/\/ilcrogiuolo.it\/wp-content\/uploads\/2020\/01\/PROMO-SPIRIT-BOX-nuova.jpg\",\"datePublished\":\"2020-01-14T16:19:40+00:00\",\"dateModified\":\"2021-04-21T10:18:08+00:00\",\"description\":\"SPIRIT BOX SANT'ESPEDITO Una spirit box, altrimenti chiamata spirit house, \u00e8 fondamentalmente un altare portatile\u2026 MA\u2026 non solo, \u00e8 molto di pi\u00f9. A livello spirituale \u00e8 considerata\",\"breadcrumb\":{\"@id\":\"https:\/\/ilcrogiuolo.it\/it\/p\/spirit-box-santespedito\/#breadcrumb\"},\"inLanguage\":\"it-IT\",\"potentialAction\":[{\"@type\":\"ReadAction\",\"target\":[\"https:\/\/ilcrogiuolo.it\/it\/p\/spirit-box-santespedito\/\"]}]},{\"@type\":\"ImageObject\",\"inLanguage\":\"it-IT\",\"@id\":\"https:\/\/ilcrogiuolo.it\/it\/p\/spirit-box-santespedito\/#primaryimage\",\"url\":\"https:\/\/ilcrogiuolo.it\/wp-content\/uploads\/2020\/01\/PROMO-SPIRIT-BOX-nuova.jpg\",\"contentUrl\":\"https:\/\/ilcrogiuolo.it\/wp-content\/uploads\/2020\/01\/PROMO-SPIRIT-BOX-nuova.jpg\",\"width\":500,\"height\":510},{\"@type\":\"BreadcrumbList\",\"@id\":\"https:\/\/ilcrogiuolo.it\/it\/p\/spirit-box-santespedito\/#breadcrumb\",\"itemListElement\":[{\"@type\":\"ListItem\",\"position\":1,\"name\":\"Home\",\"item\":\"https:\/\/ilcrogiuolo.it\/it\/\"},{\"@type\":\"ListItem\",\"position\":2,\"name\":\"Shop\",\"item\":\"https:\/\/ilcrogiuolo.it\/it\/negozio\/\"},{\"@type\":\"ListItem\",\"position\":3,\"name\":\"SPIRIT BOX SANT&#8217;ESPEDITO\"}]},{\"@type\":\"WebSite\",\"@id\":\"https:\/\/ilcrogiuolo.it\/it\/#website\",\"url\":\"https:\/\/ilcrogiuolo.it\/it\/\",\"name\":\"Il Crogiuolo\",\"description\":\"\",\"publisher\":{\"@id\":\"https:\/\/ilcrogiuolo.it\/it\/#organization\"},\"potentialAction\":[{\"@type\":\"SearchAction\",\"target\":{\"@type\":\"EntryPoint\",\"urlTemplate\":\"https:\/\/ilcrogiuolo.it\/it\/?s={search_term_string}\"},\"query-input\":{\"@type\":\"PropertyValueSpecification\",\"valueRequired\":true,\"valueName\":\"search_term_string\"}}],\"inLanguage\":\"it-IT\"},{\"@type\":\"Organization\",\"@id\":\"https:\/\/ilcrogiuolo.it\/it\/#organization\",\"name\":\"Il Crogiuolo\",\"url\":\"https:\/\/ilcrogiuolo.it\/it\/\",\"logo\":{\"@type\":\"ImageObject\",\"inLanguage\":\"it-IT\",\"@id\":\"https:\/\/ilcrogiuolo.it\/it\/#\/schema\/logo\/image\/\",\"url\":\"https:\/\/ilcrogiuolo.it\/wp-content\/uploads\/2020\/04\/logo.png\",\"contentUrl\":\"https:\/\/ilcrogiuolo.it\/wp-content\/uploads\/2020\/04\/logo.png\",\"width\":200,\"height\":49,\"caption\":\"Il Crogiuolo\"},\"image\":{\"@id\":\"https:\/\/ilcrogiuolo.it\/it\/#\/schema\/logo\/image\/\"},\"sameAs\":[\"https:\/\/www.facebook.com\/Il-Crogiuolo-681876418491758\"]}]}<\/script>\n<!-- \/ Yoast SEO plugin. -->","yoast_head_json":{"title":"SPIRIT BOX SANT'ESPEDITO - Il Crogiuolo","description":"SPIRIT BOX SANT'ESPEDITO Una spirit box, altrimenti chiamata spirit house, \u00e8 fondamentalmente un altare portatile\u2026 MA\u2026 non solo, \u00e8 molto di pi\u00f9. A livello spirituale \u00e8 considerata","robots":{"index":"index","follow":"follow","max-snippet":"max-snippet:-1","max-image-preview":"max-image-preview:large","max-video-preview":"max-video-preview:-1"},"canonical":"https:\/\/ilcrogiuolo.it\/it\/p\/spirit-box-santespedito\/","og_locale":"it_IT","og_type":"article","og_title":"SPIRIT BOX SANT'ESPEDITO - Il Crogiuolo","og_description":"SPIRIT BOX SANT'ESPEDITO Una spirit box, altrimenti chiamata spirit house, \u00e8 fondamentalmente un altare portatile\u2026 MA\u2026 non solo, \u00e8 molto di pi\u00f9. A livello spirituale \u00e8 considerata","og_url":"https:\/\/ilcrogiuolo.it\/it\/p\/spirit-box-santespedito\/","og_site_name":"Il Crogiuolo","article_publisher":"https:\/\/www.facebook.com\/Il-Crogiuolo-681876418491758","article_modified_time":"2021-04-21T10:18:08+00:00","og_image":[{"width":500,"height":510,"url":"https:\/\/ilcrogiuolo.it\/wp-content\/uploads\/2020\/01\/PROMO-SPIRIT-BOX-nuova.jpg","type":"image\/jpeg"}],"twitter_card":"summary_large_image","twitter_misc":{"Tempo di lettura stimato":"1 minuto"},"schema":{"@context":"https:\/\/schema.org","@graph":[{"@type":"WebPage","@id":"https:\/\/ilcrogiuolo.it\/it\/p\/spirit-box-santespedito\/","url":"https:\/\/ilcrogiuolo.it\/it\/p\/spirit-box-santespedito\/","name":"SPIRIT BOX SANT'ESPEDITO - Il Crogiuolo","isPartOf":{"@id":"https:\/\/ilcrogiuolo.it\/it\/#website"},"primaryImageOfPage":{"@id":"https:\/\/ilcrogiuolo.it\/it\/p\/spirit-box-santespedito\/#primaryimage"},"image":{"@id":"https:\/\/ilcrogiuolo.it\/it\/p\/spirit-box-santespedito\/#primaryimage"},"thumbnailUrl":"https:\/\/ilcrogiuolo.it\/wp-content\/uploads\/2020\/01\/PROMO-SPIRIT-BOX-nuova.jpg","datePublished":"2020-01-14T16:19:40+00:00","dateModified":"2021-04-21T10:18:08+00:00","description":"SPIRIT BOX SANT'ESPEDITO Una spirit box, altrimenti chiamata spirit house, \u00e8 fondamentalmente un altare portatile\u2026 MA\u2026 non solo, \u00e8 molto di pi\u00f9. A livello spirituale \u00e8 considerata","breadcrumb":{"@id":"https:\/\/ilcrogiuolo.it\/it\/p\/spirit-box-santespedito\/#breadcrumb"},"inLanguage":"it-IT","potentialAction":[{"@type":"ReadAction","target":["https:\/\/ilcrogiuolo.it\/it\/p\/spirit-box-santespedito\/"]}]},{"@type":"ImageObject","inLanguage":"it-IT","@id":"https:\/\/ilcrogiuolo.it\/it\/p\/spirit-box-santespedito\/#primaryimage","url":"https:\/\/ilcrogiuolo.it\/wp-content\/uploads\/2020\/01\/PROMO-SPIRIT-BOX-nuova.jpg","contentUrl":"https:\/\/ilcrogiuolo.it\/wp-content\/uploads\/2020\/01\/PROMO-SPIRIT-BOX-nuova.jpg","width":500,"height":510},{"@type":"BreadcrumbList","@id":"https:\/\/ilcrogiuolo.it\/it\/p\/spirit-box-santespedito\/#breadcrumb","itemListElement":[{"@type":"ListItem","position":1,"name":"Home","item":"https:\/\/ilcrogiuolo.it\/it\/"},{"@type":"ListItem","position":2,"name":"Shop","item":"https:\/\/ilcrogiuolo.it\/it\/negozio\/"},{"@type":"ListItem","position":3,"name":"SPIRIT BOX SANT&#8217;ESPEDITO"}]},{"@type":"WebSite","@id":"https:\/\/ilcrogiuolo.it\/it\/#website","url":"https:\/\/ilcrogiuolo.it\/it\/","name":"Il Crogiuolo","description":"","publisher":{"@id":"https:\/\/ilcrogiuolo.it\/it\/#organization"},"potentialAction":[{"@type":"SearchAction","target":{"@type":"EntryPoint","urlTemplate":"https:\/\/ilcrogiuolo.it\/it\/?s={search_term_string}"},"query-input":{"@type":"PropertyValueSpecification","valueRequired":true,"valueName":"search_term_string"}}],"inLanguage":"it-IT"},{"@type":"Organization","@id":"https:\/\/ilcrogiuolo.it\/it\/#organization","name":"Il Crogiuolo","url":"https:\/\/ilcrogiuolo.it\/it\/","logo":{"@type":"ImageObject","inLanguage":"it-IT","@id":"https:\/\/ilcrogiuolo.it\/it\/#\/schema\/logo\/image\/","url":"https:\/\/ilcrogiuolo.it\/wp-content\/uploads\/2020\/04\/logo.png","contentUrl":"https:\/\/ilcrogiuolo.it\/wp-content\/uploads\/2020\/04\/logo.png","width":200,"height":49,"caption":"Il Crogiuolo"},"image":{"@id":"https:\/\/ilcrogiuolo.it\/it\/#\/schema\/logo\/image\/"},"sameAs":["https:\/\/www.facebook.com\/Il-Crogiuolo-681876418491758"]}]}},"_links":{"self":[{"href":"https:\/\/ilcrogiuolo.it\/it\/wp-json\/wp\/v2\/product\/9582","targetHints":{"allow":["GET"]}}],"collection":[{"href":"https:\/\/ilcrogiuolo.it\/it\/wp-json\/wp\/v2\/product"}],"about":[{"href":"https:\/\/ilcrogiuolo.it\/it\/wp-json\/wp\/v2\/types\/product"}],"wp:featuredmedia":[{"embeddable":true,"href":"https:\/\/ilcrogiuolo.it\/it\/wp-json\/wp\/v2\/media\/27877"}],"wp:attachment":[{"href":"https:\/\/ilcrogiuolo.it\/it\/wp-json\/wp\/v2\/media?parent=9582"}],"wp:term":[{"taxonomy":"product_brand","embeddable":true,"href":"https:\/\/ilcrogiuolo.it\/it\/wp-json\/wp\/v2\/product_brand?post=9582"},{"taxonomy":"product_cat","embeddable":true,"href":"https:\/\/ilcrogiuolo.it\/it\/wp-json\/wp\/v2\/product_cat?post=9582"},{"taxonomy":"product_tag","embeddable":true,"href":"https:\/\/ilcrogiuolo.it\/it\/wp-json\/wp\/v2\/product_tag?post=9582"}],"curies":[{"name":"wp","href":"https:\/\/api.w.org\/{rel}","templated":true}]}}