{"id":9547,"date":"2020-01-14T17:19:33","date_gmt":"2020-01-14T16:19:33","guid":{"rendered":"https:\/\/ilcrogiuolo.it\/p\/statua-madonna-aparecida-cm-21-resina\/"},"modified":"2022-05-16T10:22:37","modified_gmt":"2022-05-16T08:22:37","slug":"statua-madonna-aparecida-cm-21-resina","status":"publish","type":"product","link":"https:\/\/ilcrogiuolo.it\/it\/p\/statua-madonna-aparecida-cm-21-resina\/","title":{"rendered":"Statua Madonna Aparecida cm 21 RESINA"},"content":{"rendered":"<p>Meravigliosa statua raffigurante Nostra Signora Aparecida, protettrice del Brasile. La storia di Nostra Signora di Aparecida comincia nel 1717, quando si seppe che il conte di Assumar, don Pedro di Almeida e del Portogallo, governatore della Provincia di San Paolo e Minas Gerais, si sarebbe fermato nel villaggio di Guaratinguet\u00e1, durante il suo viaggio verso Vila Rica, l&#8217;odierna Ouro Preto in Minas Gerais.<br \/>\nPer questa occasione, alcuni pescatori furono incaricati di fornire il pesce per il banchetto da tenersi il giorno dopo, in occasione della visita del conte. Tre pescatori, Domingos Garcia, Filipe Pedroso e Jo\u00e3o Alves, andarono a pescare nel fiume Para\u00edba. Dopo alcuni tentativi infruttuosi, gettarono le reti in un&#8217;area chiamata Porto Itagua\u00e7u.<br \/>\nSecondo la tradizione, Jo\u00e3o Alves trov\u00f2 nella sua rete una statua della Madonna, priva per\u00f2 della testa. Gett\u00f2 nuovamente la rete e questa volta vi trov\u00f2 la testa della statua. In seguito i tre pescatori gettarono ancora le reti e queste si sarebbero riempite di pesci.<br \/>\nPer 15 anni la statua rimase nella casa di Filipe Pedroso, dove i vicini si riunivano per pregare il rosario. La devozione comincio a diffondersi: alcuni fedeli, che avevano pregato davanti alla statua, affermarono di aver ricevuto delle grazie. Il culto si diffuse in tutto il Brasile. Viene festeggiata il 12 ottobre. Nella tradizione afrobrasilana viene a rappresentare una delle manifestazioni dell&#8217;orix\u00e0 Ox\u00f9m (Oxum Apara).<\/p>\n","protected":false},"excerpt":{"rendered":"<p>Meravigliosa statua raffigurante Nostra Signora Aparecida, protettrice del Brasile. La storia di Nostra Signora di Aparecida comincia nel 1717, quando&#8230;<\/p>\n","protected":false},"featured_media":9548,"template":"","meta":{"_acf_changed":false},"product_brand":[],"product_cat":[1111,1064,1451],"product_tag":[],"class_list":{"0":"post-9547","1":"product","2":"type-product","3":"status-publish","4":"has-post-thumbnail","6":"product_cat-statue-degli-angeli-e-dei-santi","7":"product_cat-statue-in-gesso-e-resina","8":"product_cat-statue-in-gesso-resina-dei-santi","10":"first","11":"outofstock","12":"taxable","13":"shipping-taxable","14":"purchasable","15":"product-type-simple","16":"add-to-wishlist-before_image"},"acf":[],"yoast_head":"<!-- This site is optimized with the Yoast SEO plugin v26.9 - https:\/\/yoast.com\/product\/yoast-seo-wordpress\/ -->\n<title>Statua Madonna Aparecida cm 21 RESINA - Il Crogiuolo<\/title>\n<meta name=\"description\" content=\"Statua Madonna Aparecida cm 21 RESINA Meravigliosa statua raffigurante Nostra Signora Aparecida, protettrice del Brasile. La storia di Nostra Signora di Aparecida comincia nel 1717, quando si\" \/>\n<meta name=\"robots\" content=\"index, follow, max-snippet:-1, max-image-preview:large, max-video-preview:-1\" \/>\n<link rel=\"canonical\" href=\"https:\/\/ilcrogiuolo.it\/it\/p\/statua-madonna-aparecida-cm-21-resina\/\" \/>\n<meta property=\"og:locale\" content=\"it_IT\" \/>\n<meta property=\"og:type\" content=\"article\" \/>\n<meta property=\"og:title\" content=\"Statua Madonna Aparecida cm 21 RESINA - Il Crogiuolo\" \/>\n<meta property=\"og:description\" content=\"Statua Madonna Aparecida cm 21 RESINA Meravigliosa statua raffigurante Nostra Signora Aparecida, protettrice del Brasile. La storia di Nostra Signora di Aparecida comincia nel 1717, quando si\" \/>\n<meta property=\"og:url\" content=\"https:\/\/ilcrogiuolo.it\/it\/p\/statua-madonna-aparecida-cm-21-resina\/\" \/>\n<meta property=\"og:site_name\" content=\"Il Crogiuolo\" \/>\n<meta property=\"article:publisher\" content=\"https:\/\/www.facebook.com\/Il-Crogiuolo-681876418491758\" \/>\n<meta property=\"article:modified_time\" content=\"2022-05-16T08:22:37+00:00\" \/>\n<meta property=\"og:image\" content=\"https:\/\/ilcrogiuolo.it\/wp-content\/uploads\/2020\/01\/madonnavirgenaparecidaoxumapara_9314152.jpg\" \/>\n\t<meta property=\"og:image:width\" content=\"627\" \/>\n\t<meta property=\"og:image:height\" content=\"600\" \/>\n\t<meta property=\"og:image:type\" content=\"image\/jpeg\" \/>\n<meta name=\"twitter:card\" content=\"summary_large_image\" \/>\n<meta name=\"twitter:label1\" content=\"Tempo di lettura stimato\" \/>\n\t<meta name=\"twitter:data1\" content=\"1 minuto\" \/>\n<script type=\"application\/ld+json\" class=\"yoast-schema-graph\">{\"@context\":\"https:\/\/schema.org\",\"@graph\":[{\"@type\":\"WebPage\",\"@id\":\"https:\/\/ilcrogiuolo.it\/it\/p\/statua-madonna-aparecida-cm-21-resina\/\",\"url\":\"https:\/\/ilcrogiuolo.it\/it\/p\/statua-madonna-aparecida-cm-21-resina\/\",\"name\":\"Statua Madonna Aparecida cm 21 RESINA - Il Crogiuolo\",\"isPartOf\":{\"@id\":\"https:\/\/ilcrogiuolo.it\/it\/#website\"},\"primaryImageOfPage\":{\"@id\":\"https:\/\/ilcrogiuolo.it\/it\/p\/statua-madonna-aparecida-cm-21-resina\/#primaryimage\"},\"image\":{\"@id\":\"https:\/\/ilcrogiuolo.it\/it\/p\/statua-madonna-aparecida-cm-21-resina\/#primaryimage\"},\"thumbnailUrl\":\"https:\/\/ilcrogiuolo.it\/wp-content\/uploads\/2020\/01\/madonnavirgenaparecidaoxumapara_9314152.jpg\",\"datePublished\":\"2020-01-14T16:19:33+00:00\",\"dateModified\":\"2022-05-16T08:22:37+00:00\",\"description\":\"Statua Madonna Aparecida cm 21 RESINA Meravigliosa statua raffigurante Nostra Signora Aparecida, protettrice del Brasile. La storia di Nostra Signora di Aparecida comincia nel 1717, quando si\",\"breadcrumb\":{\"@id\":\"https:\/\/ilcrogiuolo.it\/it\/p\/statua-madonna-aparecida-cm-21-resina\/#breadcrumb\"},\"inLanguage\":\"it-IT\",\"potentialAction\":[{\"@type\":\"ReadAction\",\"target\":[\"https:\/\/ilcrogiuolo.it\/it\/p\/statua-madonna-aparecida-cm-21-resina\/\"]}]},{\"@type\":\"ImageObject\",\"inLanguage\":\"it-IT\",\"@id\":\"https:\/\/ilcrogiuolo.it\/it\/p\/statua-madonna-aparecida-cm-21-resina\/#primaryimage\",\"url\":\"https:\/\/ilcrogiuolo.it\/wp-content\/uploads\/2020\/01\/madonnavirgenaparecidaoxumapara_9314152.jpg\",\"contentUrl\":\"https:\/\/ilcrogiuolo.it\/wp-content\/uploads\/2020\/01\/madonnavirgenaparecidaoxumapara_9314152.jpg\",\"width\":627,\"height\":600},{\"@type\":\"BreadcrumbList\",\"@id\":\"https:\/\/ilcrogiuolo.it\/it\/p\/statua-madonna-aparecida-cm-21-resina\/#breadcrumb\",\"itemListElement\":[{\"@type\":\"ListItem\",\"position\":1,\"name\":\"Home\",\"item\":\"https:\/\/ilcrogiuolo.it\/it\/\"},{\"@type\":\"ListItem\",\"position\":2,\"name\":\"Shop\",\"item\":\"https:\/\/ilcrogiuolo.it\/it\/negozio\/\"},{\"@type\":\"ListItem\",\"position\":3,\"name\":\"Statua Madonna Aparecida cm 21 RESINA\"}]},{\"@type\":\"WebSite\",\"@id\":\"https:\/\/ilcrogiuolo.it\/it\/#website\",\"url\":\"https:\/\/ilcrogiuolo.it\/it\/\",\"name\":\"Il Crogiuolo\",\"description\":\"\",\"publisher\":{\"@id\":\"https:\/\/ilcrogiuolo.it\/it\/#organization\"},\"potentialAction\":[{\"@type\":\"SearchAction\",\"target\":{\"@type\":\"EntryPoint\",\"urlTemplate\":\"https:\/\/ilcrogiuolo.it\/it\/?s={search_term_string}\"},\"query-input\":{\"@type\":\"PropertyValueSpecification\",\"valueRequired\":true,\"valueName\":\"search_term_string\"}}],\"inLanguage\":\"it-IT\"},{\"@type\":\"Organization\",\"@id\":\"https:\/\/ilcrogiuolo.it\/it\/#organization\",\"name\":\"Il Crogiuolo\",\"url\":\"https:\/\/ilcrogiuolo.it\/it\/\",\"logo\":{\"@type\":\"ImageObject\",\"inLanguage\":\"it-IT\",\"@id\":\"https:\/\/ilcrogiuolo.it\/it\/#\/schema\/logo\/image\/\",\"url\":\"https:\/\/ilcrogiuolo.it\/wp-content\/uploads\/2020\/04\/logo.png\",\"contentUrl\":\"https:\/\/ilcrogiuolo.it\/wp-content\/uploads\/2020\/04\/logo.png\",\"width\":200,\"height\":49,\"caption\":\"Il Crogiuolo\"},\"image\":{\"@id\":\"https:\/\/ilcrogiuolo.it\/it\/#\/schema\/logo\/image\/\"},\"sameAs\":[\"https:\/\/www.facebook.com\/Il-Crogiuolo-681876418491758\"]}]}<\/script>\n<!-- \/ Yoast SEO plugin. -->","yoast_head_json":{"title":"Statua Madonna Aparecida cm 21 RESINA - Il Crogiuolo","description":"Statua Madonna Aparecida cm 21 RESINA Meravigliosa statua raffigurante Nostra Signora Aparecida, protettrice del Brasile. La storia di Nostra Signora di Aparecida comincia nel 1717, quando si","robots":{"index":"index","follow":"follow","max-snippet":"max-snippet:-1","max-image-preview":"max-image-preview:large","max-video-preview":"max-video-preview:-1"},"canonical":"https:\/\/ilcrogiuolo.it\/it\/p\/statua-madonna-aparecida-cm-21-resina\/","og_locale":"it_IT","og_type":"article","og_title":"Statua Madonna Aparecida cm 21 RESINA - Il Crogiuolo","og_description":"Statua Madonna Aparecida cm 21 RESINA Meravigliosa statua raffigurante Nostra Signora Aparecida, protettrice del Brasile. La storia di Nostra Signora di Aparecida comincia nel 1717, quando si","og_url":"https:\/\/ilcrogiuolo.it\/it\/p\/statua-madonna-aparecida-cm-21-resina\/","og_site_name":"Il Crogiuolo","article_publisher":"https:\/\/www.facebook.com\/Il-Crogiuolo-681876418491758","article_modified_time":"2022-05-16T08:22:37+00:00","og_image":[{"width":627,"height":600,"url":"https:\/\/ilcrogiuolo.it\/wp-content\/uploads\/2020\/01\/madonnavirgenaparecidaoxumapara_9314152.jpg","type":"image\/jpeg"}],"twitter_card":"summary_large_image","twitter_misc":{"Tempo di lettura stimato":"1 minuto"},"schema":{"@context":"https:\/\/schema.org","@graph":[{"@type":"WebPage","@id":"https:\/\/ilcrogiuolo.it\/it\/p\/statua-madonna-aparecida-cm-21-resina\/","url":"https:\/\/ilcrogiuolo.it\/it\/p\/statua-madonna-aparecida-cm-21-resina\/","name":"Statua Madonna Aparecida cm 21 RESINA - Il Crogiuolo","isPartOf":{"@id":"https:\/\/ilcrogiuolo.it\/it\/#website"},"primaryImageOfPage":{"@id":"https:\/\/ilcrogiuolo.it\/it\/p\/statua-madonna-aparecida-cm-21-resina\/#primaryimage"},"image":{"@id":"https:\/\/ilcrogiuolo.it\/it\/p\/statua-madonna-aparecida-cm-21-resina\/#primaryimage"},"thumbnailUrl":"https:\/\/ilcrogiuolo.it\/wp-content\/uploads\/2020\/01\/madonnavirgenaparecidaoxumapara_9314152.jpg","datePublished":"2020-01-14T16:19:33+00:00","dateModified":"2022-05-16T08:22:37+00:00","description":"Statua Madonna Aparecida cm 21 RESINA Meravigliosa statua raffigurante Nostra Signora Aparecida, protettrice del Brasile. La storia di Nostra Signora di Aparecida comincia nel 1717, quando si","breadcrumb":{"@id":"https:\/\/ilcrogiuolo.it\/it\/p\/statua-madonna-aparecida-cm-21-resina\/#breadcrumb"},"inLanguage":"it-IT","potentialAction":[{"@type":"ReadAction","target":["https:\/\/ilcrogiuolo.it\/it\/p\/statua-madonna-aparecida-cm-21-resina\/"]}]},{"@type":"ImageObject","inLanguage":"it-IT","@id":"https:\/\/ilcrogiuolo.it\/it\/p\/statua-madonna-aparecida-cm-21-resina\/#primaryimage","url":"https:\/\/ilcrogiuolo.it\/wp-content\/uploads\/2020\/01\/madonnavirgenaparecidaoxumapara_9314152.jpg","contentUrl":"https:\/\/ilcrogiuolo.it\/wp-content\/uploads\/2020\/01\/madonnavirgenaparecidaoxumapara_9314152.jpg","width":627,"height":600},{"@type":"BreadcrumbList","@id":"https:\/\/ilcrogiuolo.it\/it\/p\/statua-madonna-aparecida-cm-21-resina\/#breadcrumb","itemListElement":[{"@type":"ListItem","position":1,"name":"Home","item":"https:\/\/ilcrogiuolo.it\/it\/"},{"@type":"ListItem","position":2,"name":"Shop","item":"https:\/\/ilcrogiuolo.it\/it\/negozio\/"},{"@type":"ListItem","position":3,"name":"Statua Madonna Aparecida cm 21 RESINA"}]},{"@type":"WebSite","@id":"https:\/\/ilcrogiuolo.it\/it\/#website","url":"https:\/\/ilcrogiuolo.it\/it\/","name":"Il Crogiuolo","description":"","publisher":{"@id":"https:\/\/ilcrogiuolo.it\/it\/#organization"},"potentialAction":[{"@type":"SearchAction","target":{"@type":"EntryPoint","urlTemplate":"https:\/\/ilcrogiuolo.it\/it\/?s={search_term_string}"},"query-input":{"@type":"PropertyValueSpecification","valueRequired":true,"valueName":"search_term_string"}}],"inLanguage":"it-IT"},{"@type":"Organization","@id":"https:\/\/ilcrogiuolo.it\/it\/#organization","name":"Il Crogiuolo","url":"https:\/\/ilcrogiuolo.it\/it\/","logo":{"@type":"ImageObject","inLanguage":"it-IT","@id":"https:\/\/ilcrogiuolo.it\/it\/#\/schema\/logo\/image\/","url":"https:\/\/ilcrogiuolo.it\/wp-content\/uploads\/2020\/04\/logo.png","contentUrl":"https:\/\/ilcrogiuolo.it\/wp-content\/uploads\/2020\/04\/logo.png","width":200,"height":49,"caption":"Il Crogiuolo"},"image":{"@id":"https:\/\/ilcrogiuolo.it\/it\/#\/schema\/logo\/image\/"},"sameAs":["https:\/\/www.facebook.com\/Il-Crogiuolo-681876418491758"]}]}},"_links":{"self":[{"href":"https:\/\/ilcrogiuolo.it\/it\/wp-json\/wp\/v2\/product\/9547","targetHints":{"allow":["GET"]}}],"collection":[{"href":"https:\/\/ilcrogiuolo.it\/it\/wp-json\/wp\/v2\/product"}],"about":[{"href":"https:\/\/ilcrogiuolo.it\/it\/wp-json\/wp\/v2\/types\/product"}],"wp:featuredmedia":[{"embeddable":true,"href":"https:\/\/ilcrogiuolo.it\/it\/wp-json\/wp\/v2\/media\/9548"}],"wp:attachment":[{"href":"https:\/\/ilcrogiuolo.it\/it\/wp-json\/wp\/v2\/media?parent=9547"}],"wp:term":[{"taxonomy":"product_brand","embeddable":true,"href":"https:\/\/ilcrogiuolo.it\/it\/wp-json\/wp\/v2\/product_brand?post=9547"},{"taxonomy":"product_cat","embeddable":true,"href":"https:\/\/ilcrogiuolo.it\/it\/wp-json\/wp\/v2\/product_cat?post=9547"},{"taxonomy":"product_tag","embeddable":true,"href":"https:\/\/ilcrogiuolo.it\/it\/wp-json\/wp\/v2\/product_tag?post=9547"}],"curies":[{"name":"wp","href":"https:\/\/api.w.org\/{rel}","templated":true}]}}