{"id":9490,"date":"2020-01-14T17:19:26","date_gmt":"2020-01-14T16:19:26","guid":{"rendered":"https:\/\/ilcrogiuolo.it\/p\/santonofrio-in-piombo-minilibro\/"},"modified":"2020-10-02T16:12:52","modified_gmt":"2020-10-02T14:12:52","slug":"santonofrio-in-piombo-minilibro","status":"publish","type":"product","link":"https:\/\/ilcrogiuolo.it\/it\/p\/santonofrio-in-piombo-minilibro\/","title":{"rendered":"SANT&#8217;ONOFRIO IN PIOMBO + MINILIBRO"},"content":{"rendered":"<p>Non esiste paese, sulla terra, in cui sia assente la figura di questo particolare eroe dell\u2019agiografia ufficiale e ufficiosa della cultura cattolica. Il 12 giugno cade la festa di sant&#8217;Onofrio, o Noferi (secondo alcuni nente poco di meno che un\u2019epiteto del dio egizio Osiride!), dal greco Onn\u00f3phris cio\u00e8 &#8220;colui che \u00e8 sempre felice&#8221;, un anacoreta del IV secolo d.C. che pass\u00f2 buona parte della sua vita nel deserto egiziano. Secondo la leggenda era figlio di un re, a lungo desiderato, ma che, appena nato, fu indicato da un demonio come figlio di una relazione adulterina della regina: sottoposto alla &#8220;prova del fuoco&#8221;, ne sarebbe uscito indenne. Si isol\u00f2 dedicandosi alla vita eremitica ancor molto giovane. Il vecchio vescovo e monaco egiziano Pafnuzio, desideroso di conoscere la vita degli anacoreti del deserto, lo incontr\u00f2 e trascorse con lui gli ultimi giorni di vita di Onofrio cui dette sepoltura in una grotta.<br \/>\nIl culto di Sant\u2019Onofrio \u00e8 legato alla sua effigie ed in particolare una piccola statuina di piombo, cava al suo interno, che lo rappresenta. Questa reliquia viene considerata alla stregua di un vero e proprio talismano, ma \u00e8\u00a0 altres\u00ec al centro di moltissime pratiche spirituali e magiche della cultura latina. Il kit comprende la statuina in piombo (altezza 5 cm) del santo e il minilibro Il Segreto di Sant&#8217;Onofrio, una collezione di pratiche esoteriche esclusive dedicate a questo meraviglioso santo popolare.<\/p>\n","protected":false},"excerpt":{"rendered":"<p>Non esiste paese, sulla terra, in cui sia assente la figura di questo particolare eroe dell\u2019agiografia ufficiale e ufficiosa della&#8230;<\/p>\n","protected":false},"featured_media":9491,"template":"","meta":{"_acf_changed":false},"product_brand":[],"product_cat":[1079,1059,1270],"product_tag":[],"class_list":{"0":"post-9490","1":"product","2":"type-product","3":"status-publish","4":"has-post-thumbnail","6":"product_cat-rituali-afrobrasiliani-santeria","7":"product_cat-articoli-esoterici","8":"product_cat-rituali-propiziatori-dunione","10":"first","11":"instock","12":"taxable","13":"shipping-taxable","14":"purchasable","15":"product-type-simple","16":"add-to-wishlist-before_image"},"acf":[],"yoast_head":"<!-- This site is optimized with the Yoast SEO plugin v26.9 - https:\/\/yoast.com\/product\/yoast-seo-wordpress\/ -->\n<title>SANT&#039;ONOFRIO IN PIOMBO + MINILIBRO - Il Crogiuolo<\/title>\n<meta name=\"description\" content=\"SANT&#039;ONOFRIO IN PIOMBO + MINILIBRO Non esiste paese, sulla terra, in cui sia assente la figura di questo particolare eroe dell\u2019agiografia ufficiale e ufficiosa della cultura cattolica. Il\" \/>\n<meta name=\"robots\" content=\"index, follow, max-snippet:-1, max-image-preview:large, max-video-preview:-1\" \/>\n<link rel=\"canonical\" href=\"https:\/\/ilcrogiuolo.it\/it\/p\/santonofrio-in-piombo-minilibro\/\" \/>\n<meta property=\"og:locale\" content=\"it_IT\" \/>\n<meta property=\"og:type\" content=\"article\" \/>\n<meta property=\"og:title\" content=\"SANT&#039;ONOFRIO IN PIOMBO + MINILIBRO - Il Crogiuolo\" \/>\n<meta property=\"og:description\" content=\"SANT&#039;ONOFRIO IN PIOMBO + MINILIBRO Non esiste paese, sulla terra, in cui sia assente la figura di questo particolare eroe dell\u2019agiografia ufficiale e ufficiosa della cultura cattolica. Il\" \/>\n<meta property=\"og:url\" content=\"https:\/\/ilcrogiuolo.it\/it\/p\/santonofrio-in-piombo-minilibro\/\" \/>\n<meta property=\"og:site_name\" content=\"Il Crogiuolo\" \/>\n<meta property=\"article:publisher\" content=\"https:\/\/www.facebook.com\/Il-Crogiuolo-681876418491758\" \/>\n<meta property=\"article:modified_time\" content=\"2020-10-02T14:12:52+00:00\" \/>\n<meta property=\"og:image\" content=\"https:\/\/ilcrogiuolo.it\/wp-content\/uploads\/2020\/01\/sanonofrio_6717536.jpg\" \/>\n\t<meta property=\"og:image:width\" content=\"627\" \/>\n\t<meta property=\"og:image:height\" content=\"600\" \/>\n\t<meta property=\"og:image:type\" content=\"image\/jpeg\" \/>\n<meta name=\"twitter:card\" content=\"summary_large_image\" \/>\n<meta name=\"twitter:label1\" content=\"Tempo di lettura stimato\" \/>\n\t<meta name=\"twitter:data1\" content=\"1 minuto\" \/>\n<script type=\"application\/ld+json\" class=\"yoast-schema-graph\">{\"@context\":\"https:\/\/schema.org\",\"@graph\":[{\"@type\":\"WebPage\",\"@id\":\"https:\/\/ilcrogiuolo.it\/it\/p\/santonofrio-in-piombo-minilibro\/\",\"url\":\"https:\/\/ilcrogiuolo.it\/it\/p\/santonofrio-in-piombo-minilibro\/\",\"name\":\"SANT'ONOFRIO IN PIOMBO + MINILIBRO - Il Crogiuolo\",\"isPartOf\":{\"@id\":\"https:\/\/ilcrogiuolo.it\/it\/#website\"},\"primaryImageOfPage\":{\"@id\":\"https:\/\/ilcrogiuolo.it\/it\/p\/santonofrio-in-piombo-minilibro\/#primaryimage\"},\"image\":{\"@id\":\"https:\/\/ilcrogiuolo.it\/it\/p\/santonofrio-in-piombo-minilibro\/#primaryimage\"},\"thumbnailUrl\":\"https:\/\/ilcrogiuolo.it\/wp-content\/uploads\/2020\/01\/sanonofrio_6717536.jpg\",\"datePublished\":\"2020-01-14T16:19:26+00:00\",\"dateModified\":\"2020-10-02T14:12:52+00:00\",\"description\":\"SANT'ONOFRIO IN PIOMBO + MINILIBRO Non esiste paese, sulla terra, in cui sia assente la figura di questo particolare eroe dell\u2019agiografia ufficiale e ufficiosa della cultura cattolica. Il\",\"breadcrumb\":{\"@id\":\"https:\/\/ilcrogiuolo.it\/it\/p\/santonofrio-in-piombo-minilibro\/#breadcrumb\"},\"inLanguage\":\"it-IT\",\"potentialAction\":[{\"@type\":\"ReadAction\",\"target\":[\"https:\/\/ilcrogiuolo.it\/it\/p\/santonofrio-in-piombo-minilibro\/\"]}]},{\"@type\":\"ImageObject\",\"inLanguage\":\"it-IT\",\"@id\":\"https:\/\/ilcrogiuolo.it\/it\/p\/santonofrio-in-piombo-minilibro\/#primaryimage\",\"url\":\"https:\/\/ilcrogiuolo.it\/wp-content\/uploads\/2020\/01\/sanonofrio_6717536.jpg\",\"contentUrl\":\"https:\/\/ilcrogiuolo.it\/wp-content\/uploads\/2020\/01\/sanonofrio_6717536.jpg\",\"width\":627,\"height\":600},{\"@type\":\"BreadcrumbList\",\"@id\":\"https:\/\/ilcrogiuolo.it\/it\/p\/santonofrio-in-piombo-minilibro\/#breadcrumb\",\"itemListElement\":[{\"@type\":\"ListItem\",\"position\":1,\"name\":\"Home\",\"item\":\"https:\/\/ilcrogiuolo.it\/it\/\"},{\"@type\":\"ListItem\",\"position\":2,\"name\":\"Shop\",\"item\":\"https:\/\/ilcrogiuolo.it\/it\/negozio\/\"},{\"@type\":\"ListItem\",\"position\":3,\"name\":\"SANT&#8217;ONOFRIO IN PIOMBO + MINILIBRO\"}]},{\"@type\":\"WebSite\",\"@id\":\"https:\/\/ilcrogiuolo.it\/it\/#website\",\"url\":\"https:\/\/ilcrogiuolo.it\/it\/\",\"name\":\"Il Crogiuolo\",\"description\":\"\",\"publisher\":{\"@id\":\"https:\/\/ilcrogiuolo.it\/it\/#organization\"},\"potentialAction\":[{\"@type\":\"SearchAction\",\"target\":{\"@type\":\"EntryPoint\",\"urlTemplate\":\"https:\/\/ilcrogiuolo.it\/it\/?s={search_term_string}\"},\"query-input\":{\"@type\":\"PropertyValueSpecification\",\"valueRequired\":true,\"valueName\":\"search_term_string\"}}],\"inLanguage\":\"it-IT\"},{\"@type\":\"Organization\",\"@id\":\"https:\/\/ilcrogiuolo.it\/it\/#organization\",\"name\":\"Il Crogiuolo\",\"url\":\"https:\/\/ilcrogiuolo.it\/it\/\",\"logo\":{\"@type\":\"ImageObject\",\"inLanguage\":\"it-IT\",\"@id\":\"https:\/\/ilcrogiuolo.it\/it\/#\/schema\/logo\/image\/\",\"url\":\"https:\/\/ilcrogiuolo.it\/wp-content\/uploads\/2020\/04\/logo.png\",\"contentUrl\":\"https:\/\/ilcrogiuolo.it\/wp-content\/uploads\/2020\/04\/logo.png\",\"width\":200,\"height\":49,\"caption\":\"Il Crogiuolo\"},\"image\":{\"@id\":\"https:\/\/ilcrogiuolo.it\/it\/#\/schema\/logo\/image\/\"},\"sameAs\":[\"https:\/\/www.facebook.com\/Il-Crogiuolo-681876418491758\"]}]}<\/script>\n<!-- \/ Yoast SEO plugin. -->","yoast_head_json":{"title":"SANT'ONOFRIO IN PIOMBO + MINILIBRO - Il Crogiuolo","description":"SANT'ONOFRIO IN PIOMBO + MINILIBRO Non esiste paese, sulla terra, in cui sia assente la figura di questo particolare eroe dell\u2019agiografia ufficiale e ufficiosa della cultura cattolica. Il","robots":{"index":"index","follow":"follow","max-snippet":"max-snippet:-1","max-image-preview":"max-image-preview:large","max-video-preview":"max-video-preview:-1"},"canonical":"https:\/\/ilcrogiuolo.it\/it\/p\/santonofrio-in-piombo-minilibro\/","og_locale":"it_IT","og_type":"article","og_title":"SANT'ONOFRIO IN PIOMBO + MINILIBRO - Il Crogiuolo","og_description":"SANT'ONOFRIO IN PIOMBO + MINILIBRO Non esiste paese, sulla terra, in cui sia assente la figura di questo particolare eroe dell\u2019agiografia ufficiale e ufficiosa della cultura cattolica. Il","og_url":"https:\/\/ilcrogiuolo.it\/it\/p\/santonofrio-in-piombo-minilibro\/","og_site_name":"Il Crogiuolo","article_publisher":"https:\/\/www.facebook.com\/Il-Crogiuolo-681876418491758","article_modified_time":"2020-10-02T14:12:52+00:00","og_image":[{"width":627,"height":600,"url":"https:\/\/ilcrogiuolo.it\/wp-content\/uploads\/2020\/01\/sanonofrio_6717536.jpg","type":"image\/jpeg"}],"twitter_card":"summary_large_image","twitter_misc":{"Tempo di lettura stimato":"1 minuto"},"schema":{"@context":"https:\/\/schema.org","@graph":[{"@type":"WebPage","@id":"https:\/\/ilcrogiuolo.it\/it\/p\/santonofrio-in-piombo-minilibro\/","url":"https:\/\/ilcrogiuolo.it\/it\/p\/santonofrio-in-piombo-minilibro\/","name":"SANT'ONOFRIO IN PIOMBO + MINILIBRO - Il Crogiuolo","isPartOf":{"@id":"https:\/\/ilcrogiuolo.it\/it\/#website"},"primaryImageOfPage":{"@id":"https:\/\/ilcrogiuolo.it\/it\/p\/santonofrio-in-piombo-minilibro\/#primaryimage"},"image":{"@id":"https:\/\/ilcrogiuolo.it\/it\/p\/santonofrio-in-piombo-minilibro\/#primaryimage"},"thumbnailUrl":"https:\/\/ilcrogiuolo.it\/wp-content\/uploads\/2020\/01\/sanonofrio_6717536.jpg","datePublished":"2020-01-14T16:19:26+00:00","dateModified":"2020-10-02T14:12:52+00:00","description":"SANT'ONOFRIO IN PIOMBO + MINILIBRO Non esiste paese, sulla terra, in cui sia assente la figura di questo particolare eroe dell\u2019agiografia ufficiale e ufficiosa della cultura cattolica. Il","breadcrumb":{"@id":"https:\/\/ilcrogiuolo.it\/it\/p\/santonofrio-in-piombo-minilibro\/#breadcrumb"},"inLanguage":"it-IT","potentialAction":[{"@type":"ReadAction","target":["https:\/\/ilcrogiuolo.it\/it\/p\/santonofrio-in-piombo-minilibro\/"]}]},{"@type":"ImageObject","inLanguage":"it-IT","@id":"https:\/\/ilcrogiuolo.it\/it\/p\/santonofrio-in-piombo-minilibro\/#primaryimage","url":"https:\/\/ilcrogiuolo.it\/wp-content\/uploads\/2020\/01\/sanonofrio_6717536.jpg","contentUrl":"https:\/\/ilcrogiuolo.it\/wp-content\/uploads\/2020\/01\/sanonofrio_6717536.jpg","width":627,"height":600},{"@type":"BreadcrumbList","@id":"https:\/\/ilcrogiuolo.it\/it\/p\/santonofrio-in-piombo-minilibro\/#breadcrumb","itemListElement":[{"@type":"ListItem","position":1,"name":"Home","item":"https:\/\/ilcrogiuolo.it\/it\/"},{"@type":"ListItem","position":2,"name":"Shop","item":"https:\/\/ilcrogiuolo.it\/it\/negozio\/"},{"@type":"ListItem","position":3,"name":"SANT&#8217;ONOFRIO IN PIOMBO + MINILIBRO"}]},{"@type":"WebSite","@id":"https:\/\/ilcrogiuolo.it\/it\/#website","url":"https:\/\/ilcrogiuolo.it\/it\/","name":"Il Crogiuolo","description":"","publisher":{"@id":"https:\/\/ilcrogiuolo.it\/it\/#organization"},"potentialAction":[{"@type":"SearchAction","target":{"@type":"EntryPoint","urlTemplate":"https:\/\/ilcrogiuolo.it\/it\/?s={search_term_string}"},"query-input":{"@type":"PropertyValueSpecification","valueRequired":true,"valueName":"search_term_string"}}],"inLanguage":"it-IT"},{"@type":"Organization","@id":"https:\/\/ilcrogiuolo.it\/it\/#organization","name":"Il Crogiuolo","url":"https:\/\/ilcrogiuolo.it\/it\/","logo":{"@type":"ImageObject","inLanguage":"it-IT","@id":"https:\/\/ilcrogiuolo.it\/it\/#\/schema\/logo\/image\/","url":"https:\/\/ilcrogiuolo.it\/wp-content\/uploads\/2020\/04\/logo.png","contentUrl":"https:\/\/ilcrogiuolo.it\/wp-content\/uploads\/2020\/04\/logo.png","width":200,"height":49,"caption":"Il Crogiuolo"},"image":{"@id":"https:\/\/ilcrogiuolo.it\/it\/#\/schema\/logo\/image\/"},"sameAs":["https:\/\/www.facebook.com\/Il-Crogiuolo-681876418491758"]}]}},"_links":{"self":[{"href":"https:\/\/ilcrogiuolo.it\/it\/wp-json\/wp\/v2\/product\/9490","targetHints":{"allow":["GET"]}}],"collection":[{"href":"https:\/\/ilcrogiuolo.it\/it\/wp-json\/wp\/v2\/product"}],"about":[{"href":"https:\/\/ilcrogiuolo.it\/it\/wp-json\/wp\/v2\/types\/product"}],"wp:featuredmedia":[{"embeddable":true,"href":"https:\/\/ilcrogiuolo.it\/it\/wp-json\/wp\/v2\/media\/9491"}],"wp:attachment":[{"href":"https:\/\/ilcrogiuolo.it\/it\/wp-json\/wp\/v2\/media?parent=9490"}],"wp:term":[{"taxonomy":"product_brand","embeddable":true,"href":"https:\/\/ilcrogiuolo.it\/it\/wp-json\/wp\/v2\/product_brand?post=9490"},{"taxonomy":"product_cat","embeddable":true,"href":"https:\/\/ilcrogiuolo.it\/it\/wp-json\/wp\/v2\/product_cat?post=9490"},{"taxonomy":"product_tag","embeddable":true,"href":"https:\/\/ilcrogiuolo.it\/it\/wp-json\/wp\/v2\/product_tag?post=9490"}],"curies":[{"name":"wp","href":"https:\/\/api.w.org\/{rel}","templated":true}]}}