{"id":9483,"date":"2020-01-14T17:19:26","date_gmt":"2020-01-14T16:19:26","guid":{"rendered":"https:\/\/ilcrogiuolo.it\/p\/statua-in-gesso-ewa-candomble-cm-22\/"},"modified":"2024-03-19T15:00:25","modified_gmt":"2024-03-19T14:00:25","slug":"statua-in-gesso-ewa-candomble-cm-22","status":"publish","type":"product","link":"https:\/\/ilcrogiuolo.it\/it\/p\/statua-in-gesso-ewa-candomble-cm-22\/","title":{"rendered":"Statua in gesso Ewa Candombl\u00e9 cm 22"},"content":{"rendered":"<p>Bellissima raffigurazione in gesso dell&#8217;Orix\u00e0 Ew\u00e0, secondo alcuni miti controparte femminile di Oxumar\u00e8, impavida guerriera, associata al serpente, antica divinit\u00e0 del fiume Yew\u00e0, Questa orix\u00e1, che si dice si manifesti nel cielo quando di sera si tinge di rosa, rappresenta l\u2019orizzonte, il passaggio, il cambiamento, di solito armonioso nonch\u00e8 l\u2019equilibrio.<\/p>\n","protected":false},"excerpt":{"rendered":"<p>Bellissima raffigurazione in gesso dell&#8217;Orix\u00e0 Ew\u00e0, secondo alcuni miti controparte femminile di Oxumar\u00e8, impavida guerriera, associata al serpente, antica divinit\u00e0&#8230;<\/p>\n","protected":false},"featured_media":9484,"template":"","meta":{"_acf_changed":false},"product_brand":[],"product_cat":[1085,1064,1333],"product_tag":[],"class_list":{"0":"post-9483","1":"product","2":"type-product","3":"status-publish","4":"has-post-thumbnail","6":"product_cat-statue-degli-orixas-exus-pomba-giras-feticci","7":"product_cat-statue-in-gesso-e-resina","8":"product_cat-statue-linea-candomble","10":"first","11":"instock","12":"taxable","13":"shipping-taxable","14":"purchasable","15":"product-type-simple","16":"add-to-wishlist-before_image"},"acf":[],"yoast_head":"<!-- This site is optimized with the Yoast SEO plugin v26.9 - https:\/\/yoast.com\/product\/yoast-seo-wordpress\/ -->\n<title>Statua in gesso Ewa Candombl\u00e9 cm 22 - Il Crogiuolo<\/title>\n<meta name=\"description\" content=\"Statua in gesso Ewa Candombl\u00e9 cm 22 Bellissima raffigurazione in gesso dell&#039;Orix\u00e0 Ew\u00e0, secondo alcuni miti controparte femminile di Oxumar\u00e8, impavida guerriera, associata al serpente, antica\" \/>\n<meta name=\"robots\" content=\"index, follow, max-snippet:-1, max-image-preview:large, max-video-preview:-1\" \/>\n<link rel=\"canonical\" href=\"https:\/\/ilcrogiuolo.it\/it\/p\/statua-in-gesso-ewa-candomble-cm-22\/\" \/>\n<meta property=\"og:locale\" content=\"it_IT\" \/>\n<meta property=\"og:type\" content=\"article\" \/>\n<meta property=\"og:title\" content=\"Statua in gesso Ewa Candombl\u00e9 cm 22 - Il Crogiuolo\" \/>\n<meta property=\"og:description\" content=\"Statua in gesso Ewa Candombl\u00e9 cm 22 Bellissima raffigurazione in gesso dell&#039;Orix\u00e0 Ew\u00e0, secondo alcuni miti controparte femminile di Oxumar\u00e8, impavida guerriera, associata al serpente, antica\" \/>\n<meta property=\"og:url\" content=\"https:\/\/ilcrogiuolo.it\/it\/p\/statua-in-gesso-ewa-candomble-cm-22\/\" \/>\n<meta property=\"og:site_name\" content=\"Il Crogiuolo\" \/>\n<meta property=\"article:publisher\" content=\"https:\/\/www.facebook.com\/Il-Crogiuolo-681876418491758\" \/>\n<meta property=\"article:modified_time\" content=\"2024-03-19T14:00:25+00:00\" \/>\n<meta property=\"og:image\" content=\"https:\/\/ilcrogiuolo.it\/wp-content\/uploads\/2020\/01\/ewayewa_9132905.jpg\" \/>\n\t<meta property=\"og:image:width\" content=\"627\" \/>\n\t<meta property=\"og:image:height\" content=\"600\" \/>\n\t<meta property=\"og:image:type\" content=\"image\/jpeg\" \/>\n<meta name=\"twitter:card\" content=\"summary_large_image\" \/>\n<meta name=\"twitter:label1\" content=\"Tempo di lettura stimato\" \/>\n\t<meta name=\"twitter:data1\" content=\"1 minuto\" \/>\n<script type=\"application\/ld+json\" class=\"yoast-schema-graph\">{\"@context\":\"https:\/\/schema.org\",\"@graph\":[{\"@type\":\"WebPage\",\"@id\":\"https:\/\/ilcrogiuolo.it\/it\/p\/statua-in-gesso-ewa-candomble-cm-22\/\",\"url\":\"https:\/\/ilcrogiuolo.it\/it\/p\/statua-in-gesso-ewa-candomble-cm-22\/\",\"name\":\"Statua in gesso Ewa Candombl\u00e9 cm 22 - Il Crogiuolo\",\"isPartOf\":{\"@id\":\"https:\/\/ilcrogiuolo.it\/it\/#website\"},\"primaryImageOfPage\":{\"@id\":\"https:\/\/ilcrogiuolo.it\/it\/p\/statua-in-gesso-ewa-candomble-cm-22\/#primaryimage\"},\"image\":{\"@id\":\"https:\/\/ilcrogiuolo.it\/it\/p\/statua-in-gesso-ewa-candomble-cm-22\/#primaryimage\"},\"thumbnailUrl\":\"https:\/\/ilcrogiuolo.it\/wp-content\/uploads\/2020\/01\/ewayewa_9132905.jpg\",\"datePublished\":\"2020-01-14T16:19:26+00:00\",\"dateModified\":\"2024-03-19T14:00:25+00:00\",\"description\":\"Statua in gesso Ewa Candombl\u00e9 cm 22 Bellissima raffigurazione in gesso dell'Orix\u00e0 Ew\u00e0, secondo alcuni miti controparte femminile di Oxumar\u00e8, impavida guerriera, associata al serpente, antica\",\"breadcrumb\":{\"@id\":\"https:\/\/ilcrogiuolo.it\/it\/p\/statua-in-gesso-ewa-candomble-cm-22\/#breadcrumb\"},\"inLanguage\":\"it-IT\",\"potentialAction\":[{\"@type\":\"ReadAction\",\"target\":[\"https:\/\/ilcrogiuolo.it\/it\/p\/statua-in-gesso-ewa-candomble-cm-22\/\"]}]},{\"@type\":\"ImageObject\",\"inLanguage\":\"it-IT\",\"@id\":\"https:\/\/ilcrogiuolo.it\/it\/p\/statua-in-gesso-ewa-candomble-cm-22\/#primaryimage\",\"url\":\"https:\/\/ilcrogiuolo.it\/wp-content\/uploads\/2020\/01\/ewayewa_9132905.jpg\",\"contentUrl\":\"https:\/\/ilcrogiuolo.it\/wp-content\/uploads\/2020\/01\/ewayewa_9132905.jpg\",\"width\":627,\"height\":600},{\"@type\":\"BreadcrumbList\",\"@id\":\"https:\/\/ilcrogiuolo.it\/it\/p\/statua-in-gesso-ewa-candomble-cm-22\/#breadcrumb\",\"itemListElement\":[{\"@type\":\"ListItem\",\"position\":1,\"name\":\"Home\",\"item\":\"https:\/\/ilcrogiuolo.it\/it\/\"},{\"@type\":\"ListItem\",\"position\":2,\"name\":\"Shop\",\"item\":\"https:\/\/ilcrogiuolo.it\/it\/negozio\/\"},{\"@type\":\"ListItem\",\"position\":3,\"name\":\"Statua in gesso Ewa Candombl\u00e9 cm 22\"}]},{\"@type\":\"WebSite\",\"@id\":\"https:\/\/ilcrogiuolo.it\/it\/#website\",\"url\":\"https:\/\/ilcrogiuolo.it\/it\/\",\"name\":\"Il Crogiuolo\",\"description\":\"\",\"publisher\":{\"@id\":\"https:\/\/ilcrogiuolo.it\/it\/#organization\"},\"potentialAction\":[{\"@type\":\"SearchAction\",\"target\":{\"@type\":\"EntryPoint\",\"urlTemplate\":\"https:\/\/ilcrogiuolo.it\/it\/?s={search_term_string}\"},\"query-input\":{\"@type\":\"PropertyValueSpecification\",\"valueRequired\":true,\"valueName\":\"search_term_string\"}}],\"inLanguage\":\"it-IT\"},{\"@type\":\"Organization\",\"@id\":\"https:\/\/ilcrogiuolo.it\/it\/#organization\",\"name\":\"Il Crogiuolo\",\"url\":\"https:\/\/ilcrogiuolo.it\/it\/\",\"logo\":{\"@type\":\"ImageObject\",\"inLanguage\":\"it-IT\",\"@id\":\"https:\/\/ilcrogiuolo.it\/it\/#\/schema\/logo\/image\/\",\"url\":\"https:\/\/ilcrogiuolo.it\/wp-content\/uploads\/2020\/04\/logo.png\",\"contentUrl\":\"https:\/\/ilcrogiuolo.it\/wp-content\/uploads\/2020\/04\/logo.png\",\"width\":200,\"height\":49,\"caption\":\"Il Crogiuolo\"},\"image\":{\"@id\":\"https:\/\/ilcrogiuolo.it\/it\/#\/schema\/logo\/image\/\"},\"sameAs\":[\"https:\/\/www.facebook.com\/Il-Crogiuolo-681876418491758\"]}]}<\/script>\n<!-- \/ Yoast SEO plugin. -->","yoast_head_json":{"title":"Statua in gesso Ewa Candombl\u00e9 cm 22 - Il Crogiuolo","description":"Statua in gesso Ewa Candombl\u00e9 cm 22 Bellissima raffigurazione in gesso dell'Orix\u00e0 Ew\u00e0, secondo alcuni miti controparte femminile di Oxumar\u00e8, impavida guerriera, associata al serpente, antica","robots":{"index":"index","follow":"follow","max-snippet":"max-snippet:-1","max-image-preview":"max-image-preview:large","max-video-preview":"max-video-preview:-1"},"canonical":"https:\/\/ilcrogiuolo.it\/it\/p\/statua-in-gesso-ewa-candomble-cm-22\/","og_locale":"it_IT","og_type":"article","og_title":"Statua in gesso Ewa Candombl\u00e9 cm 22 - Il Crogiuolo","og_description":"Statua in gesso Ewa Candombl\u00e9 cm 22 Bellissima raffigurazione in gesso dell'Orix\u00e0 Ew\u00e0, secondo alcuni miti controparte femminile di Oxumar\u00e8, impavida guerriera, associata al serpente, antica","og_url":"https:\/\/ilcrogiuolo.it\/it\/p\/statua-in-gesso-ewa-candomble-cm-22\/","og_site_name":"Il Crogiuolo","article_publisher":"https:\/\/www.facebook.com\/Il-Crogiuolo-681876418491758","article_modified_time":"2024-03-19T14:00:25+00:00","og_image":[{"width":627,"height":600,"url":"https:\/\/ilcrogiuolo.it\/wp-content\/uploads\/2020\/01\/ewayewa_9132905.jpg","type":"image\/jpeg"}],"twitter_card":"summary_large_image","twitter_misc":{"Tempo di lettura stimato":"1 minuto"},"schema":{"@context":"https:\/\/schema.org","@graph":[{"@type":"WebPage","@id":"https:\/\/ilcrogiuolo.it\/it\/p\/statua-in-gesso-ewa-candomble-cm-22\/","url":"https:\/\/ilcrogiuolo.it\/it\/p\/statua-in-gesso-ewa-candomble-cm-22\/","name":"Statua in gesso Ewa Candombl\u00e9 cm 22 - Il Crogiuolo","isPartOf":{"@id":"https:\/\/ilcrogiuolo.it\/it\/#website"},"primaryImageOfPage":{"@id":"https:\/\/ilcrogiuolo.it\/it\/p\/statua-in-gesso-ewa-candomble-cm-22\/#primaryimage"},"image":{"@id":"https:\/\/ilcrogiuolo.it\/it\/p\/statua-in-gesso-ewa-candomble-cm-22\/#primaryimage"},"thumbnailUrl":"https:\/\/ilcrogiuolo.it\/wp-content\/uploads\/2020\/01\/ewayewa_9132905.jpg","datePublished":"2020-01-14T16:19:26+00:00","dateModified":"2024-03-19T14:00:25+00:00","description":"Statua in gesso Ewa Candombl\u00e9 cm 22 Bellissima raffigurazione in gesso dell'Orix\u00e0 Ew\u00e0, secondo alcuni miti controparte femminile di Oxumar\u00e8, impavida guerriera, associata al serpente, antica","breadcrumb":{"@id":"https:\/\/ilcrogiuolo.it\/it\/p\/statua-in-gesso-ewa-candomble-cm-22\/#breadcrumb"},"inLanguage":"it-IT","potentialAction":[{"@type":"ReadAction","target":["https:\/\/ilcrogiuolo.it\/it\/p\/statua-in-gesso-ewa-candomble-cm-22\/"]}]},{"@type":"ImageObject","inLanguage":"it-IT","@id":"https:\/\/ilcrogiuolo.it\/it\/p\/statua-in-gesso-ewa-candomble-cm-22\/#primaryimage","url":"https:\/\/ilcrogiuolo.it\/wp-content\/uploads\/2020\/01\/ewayewa_9132905.jpg","contentUrl":"https:\/\/ilcrogiuolo.it\/wp-content\/uploads\/2020\/01\/ewayewa_9132905.jpg","width":627,"height":600},{"@type":"BreadcrumbList","@id":"https:\/\/ilcrogiuolo.it\/it\/p\/statua-in-gesso-ewa-candomble-cm-22\/#breadcrumb","itemListElement":[{"@type":"ListItem","position":1,"name":"Home","item":"https:\/\/ilcrogiuolo.it\/it\/"},{"@type":"ListItem","position":2,"name":"Shop","item":"https:\/\/ilcrogiuolo.it\/it\/negozio\/"},{"@type":"ListItem","position":3,"name":"Statua in gesso Ewa Candombl\u00e9 cm 22"}]},{"@type":"WebSite","@id":"https:\/\/ilcrogiuolo.it\/it\/#website","url":"https:\/\/ilcrogiuolo.it\/it\/","name":"Il Crogiuolo","description":"","publisher":{"@id":"https:\/\/ilcrogiuolo.it\/it\/#organization"},"potentialAction":[{"@type":"SearchAction","target":{"@type":"EntryPoint","urlTemplate":"https:\/\/ilcrogiuolo.it\/it\/?s={search_term_string}"},"query-input":{"@type":"PropertyValueSpecification","valueRequired":true,"valueName":"search_term_string"}}],"inLanguage":"it-IT"},{"@type":"Organization","@id":"https:\/\/ilcrogiuolo.it\/it\/#organization","name":"Il Crogiuolo","url":"https:\/\/ilcrogiuolo.it\/it\/","logo":{"@type":"ImageObject","inLanguage":"it-IT","@id":"https:\/\/ilcrogiuolo.it\/it\/#\/schema\/logo\/image\/","url":"https:\/\/ilcrogiuolo.it\/wp-content\/uploads\/2020\/04\/logo.png","contentUrl":"https:\/\/ilcrogiuolo.it\/wp-content\/uploads\/2020\/04\/logo.png","width":200,"height":49,"caption":"Il Crogiuolo"},"image":{"@id":"https:\/\/ilcrogiuolo.it\/it\/#\/schema\/logo\/image\/"},"sameAs":["https:\/\/www.facebook.com\/Il-Crogiuolo-681876418491758"]}]}},"_links":{"self":[{"href":"https:\/\/ilcrogiuolo.it\/it\/wp-json\/wp\/v2\/product\/9483","targetHints":{"allow":["GET"]}}],"collection":[{"href":"https:\/\/ilcrogiuolo.it\/it\/wp-json\/wp\/v2\/product"}],"about":[{"href":"https:\/\/ilcrogiuolo.it\/it\/wp-json\/wp\/v2\/types\/product"}],"wp:featuredmedia":[{"embeddable":true,"href":"https:\/\/ilcrogiuolo.it\/it\/wp-json\/wp\/v2\/media\/9484"}],"wp:attachment":[{"href":"https:\/\/ilcrogiuolo.it\/it\/wp-json\/wp\/v2\/media?parent=9483"}],"wp:term":[{"taxonomy":"product_brand","embeddable":true,"href":"https:\/\/ilcrogiuolo.it\/it\/wp-json\/wp\/v2\/product_brand?post=9483"},{"taxonomy":"product_cat","embeddable":true,"href":"https:\/\/ilcrogiuolo.it\/it\/wp-json\/wp\/v2\/product_cat?post=9483"},{"taxonomy":"product_tag","embeddable":true,"href":"https:\/\/ilcrogiuolo.it\/it\/wp-json\/wp\/v2\/product_tag?post=9483"}],"curies":[{"name":"wp","href":"https:\/\/api.w.org\/{rel}","templated":true}]}}