{"id":947,"date":"2020-01-14T17:02:29","date_gmt":"2020-01-14T16:02:29","guid":{"rendered":"https:\/\/ilcrogiuolo.it\/p\/defumador-oxala\/"},"modified":"2025-09-17T17:34:27","modified_gmt":"2025-09-17T15:34:27","slug":"defumador-oxala","status":"publish","type":"product","link":"https:\/\/ilcrogiuolo.it\/it\/p\/defumador-oxala\/","title":{"rendered":"DEFUMADOR &#8211; OXAL\u00c1"},"content":{"rendered":"<p>I defumadores preparati con le erbe di Oxal\u00e0 si impiegano, nell&#8217;umbanda, per portare pace alle persone sotto stress psicologico od emotivo, per calmare menti squilibrate, persone agitate, si dice che siano utili anche per i problemi delle ossa. Questo naturalmente non esclude il ricorso al medico. Si tratta di pratiche spirituali sostenute dalla fede. Il loro profumo delicato infonde calma, sicurezza, pace, armonia. E\u2019 importante usarli, dicono pai e mae do santo, quando si devono prendere grandi decisioni. Aumentano, tradizionalmente la Medianit\u00e0 e favoriscono la spiritualit\u00e0.<\/p>\n","protected":false},"excerpt":{"rendered":"<p>I defumadores preparati con le erbe di Oxal\u00e0 si impiegano, nell&#8217;umbanda, per portare pace alle persone sotto stress psicologico od&#8230;<\/p>\n","protected":false},"featured_media":51200,"template":"","meta":{"_acf_changed":false},"product_brand":[],"product_cat":[1080,1059,1278],"product_tag":[],"class_list":{"0":"post-947","1":"product","2":"type-product","3":"status-publish","4":"has-post-thumbnail","6":"product_cat-defumadores-e-misture","7":"product_cat-articoli-esoterici","8":"product_cat-defumadores-degli-orixas","10":"first","11":"instock","12":"taxable","13":"shipping-taxable","14":"purchasable","15":"product-type-simple","16":"add-to-wishlist-before_image"},"acf":[],"yoast_head":"<!-- This site is optimized with the Yoast SEO plugin v26.9 - https:\/\/yoast.com\/product\/yoast-seo-wordpress\/ -->\n<title>DEFUMADOR - OXAL\u00c1 - Il Crogiuolo<\/title>\n<meta name=\"description\" content=\"DEFUMADOR - OXAL\u00c1 I defumadores preparati con le erbe di Oxal\u00e0 si impiegano, nell&#039;umbanda, per portare pace alle persone sotto stress psicologico od emotivo, per calmare\" \/>\n<meta name=\"robots\" content=\"index, follow, max-snippet:-1, max-image-preview:large, max-video-preview:-1\" \/>\n<link rel=\"canonical\" href=\"https:\/\/ilcrogiuolo.it\/it\/p\/defumador-oxala\/\" \/>\n<meta property=\"og:locale\" content=\"it_IT\" \/>\n<meta property=\"og:type\" content=\"article\" \/>\n<meta property=\"og:title\" content=\"DEFUMADOR - OXAL\u00c1 - Il Crogiuolo\" \/>\n<meta property=\"og:description\" content=\"DEFUMADOR - OXAL\u00c1 I defumadores preparati con le erbe di Oxal\u00e0 si impiegano, nell&#039;umbanda, per portare pace alle persone sotto stress psicologico od emotivo, per calmare\" \/>\n<meta property=\"og:url\" content=\"https:\/\/ilcrogiuolo.it\/it\/p\/defumador-oxala\/\" \/>\n<meta property=\"og:site_name\" content=\"Il Crogiuolo\" \/>\n<meta property=\"article:publisher\" content=\"https:\/\/www.facebook.com\/Il-Crogiuolo-681876418491758\" \/>\n<meta property=\"article:modified_time\" content=\"2025-09-17T15:34:27+00:00\" \/>\n<meta property=\"og:image\" content=\"https:\/\/ilcrogiuolo.it\/wp-content\/uploads\/2020\/01\/DEFUMADOR-\u2013-OXALA.png\" \/>\n\t<meta property=\"og:image:width\" content=\"1024\" \/>\n\t<meta property=\"og:image:height\" content=\"962\" \/>\n\t<meta property=\"og:image:type\" content=\"image\/png\" \/>\n<meta name=\"twitter:card\" content=\"summary_large_image\" \/>\n<meta name=\"twitter:label1\" content=\"Tempo di lettura stimato\" \/>\n\t<meta name=\"twitter:data1\" content=\"1 minuto\" \/>\n<script type=\"application\/ld+json\" class=\"yoast-schema-graph\">{\"@context\":\"https:\/\/schema.org\",\"@graph\":[{\"@type\":\"WebPage\",\"@id\":\"https:\/\/ilcrogiuolo.it\/it\/p\/defumador-oxala\/\",\"url\":\"https:\/\/ilcrogiuolo.it\/it\/p\/defumador-oxala\/\",\"name\":\"DEFUMADOR - OXAL\u00c1 - Il Crogiuolo\",\"isPartOf\":{\"@id\":\"https:\/\/ilcrogiuolo.it\/it\/#website\"},\"primaryImageOfPage\":{\"@id\":\"https:\/\/ilcrogiuolo.it\/it\/p\/defumador-oxala\/#primaryimage\"},\"image\":{\"@id\":\"https:\/\/ilcrogiuolo.it\/it\/p\/defumador-oxala\/#primaryimage\"},\"thumbnailUrl\":\"https:\/\/ilcrogiuolo.it\/wp-content\/uploads\/2020\/01\/DEFUMADOR-\u2013-OXALA.png\",\"datePublished\":\"2020-01-14T16:02:29+00:00\",\"dateModified\":\"2025-09-17T15:34:27+00:00\",\"description\":\"DEFUMADOR - OXAL\u00c1 I defumadores preparati con le erbe di Oxal\u00e0 si impiegano, nell'umbanda, per portare pace alle persone sotto stress psicologico od emotivo, per calmare\",\"breadcrumb\":{\"@id\":\"https:\/\/ilcrogiuolo.it\/it\/p\/defumador-oxala\/#breadcrumb\"},\"inLanguage\":\"it-IT\",\"potentialAction\":[{\"@type\":\"ReadAction\",\"target\":[\"https:\/\/ilcrogiuolo.it\/it\/p\/defumador-oxala\/\"]}]},{\"@type\":\"ImageObject\",\"inLanguage\":\"it-IT\",\"@id\":\"https:\/\/ilcrogiuolo.it\/it\/p\/defumador-oxala\/#primaryimage\",\"url\":\"https:\/\/ilcrogiuolo.it\/wp-content\/uploads\/2020\/01\/DEFUMADOR-\u2013-OXALA.png\",\"contentUrl\":\"https:\/\/ilcrogiuolo.it\/wp-content\/uploads\/2020\/01\/DEFUMADOR-\u2013-OXALA.png\",\"width\":1024,\"height\":962},{\"@type\":\"BreadcrumbList\",\"@id\":\"https:\/\/ilcrogiuolo.it\/it\/p\/defumador-oxala\/#breadcrumb\",\"itemListElement\":[{\"@type\":\"ListItem\",\"position\":1,\"name\":\"Home\",\"item\":\"https:\/\/ilcrogiuolo.it\/it\/\"},{\"@type\":\"ListItem\",\"position\":2,\"name\":\"Shop\",\"item\":\"https:\/\/ilcrogiuolo.it\/it\/negozio\/\"},{\"@type\":\"ListItem\",\"position\":3,\"name\":\"DEFUMADOR &#8211; OXAL\u00c1\"}]},{\"@type\":\"WebSite\",\"@id\":\"https:\/\/ilcrogiuolo.it\/it\/#website\",\"url\":\"https:\/\/ilcrogiuolo.it\/it\/\",\"name\":\"Il Crogiuolo\",\"description\":\"\",\"publisher\":{\"@id\":\"https:\/\/ilcrogiuolo.it\/it\/#organization\"},\"potentialAction\":[{\"@type\":\"SearchAction\",\"target\":{\"@type\":\"EntryPoint\",\"urlTemplate\":\"https:\/\/ilcrogiuolo.it\/it\/?s={search_term_string}\"},\"query-input\":{\"@type\":\"PropertyValueSpecification\",\"valueRequired\":true,\"valueName\":\"search_term_string\"}}],\"inLanguage\":\"it-IT\"},{\"@type\":\"Organization\",\"@id\":\"https:\/\/ilcrogiuolo.it\/it\/#organization\",\"name\":\"Il Crogiuolo\",\"url\":\"https:\/\/ilcrogiuolo.it\/it\/\",\"logo\":{\"@type\":\"ImageObject\",\"inLanguage\":\"it-IT\",\"@id\":\"https:\/\/ilcrogiuolo.it\/it\/#\/schema\/logo\/image\/\",\"url\":\"https:\/\/ilcrogiuolo.it\/wp-content\/uploads\/2020\/04\/logo.png\",\"contentUrl\":\"https:\/\/ilcrogiuolo.it\/wp-content\/uploads\/2020\/04\/logo.png\",\"width\":200,\"height\":49,\"caption\":\"Il Crogiuolo\"},\"image\":{\"@id\":\"https:\/\/ilcrogiuolo.it\/it\/#\/schema\/logo\/image\/\"},\"sameAs\":[\"https:\/\/www.facebook.com\/Il-Crogiuolo-681876418491758\"]}]}<\/script>\n<!-- \/ Yoast SEO plugin. -->","yoast_head_json":{"title":"DEFUMADOR - OXAL\u00c1 - Il Crogiuolo","description":"DEFUMADOR - OXAL\u00c1 I defumadores preparati con le erbe di Oxal\u00e0 si impiegano, nell'umbanda, per portare pace alle persone sotto stress psicologico od emotivo, per calmare","robots":{"index":"index","follow":"follow","max-snippet":"max-snippet:-1","max-image-preview":"max-image-preview:large","max-video-preview":"max-video-preview:-1"},"canonical":"https:\/\/ilcrogiuolo.it\/it\/p\/defumador-oxala\/","og_locale":"it_IT","og_type":"article","og_title":"DEFUMADOR - OXAL\u00c1 - Il Crogiuolo","og_description":"DEFUMADOR - OXAL\u00c1 I defumadores preparati con le erbe di Oxal\u00e0 si impiegano, nell'umbanda, per portare pace alle persone sotto stress psicologico od emotivo, per calmare","og_url":"https:\/\/ilcrogiuolo.it\/it\/p\/defumador-oxala\/","og_site_name":"Il Crogiuolo","article_publisher":"https:\/\/www.facebook.com\/Il-Crogiuolo-681876418491758","article_modified_time":"2025-09-17T15:34:27+00:00","og_image":[{"width":1024,"height":962,"url":"https:\/\/ilcrogiuolo.it\/wp-content\/uploads\/2020\/01\/DEFUMADOR-\u2013-OXALA.png","type":"image\/png"}],"twitter_card":"summary_large_image","twitter_misc":{"Tempo di lettura stimato":"1 minuto"},"schema":{"@context":"https:\/\/schema.org","@graph":[{"@type":"WebPage","@id":"https:\/\/ilcrogiuolo.it\/it\/p\/defumador-oxala\/","url":"https:\/\/ilcrogiuolo.it\/it\/p\/defumador-oxala\/","name":"DEFUMADOR - OXAL\u00c1 - Il Crogiuolo","isPartOf":{"@id":"https:\/\/ilcrogiuolo.it\/it\/#website"},"primaryImageOfPage":{"@id":"https:\/\/ilcrogiuolo.it\/it\/p\/defumador-oxala\/#primaryimage"},"image":{"@id":"https:\/\/ilcrogiuolo.it\/it\/p\/defumador-oxala\/#primaryimage"},"thumbnailUrl":"https:\/\/ilcrogiuolo.it\/wp-content\/uploads\/2020\/01\/DEFUMADOR-\u2013-OXALA.png","datePublished":"2020-01-14T16:02:29+00:00","dateModified":"2025-09-17T15:34:27+00:00","description":"DEFUMADOR - OXAL\u00c1 I defumadores preparati con le erbe di Oxal\u00e0 si impiegano, nell'umbanda, per portare pace alle persone sotto stress psicologico od emotivo, per calmare","breadcrumb":{"@id":"https:\/\/ilcrogiuolo.it\/it\/p\/defumador-oxala\/#breadcrumb"},"inLanguage":"it-IT","potentialAction":[{"@type":"ReadAction","target":["https:\/\/ilcrogiuolo.it\/it\/p\/defumador-oxala\/"]}]},{"@type":"ImageObject","inLanguage":"it-IT","@id":"https:\/\/ilcrogiuolo.it\/it\/p\/defumador-oxala\/#primaryimage","url":"https:\/\/ilcrogiuolo.it\/wp-content\/uploads\/2020\/01\/DEFUMADOR-\u2013-OXALA.png","contentUrl":"https:\/\/ilcrogiuolo.it\/wp-content\/uploads\/2020\/01\/DEFUMADOR-\u2013-OXALA.png","width":1024,"height":962},{"@type":"BreadcrumbList","@id":"https:\/\/ilcrogiuolo.it\/it\/p\/defumador-oxala\/#breadcrumb","itemListElement":[{"@type":"ListItem","position":1,"name":"Home","item":"https:\/\/ilcrogiuolo.it\/it\/"},{"@type":"ListItem","position":2,"name":"Shop","item":"https:\/\/ilcrogiuolo.it\/it\/negozio\/"},{"@type":"ListItem","position":3,"name":"DEFUMADOR &#8211; OXAL\u00c1"}]},{"@type":"WebSite","@id":"https:\/\/ilcrogiuolo.it\/it\/#website","url":"https:\/\/ilcrogiuolo.it\/it\/","name":"Il Crogiuolo","description":"","publisher":{"@id":"https:\/\/ilcrogiuolo.it\/it\/#organization"},"potentialAction":[{"@type":"SearchAction","target":{"@type":"EntryPoint","urlTemplate":"https:\/\/ilcrogiuolo.it\/it\/?s={search_term_string}"},"query-input":{"@type":"PropertyValueSpecification","valueRequired":true,"valueName":"search_term_string"}}],"inLanguage":"it-IT"},{"@type":"Organization","@id":"https:\/\/ilcrogiuolo.it\/it\/#organization","name":"Il Crogiuolo","url":"https:\/\/ilcrogiuolo.it\/it\/","logo":{"@type":"ImageObject","inLanguage":"it-IT","@id":"https:\/\/ilcrogiuolo.it\/it\/#\/schema\/logo\/image\/","url":"https:\/\/ilcrogiuolo.it\/wp-content\/uploads\/2020\/04\/logo.png","contentUrl":"https:\/\/ilcrogiuolo.it\/wp-content\/uploads\/2020\/04\/logo.png","width":200,"height":49,"caption":"Il Crogiuolo"},"image":{"@id":"https:\/\/ilcrogiuolo.it\/it\/#\/schema\/logo\/image\/"},"sameAs":["https:\/\/www.facebook.com\/Il-Crogiuolo-681876418491758"]}]}},"_links":{"self":[{"href":"https:\/\/ilcrogiuolo.it\/it\/wp-json\/wp\/v2\/product\/947","targetHints":{"allow":["GET"]}}],"collection":[{"href":"https:\/\/ilcrogiuolo.it\/it\/wp-json\/wp\/v2\/product"}],"about":[{"href":"https:\/\/ilcrogiuolo.it\/it\/wp-json\/wp\/v2\/types\/product"}],"wp:featuredmedia":[{"embeddable":true,"href":"https:\/\/ilcrogiuolo.it\/it\/wp-json\/wp\/v2\/media\/51200"}],"wp:attachment":[{"href":"https:\/\/ilcrogiuolo.it\/it\/wp-json\/wp\/v2\/media?parent=947"}],"wp:term":[{"taxonomy":"product_brand","embeddable":true,"href":"https:\/\/ilcrogiuolo.it\/it\/wp-json\/wp\/v2\/product_brand?post=947"},{"taxonomy":"product_cat","embeddable":true,"href":"https:\/\/ilcrogiuolo.it\/it\/wp-json\/wp\/v2\/product_cat?post=947"},{"taxonomy":"product_tag","embeddable":true,"href":"https:\/\/ilcrogiuolo.it\/it\/wp-json\/wp\/v2\/product_tag?post=947"}],"curies":[{"name":"wp","href":"https:\/\/api.w.org\/{rel}","templated":true}]}}