{"id":9424,"date":"2020-01-14T17:19:15","date_gmt":"2020-01-14T16:19:15","guid":{"rendered":"https:\/\/ilcrogiuolo.it\/p\/astrologia-per-tutti\/"},"modified":"2025-09-05T14:29:26","modified_gmt":"2025-09-05T12:29:26","slug":"astrologia-per-tutti","status":"publish","type":"product","link":"https:\/\/ilcrogiuolo.it\/it\/p\/astrologia-per-tutti\/","title":{"rendered":"ASTROLOGIA PER TUTTI"},"content":{"rendered":"<p>L&#8217;astrologia ci aiuta a conoscere l&#8217;Universo, quello che esiste l\u00e0 all&#8217;esterno e quello che esiste dentro di noi. Chi siamo, da dove veniamo, dove stiamo andando. In questo libro vengono fornite tutte le basi, metodologiche e tecniche, per avvicinarsi a questa antichissima disciplina -l&#8217;astrologia &#8211; che si rivela ancora oggi un valido strumento per comprendere meglio noi stessi e gli altri. Perch\u00e9 una persona \u00e8 pronta a venire al mondo solo quando gli astri formano quella configurazione irripetibile che esprime la sua essenza e che troviamo rappresentata nel suo Tema Natale (o oroscopo), ovvero il grafico del cielo nel momento e nel luogo in cui \u00e8 nata. Conoscerlo ci aiuta a comprendere meglio chi siamo e qual \u00e8 il nostro progetto di vita. &#8220;Astrologia per Tutti&#8221; \u00e8 il frutto della ricerca ventennale dell&#8217;autrice che in un unico testo, in modo semplice e pratico, fornisce tutte le risposte raccolte in anni di studio sul campo, rendendo l&#8217;esperienza alla portata di coloro che hanno deciso di volere entrare in un mondo pi\u00f9 grande che li mette in connessione con il cosmo.<\/p>\n<p>Copertina rigida: 223 pagine<br \/>\nEditore: Lo Scarabeo (22 giugno 2017)<br \/>\nLingua: Italiano<br \/>\nISBN-10: 8865274824<br \/>\nISBN-13: 978-8865274828<\/p>\n","protected":false},"excerpt":{"rendered":"<p>L&#8217;astrologia ci aiuta a conoscere l&#8217;Universo, quello che esiste l\u00e0 all&#8217;esterno e quello che esiste dentro di noi. Chi siamo,&#8230;<\/p>\n","protected":false},"featured_media":9425,"template":"","meta":{"_acf_changed":false},"product_brand":[],"product_cat":[1077,1502,1060],"product_tag":[],"class_list":{"0":"post-9424","1":"product","2":"type-product","3":"status-publish","4":"has-post-thumbnail","6":"product_cat-libreria-esoterica-libreria-esoterica","7":"product_cat-edizioni-lo-scarabeo","8":"product_cat-libreria-esoterica","10":"first","11":"outofstock","12":"taxable","13":"shipping-taxable","14":"purchasable","15":"product-type-simple","16":"add-to-wishlist-before_image"},"acf":[],"yoast_head":"<!-- This site is optimized with the Yoast SEO plugin v26.9 - https:\/\/yoast.com\/product\/yoast-seo-wordpress\/ -->\n<title>ASTROLOGIA PER TUTTI - Il Crogiuolo<\/title>\n<meta name=\"description\" content=\"ASTROLOGIA PER TUTTI L&#039;astrologia ci aiuta a conoscere l&#039;Universo, quello che esiste l\u00e0 all&#039;esterno e quello che esiste dentro di noi. Chi siamo, da dove veniamo, dove stiamo\" \/>\n<meta name=\"robots\" content=\"index, follow, max-snippet:-1, max-image-preview:large, max-video-preview:-1\" \/>\n<link rel=\"canonical\" href=\"https:\/\/ilcrogiuolo.it\/it\/p\/astrologia-per-tutti\/\" \/>\n<meta property=\"og:locale\" content=\"it_IT\" \/>\n<meta property=\"og:type\" content=\"article\" \/>\n<meta property=\"og:title\" content=\"ASTROLOGIA PER TUTTI - Il Crogiuolo\" \/>\n<meta property=\"og:description\" content=\"ASTROLOGIA PER TUTTI L&#039;astrologia ci aiuta a conoscere l&#039;Universo, quello che esiste l\u00e0 all&#039;esterno e quello che esiste dentro di noi. Chi siamo, da dove veniamo, dove stiamo\" \/>\n<meta property=\"og:url\" content=\"https:\/\/ilcrogiuolo.it\/it\/p\/astrologia-per-tutti\/\" \/>\n<meta property=\"og:site_name\" content=\"Il Crogiuolo\" \/>\n<meta property=\"article:publisher\" content=\"https:\/\/www.facebook.com\/Il-Crogiuolo-681876418491758\" \/>\n<meta property=\"article:modified_time\" content=\"2025-09-05T12:29:26+00:00\" \/>\n<meta property=\"og:image\" content=\"https:\/\/ilcrogiuolo.it\/wp-content\/uploads\/2020\/01\/astrologiapertutti_6747285.jpg\" \/>\n\t<meta property=\"og:image:width\" content=\"627\" \/>\n\t<meta property=\"og:image:height\" content=\"600\" \/>\n\t<meta property=\"og:image:type\" content=\"image\/jpeg\" \/>\n<meta name=\"twitter:card\" content=\"summary_large_image\" \/>\n<meta name=\"twitter:label1\" content=\"Tempo di lettura stimato\" \/>\n\t<meta name=\"twitter:data1\" content=\"2 minuti\" \/>\n<script type=\"application\/ld+json\" class=\"yoast-schema-graph\">{\"@context\":\"https:\/\/schema.org\",\"@graph\":[{\"@type\":\"WebPage\",\"@id\":\"https:\/\/ilcrogiuolo.it\/it\/p\/astrologia-per-tutti\/\",\"url\":\"https:\/\/ilcrogiuolo.it\/it\/p\/astrologia-per-tutti\/\",\"name\":\"ASTROLOGIA PER TUTTI - Il Crogiuolo\",\"isPartOf\":{\"@id\":\"https:\/\/ilcrogiuolo.it\/it\/#website\"},\"primaryImageOfPage\":{\"@id\":\"https:\/\/ilcrogiuolo.it\/it\/p\/astrologia-per-tutti\/#primaryimage\"},\"image\":{\"@id\":\"https:\/\/ilcrogiuolo.it\/it\/p\/astrologia-per-tutti\/#primaryimage\"},\"thumbnailUrl\":\"https:\/\/ilcrogiuolo.it\/wp-content\/uploads\/2020\/01\/astrologiapertutti_6747285.jpg\",\"datePublished\":\"2020-01-14T16:19:15+00:00\",\"dateModified\":\"2025-09-05T12:29:26+00:00\",\"description\":\"ASTROLOGIA PER TUTTI L'astrologia ci aiuta a conoscere l'Universo, quello che esiste l\u00e0 all'esterno e quello che esiste dentro di noi. Chi siamo, da dove veniamo, dove stiamo\",\"breadcrumb\":{\"@id\":\"https:\/\/ilcrogiuolo.it\/it\/p\/astrologia-per-tutti\/#breadcrumb\"},\"inLanguage\":\"it-IT\",\"potentialAction\":[{\"@type\":\"ReadAction\",\"target\":[\"https:\/\/ilcrogiuolo.it\/it\/p\/astrologia-per-tutti\/\"]}]},{\"@type\":\"ImageObject\",\"inLanguage\":\"it-IT\",\"@id\":\"https:\/\/ilcrogiuolo.it\/it\/p\/astrologia-per-tutti\/#primaryimage\",\"url\":\"https:\/\/ilcrogiuolo.it\/wp-content\/uploads\/2020\/01\/astrologiapertutti_6747285.jpg\",\"contentUrl\":\"https:\/\/ilcrogiuolo.it\/wp-content\/uploads\/2020\/01\/astrologiapertutti_6747285.jpg\",\"width\":627,\"height\":600},{\"@type\":\"BreadcrumbList\",\"@id\":\"https:\/\/ilcrogiuolo.it\/it\/p\/astrologia-per-tutti\/#breadcrumb\",\"itemListElement\":[{\"@type\":\"ListItem\",\"position\":1,\"name\":\"Home\",\"item\":\"https:\/\/ilcrogiuolo.it\/it\/\"},{\"@type\":\"ListItem\",\"position\":2,\"name\":\"Shop\",\"item\":\"https:\/\/ilcrogiuolo.it\/it\/negozio\/\"},{\"@type\":\"ListItem\",\"position\":3,\"name\":\"ASTROLOGIA PER TUTTI\"}]},{\"@type\":\"WebSite\",\"@id\":\"https:\/\/ilcrogiuolo.it\/it\/#website\",\"url\":\"https:\/\/ilcrogiuolo.it\/it\/\",\"name\":\"Il Crogiuolo\",\"description\":\"\",\"publisher\":{\"@id\":\"https:\/\/ilcrogiuolo.it\/it\/#organization\"},\"potentialAction\":[{\"@type\":\"SearchAction\",\"target\":{\"@type\":\"EntryPoint\",\"urlTemplate\":\"https:\/\/ilcrogiuolo.it\/it\/?s={search_term_string}\"},\"query-input\":{\"@type\":\"PropertyValueSpecification\",\"valueRequired\":true,\"valueName\":\"search_term_string\"}}],\"inLanguage\":\"it-IT\"},{\"@type\":\"Organization\",\"@id\":\"https:\/\/ilcrogiuolo.it\/it\/#organization\",\"name\":\"Il Crogiuolo\",\"url\":\"https:\/\/ilcrogiuolo.it\/it\/\",\"logo\":{\"@type\":\"ImageObject\",\"inLanguage\":\"it-IT\",\"@id\":\"https:\/\/ilcrogiuolo.it\/it\/#\/schema\/logo\/image\/\",\"url\":\"https:\/\/ilcrogiuolo.it\/wp-content\/uploads\/2020\/04\/logo.png\",\"contentUrl\":\"https:\/\/ilcrogiuolo.it\/wp-content\/uploads\/2020\/04\/logo.png\",\"width\":200,\"height\":49,\"caption\":\"Il Crogiuolo\"},\"image\":{\"@id\":\"https:\/\/ilcrogiuolo.it\/it\/#\/schema\/logo\/image\/\"},\"sameAs\":[\"https:\/\/www.facebook.com\/Il-Crogiuolo-681876418491758\"]}]}<\/script>\n<!-- \/ Yoast SEO plugin. -->","yoast_head_json":{"title":"ASTROLOGIA PER TUTTI - Il Crogiuolo","description":"ASTROLOGIA PER TUTTI L'astrologia ci aiuta a conoscere l'Universo, quello che esiste l\u00e0 all'esterno e quello che esiste dentro di noi. Chi siamo, da dove veniamo, dove stiamo","robots":{"index":"index","follow":"follow","max-snippet":"max-snippet:-1","max-image-preview":"max-image-preview:large","max-video-preview":"max-video-preview:-1"},"canonical":"https:\/\/ilcrogiuolo.it\/it\/p\/astrologia-per-tutti\/","og_locale":"it_IT","og_type":"article","og_title":"ASTROLOGIA PER TUTTI - Il Crogiuolo","og_description":"ASTROLOGIA PER TUTTI L'astrologia ci aiuta a conoscere l'Universo, quello che esiste l\u00e0 all'esterno e quello che esiste dentro di noi. Chi siamo, da dove veniamo, dove stiamo","og_url":"https:\/\/ilcrogiuolo.it\/it\/p\/astrologia-per-tutti\/","og_site_name":"Il Crogiuolo","article_publisher":"https:\/\/www.facebook.com\/Il-Crogiuolo-681876418491758","article_modified_time":"2025-09-05T12:29:26+00:00","og_image":[{"width":627,"height":600,"url":"https:\/\/ilcrogiuolo.it\/wp-content\/uploads\/2020\/01\/astrologiapertutti_6747285.jpg","type":"image\/jpeg"}],"twitter_card":"summary_large_image","twitter_misc":{"Tempo di lettura stimato":"2 minuti"},"schema":{"@context":"https:\/\/schema.org","@graph":[{"@type":"WebPage","@id":"https:\/\/ilcrogiuolo.it\/it\/p\/astrologia-per-tutti\/","url":"https:\/\/ilcrogiuolo.it\/it\/p\/astrologia-per-tutti\/","name":"ASTROLOGIA PER TUTTI - Il Crogiuolo","isPartOf":{"@id":"https:\/\/ilcrogiuolo.it\/it\/#website"},"primaryImageOfPage":{"@id":"https:\/\/ilcrogiuolo.it\/it\/p\/astrologia-per-tutti\/#primaryimage"},"image":{"@id":"https:\/\/ilcrogiuolo.it\/it\/p\/astrologia-per-tutti\/#primaryimage"},"thumbnailUrl":"https:\/\/ilcrogiuolo.it\/wp-content\/uploads\/2020\/01\/astrologiapertutti_6747285.jpg","datePublished":"2020-01-14T16:19:15+00:00","dateModified":"2025-09-05T12:29:26+00:00","description":"ASTROLOGIA PER TUTTI L'astrologia ci aiuta a conoscere l'Universo, quello che esiste l\u00e0 all'esterno e quello che esiste dentro di noi. Chi siamo, da dove veniamo, dove stiamo","breadcrumb":{"@id":"https:\/\/ilcrogiuolo.it\/it\/p\/astrologia-per-tutti\/#breadcrumb"},"inLanguage":"it-IT","potentialAction":[{"@type":"ReadAction","target":["https:\/\/ilcrogiuolo.it\/it\/p\/astrologia-per-tutti\/"]}]},{"@type":"ImageObject","inLanguage":"it-IT","@id":"https:\/\/ilcrogiuolo.it\/it\/p\/astrologia-per-tutti\/#primaryimage","url":"https:\/\/ilcrogiuolo.it\/wp-content\/uploads\/2020\/01\/astrologiapertutti_6747285.jpg","contentUrl":"https:\/\/ilcrogiuolo.it\/wp-content\/uploads\/2020\/01\/astrologiapertutti_6747285.jpg","width":627,"height":600},{"@type":"BreadcrumbList","@id":"https:\/\/ilcrogiuolo.it\/it\/p\/astrologia-per-tutti\/#breadcrumb","itemListElement":[{"@type":"ListItem","position":1,"name":"Home","item":"https:\/\/ilcrogiuolo.it\/it\/"},{"@type":"ListItem","position":2,"name":"Shop","item":"https:\/\/ilcrogiuolo.it\/it\/negozio\/"},{"@type":"ListItem","position":3,"name":"ASTROLOGIA PER TUTTI"}]},{"@type":"WebSite","@id":"https:\/\/ilcrogiuolo.it\/it\/#website","url":"https:\/\/ilcrogiuolo.it\/it\/","name":"Il Crogiuolo","description":"","publisher":{"@id":"https:\/\/ilcrogiuolo.it\/it\/#organization"},"potentialAction":[{"@type":"SearchAction","target":{"@type":"EntryPoint","urlTemplate":"https:\/\/ilcrogiuolo.it\/it\/?s={search_term_string}"},"query-input":{"@type":"PropertyValueSpecification","valueRequired":true,"valueName":"search_term_string"}}],"inLanguage":"it-IT"},{"@type":"Organization","@id":"https:\/\/ilcrogiuolo.it\/it\/#organization","name":"Il Crogiuolo","url":"https:\/\/ilcrogiuolo.it\/it\/","logo":{"@type":"ImageObject","inLanguage":"it-IT","@id":"https:\/\/ilcrogiuolo.it\/it\/#\/schema\/logo\/image\/","url":"https:\/\/ilcrogiuolo.it\/wp-content\/uploads\/2020\/04\/logo.png","contentUrl":"https:\/\/ilcrogiuolo.it\/wp-content\/uploads\/2020\/04\/logo.png","width":200,"height":49,"caption":"Il Crogiuolo"},"image":{"@id":"https:\/\/ilcrogiuolo.it\/it\/#\/schema\/logo\/image\/"},"sameAs":["https:\/\/www.facebook.com\/Il-Crogiuolo-681876418491758"]}]}},"_links":{"self":[{"href":"https:\/\/ilcrogiuolo.it\/it\/wp-json\/wp\/v2\/product\/9424","targetHints":{"allow":["GET"]}}],"collection":[{"href":"https:\/\/ilcrogiuolo.it\/it\/wp-json\/wp\/v2\/product"}],"about":[{"href":"https:\/\/ilcrogiuolo.it\/it\/wp-json\/wp\/v2\/types\/product"}],"wp:featuredmedia":[{"embeddable":true,"href":"https:\/\/ilcrogiuolo.it\/it\/wp-json\/wp\/v2\/media\/9425"}],"wp:attachment":[{"href":"https:\/\/ilcrogiuolo.it\/it\/wp-json\/wp\/v2\/media?parent=9424"}],"wp:term":[{"taxonomy":"product_brand","embeddable":true,"href":"https:\/\/ilcrogiuolo.it\/it\/wp-json\/wp\/v2\/product_brand?post=9424"},{"taxonomy":"product_cat","embeddable":true,"href":"https:\/\/ilcrogiuolo.it\/it\/wp-json\/wp\/v2\/product_cat?post=9424"},{"taxonomy":"product_tag","embeddable":true,"href":"https:\/\/ilcrogiuolo.it\/it\/wp-json\/wp\/v2\/product_tag?post=9424"}],"curies":[{"name":"wp","href":"https:\/\/api.w.org\/{rel}","templated":true}]}}