{"id":9402,"date":"2020-01-14T17:19:15","date_gmt":"2020-01-14T16:19:15","guid":{"rendered":"https:\/\/ilcrogiuolo.it\/p\/healing-light-tarot-di-c-butler\/"},"modified":"2022-02-01T14:40:51","modified_gmt":"2022-02-01T13:40:51","slug":"healing-light-tarot-di-c-butler","status":"publish","type":"product","link":"https:\/\/ilcrogiuolo.it\/it\/p\/healing-light-tarot-di-c-butler\/","title":{"rendered":"HEALING LIGHT TAROT  di C. Butler"},"content":{"rendered":"<p>La Luce guaritrice \u00e8 un concetto celtico. La luce non brilla mai nella sua interezza, ma si accompagna sempre alle ombre che lei stessa ha generato. All&#8217;alba e al tramonto, quando il velo tra il mondo materiale e quello spirituale \u00e8 pi\u00f9 evanescente, si apre uno spiraglio per le visioni, per la comprensione, e per la guarigione.<br \/>\nI 22 Arcani Maggiori rappresentano gli archetipi spirituali e i poteri invisibili che guidano le nostre vite. I 56 Arcani Minori rappresentano i quattro elementi: i denari sono il seme della materialit\u00e0, le spade veicolano la forza del pensiero, i bastoni incarnano la forza della creativit\u00e0 e le coppe danno forma ai sentimenti. Una nuova opera dell&#8217;artista britannico Christopher Butler (gi\u00e0 autore del Quantum Tarot).<\/p>\n","protected":false},"excerpt":{"rendered":"<p>La Luce guaritrice \u00e8 un concetto celtico. La luce non brilla mai nella sua interezza, ma si accompagna sempre alle&#8230;<\/p>\n","protected":false},"featured_media":9403,"template":"","meta":{"_acf_changed":false},"product_brand":[],"product_cat":[1088,1062,1401],"product_tag":[],"class_list":{"0":"post-9402","1":"product","2":"type-product","3":"status-publish","4":"has-post-thumbnail","6":"product_cat-tarocchi-sibille-oracoli","7":"product_cat-divinazione","8":"product_cat-tarocchi-storici-lo-scarabeo","10":"first","11":"instock","12":"taxable","13":"shipping-taxable","14":"purchasable","15":"product-type-simple","16":"add-to-wishlist-before_image"},"acf":[],"yoast_head":"<!-- This site is optimized with the Yoast SEO plugin v26.9 - https:\/\/yoast.com\/product\/yoast-seo-wordpress\/ -->\n<title>HEALING LIGHT TAROT di C. Butler - Il Crogiuolo<\/title>\n<meta name=\"description\" content=\"HEALING LIGHT TAROT di C. Butler La Luce guaritrice \u00e8 un concetto celtico. La luce non brilla mai nella sua interezza, ma si accompagna sempre alle ombre che lei stessa ha generato.\" \/>\n<meta name=\"robots\" content=\"index, follow, max-snippet:-1, max-image-preview:large, max-video-preview:-1\" \/>\n<link rel=\"canonical\" href=\"https:\/\/ilcrogiuolo.it\/it\/p\/healing-light-tarot-di-c-butler\/\" \/>\n<meta property=\"og:locale\" content=\"it_IT\" \/>\n<meta property=\"og:type\" content=\"article\" \/>\n<meta property=\"og:title\" content=\"HEALING LIGHT TAROT di C. Butler - Il Crogiuolo\" \/>\n<meta property=\"og:description\" content=\"HEALING LIGHT TAROT di C. Butler La Luce guaritrice \u00e8 un concetto celtico. La luce non brilla mai nella sua interezza, ma si accompagna sempre alle ombre che lei stessa ha generato.\" \/>\n<meta property=\"og:url\" content=\"https:\/\/ilcrogiuolo.it\/it\/p\/healing-light-tarot-di-c-butler\/\" \/>\n<meta property=\"og:site_name\" content=\"Il Crogiuolo\" \/>\n<meta property=\"article:publisher\" content=\"https:\/\/www.facebook.com\/Il-Crogiuolo-681876418491758\" \/>\n<meta property=\"article:modified_time\" content=\"2022-02-01T13:40:51+00:00\" \/>\n<meta property=\"og:image\" content=\"https:\/\/ilcrogiuolo.it\/wp-content\/uploads\/2020\/01\/healinglight_3089477.jpg\" \/>\n\t<meta property=\"og:image:width\" content=\"627\" \/>\n\t<meta property=\"og:image:height\" content=\"600\" \/>\n\t<meta property=\"og:image:type\" content=\"image\/jpeg\" \/>\n<meta name=\"twitter:card\" content=\"summary_large_image\" \/>\n<meta name=\"twitter:label1\" content=\"Tempo di lettura stimato\" \/>\n\t<meta name=\"twitter:data1\" content=\"1 minuto\" \/>\n<script type=\"application\/ld+json\" class=\"yoast-schema-graph\">{\"@context\":\"https:\/\/schema.org\",\"@graph\":[{\"@type\":\"WebPage\",\"@id\":\"https:\/\/ilcrogiuolo.it\/it\/p\/healing-light-tarot-di-c-butler\/\",\"url\":\"https:\/\/ilcrogiuolo.it\/it\/p\/healing-light-tarot-di-c-butler\/\",\"name\":\"HEALING LIGHT TAROT di C. Butler - Il Crogiuolo\",\"isPartOf\":{\"@id\":\"https:\/\/ilcrogiuolo.it\/it\/#website\"},\"primaryImageOfPage\":{\"@id\":\"https:\/\/ilcrogiuolo.it\/it\/p\/healing-light-tarot-di-c-butler\/#primaryimage\"},\"image\":{\"@id\":\"https:\/\/ilcrogiuolo.it\/it\/p\/healing-light-tarot-di-c-butler\/#primaryimage\"},\"thumbnailUrl\":\"https:\/\/ilcrogiuolo.it\/wp-content\/uploads\/2020\/01\/healinglight_3089477.jpg\",\"datePublished\":\"2020-01-14T16:19:15+00:00\",\"dateModified\":\"2022-02-01T13:40:51+00:00\",\"description\":\"HEALING LIGHT TAROT di C. Butler La Luce guaritrice \u00e8 un concetto celtico. La luce non brilla mai nella sua interezza, ma si accompagna sempre alle ombre che lei stessa ha generato.\",\"breadcrumb\":{\"@id\":\"https:\/\/ilcrogiuolo.it\/it\/p\/healing-light-tarot-di-c-butler\/#breadcrumb\"},\"inLanguage\":\"it-IT\",\"potentialAction\":[{\"@type\":\"ReadAction\",\"target\":[\"https:\/\/ilcrogiuolo.it\/it\/p\/healing-light-tarot-di-c-butler\/\"]}]},{\"@type\":\"ImageObject\",\"inLanguage\":\"it-IT\",\"@id\":\"https:\/\/ilcrogiuolo.it\/it\/p\/healing-light-tarot-di-c-butler\/#primaryimage\",\"url\":\"https:\/\/ilcrogiuolo.it\/wp-content\/uploads\/2020\/01\/healinglight_3089477.jpg\",\"contentUrl\":\"https:\/\/ilcrogiuolo.it\/wp-content\/uploads\/2020\/01\/healinglight_3089477.jpg\",\"width\":627,\"height\":600},{\"@type\":\"BreadcrumbList\",\"@id\":\"https:\/\/ilcrogiuolo.it\/it\/p\/healing-light-tarot-di-c-butler\/#breadcrumb\",\"itemListElement\":[{\"@type\":\"ListItem\",\"position\":1,\"name\":\"Home\",\"item\":\"https:\/\/ilcrogiuolo.it\/it\/\"},{\"@type\":\"ListItem\",\"position\":2,\"name\":\"Shop\",\"item\":\"https:\/\/ilcrogiuolo.it\/it\/negozio\/\"},{\"@type\":\"ListItem\",\"position\":3,\"name\":\"HEALING LIGHT TAROT di C. Butler\"}]},{\"@type\":\"WebSite\",\"@id\":\"https:\/\/ilcrogiuolo.it\/it\/#website\",\"url\":\"https:\/\/ilcrogiuolo.it\/it\/\",\"name\":\"Il Crogiuolo\",\"description\":\"\",\"publisher\":{\"@id\":\"https:\/\/ilcrogiuolo.it\/it\/#organization\"},\"potentialAction\":[{\"@type\":\"SearchAction\",\"target\":{\"@type\":\"EntryPoint\",\"urlTemplate\":\"https:\/\/ilcrogiuolo.it\/it\/?s={search_term_string}\"},\"query-input\":{\"@type\":\"PropertyValueSpecification\",\"valueRequired\":true,\"valueName\":\"search_term_string\"}}],\"inLanguage\":\"it-IT\"},{\"@type\":\"Organization\",\"@id\":\"https:\/\/ilcrogiuolo.it\/it\/#organization\",\"name\":\"Il Crogiuolo\",\"url\":\"https:\/\/ilcrogiuolo.it\/it\/\",\"logo\":{\"@type\":\"ImageObject\",\"inLanguage\":\"it-IT\",\"@id\":\"https:\/\/ilcrogiuolo.it\/it\/#\/schema\/logo\/image\/\",\"url\":\"https:\/\/ilcrogiuolo.it\/wp-content\/uploads\/2020\/04\/logo.png\",\"contentUrl\":\"https:\/\/ilcrogiuolo.it\/wp-content\/uploads\/2020\/04\/logo.png\",\"width\":200,\"height\":49,\"caption\":\"Il Crogiuolo\"},\"image\":{\"@id\":\"https:\/\/ilcrogiuolo.it\/it\/#\/schema\/logo\/image\/\"},\"sameAs\":[\"https:\/\/www.facebook.com\/Il-Crogiuolo-681876418491758\"]}]}<\/script>\n<!-- \/ Yoast SEO plugin. -->","yoast_head_json":{"title":"HEALING LIGHT TAROT di C. Butler - Il Crogiuolo","description":"HEALING LIGHT TAROT di C. Butler La Luce guaritrice \u00e8 un concetto celtico. La luce non brilla mai nella sua interezza, ma si accompagna sempre alle ombre che lei stessa ha generato.","robots":{"index":"index","follow":"follow","max-snippet":"max-snippet:-1","max-image-preview":"max-image-preview:large","max-video-preview":"max-video-preview:-1"},"canonical":"https:\/\/ilcrogiuolo.it\/it\/p\/healing-light-tarot-di-c-butler\/","og_locale":"it_IT","og_type":"article","og_title":"HEALING LIGHT TAROT di C. Butler - Il Crogiuolo","og_description":"HEALING LIGHT TAROT di C. Butler La Luce guaritrice \u00e8 un concetto celtico. La luce non brilla mai nella sua interezza, ma si accompagna sempre alle ombre che lei stessa ha generato.","og_url":"https:\/\/ilcrogiuolo.it\/it\/p\/healing-light-tarot-di-c-butler\/","og_site_name":"Il Crogiuolo","article_publisher":"https:\/\/www.facebook.com\/Il-Crogiuolo-681876418491758","article_modified_time":"2022-02-01T13:40:51+00:00","og_image":[{"width":627,"height":600,"url":"https:\/\/ilcrogiuolo.it\/wp-content\/uploads\/2020\/01\/healinglight_3089477.jpg","type":"image\/jpeg"}],"twitter_card":"summary_large_image","twitter_misc":{"Tempo di lettura stimato":"1 minuto"},"schema":{"@context":"https:\/\/schema.org","@graph":[{"@type":"WebPage","@id":"https:\/\/ilcrogiuolo.it\/it\/p\/healing-light-tarot-di-c-butler\/","url":"https:\/\/ilcrogiuolo.it\/it\/p\/healing-light-tarot-di-c-butler\/","name":"HEALING LIGHT TAROT di C. Butler - Il Crogiuolo","isPartOf":{"@id":"https:\/\/ilcrogiuolo.it\/it\/#website"},"primaryImageOfPage":{"@id":"https:\/\/ilcrogiuolo.it\/it\/p\/healing-light-tarot-di-c-butler\/#primaryimage"},"image":{"@id":"https:\/\/ilcrogiuolo.it\/it\/p\/healing-light-tarot-di-c-butler\/#primaryimage"},"thumbnailUrl":"https:\/\/ilcrogiuolo.it\/wp-content\/uploads\/2020\/01\/healinglight_3089477.jpg","datePublished":"2020-01-14T16:19:15+00:00","dateModified":"2022-02-01T13:40:51+00:00","description":"HEALING LIGHT TAROT di C. Butler La Luce guaritrice \u00e8 un concetto celtico. La luce non brilla mai nella sua interezza, ma si accompagna sempre alle ombre che lei stessa ha generato.","breadcrumb":{"@id":"https:\/\/ilcrogiuolo.it\/it\/p\/healing-light-tarot-di-c-butler\/#breadcrumb"},"inLanguage":"it-IT","potentialAction":[{"@type":"ReadAction","target":["https:\/\/ilcrogiuolo.it\/it\/p\/healing-light-tarot-di-c-butler\/"]}]},{"@type":"ImageObject","inLanguage":"it-IT","@id":"https:\/\/ilcrogiuolo.it\/it\/p\/healing-light-tarot-di-c-butler\/#primaryimage","url":"https:\/\/ilcrogiuolo.it\/wp-content\/uploads\/2020\/01\/healinglight_3089477.jpg","contentUrl":"https:\/\/ilcrogiuolo.it\/wp-content\/uploads\/2020\/01\/healinglight_3089477.jpg","width":627,"height":600},{"@type":"BreadcrumbList","@id":"https:\/\/ilcrogiuolo.it\/it\/p\/healing-light-tarot-di-c-butler\/#breadcrumb","itemListElement":[{"@type":"ListItem","position":1,"name":"Home","item":"https:\/\/ilcrogiuolo.it\/it\/"},{"@type":"ListItem","position":2,"name":"Shop","item":"https:\/\/ilcrogiuolo.it\/it\/negozio\/"},{"@type":"ListItem","position":3,"name":"HEALING LIGHT TAROT di C. Butler"}]},{"@type":"WebSite","@id":"https:\/\/ilcrogiuolo.it\/it\/#website","url":"https:\/\/ilcrogiuolo.it\/it\/","name":"Il Crogiuolo","description":"","publisher":{"@id":"https:\/\/ilcrogiuolo.it\/it\/#organization"},"potentialAction":[{"@type":"SearchAction","target":{"@type":"EntryPoint","urlTemplate":"https:\/\/ilcrogiuolo.it\/it\/?s={search_term_string}"},"query-input":{"@type":"PropertyValueSpecification","valueRequired":true,"valueName":"search_term_string"}}],"inLanguage":"it-IT"},{"@type":"Organization","@id":"https:\/\/ilcrogiuolo.it\/it\/#organization","name":"Il Crogiuolo","url":"https:\/\/ilcrogiuolo.it\/it\/","logo":{"@type":"ImageObject","inLanguage":"it-IT","@id":"https:\/\/ilcrogiuolo.it\/it\/#\/schema\/logo\/image\/","url":"https:\/\/ilcrogiuolo.it\/wp-content\/uploads\/2020\/04\/logo.png","contentUrl":"https:\/\/ilcrogiuolo.it\/wp-content\/uploads\/2020\/04\/logo.png","width":200,"height":49,"caption":"Il Crogiuolo"},"image":{"@id":"https:\/\/ilcrogiuolo.it\/it\/#\/schema\/logo\/image\/"},"sameAs":["https:\/\/www.facebook.com\/Il-Crogiuolo-681876418491758"]}]}},"_links":{"self":[{"href":"https:\/\/ilcrogiuolo.it\/it\/wp-json\/wp\/v2\/product\/9402","targetHints":{"allow":["GET"]}}],"collection":[{"href":"https:\/\/ilcrogiuolo.it\/it\/wp-json\/wp\/v2\/product"}],"about":[{"href":"https:\/\/ilcrogiuolo.it\/it\/wp-json\/wp\/v2\/types\/product"}],"wp:featuredmedia":[{"embeddable":true,"href":"https:\/\/ilcrogiuolo.it\/it\/wp-json\/wp\/v2\/media\/9403"}],"wp:attachment":[{"href":"https:\/\/ilcrogiuolo.it\/it\/wp-json\/wp\/v2\/media?parent=9402"}],"wp:term":[{"taxonomy":"product_brand","embeddable":true,"href":"https:\/\/ilcrogiuolo.it\/it\/wp-json\/wp\/v2\/product_brand?post=9402"},{"taxonomy":"product_cat","embeddable":true,"href":"https:\/\/ilcrogiuolo.it\/it\/wp-json\/wp\/v2\/product_cat?post=9402"},{"taxonomy":"product_tag","embeddable":true,"href":"https:\/\/ilcrogiuolo.it\/it\/wp-json\/wp\/v2\/product_tag?post=9402"}],"curies":[{"name":"wp","href":"https:\/\/api.w.org\/{rel}","templated":true}]}}