{"id":9390,"date":"2020-01-14T17:19:08","date_gmt":"2020-01-14T16:19:08","guid":{"rendered":"https:\/\/ilcrogiuolo.it\/p\/spray-dominio-dominante\/"},"modified":"2025-06-06T11:37:54","modified_gmt":"2025-06-06T09:37:54","slug":"spray-dominio-dominante","status":"publish","type":"product","link":"https:\/\/ilcrogiuolo.it\/it\/p\/spray-dominio-dominante\/","title":{"rendered":"SPRAY DOMINIO &#8211; Dominante"},"content":{"rendered":"<p>NUOVA FORMULA POTENZIATA!<\/p>\n<p>Secondo la tradizione se si desidera avere controllo su un luogo (lavorativo o domestico) o su una persona si pu\u00f2 ricorrere a questa formula preparata con essenze che agiscono tradizionalmente sulla volont\u00e0 di un individuo. Si pu\u00f2 impiegare in qualsiasi giorno ed in qualsiasi fase lunare. Inserire all\u2019interno del flacone il nome della persona su cui si vuole ottenere, quindi con fermezza si reciti questa preghiera:\u201dSpirito Dominante, suggestivo e confondente, ti chiedo di agire sullo spirito vivo, giudizio e pensamento di (nome della persona). Santa Marta, dominatrice del serpente, cattura i suoi cinque sensi, San Marcos de leon, ammansiscilo come sai ammansire le bestie feroci affinch\u00e8 (nome della persona) faccia ci\u00f2 che chiedo (dire ci\u00f2 che si desidera ottenere)\u201d. Sputare nel flacone tre volte. Agitarlo e spruzzarlo nel luogo dove sta la persona su cui si vuole agire. Questo prodotto pu\u00f2 essere associato all\u2019impiego del Vel\u00f2n Dominio.<\/p>\n<p>Uso: spruzzare negli angoli di un locale.<\/p>\n<p>CONFEZIONE IN PLASTICA ML 125<\/p>\n","protected":false},"excerpt":{"rendered":"<p>NUOVA FORMULA POTENZIATA! Secondo la tradizione se si desidera avere controllo su un luogo (lavorativo o domestico) o su una&#8230;<\/p>\n","protected":false},"featured_media":39094,"template":"","meta":{"_acf_changed":false},"product_brand":[],"product_cat":[1078,1059,1315],"product_tag":[],"class_list":{"0":"post-9390","1":"product","2":"type-product","3":"status-publish","4":"has-post-thumbnail","6":"product_cat-prodotti-esoterici-voodoo-vodun-vudu-santeria","7":"product_cat-articoli-esoterici","8":"product_cat-fluidi-colonie-lozioni-voodoo-santeria","10":"first","11":"instock","12":"taxable","13":"shipping-taxable","14":"purchasable","15":"product-type-simple","16":"add-to-wishlist-before_image"},"acf":[],"yoast_head":"<!-- This site is optimized with the Yoast SEO plugin v26.9 - https:\/\/yoast.com\/product\/yoast-seo-wordpress\/ -->\n<title>SPRAY DOMINIO - Dominante - Il Crogiuolo<\/title>\n<meta name=\"description\" content=\"SPRAY DOMINIO - Dominante NUOVA FORMULA POTENZIATA! Secondo la tradizione se si desidera avere controllo su un luogo (lavorativo o domestico) o su una persona si pu\u00f2 ricorrere a\" \/>\n<meta name=\"robots\" content=\"index, follow, max-snippet:-1, max-image-preview:large, max-video-preview:-1\" \/>\n<link rel=\"canonical\" href=\"https:\/\/ilcrogiuolo.it\/it\/p\/spray-dominio-dominante\/\" \/>\n<meta property=\"og:locale\" content=\"it_IT\" \/>\n<meta property=\"og:type\" content=\"article\" \/>\n<meta property=\"og:title\" content=\"SPRAY DOMINIO - Dominante - Il Crogiuolo\" \/>\n<meta property=\"og:description\" content=\"SPRAY DOMINIO - Dominante NUOVA FORMULA POTENZIATA! Secondo la tradizione se si desidera avere controllo su un luogo (lavorativo o domestico) o su una persona si pu\u00f2 ricorrere a\" \/>\n<meta property=\"og:url\" content=\"https:\/\/ilcrogiuolo.it\/it\/p\/spray-dominio-dominante\/\" \/>\n<meta property=\"og:site_name\" content=\"Il Crogiuolo\" \/>\n<meta property=\"article:publisher\" content=\"https:\/\/www.facebook.com\/Il-Crogiuolo-681876418491758\" \/>\n<meta property=\"article:modified_time\" content=\"2025-06-06T09:37:54+00:00\" \/>\n<meta property=\"og:image\" content=\"https:\/\/ilcrogiuolo.it\/wp-content\/uploads\/2020\/01\/DOMINANTE.jpg\" \/>\n\t<meta property=\"og:image:width\" content=\"2010\" \/>\n\t<meta property=\"og:image:height\" content=\"2016\" \/>\n\t<meta property=\"og:image:type\" content=\"image\/jpeg\" \/>\n<meta name=\"twitter:card\" content=\"summary_large_image\" \/>\n<meta name=\"twitter:label1\" content=\"Tempo di lettura stimato\" \/>\n\t<meta name=\"twitter:data1\" content=\"2 minuti\" \/>\n<script type=\"application\/ld+json\" class=\"yoast-schema-graph\">{\"@context\":\"https:\/\/schema.org\",\"@graph\":[{\"@type\":\"WebPage\",\"@id\":\"https:\/\/ilcrogiuolo.it\/it\/p\/spray-dominio-dominante\/\",\"url\":\"https:\/\/ilcrogiuolo.it\/it\/p\/spray-dominio-dominante\/\",\"name\":\"SPRAY DOMINIO - Dominante - Il Crogiuolo\",\"isPartOf\":{\"@id\":\"https:\/\/ilcrogiuolo.it\/it\/#website\"},\"primaryImageOfPage\":{\"@id\":\"https:\/\/ilcrogiuolo.it\/it\/p\/spray-dominio-dominante\/#primaryimage\"},\"image\":{\"@id\":\"https:\/\/ilcrogiuolo.it\/it\/p\/spray-dominio-dominante\/#primaryimage\"},\"thumbnailUrl\":\"https:\/\/ilcrogiuolo.it\/wp-content\/uploads\/2020\/01\/DOMINANTE.jpg\",\"datePublished\":\"2020-01-14T16:19:08+00:00\",\"dateModified\":\"2025-06-06T09:37:54+00:00\",\"description\":\"SPRAY DOMINIO - Dominante NUOVA FORMULA POTENZIATA! Secondo la tradizione se si desidera avere controllo su un luogo (lavorativo o domestico) o su una persona si pu\u00f2 ricorrere a\",\"breadcrumb\":{\"@id\":\"https:\/\/ilcrogiuolo.it\/it\/p\/spray-dominio-dominante\/#breadcrumb\"},\"inLanguage\":\"it-IT\",\"potentialAction\":[{\"@type\":\"ReadAction\",\"target\":[\"https:\/\/ilcrogiuolo.it\/it\/p\/spray-dominio-dominante\/\"]}]},{\"@type\":\"ImageObject\",\"inLanguage\":\"it-IT\",\"@id\":\"https:\/\/ilcrogiuolo.it\/it\/p\/spray-dominio-dominante\/#primaryimage\",\"url\":\"https:\/\/ilcrogiuolo.it\/wp-content\/uploads\/2020\/01\/DOMINANTE.jpg\",\"contentUrl\":\"https:\/\/ilcrogiuolo.it\/wp-content\/uploads\/2020\/01\/DOMINANTE.jpg\",\"width\":2010,\"height\":2016},{\"@type\":\"BreadcrumbList\",\"@id\":\"https:\/\/ilcrogiuolo.it\/it\/p\/spray-dominio-dominante\/#breadcrumb\",\"itemListElement\":[{\"@type\":\"ListItem\",\"position\":1,\"name\":\"Home\",\"item\":\"https:\/\/ilcrogiuolo.it\/it\/\"},{\"@type\":\"ListItem\",\"position\":2,\"name\":\"Shop\",\"item\":\"https:\/\/ilcrogiuolo.it\/it\/negozio\/\"},{\"@type\":\"ListItem\",\"position\":3,\"name\":\"SPRAY DOMINIO &#8211; Dominante\"}]},{\"@type\":\"WebSite\",\"@id\":\"https:\/\/ilcrogiuolo.it\/it\/#website\",\"url\":\"https:\/\/ilcrogiuolo.it\/it\/\",\"name\":\"Il Crogiuolo\",\"description\":\"\",\"publisher\":{\"@id\":\"https:\/\/ilcrogiuolo.it\/it\/#organization\"},\"potentialAction\":[{\"@type\":\"SearchAction\",\"target\":{\"@type\":\"EntryPoint\",\"urlTemplate\":\"https:\/\/ilcrogiuolo.it\/it\/?s={search_term_string}\"},\"query-input\":{\"@type\":\"PropertyValueSpecification\",\"valueRequired\":true,\"valueName\":\"search_term_string\"}}],\"inLanguage\":\"it-IT\"},{\"@type\":\"Organization\",\"@id\":\"https:\/\/ilcrogiuolo.it\/it\/#organization\",\"name\":\"Il Crogiuolo\",\"url\":\"https:\/\/ilcrogiuolo.it\/it\/\",\"logo\":{\"@type\":\"ImageObject\",\"inLanguage\":\"it-IT\",\"@id\":\"https:\/\/ilcrogiuolo.it\/it\/#\/schema\/logo\/image\/\",\"url\":\"https:\/\/ilcrogiuolo.it\/wp-content\/uploads\/2020\/04\/logo.png\",\"contentUrl\":\"https:\/\/ilcrogiuolo.it\/wp-content\/uploads\/2020\/04\/logo.png\",\"width\":200,\"height\":49,\"caption\":\"Il Crogiuolo\"},\"image\":{\"@id\":\"https:\/\/ilcrogiuolo.it\/it\/#\/schema\/logo\/image\/\"},\"sameAs\":[\"https:\/\/www.facebook.com\/Il-Crogiuolo-681876418491758\"]}]}<\/script>\n<!-- \/ Yoast SEO plugin. -->","yoast_head_json":{"title":"SPRAY DOMINIO - Dominante - Il Crogiuolo","description":"SPRAY DOMINIO - Dominante NUOVA FORMULA POTENZIATA! Secondo la tradizione se si desidera avere controllo su un luogo (lavorativo o domestico) o su una persona si pu\u00f2 ricorrere a","robots":{"index":"index","follow":"follow","max-snippet":"max-snippet:-1","max-image-preview":"max-image-preview:large","max-video-preview":"max-video-preview:-1"},"canonical":"https:\/\/ilcrogiuolo.it\/it\/p\/spray-dominio-dominante\/","og_locale":"it_IT","og_type":"article","og_title":"SPRAY DOMINIO - Dominante - Il Crogiuolo","og_description":"SPRAY DOMINIO - Dominante NUOVA FORMULA POTENZIATA! Secondo la tradizione se si desidera avere controllo su un luogo (lavorativo o domestico) o su una persona si pu\u00f2 ricorrere a","og_url":"https:\/\/ilcrogiuolo.it\/it\/p\/spray-dominio-dominante\/","og_site_name":"Il Crogiuolo","article_publisher":"https:\/\/www.facebook.com\/Il-Crogiuolo-681876418491758","article_modified_time":"2025-06-06T09:37:54+00:00","og_image":[{"width":2010,"height":2016,"url":"https:\/\/ilcrogiuolo.it\/wp-content\/uploads\/2020\/01\/DOMINANTE.jpg","type":"image\/jpeg"}],"twitter_card":"summary_large_image","twitter_misc":{"Tempo di lettura stimato":"2 minuti"},"schema":{"@context":"https:\/\/schema.org","@graph":[{"@type":"WebPage","@id":"https:\/\/ilcrogiuolo.it\/it\/p\/spray-dominio-dominante\/","url":"https:\/\/ilcrogiuolo.it\/it\/p\/spray-dominio-dominante\/","name":"SPRAY DOMINIO - Dominante - Il Crogiuolo","isPartOf":{"@id":"https:\/\/ilcrogiuolo.it\/it\/#website"},"primaryImageOfPage":{"@id":"https:\/\/ilcrogiuolo.it\/it\/p\/spray-dominio-dominante\/#primaryimage"},"image":{"@id":"https:\/\/ilcrogiuolo.it\/it\/p\/spray-dominio-dominante\/#primaryimage"},"thumbnailUrl":"https:\/\/ilcrogiuolo.it\/wp-content\/uploads\/2020\/01\/DOMINANTE.jpg","datePublished":"2020-01-14T16:19:08+00:00","dateModified":"2025-06-06T09:37:54+00:00","description":"SPRAY DOMINIO - Dominante NUOVA FORMULA POTENZIATA! Secondo la tradizione se si desidera avere controllo su un luogo (lavorativo o domestico) o su una persona si pu\u00f2 ricorrere a","breadcrumb":{"@id":"https:\/\/ilcrogiuolo.it\/it\/p\/spray-dominio-dominante\/#breadcrumb"},"inLanguage":"it-IT","potentialAction":[{"@type":"ReadAction","target":["https:\/\/ilcrogiuolo.it\/it\/p\/spray-dominio-dominante\/"]}]},{"@type":"ImageObject","inLanguage":"it-IT","@id":"https:\/\/ilcrogiuolo.it\/it\/p\/spray-dominio-dominante\/#primaryimage","url":"https:\/\/ilcrogiuolo.it\/wp-content\/uploads\/2020\/01\/DOMINANTE.jpg","contentUrl":"https:\/\/ilcrogiuolo.it\/wp-content\/uploads\/2020\/01\/DOMINANTE.jpg","width":2010,"height":2016},{"@type":"BreadcrumbList","@id":"https:\/\/ilcrogiuolo.it\/it\/p\/spray-dominio-dominante\/#breadcrumb","itemListElement":[{"@type":"ListItem","position":1,"name":"Home","item":"https:\/\/ilcrogiuolo.it\/it\/"},{"@type":"ListItem","position":2,"name":"Shop","item":"https:\/\/ilcrogiuolo.it\/it\/negozio\/"},{"@type":"ListItem","position":3,"name":"SPRAY DOMINIO &#8211; Dominante"}]},{"@type":"WebSite","@id":"https:\/\/ilcrogiuolo.it\/it\/#website","url":"https:\/\/ilcrogiuolo.it\/it\/","name":"Il Crogiuolo","description":"","publisher":{"@id":"https:\/\/ilcrogiuolo.it\/it\/#organization"},"potentialAction":[{"@type":"SearchAction","target":{"@type":"EntryPoint","urlTemplate":"https:\/\/ilcrogiuolo.it\/it\/?s={search_term_string}"},"query-input":{"@type":"PropertyValueSpecification","valueRequired":true,"valueName":"search_term_string"}}],"inLanguage":"it-IT"},{"@type":"Organization","@id":"https:\/\/ilcrogiuolo.it\/it\/#organization","name":"Il Crogiuolo","url":"https:\/\/ilcrogiuolo.it\/it\/","logo":{"@type":"ImageObject","inLanguage":"it-IT","@id":"https:\/\/ilcrogiuolo.it\/it\/#\/schema\/logo\/image\/","url":"https:\/\/ilcrogiuolo.it\/wp-content\/uploads\/2020\/04\/logo.png","contentUrl":"https:\/\/ilcrogiuolo.it\/wp-content\/uploads\/2020\/04\/logo.png","width":200,"height":49,"caption":"Il Crogiuolo"},"image":{"@id":"https:\/\/ilcrogiuolo.it\/it\/#\/schema\/logo\/image\/"},"sameAs":["https:\/\/www.facebook.com\/Il-Crogiuolo-681876418491758"]}]}},"_links":{"self":[{"href":"https:\/\/ilcrogiuolo.it\/it\/wp-json\/wp\/v2\/product\/9390","targetHints":{"allow":["GET"]}}],"collection":[{"href":"https:\/\/ilcrogiuolo.it\/it\/wp-json\/wp\/v2\/product"}],"about":[{"href":"https:\/\/ilcrogiuolo.it\/it\/wp-json\/wp\/v2\/types\/product"}],"wp:featuredmedia":[{"embeddable":true,"href":"https:\/\/ilcrogiuolo.it\/it\/wp-json\/wp\/v2\/media\/39094"}],"wp:attachment":[{"href":"https:\/\/ilcrogiuolo.it\/it\/wp-json\/wp\/v2\/media?parent=9390"}],"wp:term":[{"taxonomy":"product_brand","embeddable":true,"href":"https:\/\/ilcrogiuolo.it\/it\/wp-json\/wp\/v2\/product_brand?post=9390"},{"taxonomy":"product_cat","embeddable":true,"href":"https:\/\/ilcrogiuolo.it\/it\/wp-json\/wp\/v2\/product_cat?post=9390"},{"taxonomy":"product_tag","embeddable":true,"href":"https:\/\/ilcrogiuolo.it\/it\/wp-json\/wp\/v2\/product_tag?post=9390"}],"curies":[{"name":"wp","href":"https:\/\/api.w.org\/{rel}","templated":true}]}}