{"id":9329,"date":"2020-01-14T17:19:00","date_gmt":"2020-01-14T16:19:00","guid":{"rendered":"https:\/\/ilcrogiuolo.it\/p\/ciondolo-tao-in-metallo\/"},"modified":"2025-09-17T11:01:22","modified_gmt":"2025-09-17T09:01:22","slug":"ciondolo-tao-in-metallo","status":"publish","type":"product","link":"https:\/\/ilcrogiuolo.it\/it\/p\/ciondolo-tao-in-metallo\/","title":{"rendered":"CIONDOLO TAO IN METALLO"},"content":{"rendered":"<p>Tao (\u9053 letteralmente la Via o il Sentiero; traslitterazione pinyin: d\u00e0o &#8211; in giapponese: d\u014d), spesso tradotto come Il Principio, \u00e8 uno dei principali concetti della filosofia cinese. \u00c8 l&#8217;eterna, essenziale e fondamentale forza che scorre attraverso tutta la materia dell&#8217;Universo, vivente o meno. \u00c8 solitamente associata al taoismo, ma anche il Confucianesimo fa riferimento a essa. Per dirla in una parola, il Tao &#8220;\u00e8&#8221;. Nella filosofia taoista tradizionale cinese, il Tao ha come funzione fondamentale quella di rappresentare l&#8217;universo. Quest&#8217;ultimo all&#8217;inizio del tempo era in un stato chiamato Wu Chi ( = assenza di differenziazioni\/assenza di polarit\u00e0). A un certo punto si formarono due polarit\u00e0 di segno diverso che rappresentano i principi fondamentali dell&#8217;universo: Yang il principio positivo,rappresentato in bianco. Yin il principio negativo,rappresentato in nero. I due principi iniziarono subito a interagire, dando origine alla suprema polarit\u00e0 o T&#8217;ai Chi. Il simbolo da tutti conosciuto come Tao \u00e8 il pi\u00f9 famoso di molti simboli che rappresentano questa suprema polarit\u00e0 e che sono chiamati T&#8217;ai Chi T&#8217;u. \u00c8 importante evidenziare che nella filosofia Taoista Yin e Yang non hanno alcun significato morale, come buono o cattivo, e sono considerati elementi di differenziazione complementari. Per descrivere il Tao, si pu\u00f2 usare la seguente analogia: immagina una persona che cammina su una strada, portando sulle spalle un fusto di bamb\u00f9. Alle due estremit\u00e0 del bamb\u00f9, sono appesi due secchi. I due secchi rappresentano lo yin e lo yang. Il bamb\u00f9 rappresenta il Tai Chi, l&#8217;entit\u00e0 che separa lo yin dallo yang. La strada \u00e8 il Tao. Ordine di scrittura Il Tao pu\u00f2 essere interpretato come una &#8220;risonanza&#8221; che risiede nello spazio vuoto lasciato dagli oggetti solidi. Allo stesso tempo, esso scorre attraverso gli oggetti dando loro le caratteristiche. Nel Tao Te Ching si dice che il Tao nutre tutte le cose, che crea una trama nel caos. La caratteristica propria di questa trama \u00e8 una condizione di inappagabile desiderio, per cui i filosofi taoisti associano il Tao al cambiamento; le rappresentazioni artistiche che tentano di rappresentare il Tao sono caratterizzate da flussi. Fonte: http:\/\/it.wikipedia.org\/wiki\/Tao<\/p>\n","protected":false},"excerpt":{"rendered":"<p>Tao (\u9053 letteralmente la Via o il Sentiero; traslitterazione pinyin: d\u00e0o &#8211; in giapponese: d\u014d), spesso tradotto come Il Principio,&#8230;<\/p>\n","protected":false},"featured_media":9330,"template":"","meta":{"_acf_changed":false},"product_brand":[],"product_cat":[1124,1066,1385],"product_tag":[],"class_list":{"0":"post-9329","1":"product","2":"type-product","3":"status-publish","4":"has-post-thumbnail","6":"product_cat-ciondoli-wicca-pagani-celtici-orientali","7":"product_cat-talismani-amuleti","8":"product_cat-talismani-wicca-celtici-pagani-orientali","10":"first","11":"outofstock","12":"taxable","13":"shipping-taxable","14":"purchasable","15":"product-type-simple","16":"add-to-wishlist-before_image"},"acf":[],"yoast_head":"<!-- This site is optimized with the Yoast SEO plugin v26.9 - https:\/\/yoast.com\/product\/yoast-seo-wordpress\/ -->\n<title>CIONDOLO TAO IN METALLO - Il Crogiuolo<\/title>\n<meta name=\"description\" content=\"CIONDOLO TAO IN METALLO Tao (\u9053 letteralmente la Via o il Sentiero; traslitterazione pinyin: d\u00e0o - in giapponese: d\u014d), spesso tradotto come Il Principio, \u00e8 uno dei principali\" \/>\n<meta name=\"robots\" content=\"index, follow, max-snippet:-1, max-image-preview:large, max-video-preview:-1\" \/>\n<link rel=\"canonical\" href=\"https:\/\/ilcrogiuolo.it\/it\/p\/ciondolo-tao-in-metallo\/\" \/>\n<meta property=\"og:locale\" content=\"it_IT\" \/>\n<meta property=\"og:type\" content=\"article\" \/>\n<meta property=\"og:title\" content=\"CIONDOLO TAO IN METALLO - Il Crogiuolo\" \/>\n<meta property=\"og:description\" content=\"CIONDOLO TAO IN METALLO Tao (\u9053 letteralmente la Via o il Sentiero; traslitterazione pinyin: d\u00e0o - in giapponese: d\u014d), spesso tradotto come Il Principio, \u00e8 uno dei principali\" \/>\n<meta property=\"og:url\" content=\"https:\/\/ilcrogiuolo.it\/it\/p\/ciondolo-tao-in-metallo\/\" \/>\n<meta property=\"og:site_name\" content=\"Il Crogiuolo\" \/>\n<meta property=\"article:publisher\" content=\"https:\/\/www.facebook.com\/Il-Crogiuolo-681876418491758\" \/>\n<meta property=\"article:modified_time\" content=\"2025-09-17T09:01:22+00:00\" \/>\n<meta property=\"og:image\" content=\"https:\/\/ilcrogiuolo.it\/wp-content\/uploads\/2020\/01\/ciondolosmaltatoomsito_4483407.jpg\" \/>\n\t<meta property=\"og:image:width\" content=\"627\" \/>\n\t<meta property=\"og:image:height\" content=\"600\" \/>\n\t<meta property=\"og:image:type\" content=\"image\/jpeg\" \/>\n<meta name=\"twitter:card\" content=\"summary_large_image\" \/>\n<meta name=\"twitter:label1\" content=\"Tempo di lettura stimato\" \/>\n\t<meta name=\"twitter:data1\" content=\"3 minuti\" \/>\n<script type=\"application\/ld+json\" class=\"yoast-schema-graph\">{\"@context\":\"https:\/\/schema.org\",\"@graph\":[{\"@type\":\"WebPage\",\"@id\":\"https:\/\/ilcrogiuolo.it\/it\/p\/ciondolo-tao-in-metallo\/\",\"url\":\"https:\/\/ilcrogiuolo.it\/it\/p\/ciondolo-tao-in-metallo\/\",\"name\":\"CIONDOLO TAO IN METALLO - Il Crogiuolo\",\"isPartOf\":{\"@id\":\"https:\/\/ilcrogiuolo.it\/it\/#website\"},\"primaryImageOfPage\":{\"@id\":\"https:\/\/ilcrogiuolo.it\/it\/p\/ciondolo-tao-in-metallo\/#primaryimage\"},\"image\":{\"@id\":\"https:\/\/ilcrogiuolo.it\/it\/p\/ciondolo-tao-in-metallo\/#primaryimage\"},\"thumbnailUrl\":\"https:\/\/ilcrogiuolo.it\/wp-content\/uploads\/2020\/01\/ciondolosmaltatoomsito_4483407.jpg\",\"datePublished\":\"2020-01-14T16:19:00+00:00\",\"dateModified\":\"2025-09-17T09:01:22+00:00\",\"description\":\"CIONDOLO TAO IN METALLO Tao (\u9053 letteralmente la Via o il Sentiero; traslitterazione pinyin: d\u00e0o - in giapponese: d\u014d), spesso tradotto come Il Principio, \u00e8 uno dei principali\",\"breadcrumb\":{\"@id\":\"https:\/\/ilcrogiuolo.it\/it\/p\/ciondolo-tao-in-metallo\/#breadcrumb\"},\"inLanguage\":\"it-IT\",\"potentialAction\":[{\"@type\":\"ReadAction\",\"target\":[\"https:\/\/ilcrogiuolo.it\/it\/p\/ciondolo-tao-in-metallo\/\"]}]},{\"@type\":\"ImageObject\",\"inLanguage\":\"it-IT\",\"@id\":\"https:\/\/ilcrogiuolo.it\/it\/p\/ciondolo-tao-in-metallo\/#primaryimage\",\"url\":\"https:\/\/ilcrogiuolo.it\/wp-content\/uploads\/2020\/01\/ciondolosmaltatoomsito_4483407.jpg\",\"contentUrl\":\"https:\/\/ilcrogiuolo.it\/wp-content\/uploads\/2020\/01\/ciondolosmaltatoomsito_4483407.jpg\",\"width\":627,\"height\":600},{\"@type\":\"BreadcrumbList\",\"@id\":\"https:\/\/ilcrogiuolo.it\/it\/p\/ciondolo-tao-in-metallo\/#breadcrumb\",\"itemListElement\":[{\"@type\":\"ListItem\",\"position\":1,\"name\":\"Home\",\"item\":\"https:\/\/ilcrogiuolo.it\/it\/\"},{\"@type\":\"ListItem\",\"position\":2,\"name\":\"Shop\",\"item\":\"https:\/\/ilcrogiuolo.it\/it\/negozio\/\"},{\"@type\":\"ListItem\",\"position\":3,\"name\":\"CIONDOLO TAO IN METALLO\"}]},{\"@type\":\"WebSite\",\"@id\":\"https:\/\/ilcrogiuolo.it\/it\/#website\",\"url\":\"https:\/\/ilcrogiuolo.it\/it\/\",\"name\":\"Il Crogiuolo\",\"description\":\"\",\"publisher\":{\"@id\":\"https:\/\/ilcrogiuolo.it\/it\/#organization\"},\"potentialAction\":[{\"@type\":\"SearchAction\",\"target\":{\"@type\":\"EntryPoint\",\"urlTemplate\":\"https:\/\/ilcrogiuolo.it\/it\/?s={search_term_string}\"},\"query-input\":{\"@type\":\"PropertyValueSpecification\",\"valueRequired\":true,\"valueName\":\"search_term_string\"}}],\"inLanguage\":\"it-IT\"},{\"@type\":\"Organization\",\"@id\":\"https:\/\/ilcrogiuolo.it\/it\/#organization\",\"name\":\"Il Crogiuolo\",\"url\":\"https:\/\/ilcrogiuolo.it\/it\/\",\"logo\":{\"@type\":\"ImageObject\",\"inLanguage\":\"it-IT\",\"@id\":\"https:\/\/ilcrogiuolo.it\/it\/#\/schema\/logo\/image\/\",\"url\":\"https:\/\/ilcrogiuolo.it\/wp-content\/uploads\/2020\/04\/logo.png\",\"contentUrl\":\"https:\/\/ilcrogiuolo.it\/wp-content\/uploads\/2020\/04\/logo.png\",\"width\":200,\"height\":49,\"caption\":\"Il Crogiuolo\"},\"image\":{\"@id\":\"https:\/\/ilcrogiuolo.it\/it\/#\/schema\/logo\/image\/\"},\"sameAs\":[\"https:\/\/www.facebook.com\/Il-Crogiuolo-681876418491758\"]}]}<\/script>\n<!-- \/ Yoast SEO plugin. -->","yoast_head_json":{"title":"CIONDOLO TAO IN METALLO - Il Crogiuolo","description":"CIONDOLO TAO IN METALLO Tao (\u9053 letteralmente la Via o il Sentiero; traslitterazione pinyin: d\u00e0o - in giapponese: d\u014d), spesso tradotto come Il Principio, \u00e8 uno dei principali","robots":{"index":"index","follow":"follow","max-snippet":"max-snippet:-1","max-image-preview":"max-image-preview:large","max-video-preview":"max-video-preview:-1"},"canonical":"https:\/\/ilcrogiuolo.it\/it\/p\/ciondolo-tao-in-metallo\/","og_locale":"it_IT","og_type":"article","og_title":"CIONDOLO TAO IN METALLO - Il Crogiuolo","og_description":"CIONDOLO TAO IN METALLO Tao (\u9053 letteralmente la Via o il Sentiero; traslitterazione pinyin: d\u00e0o - in giapponese: d\u014d), spesso tradotto come Il Principio, \u00e8 uno dei principali","og_url":"https:\/\/ilcrogiuolo.it\/it\/p\/ciondolo-tao-in-metallo\/","og_site_name":"Il Crogiuolo","article_publisher":"https:\/\/www.facebook.com\/Il-Crogiuolo-681876418491758","article_modified_time":"2025-09-17T09:01:22+00:00","og_image":[{"width":627,"height":600,"url":"https:\/\/ilcrogiuolo.it\/wp-content\/uploads\/2020\/01\/ciondolosmaltatoomsito_4483407.jpg","type":"image\/jpeg"}],"twitter_card":"summary_large_image","twitter_misc":{"Tempo di lettura stimato":"3 minuti"},"schema":{"@context":"https:\/\/schema.org","@graph":[{"@type":"WebPage","@id":"https:\/\/ilcrogiuolo.it\/it\/p\/ciondolo-tao-in-metallo\/","url":"https:\/\/ilcrogiuolo.it\/it\/p\/ciondolo-tao-in-metallo\/","name":"CIONDOLO TAO IN METALLO - Il Crogiuolo","isPartOf":{"@id":"https:\/\/ilcrogiuolo.it\/it\/#website"},"primaryImageOfPage":{"@id":"https:\/\/ilcrogiuolo.it\/it\/p\/ciondolo-tao-in-metallo\/#primaryimage"},"image":{"@id":"https:\/\/ilcrogiuolo.it\/it\/p\/ciondolo-tao-in-metallo\/#primaryimage"},"thumbnailUrl":"https:\/\/ilcrogiuolo.it\/wp-content\/uploads\/2020\/01\/ciondolosmaltatoomsito_4483407.jpg","datePublished":"2020-01-14T16:19:00+00:00","dateModified":"2025-09-17T09:01:22+00:00","description":"CIONDOLO TAO IN METALLO Tao (\u9053 letteralmente la Via o il Sentiero; traslitterazione pinyin: d\u00e0o - in giapponese: d\u014d), spesso tradotto come Il Principio, \u00e8 uno dei principali","breadcrumb":{"@id":"https:\/\/ilcrogiuolo.it\/it\/p\/ciondolo-tao-in-metallo\/#breadcrumb"},"inLanguage":"it-IT","potentialAction":[{"@type":"ReadAction","target":["https:\/\/ilcrogiuolo.it\/it\/p\/ciondolo-tao-in-metallo\/"]}]},{"@type":"ImageObject","inLanguage":"it-IT","@id":"https:\/\/ilcrogiuolo.it\/it\/p\/ciondolo-tao-in-metallo\/#primaryimage","url":"https:\/\/ilcrogiuolo.it\/wp-content\/uploads\/2020\/01\/ciondolosmaltatoomsito_4483407.jpg","contentUrl":"https:\/\/ilcrogiuolo.it\/wp-content\/uploads\/2020\/01\/ciondolosmaltatoomsito_4483407.jpg","width":627,"height":600},{"@type":"BreadcrumbList","@id":"https:\/\/ilcrogiuolo.it\/it\/p\/ciondolo-tao-in-metallo\/#breadcrumb","itemListElement":[{"@type":"ListItem","position":1,"name":"Home","item":"https:\/\/ilcrogiuolo.it\/it\/"},{"@type":"ListItem","position":2,"name":"Shop","item":"https:\/\/ilcrogiuolo.it\/it\/negozio\/"},{"@type":"ListItem","position":3,"name":"CIONDOLO TAO IN METALLO"}]},{"@type":"WebSite","@id":"https:\/\/ilcrogiuolo.it\/it\/#website","url":"https:\/\/ilcrogiuolo.it\/it\/","name":"Il Crogiuolo","description":"","publisher":{"@id":"https:\/\/ilcrogiuolo.it\/it\/#organization"},"potentialAction":[{"@type":"SearchAction","target":{"@type":"EntryPoint","urlTemplate":"https:\/\/ilcrogiuolo.it\/it\/?s={search_term_string}"},"query-input":{"@type":"PropertyValueSpecification","valueRequired":true,"valueName":"search_term_string"}}],"inLanguage":"it-IT"},{"@type":"Organization","@id":"https:\/\/ilcrogiuolo.it\/it\/#organization","name":"Il Crogiuolo","url":"https:\/\/ilcrogiuolo.it\/it\/","logo":{"@type":"ImageObject","inLanguage":"it-IT","@id":"https:\/\/ilcrogiuolo.it\/it\/#\/schema\/logo\/image\/","url":"https:\/\/ilcrogiuolo.it\/wp-content\/uploads\/2020\/04\/logo.png","contentUrl":"https:\/\/ilcrogiuolo.it\/wp-content\/uploads\/2020\/04\/logo.png","width":200,"height":49,"caption":"Il Crogiuolo"},"image":{"@id":"https:\/\/ilcrogiuolo.it\/it\/#\/schema\/logo\/image\/"},"sameAs":["https:\/\/www.facebook.com\/Il-Crogiuolo-681876418491758"]}]}},"_links":{"self":[{"href":"https:\/\/ilcrogiuolo.it\/it\/wp-json\/wp\/v2\/product\/9329","targetHints":{"allow":["GET"]}}],"collection":[{"href":"https:\/\/ilcrogiuolo.it\/it\/wp-json\/wp\/v2\/product"}],"about":[{"href":"https:\/\/ilcrogiuolo.it\/it\/wp-json\/wp\/v2\/types\/product"}],"wp:featuredmedia":[{"embeddable":true,"href":"https:\/\/ilcrogiuolo.it\/it\/wp-json\/wp\/v2\/media\/9330"}],"wp:attachment":[{"href":"https:\/\/ilcrogiuolo.it\/it\/wp-json\/wp\/v2\/media?parent=9329"}],"wp:term":[{"taxonomy":"product_brand","embeddable":true,"href":"https:\/\/ilcrogiuolo.it\/it\/wp-json\/wp\/v2\/product_brand?post=9329"},{"taxonomy":"product_cat","embeddable":true,"href":"https:\/\/ilcrogiuolo.it\/it\/wp-json\/wp\/v2\/product_cat?post=9329"},{"taxonomy":"product_tag","embeddable":true,"href":"https:\/\/ilcrogiuolo.it\/it\/wp-json\/wp\/v2\/product_tag?post=9329"}],"curies":[{"name":"wp","href":"https:\/\/api.w.org\/{rel}","templated":true}]}}