{"id":9289,"date":"2020-01-14T17:19:00","date_gmt":"2020-01-14T16:19:00","guid":{"rendered":"https:\/\/ilcrogiuolo.it\/p\/collezione-laroye-minilibro-exu-tiriri\/"},"modified":"2020-01-29T17:01:04","modified_gmt":"2020-01-29T16:01:04","slug":"collezione-laroye-minilibro-exu-tiriri","status":"publish","type":"product","link":"https:\/\/ilcrogiuolo.it\/it\/p\/collezione-laroye-minilibro-exu-tiriri\/","title":{"rendered":"COLLEZIONE LAROYE MINILIBRO EXU TIRIRI"},"content":{"rendered":"<p>La Collezione Laroy\u00e9 comprende una raccolta di testi dedicati alle entit\u00e0 della Quimbanda descritte in maniera semplie ma al contempo completa. Ogni Volume \u00e8 legato ad un Ex\u00f9 o ad una Pomba Gira.<\/p>\n<p>Nel libro Laroy\u00e9 Tirir\u00ec troverete la storia completa di questo Ex\u00f9, leggende, pontos riscados e cantados, formule, mirongas e naturalmente diverse pratiche per lavorare con questo grandioso principe della Quimbanda.<\/p>\n<p class=\"MsoNormal\" style=\"text-align: justify; margin: 0cm 0cm 0pt;\"><strong>VERSIONE CARTACEA STAMPATA A LIBRETTO A COLORI<\/strong><\/p>\n","protected":false},"excerpt":{"rendered":"<p>La Collezione Laroy\u00e9 comprende una raccolta di testi dedicati alle entit\u00e0 della Quimbanda descritte in maniera semplie ma al contempo&#8230;<\/p>\n","protected":false},"featured_media":9290,"template":"","meta":{"_acf_changed":false},"product_brand":[],"product_cat":[1077,1397,1060],"product_tag":[],"class_list":{"0":"post-9289","1":"product","2":"type-product","3":"status-publish","4":"has-post-thumbnail","6":"product_cat-libreria-esoterica-libreria-esoterica","7":"product_cat-edizioni-il-crogiuolo-minilibri","8":"product_cat-libreria-esoterica","10":"first","11":"instock","12":"taxable","13":"shipping-taxable","14":"purchasable","15":"product-type-simple","16":"add-to-wishlist-before_image"},"acf":[],"yoast_head":"<!-- This site is optimized with the Yoast SEO plugin v26.9 - https:\/\/yoast.com\/product\/yoast-seo-wordpress\/ -->\n<title>COLLEZIONE LAROYE MINILIBRO EXU TIRIRI - Il Crogiuolo<\/title>\n<meta name=\"description\" content=\"COLLEZIONE LAROYE MINILIBRO EXU TIRIRI La Collezione Laroy\u00e9 comprende una raccolta di testi dedicati alle entit\u00e0 della Quimbanda descritte in maniera semplie ma al contempo completa. Ogni\" \/>\n<meta name=\"robots\" content=\"index, follow, max-snippet:-1, max-image-preview:large, max-video-preview:-1\" \/>\n<link rel=\"canonical\" href=\"https:\/\/ilcrogiuolo.it\/it\/p\/collezione-laroye-minilibro-exu-tiriri\/\" \/>\n<meta property=\"og:locale\" content=\"it_IT\" \/>\n<meta property=\"og:type\" content=\"article\" \/>\n<meta property=\"og:title\" content=\"COLLEZIONE LAROYE MINILIBRO EXU TIRIRI - Il Crogiuolo\" \/>\n<meta property=\"og:description\" content=\"COLLEZIONE LAROYE MINILIBRO EXU TIRIRI La Collezione Laroy\u00e9 comprende una raccolta di testi dedicati alle entit\u00e0 della Quimbanda descritte in maniera semplie ma al contempo completa. Ogni\" \/>\n<meta property=\"og:url\" content=\"https:\/\/ilcrogiuolo.it\/it\/p\/collezione-laroye-minilibro-exu-tiriri\/\" \/>\n<meta property=\"og:site_name\" content=\"Il Crogiuolo\" \/>\n<meta property=\"article:publisher\" content=\"https:\/\/www.facebook.com\/Il-Crogiuolo-681876418491758\" \/>\n<meta property=\"article:modified_time\" content=\"2020-01-29T16:01:04+00:00\" \/>\n<meta property=\"og:image\" content=\"https:\/\/ilcrogiuolo.it\/wp-content\/uploads\/2020\/01\/tiriri_5274449.jpg\" \/>\n\t<meta property=\"og:image:width\" content=\"627\" \/>\n\t<meta property=\"og:image:height\" content=\"600\" \/>\n\t<meta property=\"og:image:type\" content=\"image\/jpeg\" \/>\n<meta name=\"twitter:card\" content=\"summary_large_image\" \/>\n<script type=\"application\/ld+json\" class=\"yoast-schema-graph\">{\"@context\":\"https:\/\/schema.org\",\"@graph\":[{\"@type\":\"WebPage\",\"@id\":\"https:\/\/ilcrogiuolo.it\/it\/p\/collezione-laroye-minilibro-exu-tiriri\/\",\"url\":\"https:\/\/ilcrogiuolo.it\/it\/p\/collezione-laroye-minilibro-exu-tiriri\/\",\"name\":\"COLLEZIONE LAROYE MINILIBRO EXU TIRIRI - Il Crogiuolo\",\"isPartOf\":{\"@id\":\"https:\/\/ilcrogiuolo.it\/it\/#website\"},\"primaryImageOfPage\":{\"@id\":\"https:\/\/ilcrogiuolo.it\/it\/p\/collezione-laroye-minilibro-exu-tiriri\/#primaryimage\"},\"image\":{\"@id\":\"https:\/\/ilcrogiuolo.it\/it\/p\/collezione-laroye-minilibro-exu-tiriri\/#primaryimage\"},\"thumbnailUrl\":\"https:\/\/ilcrogiuolo.it\/wp-content\/uploads\/2020\/01\/tiriri_5274449.jpg\",\"datePublished\":\"2020-01-14T16:19:00+00:00\",\"dateModified\":\"2020-01-29T16:01:04+00:00\",\"description\":\"COLLEZIONE LAROYE MINILIBRO EXU TIRIRI La Collezione Laroy\u00e9 comprende una raccolta di testi dedicati alle entit\u00e0 della Quimbanda descritte in maniera semplie ma al contempo completa. Ogni\",\"breadcrumb\":{\"@id\":\"https:\/\/ilcrogiuolo.it\/it\/p\/collezione-laroye-minilibro-exu-tiriri\/#breadcrumb\"},\"inLanguage\":\"it-IT\",\"potentialAction\":[{\"@type\":\"ReadAction\",\"target\":[\"https:\/\/ilcrogiuolo.it\/it\/p\/collezione-laroye-minilibro-exu-tiriri\/\"]}]},{\"@type\":\"ImageObject\",\"inLanguage\":\"it-IT\",\"@id\":\"https:\/\/ilcrogiuolo.it\/it\/p\/collezione-laroye-minilibro-exu-tiriri\/#primaryimage\",\"url\":\"https:\/\/ilcrogiuolo.it\/wp-content\/uploads\/2020\/01\/tiriri_5274449.jpg\",\"contentUrl\":\"https:\/\/ilcrogiuolo.it\/wp-content\/uploads\/2020\/01\/tiriri_5274449.jpg\",\"width\":627,\"height\":600},{\"@type\":\"BreadcrumbList\",\"@id\":\"https:\/\/ilcrogiuolo.it\/it\/p\/collezione-laroye-minilibro-exu-tiriri\/#breadcrumb\",\"itemListElement\":[{\"@type\":\"ListItem\",\"position\":1,\"name\":\"Home\",\"item\":\"https:\/\/ilcrogiuolo.it\/it\/\"},{\"@type\":\"ListItem\",\"position\":2,\"name\":\"Shop\",\"item\":\"https:\/\/ilcrogiuolo.it\/it\/negozio\/\"},{\"@type\":\"ListItem\",\"position\":3,\"name\":\"COLLEZIONE LAROYE MINILIBRO EXU TIRIRI\"}]},{\"@type\":\"WebSite\",\"@id\":\"https:\/\/ilcrogiuolo.it\/it\/#website\",\"url\":\"https:\/\/ilcrogiuolo.it\/it\/\",\"name\":\"Il Crogiuolo\",\"description\":\"\",\"publisher\":{\"@id\":\"https:\/\/ilcrogiuolo.it\/it\/#organization\"},\"potentialAction\":[{\"@type\":\"SearchAction\",\"target\":{\"@type\":\"EntryPoint\",\"urlTemplate\":\"https:\/\/ilcrogiuolo.it\/it\/?s={search_term_string}\"},\"query-input\":{\"@type\":\"PropertyValueSpecification\",\"valueRequired\":true,\"valueName\":\"search_term_string\"}}],\"inLanguage\":\"it-IT\"},{\"@type\":\"Organization\",\"@id\":\"https:\/\/ilcrogiuolo.it\/it\/#organization\",\"name\":\"Il Crogiuolo\",\"url\":\"https:\/\/ilcrogiuolo.it\/it\/\",\"logo\":{\"@type\":\"ImageObject\",\"inLanguage\":\"it-IT\",\"@id\":\"https:\/\/ilcrogiuolo.it\/it\/#\/schema\/logo\/image\/\",\"url\":\"https:\/\/ilcrogiuolo.it\/wp-content\/uploads\/2020\/04\/logo.png\",\"contentUrl\":\"https:\/\/ilcrogiuolo.it\/wp-content\/uploads\/2020\/04\/logo.png\",\"width\":200,\"height\":49,\"caption\":\"Il Crogiuolo\"},\"image\":{\"@id\":\"https:\/\/ilcrogiuolo.it\/it\/#\/schema\/logo\/image\/\"},\"sameAs\":[\"https:\/\/www.facebook.com\/Il-Crogiuolo-681876418491758\"]}]}<\/script>\n<!-- \/ Yoast SEO plugin. -->","yoast_head_json":{"title":"COLLEZIONE LAROYE MINILIBRO EXU TIRIRI - Il Crogiuolo","description":"COLLEZIONE LAROYE MINILIBRO EXU TIRIRI La Collezione Laroy\u00e9 comprende una raccolta di testi dedicati alle entit\u00e0 della Quimbanda descritte in maniera semplie ma al contempo completa. Ogni","robots":{"index":"index","follow":"follow","max-snippet":"max-snippet:-1","max-image-preview":"max-image-preview:large","max-video-preview":"max-video-preview:-1"},"canonical":"https:\/\/ilcrogiuolo.it\/it\/p\/collezione-laroye-minilibro-exu-tiriri\/","og_locale":"it_IT","og_type":"article","og_title":"COLLEZIONE LAROYE MINILIBRO EXU TIRIRI - Il Crogiuolo","og_description":"COLLEZIONE LAROYE MINILIBRO EXU TIRIRI La Collezione Laroy\u00e9 comprende una raccolta di testi dedicati alle entit\u00e0 della Quimbanda descritte in maniera semplie ma al contempo completa. Ogni","og_url":"https:\/\/ilcrogiuolo.it\/it\/p\/collezione-laroye-minilibro-exu-tiriri\/","og_site_name":"Il Crogiuolo","article_publisher":"https:\/\/www.facebook.com\/Il-Crogiuolo-681876418491758","article_modified_time":"2020-01-29T16:01:04+00:00","og_image":[{"width":627,"height":600,"url":"https:\/\/ilcrogiuolo.it\/wp-content\/uploads\/2020\/01\/tiriri_5274449.jpg","type":"image\/jpeg"}],"twitter_card":"summary_large_image","schema":{"@context":"https:\/\/schema.org","@graph":[{"@type":"WebPage","@id":"https:\/\/ilcrogiuolo.it\/it\/p\/collezione-laroye-minilibro-exu-tiriri\/","url":"https:\/\/ilcrogiuolo.it\/it\/p\/collezione-laroye-minilibro-exu-tiriri\/","name":"COLLEZIONE LAROYE MINILIBRO EXU TIRIRI - Il Crogiuolo","isPartOf":{"@id":"https:\/\/ilcrogiuolo.it\/it\/#website"},"primaryImageOfPage":{"@id":"https:\/\/ilcrogiuolo.it\/it\/p\/collezione-laroye-minilibro-exu-tiriri\/#primaryimage"},"image":{"@id":"https:\/\/ilcrogiuolo.it\/it\/p\/collezione-laroye-minilibro-exu-tiriri\/#primaryimage"},"thumbnailUrl":"https:\/\/ilcrogiuolo.it\/wp-content\/uploads\/2020\/01\/tiriri_5274449.jpg","datePublished":"2020-01-14T16:19:00+00:00","dateModified":"2020-01-29T16:01:04+00:00","description":"COLLEZIONE LAROYE MINILIBRO EXU TIRIRI La Collezione Laroy\u00e9 comprende una raccolta di testi dedicati alle entit\u00e0 della Quimbanda descritte in maniera semplie ma al contempo completa. Ogni","breadcrumb":{"@id":"https:\/\/ilcrogiuolo.it\/it\/p\/collezione-laroye-minilibro-exu-tiriri\/#breadcrumb"},"inLanguage":"it-IT","potentialAction":[{"@type":"ReadAction","target":["https:\/\/ilcrogiuolo.it\/it\/p\/collezione-laroye-minilibro-exu-tiriri\/"]}]},{"@type":"ImageObject","inLanguage":"it-IT","@id":"https:\/\/ilcrogiuolo.it\/it\/p\/collezione-laroye-minilibro-exu-tiriri\/#primaryimage","url":"https:\/\/ilcrogiuolo.it\/wp-content\/uploads\/2020\/01\/tiriri_5274449.jpg","contentUrl":"https:\/\/ilcrogiuolo.it\/wp-content\/uploads\/2020\/01\/tiriri_5274449.jpg","width":627,"height":600},{"@type":"BreadcrumbList","@id":"https:\/\/ilcrogiuolo.it\/it\/p\/collezione-laroye-minilibro-exu-tiriri\/#breadcrumb","itemListElement":[{"@type":"ListItem","position":1,"name":"Home","item":"https:\/\/ilcrogiuolo.it\/it\/"},{"@type":"ListItem","position":2,"name":"Shop","item":"https:\/\/ilcrogiuolo.it\/it\/negozio\/"},{"@type":"ListItem","position":3,"name":"COLLEZIONE LAROYE MINILIBRO EXU TIRIRI"}]},{"@type":"WebSite","@id":"https:\/\/ilcrogiuolo.it\/it\/#website","url":"https:\/\/ilcrogiuolo.it\/it\/","name":"Il Crogiuolo","description":"","publisher":{"@id":"https:\/\/ilcrogiuolo.it\/it\/#organization"},"potentialAction":[{"@type":"SearchAction","target":{"@type":"EntryPoint","urlTemplate":"https:\/\/ilcrogiuolo.it\/it\/?s={search_term_string}"},"query-input":{"@type":"PropertyValueSpecification","valueRequired":true,"valueName":"search_term_string"}}],"inLanguage":"it-IT"},{"@type":"Organization","@id":"https:\/\/ilcrogiuolo.it\/it\/#organization","name":"Il Crogiuolo","url":"https:\/\/ilcrogiuolo.it\/it\/","logo":{"@type":"ImageObject","inLanguage":"it-IT","@id":"https:\/\/ilcrogiuolo.it\/it\/#\/schema\/logo\/image\/","url":"https:\/\/ilcrogiuolo.it\/wp-content\/uploads\/2020\/04\/logo.png","contentUrl":"https:\/\/ilcrogiuolo.it\/wp-content\/uploads\/2020\/04\/logo.png","width":200,"height":49,"caption":"Il Crogiuolo"},"image":{"@id":"https:\/\/ilcrogiuolo.it\/it\/#\/schema\/logo\/image\/"},"sameAs":["https:\/\/www.facebook.com\/Il-Crogiuolo-681876418491758"]}]}},"_links":{"self":[{"href":"https:\/\/ilcrogiuolo.it\/it\/wp-json\/wp\/v2\/product\/9289","targetHints":{"allow":["GET"]}}],"collection":[{"href":"https:\/\/ilcrogiuolo.it\/it\/wp-json\/wp\/v2\/product"}],"about":[{"href":"https:\/\/ilcrogiuolo.it\/it\/wp-json\/wp\/v2\/types\/product"}],"wp:featuredmedia":[{"embeddable":true,"href":"https:\/\/ilcrogiuolo.it\/it\/wp-json\/wp\/v2\/media\/9290"}],"wp:attachment":[{"href":"https:\/\/ilcrogiuolo.it\/it\/wp-json\/wp\/v2\/media?parent=9289"}],"wp:term":[{"taxonomy":"product_brand","embeddable":true,"href":"https:\/\/ilcrogiuolo.it\/it\/wp-json\/wp\/v2\/product_brand?post=9289"},{"taxonomy":"product_cat","embeddable":true,"href":"https:\/\/ilcrogiuolo.it\/it\/wp-json\/wp\/v2\/product_cat?post=9289"},{"taxonomy":"product_tag","embeddable":true,"href":"https:\/\/ilcrogiuolo.it\/it\/wp-json\/wp\/v2\/product_tag?post=9289"}],"curies":[{"name":"wp","href":"https:\/\/api.w.org\/{rel}","templated":true}]}}