{"id":9208,"date":"2020-01-14T17:18:47","date_gmt":"2020-01-14T16:18:47","guid":{"rendered":"https:\/\/ilcrogiuolo.it\/p\/defumador-buda-do-dinheiro-e-do-amor\/"},"modified":"2025-09-17T15:27:23","modified_gmt":"2025-09-17T13:27:23","slug":"defumador-buda-do-dinheiro-e-do-amor","status":"publish","type":"product","link":"https:\/\/ilcrogiuolo.it\/it\/p\/defumador-buda-do-dinheiro-e-do-amor\/","title":{"rendered":"DEFUMADOR &#8211; BUDA DO DINHEIRO E DO AMOR"},"content":{"rendered":"<p>Questo defumador \u00e8 dedicato al Budda come archetipo di abbondanza in ogni circostanza della vita, sia a livello economico che affettivo. Le erbe utilizzate sono infatti tradizionalmente legate certamente alla prosperit\u00e0, ma nel contempo, per una complicit\u00e0 simbolica ed astrale, anche alla stabilit\u00e0 affettiva. Si utilizza questo defumador anche quando una persona desidera ottenere una relazione affettiva che la gratifichi anche dal punto di vista economico.<\/p>\n","protected":false},"excerpt":{"rendered":"<p>Questo defumador \u00e8 dedicato al Budda come archetipo di abbondanza in ogni circostanza della vita, sia a livello economico che&#8230;<\/p>\n","protected":false},"featured_media":51147,"template":"","meta":{"_acf_changed":false},"product_brand":[],"product_cat":[1080,1059,1277],"product_tag":[],"class_list":{"0":"post-9208","1":"product","2":"type-product","3":"status-publish","4":"has-post-thumbnail","6":"product_cat-defumadores-e-misture","7":"product_cat-articoli-esoterici","8":"product_cat-defumadores-di-protezione-e-carica-energetica","10":"first","11":"instock","12":"taxable","13":"shipping-taxable","14":"purchasable","15":"product-type-simple","16":"add-to-wishlist-before_image"},"acf":[],"yoast_head":"<!-- This site is optimized with the Yoast SEO plugin v26.9 - https:\/\/yoast.com\/product\/yoast-seo-wordpress\/ -->\n<title>DEFUMADOR - BUDA DO DINHEIRO E DO AMOR - Il Crogiuolo<\/title>\n<meta name=\"description\" content=\"DEFUMADOR - BUDA DO DINHEIRO E DO AMOR Questo defumador \u00e8 dedicato al Budda come archetipo di abbondanza in ogni circostanza della vita, sia a livello economico che affettivo. Le erbe\" \/>\n<meta name=\"robots\" content=\"index, follow, max-snippet:-1, max-image-preview:large, max-video-preview:-1\" \/>\n<link rel=\"canonical\" href=\"https:\/\/ilcrogiuolo.it\/it\/p\/defumador-buda-do-dinheiro-e-do-amor\/\" \/>\n<meta property=\"og:locale\" content=\"it_IT\" \/>\n<meta property=\"og:type\" content=\"article\" \/>\n<meta property=\"og:title\" content=\"DEFUMADOR - BUDA DO DINHEIRO E DO AMOR - Il Crogiuolo\" \/>\n<meta property=\"og:description\" content=\"DEFUMADOR - BUDA DO DINHEIRO E DO AMOR Questo defumador \u00e8 dedicato al Budda come archetipo di abbondanza in ogni circostanza della vita, sia a livello economico che affettivo. Le erbe\" \/>\n<meta property=\"og:url\" content=\"https:\/\/ilcrogiuolo.it\/it\/p\/defumador-buda-do-dinheiro-e-do-amor\/\" \/>\n<meta property=\"og:site_name\" content=\"Il Crogiuolo\" \/>\n<meta property=\"article:publisher\" content=\"https:\/\/www.facebook.com\/Il-Crogiuolo-681876418491758\" \/>\n<meta property=\"article:modified_time\" content=\"2025-09-17T13:27:23+00:00\" \/>\n<meta property=\"og:image\" content=\"https:\/\/ilcrogiuolo.it\/wp-content\/uploads\/2020\/01\/DEFUMADOR-\u2013-BUDA-DO-DINHEIRO-E-DO-AMOR-1.png\" \/>\n\t<meta property=\"og:image:width\" content=\"1024\" \/>\n\t<meta property=\"og:image:height\" content=\"1024\" \/>\n\t<meta property=\"og:image:type\" content=\"image\/png\" \/>\n<meta name=\"twitter:card\" content=\"summary_large_image\" \/>\n<meta name=\"twitter:label1\" content=\"Tempo di lettura stimato\" \/>\n\t<meta name=\"twitter:data1\" content=\"1 minuto\" \/>\n<script type=\"application\/ld+json\" class=\"yoast-schema-graph\">{\"@context\":\"https:\/\/schema.org\",\"@graph\":[{\"@type\":\"WebPage\",\"@id\":\"https:\/\/ilcrogiuolo.it\/it\/p\/defumador-buda-do-dinheiro-e-do-amor\/\",\"url\":\"https:\/\/ilcrogiuolo.it\/it\/p\/defumador-buda-do-dinheiro-e-do-amor\/\",\"name\":\"DEFUMADOR - BUDA DO DINHEIRO E DO AMOR - Il Crogiuolo\",\"isPartOf\":{\"@id\":\"https:\/\/ilcrogiuolo.it\/it\/#website\"},\"primaryImageOfPage\":{\"@id\":\"https:\/\/ilcrogiuolo.it\/it\/p\/defumador-buda-do-dinheiro-e-do-amor\/#primaryimage\"},\"image\":{\"@id\":\"https:\/\/ilcrogiuolo.it\/it\/p\/defumador-buda-do-dinheiro-e-do-amor\/#primaryimage\"},\"thumbnailUrl\":\"https:\/\/ilcrogiuolo.it\/wp-content\/uploads\/2020\/01\/DEFUMADOR-\u2013-BUDA-DO-DINHEIRO-E-DO-AMOR-1.png\",\"datePublished\":\"2020-01-14T16:18:47+00:00\",\"dateModified\":\"2025-09-17T13:27:23+00:00\",\"description\":\"DEFUMADOR - BUDA DO DINHEIRO E DO AMOR Questo defumador \u00e8 dedicato al Budda come archetipo di abbondanza in ogni circostanza della vita, sia a livello economico che affettivo. Le erbe\",\"breadcrumb\":{\"@id\":\"https:\/\/ilcrogiuolo.it\/it\/p\/defumador-buda-do-dinheiro-e-do-amor\/#breadcrumb\"},\"inLanguage\":\"it-IT\",\"potentialAction\":[{\"@type\":\"ReadAction\",\"target\":[\"https:\/\/ilcrogiuolo.it\/it\/p\/defumador-buda-do-dinheiro-e-do-amor\/\"]}]},{\"@type\":\"ImageObject\",\"inLanguage\":\"it-IT\",\"@id\":\"https:\/\/ilcrogiuolo.it\/it\/p\/defumador-buda-do-dinheiro-e-do-amor\/#primaryimage\",\"url\":\"https:\/\/ilcrogiuolo.it\/wp-content\/uploads\/2020\/01\/DEFUMADOR-\u2013-BUDA-DO-DINHEIRO-E-DO-AMOR-1.png\",\"contentUrl\":\"https:\/\/ilcrogiuolo.it\/wp-content\/uploads\/2020\/01\/DEFUMADOR-\u2013-BUDA-DO-DINHEIRO-E-DO-AMOR-1.png\",\"width\":1024,\"height\":1024},{\"@type\":\"BreadcrumbList\",\"@id\":\"https:\/\/ilcrogiuolo.it\/it\/p\/defumador-buda-do-dinheiro-e-do-amor\/#breadcrumb\",\"itemListElement\":[{\"@type\":\"ListItem\",\"position\":1,\"name\":\"Home\",\"item\":\"https:\/\/ilcrogiuolo.it\/it\/\"},{\"@type\":\"ListItem\",\"position\":2,\"name\":\"Shop\",\"item\":\"https:\/\/ilcrogiuolo.it\/it\/negozio\/\"},{\"@type\":\"ListItem\",\"position\":3,\"name\":\"DEFUMADOR &#8211; BUDA DO DINHEIRO E DO AMOR\"}]},{\"@type\":\"WebSite\",\"@id\":\"https:\/\/ilcrogiuolo.it\/it\/#website\",\"url\":\"https:\/\/ilcrogiuolo.it\/it\/\",\"name\":\"Il Crogiuolo\",\"description\":\"\",\"publisher\":{\"@id\":\"https:\/\/ilcrogiuolo.it\/it\/#organization\"},\"potentialAction\":[{\"@type\":\"SearchAction\",\"target\":{\"@type\":\"EntryPoint\",\"urlTemplate\":\"https:\/\/ilcrogiuolo.it\/it\/?s={search_term_string}\"},\"query-input\":{\"@type\":\"PropertyValueSpecification\",\"valueRequired\":true,\"valueName\":\"search_term_string\"}}],\"inLanguage\":\"it-IT\"},{\"@type\":\"Organization\",\"@id\":\"https:\/\/ilcrogiuolo.it\/it\/#organization\",\"name\":\"Il Crogiuolo\",\"url\":\"https:\/\/ilcrogiuolo.it\/it\/\",\"logo\":{\"@type\":\"ImageObject\",\"inLanguage\":\"it-IT\",\"@id\":\"https:\/\/ilcrogiuolo.it\/it\/#\/schema\/logo\/image\/\",\"url\":\"https:\/\/ilcrogiuolo.it\/wp-content\/uploads\/2020\/04\/logo.png\",\"contentUrl\":\"https:\/\/ilcrogiuolo.it\/wp-content\/uploads\/2020\/04\/logo.png\",\"width\":200,\"height\":49,\"caption\":\"Il Crogiuolo\"},\"image\":{\"@id\":\"https:\/\/ilcrogiuolo.it\/it\/#\/schema\/logo\/image\/\"},\"sameAs\":[\"https:\/\/www.facebook.com\/Il-Crogiuolo-681876418491758\"]}]}<\/script>\n<!-- \/ Yoast SEO plugin. -->","yoast_head_json":{"title":"DEFUMADOR - BUDA DO DINHEIRO E DO AMOR - Il Crogiuolo","description":"DEFUMADOR - BUDA DO DINHEIRO E DO AMOR Questo defumador \u00e8 dedicato al Budda come archetipo di abbondanza in ogni circostanza della vita, sia a livello economico che affettivo. Le erbe","robots":{"index":"index","follow":"follow","max-snippet":"max-snippet:-1","max-image-preview":"max-image-preview:large","max-video-preview":"max-video-preview:-1"},"canonical":"https:\/\/ilcrogiuolo.it\/it\/p\/defumador-buda-do-dinheiro-e-do-amor\/","og_locale":"it_IT","og_type":"article","og_title":"DEFUMADOR - BUDA DO DINHEIRO E DO AMOR - Il Crogiuolo","og_description":"DEFUMADOR - BUDA DO DINHEIRO E DO AMOR Questo defumador \u00e8 dedicato al Budda come archetipo di abbondanza in ogni circostanza della vita, sia a livello economico che affettivo. Le erbe","og_url":"https:\/\/ilcrogiuolo.it\/it\/p\/defumador-buda-do-dinheiro-e-do-amor\/","og_site_name":"Il Crogiuolo","article_publisher":"https:\/\/www.facebook.com\/Il-Crogiuolo-681876418491758","article_modified_time":"2025-09-17T13:27:23+00:00","og_image":[{"width":1024,"height":1024,"url":"https:\/\/ilcrogiuolo.it\/wp-content\/uploads\/2020\/01\/DEFUMADOR-\u2013-BUDA-DO-DINHEIRO-E-DO-AMOR-1.png","type":"image\/png"}],"twitter_card":"summary_large_image","twitter_misc":{"Tempo di lettura stimato":"1 minuto"},"schema":{"@context":"https:\/\/schema.org","@graph":[{"@type":"WebPage","@id":"https:\/\/ilcrogiuolo.it\/it\/p\/defumador-buda-do-dinheiro-e-do-amor\/","url":"https:\/\/ilcrogiuolo.it\/it\/p\/defumador-buda-do-dinheiro-e-do-amor\/","name":"DEFUMADOR - BUDA DO DINHEIRO E DO AMOR - Il Crogiuolo","isPartOf":{"@id":"https:\/\/ilcrogiuolo.it\/it\/#website"},"primaryImageOfPage":{"@id":"https:\/\/ilcrogiuolo.it\/it\/p\/defumador-buda-do-dinheiro-e-do-amor\/#primaryimage"},"image":{"@id":"https:\/\/ilcrogiuolo.it\/it\/p\/defumador-buda-do-dinheiro-e-do-amor\/#primaryimage"},"thumbnailUrl":"https:\/\/ilcrogiuolo.it\/wp-content\/uploads\/2020\/01\/DEFUMADOR-\u2013-BUDA-DO-DINHEIRO-E-DO-AMOR-1.png","datePublished":"2020-01-14T16:18:47+00:00","dateModified":"2025-09-17T13:27:23+00:00","description":"DEFUMADOR - BUDA DO DINHEIRO E DO AMOR Questo defumador \u00e8 dedicato al Budda come archetipo di abbondanza in ogni circostanza della vita, sia a livello economico che affettivo. Le erbe","breadcrumb":{"@id":"https:\/\/ilcrogiuolo.it\/it\/p\/defumador-buda-do-dinheiro-e-do-amor\/#breadcrumb"},"inLanguage":"it-IT","potentialAction":[{"@type":"ReadAction","target":["https:\/\/ilcrogiuolo.it\/it\/p\/defumador-buda-do-dinheiro-e-do-amor\/"]}]},{"@type":"ImageObject","inLanguage":"it-IT","@id":"https:\/\/ilcrogiuolo.it\/it\/p\/defumador-buda-do-dinheiro-e-do-amor\/#primaryimage","url":"https:\/\/ilcrogiuolo.it\/wp-content\/uploads\/2020\/01\/DEFUMADOR-\u2013-BUDA-DO-DINHEIRO-E-DO-AMOR-1.png","contentUrl":"https:\/\/ilcrogiuolo.it\/wp-content\/uploads\/2020\/01\/DEFUMADOR-\u2013-BUDA-DO-DINHEIRO-E-DO-AMOR-1.png","width":1024,"height":1024},{"@type":"BreadcrumbList","@id":"https:\/\/ilcrogiuolo.it\/it\/p\/defumador-buda-do-dinheiro-e-do-amor\/#breadcrumb","itemListElement":[{"@type":"ListItem","position":1,"name":"Home","item":"https:\/\/ilcrogiuolo.it\/it\/"},{"@type":"ListItem","position":2,"name":"Shop","item":"https:\/\/ilcrogiuolo.it\/it\/negozio\/"},{"@type":"ListItem","position":3,"name":"DEFUMADOR &#8211; BUDA DO DINHEIRO E DO AMOR"}]},{"@type":"WebSite","@id":"https:\/\/ilcrogiuolo.it\/it\/#website","url":"https:\/\/ilcrogiuolo.it\/it\/","name":"Il Crogiuolo","description":"","publisher":{"@id":"https:\/\/ilcrogiuolo.it\/it\/#organization"},"potentialAction":[{"@type":"SearchAction","target":{"@type":"EntryPoint","urlTemplate":"https:\/\/ilcrogiuolo.it\/it\/?s={search_term_string}"},"query-input":{"@type":"PropertyValueSpecification","valueRequired":true,"valueName":"search_term_string"}}],"inLanguage":"it-IT"},{"@type":"Organization","@id":"https:\/\/ilcrogiuolo.it\/it\/#organization","name":"Il Crogiuolo","url":"https:\/\/ilcrogiuolo.it\/it\/","logo":{"@type":"ImageObject","inLanguage":"it-IT","@id":"https:\/\/ilcrogiuolo.it\/it\/#\/schema\/logo\/image\/","url":"https:\/\/ilcrogiuolo.it\/wp-content\/uploads\/2020\/04\/logo.png","contentUrl":"https:\/\/ilcrogiuolo.it\/wp-content\/uploads\/2020\/04\/logo.png","width":200,"height":49,"caption":"Il Crogiuolo"},"image":{"@id":"https:\/\/ilcrogiuolo.it\/it\/#\/schema\/logo\/image\/"},"sameAs":["https:\/\/www.facebook.com\/Il-Crogiuolo-681876418491758"]}]}},"_links":{"self":[{"href":"https:\/\/ilcrogiuolo.it\/it\/wp-json\/wp\/v2\/product\/9208","targetHints":{"allow":["GET"]}}],"collection":[{"href":"https:\/\/ilcrogiuolo.it\/it\/wp-json\/wp\/v2\/product"}],"about":[{"href":"https:\/\/ilcrogiuolo.it\/it\/wp-json\/wp\/v2\/types\/product"}],"wp:featuredmedia":[{"embeddable":true,"href":"https:\/\/ilcrogiuolo.it\/it\/wp-json\/wp\/v2\/media\/51147"}],"wp:attachment":[{"href":"https:\/\/ilcrogiuolo.it\/it\/wp-json\/wp\/v2\/media?parent=9208"}],"wp:term":[{"taxonomy":"product_brand","embeddable":true,"href":"https:\/\/ilcrogiuolo.it\/it\/wp-json\/wp\/v2\/product_brand?post=9208"},{"taxonomy":"product_cat","embeddable":true,"href":"https:\/\/ilcrogiuolo.it\/it\/wp-json\/wp\/v2\/product_cat?post=9208"},{"taxonomy":"product_tag","embeddable":true,"href":"https:\/\/ilcrogiuolo.it\/it\/wp-json\/wp\/v2\/product_tag?post=9208"}],"curies":[{"name":"wp","href":"https:\/\/api.w.org\/{rel}","templated":true}]}}