{"id":9196,"date":"2020-01-14T17:18:47","date_gmt":"2020-01-14T16:18:47","guid":{"rendered":"https:\/\/ilcrogiuolo.it\/p\/carta-aromatica-deritrea-tuareg-30-strisce\/"},"modified":"2023-06-15T17:04:21","modified_gmt":"2023-06-15T15:04:21","slug":"carta-aromatica-deritrea-tuareg-30-strisce","status":"publish","type":"product","link":"https:\/\/ilcrogiuolo.it\/it\/p\/carta-aromatica-deritrea-tuareg-30-strisce\/","title":{"rendered":"CARTA AROMATICA D&#8217;ERITREA TUAREG 30 STRISCE"},"content":{"rendered":"<p>Nuova fragranza Tuareg, dall&#8217;aroma fresco e al contempo delicato. Il Crogiuolo \u00e8 orgoglioso di proporVi questo particolarissimo articolo, che coniuga il fascino degli antichi maestri profumieri, il mistero degli aromi delle antiche regine africane e la magia di una tradizione che ancora oggi regna sovrana. La Carta d\u2019Eritrea nasce come prodotto per profumare gli ambienti, l\u2019Originale, quello che noi vi proponiamo, \u00e8 commercializzato dal 1927, elaborato da un farmacista di Piacenza e distribuito in tutto il mondo: \u00e8 totalmente atossico, profuma gradevolmente e deodora ogni tipo di ambiente. Tra le carte aromatiche del passato questa \u00e8 sicuramente la pi\u00f9 conosciuta e si differenzia dalle altre per qualit\u00e0 e composizione. La ricetta \u00e8 rimasta invariata ed al suo interno contiene 35 resine e balsami preziosi tutti provenienti dal Corno d\u2019Africa quali la Mirra e l\u2019Olibano, oltre allo Storace ed il Benzoino, essenze misteriose, dal forte significato esoterico\u2026 ed effettivamente la sua formula sembra uscire da un manuale di alchimia. Quando si brucia nelle stanze riempie l\u2019aria con un fresco profumo; in passato veniva impiegato anche per tenere lontani gli insetti nocivi (mosche, zanzare\u2026), copre l\u2019odore del fumo, purifica gli ambienti. Un foglietto tenuto nei cassetti o negli armadi profumer\u00e0 la biancheria.<\/p>\n","protected":false},"excerpt":{"rendered":"<p>Nuova fragranza Tuareg, dall&#8217;aroma fresco e al contempo delicato. Il Crogiuolo \u00e8 orgoglioso di proporVi questo particolarissimo articolo, che coniuga&#8230;<\/p>\n","protected":false},"featured_media":9197,"template":"","meta":{"_acf_changed":false},"product_brand":[],"product_cat":[1114,1059,1370],"product_tag":[],"class_list":{"0":"post-9196","1":"product","2":"type-product","3":"status-publish","4":"has-post-thumbnail","6":"product_cat-incensi","7":"product_cat-articoli-esoterici","8":"product_cat-prodotti-deritrea","10":"first","11":"instock","12":"taxable","13":"shipping-taxable","14":"purchasable","15":"product-type-simple","16":"add-to-wishlist-before_image"},"acf":[],"yoast_head":"<!-- This site is optimized with the Yoast SEO plugin v26.9 - https:\/\/yoast.com\/product\/yoast-seo-wordpress\/ -->\n<title>CARTA AROMATICA D&#039;ERITREA TUAREG 30 STRISCE - Il Crogiuolo<\/title>\n<meta name=\"description\" content=\"CARTA AROMATICA D&#039;ERITREA TUAREG 30 STRISCE Nuova fragranza Tuareg, dall&#039;aroma fresco e al contempo delicato. Il Crogiuolo \u00e8 orgoglioso di proporVi questo particolarissimo articolo, che coniuga il\" \/>\n<meta name=\"robots\" content=\"index, follow, max-snippet:-1, max-image-preview:large, max-video-preview:-1\" \/>\n<link rel=\"canonical\" href=\"https:\/\/ilcrogiuolo.it\/it\/p\/carta-aromatica-deritrea-tuareg-30-strisce\/\" \/>\n<meta property=\"og:locale\" content=\"it_IT\" \/>\n<meta property=\"og:type\" content=\"article\" \/>\n<meta property=\"og:title\" content=\"CARTA AROMATICA D&#039;ERITREA TUAREG 30 STRISCE - Il Crogiuolo\" \/>\n<meta property=\"og:description\" content=\"CARTA AROMATICA D&#039;ERITREA TUAREG 30 STRISCE Nuova fragranza Tuareg, dall&#039;aroma fresco e al contempo delicato. Il Crogiuolo \u00e8 orgoglioso di proporVi questo particolarissimo articolo, che coniuga il\" \/>\n<meta property=\"og:url\" content=\"https:\/\/ilcrogiuolo.it\/it\/p\/carta-aromatica-deritrea-tuareg-30-strisce\/\" \/>\n<meta property=\"og:site_name\" content=\"Il Crogiuolo\" \/>\n<meta property=\"article:publisher\" content=\"https:\/\/www.facebook.com\/Il-Crogiuolo-681876418491758\" \/>\n<meta property=\"article:modified_time\" content=\"2023-06-15T15:04:21+00:00\" \/>\n<meta property=\"og:image\" content=\"https:\/\/ilcrogiuolo.it\/wp-content\/uploads\/2020\/01\/eritreatuareg_5881200.jpg\" \/>\n\t<meta property=\"og:image:width\" content=\"627\" \/>\n\t<meta property=\"og:image:height\" content=\"600\" \/>\n\t<meta property=\"og:image:type\" content=\"image\/jpeg\" \/>\n<meta name=\"twitter:card\" content=\"summary_large_image\" \/>\n<meta name=\"twitter:label1\" content=\"Tempo di lettura stimato\" \/>\n\t<meta name=\"twitter:data1\" content=\"2 minuti\" \/>\n<script type=\"application\/ld+json\" class=\"yoast-schema-graph\">{\"@context\":\"https:\/\/schema.org\",\"@graph\":[{\"@type\":\"WebPage\",\"@id\":\"https:\/\/ilcrogiuolo.it\/it\/p\/carta-aromatica-deritrea-tuareg-30-strisce\/\",\"url\":\"https:\/\/ilcrogiuolo.it\/it\/p\/carta-aromatica-deritrea-tuareg-30-strisce\/\",\"name\":\"CARTA AROMATICA D'ERITREA TUAREG 30 STRISCE - Il Crogiuolo\",\"isPartOf\":{\"@id\":\"https:\/\/ilcrogiuolo.it\/it\/#website\"},\"primaryImageOfPage\":{\"@id\":\"https:\/\/ilcrogiuolo.it\/it\/p\/carta-aromatica-deritrea-tuareg-30-strisce\/#primaryimage\"},\"image\":{\"@id\":\"https:\/\/ilcrogiuolo.it\/it\/p\/carta-aromatica-deritrea-tuareg-30-strisce\/#primaryimage\"},\"thumbnailUrl\":\"https:\/\/ilcrogiuolo.it\/wp-content\/uploads\/2020\/01\/eritreatuareg_5881200.jpg\",\"datePublished\":\"2020-01-14T16:18:47+00:00\",\"dateModified\":\"2023-06-15T15:04:21+00:00\",\"description\":\"CARTA AROMATICA D'ERITREA TUAREG 30 STRISCE Nuova fragranza Tuareg, dall'aroma fresco e al contempo delicato. Il Crogiuolo \u00e8 orgoglioso di proporVi questo particolarissimo articolo, che coniuga il\",\"breadcrumb\":{\"@id\":\"https:\/\/ilcrogiuolo.it\/it\/p\/carta-aromatica-deritrea-tuareg-30-strisce\/#breadcrumb\"},\"inLanguage\":\"it-IT\",\"potentialAction\":[{\"@type\":\"ReadAction\",\"target\":[\"https:\/\/ilcrogiuolo.it\/it\/p\/carta-aromatica-deritrea-tuareg-30-strisce\/\"]}]},{\"@type\":\"ImageObject\",\"inLanguage\":\"it-IT\",\"@id\":\"https:\/\/ilcrogiuolo.it\/it\/p\/carta-aromatica-deritrea-tuareg-30-strisce\/#primaryimage\",\"url\":\"https:\/\/ilcrogiuolo.it\/wp-content\/uploads\/2020\/01\/eritreatuareg_5881200.jpg\",\"contentUrl\":\"https:\/\/ilcrogiuolo.it\/wp-content\/uploads\/2020\/01\/eritreatuareg_5881200.jpg\",\"width\":627,\"height\":600},{\"@type\":\"BreadcrumbList\",\"@id\":\"https:\/\/ilcrogiuolo.it\/it\/p\/carta-aromatica-deritrea-tuareg-30-strisce\/#breadcrumb\",\"itemListElement\":[{\"@type\":\"ListItem\",\"position\":1,\"name\":\"Home\",\"item\":\"https:\/\/ilcrogiuolo.it\/it\/\"},{\"@type\":\"ListItem\",\"position\":2,\"name\":\"Shop\",\"item\":\"https:\/\/ilcrogiuolo.it\/it\/negozio\/\"},{\"@type\":\"ListItem\",\"position\":3,\"name\":\"CARTA AROMATICA D&#8217;ERITREA TUAREG 30 STRISCE\"}]},{\"@type\":\"WebSite\",\"@id\":\"https:\/\/ilcrogiuolo.it\/it\/#website\",\"url\":\"https:\/\/ilcrogiuolo.it\/it\/\",\"name\":\"Il Crogiuolo\",\"description\":\"\",\"publisher\":{\"@id\":\"https:\/\/ilcrogiuolo.it\/it\/#organization\"},\"potentialAction\":[{\"@type\":\"SearchAction\",\"target\":{\"@type\":\"EntryPoint\",\"urlTemplate\":\"https:\/\/ilcrogiuolo.it\/it\/?s={search_term_string}\"},\"query-input\":{\"@type\":\"PropertyValueSpecification\",\"valueRequired\":true,\"valueName\":\"search_term_string\"}}],\"inLanguage\":\"it-IT\"},{\"@type\":\"Organization\",\"@id\":\"https:\/\/ilcrogiuolo.it\/it\/#organization\",\"name\":\"Il Crogiuolo\",\"url\":\"https:\/\/ilcrogiuolo.it\/it\/\",\"logo\":{\"@type\":\"ImageObject\",\"inLanguage\":\"it-IT\",\"@id\":\"https:\/\/ilcrogiuolo.it\/it\/#\/schema\/logo\/image\/\",\"url\":\"https:\/\/ilcrogiuolo.it\/wp-content\/uploads\/2020\/04\/logo.png\",\"contentUrl\":\"https:\/\/ilcrogiuolo.it\/wp-content\/uploads\/2020\/04\/logo.png\",\"width\":200,\"height\":49,\"caption\":\"Il Crogiuolo\"},\"image\":{\"@id\":\"https:\/\/ilcrogiuolo.it\/it\/#\/schema\/logo\/image\/\"},\"sameAs\":[\"https:\/\/www.facebook.com\/Il-Crogiuolo-681876418491758\"]}]}<\/script>\n<!-- \/ Yoast SEO plugin. -->","yoast_head_json":{"title":"CARTA AROMATICA D'ERITREA TUAREG 30 STRISCE - Il Crogiuolo","description":"CARTA AROMATICA D'ERITREA TUAREG 30 STRISCE Nuova fragranza Tuareg, dall'aroma fresco e al contempo delicato. Il Crogiuolo \u00e8 orgoglioso di proporVi questo particolarissimo articolo, che coniuga il","robots":{"index":"index","follow":"follow","max-snippet":"max-snippet:-1","max-image-preview":"max-image-preview:large","max-video-preview":"max-video-preview:-1"},"canonical":"https:\/\/ilcrogiuolo.it\/it\/p\/carta-aromatica-deritrea-tuareg-30-strisce\/","og_locale":"it_IT","og_type":"article","og_title":"CARTA AROMATICA D'ERITREA TUAREG 30 STRISCE - Il Crogiuolo","og_description":"CARTA AROMATICA D'ERITREA TUAREG 30 STRISCE Nuova fragranza Tuareg, dall'aroma fresco e al contempo delicato. Il Crogiuolo \u00e8 orgoglioso di proporVi questo particolarissimo articolo, che coniuga il","og_url":"https:\/\/ilcrogiuolo.it\/it\/p\/carta-aromatica-deritrea-tuareg-30-strisce\/","og_site_name":"Il Crogiuolo","article_publisher":"https:\/\/www.facebook.com\/Il-Crogiuolo-681876418491758","article_modified_time":"2023-06-15T15:04:21+00:00","og_image":[{"width":627,"height":600,"url":"https:\/\/ilcrogiuolo.it\/wp-content\/uploads\/2020\/01\/eritreatuareg_5881200.jpg","type":"image\/jpeg"}],"twitter_card":"summary_large_image","twitter_misc":{"Tempo di lettura stimato":"2 minuti"},"schema":{"@context":"https:\/\/schema.org","@graph":[{"@type":"WebPage","@id":"https:\/\/ilcrogiuolo.it\/it\/p\/carta-aromatica-deritrea-tuareg-30-strisce\/","url":"https:\/\/ilcrogiuolo.it\/it\/p\/carta-aromatica-deritrea-tuareg-30-strisce\/","name":"CARTA AROMATICA D'ERITREA TUAREG 30 STRISCE - Il Crogiuolo","isPartOf":{"@id":"https:\/\/ilcrogiuolo.it\/it\/#website"},"primaryImageOfPage":{"@id":"https:\/\/ilcrogiuolo.it\/it\/p\/carta-aromatica-deritrea-tuareg-30-strisce\/#primaryimage"},"image":{"@id":"https:\/\/ilcrogiuolo.it\/it\/p\/carta-aromatica-deritrea-tuareg-30-strisce\/#primaryimage"},"thumbnailUrl":"https:\/\/ilcrogiuolo.it\/wp-content\/uploads\/2020\/01\/eritreatuareg_5881200.jpg","datePublished":"2020-01-14T16:18:47+00:00","dateModified":"2023-06-15T15:04:21+00:00","description":"CARTA AROMATICA D'ERITREA TUAREG 30 STRISCE Nuova fragranza Tuareg, dall'aroma fresco e al contempo delicato. Il Crogiuolo \u00e8 orgoglioso di proporVi questo particolarissimo articolo, che coniuga il","breadcrumb":{"@id":"https:\/\/ilcrogiuolo.it\/it\/p\/carta-aromatica-deritrea-tuareg-30-strisce\/#breadcrumb"},"inLanguage":"it-IT","potentialAction":[{"@type":"ReadAction","target":["https:\/\/ilcrogiuolo.it\/it\/p\/carta-aromatica-deritrea-tuareg-30-strisce\/"]}]},{"@type":"ImageObject","inLanguage":"it-IT","@id":"https:\/\/ilcrogiuolo.it\/it\/p\/carta-aromatica-deritrea-tuareg-30-strisce\/#primaryimage","url":"https:\/\/ilcrogiuolo.it\/wp-content\/uploads\/2020\/01\/eritreatuareg_5881200.jpg","contentUrl":"https:\/\/ilcrogiuolo.it\/wp-content\/uploads\/2020\/01\/eritreatuareg_5881200.jpg","width":627,"height":600},{"@type":"BreadcrumbList","@id":"https:\/\/ilcrogiuolo.it\/it\/p\/carta-aromatica-deritrea-tuareg-30-strisce\/#breadcrumb","itemListElement":[{"@type":"ListItem","position":1,"name":"Home","item":"https:\/\/ilcrogiuolo.it\/it\/"},{"@type":"ListItem","position":2,"name":"Shop","item":"https:\/\/ilcrogiuolo.it\/it\/negozio\/"},{"@type":"ListItem","position":3,"name":"CARTA AROMATICA D&#8217;ERITREA TUAREG 30 STRISCE"}]},{"@type":"WebSite","@id":"https:\/\/ilcrogiuolo.it\/it\/#website","url":"https:\/\/ilcrogiuolo.it\/it\/","name":"Il Crogiuolo","description":"","publisher":{"@id":"https:\/\/ilcrogiuolo.it\/it\/#organization"},"potentialAction":[{"@type":"SearchAction","target":{"@type":"EntryPoint","urlTemplate":"https:\/\/ilcrogiuolo.it\/it\/?s={search_term_string}"},"query-input":{"@type":"PropertyValueSpecification","valueRequired":true,"valueName":"search_term_string"}}],"inLanguage":"it-IT"},{"@type":"Organization","@id":"https:\/\/ilcrogiuolo.it\/it\/#organization","name":"Il Crogiuolo","url":"https:\/\/ilcrogiuolo.it\/it\/","logo":{"@type":"ImageObject","inLanguage":"it-IT","@id":"https:\/\/ilcrogiuolo.it\/it\/#\/schema\/logo\/image\/","url":"https:\/\/ilcrogiuolo.it\/wp-content\/uploads\/2020\/04\/logo.png","contentUrl":"https:\/\/ilcrogiuolo.it\/wp-content\/uploads\/2020\/04\/logo.png","width":200,"height":49,"caption":"Il Crogiuolo"},"image":{"@id":"https:\/\/ilcrogiuolo.it\/it\/#\/schema\/logo\/image\/"},"sameAs":["https:\/\/www.facebook.com\/Il-Crogiuolo-681876418491758"]}]}},"_links":{"self":[{"href":"https:\/\/ilcrogiuolo.it\/it\/wp-json\/wp\/v2\/product\/9196","targetHints":{"allow":["GET"]}}],"collection":[{"href":"https:\/\/ilcrogiuolo.it\/it\/wp-json\/wp\/v2\/product"}],"about":[{"href":"https:\/\/ilcrogiuolo.it\/it\/wp-json\/wp\/v2\/types\/product"}],"wp:featuredmedia":[{"embeddable":true,"href":"https:\/\/ilcrogiuolo.it\/it\/wp-json\/wp\/v2\/media\/9197"}],"wp:attachment":[{"href":"https:\/\/ilcrogiuolo.it\/it\/wp-json\/wp\/v2\/media?parent=9196"}],"wp:term":[{"taxonomy":"product_brand","embeddable":true,"href":"https:\/\/ilcrogiuolo.it\/it\/wp-json\/wp\/v2\/product_brand?post=9196"},{"taxonomy":"product_cat","embeddable":true,"href":"https:\/\/ilcrogiuolo.it\/it\/wp-json\/wp\/v2\/product_cat?post=9196"},{"taxonomy":"product_tag","embeddable":true,"href":"https:\/\/ilcrogiuolo.it\/it\/wp-json\/wp\/v2\/product_tag?post=9196"}],"curies":[{"name":"wp","href":"https:\/\/api.w.org\/{rel}","templated":true}]}}