{"id":9169,"date":"2020-01-14T17:18:39","date_gmt":"2020-01-14T16:18:39","guid":{"rendered":"https:\/\/ilcrogiuolo.it\/p\/antichi-incantesimi-rituali-magie-damore-e-di-guarigione-aneddoti-storie\/"},"modified":"2022-09-12T16:17:35","modified_gmt":"2022-09-12T14:17:35","slug":"antichi-incantesimi-rituali-magie-damore-e-di-guarigione-aneddoti-storie","status":"publish","type":"product","link":"https:\/\/ilcrogiuolo.it\/it\/p\/antichi-incantesimi-rituali-magie-damore-e-di-guarigione-aneddoti-storie\/","title":{"rendered":"ANTICHI INCANTESIMI Rituali magie d&#8217;amore e di guarigione, aneddoti, storie"},"content":{"rendered":"<div class=\"like-wrap\">Quest\u2019opera contiene una raccolta di usi, costumi e cerimonie di derivazione est-europea, come la predizione del futuro, la magia di guarigione, i filtri d\u2019amore ed altre stregonerie, illustrate da molti esempi ed aneddoti tratti da opere poco note al lettore o da esperienze personali. Nel giro di pochi anni, da quando l\u2019etnologia e l\u2019archeologia hanno ricevuto grande ispirazione ed hanno allargato molto la loro indagine nel folklore popolare, tutto ci\u00f2 che riguarda questa materia viene studiato con interesse e profitto molto maggiore di quando veniva trattato con spirito scettico e languido, pi\u00f9 in maniera emotiva che ragionata.<br \/>\nOra che cerchiamo con decisione di scoprire l\u2019intera verit\u00e0, che sia basata sul materialismo, lo spiritualismo o la loro identit\u00e0, siamo stupiti nel trovare che quel regno di meraviglia e mistero, di stupore e poesia collegato a ci\u00f2 che chiamiamo vagamente \u201cmagia\u201d, lungi dall\u2019essere spiegato interamente si allarga davanti a noi mano a mano che procediamo e non in una mera terra delle nuvole, una terra splendida, ma in un paese reale che gli uomini di scienza un tempo avrebbero sdegnato e in cui si sarebbero smarriti.<br \/>\nL\u2019ipnosi ha realmente rivelato meraviglie molto superiori a quelle mai dimostrate dagli antichi fascinatores o dai pi\u00f9 recenti mesmeristi. La memoria, secondo Platone base del pensiero, che un tempo si pensava fosse una quantit\u00e0 determinata, \u00e8 stato provato (la parola non \u00e8 troppo audace) dalla recente fisiologia essere praticamente infinita e che il suo sviluppo \u00e8 identico a quello dell\u2019intelletto, cos\u00ec che ora vediamo chiaramente davanti a noi il potere di fare molte di quelle cose che venivano un tempo considerate miracolose. Non meno importante \u00e8 che uomini di scienza o inventori pratici quali Darwin, Wallace, Huxley, Tyndale, Galton, Joule, Lockyer ed Edison hanno operato o operano insieme a teosofi, spiritualisti, studiosi di folklore e molti altri verso una grande soluzione dell\u2019Inconosciuto.<\/div>\n<p>&nbsp;<\/p>\n","protected":false},"excerpt":{"rendered":"<p>Quest\u2019opera contiene una raccolta di usi, costumi e cerimonie di derivazione est-europea, come la predizione del futuro, la magia di&#8230;<\/p>\n","protected":false},"featured_media":38835,"template":"","meta":{"_acf_changed":false},"product_brand":[],"product_cat":[1077,1536,1060],"product_tag":[],"class_list":{"0":"post-9169","1":"product","2":"type-product","3":"status-publish","4":"has-post-thumbnail","6":"product_cat-libreria-esoterica-libreria-esoterica","7":"product_cat-altre-edizioni","8":"product_cat-libreria-esoterica","10":"first","11":"instock","12":"taxable","13":"shipping-taxable","14":"purchasable","15":"product-type-simple","16":"add-to-wishlist-before_image"},"acf":[],"yoast_head":"<!-- This site is optimized with the Yoast SEO plugin v26.9 - https:\/\/yoast.com\/product\/yoast-seo-wordpress\/ -->\n<title>ANTICHI INCANTESIMI Rituali magie d&#039;amore e di guarigione, aneddoti, storie - Il Crogiuolo<\/title>\n<meta name=\"description\" content=\"ANTICHI INCANTESIMI Rituali magie d&#039;amore e di guarigione, aneddoti, storie Quest\u2019opera contiene una raccolta di usi, costumi e cerimonie di derivazione est-europea, come la predizione del futuro, la magia di guarigione, i filtri\" \/>\n<meta name=\"robots\" content=\"index, follow, max-snippet:-1, max-image-preview:large, max-video-preview:-1\" \/>\n<link rel=\"canonical\" href=\"https:\/\/ilcrogiuolo.it\/it\/p\/antichi-incantesimi-rituali-magie-damore-e-di-guarigione-aneddoti-storie\/\" \/>\n<meta property=\"og:locale\" content=\"it_IT\" \/>\n<meta property=\"og:type\" content=\"article\" \/>\n<meta property=\"og:title\" content=\"ANTICHI INCANTESIMI Rituali magie d&#039;amore e di guarigione, aneddoti, storie - Il Crogiuolo\" \/>\n<meta property=\"og:description\" content=\"ANTICHI INCANTESIMI Rituali magie d&#039;amore e di guarigione, aneddoti, storie Quest\u2019opera contiene una raccolta di usi, costumi e cerimonie di derivazione est-europea, come la predizione del futuro, la magia di guarigione, i filtri\" \/>\n<meta property=\"og:url\" content=\"https:\/\/ilcrogiuolo.it\/it\/p\/antichi-incantesimi-rituali-magie-damore-e-di-guarigione-aneddoti-storie\/\" \/>\n<meta property=\"og:site_name\" content=\"Il Crogiuolo\" \/>\n<meta property=\"article:publisher\" content=\"https:\/\/www.facebook.com\/Il-Crogiuolo-681876418491758\" \/>\n<meta property=\"article:modified_time\" content=\"2022-09-12T14:17:35+00:00\" \/>\n<meta property=\"og:image\" content=\"https:\/\/ilcrogiuolo.it\/wp-content\/uploads\/2020\/01\/antichi-incantesimi-leland.png\" \/>\n\t<meta property=\"og:image:width\" content=\"627\" \/>\n\t<meta property=\"og:image:height\" content=\"600\" \/>\n\t<meta property=\"og:image:type\" content=\"image\/png\" \/>\n<meta name=\"twitter:card\" content=\"summary_large_image\" \/>\n<meta name=\"twitter:label1\" content=\"Tempo di lettura stimato\" \/>\n\t<meta name=\"twitter:data1\" content=\"2 minuti\" \/>\n<script type=\"application\/ld+json\" class=\"yoast-schema-graph\">{\"@context\":\"https:\/\/schema.org\",\"@graph\":[{\"@type\":\"WebPage\",\"@id\":\"https:\/\/ilcrogiuolo.it\/it\/p\/antichi-incantesimi-rituali-magie-damore-e-di-guarigione-aneddoti-storie\/\",\"url\":\"https:\/\/ilcrogiuolo.it\/it\/p\/antichi-incantesimi-rituali-magie-damore-e-di-guarigione-aneddoti-storie\/\",\"name\":\"ANTICHI INCANTESIMI Rituali magie d'amore e di guarigione, aneddoti, storie - Il Crogiuolo\",\"isPartOf\":{\"@id\":\"https:\/\/ilcrogiuolo.it\/it\/#website\"},\"primaryImageOfPage\":{\"@id\":\"https:\/\/ilcrogiuolo.it\/it\/p\/antichi-incantesimi-rituali-magie-damore-e-di-guarigione-aneddoti-storie\/#primaryimage\"},\"image\":{\"@id\":\"https:\/\/ilcrogiuolo.it\/it\/p\/antichi-incantesimi-rituali-magie-damore-e-di-guarigione-aneddoti-storie\/#primaryimage\"},\"thumbnailUrl\":\"https:\/\/ilcrogiuolo.it\/wp-content\/uploads\/2020\/01\/antichi-incantesimi-leland.png\",\"datePublished\":\"2020-01-14T16:18:39+00:00\",\"dateModified\":\"2022-09-12T14:17:35+00:00\",\"description\":\"ANTICHI INCANTESIMI Rituali magie d'amore e di guarigione, aneddoti, storie Quest\u2019opera contiene una raccolta di usi, costumi e cerimonie di derivazione est-europea, come la predizione del futuro, la magia di guarigione, i filtri\",\"breadcrumb\":{\"@id\":\"https:\/\/ilcrogiuolo.it\/it\/p\/antichi-incantesimi-rituali-magie-damore-e-di-guarigione-aneddoti-storie\/#breadcrumb\"},\"inLanguage\":\"it-IT\",\"potentialAction\":[{\"@type\":\"ReadAction\",\"target\":[\"https:\/\/ilcrogiuolo.it\/it\/p\/antichi-incantesimi-rituali-magie-damore-e-di-guarigione-aneddoti-storie\/\"]}]},{\"@type\":\"ImageObject\",\"inLanguage\":\"it-IT\",\"@id\":\"https:\/\/ilcrogiuolo.it\/it\/p\/antichi-incantesimi-rituali-magie-damore-e-di-guarigione-aneddoti-storie\/#primaryimage\",\"url\":\"https:\/\/ilcrogiuolo.it\/wp-content\/uploads\/2020\/01\/antichi-incantesimi-leland.png\",\"contentUrl\":\"https:\/\/ilcrogiuolo.it\/wp-content\/uploads\/2020\/01\/antichi-incantesimi-leland.png\",\"width\":627,\"height\":600},{\"@type\":\"BreadcrumbList\",\"@id\":\"https:\/\/ilcrogiuolo.it\/it\/p\/antichi-incantesimi-rituali-magie-damore-e-di-guarigione-aneddoti-storie\/#breadcrumb\",\"itemListElement\":[{\"@type\":\"ListItem\",\"position\":1,\"name\":\"Home\",\"item\":\"https:\/\/ilcrogiuolo.it\/it\/\"},{\"@type\":\"ListItem\",\"position\":2,\"name\":\"Shop\",\"item\":\"https:\/\/ilcrogiuolo.it\/it\/negozio\/\"},{\"@type\":\"ListItem\",\"position\":3,\"name\":\"ANTICHI INCANTESIMI Rituali magie d&#8217;amore e di guarigione, aneddoti, storie\"}]},{\"@type\":\"WebSite\",\"@id\":\"https:\/\/ilcrogiuolo.it\/it\/#website\",\"url\":\"https:\/\/ilcrogiuolo.it\/it\/\",\"name\":\"Il Crogiuolo\",\"description\":\"\",\"publisher\":{\"@id\":\"https:\/\/ilcrogiuolo.it\/it\/#organization\"},\"potentialAction\":[{\"@type\":\"SearchAction\",\"target\":{\"@type\":\"EntryPoint\",\"urlTemplate\":\"https:\/\/ilcrogiuolo.it\/it\/?s={search_term_string}\"},\"query-input\":{\"@type\":\"PropertyValueSpecification\",\"valueRequired\":true,\"valueName\":\"search_term_string\"}}],\"inLanguage\":\"it-IT\"},{\"@type\":\"Organization\",\"@id\":\"https:\/\/ilcrogiuolo.it\/it\/#organization\",\"name\":\"Il Crogiuolo\",\"url\":\"https:\/\/ilcrogiuolo.it\/it\/\",\"logo\":{\"@type\":\"ImageObject\",\"inLanguage\":\"it-IT\",\"@id\":\"https:\/\/ilcrogiuolo.it\/it\/#\/schema\/logo\/image\/\",\"url\":\"https:\/\/ilcrogiuolo.it\/wp-content\/uploads\/2020\/04\/logo.png\",\"contentUrl\":\"https:\/\/ilcrogiuolo.it\/wp-content\/uploads\/2020\/04\/logo.png\",\"width\":200,\"height\":49,\"caption\":\"Il Crogiuolo\"},\"image\":{\"@id\":\"https:\/\/ilcrogiuolo.it\/it\/#\/schema\/logo\/image\/\"},\"sameAs\":[\"https:\/\/www.facebook.com\/Il-Crogiuolo-681876418491758\"]}]}<\/script>\n<!-- \/ Yoast SEO plugin. -->","yoast_head_json":{"title":"ANTICHI INCANTESIMI Rituali magie d'amore e di guarigione, aneddoti, storie - Il Crogiuolo","description":"ANTICHI INCANTESIMI Rituali magie d'amore e di guarigione, aneddoti, storie Quest\u2019opera contiene una raccolta di usi, costumi e cerimonie di derivazione est-europea, come la predizione del futuro, la magia di guarigione, i filtri","robots":{"index":"index","follow":"follow","max-snippet":"max-snippet:-1","max-image-preview":"max-image-preview:large","max-video-preview":"max-video-preview:-1"},"canonical":"https:\/\/ilcrogiuolo.it\/it\/p\/antichi-incantesimi-rituali-magie-damore-e-di-guarigione-aneddoti-storie\/","og_locale":"it_IT","og_type":"article","og_title":"ANTICHI INCANTESIMI Rituali magie d'amore e di guarigione, aneddoti, storie - Il Crogiuolo","og_description":"ANTICHI INCANTESIMI Rituali magie d'amore e di guarigione, aneddoti, storie Quest\u2019opera contiene una raccolta di usi, costumi e cerimonie di derivazione est-europea, come la predizione del futuro, la magia di guarigione, i filtri","og_url":"https:\/\/ilcrogiuolo.it\/it\/p\/antichi-incantesimi-rituali-magie-damore-e-di-guarigione-aneddoti-storie\/","og_site_name":"Il Crogiuolo","article_publisher":"https:\/\/www.facebook.com\/Il-Crogiuolo-681876418491758","article_modified_time":"2022-09-12T14:17:35+00:00","og_image":[{"width":627,"height":600,"url":"https:\/\/ilcrogiuolo.it\/wp-content\/uploads\/2020\/01\/antichi-incantesimi-leland.png","type":"image\/png"}],"twitter_card":"summary_large_image","twitter_misc":{"Tempo di lettura stimato":"2 minuti"},"schema":{"@context":"https:\/\/schema.org","@graph":[{"@type":"WebPage","@id":"https:\/\/ilcrogiuolo.it\/it\/p\/antichi-incantesimi-rituali-magie-damore-e-di-guarigione-aneddoti-storie\/","url":"https:\/\/ilcrogiuolo.it\/it\/p\/antichi-incantesimi-rituali-magie-damore-e-di-guarigione-aneddoti-storie\/","name":"ANTICHI INCANTESIMI Rituali magie d'amore e di guarigione, aneddoti, storie - Il Crogiuolo","isPartOf":{"@id":"https:\/\/ilcrogiuolo.it\/it\/#website"},"primaryImageOfPage":{"@id":"https:\/\/ilcrogiuolo.it\/it\/p\/antichi-incantesimi-rituali-magie-damore-e-di-guarigione-aneddoti-storie\/#primaryimage"},"image":{"@id":"https:\/\/ilcrogiuolo.it\/it\/p\/antichi-incantesimi-rituali-magie-damore-e-di-guarigione-aneddoti-storie\/#primaryimage"},"thumbnailUrl":"https:\/\/ilcrogiuolo.it\/wp-content\/uploads\/2020\/01\/antichi-incantesimi-leland.png","datePublished":"2020-01-14T16:18:39+00:00","dateModified":"2022-09-12T14:17:35+00:00","description":"ANTICHI INCANTESIMI Rituali magie d'amore e di guarigione, aneddoti, storie Quest\u2019opera contiene una raccolta di usi, costumi e cerimonie di derivazione est-europea, come la predizione del futuro, la magia di guarigione, i filtri","breadcrumb":{"@id":"https:\/\/ilcrogiuolo.it\/it\/p\/antichi-incantesimi-rituali-magie-damore-e-di-guarigione-aneddoti-storie\/#breadcrumb"},"inLanguage":"it-IT","potentialAction":[{"@type":"ReadAction","target":["https:\/\/ilcrogiuolo.it\/it\/p\/antichi-incantesimi-rituali-magie-damore-e-di-guarigione-aneddoti-storie\/"]}]},{"@type":"ImageObject","inLanguage":"it-IT","@id":"https:\/\/ilcrogiuolo.it\/it\/p\/antichi-incantesimi-rituali-magie-damore-e-di-guarigione-aneddoti-storie\/#primaryimage","url":"https:\/\/ilcrogiuolo.it\/wp-content\/uploads\/2020\/01\/antichi-incantesimi-leland.png","contentUrl":"https:\/\/ilcrogiuolo.it\/wp-content\/uploads\/2020\/01\/antichi-incantesimi-leland.png","width":627,"height":600},{"@type":"BreadcrumbList","@id":"https:\/\/ilcrogiuolo.it\/it\/p\/antichi-incantesimi-rituali-magie-damore-e-di-guarigione-aneddoti-storie\/#breadcrumb","itemListElement":[{"@type":"ListItem","position":1,"name":"Home","item":"https:\/\/ilcrogiuolo.it\/it\/"},{"@type":"ListItem","position":2,"name":"Shop","item":"https:\/\/ilcrogiuolo.it\/it\/negozio\/"},{"@type":"ListItem","position":3,"name":"ANTICHI INCANTESIMI Rituali magie d&#8217;amore e di guarigione, aneddoti, storie"}]},{"@type":"WebSite","@id":"https:\/\/ilcrogiuolo.it\/it\/#website","url":"https:\/\/ilcrogiuolo.it\/it\/","name":"Il Crogiuolo","description":"","publisher":{"@id":"https:\/\/ilcrogiuolo.it\/it\/#organization"},"potentialAction":[{"@type":"SearchAction","target":{"@type":"EntryPoint","urlTemplate":"https:\/\/ilcrogiuolo.it\/it\/?s={search_term_string}"},"query-input":{"@type":"PropertyValueSpecification","valueRequired":true,"valueName":"search_term_string"}}],"inLanguage":"it-IT"},{"@type":"Organization","@id":"https:\/\/ilcrogiuolo.it\/it\/#organization","name":"Il Crogiuolo","url":"https:\/\/ilcrogiuolo.it\/it\/","logo":{"@type":"ImageObject","inLanguage":"it-IT","@id":"https:\/\/ilcrogiuolo.it\/it\/#\/schema\/logo\/image\/","url":"https:\/\/ilcrogiuolo.it\/wp-content\/uploads\/2020\/04\/logo.png","contentUrl":"https:\/\/ilcrogiuolo.it\/wp-content\/uploads\/2020\/04\/logo.png","width":200,"height":49,"caption":"Il Crogiuolo"},"image":{"@id":"https:\/\/ilcrogiuolo.it\/it\/#\/schema\/logo\/image\/"},"sameAs":["https:\/\/www.facebook.com\/Il-Crogiuolo-681876418491758"]}]}},"_links":{"self":[{"href":"https:\/\/ilcrogiuolo.it\/it\/wp-json\/wp\/v2\/product\/9169","targetHints":{"allow":["GET"]}}],"collection":[{"href":"https:\/\/ilcrogiuolo.it\/it\/wp-json\/wp\/v2\/product"}],"about":[{"href":"https:\/\/ilcrogiuolo.it\/it\/wp-json\/wp\/v2\/types\/product"}],"wp:featuredmedia":[{"embeddable":true,"href":"https:\/\/ilcrogiuolo.it\/it\/wp-json\/wp\/v2\/media\/38835"}],"wp:attachment":[{"href":"https:\/\/ilcrogiuolo.it\/it\/wp-json\/wp\/v2\/media?parent=9169"}],"wp:term":[{"taxonomy":"product_brand","embeddable":true,"href":"https:\/\/ilcrogiuolo.it\/it\/wp-json\/wp\/v2\/product_brand?post=9169"},{"taxonomy":"product_cat","embeddable":true,"href":"https:\/\/ilcrogiuolo.it\/it\/wp-json\/wp\/v2\/product_cat?post=9169"},{"taxonomy":"product_tag","embeddable":true,"href":"https:\/\/ilcrogiuolo.it\/it\/wp-json\/wp\/v2\/product_tag?post=9169"}],"curies":[{"name":"wp","href":"https:\/\/api.w.org\/{rel}","templated":true}]}}