{"id":9160,"date":"2020-01-14T17:18:39","date_gmt":"2020-01-14T16:18:39","guid":{"rendered":"https:\/\/ilcrogiuolo.it\/p\/ciondolo-triskell-con-cordoncino-in-metallo\/"},"modified":"2021-10-21T16:10:13","modified_gmt":"2021-10-21T14:10:13","slug":"ciondolo-triskell-con-cordoncino-in-metallo","status":"publish","type":"product","link":"https:\/\/ilcrogiuolo.it\/it\/p\/ciondolo-triskell-con-cordoncino-in-metallo\/","title":{"rendered":"CIONDOLO TRISKELL CON CORDONCINO in metallo"},"content":{"rendered":"<p>Bellissimo ciondolo raffigurante il triskel. Il Triskele o Triskell celtico \u00e8 un simbolo che comprende in s\u00e9 molteplici e profondi significati. Il termine etimologicamente \u00e8 di derivazione greca e letteralmente significa \u201ctre gambe\u201d. Metafora del movimento, il triskell, richiama la simbologia del numero tre, considerato presso diverse culture come il numero della perfezione, dove il termine perfezione sta ad indicare non qualcosa di raggiunto e statico, ma qualcosa che \u00e8 perfetto in quanto si trasforma e si crea.<\/p>\n","protected":false},"excerpt":{"rendered":"<p>Bellissimo ciondolo raffigurante il triskel. Il Triskele o Triskell celtico \u00e8 un simbolo che comprende in s\u00e9 molteplici e profondi&#8230;<\/p>\n","protected":false},"featured_media":9161,"template":"","meta":{"_acf_changed":false},"product_brand":[],"product_cat":[1124,1066,1385],"product_tag":[],"class_list":{"0":"post-9160","1":"product","2":"type-product","3":"status-publish","4":"has-post-thumbnail","6":"product_cat-ciondoli-wicca-pagani-celtici-orientali","7":"product_cat-talismani-amuleti","8":"product_cat-talismani-wicca-celtici-pagani-orientali","10":"first","11":"outofstock","12":"taxable","13":"shipping-taxable","14":"purchasable","15":"product-type-simple","16":"add-to-wishlist-before_image"},"acf":[],"yoast_head":"<!-- This site is optimized with the Yoast SEO plugin v26.9 - https:\/\/yoast.com\/product\/yoast-seo-wordpress\/ -->\n<title>CIONDOLO TRISKELL CON CORDONCINO in metallo - Il Crogiuolo<\/title>\n<meta name=\"description\" content=\"CIONDOLO TRISKELL CON CORDONCINO in metallo Bellissimo ciondolo raffigurante il triskel. Il Triskele o Triskell celtico \u00e8 un simbolo che comprende in s\u00e9 molteplici e profondi significati. Il termine\" \/>\n<meta name=\"robots\" content=\"index, follow, max-snippet:-1, max-image-preview:large, max-video-preview:-1\" \/>\n<link rel=\"canonical\" href=\"https:\/\/ilcrogiuolo.it\/it\/p\/ciondolo-triskell-con-cordoncino-in-metallo\/\" \/>\n<meta property=\"og:locale\" content=\"it_IT\" \/>\n<meta property=\"og:type\" content=\"article\" \/>\n<meta property=\"og:title\" content=\"CIONDOLO TRISKELL CON CORDONCINO in metallo - Il Crogiuolo\" \/>\n<meta property=\"og:description\" content=\"CIONDOLO TRISKELL CON CORDONCINO in metallo Bellissimo ciondolo raffigurante il triskel. Il Triskele o Triskell celtico \u00e8 un simbolo che comprende in s\u00e9 molteplici e profondi significati. Il termine\" \/>\n<meta property=\"og:url\" content=\"https:\/\/ilcrogiuolo.it\/it\/p\/ciondolo-triskell-con-cordoncino-in-metallo\/\" \/>\n<meta property=\"og:site_name\" content=\"Il Crogiuolo\" \/>\n<meta property=\"article:publisher\" content=\"https:\/\/www.facebook.com\/Il-Crogiuolo-681876418491758\" \/>\n<meta property=\"article:modified_time\" content=\"2021-10-21T14:10:13+00:00\" \/>\n<meta property=\"og:image\" content=\"https:\/\/ilcrogiuolo.it\/wp-content\/uploads\/2020\/01\/triskell_0031001.jpg\" \/>\n\t<meta property=\"og:image:width\" content=\"627\" \/>\n\t<meta property=\"og:image:height\" content=\"600\" \/>\n\t<meta property=\"og:image:type\" content=\"image\/jpeg\" \/>\n<meta name=\"twitter:card\" content=\"summary_large_image\" \/>\n<script type=\"application\/ld+json\" class=\"yoast-schema-graph\">{\"@context\":\"https:\/\/schema.org\",\"@graph\":[{\"@type\":\"WebPage\",\"@id\":\"https:\/\/ilcrogiuolo.it\/it\/p\/ciondolo-triskell-con-cordoncino-in-metallo\/\",\"url\":\"https:\/\/ilcrogiuolo.it\/it\/p\/ciondolo-triskell-con-cordoncino-in-metallo\/\",\"name\":\"CIONDOLO TRISKELL CON CORDONCINO in metallo - Il Crogiuolo\",\"isPartOf\":{\"@id\":\"https:\/\/ilcrogiuolo.it\/it\/#website\"},\"primaryImageOfPage\":{\"@id\":\"https:\/\/ilcrogiuolo.it\/it\/p\/ciondolo-triskell-con-cordoncino-in-metallo\/#primaryimage\"},\"image\":{\"@id\":\"https:\/\/ilcrogiuolo.it\/it\/p\/ciondolo-triskell-con-cordoncino-in-metallo\/#primaryimage\"},\"thumbnailUrl\":\"https:\/\/ilcrogiuolo.it\/wp-content\/uploads\/2020\/01\/triskell_0031001.jpg\",\"datePublished\":\"2020-01-14T16:18:39+00:00\",\"dateModified\":\"2021-10-21T14:10:13+00:00\",\"description\":\"CIONDOLO TRISKELL CON CORDONCINO in metallo Bellissimo ciondolo raffigurante il triskel. Il Triskele o Triskell celtico \u00e8 un simbolo che comprende in s\u00e9 molteplici e profondi significati. Il termine\",\"breadcrumb\":{\"@id\":\"https:\/\/ilcrogiuolo.it\/it\/p\/ciondolo-triskell-con-cordoncino-in-metallo\/#breadcrumb\"},\"inLanguage\":\"it-IT\",\"potentialAction\":[{\"@type\":\"ReadAction\",\"target\":[\"https:\/\/ilcrogiuolo.it\/it\/p\/ciondolo-triskell-con-cordoncino-in-metallo\/\"]}]},{\"@type\":\"ImageObject\",\"inLanguage\":\"it-IT\",\"@id\":\"https:\/\/ilcrogiuolo.it\/it\/p\/ciondolo-triskell-con-cordoncino-in-metallo\/#primaryimage\",\"url\":\"https:\/\/ilcrogiuolo.it\/wp-content\/uploads\/2020\/01\/triskell_0031001.jpg\",\"contentUrl\":\"https:\/\/ilcrogiuolo.it\/wp-content\/uploads\/2020\/01\/triskell_0031001.jpg\",\"width\":627,\"height\":600},{\"@type\":\"BreadcrumbList\",\"@id\":\"https:\/\/ilcrogiuolo.it\/it\/p\/ciondolo-triskell-con-cordoncino-in-metallo\/#breadcrumb\",\"itemListElement\":[{\"@type\":\"ListItem\",\"position\":1,\"name\":\"Home\",\"item\":\"https:\/\/ilcrogiuolo.it\/it\/\"},{\"@type\":\"ListItem\",\"position\":2,\"name\":\"Shop\",\"item\":\"https:\/\/ilcrogiuolo.it\/it\/negozio\/\"},{\"@type\":\"ListItem\",\"position\":3,\"name\":\"CIONDOLO TRISKELL CON CORDONCINO in metallo\"}]},{\"@type\":\"WebSite\",\"@id\":\"https:\/\/ilcrogiuolo.it\/it\/#website\",\"url\":\"https:\/\/ilcrogiuolo.it\/it\/\",\"name\":\"Il Crogiuolo\",\"description\":\"\",\"publisher\":{\"@id\":\"https:\/\/ilcrogiuolo.it\/it\/#organization\"},\"potentialAction\":[{\"@type\":\"SearchAction\",\"target\":{\"@type\":\"EntryPoint\",\"urlTemplate\":\"https:\/\/ilcrogiuolo.it\/it\/?s={search_term_string}\"},\"query-input\":{\"@type\":\"PropertyValueSpecification\",\"valueRequired\":true,\"valueName\":\"search_term_string\"}}],\"inLanguage\":\"it-IT\"},{\"@type\":\"Organization\",\"@id\":\"https:\/\/ilcrogiuolo.it\/it\/#organization\",\"name\":\"Il Crogiuolo\",\"url\":\"https:\/\/ilcrogiuolo.it\/it\/\",\"logo\":{\"@type\":\"ImageObject\",\"inLanguage\":\"it-IT\",\"@id\":\"https:\/\/ilcrogiuolo.it\/it\/#\/schema\/logo\/image\/\",\"url\":\"https:\/\/ilcrogiuolo.it\/wp-content\/uploads\/2020\/04\/logo.png\",\"contentUrl\":\"https:\/\/ilcrogiuolo.it\/wp-content\/uploads\/2020\/04\/logo.png\",\"width\":200,\"height\":49,\"caption\":\"Il Crogiuolo\"},\"image\":{\"@id\":\"https:\/\/ilcrogiuolo.it\/it\/#\/schema\/logo\/image\/\"},\"sameAs\":[\"https:\/\/www.facebook.com\/Il-Crogiuolo-681876418491758\"]}]}<\/script>\n<!-- \/ Yoast SEO plugin. -->","yoast_head_json":{"title":"CIONDOLO TRISKELL CON CORDONCINO in metallo - Il Crogiuolo","description":"CIONDOLO TRISKELL CON CORDONCINO in metallo Bellissimo ciondolo raffigurante il triskel. Il Triskele o Triskell celtico \u00e8 un simbolo che comprende in s\u00e9 molteplici e profondi significati. Il termine","robots":{"index":"index","follow":"follow","max-snippet":"max-snippet:-1","max-image-preview":"max-image-preview:large","max-video-preview":"max-video-preview:-1"},"canonical":"https:\/\/ilcrogiuolo.it\/it\/p\/ciondolo-triskell-con-cordoncino-in-metallo\/","og_locale":"it_IT","og_type":"article","og_title":"CIONDOLO TRISKELL CON CORDONCINO in metallo - Il Crogiuolo","og_description":"CIONDOLO TRISKELL CON CORDONCINO in metallo Bellissimo ciondolo raffigurante il triskel. Il Triskele o Triskell celtico \u00e8 un simbolo che comprende in s\u00e9 molteplici e profondi significati. Il termine","og_url":"https:\/\/ilcrogiuolo.it\/it\/p\/ciondolo-triskell-con-cordoncino-in-metallo\/","og_site_name":"Il Crogiuolo","article_publisher":"https:\/\/www.facebook.com\/Il-Crogiuolo-681876418491758","article_modified_time":"2021-10-21T14:10:13+00:00","og_image":[{"width":627,"height":600,"url":"https:\/\/ilcrogiuolo.it\/wp-content\/uploads\/2020\/01\/triskell_0031001.jpg","type":"image\/jpeg"}],"twitter_card":"summary_large_image","schema":{"@context":"https:\/\/schema.org","@graph":[{"@type":"WebPage","@id":"https:\/\/ilcrogiuolo.it\/it\/p\/ciondolo-triskell-con-cordoncino-in-metallo\/","url":"https:\/\/ilcrogiuolo.it\/it\/p\/ciondolo-triskell-con-cordoncino-in-metallo\/","name":"CIONDOLO TRISKELL CON CORDONCINO in metallo - Il Crogiuolo","isPartOf":{"@id":"https:\/\/ilcrogiuolo.it\/it\/#website"},"primaryImageOfPage":{"@id":"https:\/\/ilcrogiuolo.it\/it\/p\/ciondolo-triskell-con-cordoncino-in-metallo\/#primaryimage"},"image":{"@id":"https:\/\/ilcrogiuolo.it\/it\/p\/ciondolo-triskell-con-cordoncino-in-metallo\/#primaryimage"},"thumbnailUrl":"https:\/\/ilcrogiuolo.it\/wp-content\/uploads\/2020\/01\/triskell_0031001.jpg","datePublished":"2020-01-14T16:18:39+00:00","dateModified":"2021-10-21T14:10:13+00:00","description":"CIONDOLO TRISKELL CON CORDONCINO in metallo Bellissimo ciondolo raffigurante il triskel. Il Triskele o Triskell celtico \u00e8 un simbolo che comprende in s\u00e9 molteplici e profondi significati. Il termine","breadcrumb":{"@id":"https:\/\/ilcrogiuolo.it\/it\/p\/ciondolo-triskell-con-cordoncino-in-metallo\/#breadcrumb"},"inLanguage":"it-IT","potentialAction":[{"@type":"ReadAction","target":["https:\/\/ilcrogiuolo.it\/it\/p\/ciondolo-triskell-con-cordoncino-in-metallo\/"]}]},{"@type":"ImageObject","inLanguage":"it-IT","@id":"https:\/\/ilcrogiuolo.it\/it\/p\/ciondolo-triskell-con-cordoncino-in-metallo\/#primaryimage","url":"https:\/\/ilcrogiuolo.it\/wp-content\/uploads\/2020\/01\/triskell_0031001.jpg","contentUrl":"https:\/\/ilcrogiuolo.it\/wp-content\/uploads\/2020\/01\/triskell_0031001.jpg","width":627,"height":600},{"@type":"BreadcrumbList","@id":"https:\/\/ilcrogiuolo.it\/it\/p\/ciondolo-triskell-con-cordoncino-in-metallo\/#breadcrumb","itemListElement":[{"@type":"ListItem","position":1,"name":"Home","item":"https:\/\/ilcrogiuolo.it\/it\/"},{"@type":"ListItem","position":2,"name":"Shop","item":"https:\/\/ilcrogiuolo.it\/it\/negozio\/"},{"@type":"ListItem","position":3,"name":"CIONDOLO TRISKELL CON CORDONCINO in metallo"}]},{"@type":"WebSite","@id":"https:\/\/ilcrogiuolo.it\/it\/#website","url":"https:\/\/ilcrogiuolo.it\/it\/","name":"Il Crogiuolo","description":"","publisher":{"@id":"https:\/\/ilcrogiuolo.it\/it\/#organization"},"potentialAction":[{"@type":"SearchAction","target":{"@type":"EntryPoint","urlTemplate":"https:\/\/ilcrogiuolo.it\/it\/?s={search_term_string}"},"query-input":{"@type":"PropertyValueSpecification","valueRequired":true,"valueName":"search_term_string"}}],"inLanguage":"it-IT"},{"@type":"Organization","@id":"https:\/\/ilcrogiuolo.it\/it\/#organization","name":"Il Crogiuolo","url":"https:\/\/ilcrogiuolo.it\/it\/","logo":{"@type":"ImageObject","inLanguage":"it-IT","@id":"https:\/\/ilcrogiuolo.it\/it\/#\/schema\/logo\/image\/","url":"https:\/\/ilcrogiuolo.it\/wp-content\/uploads\/2020\/04\/logo.png","contentUrl":"https:\/\/ilcrogiuolo.it\/wp-content\/uploads\/2020\/04\/logo.png","width":200,"height":49,"caption":"Il Crogiuolo"},"image":{"@id":"https:\/\/ilcrogiuolo.it\/it\/#\/schema\/logo\/image\/"},"sameAs":["https:\/\/www.facebook.com\/Il-Crogiuolo-681876418491758"]}]}},"_links":{"self":[{"href":"https:\/\/ilcrogiuolo.it\/it\/wp-json\/wp\/v2\/product\/9160","targetHints":{"allow":["GET"]}}],"collection":[{"href":"https:\/\/ilcrogiuolo.it\/it\/wp-json\/wp\/v2\/product"}],"about":[{"href":"https:\/\/ilcrogiuolo.it\/it\/wp-json\/wp\/v2\/types\/product"}],"wp:featuredmedia":[{"embeddable":true,"href":"https:\/\/ilcrogiuolo.it\/it\/wp-json\/wp\/v2\/media\/9161"}],"wp:attachment":[{"href":"https:\/\/ilcrogiuolo.it\/it\/wp-json\/wp\/v2\/media?parent=9160"}],"wp:term":[{"taxonomy":"product_brand","embeddable":true,"href":"https:\/\/ilcrogiuolo.it\/it\/wp-json\/wp\/v2\/product_brand?post=9160"},{"taxonomy":"product_cat","embeddable":true,"href":"https:\/\/ilcrogiuolo.it\/it\/wp-json\/wp\/v2\/product_cat?post=9160"},{"taxonomy":"product_tag","embeddable":true,"href":"https:\/\/ilcrogiuolo.it\/it\/wp-json\/wp\/v2\/product_tag?post=9160"}],"curies":[{"name":"wp","href":"https:\/\/api.w.org\/{rel}","templated":true}]}}