{"id":9112,"date":"2020-01-14T17:18:33","date_gmt":"2020-01-14T16:18:33","guid":{"rendered":"https:\/\/ilcrogiuolo.it\/p\/amizade\/"},"modified":"2024-01-25T15:11:10","modified_gmt":"2024-01-25T14:11:10","slug":"amizade","status":"publish","type":"product","link":"https:\/\/ilcrogiuolo.it\/it\/p\/amizade\/","title":{"rendered":"POLVERE AMIZADE"},"content":{"rendered":"<p>Le polveri (PO&#8217;) utilizzate nella spiritualit\u00e0 Umbanda sono talchi aromatici composti da erbe ed essenze che hanno una affinit\u00e0 e una complicit\u00e0 simbolica con il nome che portano. Non sono prodotti n\u00e8 commestibili n\u00e8 cosmetici. Il Crogiuolo ve li propone come originali prodotti impiegati nella spiritualit\u00e0 afrobrasiliana. La polvere Amizade viene tradizionalmente impiegata per favorire le amicizie, gli incontri, per creare una corrente di simpatia che implichi confidenza, stima e reciproca affinit\u00e0. Si usa anche nei momenti di solitudine, quando si vuole trovare nuovi amici o per allargare il circolo di conoscenze. Insieme a polveri di dominio si impiega per favorire rapporti proficui con una persona con cui si vuole entrare in confidenza.<\/p>\n","protected":false},"excerpt":{"rendered":"<p>Le polveri (PO&#8217;) utilizzate nella spiritualit\u00e0 Umbanda sono talchi aromatici composti da erbe ed essenze che hanno una affinit\u00e0 e&#8230;<\/p>\n","protected":false},"featured_media":44870,"template":"","meta":{"_acf_changed":false},"product_brand":[],"product_cat":[1081,1059,1281],"product_tag":[],"class_list":{"0":"post-9112","1":"product","2":"type-product","3":"status-publish","4":"has-post-thumbnail","6":"product_cat-polveri-esoteriche-e-pembas","7":"product_cat-articoli-esoterici","8":"product_cat-polveri-esoteriche-legamenti-damore-e-sessuali","10":"first","11":"instock","12":"taxable","13":"shipping-taxable","14":"purchasable","15":"product-type-simple","16":"add-to-wishlist-before_image"},"acf":[],"yoast_head":"<!-- This site is optimized with the Yoast SEO plugin v26.9 - https:\/\/yoast.com\/product\/yoast-seo-wordpress\/ -->\n<title>POLVERE AMIZADE - Il Crogiuolo<\/title>\n<meta name=\"description\" content=\"POLVERE AMIZADE Le polveri (PO&#039;) utilizzate nella spiritualit\u00e0 Umbanda sono talchi aromatici composti da erbe ed essenze che hanno una affinit\u00e0 e una complicit\u00e0 simbolica\" \/>\n<meta name=\"robots\" content=\"index, follow, max-snippet:-1, max-image-preview:large, max-video-preview:-1\" \/>\n<link rel=\"canonical\" href=\"https:\/\/ilcrogiuolo.it\/it\/p\/amizade\/\" \/>\n<meta property=\"og:locale\" content=\"it_IT\" \/>\n<meta property=\"og:type\" content=\"article\" \/>\n<meta property=\"og:title\" content=\"POLVERE AMIZADE - Il Crogiuolo\" \/>\n<meta property=\"og:description\" content=\"POLVERE AMIZADE Le polveri (PO&#039;) utilizzate nella spiritualit\u00e0 Umbanda sono talchi aromatici composti da erbe ed essenze che hanno una affinit\u00e0 e una complicit\u00e0 simbolica\" \/>\n<meta property=\"og:url\" content=\"https:\/\/ilcrogiuolo.it\/it\/p\/amizade\/\" \/>\n<meta property=\"og:site_name\" content=\"Il Crogiuolo\" \/>\n<meta property=\"article:publisher\" content=\"https:\/\/www.facebook.com\/Il-Crogiuolo-681876418491758\" \/>\n<meta property=\"article:modified_time\" content=\"2024-01-25T14:11:10+00:00\" \/>\n<meta property=\"og:image\" content=\"https:\/\/ilcrogiuolo.it\/wp-content\/uploads\/2020\/01\/amizade.png\" \/>\n\t<meta property=\"og:image:width\" content=\"627\" \/>\n\t<meta property=\"og:image:height\" content=\"600\" \/>\n\t<meta property=\"og:image:type\" content=\"image\/png\" \/>\n<meta name=\"twitter:card\" content=\"summary_large_image\" \/>\n<meta name=\"twitter:label1\" content=\"Tempo di lettura stimato\" \/>\n\t<meta name=\"twitter:data1\" content=\"1 minuto\" \/>\n<script type=\"application\/ld+json\" class=\"yoast-schema-graph\">{\"@context\":\"https:\/\/schema.org\",\"@graph\":[{\"@type\":\"WebPage\",\"@id\":\"https:\/\/ilcrogiuolo.it\/it\/p\/amizade\/\",\"url\":\"https:\/\/ilcrogiuolo.it\/it\/p\/amizade\/\",\"name\":\"POLVERE AMIZADE - Il Crogiuolo\",\"isPartOf\":{\"@id\":\"https:\/\/ilcrogiuolo.it\/it\/#website\"},\"primaryImageOfPage\":{\"@id\":\"https:\/\/ilcrogiuolo.it\/it\/p\/amizade\/#primaryimage\"},\"image\":{\"@id\":\"https:\/\/ilcrogiuolo.it\/it\/p\/amizade\/#primaryimage\"},\"thumbnailUrl\":\"https:\/\/ilcrogiuolo.it\/wp-content\/uploads\/2020\/01\/amizade.png\",\"datePublished\":\"2020-01-14T16:18:33+00:00\",\"dateModified\":\"2024-01-25T14:11:10+00:00\",\"description\":\"POLVERE AMIZADE Le polveri (PO') utilizzate nella spiritualit\u00e0 Umbanda sono talchi aromatici composti da erbe ed essenze che hanno una affinit\u00e0 e una complicit\u00e0 simbolica\",\"breadcrumb\":{\"@id\":\"https:\/\/ilcrogiuolo.it\/it\/p\/amizade\/#breadcrumb\"},\"inLanguage\":\"it-IT\",\"potentialAction\":[{\"@type\":\"ReadAction\",\"target\":[\"https:\/\/ilcrogiuolo.it\/it\/p\/amizade\/\"]}]},{\"@type\":\"ImageObject\",\"inLanguage\":\"it-IT\",\"@id\":\"https:\/\/ilcrogiuolo.it\/it\/p\/amizade\/#primaryimage\",\"url\":\"https:\/\/ilcrogiuolo.it\/wp-content\/uploads\/2020\/01\/amizade.png\",\"contentUrl\":\"https:\/\/ilcrogiuolo.it\/wp-content\/uploads\/2020\/01\/amizade.png\",\"width\":627,\"height\":600},{\"@type\":\"BreadcrumbList\",\"@id\":\"https:\/\/ilcrogiuolo.it\/it\/p\/amizade\/#breadcrumb\",\"itemListElement\":[{\"@type\":\"ListItem\",\"position\":1,\"name\":\"Home\",\"item\":\"https:\/\/ilcrogiuolo.it\/it\/\"},{\"@type\":\"ListItem\",\"position\":2,\"name\":\"Shop\",\"item\":\"https:\/\/ilcrogiuolo.it\/it\/negozio\/\"},{\"@type\":\"ListItem\",\"position\":3,\"name\":\"POLVERE AMIZADE\"}]},{\"@type\":\"WebSite\",\"@id\":\"https:\/\/ilcrogiuolo.it\/it\/#website\",\"url\":\"https:\/\/ilcrogiuolo.it\/it\/\",\"name\":\"Il Crogiuolo\",\"description\":\"\",\"publisher\":{\"@id\":\"https:\/\/ilcrogiuolo.it\/it\/#organization\"},\"potentialAction\":[{\"@type\":\"SearchAction\",\"target\":{\"@type\":\"EntryPoint\",\"urlTemplate\":\"https:\/\/ilcrogiuolo.it\/it\/?s={search_term_string}\"},\"query-input\":{\"@type\":\"PropertyValueSpecification\",\"valueRequired\":true,\"valueName\":\"search_term_string\"}}],\"inLanguage\":\"it-IT\"},{\"@type\":\"Organization\",\"@id\":\"https:\/\/ilcrogiuolo.it\/it\/#organization\",\"name\":\"Il Crogiuolo\",\"url\":\"https:\/\/ilcrogiuolo.it\/it\/\",\"logo\":{\"@type\":\"ImageObject\",\"inLanguage\":\"it-IT\",\"@id\":\"https:\/\/ilcrogiuolo.it\/it\/#\/schema\/logo\/image\/\",\"url\":\"https:\/\/ilcrogiuolo.it\/wp-content\/uploads\/2020\/04\/logo.png\",\"contentUrl\":\"https:\/\/ilcrogiuolo.it\/wp-content\/uploads\/2020\/04\/logo.png\",\"width\":200,\"height\":49,\"caption\":\"Il Crogiuolo\"},\"image\":{\"@id\":\"https:\/\/ilcrogiuolo.it\/it\/#\/schema\/logo\/image\/\"},\"sameAs\":[\"https:\/\/www.facebook.com\/Il-Crogiuolo-681876418491758\"]}]}<\/script>\n<!-- \/ Yoast SEO plugin. -->","yoast_head_json":{"title":"POLVERE AMIZADE - Il Crogiuolo","description":"POLVERE AMIZADE Le polveri (PO') utilizzate nella spiritualit\u00e0 Umbanda sono talchi aromatici composti da erbe ed essenze che hanno una affinit\u00e0 e una complicit\u00e0 simbolica","robots":{"index":"index","follow":"follow","max-snippet":"max-snippet:-1","max-image-preview":"max-image-preview:large","max-video-preview":"max-video-preview:-1"},"canonical":"https:\/\/ilcrogiuolo.it\/it\/p\/amizade\/","og_locale":"it_IT","og_type":"article","og_title":"POLVERE AMIZADE - Il Crogiuolo","og_description":"POLVERE AMIZADE Le polveri (PO') utilizzate nella spiritualit\u00e0 Umbanda sono talchi aromatici composti da erbe ed essenze che hanno una affinit\u00e0 e una complicit\u00e0 simbolica","og_url":"https:\/\/ilcrogiuolo.it\/it\/p\/amizade\/","og_site_name":"Il Crogiuolo","article_publisher":"https:\/\/www.facebook.com\/Il-Crogiuolo-681876418491758","article_modified_time":"2024-01-25T14:11:10+00:00","og_image":[{"width":627,"height":600,"url":"https:\/\/ilcrogiuolo.it\/wp-content\/uploads\/2020\/01\/amizade.png","type":"image\/png"}],"twitter_card":"summary_large_image","twitter_misc":{"Tempo di lettura stimato":"1 minuto"},"schema":{"@context":"https:\/\/schema.org","@graph":[{"@type":"WebPage","@id":"https:\/\/ilcrogiuolo.it\/it\/p\/amizade\/","url":"https:\/\/ilcrogiuolo.it\/it\/p\/amizade\/","name":"POLVERE AMIZADE - Il Crogiuolo","isPartOf":{"@id":"https:\/\/ilcrogiuolo.it\/it\/#website"},"primaryImageOfPage":{"@id":"https:\/\/ilcrogiuolo.it\/it\/p\/amizade\/#primaryimage"},"image":{"@id":"https:\/\/ilcrogiuolo.it\/it\/p\/amizade\/#primaryimage"},"thumbnailUrl":"https:\/\/ilcrogiuolo.it\/wp-content\/uploads\/2020\/01\/amizade.png","datePublished":"2020-01-14T16:18:33+00:00","dateModified":"2024-01-25T14:11:10+00:00","description":"POLVERE AMIZADE Le polveri (PO') utilizzate nella spiritualit\u00e0 Umbanda sono talchi aromatici composti da erbe ed essenze che hanno una affinit\u00e0 e una complicit\u00e0 simbolica","breadcrumb":{"@id":"https:\/\/ilcrogiuolo.it\/it\/p\/amizade\/#breadcrumb"},"inLanguage":"it-IT","potentialAction":[{"@type":"ReadAction","target":["https:\/\/ilcrogiuolo.it\/it\/p\/amizade\/"]}]},{"@type":"ImageObject","inLanguage":"it-IT","@id":"https:\/\/ilcrogiuolo.it\/it\/p\/amizade\/#primaryimage","url":"https:\/\/ilcrogiuolo.it\/wp-content\/uploads\/2020\/01\/amizade.png","contentUrl":"https:\/\/ilcrogiuolo.it\/wp-content\/uploads\/2020\/01\/amizade.png","width":627,"height":600},{"@type":"BreadcrumbList","@id":"https:\/\/ilcrogiuolo.it\/it\/p\/amizade\/#breadcrumb","itemListElement":[{"@type":"ListItem","position":1,"name":"Home","item":"https:\/\/ilcrogiuolo.it\/it\/"},{"@type":"ListItem","position":2,"name":"Shop","item":"https:\/\/ilcrogiuolo.it\/it\/negozio\/"},{"@type":"ListItem","position":3,"name":"POLVERE AMIZADE"}]},{"@type":"WebSite","@id":"https:\/\/ilcrogiuolo.it\/it\/#website","url":"https:\/\/ilcrogiuolo.it\/it\/","name":"Il Crogiuolo","description":"","publisher":{"@id":"https:\/\/ilcrogiuolo.it\/it\/#organization"},"potentialAction":[{"@type":"SearchAction","target":{"@type":"EntryPoint","urlTemplate":"https:\/\/ilcrogiuolo.it\/it\/?s={search_term_string}"},"query-input":{"@type":"PropertyValueSpecification","valueRequired":true,"valueName":"search_term_string"}}],"inLanguage":"it-IT"},{"@type":"Organization","@id":"https:\/\/ilcrogiuolo.it\/it\/#organization","name":"Il Crogiuolo","url":"https:\/\/ilcrogiuolo.it\/it\/","logo":{"@type":"ImageObject","inLanguage":"it-IT","@id":"https:\/\/ilcrogiuolo.it\/it\/#\/schema\/logo\/image\/","url":"https:\/\/ilcrogiuolo.it\/wp-content\/uploads\/2020\/04\/logo.png","contentUrl":"https:\/\/ilcrogiuolo.it\/wp-content\/uploads\/2020\/04\/logo.png","width":200,"height":49,"caption":"Il Crogiuolo"},"image":{"@id":"https:\/\/ilcrogiuolo.it\/it\/#\/schema\/logo\/image\/"},"sameAs":["https:\/\/www.facebook.com\/Il-Crogiuolo-681876418491758"]}]}},"_links":{"self":[{"href":"https:\/\/ilcrogiuolo.it\/it\/wp-json\/wp\/v2\/product\/9112","targetHints":{"allow":["GET"]}}],"collection":[{"href":"https:\/\/ilcrogiuolo.it\/it\/wp-json\/wp\/v2\/product"}],"about":[{"href":"https:\/\/ilcrogiuolo.it\/it\/wp-json\/wp\/v2\/types\/product"}],"wp:featuredmedia":[{"embeddable":true,"href":"https:\/\/ilcrogiuolo.it\/it\/wp-json\/wp\/v2\/media\/44870"}],"wp:attachment":[{"href":"https:\/\/ilcrogiuolo.it\/it\/wp-json\/wp\/v2\/media?parent=9112"}],"wp:term":[{"taxonomy":"product_brand","embeddable":true,"href":"https:\/\/ilcrogiuolo.it\/it\/wp-json\/wp\/v2\/product_brand?post=9112"},{"taxonomy":"product_cat","embeddable":true,"href":"https:\/\/ilcrogiuolo.it\/it\/wp-json\/wp\/v2\/product_cat?post=9112"},{"taxonomy":"product_tag","embeddable":true,"href":"https:\/\/ilcrogiuolo.it\/it\/wp-json\/wp\/v2\/product_tag?post=9112"}],"curies":[{"name":"wp","href":"https:\/\/api.w.org\/{rel}","templated":true}]}}