{"id":9097,"date":"2020-01-14T17:18:33","date_gmt":"2020-01-14T16:18:33","guid":{"rendered":"https:\/\/ilcrogiuolo.it\/p\/le-evocazioni-magiche\/"},"modified":"2021-06-29T10:16:34","modified_gmt":"2021-06-29T08:16:34","slug":"le-evocazioni-magiche","status":"publish","type":"product","link":"https:\/\/ilcrogiuolo.it\/it\/p\/le-evocazioni-magiche\/","title":{"rendered":"Le evocazioni magiche"},"content":{"rendered":"<p>La magia, che per molti \u00e8 sinonimo di potenza, ha affascinato l&#8217;Uomo fin dalla sua comparsa sulla Terra; come sta affascinando il lettore, che ora \u00e8 in possesso di uno dei pochi libri magici veramente pratici.<\/p>\n<p>Molto \u00e8 stato scritto su questa Scienza e Arte ma ben poco delle istruzioni che compaiono nei pi\u00f9 o meno antichi grimoires, nei testi di varia stregoneria e via enumerando, si pu\u00f2 impiegare praticamente ed efficacemente.<\/p>\n<p>Infatti, nella gran congerie di \u00abmanuali pratici\u00bb se ne trovano molti che richiedono, per esempio, il midollo della zampa posteriore sinistra di un lupo, o di un leone&#8230; (simbolismo a parte); altri che preconizzano delle insolite fumigazioni di, poniamo, laserpizio, pianta medicinale &#8211; dunque magica &#8211; della quale si sono purtroppo perse le tracce, comunque celeberrima presso i romani e i greci, i quali provvedevano a importarla in grandi quantit\u00e0 da remote regioni dell&#8217;Africa.<\/p>\n<p><strong>Dunque il lettore non dovr\u00e0 mettersi alla ricerca di pelle, denti o artigli di drago o di altre amenit\u00e0 introvabili; e neppure dovr\u00e0 ricorrere al sacrificio cruento di qualche innocente creatura del buon Dio.<\/strong><\/p>\n<p>Certamente, se tanto d&#8217;insolito \u00e8 stato scritto per divulgare delle pratiche spesso grossolane e ridicole che non hanno minimamente contribuito alla vera Conoscenza, ci\u00f2 \u00e8 avvenuto anche e soprattutto per colpa dell&#8217;ingenuit\u00e0 di un gran numero di persone curiose, di aspiranti \u00abapprendisti stregoni\u00bb, di ansiosi del \u00abcome diventare maghi in quindici giorni\u00bb, insomma di lettori piuttosto maniaci ai quali era ed \u00e8 ancora inevitabile destinare certi pseudo-testi \u00absacri\u00bb.<\/p>\n<p>Altri fattori, talora lontani dagli interessi commerciali, hanno contribuito nei secoli a falsare e a corrompere i libri di vera magia: gli amanuensi, i copisti, i traduttori e gli stampatori spesso improvvisati hanno sicuramente commesso degli errori, sovente vistosi e qualche volta deliberati, che hanno ancora pi\u00f9&#8230; occultato l&#8217;occulto. N\u00e9 dobbiamo dimenticare che la Chiesa, in particolare nello splendido Medioevo, ostacol\u00f2 con ogni mezzo a disposizione (l&#8217;Inquisizione con i suoi roghi, tutti gli Ordini religiosi) l&#8217;insegnamento e la diffusione delle dottrine magiche, colpendo insieme i ciarlatani e i veri sapienti.<\/p>\n<p>Queste brevi e semplici premesse spiegano perch\u00e9, <strong>oggi come un tempo, lo studio e la pratica del vero ermetismo sono il patrimonio, velatissimo, di pochi eletti, degli adepti in grado di \u00ableggere tra le righe\u00bb, cio\u00e8 di intendere veramente l&#8217;uno e l&#8217;altra<\/strong>. I veri libri magici sono rarissimi e introvabili, poich\u00e9 insegnano una Scienza appunto segreta, la Magia, alle persone intellettualmente e spiritualmente evolute, in grado di capire e applicare le leggi metafisiche e metapsichiche che esistono sulla Terra e nei vari \u00abpiani\u00bb dell&#8217;Universo, e che li governano.<\/p>\n<hr style=\"visibility: visible;\" \/>\n<p>Coloro che affermano, pi\u00f9 o meno in buona fede, di \u00aboccuparsi\u00bb di magia, non conoscono altro che i rozzi fenomeni\u00a0esteriori del mondo in cui vivono, con i loro effetti e risultati, ignorando volontariamente tutto delle cause fondamentali dei fenomeni stessi e del modo corretto di intervenire e agire su esse al fine di ottenere degli utili cambiamenti nell&#8217;esistenza.<\/p>\n<p>Il vero Mago sa che la causa di tutto ci\u00f2 che esiste non si trova nel suo mondo fisico ma in altri \u00abpiani\u00bb vibratori di ci\u00f2 che \u00e8 manifesto, cio\u00e8 di quello che \u00e8 in altre \u00abdimensioni\u00bb. Egli, imparando ad agire coscientemente sulle cause, grazie all&#8217;esatta scienza della magia evocatoria, pu\u00f2 influenzare il suo microcosmo fisico, o quello di altre persone, per superare gli ostacoli della vita quotidiana, per risolverne i problemi, per guarire le malattie, per intraprendere l&#8217;azione giusta al momento giusto.<\/p>\n<p><strong>Infatti \u00e8 certo, e provato, che ogni corretta operazione magica eseguita in modo cosciente, in relazione diretta con le gerarchie delle dimensioni, o \u00abpiani\u00bb superiori, accorda la luce della Conoscenza, l&#8217;armonia, l&#8217;equilibrio e, in modo pi\u00f9 semplice e pratico, la gioia di un perfetto benessere generale.<\/strong><\/p>\n<p>Prima di procedere nello studio della magia evocatoria, \u00e8 necessaria qualche avvertenza di importanza capitale per il lettore, specie se neofita. Egli \u00e8 stato spinto all&#8217;acquisto di questo libro, pu\u00f2 darsi, dopo averlo notato in mezzo ad altri e, chiss\u00e0, in seguito a circostanze fortuite o \u00abstrane\u00bb, da esse guidato. La materia contenuta non \u00e8 il solito \u00abfumo\u00bb: ogni persona, uomo o donna, di buona volont\u00e0 e pura di spirito pu\u00f2 trarre degli immensi benefici o comunque delle buone soddisfazioni &#8211; sul piano materiale e spirituale, e sempre nel lecito, naturalmente &#8211; dalla pratica della magia evocatoria. Ma a una condizione: che segua questa iniziazione con la dovuta seriet\u00e0 e pazienza. Pazienza, in particolare, nel preparare minuziosamente, accuratamente e con amore tutti gli strumenti indispensabili; pazienza nel seguire dei precisi rituali, il pi\u00f9 delle volte inediti ma tutt&#8217;altro che complicati. Occorrer\u00e0, pertanto, un periodo di tempo pi\u00f9 o meno breve prima di poter agire con la certezza del successo nell&#8217;operazione intrapresa.<\/p>\n<p>Il lettore non deve credere di trovarsi di fronte a un&#8217;opera che richiede, per esempio, due o tre semplici schioccate di dita in un momento qualsiasi e&#8230; voil\u00e0, la magia \u00e8 compiuta! In questo caso \u00e8 meglio affidare subito, senza indugio, il presente trattato a un commerciante di libri usati, in attesa che venga riacquistato da qualche personaggio pi\u00f9 meritevole, che senta in s\u00e9 il vero \u00abfuoco sacro\u00bb dell&#8217;occulto.<\/p>\n<hr style=\"visibility: visible;\" \/>\n<p>Abbiamo accennato alla purezza di spirito. Ne parl\u00f2, a suo tempo, un grande Maestro.<\/p>\n<p><strong>Se il lettore non solo legger\u00e0 ma capir\u00e0 queste pagine con lo spirito puro, proprio come quello dei bambini, cio\u00e8 senza alcun inutile e nocivo scetticismo o una pi\u00f9 o meno velata diffidenza, ben poche cose gli saranno precluse. Ovviamente, come sempre, dovr\u00e0 meritarsele. E dovr\u00e0 procedere per gradi, allo stesso modo della Natura che non va avanti a balzi. Dovr\u00e0 curare gli esercizi di respirazione, concentrazione, visualizzazione e suggestione che sono indispensabili anche se possono sembrare noiosi, ma non lo sono. a si ottiene senza sforzo&#8230;<\/strong><\/p>\n<p>Questi esercizi sono posti nella prima parte del libro, perch\u00e9 il neofita, mentre ne acquister\u00e0 buona pratica nel corso di qualche mese, potr\u00e0 provvedere con calma alla ricerca dei materiali adatti alla preparazione degli strumenti magici e degli accessori, alla perfetta conoscenza del loro simbolismo e impiego. Occorrono, ripetiamolo, tempo, pazienza, studio e buona volont\u00e0. E un certo allenamento, proprio come fa un atleta: infatti sarebbe sciocco pensare di leggere un libro e diventare sul momento un vero Mago!<\/p>\n<p>Se il lettore non ha intenzione di seguire coscienziosamente queste norme, in fondo accessibilissime, allora ha speso dei quattrini inutilmente e perde il suo tempo. E c&#8217;\u00e8 sempre la bancarella che aspetta&#8230; Molti sono i chiamati, ma pochi gli eletti.<\/p>\n","protected":false},"excerpt":{"rendered":"<p>La magia, che per molti \u00e8 sinonimo di potenza, ha affascinato l&#8217;Uomo fin dalla sua comparsa sulla Terra; come sta&#8230;<\/p>\n","protected":false},"featured_media":9098,"template":"","meta":{"_acf_changed":false},"product_brand":[],"product_cat":[1077,1317,1060],"product_tag":[],"class_list":{"0":"post-9097","1":"product","2":"type-product","3":"status-publish","4":"has-post-thumbnail","6":"product_cat-libreria-esoterica-libreria-esoterica","7":"product_cat-edizioni-leta-dellacquario-melchisedek","8":"product_cat-libreria-esoterica","10":"first","11":"instock","12":"taxable","13":"shipping-taxable","14":"purchasable","15":"product-type-simple","16":"add-to-wishlist-before_image"},"acf":[],"yoast_head":"<!-- This site is optimized with the Yoast SEO plugin v26.9 - https:\/\/yoast.com\/product\/yoast-seo-wordpress\/ -->\n<title>Le evocazioni magiche - Il Crogiuolo<\/title>\n<meta name=\"description\" content=\"Le evocazioni magiche La magia, che per molti \u00e8 sinonimo di potenza, ha affascinato l&#039;Uomo fin dalla sua comparsa sulla Terra; come sta affascinando il lettore, che ora \u00e8 in\" \/>\n<meta name=\"robots\" content=\"index, follow, max-snippet:-1, max-image-preview:large, max-video-preview:-1\" \/>\n<link rel=\"canonical\" href=\"https:\/\/ilcrogiuolo.it\/it\/p\/le-evocazioni-magiche\/\" \/>\n<meta property=\"og:locale\" content=\"it_IT\" \/>\n<meta property=\"og:type\" content=\"article\" \/>\n<meta property=\"og:title\" content=\"Le evocazioni magiche - Il Crogiuolo\" \/>\n<meta property=\"og:description\" content=\"Le evocazioni magiche La magia, che per molti \u00e8 sinonimo di potenza, ha affascinato l&#039;Uomo fin dalla sua comparsa sulla Terra; come sta affascinando il lettore, che ora \u00e8 in\" \/>\n<meta property=\"og:url\" content=\"https:\/\/ilcrogiuolo.it\/it\/p\/le-evocazioni-magiche\/\" \/>\n<meta property=\"og:site_name\" content=\"Il Crogiuolo\" \/>\n<meta property=\"article:publisher\" content=\"https:\/\/www.facebook.com\/Il-Crogiuolo-681876418491758\" \/>\n<meta property=\"article:modified_time\" content=\"2021-06-29T08:16:34+00:00\" \/>\n<meta property=\"og:image\" content=\"https:\/\/ilcrogiuolo.it\/wp-content\/uploads\/2020\/01\/leevocazionimagiche_8222957.jpg\" \/>\n\t<meta property=\"og:image:width\" content=\"627\" \/>\n\t<meta property=\"og:image:height\" content=\"600\" \/>\n\t<meta property=\"og:image:type\" content=\"image\/jpeg\" \/>\n<meta name=\"twitter:card\" content=\"summary_large_image\" \/>\n<meta name=\"twitter:label1\" content=\"Tempo di lettura stimato\" \/>\n\t<meta name=\"twitter:data1\" content=\"5 minuti\" \/>\n<script type=\"application\/ld+json\" class=\"yoast-schema-graph\">{\"@context\":\"https:\/\/schema.org\",\"@graph\":[{\"@type\":\"WebPage\",\"@id\":\"https:\/\/ilcrogiuolo.it\/it\/p\/le-evocazioni-magiche\/\",\"url\":\"https:\/\/ilcrogiuolo.it\/it\/p\/le-evocazioni-magiche\/\",\"name\":\"Le evocazioni magiche - Il Crogiuolo\",\"isPartOf\":{\"@id\":\"https:\/\/ilcrogiuolo.it\/it\/#website\"},\"primaryImageOfPage\":{\"@id\":\"https:\/\/ilcrogiuolo.it\/it\/p\/le-evocazioni-magiche\/#primaryimage\"},\"image\":{\"@id\":\"https:\/\/ilcrogiuolo.it\/it\/p\/le-evocazioni-magiche\/#primaryimage\"},\"thumbnailUrl\":\"https:\/\/ilcrogiuolo.it\/wp-content\/uploads\/2020\/01\/leevocazionimagiche_8222957.jpg\",\"datePublished\":\"2020-01-14T16:18:33+00:00\",\"dateModified\":\"2021-06-29T08:16:34+00:00\",\"description\":\"Le evocazioni magiche La magia, che per molti \u00e8 sinonimo di potenza, ha affascinato l'Uomo fin dalla sua comparsa sulla Terra; come sta affascinando il lettore, che ora \u00e8 in\",\"breadcrumb\":{\"@id\":\"https:\/\/ilcrogiuolo.it\/it\/p\/le-evocazioni-magiche\/#breadcrumb\"},\"inLanguage\":\"it-IT\",\"potentialAction\":[{\"@type\":\"ReadAction\",\"target\":[\"https:\/\/ilcrogiuolo.it\/it\/p\/le-evocazioni-magiche\/\"]}]},{\"@type\":\"ImageObject\",\"inLanguage\":\"it-IT\",\"@id\":\"https:\/\/ilcrogiuolo.it\/it\/p\/le-evocazioni-magiche\/#primaryimage\",\"url\":\"https:\/\/ilcrogiuolo.it\/wp-content\/uploads\/2020\/01\/leevocazionimagiche_8222957.jpg\",\"contentUrl\":\"https:\/\/ilcrogiuolo.it\/wp-content\/uploads\/2020\/01\/leevocazionimagiche_8222957.jpg\",\"width\":627,\"height\":600},{\"@type\":\"BreadcrumbList\",\"@id\":\"https:\/\/ilcrogiuolo.it\/it\/p\/le-evocazioni-magiche\/#breadcrumb\",\"itemListElement\":[{\"@type\":\"ListItem\",\"position\":1,\"name\":\"Home\",\"item\":\"https:\/\/ilcrogiuolo.it\/it\/\"},{\"@type\":\"ListItem\",\"position\":2,\"name\":\"Shop\",\"item\":\"https:\/\/ilcrogiuolo.it\/it\/negozio\/\"},{\"@type\":\"ListItem\",\"position\":3,\"name\":\"Le evocazioni magiche\"}]},{\"@type\":\"WebSite\",\"@id\":\"https:\/\/ilcrogiuolo.it\/it\/#website\",\"url\":\"https:\/\/ilcrogiuolo.it\/it\/\",\"name\":\"Il Crogiuolo\",\"description\":\"\",\"publisher\":{\"@id\":\"https:\/\/ilcrogiuolo.it\/it\/#organization\"},\"potentialAction\":[{\"@type\":\"SearchAction\",\"target\":{\"@type\":\"EntryPoint\",\"urlTemplate\":\"https:\/\/ilcrogiuolo.it\/it\/?s={search_term_string}\"},\"query-input\":{\"@type\":\"PropertyValueSpecification\",\"valueRequired\":true,\"valueName\":\"search_term_string\"}}],\"inLanguage\":\"it-IT\"},{\"@type\":\"Organization\",\"@id\":\"https:\/\/ilcrogiuolo.it\/it\/#organization\",\"name\":\"Il Crogiuolo\",\"url\":\"https:\/\/ilcrogiuolo.it\/it\/\",\"logo\":{\"@type\":\"ImageObject\",\"inLanguage\":\"it-IT\",\"@id\":\"https:\/\/ilcrogiuolo.it\/it\/#\/schema\/logo\/image\/\",\"url\":\"https:\/\/ilcrogiuolo.it\/wp-content\/uploads\/2020\/04\/logo.png\",\"contentUrl\":\"https:\/\/ilcrogiuolo.it\/wp-content\/uploads\/2020\/04\/logo.png\",\"width\":200,\"height\":49,\"caption\":\"Il Crogiuolo\"},\"image\":{\"@id\":\"https:\/\/ilcrogiuolo.it\/it\/#\/schema\/logo\/image\/\"},\"sameAs\":[\"https:\/\/www.facebook.com\/Il-Crogiuolo-681876418491758\"]}]}<\/script>\n<!-- \/ Yoast SEO plugin. -->","yoast_head_json":{"title":"Le evocazioni magiche - Il Crogiuolo","description":"Le evocazioni magiche La magia, che per molti \u00e8 sinonimo di potenza, ha affascinato l'Uomo fin dalla sua comparsa sulla Terra; come sta affascinando il lettore, che ora \u00e8 in","robots":{"index":"index","follow":"follow","max-snippet":"max-snippet:-1","max-image-preview":"max-image-preview:large","max-video-preview":"max-video-preview:-1"},"canonical":"https:\/\/ilcrogiuolo.it\/it\/p\/le-evocazioni-magiche\/","og_locale":"it_IT","og_type":"article","og_title":"Le evocazioni magiche - Il Crogiuolo","og_description":"Le evocazioni magiche La magia, che per molti \u00e8 sinonimo di potenza, ha affascinato l'Uomo fin dalla sua comparsa sulla Terra; come sta affascinando il lettore, che ora \u00e8 in","og_url":"https:\/\/ilcrogiuolo.it\/it\/p\/le-evocazioni-magiche\/","og_site_name":"Il Crogiuolo","article_publisher":"https:\/\/www.facebook.com\/Il-Crogiuolo-681876418491758","article_modified_time":"2021-06-29T08:16:34+00:00","og_image":[{"width":627,"height":600,"url":"https:\/\/ilcrogiuolo.it\/wp-content\/uploads\/2020\/01\/leevocazionimagiche_8222957.jpg","type":"image\/jpeg"}],"twitter_card":"summary_large_image","twitter_misc":{"Tempo di lettura stimato":"5 minuti"},"schema":{"@context":"https:\/\/schema.org","@graph":[{"@type":"WebPage","@id":"https:\/\/ilcrogiuolo.it\/it\/p\/le-evocazioni-magiche\/","url":"https:\/\/ilcrogiuolo.it\/it\/p\/le-evocazioni-magiche\/","name":"Le evocazioni magiche - Il Crogiuolo","isPartOf":{"@id":"https:\/\/ilcrogiuolo.it\/it\/#website"},"primaryImageOfPage":{"@id":"https:\/\/ilcrogiuolo.it\/it\/p\/le-evocazioni-magiche\/#primaryimage"},"image":{"@id":"https:\/\/ilcrogiuolo.it\/it\/p\/le-evocazioni-magiche\/#primaryimage"},"thumbnailUrl":"https:\/\/ilcrogiuolo.it\/wp-content\/uploads\/2020\/01\/leevocazionimagiche_8222957.jpg","datePublished":"2020-01-14T16:18:33+00:00","dateModified":"2021-06-29T08:16:34+00:00","description":"Le evocazioni magiche La magia, che per molti \u00e8 sinonimo di potenza, ha affascinato l'Uomo fin dalla sua comparsa sulla Terra; come sta affascinando il lettore, che ora \u00e8 in","breadcrumb":{"@id":"https:\/\/ilcrogiuolo.it\/it\/p\/le-evocazioni-magiche\/#breadcrumb"},"inLanguage":"it-IT","potentialAction":[{"@type":"ReadAction","target":["https:\/\/ilcrogiuolo.it\/it\/p\/le-evocazioni-magiche\/"]}]},{"@type":"ImageObject","inLanguage":"it-IT","@id":"https:\/\/ilcrogiuolo.it\/it\/p\/le-evocazioni-magiche\/#primaryimage","url":"https:\/\/ilcrogiuolo.it\/wp-content\/uploads\/2020\/01\/leevocazionimagiche_8222957.jpg","contentUrl":"https:\/\/ilcrogiuolo.it\/wp-content\/uploads\/2020\/01\/leevocazionimagiche_8222957.jpg","width":627,"height":600},{"@type":"BreadcrumbList","@id":"https:\/\/ilcrogiuolo.it\/it\/p\/le-evocazioni-magiche\/#breadcrumb","itemListElement":[{"@type":"ListItem","position":1,"name":"Home","item":"https:\/\/ilcrogiuolo.it\/it\/"},{"@type":"ListItem","position":2,"name":"Shop","item":"https:\/\/ilcrogiuolo.it\/it\/negozio\/"},{"@type":"ListItem","position":3,"name":"Le evocazioni magiche"}]},{"@type":"WebSite","@id":"https:\/\/ilcrogiuolo.it\/it\/#website","url":"https:\/\/ilcrogiuolo.it\/it\/","name":"Il Crogiuolo","description":"","publisher":{"@id":"https:\/\/ilcrogiuolo.it\/it\/#organization"},"potentialAction":[{"@type":"SearchAction","target":{"@type":"EntryPoint","urlTemplate":"https:\/\/ilcrogiuolo.it\/it\/?s={search_term_string}"},"query-input":{"@type":"PropertyValueSpecification","valueRequired":true,"valueName":"search_term_string"}}],"inLanguage":"it-IT"},{"@type":"Organization","@id":"https:\/\/ilcrogiuolo.it\/it\/#organization","name":"Il Crogiuolo","url":"https:\/\/ilcrogiuolo.it\/it\/","logo":{"@type":"ImageObject","inLanguage":"it-IT","@id":"https:\/\/ilcrogiuolo.it\/it\/#\/schema\/logo\/image\/","url":"https:\/\/ilcrogiuolo.it\/wp-content\/uploads\/2020\/04\/logo.png","contentUrl":"https:\/\/ilcrogiuolo.it\/wp-content\/uploads\/2020\/04\/logo.png","width":200,"height":49,"caption":"Il Crogiuolo"},"image":{"@id":"https:\/\/ilcrogiuolo.it\/it\/#\/schema\/logo\/image\/"},"sameAs":["https:\/\/www.facebook.com\/Il-Crogiuolo-681876418491758"]}]}},"_links":{"self":[{"href":"https:\/\/ilcrogiuolo.it\/it\/wp-json\/wp\/v2\/product\/9097","targetHints":{"allow":["GET"]}}],"collection":[{"href":"https:\/\/ilcrogiuolo.it\/it\/wp-json\/wp\/v2\/product"}],"about":[{"href":"https:\/\/ilcrogiuolo.it\/it\/wp-json\/wp\/v2\/types\/product"}],"wp:featuredmedia":[{"embeddable":true,"href":"https:\/\/ilcrogiuolo.it\/it\/wp-json\/wp\/v2\/media\/9098"}],"wp:attachment":[{"href":"https:\/\/ilcrogiuolo.it\/it\/wp-json\/wp\/v2\/media?parent=9097"}],"wp:term":[{"taxonomy":"product_brand","embeddable":true,"href":"https:\/\/ilcrogiuolo.it\/it\/wp-json\/wp\/v2\/product_brand?post=9097"},{"taxonomy":"product_cat","embeddable":true,"href":"https:\/\/ilcrogiuolo.it\/it\/wp-json\/wp\/v2\/product_cat?post=9097"},{"taxonomy":"product_tag","embeddable":true,"href":"https:\/\/ilcrogiuolo.it\/it\/wp-json\/wp\/v2\/product_tag?post=9097"}],"curies":[{"name":"wp","href":"https:\/\/api.w.org\/{rel}","templated":true}]}}