{"id":9072,"date":"2020-01-14T17:18:27","date_gmt":"2020-01-14T16:18:27","guid":{"rendered":"https:\/\/ilcrogiuolo.it\/p\/rune-vol-1\/"},"modified":"2020-01-30T09:39:52","modified_gmt":"2020-01-30T08:39:52","slug":"rune-vol-1","status":"publish","type":"product","link":"https:\/\/ilcrogiuolo.it\/it\/p\/rune-vol-1\/","title":{"rendered":"RUNE VOL. 1"},"content":{"rendered":"<p>Il sussurro, il segreto linguaggio magico e profetico, le Rune, trovano la loro origine nella tradizione culturale vichinga. Scoperte dal dio Odino, sono divulgate al suo popolo come simbolo del sapere e del riconoscimento di tutti i misteri degli dei e degli uomini.<\/p>\n<p>Le Rune sono catalizzatori energetici capaci di aprire in noi stessi un canale che permette di ritrovare la luce interiore, l\u00e0 dove la conoscenza dell\u2019uomo \u00e8 ignota, ma dove ogni essere pu\u00f2 attingere per creare il proprio futuro. Esse non dispensano le persone dalla responsabilit\u00e0 di scegliere il proprio avvenire, ma prendono unicamente coscienza delle virt\u00f9 pi\u00f9 profonde che possono essere determinanti nella conformazione di un tempo prossimo.<\/p>\n<p>Permettono una maggiore chiarezza riguardo i problemi che quotidianamente ci preoccupano, sfruttano le nostre energie attraverso un processo mediatico che reca un\u2019unica consapevolezza e sconvolgimento nel nostro conoscere sotto tutti i punti di vista finora assimilati o ereditati da chi prima di noi ha sempre creduto fermamente e umanamente in esse.<\/p>\n<p>Le Rune ci permettono di capire l\u2019importanza di guardare dentro noi stessi, al fine di sperimentare il rapporto tra la materia e lo spirito, fino a giungere alla comprensione che materia, mente e spirito non sono entit\u00e0 opposte o separate, ma aspetti diversi di una complessa totalit\u00e0 e nel prendere contatto con loro, attraverso l\u2019energia in esse contenuta, si scopre quanto siano uno strumento che facilita l\u2019ascolto della propria saggezza interiore. Le verit\u00e0 e le rivelazioni focalizzano una guida spirituale, che induce all\u2019 insegnamento dei concetti universali dei rapporti umani, in osservanza con le leggi della natura.<\/p>\n<p><strong>Norak Odal <\/strong>Runologo, scrittore,\u00a0 fondatore\u00a0 e presidente di A.I.R. &#8211; Accademia Italiana Runologi, conosciuto a livello nazionale ed internazionale, anche con il nome di \u201cErilaz\u201d (maestro di Rune). Dai numerosi viaggi nelle terre del nord Europa, apprende i segreti della cultura del popolo vichingo e viene a conoscenza delle Rune, tramandandone\u00a0 il sapere, ereditato da discendenti Vitki norreni, cos\u00ec l\u2019apprendimento del Futhark, vecchio alfabeto runico, in tutte le sue forme e variet\u00e0 di scrittura quali Galdra, Thursar o Valdra. Le continue sue ricerche donano la visione di nuovi orizzonti sulle origini e i loro reali poteri. Norak si addentra tra le righe dei libri pi\u00f9 antichi, li confronta con le recenti documentazioni ed il cammino spirituale che di giorno in giorno diviene sempre pi\u00f9 intenso, lo conduce alla traduzione dell\u2019Edda Poetica. Guidato da queste scritture e dall\u2019esperienza di anziani maestri, egli conosce la via della canalizzazione attraverso il contatto con le Rune. Il punto di svolta \u00e8 la traduzione dei codici e l\u2019apprendimento di concetti sui quali da sempre correla gli insegnamenti terreni. Compone successivamente il suo manoscritto, interamente\u00a0 in caratteri runici, considerato il successore dell\u2019Edda Poetica, nel suo essere in diretto contatto con i segni divini. Da qui il suo nome \u201cCodex Divinum\u201d, successore del \u201cCodex Regius\u201d.<\/p>\n<p><strong>Fiordo Bianco <\/strong>Esperto runologo,\u00a0 in\u00a0 contatto\u00a0 con\u00a0 il mondo delle energie, e in special modo con\u00a0 l\u2019Ond,\u00a0 l\u2019energia\u00a0 nordica\u00a0 operante nella vita dell\u2019essere umano. La sua continua ricerca di conoscenza runica gli permette di sviluppare delle applicazioni energetiche presenti nelle Rune per cos\u00ec ottenere una migliore esistenza di vita. \u00c8 autore del trattato \u201cL\u2019Energia segreta delle Rune\u201d &#8211; Edizioni Primordia. Ha creato in prima mondiale un sistema di conoscenza personale utilizzando le energie dei pianeti astrologici e le Rune, dando vita all\u2019\u201cOroscopo Runico\u201d, \u00e8 ideatore e creatore di innovative tecniche di benessere psicofisico come: Bjarka Energy, le Rune tracciate sul corpo, Evolvenza runica, metodo di consapevolezza interiore, Analisi dimensionale,\u00a0 vivere ora\u00a0 attraverso\u00a0 i messaggi dell\u2019anima, Birth Rune, conosci te stesso attraverso la tua data di nascita. Tra le attivit\u00e0 svolte in questo ambito, ha partecipato a trasmissioni radiofoniche, tenuto conferenze e corsi, gestisce sul noto social network \u00a0Facebook, la pagina \u201cIL MISTERO DELLE RUNE\u201d, punto di riferimento per gli appassionati di Rune da tutto il mondo, con i suoi lavori sta cercando di aprire una nuova strada alla trasmissione di antiche conoscenze.<\/p>\n<p>&nbsp;<\/p>\n<p><strong>I\u00b0 Edizione<\/strong>: Aprile 2016<\/p>\n<p><strong>Formato<\/strong>: 15 x 21 cm<\/p>\n<p><strong>Rilegatura<\/strong>: brossura cucito a filo refe<\/p>\n<p><strong>Argomento<\/strong>: Misticismo<\/p>\n<p><strong>ISBN<\/strong>: 978-88-88611-88-4<\/p>\n<p><strong>Pagine<\/strong>: 456<\/p>\n","protected":false},"excerpt":{"rendered":"<p>Il sussurro, il segreto linguaggio magico e profetico, le Rune, trovano la loro origine nella tradizione culturale vichinga. Scoperte dal&#8230;<\/p>\n","protected":false},"featured_media":9073,"template":"","meta":{"_acf_changed":false},"product_brand":[],"product_cat":[1077,1470,1060],"product_tag":[],"class_list":{"0":"post-9072","1":"product","2":"type-product","3":"status-publish","4":"has-post-thumbnail","6":"product_cat-libreria-esoterica-libreria-esoterica","7":"product_cat-edizioni-psiche-2","8":"product_cat-libreria-esoterica","10":"first","11":"instock","12":"taxable","13":"shipping-taxable","14":"purchasable","15":"product-type-simple","16":"add-to-wishlist-before_image"},"acf":[],"yoast_head":"<!-- This site is optimized with the Yoast SEO plugin v26.9 - https:\/\/yoast.com\/product\/yoast-seo-wordpress\/ -->\n<title>RUNE VOL. 1 - Il Crogiuolo<\/title>\n<meta name=\"description\" content=\"RUNE VOL. 1 Il sussurro, il segreto linguaggio magico e profetico, le Rune, trovano la loro origine nella tradizione culturale vichinga. Scoperte dal dio Odino, sono\" \/>\n<meta name=\"robots\" content=\"index, follow, max-snippet:-1, max-image-preview:large, max-video-preview:-1\" \/>\n<link rel=\"canonical\" href=\"https:\/\/ilcrogiuolo.it\/it\/p\/rune-vol-1\/\" \/>\n<meta property=\"og:locale\" content=\"it_IT\" \/>\n<meta property=\"og:type\" content=\"article\" \/>\n<meta property=\"og:title\" content=\"RUNE VOL. 1 - Il Crogiuolo\" \/>\n<meta property=\"og:description\" content=\"RUNE VOL. 1 Il sussurro, il segreto linguaggio magico e profetico, le Rune, trovano la loro origine nella tradizione culturale vichinga. Scoperte dal dio Odino, sono\" \/>\n<meta property=\"og:url\" content=\"https:\/\/ilcrogiuolo.it\/it\/p\/rune-vol-1\/\" \/>\n<meta property=\"og:site_name\" content=\"Il Crogiuolo\" \/>\n<meta property=\"article:publisher\" content=\"https:\/\/www.facebook.com\/Il-Crogiuolo-681876418491758\" \/>\n<meta property=\"article:modified_time\" content=\"2020-01-30T08:39:52+00:00\" \/>\n<meta property=\"og:image\" content=\"https:\/\/ilcrogiuolo.it\/wp-content\/uploads\/2020\/01\/runelibro_0717816.jpg\" \/>\n\t<meta property=\"og:image:width\" content=\"627\" \/>\n\t<meta property=\"og:image:height\" content=\"600\" \/>\n\t<meta property=\"og:image:type\" content=\"image\/jpeg\" \/>\n<meta name=\"twitter:card\" content=\"summary_large_image\" \/>\n<meta name=\"twitter:label1\" content=\"Tempo di lettura stimato\" \/>\n\t<meta name=\"twitter:data1\" content=\"3 minuti\" \/>\n<script type=\"application\/ld+json\" class=\"yoast-schema-graph\">{\"@context\":\"https:\/\/schema.org\",\"@graph\":[{\"@type\":\"WebPage\",\"@id\":\"https:\/\/ilcrogiuolo.it\/it\/p\/rune-vol-1\/\",\"url\":\"https:\/\/ilcrogiuolo.it\/it\/p\/rune-vol-1\/\",\"name\":\"RUNE VOL. 1 - Il Crogiuolo\",\"isPartOf\":{\"@id\":\"https:\/\/ilcrogiuolo.it\/it\/#website\"},\"primaryImageOfPage\":{\"@id\":\"https:\/\/ilcrogiuolo.it\/it\/p\/rune-vol-1\/#primaryimage\"},\"image\":{\"@id\":\"https:\/\/ilcrogiuolo.it\/it\/p\/rune-vol-1\/#primaryimage\"},\"thumbnailUrl\":\"https:\/\/ilcrogiuolo.it\/wp-content\/uploads\/2020\/01\/runelibro_0717816.jpg\",\"datePublished\":\"2020-01-14T16:18:27+00:00\",\"dateModified\":\"2020-01-30T08:39:52+00:00\",\"description\":\"RUNE VOL. 1 Il sussurro, il segreto linguaggio magico e profetico, le Rune, trovano la loro origine nella tradizione culturale vichinga. Scoperte dal dio Odino, sono\",\"breadcrumb\":{\"@id\":\"https:\/\/ilcrogiuolo.it\/it\/p\/rune-vol-1\/#breadcrumb\"},\"inLanguage\":\"it-IT\",\"potentialAction\":[{\"@type\":\"ReadAction\",\"target\":[\"https:\/\/ilcrogiuolo.it\/it\/p\/rune-vol-1\/\"]}]},{\"@type\":\"ImageObject\",\"inLanguage\":\"it-IT\",\"@id\":\"https:\/\/ilcrogiuolo.it\/it\/p\/rune-vol-1\/#primaryimage\",\"url\":\"https:\/\/ilcrogiuolo.it\/wp-content\/uploads\/2020\/01\/runelibro_0717816.jpg\",\"contentUrl\":\"https:\/\/ilcrogiuolo.it\/wp-content\/uploads\/2020\/01\/runelibro_0717816.jpg\",\"width\":627,\"height\":600},{\"@type\":\"BreadcrumbList\",\"@id\":\"https:\/\/ilcrogiuolo.it\/it\/p\/rune-vol-1\/#breadcrumb\",\"itemListElement\":[{\"@type\":\"ListItem\",\"position\":1,\"name\":\"Home\",\"item\":\"https:\/\/ilcrogiuolo.it\/it\/\"},{\"@type\":\"ListItem\",\"position\":2,\"name\":\"Shop\",\"item\":\"https:\/\/ilcrogiuolo.it\/it\/negozio\/\"},{\"@type\":\"ListItem\",\"position\":3,\"name\":\"RUNE VOL. 1\"}]},{\"@type\":\"WebSite\",\"@id\":\"https:\/\/ilcrogiuolo.it\/it\/#website\",\"url\":\"https:\/\/ilcrogiuolo.it\/it\/\",\"name\":\"Il Crogiuolo\",\"description\":\"\",\"publisher\":{\"@id\":\"https:\/\/ilcrogiuolo.it\/it\/#organization\"},\"potentialAction\":[{\"@type\":\"SearchAction\",\"target\":{\"@type\":\"EntryPoint\",\"urlTemplate\":\"https:\/\/ilcrogiuolo.it\/it\/?s={search_term_string}\"},\"query-input\":{\"@type\":\"PropertyValueSpecification\",\"valueRequired\":true,\"valueName\":\"search_term_string\"}}],\"inLanguage\":\"it-IT\"},{\"@type\":\"Organization\",\"@id\":\"https:\/\/ilcrogiuolo.it\/it\/#organization\",\"name\":\"Il Crogiuolo\",\"url\":\"https:\/\/ilcrogiuolo.it\/it\/\",\"logo\":{\"@type\":\"ImageObject\",\"inLanguage\":\"it-IT\",\"@id\":\"https:\/\/ilcrogiuolo.it\/it\/#\/schema\/logo\/image\/\",\"url\":\"https:\/\/ilcrogiuolo.it\/wp-content\/uploads\/2020\/04\/logo.png\",\"contentUrl\":\"https:\/\/ilcrogiuolo.it\/wp-content\/uploads\/2020\/04\/logo.png\",\"width\":200,\"height\":49,\"caption\":\"Il Crogiuolo\"},\"image\":{\"@id\":\"https:\/\/ilcrogiuolo.it\/it\/#\/schema\/logo\/image\/\"},\"sameAs\":[\"https:\/\/www.facebook.com\/Il-Crogiuolo-681876418491758\"]}]}<\/script>\n<!-- \/ Yoast SEO plugin. -->","yoast_head_json":{"title":"RUNE VOL. 1 - Il Crogiuolo","description":"RUNE VOL. 1 Il sussurro, il segreto linguaggio magico e profetico, le Rune, trovano la loro origine nella tradizione culturale vichinga. Scoperte dal dio Odino, sono","robots":{"index":"index","follow":"follow","max-snippet":"max-snippet:-1","max-image-preview":"max-image-preview:large","max-video-preview":"max-video-preview:-1"},"canonical":"https:\/\/ilcrogiuolo.it\/it\/p\/rune-vol-1\/","og_locale":"it_IT","og_type":"article","og_title":"RUNE VOL. 1 - Il Crogiuolo","og_description":"RUNE VOL. 1 Il sussurro, il segreto linguaggio magico e profetico, le Rune, trovano la loro origine nella tradizione culturale vichinga. Scoperte dal dio Odino, sono","og_url":"https:\/\/ilcrogiuolo.it\/it\/p\/rune-vol-1\/","og_site_name":"Il Crogiuolo","article_publisher":"https:\/\/www.facebook.com\/Il-Crogiuolo-681876418491758","article_modified_time":"2020-01-30T08:39:52+00:00","og_image":[{"width":627,"height":600,"url":"https:\/\/ilcrogiuolo.it\/wp-content\/uploads\/2020\/01\/runelibro_0717816.jpg","type":"image\/jpeg"}],"twitter_card":"summary_large_image","twitter_misc":{"Tempo di lettura stimato":"3 minuti"},"schema":{"@context":"https:\/\/schema.org","@graph":[{"@type":"WebPage","@id":"https:\/\/ilcrogiuolo.it\/it\/p\/rune-vol-1\/","url":"https:\/\/ilcrogiuolo.it\/it\/p\/rune-vol-1\/","name":"RUNE VOL. 1 - Il Crogiuolo","isPartOf":{"@id":"https:\/\/ilcrogiuolo.it\/it\/#website"},"primaryImageOfPage":{"@id":"https:\/\/ilcrogiuolo.it\/it\/p\/rune-vol-1\/#primaryimage"},"image":{"@id":"https:\/\/ilcrogiuolo.it\/it\/p\/rune-vol-1\/#primaryimage"},"thumbnailUrl":"https:\/\/ilcrogiuolo.it\/wp-content\/uploads\/2020\/01\/runelibro_0717816.jpg","datePublished":"2020-01-14T16:18:27+00:00","dateModified":"2020-01-30T08:39:52+00:00","description":"RUNE VOL. 1 Il sussurro, il segreto linguaggio magico e profetico, le Rune, trovano la loro origine nella tradizione culturale vichinga. Scoperte dal dio Odino, sono","breadcrumb":{"@id":"https:\/\/ilcrogiuolo.it\/it\/p\/rune-vol-1\/#breadcrumb"},"inLanguage":"it-IT","potentialAction":[{"@type":"ReadAction","target":["https:\/\/ilcrogiuolo.it\/it\/p\/rune-vol-1\/"]}]},{"@type":"ImageObject","inLanguage":"it-IT","@id":"https:\/\/ilcrogiuolo.it\/it\/p\/rune-vol-1\/#primaryimage","url":"https:\/\/ilcrogiuolo.it\/wp-content\/uploads\/2020\/01\/runelibro_0717816.jpg","contentUrl":"https:\/\/ilcrogiuolo.it\/wp-content\/uploads\/2020\/01\/runelibro_0717816.jpg","width":627,"height":600},{"@type":"BreadcrumbList","@id":"https:\/\/ilcrogiuolo.it\/it\/p\/rune-vol-1\/#breadcrumb","itemListElement":[{"@type":"ListItem","position":1,"name":"Home","item":"https:\/\/ilcrogiuolo.it\/it\/"},{"@type":"ListItem","position":2,"name":"Shop","item":"https:\/\/ilcrogiuolo.it\/it\/negozio\/"},{"@type":"ListItem","position":3,"name":"RUNE VOL. 1"}]},{"@type":"WebSite","@id":"https:\/\/ilcrogiuolo.it\/it\/#website","url":"https:\/\/ilcrogiuolo.it\/it\/","name":"Il Crogiuolo","description":"","publisher":{"@id":"https:\/\/ilcrogiuolo.it\/it\/#organization"},"potentialAction":[{"@type":"SearchAction","target":{"@type":"EntryPoint","urlTemplate":"https:\/\/ilcrogiuolo.it\/it\/?s={search_term_string}"},"query-input":{"@type":"PropertyValueSpecification","valueRequired":true,"valueName":"search_term_string"}}],"inLanguage":"it-IT"},{"@type":"Organization","@id":"https:\/\/ilcrogiuolo.it\/it\/#organization","name":"Il Crogiuolo","url":"https:\/\/ilcrogiuolo.it\/it\/","logo":{"@type":"ImageObject","inLanguage":"it-IT","@id":"https:\/\/ilcrogiuolo.it\/it\/#\/schema\/logo\/image\/","url":"https:\/\/ilcrogiuolo.it\/wp-content\/uploads\/2020\/04\/logo.png","contentUrl":"https:\/\/ilcrogiuolo.it\/wp-content\/uploads\/2020\/04\/logo.png","width":200,"height":49,"caption":"Il Crogiuolo"},"image":{"@id":"https:\/\/ilcrogiuolo.it\/it\/#\/schema\/logo\/image\/"},"sameAs":["https:\/\/www.facebook.com\/Il-Crogiuolo-681876418491758"]}]}},"_links":{"self":[{"href":"https:\/\/ilcrogiuolo.it\/it\/wp-json\/wp\/v2\/product\/9072","targetHints":{"allow":["GET"]}}],"collection":[{"href":"https:\/\/ilcrogiuolo.it\/it\/wp-json\/wp\/v2\/product"}],"about":[{"href":"https:\/\/ilcrogiuolo.it\/it\/wp-json\/wp\/v2\/types\/product"}],"wp:featuredmedia":[{"embeddable":true,"href":"https:\/\/ilcrogiuolo.it\/it\/wp-json\/wp\/v2\/media\/9073"}],"wp:attachment":[{"href":"https:\/\/ilcrogiuolo.it\/it\/wp-json\/wp\/v2\/media?parent=9072"}],"wp:term":[{"taxonomy":"product_brand","embeddable":true,"href":"https:\/\/ilcrogiuolo.it\/it\/wp-json\/wp\/v2\/product_brand?post=9072"},{"taxonomy":"product_cat","embeddable":true,"href":"https:\/\/ilcrogiuolo.it\/it\/wp-json\/wp\/v2\/product_cat?post=9072"},{"taxonomy":"product_tag","embeddable":true,"href":"https:\/\/ilcrogiuolo.it\/it\/wp-json\/wp\/v2\/product_tag?post=9072"}],"curies":[{"name":"wp","href":"https:\/\/api.w.org\/{rel}","templated":true}]}}