{"id":9051,"date":"2020-01-14T17:18:27","date_gmt":"2020-01-14T16:18:27","guid":{"rendered":"https:\/\/ilcrogiuolo.it\/p\/puoi-creare-il-tuo-destino-erich-a-mitchell-hermes-edizioni\/"},"modified":"2024-03-28T11:52:42","modified_gmt":"2024-03-28T10:52:42","slug":"puoi-creare-il-tuo-destino-erich-a-mitchell-hermes-edizioni","status":"publish","type":"product","link":"https:\/\/ilcrogiuolo.it\/it\/p\/puoi-creare-il-tuo-destino-erich-a-mitchell-hermes-edizioni\/","title":{"rendered":"PUOI CREARE IL TUO FUTURO &#8211; ERICH A. MITCHELL HERMES EDIZIONI"},"content":{"rendered":"<p>Questo libro \u00e8 utile a tutti perch\u00e9 ciascuno di noi ha qualcosa di speciale, uno scopo nella vita, raggiunto il quale potr\u00e0 essere pienamente felice e realizzato. Scoprire e comprendere questo nostro personale obiettivo ci porter\u00e0 automaticamente anche alla pi\u00f9 completa realizzazione materiale. PUOI! \u00e8 il primo libro che rivela come entrare in contatto, comunicare e usare il supremo Potere spirituale, e come, attraverso esso, trasformare spiritualmente e materialmente l\u2019individuo e il mondo. Vent\u2019anni di ricerca spirituale dell\u2019Autore sono stati condensati in poco pi\u00f9 di cento pagine, affinch\u00e9 chiunque \u00e8 alla ricerca di una propria spiritualit\u00e0 possa, tramite questo libro, trovare una preziosa summa di saggezza teorico-pratica. Diverse sono le tecniche descritte per superare i nostri limitati processi mentali ed entrare in sintonia con il nostro centro psichico del Potere; nessuna di esse prevede l\u2019impiego della fede, dato che il velato sussurro della verit\u00e0 oltrepassa non solo le nostre credenze, ma anche le nostre sensazioni riguardo tali credenze, ed elimina la nostra paura nei confronti di tale processo di trasformazione spirituale e materiale. \u2022 Scopri le potenzialit\u00e0 in te \u2022 Realizza ricchezza e benessere \u2022 Raggiungi lo scopo della tua vita.<\/p>\n<p>136 PAG.<\/p>\n","protected":false},"excerpt":{"rendered":"<p>Questo libro \u00e8 utile a tutti perch\u00e9 ciascuno di noi ha qualcosa di speciale, uno scopo nella vita, raggiunto il&#8230;<\/p>\n","protected":false},"featured_media":9052,"template":"","meta":{"_acf_changed":false},"product_brand":[],"product_cat":[1077,1425,1060],"product_tag":[],"class_list":{"0":"post-9051","1":"product","2":"type-product","3":"status-publish","4":"has-post-thumbnail","6":"product_cat-libreria-esoterica-libreria-esoterica","7":"product_cat-edizioni-hermes","8":"product_cat-libreria-esoterica","10":"first","11":"instock","12":"taxable","13":"shipping-taxable","14":"purchasable","15":"product-type-simple","16":"add-to-wishlist-before_image"},"acf":[],"yoast_head":"<!-- This site is optimized with the Yoast SEO plugin v26.9 - https:\/\/yoast.com\/product\/yoast-seo-wordpress\/ -->\n<title>PUOI CREARE IL TUO FUTURO - ERICH A. MITCHELL HERMES EDIZIONI - Il Crogiuolo<\/title>\n<meta name=\"description\" content=\"PUOI CREARE IL TUO FUTURO - ERICH A. MITCHELL HERMES EDIZIONI Questo libro \u00e8 utile a tutti perch\u00e9 ciascuno di noi ha qualcosa di speciale, uno scopo nella vita, raggiunto il quale potr\u00e0 essere pienamente felice e\" \/>\n<meta name=\"robots\" content=\"index, follow, max-snippet:-1, max-image-preview:large, max-video-preview:-1\" \/>\n<link rel=\"canonical\" href=\"https:\/\/ilcrogiuolo.it\/it\/p\/puoi-creare-il-tuo-destino-erich-a-mitchell-hermes-edizioni\/\" \/>\n<meta property=\"og:locale\" content=\"it_IT\" \/>\n<meta property=\"og:type\" content=\"article\" \/>\n<meta property=\"og:title\" content=\"PUOI CREARE IL TUO FUTURO - ERICH A. MITCHELL HERMES EDIZIONI - Il Crogiuolo\" \/>\n<meta property=\"og:description\" content=\"PUOI CREARE IL TUO FUTURO - ERICH A. MITCHELL HERMES EDIZIONI Questo libro \u00e8 utile a tutti perch\u00e9 ciascuno di noi ha qualcosa di speciale, uno scopo nella vita, raggiunto il quale potr\u00e0 essere pienamente felice e\" \/>\n<meta property=\"og:url\" content=\"https:\/\/ilcrogiuolo.it\/it\/p\/puoi-creare-il-tuo-destino-erich-a-mitchell-hermes-edizioni\/\" \/>\n<meta property=\"og:site_name\" content=\"Il Crogiuolo\" \/>\n<meta property=\"article:publisher\" content=\"https:\/\/www.facebook.com\/Il-Crogiuolo-681876418491758\" \/>\n<meta property=\"article:modified_time\" content=\"2024-03-28T10:52:42+00:00\" \/>\n<meta property=\"og:image\" content=\"https:\/\/ilcrogiuolo.it\/wp-content\/uploads\/2020\/01\/puoicreareiltuofuturo_3733747.jpg\" \/>\n\t<meta property=\"og:image:width\" content=\"627\" \/>\n\t<meta property=\"og:image:height\" content=\"600\" \/>\n\t<meta property=\"og:image:type\" content=\"image\/jpeg\" \/>\n<meta name=\"twitter:card\" content=\"summary_large_image\" \/>\n<meta name=\"twitter:label1\" content=\"Tempo di lettura stimato\" \/>\n\t<meta name=\"twitter:data1\" content=\"2 minuti\" \/>\n<script type=\"application\/ld+json\" class=\"yoast-schema-graph\">{\"@context\":\"https:\/\/schema.org\",\"@graph\":[{\"@type\":\"WebPage\",\"@id\":\"https:\/\/ilcrogiuolo.it\/it\/p\/puoi-creare-il-tuo-destino-erich-a-mitchell-hermes-edizioni\/\",\"url\":\"https:\/\/ilcrogiuolo.it\/it\/p\/puoi-creare-il-tuo-destino-erich-a-mitchell-hermes-edizioni\/\",\"name\":\"PUOI CREARE IL TUO FUTURO - ERICH A. MITCHELL HERMES EDIZIONI - Il Crogiuolo\",\"isPartOf\":{\"@id\":\"https:\/\/ilcrogiuolo.it\/it\/#website\"},\"primaryImageOfPage\":{\"@id\":\"https:\/\/ilcrogiuolo.it\/it\/p\/puoi-creare-il-tuo-destino-erich-a-mitchell-hermes-edizioni\/#primaryimage\"},\"image\":{\"@id\":\"https:\/\/ilcrogiuolo.it\/it\/p\/puoi-creare-il-tuo-destino-erich-a-mitchell-hermes-edizioni\/#primaryimage\"},\"thumbnailUrl\":\"https:\/\/ilcrogiuolo.it\/wp-content\/uploads\/2020\/01\/puoicreareiltuofuturo_3733747.jpg\",\"datePublished\":\"2020-01-14T16:18:27+00:00\",\"dateModified\":\"2024-03-28T10:52:42+00:00\",\"description\":\"PUOI CREARE IL TUO FUTURO - ERICH A. MITCHELL HERMES EDIZIONI Questo libro \u00e8 utile a tutti perch\u00e9 ciascuno di noi ha qualcosa di speciale, uno scopo nella vita, raggiunto il quale potr\u00e0 essere pienamente felice e\",\"breadcrumb\":{\"@id\":\"https:\/\/ilcrogiuolo.it\/it\/p\/puoi-creare-il-tuo-destino-erich-a-mitchell-hermes-edizioni\/#breadcrumb\"},\"inLanguage\":\"it-IT\",\"potentialAction\":[{\"@type\":\"ReadAction\",\"target\":[\"https:\/\/ilcrogiuolo.it\/it\/p\/puoi-creare-il-tuo-destino-erich-a-mitchell-hermes-edizioni\/\"]}]},{\"@type\":\"ImageObject\",\"inLanguage\":\"it-IT\",\"@id\":\"https:\/\/ilcrogiuolo.it\/it\/p\/puoi-creare-il-tuo-destino-erich-a-mitchell-hermes-edizioni\/#primaryimage\",\"url\":\"https:\/\/ilcrogiuolo.it\/wp-content\/uploads\/2020\/01\/puoicreareiltuofuturo_3733747.jpg\",\"contentUrl\":\"https:\/\/ilcrogiuolo.it\/wp-content\/uploads\/2020\/01\/puoicreareiltuofuturo_3733747.jpg\",\"width\":627,\"height\":600},{\"@type\":\"BreadcrumbList\",\"@id\":\"https:\/\/ilcrogiuolo.it\/it\/p\/puoi-creare-il-tuo-destino-erich-a-mitchell-hermes-edizioni\/#breadcrumb\",\"itemListElement\":[{\"@type\":\"ListItem\",\"position\":1,\"name\":\"Home\",\"item\":\"https:\/\/ilcrogiuolo.it\/it\/\"},{\"@type\":\"ListItem\",\"position\":2,\"name\":\"Shop\",\"item\":\"https:\/\/ilcrogiuolo.it\/it\/negozio\/\"},{\"@type\":\"ListItem\",\"position\":3,\"name\":\"PUOI CREARE IL TUO FUTURO &#8211; ERICH A. MITCHELL HERMES EDIZIONI\"}]},{\"@type\":\"WebSite\",\"@id\":\"https:\/\/ilcrogiuolo.it\/it\/#website\",\"url\":\"https:\/\/ilcrogiuolo.it\/it\/\",\"name\":\"Il Crogiuolo\",\"description\":\"\",\"publisher\":{\"@id\":\"https:\/\/ilcrogiuolo.it\/it\/#organization\"},\"potentialAction\":[{\"@type\":\"SearchAction\",\"target\":{\"@type\":\"EntryPoint\",\"urlTemplate\":\"https:\/\/ilcrogiuolo.it\/it\/?s={search_term_string}\"},\"query-input\":{\"@type\":\"PropertyValueSpecification\",\"valueRequired\":true,\"valueName\":\"search_term_string\"}}],\"inLanguage\":\"it-IT\"},{\"@type\":\"Organization\",\"@id\":\"https:\/\/ilcrogiuolo.it\/it\/#organization\",\"name\":\"Il Crogiuolo\",\"url\":\"https:\/\/ilcrogiuolo.it\/it\/\",\"logo\":{\"@type\":\"ImageObject\",\"inLanguage\":\"it-IT\",\"@id\":\"https:\/\/ilcrogiuolo.it\/it\/#\/schema\/logo\/image\/\",\"url\":\"https:\/\/ilcrogiuolo.it\/wp-content\/uploads\/2020\/04\/logo.png\",\"contentUrl\":\"https:\/\/ilcrogiuolo.it\/wp-content\/uploads\/2020\/04\/logo.png\",\"width\":200,\"height\":49,\"caption\":\"Il Crogiuolo\"},\"image\":{\"@id\":\"https:\/\/ilcrogiuolo.it\/it\/#\/schema\/logo\/image\/\"},\"sameAs\":[\"https:\/\/www.facebook.com\/Il-Crogiuolo-681876418491758\"]}]}<\/script>\n<!-- \/ Yoast SEO plugin. -->","yoast_head_json":{"title":"PUOI CREARE IL TUO FUTURO - ERICH A. MITCHELL HERMES EDIZIONI - Il Crogiuolo","description":"PUOI CREARE IL TUO FUTURO - ERICH A. MITCHELL HERMES EDIZIONI Questo libro \u00e8 utile a tutti perch\u00e9 ciascuno di noi ha qualcosa di speciale, uno scopo nella vita, raggiunto il quale potr\u00e0 essere pienamente felice e","robots":{"index":"index","follow":"follow","max-snippet":"max-snippet:-1","max-image-preview":"max-image-preview:large","max-video-preview":"max-video-preview:-1"},"canonical":"https:\/\/ilcrogiuolo.it\/it\/p\/puoi-creare-il-tuo-destino-erich-a-mitchell-hermes-edizioni\/","og_locale":"it_IT","og_type":"article","og_title":"PUOI CREARE IL TUO FUTURO - ERICH A. MITCHELL HERMES EDIZIONI - Il Crogiuolo","og_description":"PUOI CREARE IL TUO FUTURO - ERICH A. MITCHELL HERMES EDIZIONI Questo libro \u00e8 utile a tutti perch\u00e9 ciascuno di noi ha qualcosa di speciale, uno scopo nella vita, raggiunto il quale potr\u00e0 essere pienamente felice e","og_url":"https:\/\/ilcrogiuolo.it\/it\/p\/puoi-creare-il-tuo-destino-erich-a-mitchell-hermes-edizioni\/","og_site_name":"Il Crogiuolo","article_publisher":"https:\/\/www.facebook.com\/Il-Crogiuolo-681876418491758","article_modified_time":"2024-03-28T10:52:42+00:00","og_image":[{"width":627,"height":600,"url":"https:\/\/ilcrogiuolo.it\/wp-content\/uploads\/2020\/01\/puoicreareiltuofuturo_3733747.jpg","type":"image\/jpeg"}],"twitter_card":"summary_large_image","twitter_misc":{"Tempo di lettura stimato":"2 minuti"},"schema":{"@context":"https:\/\/schema.org","@graph":[{"@type":"WebPage","@id":"https:\/\/ilcrogiuolo.it\/it\/p\/puoi-creare-il-tuo-destino-erich-a-mitchell-hermes-edizioni\/","url":"https:\/\/ilcrogiuolo.it\/it\/p\/puoi-creare-il-tuo-destino-erich-a-mitchell-hermes-edizioni\/","name":"PUOI CREARE IL TUO FUTURO - ERICH A. MITCHELL HERMES EDIZIONI - Il Crogiuolo","isPartOf":{"@id":"https:\/\/ilcrogiuolo.it\/it\/#website"},"primaryImageOfPage":{"@id":"https:\/\/ilcrogiuolo.it\/it\/p\/puoi-creare-il-tuo-destino-erich-a-mitchell-hermes-edizioni\/#primaryimage"},"image":{"@id":"https:\/\/ilcrogiuolo.it\/it\/p\/puoi-creare-il-tuo-destino-erich-a-mitchell-hermes-edizioni\/#primaryimage"},"thumbnailUrl":"https:\/\/ilcrogiuolo.it\/wp-content\/uploads\/2020\/01\/puoicreareiltuofuturo_3733747.jpg","datePublished":"2020-01-14T16:18:27+00:00","dateModified":"2024-03-28T10:52:42+00:00","description":"PUOI CREARE IL TUO FUTURO - ERICH A. MITCHELL HERMES EDIZIONI Questo libro \u00e8 utile a tutti perch\u00e9 ciascuno di noi ha qualcosa di speciale, uno scopo nella vita, raggiunto il quale potr\u00e0 essere pienamente felice e","breadcrumb":{"@id":"https:\/\/ilcrogiuolo.it\/it\/p\/puoi-creare-il-tuo-destino-erich-a-mitchell-hermes-edizioni\/#breadcrumb"},"inLanguage":"it-IT","potentialAction":[{"@type":"ReadAction","target":["https:\/\/ilcrogiuolo.it\/it\/p\/puoi-creare-il-tuo-destino-erich-a-mitchell-hermes-edizioni\/"]}]},{"@type":"ImageObject","inLanguage":"it-IT","@id":"https:\/\/ilcrogiuolo.it\/it\/p\/puoi-creare-il-tuo-destino-erich-a-mitchell-hermes-edizioni\/#primaryimage","url":"https:\/\/ilcrogiuolo.it\/wp-content\/uploads\/2020\/01\/puoicreareiltuofuturo_3733747.jpg","contentUrl":"https:\/\/ilcrogiuolo.it\/wp-content\/uploads\/2020\/01\/puoicreareiltuofuturo_3733747.jpg","width":627,"height":600},{"@type":"BreadcrumbList","@id":"https:\/\/ilcrogiuolo.it\/it\/p\/puoi-creare-il-tuo-destino-erich-a-mitchell-hermes-edizioni\/#breadcrumb","itemListElement":[{"@type":"ListItem","position":1,"name":"Home","item":"https:\/\/ilcrogiuolo.it\/it\/"},{"@type":"ListItem","position":2,"name":"Shop","item":"https:\/\/ilcrogiuolo.it\/it\/negozio\/"},{"@type":"ListItem","position":3,"name":"PUOI CREARE IL TUO FUTURO &#8211; ERICH A. MITCHELL HERMES EDIZIONI"}]},{"@type":"WebSite","@id":"https:\/\/ilcrogiuolo.it\/it\/#website","url":"https:\/\/ilcrogiuolo.it\/it\/","name":"Il Crogiuolo","description":"","publisher":{"@id":"https:\/\/ilcrogiuolo.it\/it\/#organization"},"potentialAction":[{"@type":"SearchAction","target":{"@type":"EntryPoint","urlTemplate":"https:\/\/ilcrogiuolo.it\/it\/?s={search_term_string}"},"query-input":{"@type":"PropertyValueSpecification","valueRequired":true,"valueName":"search_term_string"}}],"inLanguage":"it-IT"},{"@type":"Organization","@id":"https:\/\/ilcrogiuolo.it\/it\/#organization","name":"Il Crogiuolo","url":"https:\/\/ilcrogiuolo.it\/it\/","logo":{"@type":"ImageObject","inLanguage":"it-IT","@id":"https:\/\/ilcrogiuolo.it\/it\/#\/schema\/logo\/image\/","url":"https:\/\/ilcrogiuolo.it\/wp-content\/uploads\/2020\/04\/logo.png","contentUrl":"https:\/\/ilcrogiuolo.it\/wp-content\/uploads\/2020\/04\/logo.png","width":200,"height":49,"caption":"Il Crogiuolo"},"image":{"@id":"https:\/\/ilcrogiuolo.it\/it\/#\/schema\/logo\/image\/"},"sameAs":["https:\/\/www.facebook.com\/Il-Crogiuolo-681876418491758"]}]}},"_links":{"self":[{"href":"https:\/\/ilcrogiuolo.it\/it\/wp-json\/wp\/v2\/product\/9051","targetHints":{"allow":["GET"]}}],"collection":[{"href":"https:\/\/ilcrogiuolo.it\/it\/wp-json\/wp\/v2\/product"}],"about":[{"href":"https:\/\/ilcrogiuolo.it\/it\/wp-json\/wp\/v2\/types\/product"}],"wp:featuredmedia":[{"embeddable":true,"href":"https:\/\/ilcrogiuolo.it\/it\/wp-json\/wp\/v2\/media\/9052"}],"wp:attachment":[{"href":"https:\/\/ilcrogiuolo.it\/it\/wp-json\/wp\/v2\/media?parent=9051"}],"wp:term":[{"taxonomy":"product_brand","embeddable":true,"href":"https:\/\/ilcrogiuolo.it\/it\/wp-json\/wp\/v2\/product_brand?post=9051"},{"taxonomy":"product_cat","embeddable":true,"href":"https:\/\/ilcrogiuolo.it\/it\/wp-json\/wp\/v2\/product_cat?post=9051"},{"taxonomy":"product_tag","embeddable":true,"href":"https:\/\/ilcrogiuolo.it\/it\/wp-json\/wp\/v2\/product_tag?post=9051"}],"curies":[{"name":"wp","href":"https:\/\/api.w.org\/{rel}","templated":true}]}}