{"id":9026,"date":"2020-01-14T17:18:27","date_gmt":"2020-01-14T16:18:27","guid":{"rendered":"https:\/\/ilcrogiuolo.it\/p\/anauel-messaggi-per-la-terra-di-chiara-tempra-gabbiati\/"},"modified":"2020-01-30T09:30:35","modified_gmt":"2020-01-30T08:30:35","slug":"anauel-messaggi-per-la-terra-di-chiara-tempra-gabbiati","status":"publish","type":"product","link":"https:\/\/ilcrogiuolo.it\/it\/p\/anauel-messaggi-per-la-terra-di-chiara-tempra-gabbiati\/","title":{"rendered":"ANAUEL &#8211; MESSAGGI PER LA TERRA di Chiara Tempra Gabbiati"},"content":{"rendered":"<p>L&#8217;Angelo ANAUEL ha dettato questo libro a Chiara in 9 giorni intitolandolo &#8220;Messaggi per la Terra&#8221;, con l&#8217;intento di dare istruzioni per la salvezza del pianeta messo in pericolo principalmente per resposabilit\u00e0 dell&#8217;uomo e ai suoi comportamenti scellerati. Comunica che la salvezza della Terra, che ora si ribella, dipende dai comportamenti dell&#8217;uomo.\u00a0\u00a0 L&#8217;amore creatore \u00e8 ci\u00f2 che permetter\u00e0 di riportare la terra a essere florida e un luogo accogliente per chi vivr\u00e0 dopo di noi. L&#8217;amore \u00e8 la via, l&#8217;amore \u00e8 la fonte di ogni cosa, l&#8217;amore \u00e8 vita, l&#8217;amore \u00e8 la realt\u00e0 e l&#8217;amore \u00e8 ci\u00f2 che conta.<br \/>\n&#8220;Nel leggere ciascun capitolo ho trovato la mia crescita, \u00e8 iniziato un dialogo, che mi ha portato ad un ripiegamento interiore, non sempre facile, foriero di dubbi e domande, talvolta in &#8220;svelata&#8221; polemica talmente svelata che, per la mia smaccata irriverenza, ho fatto appello ad un divieto celeste nell&#8217;uso di fulmini e saette. ANAUEL mi ha fatto riflettere e mi ha insegnato a spostare il punto di osservazione sul mondo e su di me, mi ha insegnato che la mente crea, ma il sentimento che c&#8217;\u00e8 dietro ne \u00e8 motore assolutoed indiscusso. Mi ha portato all&#8217;essenza del tutto, quello che Albert Ainstein diceva &#8220;dare un Senso Maiuscolo alla Vita&#8221;: l&#8217;Amore. ANAUEL in &#8220;Messaggi per a Terra&#8221; parla di possibili scenari futur, di come il mondo potrebbe evolversi e della nostra possibilit\u00e0 di scegliere se portarlo verso l&#8217;Amore o verso la Rovina. Questo libro non porta paura, ma speranza, ci fornisce numerosi strumenti per imboccare la Via del Nuovo Mondo, la via dell&#8217;Armonia e della pace.&#8221;<\/p>\n","protected":false},"excerpt":{"rendered":"<p>L&#8217;Angelo ANAUEL ha dettato questo libro a Chiara in 9 giorni intitolandolo &#8220;Messaggi per la Terra&#8221;, con l&#8217;intento di dare&#8230;<\/p>\n","protected":false},"featured_media":9027,"template":"","meta":{"_acf_changed":false},"product_brand":[],"product_cat":[1077,1536,1060],"product_tag":[],"class_list":{"0":"post-9026","1":"product","2":"type-product","3":"status-publish","4":"has-post-thumbnail","6":"product_cat-libreria-esoterica-libreria-esoterica","7":"product_cat-altre-edizioni","8":"product_cat-libreria-esoterica","10":"first","11":"instock","12":"taxable","13":"shipping-taxable","14":"purchasable","15":"product-type-simple","16":"add-to-wishlist-before_image"},"acf":[],"yoast_head":"<!-- This site is optimized with the Yoast SEO plugin v26.9 - https:\/\/yoast.com\/product\/yoast-seo-wordpress\/ -->\n<title>ANAUEL - MESSAGGI PER LA TERRA di Chiara Tempra Gabbiati - Il Crogiuolo<\/title>\n<meta name=\"description\" content=\"ANAUEL - MESSAGGI PER LA TERRA di Chiara Tempra Gabbiati L&#039;Angelo ANAUEL ha dettato questo libro a Chiara in 9 giorni intitolandolo &quot;Messaggi per la Terra&quot;, con l&#039;intento di dare istruzioni per la salvezza del\" \/>\n<meta name=\"robots\" content=\"index, follow, max-snippet:-1, max-image-preview:large, max-video-preview:-1\" \/>\n<link rel=\"canonical\" href=\"https:\/\/ilcrogiuolo.it\/it\/p\/anauel-messaggi-per-la-terra-di-chiara-tempra-gabbiati\/\" \/>\n<meta property=\"og:locale\" content=\"it_IT\" \/>\n<meta property=\"og:type\" content=\"article\" \/>\n<meta property=\"og:title\" content=\"ANAUEL - MESSAGGI PER LA TERRA di Chiara Tempra Gabbiati - Il Crogiuolo\" \/>\n<meta property=\"og:description\" content=\"ANAUEL - MESSAGGI PER LA TERRA di Chiara Tempra Gabbiati L&#039;Angelo ANAUEL ha dettato questo libro a Chiara in 9 giorni intitolandolo &quot;Messaggi per la Terra&quot;, con l&#039;intento di dare istruzioni per la salvezza del\" \/>\n<meta property=\"og:url\" content=\"https:\/\/ilcrogiuolo.it\/it\/p\/anauel-messaggi-per-la-terra-di-chiara-tempra-gabbiati\/\" \/>\n<meta property=\"og:site_name\" content=\"Il Crogiuolo\" \/>\n<meta property=\"article:publisher\" content=\"https:\/\/www.facebook.com\/Il-Crogiuolo-681876418491758\" \/>\n<meta property=\"article:modified_time\" content=\"2020-01-30T08:30:35+00:00\" \/>\n<meta property=\"og:image\" content=\"https:\/\/ilcrogiuolo.it\/wp-content\/uploads\/2020\/01\/anauelmessaggiperlaterrachiaratempragabbiatiregistriakascici_7659131.jpg\" \/>\n\t<meta property=\"og:image:width\" content=\"627\" \/>\n\t<meta property=\"og:image:height\" content=\"600\" \/>\n\t<meta property=\"og:image:type\" content=\"image\/jpeg\" \/>\n<meta name=\"twitter:card\" content=\"summary_large_image\" \/>\n<meta name=\"twitter:label1\" content=\"Tempo di lettura stimato\" \/>\n\t<meta name=\"twitter:data1\" content=\"1 minuto\" \/>\n<script type=\"application\/ld+json\" class=\"yoast-schema-graph\">{\"@context\":\"https:\/\/schema.org\",\"@graph\":[{\"@type\":\"WebPage\",\"@id\":\"https:\/\/ilcrogiuolo.it\/it\/p\/anauel-messaggi-per-la-terra-di-chiara-tempra-gabbiati\/\",\"url\":\"https:\/\/ilcrogiuolo.it\/it\/p\/anauel-messaggi-per-la-terra-di-chiara-tempra-gabbiati\/\",\"name\":\"ANAUEL - MESSAGGI PER LA TERRA di Chiara Tempra Gabbiati - Il Crogiuolo\",\"isPartOf\":{\"@id\":\"https:\/\/ilcrogiuolo.it\/it\/#website\"},\"primaryImageOfPage\":{\"@id\":\"https:\/\/ilcrogiuolo.it\/it\/p\/anauel-messaggi-per-la-terra-di-chiara-tempra-gabbiati\/#primaryimage\"},\"image\":{\"@id\":\"https:\/\/ilcrogiuolo.it\/it\/p\/anauel-messaggi-per-la-terra-di-chiara-tempra-gabbiati\/#primaryimage\"},\"thumbnailUrl\":\"https:\/\/ilcrogiuolo.it\/wp-content\/uploads\/2020\/01\/anauelmessaggiperlaterrachiaratempragabbiatiregistriakascici_7659131.jpg\",\"datePublished\":\"2020-01-14T16:18:27+00:00\",\"dateModified\":\"2020-01-30T08:30:35+00:00\",\"description\":\"ANAUEL - MESSAGGI PER LA TERRA di Chiara Tempra Gabbiati L'Angelo ANAUEL ha dettato questo libro a Chiara in 9 giorni intitolandolo \\\"Messaggi per la Terra\\\", con l'intento di dare istruzioni per la salvezza del\",\"breadcrumb\":{\"@id\":\"https:\/\/ilcrogiuolo.it\/it\/p\/anauel-messaggi-per-la-terra-di-chiara-tempra-gabbiati\/#breadcrumb\"},\"inLanguage\":\"it-IT\",\"potentialAction\":[{\"@type\":\"ReadAction\",\"target\":[\"https:\/\/ilcrogiuolo.it\/it\/p\/anauel-messaggi-per-la-terra-di-chiara-tempra-gabbiati\/\"]}]},{\"@type\":\"ImageObject\",\"inLanguage\":\"it-IT\",\"@id\":\"https:\/\/ilcrogiuolo.it\/it\/p\/anauel-messaggi-per-la-terra-di-chiara-tempra-gabbiati\/#primaryimage\",\"url\":\"https:\/\/ilcrogiuolo.it\/wp-content\/uploads\/2020\/01\/anauelmessaggiperlaterrachiaratempragabbiatiregistriakascici_7659131.jpg\",\"contentUrl\":\"https:\/\/ilcrogiuolo.it\/wp-content\/uploads\/2020\/01\/anauelmessaggiperlaterrachiaratempragabbiatiregistriakascici_7659131.jpg\",\"width\":627,\"height\":600},{\"@type\":\"BreadcrumbList\",\"@id\":\"https:\/\/ilcrogiuolo.it\/it\/p\/anauel-messaggi-per-la-terra-di-chiara-tempra-gabbiati\/#breadcrumb\",\"itemListElement\":[{\"@type\":\"ListItem\",\"position\":1,\"name\":\"Home\",\"item\":\"https:\/\/ilcrogiuolo.it\/it\/\"},{\"@type\":\"ListItem\",\"position\":2,\"name\":\"Shop\",\"item\":\"https:\/\/ilcrogiuolo.it\/it\/negozio\/\"},{\"@type\":\"ListItem\",\"position\":3,\"name\":\"ANAUEL &#8211; MESSAGGI PER LA TERRA di Chiara Tempra Gabbiati\"}]},{\"@type\":\"WebSite\",\"@id\":\"https:\/\/ilcrogiuolo.it\/it\/#website\",\"url\":\"https:\/\/ilcrogiuolo.it\/it\/\",\"name\":\"Il Crogiuolo\",\"description\":\"\",\"publisher\":{\"@id\":\"https:\/\/ilcrogiuolo.it\/it\/#organization\"},\"potentialAction\":[{\"@type\":\"SearchAction\",\"target\":{\"@type\":\"EntryPoint\",\"urlTemplate\":\"https:\/\/ilcrogiuolo.it\/it\/?s={search_term_string}\"},\"query-input\":{\"@type\":\"PropertyValueSpecification\",\"valueRequired\":true,\"valueName\":\"search_term_string\"}}],\"inLanguage\":\"it-IT\"},{\"@type\":\"Organization\",\"@id\":\"https:\/\/ilcrogiuolo.it\/it\/#organization\",\"name\":\"Il Crogiuolo\",\"url\":\"https:\/\/ilcrogiuolo.it\/it\/\",\"logo\":{\"@type\":\"ImageObject\",\"inLanguage\":\"it-IT\",\"@id\":\"https:\/\/ilcrogiuolo.it\/it\/#\/schema\/logo\/image\/\",\"url\":\"https:\/\/ilcrogiuolo.it\/wp-content\/uploads\/2020\/04\/logo.png\",\"contentUrl\":\"https:\/\/ilcrogiuolo.it\/wp-content\/uploads\/2020\/04\/logo.png\",\"width\":200,\"height\":49,\"caption\":\"Il Crogiuolo\"},\"image\":{\"@id\":\"https:\/\/ilcrogiuolo.it\/it\/#\/schema\/logo\/image\/\"},\"sameAs\":[\"https:\/\/www.facebook.com\/Il-Crogiuolo-681876418491758\"]}]}<\/script>\n<!-- \/ Yoast SEO plugin. -->","yoast_head_json":{"title":"ANAUEL - MESSAGGI PER LA TERRA di Chiara Tempra Gabbiati - Il Crogiuolo","description":"ANAUEL - MESSAGGI PER LA TERRA di Chiara Tempra Gabbiati L'Angelo ANAUEL ha dettato questo libro a Chiara in 9 giorni intitolandolo \"Messaggi per la Terra\", con l'intento di dare istruzioni per la salvezza del","robots":{"index":"index","follow":"follow","max-snippet":"max-snippet:-1","max-image-preview":"max-image-preview:large","max-video-preview":"max-video-preview:-1"},"canonical":"https:\/\/ilcrogiuolo.it\/it\/p\/anauel-messaggi-per-la-terra-di-chiara-tempra-gabbiati\/","og_locale":"it_IT","og_type":"article","og_title":"ANAUEL - MESSAGGI PER LA TERRA di Chiara Tempra Gabbiati - Il Crogiuolo","og_description":"ANAUEL - MESSAGGI PER LA TERRA di Chiara Tempra Gabbiati L'Angelo ANAUEL ha dettato questo libro a Chiara in 9 giorni intitolandolo \"Messaggi per la Terra\", con l'intento di dare istruzioni per la salvezza del","og_url":"https:\/\/ilcrogiuolo.it\/it\/p\/anauel-messaggi-per-la-terra-di-chiara-tempra-gabbiati\/","og_site_name":"Il Crogiuolo","article_publisher":"https:\/\/www.facebook.com\/Il-Crogiuolo-681876418491758","article_modified_time":"2020-01-30T08:30:35+00:00","og_image":[{"width":627,"height":600,"url":"https:\/\/ilcrogiuolo.it\/wp-content\/uploads\/2020\/01\/anauelmessaggiperlaterrachiaratempragabbiatiregistriakascici_7659131.jpg","type":"image\/jpeg"}],"twitter_card":"summary_large_image","twitter_misc":{"Tempo di lettura stimato":"1 minuto"},"schema":{"@context":"https:\/\/schema.org","@graph":[{"@type":"WebPage","@id":"https:\/\/ilcrogiuolo.it\/it\/p\/anauel-messaggi-per-la-terra-di-chiara-tempra-gabbiati\/","url":"https:\/\/ilcrogiuolo.it\/it\/p\/anauel-messaggi-per-la-terra-di-chiara-tempra-gabbiati\/","name":"ANAUEL - MESSAGGI PER LA TERRA di Chiara Tempra Gabbiati - Il Crogiuolo","isPartOf":{"@id":"https:\/\/ilcrogiuolo.it\/it\/#website"},"primaryImageOfPage":{"@id":"https:\/\/ilcrogiuolo.it\/it\/p\/anauel-messaggi-per-la-terra-di-chiara-tempra-gabbiati\/#primaryimage"},"image":{"@id":"https:\/\/ilcrogiuolo.it\/it\/p\/anauel-messaggi-per-la-terra-di-chiara-tempra-gabbiati\/#primaryimage"},"thumbnailUrl":"https:\/\/ilcrogiuolo.it\/wp-content\/uploads\/2020\/01\/anauelmessaggiperlaterrachiaratempragabbiatiregistriakascici_7659131.jpg","datePublished":"2020-01-14T16:18:27+00:00","dateModified":"2020-01-30T08:30:35+00:00","description":"ANAUEL - MESSAGGI PER LA TERRA di Chiara Tempra Gabbiati L'Angelo ANAUEL ha dettato questo libro a Chiara in 9 giorni intitolandolo \"Messaggi per la Terra\", con l'intento di dare istruzioni per la salvezza del","breadcrumb":{"@id":"https:\/\/ilcrogiuolo.it\/it\/p\/anauel-messaggi-per-la-terra-di-chiara-tempra-gabbiati\/#breadcrumb"},"inLanguage":"it-IT","potentialAction":[{"@type":"ReadAction","target":["https:\/\/ilcrogiuolo.it\/it\/p\/anauel-messaggi-per-la-terra-di-chiara-tempra-gabbiati\/"]}]},{"@type":"ImageObject","inLanguage":"it-IT","@id":"https:\/\/ilcrogiuolo.it\/it\/p\/anauel-messaggi-per-la-terra-di-chiara-tempra-gabbiati\/#primaryimage","url":"https:\/\/ilcrogiuolo.it\/wp-content\/uploads\/2020\/01\/anauelmessaggiperlaterrachiaratempragabbiatiregistriakascici_7659131.jpg","contentUrl":"https:\/\/ilcrogiuolo.it\/wp-content\/uploads\/2020\/01\/anauelmessaggiperlaterrachiaratempragabbiatiregistriakascici_7659131.jpg","width":627,"height":600},{"@type":"BreadcrumbList","@id":"https:\/\/ilcrogiuolo.it\/it\/p\/anauel-messaggi-per-la-terra-di-chiara-tempra-gabbiati\/#breadcrumb","itemListElement":[{"@type":"ListItem","position":1,"name":"Home","item":"https:\/\/ilcrogiuolo.it\/it\/"},{"@type":"ListItem","position":2,"name":"Shop","item":"https:\/\/ilcrogiuolo.it\/it\/negozio\/"},{"@type":"ListItem","position":3,"name":"ANAUEL &#8211; MESSAGGI PER LA TERRA di Chiara Tempra Gabbiati"}]},{"@type":"WebSite","@id":"https:\/\/ilcrogiuolo.it\/it\/#website","url":"https:\/\/ilcrogiuolo.it\/it\/","name":"Il Crogiuolo","description":"","publisher":{"@id":"https:\/\/ilcrogiuolo.it\/it\/#organization"},"potentialAction":[{"@type":"SearchAction","target":{"@type":"EntryPoint","urlTemplate":"https:\/\/ilcrogiuolo.it\/it\/?s={search_term_string}"},"query-input":{"@type":"PropertyValueSpecification","valueRequired":true,"valueName":"search_term_string"}}],"inLanguage":"it-IT"},{"@type":"Organization","@id":"https:\/\/ilcrogiuolo.it\/it\/#organization","name":"Il Crogiuolo","url":"https:\/\/ilcrogiuolo.it\/it\/","logo":{"@type":"ImageObject","inLanguage":"it-IT","@id":"https:\/\/ilcrogiuolo.it\/it\/#\/schema\/logo\/image\/","url":"https:\/\/ilcrogiuolo.it\/wp-content\/uploads\/2020\/04\/logo.png","contentUrl":"https:\/\/ilcrogiuolo.it\/wp-content\/uploads\/2020\/04\/logo.png","width":200,"height":49,"caption":"Il Crogiuolo"},"image":{"@id":"https:\/\/ilcrogiuolo.it\/it\/#\/schema\/logo\/image\/"},"sameAs":["https:\/\/www.facebook.com\/Il-Crogiuolo-681876418491758"]}]}},"_links":{"self":[{"href":"https:\/\/ilcrogiuolo.it\/it\/wp-json\/wp\/v2\/product\/9026","targetHints":{"allow":["GET"]}}],"collection":[{"href":"https:\/\/ilcrogiuolo.it\/it\/wp-json\/wp\/v2\/product"}],"about":[{"href":"https:\/\/ilcrogiuolo.it\/it\/wp-json\/wp\/v2\/types\/product"}],"wp:featuredmedia":[{"embeddable":true,"href":"https:\/\/ilcrogiuolo.it\/it\/wp-json\/wp\/v2\/media\/9027"}],"wp:attachment":[{"href":"https:\/\/ilcrogiuolo.it\/it\/wp-json\/wp\/v2\/media?parent=9026"}],"wp:term":[{"taxonomy":"product_brand","embeddable":true,"href":"https:\/\/ilcrogiuolo.it\/it\/wp-json\/wp\/v2\/product_brand?post=9026"},{"taxonomy":"product_cat","embeddable":true,"href":"https:\/\/ilcrogiuolo.it\/it\/wp-json\/wp\/v2\/product_cat?post=9026"},{"taxonomy":"product_tag","embeddable":true,"href":"https:\/\/ilcrogiuolo.it\/it\/wp-json\/wp\/v2\/product_tag?post=9026"}],"curies":[{"name":"wp","href":"https:\/\/api.w.org\/{rel}","templated":true}]}}