{"id":8993,"date":"2020-01-14T17:18:21","date_gmt":"2020-01-14T16:18:21","guid":{"rendered":"https:\/\/ilcrogiuolo.it\/p\/specchi-libro-con-carte-in-omaggio\/"},"modified":"2022-01-10T14:48:38","modified_gmt":"2022-01-10T13:48:38","slug":"specchi-libro-con-carte-in-omaggio","status":"publish","type":"product","link":"https:\/\/ilcrogiuolo.it\/it\/p\/specchi-libro-con-carte-in-omaggio\/","title":{"rendered":"SPECCHI &#8211; libro con carte in omaggio"},"content":{"rendered":"<p>Avete mai pensato a quante sfaccettature ha il vostro carattere? Volete scoprire a quale divinit\u00e0 della Grecia antica assomigliate?<br \/>\nAttraverso gli Specchi potrete indagare la vostra personalit\u00e0 e incontrare un\u2019immagine inaspettata di voi stessi. Potrete percorrere, giocando, un cammino che dalle divinit\u00e0 classiche, attraverso i livelli dell\u2019Io, Super-Io e Es, porta a scoprire le carte che illustrano il vostro modo di essere.<br \/>\nDipinte ad arte da Mom\u00f2 Calascibetta, evocano figure archetipiche e le rendono moderne; potranno essere lo strumento per condividere con gli amici una riflessione su come appariamo a loro e loro a noi.<br \/>\nQuesto \u00e8 il modo pi\u00f9 semplice per introdurre un\u2019opera che raccoglie in s\u00e9 tre mondi, quello della psicologia, quello classico e quello dell\u2019arte moderna e che offre l\u2019occasione di riflettere sulla nostra personalit\u00e0 e su quegli aspetti del nostro carattere che altrimenti potrebbero rimanere inesplorati.<br \/>\nNon \u00e8 possibile definire facilmente noi stessi, n\u00e9 farlo definitivamente. La nostra personalit\u00e0 muta continuamente con le nostre esperienze, quando agiamo sul mondo, quando reagiamo a quello che accade intorno a noi, quando siamo soli o quando interagiamo con gli altri. Questi quattro momenti sono alcune delle tappe del percorso, che gli Specchi ci aiuteranno a compiere, lungo il quale incontreremo anche i nostri difetti ed impareremo a conoscere i livelli della nostra psiche.<br \/>\nUna parte di noi, infatti, ci spinge a seguire i nostri desideri e i nostri impulsi, mentre un\u2019altra ci ricorda le norme morali ed etiche imposte dal nostro ambiente culturale. Noi mediamo continuamente fra le loro opposte tensioni e, razionalmente, cerchiamo di realizzare noi stessi, per quanto l\u2019inaccessibile Inconscio ci suggestioni in modo profondo. Gli Specchi riflettono il fascino delle divinit\u00e0 classiche, facendone soggetti delle carte di Mom\u00f2 Calascibetta e incarnazioni di personalit\u00e0 diverse che, per chi vorr\u00e0 giocare secondo le regole indicate nel libro, si intrecceranno per delineare gli aspetti del nostro carattere.<br \/>\nLe sfumature dell\u2019indole degli dei sono attualizzate non soltanto dal meccanismo del gioco ma anche dalle immagini dell\u2019artista che \u00e8 conosciuto per la sua evidente originalit\u00e0 e per la sua capacit\u00e0 di osservare la societ\u00e0 moderna. Le scelte cromatiche di Mom\u00f2 e l&#8217;accostamento di alcuni elementi apparentemente tra loro lontani, stimolano l&#8217;introspezione e rendono accessibile il mistero che naturalmente deriva dall\u2019osservazione della natura del nostro intimo. L\u2019opera, cos\u00ec strutturata, fornisce nozioni documentate dei miti antichi e della psicanalisi. Le immagini delle carte sono non soltanto un\u2019effige di un archetipo, ma un dipinto d\u2019autore in miniatura e Il gioco illustrato nel libro, stimola la riflessione e fornisce una descrizione della nostra personalit\u00e0. Diventa uno strumento utile per riflettere su noi stessi in pi\u00f9 occasioni, scoprire come siamo mutati e condividere con i nostri amici l\u2019impressione reciproca del nostro modo di essere ed apparire.<br \/>\nGli autori vi invitano a specchiarvi in questa opera e a scoprire qualcosa di sorprendente.<\/p>\n<p>Prefazione. La Grecia classica e la psicologia si sono incontrate spesso, basti pensare\u00a0 aFreud e al complesso d\u2019Edipo, al riferimento alle divinit\u00e0 come modelli archetipici in Jung che, nel suo libro Tipi psicologici, ripercorrendo il camminodi personalit\u00e0 notevoli, impegnate nella de nizione del rapporto fral\u2019interiorit\u00e0 e il mondo, ricorda l\u2019opposizione, proposta da Nietzsche, tral\u2019Apollineo e il Dionisiaco. In particolare hanno ispirato il nostro lavoro due pubblicazioni di grandesuccesso negli anni \u201980, Goddesses in everywoman e Gods in everyman della psichiatra junghiana Jean Shinoda Bolen. Le carte, denominate Specchi, vogliono dare forma a questo procedimentogi\u00e0 conosciuto e associare, in un gioco, le divinit\u00e0 della Grecia antica agli aspetti della psiche. Le divinit\u00e0, illustrate da Mom\u00f2, ri ettono, infatti, particolari personalit\u00e0, le carte, a cui il gioco ci avr\u00e0 guidato, rispecchiano aspetti delnostro carattere mentre il gioco stesso permetter\u00e0 di ri ettere sul nostro modo di agire nel mondo e di confrontarci con gli altri. (Raff aella Marcaletti)<\/p>\n<p>Editore: Vangelista Editore<br \/>\nAutori: Raffaella Marcaletti &#8211; Mom\u00f2 Calascibetta<br \/>\nEdizione Bilingua: Italiano\/Inglese<\/p>\n<p>Anno Pubblicazione: 2015<br \/>\nNumero Pagine: 128<\/p>\n","protected":false},"excerpt":{"rendered":"<p>Avete mai pensato a quante sfaccettature ha il vostro carattere? Volete scoprire a quale divinit\u00e0 della Grecia antica assomigliate? Attraverso&#8230;<\/p>\n","protected":false},"featured_media":8994,"template":"","meta":{"_acf_changed":false},"product_brand":[],"product_cat":[1088,1062,1405],"product_tag":[],"class_list":{"0":"post-8993","1":"product","2":"type-product","3":"status-publish","4":"has-post-thumbnail","6":"product_cat-tarocchi-sibille-oracoli","7":"product_cat-divinazione","8":"product_cat-oracoli-e-carte-da-divinazione-lo-scarabeo","10":"first","11":"outofstock","12":"taxable","13":"shipping-taxable","14":"purchasable","15":"product-type-simple","16":"add-to-wishlist-before_image"},"acf":[],"yoast_head":"<!-- This site is optimized with the Yoast SEO plugin v26.9 - https:\/\/yoast.com\/product\/yoast-seo-wordpress\/ -->\n<title>SPECCHI - libro con carte in omaggio - Il Crogiuolo<\/title>\n<meta name=\"description\" content=\"SPECCHI - libro con carte in omaggio Avete mai pensato a quante sfaccettature ha il vostro carattere? Volete scoprire a quale divinit\u00e0 della Grecia antica assomigliate? Attraverso gli Specchi\" \/>\n<meta name=\"robots\" content=\"index, follow, max-snippet:-1, max-image-preview:large, max-video-preview:-1\" \/>\n<link rel=\"canonical\" href=\"https:\/\/ilcrogiuolo.it\/it\/p\/specchi-libro-con-carte-in-omaggio\/\" \/>\n<meta property=\"og:locale\" content=\"it_IT\" \/>\n<meta property=\"og:type\" content=\"article\" \/>\n<meta property=\"og:title\" content=\"SPECCHI - libro con carte in omaggio - Il Crogiuolo\" \/>\n<meta property=\"og:description\" content=\"SPECCHI - libro con carte in omaggio Avete mai pensato a quante sfaccettature ha il vostro carattere? Volete scoprire a quale divinit\u00e0 della Grecia antica assomigliate? Attraverso gli Specchi\" \/>\n<meta property=\"og:url\" content=\"https:\/\/ilcrogiuolo.it\/it\/p\/specchi-libro-con-carte-in-omaggio\/\" \/>\n<meta property=\"og:site_name\" content=\"Il Crogiuolo\" \/>\n<meta property=\"article:publisher\" content=\"https:\/\/www.facebook.com\/Il-Crogiuolo-681876418491758\" \/>\n<meta property=\"article:modified_time\" content=\"2022-01-10T13:48:38+00:00\" \/>\n<meta property=\"og:image\" content=\"https:\/\/ilcrogiuolo.it\/wp-content\/uploads\/2020\/01\/specchicartearchetipioracolo_4421910.jpg\" \/>\n\t<meta property=\"og:image:width\" content=\"627\" \/>\n\t<meta property=\"og:image:height\" content=\"600\" \/>\n\t<meta property=\"og:image:type\" content=\"image\/jpeg\" \/>\n<meta name=\"twitter:card\" content=\"summary_large_image\" \/>\n<meta name=\"twitter:label1\" content=\"Tempo di lettura stimato\" \/>\n\t<meta name=\"twitter:data1\" content=\"3 minuti\" \/>\n<script type=\"application\/ld+json\" class=\"yoast-schema-graph\">{\"@context\":\"https:\/\/schema.org\",\"@graph\":[{\"@type\":\"WebPage\",\"@id\":\"https:\/\/ilcrogiuolo.it\/it\/p\/specchi-libro-con-carte-in-omaggio\/\",\"url\":\"https:\/\/ilcrogiuolo.it\/it\/p\/specchi-libro-con-carte-in-omaggio\/\",\"name\":\"SPECCHI - libro con carte in omaggio - Il Crogiuolo\",\"isPartOf\":{\"@id\":\"https:\/\/ilcrogiuolo.it\/it\/#website\"},\"primaryImageOfPage\":{\"@id\":\"https:\/\/ilcrogiuolo.it\/it\/p\/specchi-libro-con-carte-in-omaggio\/#primaryimage\"},\"image\":{\"@id\":\"https:\/\/ilcrogiuolo.it\/it\/p\/specchi-libro-con-carte-in-omaggio\/#primaryimage\"},\"thumbnailUrl\":\"https:\/\/ilcrogiuolo.it\/wp-content\/uploads\/2020\/01\/specchicartearchetipioracolo_4421910.jpg\",\"datePublished\":\"2020-01-14T16:18:21+00:00\",\"dateModified\":\"2022-01-10T13:48:38+00:00\",\"description\":\"SPECCHI - libro con carte in omaggio Avete mai pensato a quante sfaccettature ha il vostro carattere? Volete scoprire a quale divinit\u00e0 della Grecia antica assomigliate? Attraverso gli Specchi\",\"breadcrumb\":{\"@id\":\"https:\/\/ilcrogiuolo.it\/it\/p\/specchi-libro-con-carte-in-omaggio\/#breadcrumb\"},\"inLanguage\":\"it-IT\",\"potentialAction\":[{\"@type\":\"ReadAction\",\"target\":[\"https:\/\/ilcrogiuolo.it\/it\/p\/specchi-libro-con-carte-in-omaggio\/\"]}]},{\"@type\":\"ImageObject\",\"inLanguage\":\"it-IT\",\"@id\":\"https:\/\/ilcrogiuolo.it\/it\/p\/specchi-libro-con-carte-in-omaggio\/#primaryimage\",\"url\":\"https:\/\/ilcrogiuolo.it\/wp-content\/uploads\/2020\/01\/specchicartearchetipioracolo_4421910.jpg\",\"contentUrl\":\"https:\/\/ilcrogiuolo.it\/wp-content\/uploads\/2020\/01\/specchicartearchetipioracolo_4421910.jpg\",\"width\":627,\"height\":600},{\"@type\":\"BreadcrumbList\",\"@id\":\"https:\/\/ilcrogiuolo.it\/it\/p\/specchi-libro-con-carte-in-omaggio\/#breadcrumb\",\"itemListElement\":[{\"@type\":\"ListItem\",\"position\":1,\"name\":\"Home\",\"item\":\"https:\/\/ilcrogiuolo.it\/it\/\"},{\"@type\":\"ListItem\",\"position\":2,\"name\":\"Shop\",\"item\":\"https:\/\/ilcrogiuolo.it\/it\/negozio\/\"},{\"@type\":\"ListItem\",\"position\":3,\"name\":\"SPECCHI &#8211; libro con carte in omaggio\"}]},{\"@type\":\"WebSite\",\"@id\":\"https:\/\/ilcrogiuolo.it\/it\/#website\",\"url\":\"https:\/\/ilcrogiuolo.it\/it\/\",\"name\":\"Il Crogiuolo\",\"description\":\"\",\"publisher\":{\"@id\":\"https:\/\/ilcrogiuolo.it\/it\/#organization\"},\"potentialAction\":[{\"@type\":\"SearchAction\",\"target\":{\"@type\":\"EntryPoint\",\"urlTemplate\":\"https:\/\/ilcrogiuolo.it\/it\/?s={search_term_string}\"},\"query-input\":{\"@type\":\"PropertyValueSpecification\",\"valueRequired\":true,\"valueName\":\"search_term_string\"}}],\"inLanguage\":\"it-IT\"},{\"@type\":\"Organization\",\"@id\":\"https:\/\/ilcrogiuolo.it\/it\/#organization\",\"name\":\"Il Crogiuolo\",\"url\":\"https:\/\/ilcrogiuolo.it\/it\/\",\"logo\":{\"@type\":\"ImageObject\",\"inLanguage\":\"it-IT\",\"@id\":\"https:\/\/ilcrogiuolo.it\/it\/#\/schema\/logo\/image\/\",\"url\":\"https:\/\/ilcrogiuolo.it\/wp-content\/uploads\/2020\/04\/logo.png\",\"contentUrl\":\"https:\/\/ilcrogiuolo.it\/wp-content\/uploads\/2020\/04\/logo.png\",\"width\":200,\"height\":49,\"caption\":\"Il Crogiuolo\"},\"image\":{\"@id\":\"https:\/\/ilcrogiuolo.it\/it\/#\/schema\/logo\/image\/\"},\"sameAs\":[\"https:\/\/www.facebook.com\/Il-Crogiuolo-681876418491758\"]}]}<\/script>\n<!-- \/ Yoast SEO plugin. -->","yoast_head_json":{"title":"SPECCHI - libro con carte in omaggio - Il Crogiuolo","description":"SPECCHI - libro con carte in omaggio Avete mai pensato a quante sfaccettature ha il vostro carattere? Volete scoprire a quale divinit\u00e0 della Grecia antica assomigliate? Attraverso gli Specchi","robots":{"index":"index","follow":"follow","max-snippet":"max-snippet:-1","max-image-preview":"max-image-preview:large","max-video-preview":"max-video-preview:-1"},"canonical":"https:\/\/ilcrogiuolo.it\/it\/p\/specchi-libro-con-carte-in-omaggio\/","og_locale":"it_IT","og_type":"article","og_title":"SPECCHI - libro con carte in omaggio - Il Crogiuolo","og_description":"SPECCHI - libro con carte in omaggio Avete mai pensato a quante sfaccettature ha il vostro carattere? Volete scoprire a quale divinit\u00e0 della Grecia antica assomigliate? Attraverso gli Specchi","og_url":"https:\/\/ilcrogiuolo.it\/it\/p\/specchi-libro-con-carte-in-omaggio\/","og_site_name":"Il Crogiuolo","article_publisher":"https:\/\/www.facebook.com\/Il-Crogiuolo-681876418491758","article_modified_time":"2022-01-10T13:48:38+00:00","og_image":[{"width":627,"height":600,"url":"https:\/\/ilcrogiuolo.it\/wp-content\/uploads\/2020\/01\/specchicartearchetipioracolo_4421910.jpg","type":"image\/jpeg"}],"twitter_card":"summary_large_image","twitter_misc":{"Tempo di lettura stimato":"3 minuti"},"schema":{"@context":"https:\/\/schema.org","@graph":[{"@type":"WebPage","@id":"https:\/\/ilcrogiuolo.it\/it\/p\/specchi-libro-con-carte-in-omaggio\/","url":"https:\/\/ilcrogiuolo.it\/it\/p\/specchi-libro-con-carte-in-omaggio\/","name":"SPECCHI - libro con carte in omaggio - Il Crogiuolo","isPartOf":{"@id":"https:\/\/ilcrogiuolo.it\/it\/#website"},"primaryImageOfPage":{"@id":"https:\/\/ilcrogiuolo.it\/it\/p\/specchi-libro-con-carte-in-omaggio\/#primaryimage"},"image":{"@id":"https:\/\/ilcrogiuolo.it\/it\/p\/specchi-libro-con-carte-in-omaggio\/#primaryimage"},"thumbnailUrl":"https:\/\/ilcrogiuolo.it\/wp-content\/uploads\/2020\/01\/specchicartearchetipioracolo_4421910.jpg","datePublished":"2020-01-14T16:18:21+00:00","dateModified":"2022-01-10T13:48:38+00:00","description":"SPECCHI - libro con carte in omaggio Avete mai pensato a quante sfaccettature ha il vostro carattere? Volete scoprire a quale divinit\u00e0 della Grecia antica assomigliate? Attraverso gli Specchi","breadcrumb":{"@id":"https:\/\/ilcrogiuolo.it\/it\/p\/specchi-libro-con-carte-in-omaggio\/#breadcrumb"},"inLanguage":"it-IT","potentialAction":[{"@type":"ReadAction","target":["https:\/\/ilcrogiuolo.it\/it\/p\/specchi-libro-con-carte-in-omaggio\/"]}]},{"@type":"ImageObject","inLanguage":"it-IT","@id":"https:\/\/ilcrogiuolo.it\/it\/p\/specchi-libro-con-carte-in-omaggio\/#primaryimage","url":"https:\/\/ilcrogiuolo.it\/wp-content\/uploads\/2020\/01\/specchicartearchetipioracolo_4421910.jpg","contentUrl":"https:\/\/ilcrogiuolo.it\/wp-content\/uploads\/2020\/01\/specchicartearchetipioracolo_4421910.jpg","width":627,"height":600},{"@type":"BreadcrumbList","@id":"https:\/\/ilcrogiuolo.it\/it\/p\/specchi-libro-con-carte-in-omaggio\/#breadcrumb","itemListElement":[{"@type":"ListItem","position":1,"name":"Home","item":"https:\/\/ilcrogiuolo.it\/it\/"},{"@type":"ListItem","position":2,"name":"Shop","item":"https:\/\/ilcrogiuolo.it\/it\/negozio\/"},{"@type":"ListItem","position":3,"name":"SPECCHI &#8211; libro con carte in omaggio"}]},{"@type":"WebSite","@id":"https:\/\/ilcrogiuolo.it\/it\/#website","url":"https:\/\/ilcrogiuolo.it\/it\/","name":"Il Crogiuolo","description":"","publisher":{"@id":"https:\/\/ilcrogiuolo.it\/it\/#organization"},"potentialAction":[{"@type":"SearchAction","target":{"@type":"EntryPoint","urlTemplate":"https:\/\/ilcrogiuolo.it\/it\/?s={search_term_string}"},"query-input":{"@type":"PropertyValueSpecification","valueRequired":true,"valueName":"search_term_string"}}],"inLanguage":"it-IT"},{"@type":"Organization","@id":"https:\/\/ilcrogiuolo.it\/it\/#organization","name":"Il Crogiuolo","url":"https:\/\/ilcrogiuolo.it\/it\/","logo":{"@type":"ImageObject","inLanguage":"it-IT","@id":"https:\/\/ilcrogiuolo.it\/it\/#\/schema\/logo\/image\/","url":"https:\/\/ilcrogiuolo.it\/wp-content\/uploads\/2020\/04\/logo.png","contentUrl":"https:\/\/ilcrogiuolo.it\/wp-content\/uploads\/2020\/04\/logo.png","width":200,"height":49,"caption":"Il Crogiuolo"},"image":{"@id":"https:\/\/ilcrogiuolo.it\/it\/#\/schema\/logo\/image\/"},"sameAs":["https:\/\/www.facebook.com\/Il-Crogiuolo-681876418491758"]}]}},"_links":{"self":[{"href":"https:\/\/ilcrogiuolo.it\/it\/wp-json\/wp\/v2\/product\/8993","targetHints":{"allow":["GET"]}}],"collection":[{"href":"https:\/\/ilcrogiuolo.it\/it\/wp-json\/wp\/v2\/product"}],"about":[{"href":"https:\/\/ilcrogiuolo.it\/it\/wp-json\/wp\/v2\/types\/product"}],"wp:featuredmedia":[{"embeddable":true,"href":"https:\/\/ilcrogiuolo.it\/it\/wp-json\/wp\/v2\/media\/8994"}],"wp:attachment":[{"href":"https:\/\/ilcrogiuolo.it\/it\/wp-json\/wp\/v2\/media?parent=8993"}],"wp:term":[{"taxonomy":"product_brand","embeddable":true,"href":"https:\/\/ilcrogiuolo.it\/it\/wp-json\/wp\/v2\/product_brand?post=8993"},{"taxonomy":"product_cat","embeddable":true,"href":"https:\/\/ilcrogiuolo.it\/it\/wp-json\/wp\/v2\/product_cat?post=8993"},{"taxonomy":"product_tag","embeddable":true,"href":"https:\/\/ilcrogiuolo.it\/it\/wp-json\/wp\/v2\/product_tag?post=8993"}],"curies":[{"name":"wp","href":"https:\/\/api.w.org\/{rel}","templated":true}]}}