{"id":8914,"date":"2020-01-14T17:18:15","date_gmt":"2020-01-14T16:18:15","guid":{"rendered":"https:\/\/ilcrogiuolo.it\/p\/rito-santantonio-in-piombo-grande\/"},"modified":"2024-10-16T15:41:12","modified_gmt":"2024-10-16T13:41:12","slug":"rito-santantonio-in-piombo-grande","status":"publish","type":"product","link":"https:\/\/ilcrogiuolo.it\/it\/p\/rito-santantonio-in-piombo-grande\/","title":{"rendered":"RITO SANT&#8217;ANTONIO IN PIOMBO (grande)"},"content":{"rendered":"<p>I Rituali sono tradotti fedelmente dalla tradizione a cui appartengono e al loro interno comprendono gli ingredienti tradizionali impiegati per realizzarli. Il Crogiuolo ve li propone come autentiche curiosit\u00e0 magiche, con gli ingredienti originali e le fedeli istruzioni. Questa pratica tradizionale, famosissima in tutta l&#8217;America Latina, viene per la prima volta divulgata nella sua interezzacon le orazioni originali ed il segreto della sua mironga, tramandata, fino ad oggi, solo oralmente. Si esegue per fare tornare un amante che si fosse allontanato, ma anche per creare un vero e proprio legame sentimentale. La particolarit\u00e0 di questa ritualistica sta nell&#8217;impiego di una statuina in piombo di sant&#8217;Antonio a cui si pu\u00f2 togliere il bambin Ges\u00f9 per spronare il santo padovano a concedere ci\u00f2 che viene chiesto.<\/p>\n<p>La statua in piombo in questo rituale \u00e8 di dimensioni grandi, permettendo a chi opera di inserire al suo interno altre polveri esoteriche per potenziare la pratica, tipo Regresa a Mi per i ritorni d&#8217;amore, Uniao per le unioni, Paz per un rapporto tranquillo etc..<\/p>\n","protected":false},"excerpt":{"rendered":"<p>I Rituali sono tradotti fedelmente dalla tradizione a cui appartengono e al loro interno comprendono gli ingredienti tradizionali impiegati per&#8230;<\/p>\n","protected":false},"featured_media":47859,"template":"","meta":{"_acf_changed":false},"product_brand":[],"product_cat":[1079,1059,1270],"product_tag":[],"class_list":{"0":"post-8914","1":"product","2":"type-product","3":"status-publish","4":"has-post-thumbnail","6":"product_cat-rituali-afrobrasiliani-santeria","7":"product_cat-articoli-esoterici","8":"product_cat-rituali-propiziatori-dunione","10":"first","11":"instock","12":"taxable","13":"shipping-taxable","14":"purchasable","15":"product-type-simple","16":"add-to-wishlist-before_image"},"acf":[],"yoast_head":"<!-- This site is optimized with the Yoast SEO plugin v26.9 - https:\/\/yoast.com\/product\/yoast-seo-wordpress\/ -->\n<title>RITO SANT&#039;ANTONIO IN PIOMBO (grande) - Il Crogiuolo<\/title>\n<meta name=\"description\" content=\"RITO SANT&#039;ANTONIO IN PIOMBO (grande) I Rituali sono tradotti fedelmente dalla tradizione a cui appartengono e al loro interno comprendono gli ingredienti tradizionali impiegati per\" \/>\n<meta name=\"robots\" content=\"index, follow, max-snippet:-1, max-image-preview:large, max-video-preview:-1\" \/>\n<link rel=\"canonical\" href=\"https:\/\/ilcrogiuolo.it\/it\/p\/rito-santantonio-in-piombo-grande\/\" \/>\n<meta property=\"og:locale\" content=\"it_IT\" \/>\n<meta property=\"og:type\" content=\"article\" \/>\n<meta property=\"og:title\" content=\"RITO SANT&#039;ANTONIO IN PIOMBO (grande) - Il Crogiuolo\" \/>\n<meta property=\"og:description\" content=\"RITO SANT&#039;ANTONIO IN PIOMBO (grande) I Rituali sono tradotti fedelmente dalla tradizione a cui appartengono e al loro interno comprendono gli ingredienti tradizionali impiegati per\" \/>\n<meta property=\"og:url\" content=\"https:\/\/ilcrogiuolo.it\/it\/p\/rito-santantonio-in-piombo-grande\/\" \/>\n<meta property=\"og:site_name\" content=\"Il Crogiuolo\" \/>\n<meta property=\"article:publisher\" content=\"https:\/\/www.facebook.com\/Il-Crogiuolo-681876418491758\" \/>\n<meta property=\"article:modified_time\" content=\"2024-10-16T13:41:12+00:00\" \/>\n<meta property=\"og:image\" content=\"https:\/\/ilcrogiuolo.it\/wp-content\/uploads\/2020\/01\/ANTONIO-DI-PIOMBO-1.png\" \/>\n\t<meta property=\"og:image:width\" content=\"1000\" \/>\n\t<meta property=\"og:image:height\" content=\"1000\" \/>\n\t<meta property=\"og:image:type\" content=\"image\/png\" \/>\n<meta name=\"twitter:card\" content=\"summary_large_image\" \/>\n<meta name=\"twitter:label1\" content=\"Tempo di lettura stimato\" \/>\n\t<meta name=\"twitter:data1\" content=\"2 minuti\" \/>\n<script type=\"application\/ld+json\" class=\"yoast-schema-graph\">{\"@context\":\"https:\/\/schema.org\",\"@graph\":[{\"@type\":\"WebPage\",\"@id\":\"https:\/\/ilcrogiuolo.it\/it\/p\/rito-santantonio-in-piombo-grande\/\",\"url\":\"https:\/\/ilcrogiuolo.it\/it\/p\/rito-santantonio-in-piombo-grande\/\",\"name\":\"RITO SANT'ANTONIO IN PIOMBO (grande) - Il Crogiuolo\",\"isPartOf\":{\"@id\":\"https:\/\/ilcrogiuolo.it\/it\/#website\"},\"primaryImageOfPage\":{\"@id\":\"https:\/\/ilcrogiuolo.it\/it\/p\/rito-santantonio-in-piombo-grande\/#primaryimage\"},\"image\":{\"@id\":\"https:\/\/ilcrogiuolo.it\/it\/p\/rito-santantonio-in-piombo-grande\/#primaryimage\"},\"thumbnailUrl\":\"https:\/\/ilcrogiuolo.it\/wp-content\/uploads\/2020\/01\/ANTONIO-DI-PIOMBO-1.png\",\"datePublished\":\"2020-01-14T16:18:15+00:00\",\"dateModified\":\"2024-10-16T13:41:12+00:00\",\"description\":\"RITO SANT'ANTONIO IN PIOMBO (grande) I Rituali sono tradotti fedelmente dalla tradizione a cui appartengono e al loro interno comprendono gli ingredienti tradizionali impiegati per\",\"breadcrumb\":{\"@id\":\"https:\/\/ilcrogiuolo.it\/it\/p\/rito-santantonio-in-piombo-grande\/#breadcrumb\"},\"inLanguage\":\"it-IT\",\"potentialAction\":[{\"@type\":\"ReadAction\",\"target\":[\"https:\/\/ilcrogiuolo.it\/it\/p\/rito-santantonio-in-piombo-grande\/\"]}]},{\"@type\":\"ImageObject\",\"inLanguage\":\"it-IT\",\"@id\":\"https:\/\/ilcrogiuolo.it\/it\/p\/rito-santantonio-in-piombo-grande\/#primaryimage\",\"url\":\"https:\/\/ilcrogiuolo.it\/wp-content\/uploads\/2020\/01\/ANTONIO-DI-PIOMBO-1.png\",\"contentUrl\":\"https:\/\/ilcrogiuolo.it\/wp-content\/uploads\/2020\/01\/ANTONIO-DI-PIOMBO-1.png\",\"width\":1000,\"height\":1000},{\"@type\":\"BreadcrumbList\",\"@id\":\"https:\/\/ilcrogiuolo.it\/it\/p\/rito-santantonio-in-piombo-grande\/#breadcrumb\",\"itemListElement\":[{\"@type\":\"ListItem\",\"position\":1,\"name\":\"Home\",\"item\":\"https:\/\/ilcrogiuolo.it\/it\/\"},{\"@type\":\"ListItem\",\"position\":2,\"name\":\"Shop\",\"item\":\"https:\/\/ilcrogiuolo.it\/it\/negozio\/\"},{\"@type\":\"ListItem\",\"position\":3,\"name\":\"RITO SANT&#8217;ANTONIO IN PIOMBO (grande)\"}]},{\"@type\":\"WebSite\",\"@id\":\"https:\/\/ilcrogiuolo.it\/it\/#website\",\"url\":\"https:\/\/ilcrogiuolo.it\/it\/\",\"name\":\"Il Crogiuolo\",\"description\":\"\",\"publisher\":{\"@id\":\"https:\/\/ilcrogiuolo.it\/it\/#organization\"},\"potentialAction\":[{\"@type\":\"SearchAction\",\"target\":{\"@type\":\"EntryPoint\",\"urlTemplate\":\"https:\/\/ilcrogiuolo.it\/it\/?s={search_term_string}\"},\"query-input\":{\"@type\":\"PropertyValueSpecification\",\"valueRequired\":true,\"valueName\":\"search_term_string\"}}],\"inLanguage\":\"it-IT\"},{\"@type\":\"Organization\",\"@id\":\"https:\/\/ilcrogiuolo.it\/it\/#organization\",\"name\":\"Il Crogiuolo\",\"url\":\"https:\/\/ilcrogiuolo.it\/it\/\",\"logo\":{\"@type\":\"ImageObject\",\"inLanguage\":\"it-IT\",\"@id\":\"https:\/\/ilcrogiuolo.it\/it\/#\/schema\/logo\/image\/\",\"url\":\"https:\/\/ilcrogiuolo.it\/wp-content\/uploads\/2020\/04\/logo.png\",\"contentUrl\":\"https:\/\/ilcrogiuolo.it\/wp-content\/uploads\/2020\/04\/logo.png\",\"width\":200,\"height\":49,\"caption\":\"Il Crogiuolo\"},\"image\":{\"@id\":\"https:\/\/ilcrogiuolo.it\/it\/#\/schema\/logo\/image\/\"},\"sameAs\":[\"https:\/\/www.facebook.com\/Il-Crogiuolo-681876418491758\"]}]}<\/script>\n<!-- \/ Yoast SEO plugin. -->","yoast_head_json":{"title":"RITO SANT'ANTONIO IN PIOMBO (grande) - Il Crogiuolo","description":"RITO SANT'ANTONIO IN PIOMBO (grande) I Rituali sono tradotti fedelmente dalla tradizione a cui appartengono e al loro interno comprendono gli ingredienti tradizionali impiegati per","robots":{"index":"index","follow":"follow","max-snippet":"max-snippet:-1","max-image-preview":"max-image-preview:large","max-video-preview":"max-video-preview:-1"},"canonical":"https:\/\/ilcrogiuolo.it\/it\/p\/rito-santantonio-in-piombo-grande\/","og_locale":"it_IT","og_type":"article","og_title":"RITO SANT'ANTONIO IN PIOMBO (grande) - Il Crogiuolo","og_description":"RITO SANT'ANTONIO IN PIOMBO (grande) I Rituali sono tradotti fedelmente dalla tradizione a cui appartengono e al loro interno comprendono gli ingredienti tradizionali impiegati per","og_url":"https:\/\/ilcrogiuolo.it\/it\/p\/rito-santantonio-in-piombo-grande\/","og_site_name":"Il Crogiuolo","article_publisher":"https:\/\/www.facebook.com\/Il-Crogiuolo-681876418491758","article_modified_time":"2024-10-16T13:41:12+00:00","og_image":[{"width":1000,"height":1000,"url":"https:\/\/ilcrogiuolo.it\/wp-content\/uploads\/2020\/01\/ANTONIO-DI-PIOMBO-1.png","type":"image\/png"}],"twitter_card":"summary_large_image","twitter_misc":{"Tempo di lettura stimato":"2 minuti"},"schema":{"@context":"https:\/\/schema.org","@graph":[{"@type":"WebPage","@id":"https:\/\/ilcrogiuolo.it\/it\/p\/rito-santantonio-in-piombo-grande\/","url":"https:\/\/ilcrogiuolo.it\/it\/p\/rito-santantonio-in-piombo-grande\/","name":"RITO SANT'ANTONIO IN PIOMBO (grande) - Il Crogiuolo","isPartOf":{"@id":"https:\/\/ilcrogiuolo.it\/it\/#website"},"primaryImageOfPage":{"@id":"https:\/\/ilcrogiuolo.it\/it\/p\/rito-santantonio-in-piombo-grande\/#primaryimage"},"image":{"@id":"https:\/\/ilcrogiuolo.it\/it\/p\/rito-santantonio-in-piombo-grande\/#primaryimage"},"thumbnailUrl":"https:\/\/ilcrogiuolo.it\/wp-content\/uploads\/2020\/01\/ANTONIO-DI-PIOMBO-1.png","datePublished":"2020-01-14T16:18:15+00:00","dateModified":"2024-10-16T13:41:12+00:00","description":"RITO SANT'ANTONIO IN PIOMBO (grande) I Rituali sono tradotti fedelmente dalla tradizione a cui appartengono e al loro interno comprendono gli ingredienti tradizionali impiegati per","breadcrumb":{"@id":"https:\/\/ilcrogiuolo.it\/it\/p\/rito-santantonio-in-piombo-grande\/#breadcrumb"},"inLanguage":"it-IT","potentialAction":[{"@type":"ReadAction","target":["https:\/\/ilcrogiuolo.it\/it\/p\/rito-santantonio-in-piombo-grande\/"]}]},{"@type":"ImageObject","inLanguage":"it-IT","@id":"https:\/\/ilcrogiuolo.it\/it\/p\/rito-santantonio-in-piombo-grande\/#primaryimage","url":"https:\/\/ilcrogiuolo.it\/wp-content\/uploads\/2020\/01\/ANTONIO-DI-PIOMBO-1.png","contentUrl":"https:\/\/ilcrogiuolo.it\/wp-content\/uploads\/2020\/01\/ANTONIO-DI-PIOMBO-1.png","width":1000,"height":1000},{"@type":"BreadcrumbList","@id":"https:\/\/ilcrogiuolo.it\/it\/p\/rito-santantonio-in-piombo-grande\/#breadcrumb","itemListElement":[{"@type":"ListItem","position":1,"name":"Home","item":"https:\/\/ilcrogiuolo.it\/it\/"},{"@type":"ListItem","position":2,"name":"Shop","item":"https:\/\/ilcrogiuolo.it\/it\/negozio\/"},{"@type":"ListItem","position":3,"name":"RITO SANT&#8217;ANTONIO IN PIOMBO (grande)"}]},{"@type":"WebSite","@id":"https:\/\/ilcrogiuolo.it\/it\/#website","url":"https:\/\/ilcrogiuolo.it\/it\/","name":"Il Crogiuolo","description":"","publisher":{"@id":"https:\/\/ilcrogiuolo.it\/it\/#organization"},"potentialAction":[{"@type":"SearchAction","target":{"@type":"EntryPoint","urlTemplate":"https:\/\/ilcrogiuolo.it\/it\/?s={search_term_string}"},"query-input":{"@type":"PropertyValueSpecification","valueRequired":true,"valueName":"search_term_string"}}],"inLanguage":"it-IT"},{"@type":"Organization","@id":"https:\/\/ilcrogiuolo.it\/it\/#organization","name":"Il Crogiuolo","url":"https:\/\/ilcrogiuolo.it\/it\/","logo":{"@type":"ImageObject","inLanguage":"it-IT","@id":"https:\/\/ilcrogiuolo.it\/it\/#\/schema\/logo\/image\/","url":"https:\/\/ilcrogiuolo.it\/wp-content\/uploads\/2020\/04\/logo.png","contentUrl":"https:\/\/ilcrogiuolo.it\/wp-content\/uploads\/2020\/04\/logo.png","width":200,"height":49,"caption":"Il Crogiuolo"},"image":{"@id":"https:\/\/ilcrogiuolo.it\/it\/#\/schema\/logo\/image\/"},"sameAs":["https:\/\/www.facebook.com\/Il-Crogiuolo-681876418491758"]}]}},"_links":{"self":[{"href":"https:\/\/ilcrogiuolo.it\/it\/wp-json\/wp\/v2\/product\/8914","targetHints":{"allow":["GET"]}}],"collection":[{"href":"https:\/\/ilcrogiuolo.it\/it\/wp-json\/wp\/v2\/product"}],"about":[{"href":"https:\/\/ilcrogiuolo.it\/it\/wp-json\/wp\/v2\/types\/product"}],"wp:featuredmedia":[{"embeddable":true,"href":"https:\/\/ilcrogiuolo.it\/it\/wp-json\/wp\/v2\/media\/47859"}],"wp:attachment":[{"href":"https:\/\/ilcrogiuolo.it\/it\/wp-json\/wp\/v2\/media?parent=8914"}],"wp:term":[{"taxonomy":"product_brand","embeddable":true,"href":"https:\/\/ilcrogiuolo.it\/it\/wp-json\/wp\/v2\/product_brand?post=8914"},{"taxonomy":"product_cat","embeddable":true,"href":"https:\/\/ilcrogiuolo.it\/it\/wp-json\/wp\/v2\/product_cat?post=8914"},{"taxonomy":"product_tag","embeddable":true,"href":"https:\/\/ilcrogiuolo.it\/it\/wp-json\/wp\/v2\/product_tag?post=8914"}],"curies":[{"name":"wp","href":"https:\/\/api.w.org\/{rel}","templated":true}]}}