{"id":8905,"date":"2020-01-14T17:18:09","date_gmt":"2020-01-14T16:18:09","guid":{"rendered":"https:\/\/ilcrogiuolo.it\/p\/agogo-in-metallo-cm-27\/"},"modified":"2023-12-04T12:28:01","modified_gmt":"2023-12-04T11:28:01","slug":"agogo-in-metallo-cm-27","status":"publish","type":"product","link":"https:\/\/ilcrogiuolo.it\/it\/p\/agogo-in-metallo-cm-27\/","title":{"rendered":"AGOGO  IN METALLO CM 27"},"content":{"rendered":"<p>Meraviglioso strumento musicale di origine africana (in yoruba agog\u00f2 significa campana), realizzato in ferro, impiegato per dare il tempo nella capoeira e soprattutto, a livello spirituale e religioso, nel candombl\u00e8, per dare il ritmo alle cantiche ed alle curimbas. Sacro all&#8217;Orix\u00e0 Ogum si impiega altres\u00ec per impetrare l&#8217;ax\u00e8 di questa entit\u00e0.<\/p>\n","protected":false},"excerpt":{"rendered":"<p>Meraviglioso strumento musicale di origine africana (in yoruba agog\u00f2 significa campana), realizzato in ferro, impiegato per dare il tempo nella&#8230;<\/p>\n","protected":false},"featured_media":8906,"template":"","meta":{"_acf_changed":false},"product_brand":[],"product_cat":[1086,1359,1063],"product_tag":[],"class_list":{"0":"post-8905","1":"product","2":"type-product","3":"status-publish","4":"has-post-thumbnail","6":"product_cat-articoli-di-fondamento","7":"product_cat-ferramentas","8":"product_cat-strumenti-rituali","10":"first","11":"outofstock","12":"taxable","13":"shipping-taxable","14":"purchasable","15":"product-type-simple","16":"add-to-wishlist-before_image"},"acf":[],"yoast_head":"<!-- This site is optimized with the Yoast SEO plugin v26.9 - https:\/\/yoast.com\/product\/yoast-seo-wordpress\/ -->\n<title>AGOGO IN METALLO CM 27 - Il Crogiuolo<\/title>\n<meta name=\"description\" content=\"AGOGO IN METALLO CM 27 Meraviglioso strumento musicale di origine africana (in yoruba agog\u00f2 significa campana), realizzato in ferro, impiegato per dare il tempo nella capoeira e\" \/>\n<meta name=\"robots\" content=\"index, follow, max-snippet:-1, max-image-preview:large, max-video-preview:-1\" \/>\n<link rel=\"canonical\" href=\"https:\/\/ilcrogiuolo.it\/it\/p\/agogo-in-metallo-cm-27\/\" \/>\n<meta property=\"og:locale\" content=\"it_IT\" \/>\n<meta property=\"og:type\" content=\"article\" \/>\n<meta property=\"og:title\" content=\"AGOGO IN METALLO CM 27 - Il Crogiuolo\" \/>\n<meta property=\"og:description\" content=\"AGOGO IN METALLO CM 27 Meraviglioso strumento musicale di origine africana (in yoruba agog\u00f2 significa campana), realizzato in ferro, impiegato per dare il tempo nella capoeira e\" \/>\n<meta property=\"og:url\" content=\"https:\/\/ilcrogiuolo.it\/it\/p\/agogo-in-metallo-cm-27\/\" \/>\n<meta property=\"og:site_name\" content=\"Il Crogiuolo\" \/>\n<meta property=\"article:publisher\" content=\"https:\/\/www.facebook.com\/Il-Crogiuolo-681876418491758\" \/>\n<meta property=\"article:modified_time\" content=\"2023-12-04T11:28:01+00:00\" \/>\n<meta property=\"og:image\" content=\"https:\/\/ilcrogiuolo.it\/wp-content\/uploads\/2020\/01\/agogo_8075525.jpg\" \/>\n\t<meta property=\"og:image:width\" content=\"627\" \/>\n\t<meta property=\"og:image:height\" content=\"600\" \/>\n\t<meta property=\"og:image:type\" content=\"image\/jpeg\" \/>\n<meta name=\"twitter:card\" content=\"summary_large_image\" \/>\n<meta name=\"twitter:label1\" content=\"Tempo di lettura stimato\" \/>\n\t<meta name=\"twitter:data1\" content=\"1 minuto\" \/>\n<script type=\"application\/ld+json\" class=\"yoast-schema-graph\">{\"@context\":\"https:\/\/schema.org\",\"@graph\":[{\"@type\":\"WebPage\",\"@id\":\"https:\/\/ilcrogiuolo.it\/it\/p\/agogo-in-metallo-cm-27\/\",\"url\":\"https:\/\/ilcrogiuolo.it\/it\/p\/agogo-in-metallo-cm-27\/\",\"name\":\"AGOGO IN METALLO CM 27 - Il Crogiuolo\",\"isPartOf\":{\"@id\":\"https:\/\/ilcrogiuolo.it\/it\/#website\"},\"primaryImageOfPage\":{\"@id\":\"https:\/\/ilcrogiuolo.it\/it\/p\/agogo-in-metallo-cm-27\/#primaryimage\"},\"image\":{\"@id\":\"https:\/\/ilcrogiuolo.it\/it\/p\/agogo-in-metallo-cm-27\/#primaryimage\"},\"thumbnailUrl\":\"https:\/\/ilcrogiuolo.it\/wp-content\/uploads\/2020\/01\/agogo_8075525.jpg\",\"datePublished\":\"2020-01-14T16:18:09+00:00\",\"dateModified\":\"2023-12-04T11:28:01+00:00\",\"description\":\"AGOGO IN METALLO CM 27 Meraviglioso strumento musicale di origine africana (in yoruba agog\u00f2 significa campana), realizzato in ferro, impiegato per dare il tempo nella capoeira e\",\"breadcrumb\":{\"@id\":\"https:\/\/ilcrogiuolo.it\/it\/p\/agogo-in-metallo-cm-27\/#breadcrumb\"},\"inLanguage\":\"it-IT\",\"potentialAction\":[{\"@type\":\"ReadAction\",\"target\":[\"https:\/\/ilcrogiuolo.it\/it\/p\/agogo-in-metallo-cm-27\/\"]}]},{\"@type\":\"ImageObject\",\"inLanguage\":\"it-IT\",\"@id\":\"https:\/\/ilcrogiuolo.it\/it\/p\/agogo-in-metallo-cm-27\/#primaryimage\",\"url\":\"https:\/\/ilcrogiuolo.it\/wp-content\/uploads\/2020\/01\/agogo_8075525.jpg\",\"contentUrl\":\"https:\/\/ilcrogiuolo.it\/wp-content\/uploads\/2020\/01\/agogo_8075525.jpg\",\"width\":627,\"height\":600},{\"@type\":\"BreadcrumbList\",\"@id\":\"https:\/\/ilcrogiuolo.it\/it\/p\/agogo-in-metallo-cm-27\/#breadcrumb\",\"itemListElement\":[{\"@type\":\"ListItem\",\"position\":1,\"name\":\"Home\",\"item\":\"https:\/\/ilcrogiuolo.it\/it\/\"},{\"@type\":\"ListItem\",\"position\":2,\"name\":\"Shop\",\"item\":\"https:\/\/ilcrogiuolo.it\/it\/negozio\/\"},{\"@type\":\"ListItem\",\"position\":3,\"name\":\"AGOGO IN METALLO CM 27\"}]},{\"@type\":\"WebSite\",\"@id\":\"https:\/\/ilcrogiuolo.it\/it\/#website\",\"url\":\"https:\/\/ilcrogiuolo.it\/it\/\",\"name\":\"Il Crogiuolo\",\"description\":\"\",\"publisher\":{\"@id\":\"https:\/\/ilcrogiuolo.it\/it\/#organization\"},\"potentialAction\":[{\"@type\":\"SearchAction\",\"target\":{\"@type\":\"EntryPoint\",\"urlTemplate\":\"https:\/\/ilcrogiuolo.it\/it\/?s={search_term_string}\"},\"query-input\":{\"@type\":\"PropertyValueSpecification\",\"valueRequired\":true,\"valueName\":\"search_term_string\"}}],\"inLanguage\":\"it-IT\"},{\"@type\":\"Organization\",\"@id\":\"https:\/\/ilcrogiuolo.it\/it\/#organization\",\"name\":\"Il Crogiuolo\",\"url\":\"https:\/\/ilcrogiuolo.it\/it\/\",\"logo\":{\"@type\":\"ImageObject\",\"inLanguage\":\"it-IT\",\"@id\":\"https:\/\/ilcrogiuolo.it\/it\/#\/schema\/logo\/image\/\",\"url\":\"https:\/\/ilcrogiuolo.it\/wp-content\/uploads\/2020\/04\/logo.png\",\"contentUrl\":\"https:\/\/ilcrogiuolo.it\/wp-content\/uploads\/2020\/04\/logo.png\",\"width\":200,\"height\":49,\"caption\":\"Il Crogiuolo\"},\"image\":{\"@id\":\"https:\/\/ilcrogiuolo.it\/it\/#\/schema\/logo\/image\/\"},\"sameAs\":[\"https:\/\/www.facebook.com\/Il-Crogiuolo-681876418491758\"]}]}<\/script>\n<!-- \/ Yoast SEO plugin. -->","yoast_head_json":{"title":"AGOGO IN METALLO CM 27 - Il Crogiuolo","description":"AGOGO IN METALLO CM 27 Meraviglioso strumento musicale di origine africana (in yoruba agog\u00f2 significa campana), realizzato in ferro, impiegato per dare il tempo nella capoeira e","robots":{"index":"index","follow":"follow","max-snippet":"max-snippet:-1","max-image-preview":"max-image-preview:large","max-video-preview":"max-video-preview:-1"},"canonical":"https:\/\/ilcrogiuolo.it\/it\/p\/agogo-in-metallo-cm-27\/","og_locale":"it_IT","og_type":"article","og_title":"AGOGO IN METALLO CM 27 - Il Crogiuolo","og_description":"AGOGO IN METALLO CM 27 Meraviglioso strumento musicale di origine africana (in yoruba agog\u00f2 significa campana), realizzato in ferro, impiegato per dare il tempo nella capoeira e","og_url":"https:\/\/ilcrogiuolo.it\/it\/p\/agogo-in-metallo-cm-27\/","og_site_name":"Il Crogiuolo","article_publisher":"https:\/\/www.facebook.com\/Il-Crogiuolo-681876418491758","article_modified_time":"2023-12-04T11:28:01+00:00","og_image":[{"width":627,"height":600,"url":"https:\/\/ilcrogiuolo.it\/wp-content\/uploads\/2020\/01\/agogo_8075525.jpg","type":"image\/jpeg"}],"twitter_card":"summary_large_image","twitter_misc":{"Tempo di lettura stimato":"1 minuto"},"schema":{"@context":"https:\/\/schema.org","@graph":[{"@type":"WebPage","@id":"https:\/\/ilcrogiuolo.it\/it\/p\/agogo-in-metallo-cm-27\/","url":"https:\/\/ilcrogiuolo.it\/it\/p\/agogo-in-metallo-cm-27\/","name":"AGOGO IN METALLO CM 27 - Il Crogiuolo","isPartOf":{"@id":"https:\/\/ilcrogiuolo.it\/it\/#website"},"primaryImageOfPage":{"@id":"https:\/\/ilcrogiuolo.it\/it\/p\/agogo-in-metallo-cm-27\/#primaryimage"},"image":{"@id":"https:\/\/ilcrogiuolo.it\/it\/p\/agogo-in-metallo-cm-27\/#primaryimage"},"thumbnailUrl":"https:\/\/ilcrogiuolo.it\/wp-content\/uploads\/2020\/01\/agogo_8075525.jpg","datePublished":"2020-01-14T16:18:09+00:00","dateModified":"2023-12-04T11:28:01+00:00","description":"AGOGO IN METALLO CM 27 Meraviglioso strumento musicale di origine africana (in yoruba agog\u00f2 significa campana), realizzato in ferro, impiegato per dare il tempo nella capoeira e","breadcrumb":{"@id":"https:\/\/ilcrogiuolo.it\/it\/p\/agogo-in-metallo-cm-27\/#breadcrumb"},"inLanguage":"it-IT","potentialAction":[{"@type":"ReadAction","target":["https:\/\/ilcrogiuolo.it\/it\/p\/agogo-in-metallo-cm-27\/"]}]},{"@type":"ImageObject","inLanguage":"it-IT","@id":"https:\/\/ilcrogiuolo.it\/it\/p\/agogo-in-metallo-cm-27\/#primaryimage","url":"https:\/\/ilcrogiuolo.it\/wp-content\/uploads\/2020\/01\/agogo_8075525.jpg","contentUrl":"https:\/\/ilcrogiuolo.it\/wp-content\/uploads\/2020\/01\/agogo_8075525.jpg","width":627,"height":600},{"@type":"BreadcrumbList","@id":"https:\/\/ilcrogiuolo.it\/it\/p\/agogo-in-metallo-cm-27\/#breadcrumb","itemListElement":[{"@type":"ListItem","position":1,"name":"Home","item":"https:\/\/ilcrogiuolo.it\/it\/"},{"@type":"ListItem","position":2,"name":"Shop","item":"https:\/\/ilcrogiuolo.it\/it\/negozio\/"},{"@type":"ListItem","position":3,"name":"AGOGO IN METALLO CM 27"}]},{"@type":"WebSite","@id":"https:\/\/ilcrogiuolo.it\/it\/#website","url":"https:\/\/ilcrogiuolo.it\/it\/","name":"Il Crogiuolo","description":"","publisher":{"@id":"https:\/\/ilcrogiuolo.it\/it\/#organization"},"potentialAction":[{"@type":"SearchAction","target":{"@type":"EntryPoint","urlTemplate":"https:\/\/ilcrogiuolo.it\/it\/?s={search_term_string}"},"query-input":{"@type":"PropertyValueSpecification","valueRequired":true,"valueName":"search_term_string"}}],"inLanguage":"it-IT"},{"@type":"Organization","@id":"https:\/\/ilcrogiuolo.it\/it\/#organization","name":"Il Crogiuolo","url":"https:\/\/ilcrogiuolo.it\/it\/","logo":{"@type":"ImageObject","inLanguage":"it-IT","@id":"https:\/\/ilcrogiuolo.it\/it\/#\/schema\/logo\/image\/","url":"https:\/\/ilcrogiuolo.it\/wp-content\/uploads\/2020\/04\/logo.png","contentUrl":"https:\/\/ilcrogiuolo.it\/wp-content\/uploads\/2020\/04\/logo.png","width":200,"height":49,"caption":"Il Crogiuolo"},"image":{"@id":"https:\/\/ilcrogiuolo.it\/it\/#\/schema\/logo\/image\/"},"sameAs":["https:\/\/www.facebook.com\/Il-Crogiuolo-681876418491758"]}]}},"_links":{"self":[{"href":"https:\/\/ilcrogiuolo.it\/it\/wp-json\/wp\/v2\/product\/8905","targetHints":{"allow":["GET"]}}],"collection":[{"href":"https:\/\/ilcrogiuolo.it\/it\/wp-json\/wp\/v2\/product"}],"about":[{"href":"https:\/\/ilcrogiuolo.it\/it\/wp-json\/wp\/v2\/types\/product"}],"wp:featuredmedia":[{"embeddable":true,"href":"https:\/\/ilcrogiuolo.it\/it\/wp-json\/wp\/v2\/media\/8906"}],"wp:attachment":[{"href":"https:\/\/ilcrogiuolo.it\/it\/wp-json\/wp\/v2\/media?parent=8905"}],"wp:term":[{"taxonomy":"product_brand","embeddable":true,"href":"https:\/\/ilcrogiuolo.it\/it\/wp-json\/wp\/v2\/product_brand?post=8905"},{"taxonomy":"product_cat","embeddable":true,"href":"https:\/\/ilcrogiuolo.it\/it\/wp-json\/wp\/v2\/product_cat?post=8905"},{"taxonomy":"product_tag","embeddable":true,"href":"https:\/\/ilcrogiuolo.it\/it\/wp-json\/wp\/v2\/product_tag?post=8905"}],"curies":[{"name":"wp","href":"https:\/\/api.w.org\/{rel}","templated":true}]}}