{"id":8878,"date":"2020-01-14T17:18:09","date_gmt":"2020-01-14T16:18:09","guid":{"rendered":"https:\/\/ilcrogiuolo.it\/p\/jabon-llama-plata-attira-denaro\/"},"modified":"2020-12-10T15:39:25","modified_gmt":"2020-12-10T14:39:25","slug":"jabon-llama-plata-attira-denaro","status":"publish","type":"product","link":"https:\/\/ilcrogiuolo.it\/it\/p\/jabon-llama-plata-attira-denaro\/","title":{"rendered":"JABON LLAMA PLATA &#8211; ATTIRA DENARO"},"content":{"rendered":"<p>Il Sapone Llama Plata \u00e8 una ricetta originale composta da estratti ed essenze che tradizionalmente attirano denaro, prosperit\u00e0, abbondanza e riuscita. Il suo aroma delicato e la sua formulazione a base di glicerina lo rendono un eccellente prodotto di cosmetica che coniuga magia ed alta qualit\u00e0. Ogni sapone \u00e8 accompagnato da un piccolo talismano che pu\u00f2 essere tenuto nel portafoglio durante il suo impiego.<\/p>\n","protected":false},"excerpt":{"rendered":"<p>Il Sapone Llama Plata \u00e8 una ricetta originale composta da estratti ed essenze che tradizionalmente attirano denaro, prosperit\u00e0, abbondanza e&#8230;<\/p>\n","protected":false},"featured_media":8879,"template":"","meta":{"_acf_changed":false},"product_brand":[],"product_cat":[1078,1059,1415],"product_tag":[],"class_list":{"0":"post-8878","1":"product","2":"type-product","3":"status-publish","4":"has-post-thumbnail","6":"product_cat-prodotti-esoterici-voodoo-vodun-vudu-santeria","7":"product_cat-articoli-esoterici","8":"product_cat-saponi-voodoo-santeria","10":"first","11":"outofstock","12":"taxable","13":"shipping-taxable","14":"purchasable","15":"product-type-simple","16":"add-to-wishlist-before_image"},"acf":[],"yoast_head":"<!-- This site is optimized with the Yoast SEO plugin v26.9 - https:\/\/yoast.com\/product\/yoast-seo-wordpress\/ -->\n<title>JABON LLAMA PLATA - ATTIRA DENARO - Il Crogiuolo<\/title>\n<meta name=\"description\" content=\"JABON LLAMA PLATA - ATTIRA DENARO Il Sapone Llama Plata \u00e8 una ricetta originale composta da estratti ed essenze che tradizionalmente attirano denaro, prosperit\u00e0, abbondanza e riuscita. Il\" \/>\n<meta name=\"robots\" content=\"index, follow, max-snippet:-1, max-image-preview:large, max-video-preview:-1\" \/>\n<link rel=\"canonical\" href=\"https:\/\/ilcrogiuolo.it\/it\/p\/jabon-llama-plata-attira-denaro\/\" \/>\n<meta property=\"og:locale\" content=\"it_IT\" \/>\n<meta property=\"og:type\" content=\"article\" \/>\n<meta property=\"og:title\" content=\"JABON LLAMA PLATA - ATTIRA DENARO - Il Crogiuolo\" \/>\n<meta property=\"og:description\" content=\"JABON LLAMA PLATA - ATTIRA DENARO Il Sapone Llama Plata \u00e8 una ricetta originale composta da estratti ed essenze che tradizionalmente attirano denaro, prosperit\u00e0, abbondanza e riuscita. Il\" \/>\n<meta property=\"og:url\" content=\"https:\/\/ilcrogiuolo.it\/it\/p\/jabon-llama-plata-attira-denaro\/\" \/>\n<meta property=\"og:site_name\" content=\"Il Crogiuolo\" \/>\n<meta property=\"article:publisher\" content=\"https:\/\/www.facebook.com\/Il-Crogiuolo-681876418491758\" \/>\n<meta property=\"article:modified_time\" content=\"2020-12-10T14:39:25+00:00\" \/>\n<meta property=\"og:image\" content=\"https:\/\/ilcrogiuolo.it\/wp-content\/uploads\/2020\/01\/llamaplatasaponejabondenarodinerosoldi_8481077.jpg\" \/>\n\t<meta property=\"og:image:width\" content=\"627\" \/>\n\t<meta property=\"og:image:height\" content=\"600\" \/>\n\t<meta property=\"og:image:type\" content=\"image\/jpeg\" \/>\n<meta name=\"twitter:card\" content=\"summary_large_image\" \/>\n<script type=\"application\/ld+json\" class=\"yoast-schema-graph\">{\"@context\":\"https:\/\/schema.org\",\"@graph\":[{\"@type\":\"WebPage\",\"@id\":\"https:\/\/ilcrogiuolo.it\/it\/p\/jabon-llama-plata-attira-denaro\/\",\"url\":\"https:\/\/ilcrogiuolo.it\/it\/p\/jabon-llama-plata-attira-denaro\/\",\"name\":\"JABON LLAMA PLATA - ATTIRA DENARO - Il Crogiuolo\",\"isPartOf\":{\"@id\":\"https:\/\/ilcrogiuolo.it\/it\/#website\"},\"primaryImageOfPage\":{\"@id\":\"https:\/\/ilcrogiuolo.it\/it\/p\/jabon-llama-plata-attira-denaro\/#primaryimage\"},\"image\":{\"@id\":\"https:\/\/ilcrogiuolo.it\/it\/p\/jabon-llama-plata-attira-denaro\/#primaryimage\"},\"thumbnailUrl\":\"https:\/\/ilcrogiuolo.it\/wp-content\/uploads\/2020\/01\/llamaplatasaponejabondenarodinerosoldi_8481077.jpg\",\"datePublished\":\"2020-01-14T16:18:09+00:00\",\"dateModified\":\"2020-12-10T14:39:25+00:00\",\"description\":\"JABON LLAMA PLATA - ATTIRA DENARO Il Sapone Llama Plata \u00e8 una ricetta originale composta da estratti ed essenze che tradizionalmente attirano denaro, prosperit\u00e0, abbondanza e riuscita. Il\",\"breadcrumb\":{\"@id\":\"https:\/\/ilcrogiuolo.it\/it\/p\/jabon-llama-plata-attira-denaro\/#breadcrumb\"},\"inLanguage\":\"it-IT\",\"potentialAction\":[{\"@type\":\"ReadAction\",\"target\":[\"https:\/\/ilcrogiuolo.it\/it\/p\/jabon-llama-plata-attira-denaro\/\"]}]},{\"@type\":\"ImageObject\",\"inLanguage\":\"it-IT\",\"@id\":\"https:\/\/ilcrogiuolo.it\/it\/p\/jabon-llama-plata-attira-denaro\/#primaryimage\",\"url\":\"https:\/\/ilcrogiuolo.it\/wp-content\/uploads\/2020\/01\/llamaplatasaponejabondenarodinerosoldi_8481077.jpg\",\"contentUrl\":\"https:\/\/ilcrogiuolo.it\/wp-content\/uploads\/2020\/01\/llamaplatasaponejabondenarodinerosoldi_8481077.jpg\",\"width\":627,\"height\":600},{\"@type\":\"BreadcrumbList\",\"@id\":\"https:\/\/ilcrogiuolo.it\/it\/p\/jabon-llama-plata-attira-denaro\/#breadcrumb\",\"itemListElement\":[{\"@type\":\"ListItem\",\"position\":1,\"name\":\"Home\",\"item\":\"https:\/\/ilcrogiuolo.it\/it\/\"},{\"@type\":\"ListItem\",\"position\":2,\"name\":\"Shop\",\"item\":\"https:\/\/ilcrogiuolo.it\/it\/negozio\/\"},{\"@type\":\"ListItem\",\"position\":3,\"name\":\"JABON LLAMA PLATA &#8211; ATTIRA DENARO\"}]},{\"@type\":\"WebSite\",\"@id\":\"https:\/\/ilcrogiuolo.it\/it\/#website\",\"url\":\"https:\/\/ilcrogiuolo.it\/it\/\",\"name\":\"Il Crogiuolo\",\"description\":\"\",\"publisher\":{\"@id\":\"https:\/\/ilcrogiuolo.it\/it\/#organization\"},\"potentialAction\":[{\"@type\":\"SearchAction\",\"target\":{\"@type\":\"EntryPoint\",\"urlTemplate\":\"https:\/\/ilcrogiuolo.it\/it\/?s={search_term_string}\"},\"query-input\":{\"@type\":\"PropertyValueSpecification\",\"valueRequired\":true,\"valueName\":\"search_term_string\"}}],\"inLanguage\":\"it-IT\"},{\"@type\":\"Organization\",\"@id\":\"https:\/\/ilcrogiuolo.it\/it\/#organization\",\"name\":\"Il Crogiuolo\",\"url\":\"https:\/\/ilcrogiuolo.it\/it\/\",\"logo\":{\"@type\":\"ImageObject\",\"inLanguage\":\"it-IT\",\"@id\":\"https:\/\/ilcrogiuolo.it\/it\/#\/schema\/logo\/image\/\",\"url\":\"https:\/\/ilcrogiuolo.it\/wp-content\/uploads\/2020\/04\/logo.png\",\"contentUrl\":\"https:\/\/ilcrogiuolo.it\/wp-content\/uploads\/2020\/04\/logo.png\",\"width\":200,\"height\":49,\"caption\":\"Il Crogiuolo\"},\"image\":{\"@id\":\"https:\/\/ilcrogiuolo.it\/it\/#\/schema\/logo\/image\/\"},\"sameAs\":[\"https:\/\/www.facebook.com\/Il-Crogiuolo-681876418491758\"]}]}<\/script>\n<!-- \/ Yoast SEO plugin. -->","yoast_head_json":{"title":"JABON LLAMA PLATA - ATTIRA DENARO - Il Crogiuolo","description":"JABON LLAMA PLATA - ATTIRA DENARO Il Sapone Llama Plata \u00e8 una ricetta originale composta da estratti ed essenze che tradizionalmente attirano denaro, prosperit\u00e0, abbondanza e riuscita. Il","robots":{"index":"index","follow":"follow","max-snippet":"max-snippet:-1","max-image-preview":"max-image-preview:large","max-video-preview":"max-video-preview:-1"},"canonical":"https:\/\/ilcrogiuolo.it\/it\/p\/jabon-llama-plata-attira-denaro\/","og_locale":"it_IT","og_type":"article","og_title":"JABON LLAMA PLATA - ATTIRA DENARO - Il Crogiuolo","og_description":"JABON LLAMA PLATA - ATTIRA DENARO Il Sapone Llama Plata \u00e8 una ricetta originale composta da estratti ed essenze che tradizionalmente attirano denaro, prosperit\u00e0, abbondanza e riuscita. Il","og_url":"https:\/\/ilcrogiuolo.it\/it\/p\/jabon-llama-plata-attira-denaro\/","og_site_name":"Il Crogiuolo","article_publisher":"https:\/\/www.facebook.com\/Il-Crogiuolo-681876418491758","article_modified_time":"2020-12-10T14:39:25+00:00","og_image":[{"width":627,"height":600,"url":"https:\/\/ilcrogiuolo.it\/wp-content\/uploads\/2020\/01\/llamaplatasaponejabondenarodinerosoldi_8481077.jpg","type":"image\/jpeg"}],"twitter_card":"summary_large_image","schema":{"@context":"https:\/\/schema.org","@graph":[{"@type":"WebPage","@id":"https:\/\/ilcrogiuolo.it\/it\/p\/jabon-llama-plata-attira-denaro\/","url":"https:\/\/ilcrogiuolo.it\/it\/p\/jabon-llama-plata-attira-denaro\/","name":"JABON LLAMA PLATA - ATTIRA DENARO - Il Crogiuolo","isPartOf":{"@id":"https:\/\/ilcrogiuolo.it\/it\/#website"},"primaryImageOfPage":{"@id":"https:\/\/ilcrogiuolo.it\/it\/p\/jabon-llama-plata-attira-denaro\/#primaryimage"},"image":{"@id":"https:\/\/ilcrogiuolo.it\/it\/p\/jabon-llama-plata-attira-denaro\/#primaryimage"},"thumbnailUrl":"https:\/\/ilcrogiuolo.it\/wp-content\/uploads\/2020\/01\/llamaplatasaponejabondenarodinerosoldi_8481077.jpg","datePublished":"2020-01-14T16:18:09+00:00","dateModified":"2020-12-10T14:39:25+00:00","description":"JABON LLAMA PLATA - ATTIRA DENARO Il Sapone Llama Plata \u00e8 una ricetta originale composta da estratti ed essenze che tradizionalmente attirano denaro, prosperit\u00e0, abbondanza e riuscita. Il","breadcrumb":{"@id":"https:\/\/ilcrogiuolo.it\/it\/p\/jabon-llama-plata-attira-denaro\/#breadcrumb"},"inLanguage":"it-IT","potentialAction":[{"@type":"ReadAction","target":["https:\/\/ilcrogiuolo.it\/it\/p\/jabon-llama-plata-attira-denaro\/"]}]},{"@type":"ImageObject","inLanguage":"it-IT","@id":"https:\/\/ilcrogiuolo.it\/it\/p\/jabon-llama-plata-attira-denaro\/#primaryimage","url":"https:\/\/ilcrogiuolo.it\/wp-content\/uploads\/2020\/01\/llamaplatasaponejabondenarodinerosoldi_8481077.jpg","contentUrl":"https:\/\/ilcrogiuolo.it\/wp-content\/uploads\/2020\/01\/llamaplatasaponejabondenarodinerosoldi_8481077.jpg","width":627,"height":600},{"@type":"BreadcrumbList","@id":"https:\/\/ilcrogiuolo.it\/it\/p\/jabon-llama-plata-attira-denaro\/#breadcrumb","itemListElement":[{"@type":"ListItem","position":1,"name":"Home","item":"https:\/\/ilcrogiuolo.it\/it\/"},{"@type":"ListItem","position":2,"name":"Shop","item":"https:\/\/ilcrogiuolo.it\/it\/negozio\/"},{"@type":"ListItem","position":3,"name":"JABON LLAMA PLATA &#8211; ATTIRA DENARO"}]},{"@type":"WebSite","@id":"https:\/\/ilcrogiuolo.it\/it\/#website","url":"https:\/\/ilcrogiuolo.it\/it\/","name":"Il Crogiuolo","description":"","publisher":{"@id":"https:\/\/ilcrogiuolo.it\/it\/#organization"},"potentialAction":[{"@type":"SearchAction","target":{"@type":"EntryPoint","urlTemplate":"https:\/\/ilcrogiuolo.it\/it\/?s={search_term_string}"},"query-input":{"@type":"PropertyValueSpecification","valueRequired":true,"valueName":"search_term_string"}}],"inLanguage":"it-IT"},{"@type":"Organization","@id":"https:\/\/ilcrogiuolo.it\/it\/#organization","name":"Il Crogiuolo","url":"https:\/\/ilcrogiuolo.it\/it\/","logo":{"@type":"ImageObject","inLanguage":"it-IT","@id":"https:\/\/ilcrogiuolo.it\/it\/#\/schema\/logo\/image\/","url":"https:\/\/ilcrogiuolo.it\/wp-content\/uploads\/2020\/04\/logo.png","contentUrl":"https:\/\/ilcrogiuolo.it\/wp-content\/uploads\/2020\/04\/logo.png","width":200,"height":49,"caption":"Il Crogiuolo"},"image":{"@id":"https:\/\/ilcrogiuolo.it\/it\/#\/schema\/logo\/image\/"},"sameAs":["https:\/\/www.facebook.com\/Il-Crogiuolo-681876418491758"]}]}},"_links":{"self":[{"href":"https:\/\/ilcrogiuolo.it\/it\/wp-json\/wp\/v2\/product\/8878","targetHints":{"allow":["GET"]}}],"collection":[{"href":"https:\/\/ilcrogiuolo.it\/it\/wp-json\/wp\/v2\/product"}],"about":[{"href":"https:\/\/ilcrogiuolo.it\/it\/wp-json\/wp\/v2\/types\/product"}],"wp:featuredmedia":[{"embeddable":true,"href":"https:\/\/ilcrogiuolo.it\/it\/wp-json\/wp\/v2\/media\/8879"}],"wp:attachment":[{"href":"https:\/\/ilcrogiuolo.it\/it\/wp-json\/wp\/v2\/media?parent=8878"}],"wp:term":[{"taxonomy":"product_brand","embeddable":true,"href":"https:\/\/ilcrogiuolo.it\/it\/wp-json\/wp\/v2\/product_brand?post=8878"},{"taxonomy":"product_cat","embeddable":true,"href":"https:\/\/ilcrogiuolo.it\/it\/wp-json\/wp\/v2\/product_cat?post=8878"},{"taxonomy":"product_tag","embeddable":true,"href":"https:\/\/ilcrogiuolo.it\/it\/wp-json\/wp\/v2\/product_tag?post=8878"}],"curies":[{"name":"wp","href":"https:\/\/api.w.org\/{rel}","templated":true}]}}