{"id":887,"date":"2020-01-14T17:02:22","date_gmt":"2020-01-14T16:02:22","guid":{"rendered":"https:\/\/ilcrogiuolo.it\/p\/oxum-cm-18-color-giallo\/"},"modified":"2021-12-13T16:41:39","modified_gmt":"2021-12-13T15:41:39","slug":"oxum-cm-18-color-giallo","status":"publish","type":"product","link":"https:\/\/ilcrogiuolo.it\/it\/p\/oxum-cm-18-color-giallo\/","title":{"rendered":"OXUM &#8211; Cm 18 &#8211; Color Giallo"},"content":{"rendered":"<p>La bella e dolce Signora delle acque dolci \u00e8 il simbolo della ricchezza, dell\u2019abbondanza, della bellezza. La si invoca tradizionalmente prima di iniziare qualsiasi attivit\u00e0 per chiamare la buona sorte. Rende, secondo quello che si tramanda, belle e desiderabili le donne un p\u00f3 trasandate risvegliando cos\u00ec il desiderio del partner. La si invoca quindi per risolvere i problemi di coppia, per rendere fedele il marito. Presiede agli organi sessuali femminili, aiuta perci\u00f2 nei problemi ginecologici: emorragie, cistiti, problemi mestruali, etc&#8230; Naturalmente questo non esclude di ricorrere al medico. Aiuta pure a risolvere problemi finanziari. E\u2019 sincretizzata nell&#8217;Immacolata Concezione.<\/p>\n","protected":false},"excerpt":{"rendered":"<p>La bella e dolce Signora delle acque dolci \u00e8 il simbolo della ricchezza, dell\u2019abbondanza, della bellezza. La si invoca tradizionalmente&#8230;<\/p>\n","protected":false},"featured_media":32544,"template":"","meta":{"_acf_changed":false},"product_brand":[],"product_cat":[1083,1059,1293],"product_tag":[],"class_list":{"0":"post-887","1":"product","2":"type-product","3":"status-publish","4":"has-post-thumbnail","6":"product_cat-cereria-esoterica-candele-da-altare","7":"product_cat-articoli-esoterici","8":"product_cat-statue-brasiliane-in-cera","10":"first","11":"instock","12":"taxable","13":"shipping-taxable","14":"purchasable","15":"product-type-simple","16":"add-to-wishlist-before_image"},"acf":[],"yoast_head":"<!-- This site is optimized with the Yoast SEO plugin v26.9 - https:\/\/yoast.com\/product\/yoast-seo-wordpress\/ -->\n<title>OXUM - Cm 18 - Color Giallo - Il Crogiuolo<\/title>\n<meta name=\"description\" content=\"OXUM - Cm 18 - Color Giallo La bella e dolce Signora delle acque dolci \u00e8 il simbolo della ricchezza, dell\u2019abbondanza, della bellezza. La si invoca tradizionalmente prima di iniziare\" \/>\n<meta name=\"robots\" content=\"index, follow, max-snippet:-1, max-image-preview:large, max-video-preview:-1\" \/>\n<link rel=\"canonical\" href=\"https:\/\/ilcrogiuolo.it\/it\/p\/oxum-cm-18-color-giallo\/\" \/>\n<meta property=\"og:locale\" content=\"it_IT\" \/>\n<meta property=\"og:type\" content=\"article\" \/>\n<meta property=\"og:title\" content=\"OXUM - Cm 18 - Color Giallo - Il Crogiuolo\" \/>\n<meta property=\"og:description\" content=\"OXUM - Cm 18 - Color Giallo La bella e dolce Signora delle acque dolci \u00e8 il simbolo della ricchezza, dell\u2019abbondanza, della bellezza. La si invoca tradizionalmente prima di iniziare\" \/>\n<meta property=\"og:url\" content=\"https:\/\/ilcrogiuolo.it\/it\/p\/oxum-cm-18-color-giallo\/\" \/>\n<meta property=\"og:site_name\" content=\"Il Crogiuolo\" \/>\n<meta property=\"article:publisher\" content=\"https:\/\/www.facebook.com\/Il-Crogiuolo-681876418491758\" \/>\n<meta property=\"article:modified_time\" content=\"2021-12-13T15:41:39+00:00\" \/>\n<meta property=\"og:image\" content=\"https:\/\/ilcrogiuolo.it\/wp-content\/uploads\/2020\/01\/oxum.jpg\" \/>\n\t<meta property=\"og:image:width\" content=\"567\" \/>\n\t<meta property=\"og:image:height\" content=\"567\" \/>\n\t<meta property=\"og:image:type\" content=\"image\/jpeg\" \/>\n<meta name=\"twitter:card\" content=\"summary_large_image\" \/>\n<script type=\"application\/ld+json\" class=\"yoast-schema-graph\">{\"@context\":\"https:\/\/schema.org\",\"@graph\":[{\"@type\":\"WebPage\",\"@id\":\"https:\/\/ilcrogiuolo.it\/it\/p\/oxum-cm-18-color-giallo\/\",\"url\":\"https:\/\/ilcrogiuolo.it\/it\/p\/oxum-cm-18-color-giallo\/\",\"name\":\"OXUM - Cm 18 - Color Giallo - Il Crogiuolo\",\"isPartOf\":{\"@id\":\"https:\/\/ilcrogiuolo.it\/it\/#website\"},\"primaryImageOfPage\":{\"@id\":\"https:\/\/ilcrogiuolo.it\/it\/p\/oxum-cm-18-color-giallo\/#primaryimage\"},\"image\":{\"@id\":\"https:\/\/ilcrogiuolo.it\/it\/p\/oxum-cm-18-color-giallo\/#primaryimage\"},\"thumbnailUrl\":\"https:\/\/ilcrogiuolo.it\/wp-content\/uploads\/2020\/01\/oxum.jpg\",\"datePublished\":\"2020-01-14T16:02:22+00:00\",\"dateModified\":\"2021-12-13T15:41:39+00:00\",\"description\":\"OXUM - Cm 18 - Color Giallo La bella e dolce Signora delle acque dolci \u00e8 il simbolo della ricchezza, dell\u2019abbondanza, della bellezza. La si invoca tradizionalmente prima di iniziare\",\"breadcrumb\":{\"@id\":\"https:\/\/ilcrogiuolo.it\/it\/p\/oxum-cm-18-color-giallo\/#breadcrumb\"},\"inLanguage\":\"it-IT\",\"potentialAction\":[{\"@type\":\"ReadAction\",\"target\":[\"https:\/\/ilcrogiuolo.it\/it\/p\/oxum-cm-18-color-giallo\/\"]}]},{\"@type\":\"ImageObject\",\"inLanguage\":\"it-IT\",\"@id\":\"https:\/\/ilcrogiuolo.it\/it\/p\/oxum-cm-18-color-giallo\/#primaryimage\",\"url\":\"https:\/\/ilcrogiuolo.it\/wp-content\/uploads\/2020\/01\/oxum.jpg\",\"contentUrl\":\"https:\/\/ilcrogiuolo.it\/wp-content\/uploads\/2020\/01\/oxum.jpg\",\"width\":567,\"height\":567},{\"@type\":\"BreadcrumbList\",\"@id\":\"https:\/\/ilcrogiuolo.it\/it\/p\/oxum-cm-18-color-giallo\/#breadcrumb\",\"itemListElement\":[{\"@type\":\"ListItem\",\"position\":1,\"name\":\"Home\",\"item\":\"https:\/\/ilcrogiuolo.it\/it\/\"},{\"@type\":\"ListItem\",\"position\":2,\"name\":\"Shop\",\"item\":\"https:\/\/ilcrogiuolo.it\/it\/negozio\/\"},{\"@type\":\"ListItem\",\"position\":3,\"name\":\"OXUM &#8211; Cm 18 &#8211; Color Giallo\"}]},{\"@type\":\"WebSite\",\"@id\":\"https:\/\/ilcrogiuolo.it\/it\/#website\",\"url\":\"https:\/\/ilcrogiuolo.it\/it\/\",\"name\":\"Il Crogiuolo\",\"description\":\"\",\"publisher\":{\"@id\":\"https:\/\/ilcrogiuolo.it\/it\/#organization\"},\"potentialAction\":[{\"@type\":\"SearchAction\",\"target\":{\"@type\":\"EntryPoint\",\"urlTemplate\":\"https:\/\/ilcrogiuolo.it\/it\/?s={search_term_string}\"},\"query-input\":{\"@type\":\"PropertyValueSpecification\",\"valueRequired\":true,\"valueName\":\"search_term_string\"}}],\"inLanguage\":\"it-IT\"},{\"@type\":\"Organization\",\"@id\":\"https:\/\/ilcrogiuolo.it\/it\/#organization\",\"name\":\"Il Crogiuolo\",\"url\":\"https:\/\/ilcrogiuolo.it\/it\/\",\"logo\":{\"@type\":\"ImageObject\",\"inLanguage\":\"it-IT\",\"@id\":\"https:\/\/ilcrogiuolo.it\/it\/#\/schema\/logo\/image\/\",\"url\":\"https:\/\/ilcrogiuolo.it\/wp-content\/uploads\/2020\/04\/logo.png\",\"contentUrl\":\"https:\/\/ilcrogiuolo.it\/wp-content\/uploads\/2020\/04\/logo.png\",\"width\":200,\"height\":49,\"caption\":\"Il Crogiuolo\"},\"image\":{\"@id\":\"https:\/\/ilcrogiuolo.it\/it\/#\/schema\/logo\/image\/\"},\"sameAs\":[\"https:\/\/www.facebook.com\/Il-Crogiuolo-681876418491758\"]}]}<\/script>\n<!-- \/ Yoast SEO plugin. -->","yoast_head_json":{"title":"OXUM - Cm 18 - Color Giallo - Il Crogiuolo","description":"OXUM - Cm 18 - Color Giallo La bella e dolce Signora delle acque dolci \u00e8 il simbolo della ricchezza, dell\u2019abbondanza, della bellezza. La si invoca tradizionalmente prima di iniziare","robots":{"index":"index","follow":"follow","max-snippet":"max-snippet:-1","max-image-preview":"max-image-preview:large","max-video-preview":"max-video-preview:-1"},"canonical":"https:\/\/ilcrogiuolo.it\/it\/p\/oxum-cm-18-color-giallo\/","og_locale":"it_IT","og_type":"article","og_title":"OXUM - Cm 18 - Color Giallo - Il Crogiuolo","og_description":"OXUM - Cm 18 - Color Giallo La bella e dolce Signora delle acque dolci \u00e8 il simbolo della ricchezza, dell\u2019abbondanza, della bellezza. La si invoca tradizionalmente prima di iniziare","og_url":"https:\/\/ilcrogiuolo.it\/it\/p\/oxum-cm-18-color-giallo\/","og_site_name":"Il Crogiuolo","article_publisher":"https:\/\/www.facebook.com\/Il-Crogiuolo-681876418491758","article_modified_time":"2021-12-13T15:41:39+00:00","og_image":[{"width":567,"height":567,"url":"https:\/\/ilcrogiuolo.it\/wp-content\/uploads\/2020\/01\/oxum.jpg","type":"image\/jpeg"}],"twitter_card":"summary_large_image","schema":{"@context":"https:\/\/schema.org","@graph":[{"@type":"WebPage","@id":"https:\/\/ilcrogiuolo.it\/it\/p\/oxum-cm-18-color-giallo\/","url":"https:\/\/ilcrogiuolo.it\/it\/p\/oxum-cm-18-color-giallo\/","name":"OXUM - Cm 18 - Color Giallo - Il Crogiuolo","isPartOf":{"@id":"https:\/\/ilcrogiuolo.it\/it\/#website"},"primaryImageOfPage":{"@id":"https:\/\/ilcrogiuolo.it\/it\/p\/oxum-cm-18-color-giallo\/#primaryimage"},"image":{"@id":"https:\/\/ilcrogiuolo.it\/it\/p\/oxum-cm-18-color-giallo\/#primaryimage"},"thumbnailUrl":"https:\/\/ilcrogiuolo.it\/wp-content\/uploads\/2020\/01\/oxum.jpg","datePublished":"2020-01-14T16:02:22+00:00","dateModified":"2021-12-13T15:41:39+00:00","description":"OXUM - Cm 18 - Color Giallo La bella e dolce Signora delle acque dolci \u00e8 il simbolo della ricchezza, dell\u2019abbondanza, della bellezza. La si invoca tradizionalmente prima di iniziare","breadcrumb":{"@id":"https:\/\/ilcrogiuolo.it\/it\/p\/oxum-cm-18-color-giallo\/#breadcrumb"},"inLanguage":"it-IT","potentialAction":[{"@type":"ReadAction","target":["https:\/\/ilcrogiuolo.it\/it\/p\/oxum-cm-18-color-giallo\/"]}]},{"@type":"ImageObject","inLanguage":"it-IT","@id":"https:\/\/ilcrogiuolo.it\/it\/p\/oxum-cm-18-color-giallo\/#primaryimage","url":"https:\/\/ilcrogiuolo.it\/wp-content\/uploads\/2020\/01\/oxum.jpg","contentUrl":"https:\/\/ilcrogiuolo.it\/wp-content\/uploads\/2020\/01\/oxum.jpg","width":567,"height":567},{"@type":"BreadcrumbList","@id":"https:\/\/ilcrogiuolo.it\/it\/p\/oxum-cm-18-color-giallo\/#breadcrumb","itemListElement":[{"@type":"ListItem","position":1,"name":"Home","item":"https:\/\/ilcrogiuolo.it\/it\/"},{"@type":"ListItem","position":2,"name":"Shop","item":"https:\/\/ilcrogiuolo.it\/it\/negozio\/"},{"@type":"ListItem","position":3,"name":"OXUM &#8211; Cm 18 &#8211; Color Giallo"}]},{"@type":"WebSite","@id":"https:\/\/ilcrogiuolo.it\/it\/#website","url":"https:\/\/ilcrogiuolo.it\/it\/","name":"Il Crogiuolo","description":"","publisher":{"@id":"https:\/\/ilcrogiuolo.it\/it\/#organization"},"potentialAction":[{"@type":"SearchAction","target":{"@type":"EntryPoint","urlTemplate":"https:\/\/ilcrogiuolo.it\/it\/?s={search_term_string}"},"query-input":{"@type":"PropertyValueSpecification","valueRequired":true,"valueName":"search_term_string"}}],"inLanguage":"it-IT"},{"@type":"Organization","@id":"https:\/\/ilcrogiuolo.it\/it\/#organization","name":"Il Crogiuolo","url":"https:\/\/ilcrogiuolo.it\/it\/","logo":{"@type":"ImageObject","inLanguage":"it-IT","@id":"https:\/\/ilcrogiuolo.it\/it\/#\/schema\/logo\/image\/","url":"https:\/\/ilcrogiuolo.it\/wp-content\/uploads\/2020\/04\/logo.png","contentUrl":"https:\/\/ilcrogiuolo.it\/wp-content\/uploads\/2020\/04\/logo.png","width":200,"height":49,"caption":"Il Crogiuolo"},"image":{"@id":"https:\/\/ilcrogiuolo.it\/it\/#\/schema\/logo\/image\/"},"sameAs":["https:\/\/www.facebook.com\/Il-Crogiuolo-681876418491758"]}]}},"_links":{"self":[{"href":"https:\/\/ilcrogiuolo.it\/it\/wp-json\/wp\/v2\/product\/887","targetHints":{"allow":["GET"]}}],"collection":[{"href":"https:\/\/ilcrogiuolo.it\/it\/wp-json\/wp\/v2\/product"}],"about":[{"href":"https:\/\/ilcrogiuolo.it\/it\/wp-json\/wp\/v2\/types\/product"}],"wp:featuredmedia":[{"embeddable":true,"href":"https:\/\/ilcrogiuolo.it\/it\/wp-json\/wp\/v2\/media\/32544"}],"wp:attachment":[{"href":"https:\/\/ilcrogiuolo.it\/it\/wp-json\/wp\/v2\/media?parent=887"}],"wp:term":[{"taxonomy":"product_brand","embeddable":true,"href":"https:\/\/ilcrogiuolo.it\/it\/wp-json\/wp\/v2\/product_brand?post=887"},{"taxonomy":"product_cat","embeddable":true,"href":"https:\/\/ilcrogiuolo.it\/it\/wp-json\/wp\/v2\/product_cat?post=887"},{"taxonomy":"product_tag","embeddable":true,"href":"https:\/\/ilcrogiuolo.it\/it\/wp-json\/wp\/v2\/product_tag?post=887"}],"curies":[{"name":"wp","href":"https:\/\/api.w.org\/{rel}","templated":true}]}}