{"id":884,"date":"2020-01-14T17:02:22","date_gmt":"2020-01-14T16:02:22","guid":{"rendered":"https:\/\/ilcrogiuolo.it\/p\/oxumare-cm-12\/"},"modified":"2024-10-01T17:49:02","modified_gmt":"2024-10-01T15:49:02","slug":"oxumare-cm-12","status":"publish","type":"product","link":"https:\/\/ilcrogiuolo.it\/it\/p\/oxumare-cm-12\/","title":{"rendered":"OXUMAR\u00ca &#8211; Cm 12"},"content":{"rendered":"<p>Questa Statua rappresenta il Grande ORIX\u00c1 del movimento cosmico originario, il ritorno al passato per ritrovare se stessi e migliorare. Rappresenta dunque il ciclo delle rinascite, \u00e8 la strada verso DIO. Lui, Grande protettore degli Iniziati, d\u00e0 la grande ricchezza, l\u2019abbondanza, smuove ci\u00f2 che \u00e8 fermo aprendo nuove possibilit\u00e0. Lo si invoca per chiedere, con appropriate offerte, la ricchezza, ma anche per risolvere problemi legati alla sterilit\u00e0 maschile.<\/p>\n","protected":false},"excerpt":{"rendered":"<p>Questa Statua rappresenta il Grande ORIX\u00c1 del movimento cosmico originario, il ritorno al passato per ritrovare se stessi e migliorare&#8230;.<\/p>\n","protected":false},"featured_media":47669,"template":"","meta":{"_acf_changed":false},"product_brand":[],"product_cat":[1083,1059,1293],"product_tag":[],"class_list":{"0":"post-884","1":"product","2":"type-product","3":"status-publish","4":"has-post-thumbnail","6":"product_cat-cereria-esoterica-candele-da-altare","7":"product_cat-articoli-esoterici","8":"product_cat-statue-brasiliane-in-cera","10":"first","11":"instock","12":"taxable","13":"shipping-taxable","14":"purchasable","15":"product-type-simple","16":"add-to-wishlist-before_image"},"acf":[],"yoast_head":"<!-- This site is optimized with the Yoast SEO plugin v26.9 - https:\/\/yoast.com\/product\/yoast-seo-wordpress\/ -->\n<title>OXUMAR\u00ca - Cm 12 - Il Crogiuolo<\/title>\n<meta name=\"description\" content=\"OXUMAR\u00ca - Cm 12 Questa Statua rappresenta il Grande ORIX\u00c1 del movimento cosmico originario, il ritorno al passato per ritrovare se stessi e migliorare. Rappresenta dunque\" \/>\n<meta name=\"robots\" content=\"index, follow, max-snippet:-1, max-image-preview:large, max-video-preview:-1\" \/>\n<link rel=\"canonical\" href=\"https:\/\/ilcrogiuolo.it\/it\/p\/oxumare-cm-12\/\" \/>\n<meta property=\"og:locale\" content=\"it_IT\" \/>\n<meta property=\"og:type\" content=\"article\" \/>\n<meta property=\"og:title\" content=\"OXUMAR\u00ca - Cm 12 - Il Crogiuolo\" \/>\n<meta property=\"og:description\" content=\"OXUMAR\u00ca - Cm 12 Questa Statua rappresenta il Grande ORIX\u00c1 del movimento cosmico originario, il ritorno al passato per ritrovare se stessi e migliorare. Rappresenta dunque\" \/>\n<meta property=\"og:url\" content=\"https:\/\/ilcrogiuolo.it\/it\/p\/oxumare-cm-12\/\" \/>\n<meta property=\"og:site_name\" content=\"Il Crogiuolo\" \/>\n<meta property=\"article:publisher\" content=\"https:\/\/www.facebook.com\/Il-Crogiuolo-681876418491758\" \/>\n<meta property=\"article:modified_time\" content=\"2024-10-01T15:49:02+00:00\" \/>\n<meta property=\"og:image\" content=\"https:\/\/ilcrogiuolo.it\/wp-content\/uploads\/2020\/01\/oxumare-candela.png\" \/>\n\t<meta property=\"og:image:width\" content=\"627\" \/>\n\t<meta property=\"og:image:height\" content=\"600\" \/>\n\t<meta property=\"og:image:type\" content=\"image\/png\" \/>\n<meta name=\"twitter:card\" content=\"summary_large_image\" \/>\n<meta name=\"twitter:label1\" content=\"Tempo di lettura stimato\" \/>\n\t<meta name=\"twitter:data1\" content=\"1 minuto\" \/>\n<script type=\"application\/ld+json\" class=\"yoast-schema-graph\">{\"@context\":\"https:\/\/schema.org\",\"@graph\":[{\"@type\":\"WebPage\",\"@id\":\"https:\/\/ilcrogiuolo.it\/it\/p\/oxumare-cm-12\/\",\"url\":\"https:\/\/ilcrogiuolo.it\/it\/p\/oxumare-cm-12\/\",\"name\":\"OXUMAR\u00ca - Cm 12 - Il Crogiuolo\",\"isPartOf\":{\"@id\":\"https:\/\/ilcrogiuolo.it\/it\/#website\"},\"primaryImageOfPage\":{\"@id\":\"https:\/\/ilcrogiuolo.it\/it\/p\/oxumare-cm-12\/#primaryimage\"},\"image\":{\"@id\":\"https:\/\/ilcrogiuolo.it\/it\/p\/oxumare-cm-12\/#primaryimage\"},\"thumbnailUrl\":\"https:\/\/ilcrogiuolo.it\/wp-content\/uploads\/2020\/01\/oxumare-candela.png\",\"datePublished\":\"2020-01-14T16:02:22+00:00\",\"dateModified\":\"2024-10-01T15:49:02+00:00\",\"description\":\"OXUMAR\u00ca - Cm 12 Questa Statua rappresenta il Grande ORIX\u00c1 del movimento cosmico originario, il ritorno al passato per ritrovare se stessi e migliorare. Rappresenta dunque\",\"breadcrumb\":{\"@id\":\"https:\/\/ilcrogiuolo.it\/it\/p\/oxumare-cm-12\/#breadcrumb\"},\"inLanguage\":\"it-IT\",\"potentialAction\":[{\"@type\":\"ReadAction\",\"target\":[\"https:\/\/ilcrogiuolo.it\/it\/p\/oxumare-cm-12\/\"]}]},{\"@type\":\"ImageObject\",\"inLanguage\":\"it-IT\",\"@id\":\"https:\/\/ilcrogiuolo.it\/it\/p\/oxumare-cm-12\/#primaryimage\",\"url\":\"https:\/\/ilcrogiuolo.it\/wp-content\/uploads\/2020\/01\/oxumare-candela.png\",\"contentUrl\":\"https:\/\/ilcrogiuolo.it\/wp-content\/uploads\/2020\/01\/oxumare-candela.png\",\"width\":627,\"height\":600},{\"@type\":\"BreadcrumbList\",\"@id\":\"https:\/\/ilcrogiuolo.it\/it\/p\/oxumare-cm-12\/#breadcrumb\",\"itemListElement\":[{\"@type\":\"ListItem\",\"position\":1,\"name\":\"Home\",\"item\":\"https:\/\/ilcrogiuolo.it\/it\/\"},{\"@type\":\"ListItem\",\"position\":2,\"name\":\"Shop\",\"item\":\"https:\/\/ilcrogiuolo.it\/it\/negozio\/\"},{\"@type\":\"ListItem\",\"position\":3,\"name\":\"OXUMAR\u00ca &#8211; Cm 12\"}]},{\"@type\":\"WebSite\",\"@id\":\"https:\/\/ilcrogiuolo.it\/it\/#website\",\"url\":\"https:\/\/ilcrogiuolo.it\/it\/\",\"name\":\"Il Crogiuolo\",\"description\":\"\",\"publisher\":{\"@id\":\"https:\/\/ilcrogiuolo.it\/it\/#organization\"},\"potentialAction\":[{\"@type\":\"SearchAction\",\"target\":{\"@type\":\"EntryPoint\",\"urlTemplate\":\"https:\/\/ilcrogiuolo.it\/it\/?s={search_term_string}\"},\"query-input\":{\"@type\":\"PropertyValueSpecification\",\"valueRequired\":true,\"valueName\":\"search_term_string\"}}],\"inLanguage\":\"it-IT\"},{\"@type\":\"Organization\",\"@id\":\"https:\/\/ilcrogiuolo.it\/it\/#organization\",\"name\":\"Il Crogiuolo\",\"url\":\"https:\/\/ilcrogiuolo.it\/it\/\",\"logo\":{\"@type\":\"ImageObject\",\"inLanguage\":\"it-IT\",\"@id\":\"https:\/\/ilcrogiuolo.it\/it\/#\/schema\/logo\/image\/\",\"url\":\"https:\/\/ilcrogiuolo.it\/wp-content\/uploads\/2020\/04\/logo.png\",\"contentUrl\":\"https:\/\/ilcrogiuolo.it\/wp-content\/uploads\/2020\/04\/logo.png\",\"width\":200,\"height\":49,\"caption\":\"Il Crogiuolo\"},\"image\":{\"@id\":\"https:\/\/ilcrogiuolo.it\/it\/#\/schema\/logo\/image\/\"},\"sameAs\":[\"https:\/\/www.facebook.com\/Il-Crogiuolo-681876418491758\"]}]}<\/script>\n<!-- \/ Yoast SEO plugin. -->","yoast_head_json":{"title":"OXUMAR\u00ca - Cm 12 - Il Crogiuolo","description":"OXUMAR\u00ca - Cm 12 Questa Statua rappresenta il Grande ORIX\u00c1 del movimento cosmico originario, il ritorno al passato per ritrovare se stessi e migliorare. Rappresenta dunque","robots":{"index":"index","follow":"follow","max-snippet":"max-snippet:-1","max-image-preview":"max-image-preview:large","max-video-preview":"max-video-preview:-1"},"canonical":"https:\/\/ilcrogiuolo.it\/it\/p\/oxumare-cm-12\/","og_locale":"it_IT","og_type":"article","og_title":"OXUMAR\u00ca - Cm 12 - Il Crogiuolo","og_description":"OXUMAR\u00ca - Cm 12 Questa Statua rappresenta il Grande ORIX\u00c1 del movimento cosmico originario, il ritorno al passato per ritrovare se stessi e migliorare. Rappresenta dunque","og_url":"https:\/\/ilcrogiuolo.it\/it\/p\/oxumare-cm-12\/","og_site_name":"Il Crogiuolo","article_publisher":"https:\/\/www.facebook.com\/Il-Crogiuolo-681876418491758","article_modified_time":"2024-10-01T15:49:02+00:00","og_image":[{"width":627,"height":600,"url":"https:\/\/ilcrogiuolo.it\/wp-content\/uploads\/2020\/01\/oxumare-candela.png","type":"image\/png"}],"twitter_card":"summary_large_image","twitter_misc":{"Tempo di lettura stimato":"1 minuto"},"schema":{"@context":"https:\/\/schema.org","@graph":[{"@type":"WebPage","@id":"https:\/\/ilcrogiuolo.it\/it\/p\/oxumare-cm-12\/","url":"https:\/\/ilcrogiuolo.it\/it\/p\/oxumare-cm-12\/","name":"OXUMAR\u00ca - Cm 12 - Il Crogiuolo","isPartOf":{"@id":"https:\/\/ilcrogiuolo.it\/it\/#website"},"primaryImageOfPage":{"@id":"https:\/\/ilcrogiuolo.it\/it\/p\/oxumare-cm-12\/#primaryimage"},"image":{"@id":"https:\/\/ilcrogiuolo.it\/it\/p\/oxumare-cm-12\/#primaryimage"},"thumbnailUrl":"https:\/\/ilcrogiuolo.it\/wp-content\/uploads\/2020\/01\/oxumare-candela.png","datePublished":"2020-01-14T16:02:22+00:00","dateModified":"2024-10-01T15:49:02+00:00","description":"OXUMAR\u00ca - Cm 12 Questa Statua rappresenta il Grande ORIX\u00c1 del movimento cosmico originario, il ritorno al passato per ritrovare se stessi e migliorare. Rappresenta dunque","breadcrumb":{"@id":"https:\/\/ilcrogiuolo.it\/it\/p\/oxumare-cm-12\/#breadcrumb"},"inLanguage":"it-IT","potentialAction":[{"@type":"ReadAction","target":["https:\/\/ilcrogiuolo.it\/it\/p\/oxumare-cm-12\/"]}]},{"@type":"ImageObject","inLanguage":"it-IT","@id":"https:\/\/ilcrogiuolo.it\/it\/p\/oxumare-cm-12\/#primaryimage","url":"https:\/\/ilcrogiuolo.it\/wp-content\/uploads\/2020\/01\/oxumare-candela.png","contentUrl":"https:\/\/ilcrogiuolo.it\/wp-content\/uploads\/2020\/01\/oxumare-candela.png","width":627,"height":600},{"@type":"BreadcrumbList","@id":"https:\/\/ilcrogiuolo.it\/it\/p\/oxumare-cm-12\/#breadcrumb","itemListElement":[{"@type":"ListItem","position":1,"name":"Home","item":"https:\/\/ilcrogiuolo.it\/it\/"},{"@type":"ListItem","position":2,"name":"Shop","item":"https:\/\/ilcrogiuolo.it\/it\/negozio\/"},{"@type":"ListItem","position":3,"name":"OXUMAR\u00ca &#8211; Cm 12"}]},{"@type":"WebSite","@id":"https:\/\/ilcrogiuolo.it\/it\/#website","url":"https:\/\/ilcrogiuolo.it\/it\/","name":"Il Crogiuolo","description":"","publisher":{"@id":"https:\/\/ilcrogiuolo.it\/it\/#organization"},"potentialAction":[{"@type":"SearchAction","target":{"@type":"EntryPoint","urlTemplate":"https:\/\/ilcrogiuolo.it\/it\/?s={search_term_string}"},"query-input":{"@type":"PropertyValueSpecification","valueRequired":true,"valueName":"search_term_string"}}],"inLanguage":"it-IT"},{"@type":"Organization","@id":"https:\/\/ilcrogiuolo.it\/it\/#organization","name":"Il Crogiuolo","url":"https:\/\/ilcrogiuolo.it\/it\/","logo":{"@type":"ImageObject","inLanguage":"it-IT","@id":"https:\/\/ilcrogiuolo.it\/it\/#\/schema\/logo\/image\/","url":"https:\/\/ilcrogiuolo.it\/wp-content\/uploads\/2020\/04\/logo.png","contentUrl":"https:\/\/ilcrogiuolo.it\/wp-content\/uploads\/2020\/04\/logo.png","width":200,"height":49,"caption":"Il Crogiuolo"},"image":{"@id":"https:\/\/ilcrogiuolo.it\/it\/#\/schema\/logo\/image\/"},"sameAs":["https:\/\/www.facebook.com\/Il-Crogiuolo-681876418491758"]}]}},"_links":{"self":[{"href":"https:\/\/ilcrogiuolo.it\/it\/wp-json\/wp\/v2\/product\/884","targetHints":{"allow":["GET"]}}],"collection":[{"href":"https:\/\/ilcrogiuolo.it\/it\/wp-json\/wp\/v2\/product"}],"about":[{"href":"https:\/\/ilcrogiuolo.it\/it\/wp-json\/wp\/v2\/types\/product"}],"wp:featuredmedia":[{"embeddable":true,"href":"https:\/\/ilcrogiuolo.it\/it\/wp-json\/wp\/v2\/media\/47669"}],"wp:attachment":[{"href":"https:\/\/ilcrogiuolo.it\/it\/wp-json\/wp\/v2\/media?parent=884"}],"wp:term":[{"taxonomy":"product_brand","embeddable":true,"href":"https:\/\/ilcrogiuolo.it\/it\/wp-json\/wp\/v2\/product_brand?post=884"},{"taxonomy":"product_cat","embeddable":true,"href":"https:\/\/ilcrogiuolo.it\/it\/wp-json\/wp\/v2\/product_cat?post=884"},{"taxonomy":"product_tag","embeddable":true,"href":"https:\/\/ilcrogiuolo.it\/it\/wp-json\/wp\/v2\/product_tag?post=884"}],"curies":[{"name":"wp","href":"https:\/\/api.w.org\/{rel}","templated":true}]}}