{"id":8824,"date":"2020-01-14T17:18:03","date_gmt":"2020-01-14T16:18:03","guid":{"rendered":"https:\/\/ilcrogiuolo.it\/p\/luso-magico-di-incensi-profumi-pietre-e-candele\/"},"modified":"2021-06-29T10:13:59","modified_gmt":"2021-06-29T08:13:59","slug":"luso-magico-di-incensi-profumi-pietre-e-candele","status":"publish","type":"product","link":"https:\/\/ilcrogiuolo.it\/it\/p\/luso-magico-di-incensi-profumi-pietre-e-candele\/","title":{"rendered":"L\u2019uso magico di incensi, profumi, pietre e candele"},"content":{"rendered":"<p>Un libro imperdibile per tutti gli appassionati di esoterismo e pratiche di magia che vogliono sperimentare l\u2019utilizzo degli oggetti magici.<\/p>\n<p>Dopo aver appreso i fondamenti dell\u2019arte magica, con questo volume ci addentriamo nei segreti legati all\u2019uso dei misteriosi oggetti magici, capaci di potenziare l\u2019effetto degli incantesimi.<\/p>\n<p>Questi antichi saperi affondano le proprie radici nella Natura: ogni calamit\u00e0 ha il suo antidoto e la sua prevenzione specifica in una pianta, un\u2019erba, una pietra o un osso. Il mago o la strega che sappiano dominare la sottile arte dell\u2019uso di questi amuleti e profumi possono chiamare al proprio fianco uno spirito potente che li aiuti a ottenere il risultato sperato.<\/p>\n<p>Le candele, con il loro fioco bagliore, provocano nel mago un\u2019alterazione della normale visione della realt\u00e0, utile per prepararsi all\u2019utilizzo della magia, e forniscono chiari segnali sul piano occulto. Le pietre, soprattutto quelle preziose, alle quali comunemente si attribuiscono eccezionali virt\u00f9, possono rappresentare per chi sa come utilizzarle la chiave per una via di comunicazione privilegiata con il mondo degli spiriti e della natura.<\/p>\n<p>Fin dalla preistoria (e in particolare nell\u2019ambito delle civilt\u00e0 egizia e caldea, quando la magia conobbe una vera e propria et\u00e0 dell\u2019oro), la Natura \u00e8 stata considerata un mezzo per ottenere il dominio su forze specifiche.<\/p>\n<p>La Natura \u00e8 infatti alla base della maggior parte delle pratiche magiche: la preparazione dei filtri attraverso le erbe; la fumigazione degli incensi e delle essenze come atto di purificazione, preghiera ed elevazione spirituale; l\u2019uso delle pietre e dei cristalli, immagini in piccolo dell\u2019universo e delle sue energie, e per questo considerati presso tutti i popoli una protezione naturale; e ancora l\u2019impiego dei ceri durante i riti occulti, per favorire uno stato alterato di coscienza.<\/p>\n<p>Tutti gli elementi naturali, usati in senso occulto, si possono trasformare in strumenti magici, sia in senso positivo sia in senso negativo: ci\u00f2 che \u00e8 davvero fondamentale e potente nella magia \u00e8, infatti, l&#8217;intenzione. Qualsiasi oggetto si utilizzi nelle pratiche magiche, esso assorbir\u00e0 le nostre energie sottili, dunque le nostre intenzioni consapevoli (o inconsapevoli). Per questo, attenzione a ci\u00f2 che desiderate ottenere!<\/p>\n<p>Attraverso questa guida, dedicata in particolare all\u2019uso degli incensi, di pietre e candele, Carmen Duo ci insegna a muoverci con consapevolezza nell\u2019affascinante mondo dell\u2019occulto.<\/p>\n","protected":false},"excerpt":{"rendered":"<p>Un libro imperdibile per tutti gli appassionati di esoterismo e pratiche di magia che vogliono sperimentare l\u2019utilizzo degli oggetti magici&#8230;.<\/p>\n","protected":false},"featured_media":8825,"template":"","meta":{"_acf_changed":false},"product_brand":[],"product_cat":[1077,1317,1060],"product_tag":[],"class_list":{"0":"post-8824","1":"product","2":"type-product","3":"status-publish","4":"has-post-thumbnail","6":"product_cat-libreria-esoterica-libreria-esoterica","7":"product_cat-edizioni-leta-dellacquario-melchisedek","8":"product_cat-libreria-esoterica","10":"first","11":"instock","12":"taxable","13":"shipping-taxable","14":"purchasable","15":"product-type-simple","16":"add-to-wishlist-before_image"},"acf":[],"yoast_head":"<!-- This site is optimized with the Yoast SEO plugin v26.9 - https:\/\/yoast.com\/product\/yoast-seo-wordpress\/ -->\n<title>L\u2019uso magico di incensi, profumi, pietre e candele - Il Crogiuolo<\/title>\n<meta name=\"description\" content=\"L\u2019uso magico di incensi, profumi, pietre e candele Un libro imperdibile per tutti gli appassionati di esoterismo e pratiche di magia che vogliono sperimentare l\u2019utilizzo degli oggetti magici. Dopo aver\" \/>\n<meta name=\"robots\" content=\"index, follow, max-snippet:-1, max-image-preview:large, max-video-preview:-1\" \/>\n<link rel=\"canonical\" href=\"https:\/\/ilcrogiuolo.it\/it\/p\/luso-magico-di-incensi-profumi-pietre-e-candele\/\" \/>\n<meta property=\"og:locale\" content=\"it_IT\" \/>\n<meta property=\"og:type\" content=\"article\" \/>\n<meta property=\"og:title\" content=\"L\u2019uso magico di incensi, profumi, pietre e candele - Il Crogiuolo\" \/>\n<meta property=\"og:description\" content=\"L\u2019uso magico di incensi, profumi, pietre e candele Un libro imperdibile per tutti gli appassionati di esoterismo e pratiche di magia che vogliono sperimentare l\u2019utilizzo degli oggetti magici. Dopo aver\" \/>\n<meta property=\"og:url\" content=\"https:\/\/ilcrogiuolo.it\/it\/p\/luso-magico-di-incensi-profumi-pietre-e-candele\/\" \/>\n<meta property=\"og:site_name\" content=\"Il Crogiuolo\" \/>\n<meta property=\"article:publisher\" content=\"https:\/\/www.facebook.com\/Il-Crogiuolo-681876418491758\" \/>\n<meta property=\"article:modified_time\" content=\"2021-06-29T08:13:59+00:00\" \/>\n<meta property=\"og:image\" content=\"https:\/\/ilcrogiuolo.it\/wp-content\/uploads\/2020\/01\/usomagico_5296477.jpg\" \/>\n\t<meta property=\"og:image:width\" content=\"627\" \/>\n\t<meta property=\"og:image:height\" content=\"600\" \/>\n\t<meta property=\"og:image:type\" content=\"image\/jpeg\" \/>\n<meta name=\"twitter:card\" content=\"summary_large_image\" \/>\n<meta name=\"twitter:label1\" content=\"Tempo di lettura stimato\" \/>\n\t<meta name=\"twitter:data1\" content=\"2 minuti\" \/>\n<script type=\"application\/ld+json\" class=\"yoast-schema-graph\">{\"@context\":\"https:\/\/schema.org\",\"@graph\":[{\"@type\":\"WebPage\",\"@id\":\"https:\/\/ilcrogiuolo.it\/it\/p\/luso-magico-di-incensi-profumi-pietre-e-candele\/\",\"url\":\"https:\/\/ilcrogiuolo.it\/it\/p\/luso-magico-di-incensi-profumi-pietre-e-candele\/\",\"name\":\"L\u2019uso magico di incensi, profumi, pietre e candele - Il Crogiuolo\",\"isPartOf\":{\"@id\":\"https:\/\/ilcrogiuolo.it\/it\/#website\"},\"primaryImageOfPage\":{\"@id\":\"https:\/\/ilcrogiuolo.it\/it\/p\/luso-magico-di-incensi-profumi-pietre-e-candele\/#primaryimage\"},\"image\":{\"@id\":\"https:\/\/ilcrogiuolo.it\/it\/p\/luso-magico-di-incensi-profumi-pietre-e-candele\/#primaryimage\"},\"thumbnailUrl\":\"https:\/\/ilcrogiuolo.it\/wp-content\/uploads\/2020\/01\/usomagico_5296477.jpg\",\"datePublished\":\"2020-01-14T16:18:03+00:00\",\"dateModified\":\"2021-06-29T08:13:59+00:00\",\"description\":\"L\u2019uso magico di incensi, profumi, pietre e candele Un libro imperdibile per tutti gli appassionati di esoterismo e pratiche di magia che vogliono sperimentare l\u2019utilizzo degli oggetti magici. Dopo aver\",\"breadcrumb\":{\"@id\":\"https:\/\/ilcrogiuolo.it\/it\/p\/luso-magico-di-incensi-profumi-pietre-e-candele\/#breadcrumb\"},\"inLanguage\":\"it-IT\",\"potentialAction\":[{\"@type\":\"ReadAction\",\"target\":[\"https:\/\/ilcrogiuolo.it\/it\/p\/luso-magico-di-incensi-profumi-pietre-e-candele\/\"]}]},{\"@type\":\"ImageObject\",\"inLanguage\":\"it-IT\",\"@id\":\"https:\/\/ilcrogiuolo.it\/it\/p\/luso-magico-di-incensi-profumi-pietre-e-candele\/#primaryimage\",\"url\":\"https:\/\/ilcrogiuolo.it\/wp-content\/uploads\/2020\/01\/usomagico_5296477.jpg\",\"contentUrl\":\"https:\/\/ilcrogiuolo.it\/wp-content\/uploads\/2020\/01\/usomagico_5296477.jpg\",\"width\":627,\"height\":600},{\"@type\":\"BreadcrumbList\",\"@id\":\"https:\/\/ilcrogiuolo.it\/it\/p\/luso-magico-di-incensi-profumi-pietre-e-candele\/#breadcrumb\",\"itemListElement\":[{\"@type\":\"ListItem\",\"position\":1,\"name\":\"Home\",\"item\":\"https:\/\/ilcrogiuolo.it\/it\/\"},{\"@type\":\"ListItem\",\"position\":2,\"name\":\"Shop\",\"item\":\"https:\/\/ilcrogiuolo.it\/it\/negozio\/\"},{\"@type\":\"ListItem\",\"position\":3,\"name\":\"L\u2019uso magico di incensi, profumi, pietre e candele\"}]},{\"@type\":\"WebSite\",\"@id\":\"https:\/\/ilcrogiuolo.it\/it\/#website\",\"url\":\"https:\/\/ilcrogiuolo.it\/it\/\",\"name\":\"Il Crogiuolo\",\"description\":\"\",\"publisher\":{\"@id\":\"https:\/\/ilcrogiuolo.it\/it\/#organization\"},\"potentialAction\":[{\"@type\":\"SearchAction\",\"target\":{\"@type\":\"EntryPoint\",\"urlTemplate\":\"https:\/\/ilcrogiuolo.it\/it\/?s={search_term_string}\"},\"query-input\":{\"@type\":\"PropertyValueSpecification\",\"valueRequired\":true,\"valueName\":\"search_term_string\"}}],\"inLanguage\":\"it-IT\"},{\"@type\":\"Organization\",\"@id\":\"https:\/\/ilcrogiuolo.it\/it\/#organization\",\"name\":\"Il Crogiuolo\",\"url\":\"https:\/\/ilcrogiuolo.it\/it\/\",\"logo\":{\"@type\":\"ImageObject\",\"inLanguage\":\"it-IT\",\"@id\":\"https:\/\/ilcrogiuolo.it\/it\/#\/schema\/logo\/image\/\",\"url\":\"https:\/\/ilcrogiuolo.it\/wp-content\/uploads\/2020\/04\/logo.png\",\"contentUrl\":\"https:\/\/ilcrogiuolo.it\/wp-content\/uploads\/2020\/04\/logo.png\",\"width\":200,\"height\":49,\"caption\":\"Il Crogiuolo\"},\"image\":{\"@id\":\"https:\/\/ilcrogiuolo.it\/it\/#\/schema\/logo\/image\/\"},\"sameAs\":[\"https:\/\/www.facebook.com\/Il-Crogiuolo-681876418491758\"]}]}<\/script>\n<!-- \/ Yoast SEO plugin. -->","yoast_head_json":{"title":"L\u2019uso magico di incensi, profumi, pietre e candele - Il Crogiuolo","description":"L\u2019uso magico di incensi, profumi, pietre e candele Un libro imperdibile per tutti gli appassionati di esoterismo e pratiche di magia che vogliono sperimentare l\u2019utilizzo degli oggetti magici. Dopo aver","robots":{"index":"index","follow":"follow","max-snippet":"max-snippet:-1","max-image-preview":"max-image-preview:large","max-video-preview":"max-video-preview:-1"},"canonical":"https:\/\/ilcrogiuolo.it\/it\/p\/luso-magico-di-incensi-profumi-pietre-e-candele\/","og_locale":"it_IT","og_type":"article","og_title":"L\u2019uso magico di incensi, profumi, pietre e candele - Il Crogiuolo","og_description":"L\u2019uso magico di incensi, profumi, pietre e candele Un libro imperdibile per tutti gli appassionati di esoterismo e pratiche di magia che vogliono sperimentare l\u2019utilizzo degli oggetti magici. Dopo aver","og_url":"https:\/\/ilcrogiuolo.it\/it\/p\/luso-magico-di-incensi-profumi-pietre-e-candele\/","og_site_name":"Il Crogiuolo","article_publisher":"https:\/\/www.facebook.com\/Il-Crogiuolo-681876418491758","article_modified_time":"2021-06-29T08:13:59+00:00","og_image":[{"width":627,"height":600,"url":"https:\/\/ilcrogiuolo.it\/wp-content\/uploads\/2020\/01\/usomagico_5296477.jpg","type":"image\/jpeg"}],"twitter_card":"summary_large_image","twitter_misc":{"Tempo di lettura stimato":"2 minuti"},"schema":{"@context":"https:\/\/schema.org","@graph":[{"@type":"WebPage","@id":"https:\/\/ilcrogiuolo.it\/it\/p\/luso-magico-di-incensi-profumi-pietre-e-candele\/","url":"https:\/\/ilcrogiuolo.it\/it\/p\/luso-magico-di-incensi-profumi-pietre-e-candele\/","name":"L\u2019uso magico di incensi, profumi, pietre e candele - Il Crogiuolo","isPartOf":{"@id":"https:\/\/ilcrogiuolo.it\/it\/#website"},"primaryImageOfPage":{"@id":"https:\/\/ilcrogiuolo.it\/it\/p\/luso-magico-di-incensi-profumi-pietre-e-candele\/#primaryimage"},"image":{"@id":"https:\/\/ilcrogiuolo.it\/it\/p\/luso-magico-di-incensi-profumi-pietre-e-candele\/#primaryimage"},"thumbnailUrl":"https:\/\/ilcrogiuolo.it\/wp-content\/uploads\/2020\/01\/usomagico_5296477.jpg","datePublished":"2020-01-14T16:18:03+00:00","dateModified":"2021-06-29T08:13:59+00:00","description":"L\u2019uso magico di incensi, profumi, pietre e candele Un libro imperdibile per tutti gli appassionati di esoterismo e pratiche di magia che vogliono sperimentare l\u2019utilizzo degli oggetti magici. Dopo aver","breadcrumb":{"@id":"https:\/\/ilcrogiuolo.it\/it\/p\/luso-magico-di-incensi-profumi-pietre-e-candele\/#breadcrumb"},"inLanguage":"it-IT","potentialAction":[{"@type":"ReadAction","target":["https:\/\/ilcrogiuolo.it\/it\/p\/luso-magico-di-incensi-profumi-pietre-e-candele\/"]}]},{"@type":"ImageObject","inLanguage":"it-IT","@id":"https:\/\/ilcrogiuolo.it\/it\/p\/luso-magico-di-incensi-profumi-pietre-e-candele\/#primaryimage","url":"https:\/\/ilcrogiuolo.it\/wp-content\/uploads\/2020\/01\/usomagico_5296477.jpg","contentUrl":"https:\/\/ilcrogiuolo.it\/wp-content\/uploads\/2020\/01\/usomagico_5296477.jpg","width":627,"height":600},{"@type":"BreadcrumbList","@id":"https:\/\/ilcrogiuolo.it\/it\/p\/luso-magico-di-incensi-profumi-pietre-e-candele\/#breadcrumb","itemListElement":[{"@type":"ListItem","position":1,"name":"Home","item":"https:\/\/ilcrogiuolo.it\/it\/"},{"@type":"ListItem","position":2,"name":"Shop","item":"https:\/\/ilcrogiuolo.it\/it\/negozio\/"},{"@type":"ListItem","position":3,"name":"L\u2019uso magico di incensi, profumi, pietre e candele"}]},{"@type":"WebSite","@id":"https:\/\/ilcrogiuolo.it\/it\/#website","url":"https:\/\/ilcrogiuolo.it\/it\/","name":"Il Crogiuolo","description":"","publisher":{"@id":"https:\/\/ilcrogiuolo.it\/it\/#organization"},"potentialAction":[{"@type":"SearchAction","target":{"@type":"EntryPoint","urlTemplate":"https:\/\/ilcrogiuolo.it\/it\/?s={search_term_string}"},"query-input":{"@type":"PropertyValueSpecification","valueRequired":true,"valueName":"search_term_string"}}],"inLanguage":"it-IT"},{"@type":"Organization","@id":"https:\/\/ilcrogiuolo.it\/it\/#organization","name":"Il Crogiuolo","url":"https:\/\/ilcrogiuolo.it\/it\/","logo":{"@type":"ImageObject","inLanguage":"it-IT","@id":"https:\/\/ilcrogiuolo.it\/it\/#\/schema\/logo\/image\/","url":"https:\/\/ilcrogiuolo.it\/wp-content\/uploads\/2020\/04\/logo.png","contentUrl":"https:\/\/ilcrogiuolo.it\/wp-content\/uploads\/2020\/04\/logo.png","width":200,"height":49,"caption":"Il Crogiuolo"},"image":{"@id":"https:\/\/ilcrogiuolo.it\/it\/#\/schema\/logo\/image\/"},"sameAs":["https:\/\/www.facebook.com\/Il-Crogiuolo-681876418491758"]}]}},"_links":{"self":[{"href":"https:\/\/ilcrogiuolo.it\/it\/wp-json\/wp\/v2\/product\/8824","targetHints":{"allow":["GET"]}}],"collection":[{"href":"https:\/\/ilcrogiuolo.it\/it\/wp-json\/wp\/v2\/product"}],"about":[{"href":"https:\/\/ilcrogiuolo.it\/it\/wp-json\/wp\/v2\/types\/product"}],"wp:featuredmedia":[{"embeddable":true,"href":"https:\/\/ilcrogiuolo.it\/it\/wp-json\/wp\/v2\/media\/8825"}],"wp:attachment":[{"href":"https:\/\/ilcrogiuolo.it\/it\/wp-json\/wp\/v2\/media?parent=8824"}],"wp:term":[{"taxonomy":"product_brand","embeddable":true,"href":"https:\/\/ilcrogiuolo.it\/it\/wp-json\/wp\/v2\/product_brand?post=8824"},{"taxonomy":"product_cat","embeddable":true,"href":"https:\/\/ilcrogiuolo.it\/it\/wp-json\/wp\/v2\/product_cat?post=8824"},{"taxonomy":"product_tag","embeddable":true,"href":"https:\/\/ilcrogiuolo.it\/it\/wp-json\/wp\/v2\/product_tag?post=8824"}],"curies":[{"name":"wp","href":"https:\/\/api.w.org\/{rel}","templated":true}]}}