{"id":8790,"date":"2020-01-14T17:18:03","date_gmt":"2020-01-14T16:18:03","guid":{"rendered":"https:\/\/ilcrogiuolo.it\/p\/i-poteri-del-mago-pratiche-e-rituali-occulti\/"},"modified":"2020-01-30T10:22:58","modified_gmt":"2020-01-30T09:22:58","slug":"i-poteri-del-mago-pratiche-e-rituali-occulti","status":"publish","type":"product","link":"https:\/\/ilcrogiuolo.it\/it\/p\/i-poteri-del-mago-pratiche-e-rituali-occulti\/","title":{"rendered":"I poteri del mago. Pratiche e rituali occulti"},"content":{"rendered":"<p>La ricerca e l\u2019addestramento per diventare maghi operativi \u2013 esperti cio\u00e8 nelle forme pi\u00f9 appariscenti e note della magia: la magia bianca, la magia nera e la magia rossa \u2013 non termina mai. Ci sono sempre nuove energie soprannaturali da attivare, nuovi strumenti da padroneggiare, nuovi rituali da conoscere. Tutti possono trarre beneficio da queste antiche tecniche, ma per scoprire l\u2019ampiezza e la profondit\u00e0 dei poteri di un mago operativo occorre una pratica costante e seria, sotto una guida autorevole e preparata. Questo \u00e8 possibile grazie al libro di Frank Bonethe: attraverso i suoi numerosi esercizi, il lettore potr\u00e0 verificare passo dopo passo l\u2019efficacia degli insegnamenti illustrati, giungendo a livelli sempre pi\u00f9 alti di apprendimento e potendo infine essere definito \u00abmago\u00bb a tutti gli effetti. Sono lontani i tempi in cui chi si occupava di magia teneva sotto chiave il frutto della propria sapienza ed esperienza, nascondendosi agli altri e operando nell\u2019oscurit\u00e0. Oggi la magia pu\u00f2 garantire un avanzamento della maturit\u00e0 globale dell\u2019individuo e pertanto \u00e8 una forma di conoscenza che va diffusa e condivisa il pi\u00f9 possibile.<\/p>\n","protected":false},"excerpt":{"rendered":"<p>La ricerca e l\u2019addestramento per diventare maghi operativi \u2013 esperti cio\u00e8 nelle forme pi\u00f9 appariscenti e note della magia: la&#8230;<\/p>\n","protected":false},"featured_media":8791,"template":"","meta":{"_acf_changed":false},"product_brand":[],"product_cat":[1077,1317,1060],"product_tag":[],"class_list":{"0":"post-8790","1":"product","2":"type-product","3":"status-publish","4":"has-post-thumbnail","6":"product_cat-libreria-esoterica-libreria-esoterica","7":"product_cat-edizioni-leta-dellacquario-melchisedek","8":"product_cat-libreria-esoterica","10":"first","11":"instock","12":"taxable","13":"shipping-taxable","14":"purchasable","15":"product-type-simple","16":"add-to-wishlist-before_image"},"acf":[],"yoast_head":"<!-- This site is optimized with the Yoast SEO plugin v26.9 - https:\/\/yoast.com\/product\/yoast-seo-wordpress\/ -->\n<title>I poteri del mago. Pratiche e rituali occulti - Il Crogiuolo<\/title>\n<meta name=\"description\" content=\"I poteri del mago. Pratiche e rituali occulti La ricerca e l\u2019addestramento per diventare maghi operativi \u2013 esperti cio\u00e8 nelle forme pi\u00f9 appariscenti e note della magia: la magia bianca, la magia nera\" \/>\n<meta name=\"robots\" content=\"index, follow, max-snippet:-1, max-image-preview:large, max-video-preview:-1\" \/>\n<link rel=\"canonical\" href=\"https:\/\/ilcrogiuolo.it\/it\/p\/i-poteri-del-mago-pratiche-e-rituali-occulti\/\" \/>\n<meta property=\"og:locale\" content=\"it_IT\" \/>\n<meta property=\"og:type\" content=\"article\" \/>\n<meta property=\"og:title\" content=\"I poteri del mago. Pratiche e rituali occulti - Il Crogiuolo\" \/>\n<meta property=\"og:description\" content=\"I poteri del mago. Pratiche e rituali occulti La ricerca e l\u2019addestramento per diventare maghi operativi \u2013 esperti cio\u00e8 nelle forme pi\u00f9 appariscenti e note della magia: la magia bianca, la magia nera\" \/>\n<meta property=\"og:url\" content=\"https:\/\/ilcrogiuolo.it\/it\/p\/i-poteri-del-mago-pratiche-e-rituali-occulti\/\" \/>\n<meta property=\"og:site_name\" content=\"Il Crogiuolo\" \/>\n<meta property=\"article:publisher\" content=\"https:\/\/www.facebook.com\/Il-Crogiuolo-681876418491758\" \/>\n<meta property=\"article:modified_time\" content=\"2020-01-30T09:22:58+00:00\" \/>\n<meta property=\"og:image\" content=\"https:\/\/ilcrogiuolo.it\/wp-content\/uploads\/2020\/01\/ipoteridelmago_8015239.jpg\" \/>\n\t<meta property=\"og:image:width\" content=\"627\" \/>\n\t<meta property=\"og:image:height\" content=\"600\" \/>\n\t<meta property=\"og:image:type\" content=\"image\/jpeg\" \/>\n<meta name=\"twitter:card\" content=\"summary_large_image\" \/>\n<meta name=\"twitter:label1\" content=\"Tempo di lettura stimato\" \/>\n\t<meta name=\"twitter:data1\" content=\"1 minuto\" \/>\n<script type=\"application\/ld+json\" class=\"yoast-schema-graph\">{\"@context\":\"https:\/\/schema.org\",\"@graph\":[{\"@type\":\"WebPage\",\"@id\":\"https:\/\/ilcrogiuolo.it\/it\/p\/i-poteri-del-mago-pratiche-e-rituali-occulti\/\",\"url\":\"https:\/\/ilcrogiuolo.it\/it\/p\/i-poteri-del-mago-pratiche-e-rituali-occulti\/\",\"name\":\"I poteri del mago. Pratiche e rituali occulti - Il Crogiuolo\",\"isPartOf\":{\"@id\":\"https:\/\/ilcrogiuolo.it\/it\/#website\"},\"primaryImageOfPage\":{\"@id\":\"https:\/\/ilcrogiuolo.it\/it\/p\/i-poteri-del-mago-pratiche-e-rituali-occulti\/#primaryimage\"},\"image\":{\"@id\":\"https:\/\/ilcrogiuolo.it\/it\/p\/i-poteri-del-mago-pratiche-e-rituali-occulti\/#primaryimage\"},\"thumbnailUrl\":\"https:\/\/ilcrogiuolo.it\/wp-content\/uploads\/2020\/01\/ipoteridelmago_8015239.jpg\",\"datePublished\":\"2020-01-14T16:18:03+00:00\",\"dateModified\":\"2020-01-30T09:22:58+00:00\",\"description\":\"I poteri del mago. Pratiche e rituali occulti La ricerca e l\u2019addestramento per diventare maghi operativi \u2013 esperti cio\u00e8 nelle forme pi\u00f9 appariscenti e note della magia: la magia bianca, la magia nera\",\"breadcrumb\":{\"@id\":\"https:\/\/ilcrogiuolo.it\/it\/p\/i-poteri-del-mago-pratiche-e-rituali-occulti\/#breadcrumb\"},\"inLanguage\":\"it-IT\",\"potentialAction\":[{\"@type\":\"ReadAction\",\"target\":[\"https:\/\/ilcrogiuolo.it\/it\/p\/i-poteri-del-mago-pratiche-e-rituali-occulti\/\"]}]},{\"@type\":\"ImageObject\",\"inLanguage\":\"it-IT\",\"@id\":\"https:\/\/ilcrogiuolo.it\/it\/p\/i-poteri-del-mago-pratiche-e-rituali-occulti\/#primaryimage\",\"url\":\"https:\/\/ilcrogiuolo.it\/wp-content\/uploads\/2020\/01\/ipoteridelmago_8015239.jpg\",\"contentUrl\":\"https:\/\/ilcrogiuolo.it\/wp-content\/uploads\/2020\/01\/ipoteridelmago_8015239.jpg\",\"width\":627,\"height\":600},{\"@type\":\"BreadcrumbList\",\"@id\":\"https:\/\/ilcrogiuolo.it\/it\/p\/i-poteri-del-mago-pratiche-e-rituali-occulti\/#breadcrumb\",\"itemListElement\":[{\"@type\":\"ListItem\",\"position\":1,\"name\":\"Home\",\"item\":\"https:\/\/ilcrogiuolo.it\/it\/\"},{\"@type\":\"ListItem\",\"position\":2,\"name\":\"Shop\",\"item\":\"https:\/\/ilcrogiuolo.it\/it\/negozio\/\"},{\"@type\":\"ListItem\",\"position\":3,\"name\":\"I poteri del mago. Pratiche e rituali occulti\"}]},{\"@type\":\"WebSite\",\"@id\":\"https:\/\/ilcrogiuolo.it\/it\/#website\",\"url\":\"https:\/\/ilcrogiuolo.it\/it\/\",\"name\":\"Il Crogiuolo\",\"description\":\"\",\"publisher\":{\"@id\":\"https:\/\/ilcrogiuolo.it\/it\/#organization\"},\"potentialAction\":[{\"@type\":\"SearchAction\",\"target\":{\"@type\":\"EntryPoint\",\"urlTemplate\":\"https:\/\/ilcrogiuolo.it\/it\/?s={search_term_string}\"},\"query-input\":{\"@type\":\"PropertyValueSpecification\",\"valueRequired\":true,\"valueName\":\"search_term_string\"}}],\"inLanguage\":\"it-IT\"},{\"@type\":\"Organization\",\"@id\":\"https:\/\/ilcrogiuolo.it\/it\/#organization\",\"name\":\"Il Crogiuolo\",\"url\":\"https:\/\/ilcrogiuolo.it\/it\/\",\"logo\":{\"@type\":\"ImageObject\",\"inLanguage\":\"it-IT\",\"@id\":\"https:\/\/ilcrogiuolo.it\/it\/#\/schema\/logo\/image\/\",\"url\":\"https:\/\/ilcrogiuolo.it\/wp-content\/uploads\/2020\/04\/logo.png\",\"contentUrl\":\"https:\/\/ilcrogiuolo.it\/wp-content\/uploads\/2020\/04\/logo.png\",\"width\":200,\"height\":49,\"caption\":\"Il Crogiuolo\"},\"image\":{\"@id\":\"https:\/\/ilcrogiuolo.it\/it\/#\/schema\/logo\/image\/\"},\"sameAs\":[\"https:\/\/www.facebook.com\/Il-Crogiuolo-681876418491758\"]}]}<\/script>\n<!-- \/ Yoast SEO plugin. -->","yoast_head_json":{"title":"I poteri del mago. Pratiche e rituali occulti - Il Crogiuolo","description":"I poteri del mago. Pratiche e rituali occulti La ricerca e l\u2019addestramento per diventare maghi operativi \u2013 esperti cio\u00e8 nelle forme pi\u00f9 appariscenti e note della magia: la magia bianca, la magia nera","robots":{"index":"index","follow":"follow","max-snippet":"max-snippet:-1","max-image-preview":"max-image-preview:large","max-video-preview":"max-video-preview:-1"},"canonical":"https:\/\/ilcrogiuolo.it\/it\/p\/i-poteri-del-mago-pratiche-e-rituali-occulti\/","og_locale":"it_IT","og_type":"article","og_title":"I poteri del mago. Pratiche e rituali occulti - Il Crogiuolo","og_description":"I poteri del mago. Pratiche e rituali occulti La ricerca e l\u2019addestramento per diventare maghi operativi \u2013 esperti cio\u00e8 nelle forme pi\u00f9 appariscenti e note della magia: la magia bianca, la magia nera","og_url":"https:\/\/ilcrogiuolo.it\/it\/p\/i-poteri-del-mago-pratiche-e-rituali-occulti\/","og_site_name":"Il Crogiuolo","article_publisher":"https:\/\/www.facebook.com\/Il-Crogiuolo-681876418491758","article_modified_time":"2020-01-30T09:22:58+00:00","og_image":[{"width":627,"height":600,"url":"https:\/\/ilcrogiuolo.it\/wp-content\/uploads\/2020\/01\/ipoteridelmago_8015239.jpg","type":"image\/jpeg"}],"twitter_card":"summary_large_image","twitter_misc":{"Tempo di lettura stimato":"1 minuto"},"schema":{"@context":"https:\/\/schema.org","@graph":[{"@type":"WebPage","@id":"https:\/\/ilcrogiuolo.it\/it\/p\/i-poteri-del-mago-pratiche-e-rituali-occulti\/","url":"https:\/\/ilcrogiuolo.it\/it\/p\/i-poteri-del-mago-pratiche-e-rituali-occulti\/","name":"I poteri del mago. Pratiche e rituali occulti - Il Crogiuolo","isPartOf":{"@id":"https:\/\/ilcrogiuolo.it\/it\/#website"},"primaryImageOfPage":{"@id":"https:\/\/ilcrogiuolo.it\/it\/p\/i-poteri-del-mago-pratiche-e-rituali-occulti\/#primaryimage"},"image":{"@id":"https:\/\/ilcrogiuolo.it\/it\/p\/i-poteri-del-mago-pratiche-e-rituali-occulti\/#primaryimage"},"thumbnailUrl":"https:\/\/ilcrogiuolo.it\/wp-content\/uploads\/2020\/01\/ipoteridelmago_8015239.jpg","datePublished":"2020-01-14T16:18:03+00:00","dateModified":"2020-01-30T09:22:58+00:00","description":"I poteri del mago. Pratiche e rituali occulti La ricerca e l\u2019addestramento per diventare maghi operativi \u2013 esperti cio\u00e8 nelle forme pi\u00f9 appariscenti e note della magia: la magia bianca, la magia nera","breadcrumb":{"@id":"https:\/\/ilcrogiuolo.it\/it\/p\/i-poteri-del-mago-pratiche-e-rituali-occulti\/#breadcrumb"},"inLanguage":"it-IT","potentialAction":[{"@type":"ReadAction","target":["https:\/\/ilcrogiuolo.it\/it\/p\/i-poteri-del-mago-pratiche-e-rituali-occulti\/"]}]},{"@type":"ImageObject","inLanguage":"it-IT","@id":"https:\/\/ilcrogiuolo.it\/it\/p\/i-poteri-del-mago-pratiche-e-rituali-occulti\/#primaryimage","url":"https:\/\/ilcrogiuolo.it\/wp-content\/uploads\/2020\/01\/ipoteridelmago_8015239.jpg","contentUrl":"https:\/\/ilcrogiuolo.it\/wp-content\/uploads\/2020\/01\/ipoteridelmago_8015239.jpg","width":627,"height":600},{"@type":"BreadcrumbList","@id":"https:\/\/ilcrogiuolo.it\/it\/p\/i-poteri-del-mago-pratiche-e-rituali-occulti\/#breadcrumb","itemListElement":[{"@type":"ListItem","position":1,"name":"Home","item":"https:\/\/ilcrogiuolo.it\/it\/"},{"@type":"ListItem","position":2,"name":"Shop","item":"https:\/\/ilcrogiuolo.it\/it\/negozio\/"},{"@type":"ListItem","position":3,"name":"I poteri del mago. Pratiche e rituali occulti"}]},{"@type":"WebSite","@id":"https:\/\/ilcrogiuolo.it\/it\/#website","url":"https:\/\/ilcrogiuolo.it\/it\/","name":"Il Crogiuolo","description":"","publisher":{"@id":"https:\/\/ilcrogiuolo.it\/it\/#organization"},"potentialAction":[{"@type":"SearchAction","target":{"@type":"EntryPoint","urlTemplate":"https:\/\/ilcrogiuolo.it\/it\/?s={search_term_string}"},"query-input":{"@type":"PropertyValueSpecification","valueRequired":true,"valueName":"search_term_string"}}],"inLanguage":"it-IT"},{"@type":"Organization","@id":"https:\/\/ilcrogiuolo.it\/it\/#organization","name":"Il Crogiuolo","url":"https:\/\/ilcrogiuolo.it\/it\/","logo":{"@type":"ImageObject","inLanguage":"it-IT","@id":"https:\/\/ilcrogiuolo.it\/it\/#\/schema\/logo\/image\/","url":"https:\/\/ilcrogiuolo.it\/wp-content\/uploads\/2020\/04\/logo.png","contentUrl":"https:\/\/ilcrogiuolo.it\/wp-content\/uploads\/2020\/04\/logo.png","width":200,"height":49,"caption":"Il Crogiuolo"},"image":{"@id":"https:\/\/ilcrogiuolo.it\/it\/#\/schema\/logo\/image\/"},"sameAs":["https:\/\/www.facebook.com\/Il-Crogiuolo-681876418491758"]}]}},"_links":{"self":[{"href":"https:\/\/ilcrogiuolo.it\/it\/wp-json\/wp\/v2\/product\/8790","targetHints":{"allow":["GET"]}}],"collection":[{"href":"https:\/\/ilcrogiuolo.it\/it\/wp-json\/wp\/v2\/product"}],"about":[{"href":"https:\/\/ilcrogiuolo.it\/it\/wp-json\/wp\/v2\/types\/product"}],"wp:featuredmedia":[{"embeddable":true,"href":"https:\/\/ilcrogiuolo.it\/it\/wp-json\/wp\/v2\/media\/8791"}],"wp:attachment":[{"href":"https:\/\/ilcrogiuolo.it\/it\/wp-json\/wp\/v2\/media?parent=8790"}],"wp:term":[{"taxonomy":"product_brand","embeddable":true,"href":"https:\/\/ilcrogiuolo.it\/it\/wp-json\/wp\/v2\/product_brand?post=8790"},{"taxonomy":"product_cat","embeddable":true,"href":"https:\/\/ilcrogiuolo.it\/it\/wp-json\/wp\/v2\/product_cat?post=8790"},{"taxonomy":"product_tag","embeddable":true,"href":"https:\/\/ilcrogiuolo.it\/it\/wp-json\/wp\/v2\/product_tag?post=8790"}],"curies":[{"name":"wp","href":"https:\/\/api.w.org\/{rel}","templated":true}]}}