{"id":8754,"date":"2020-01-14T17:17:57","date_gmt":"2020-01-14T16:17:57","guid":{"rendered":"https:\/\/ilcrogiuolo.it\/p\/michael-laitman-introduzione-alla-saggezza-della-kabbalah\/"},"modified":"2020-01-30T10:41:03","modified_gmt":"2020-01-30T09:41:03","slug":"michael-laitman-introduzione-alla-saggezza-della-kabbalah","status":"publish","type":"product","link":"https:\/\/ilcrogiuolo.it\/it\/p\/michael-laitman-introduzione-alla-saggezza-della-kabbalah\/","title":{"rendered":"Michael Laitman &#8211; Introduzione alla saggezza della Kabbalah"},"content":{"rendered":"<p>Ci troviamo all&#8217;inizio di un processo nel cui stadio finale la Saggezza della Kabbalah occuper\u00e0 un posto centrale nella vita di ogni persona nel mondo, come metodo per risolvere i problemi globali e personali sempre pi\u00f9 gravosi.<\/p>\n<p>Il motivo di quanto affermato risiede nell&#8217;essenza della Saggezza della Kabbalah: essa \u00e8 <strong>la scienza che indaga le leggi che governano l&#8217;intero creato<\/strong>, leggi nascoste, e proprio perch\u00e9 sconosciute, causa di contrasti che innsecano reazioni avverse e negative.<\/p>\n<p>L&#8217;essenza della scoperta delle leggi della creazione, per ora a noi celate, ci condurr\u00e0 alla rivelazione di una realt\u00e0 diversa, che si chiarificher\u00e0 in questo nostro mondo: <strong>una realt\u00e0 spirituale, eterna ed integra<\/strong> la cui rivelazione \u00e8, allo stesso tempo, scopo dell&#8217;intero creato e scopo della vita dell&#8217;uomo.<\/p>\n<p>I kabbalisti scrivono che siamo giunti ad una fase in cui tutta l&#8217;umanit\u00e0 \u00e8 pronta per la rivelazione\u00a0 della realt\u00e0 spirituale e quindi la Saggezza della Kabbalah si rivela al mondo dopo migliaia di anni di occultamento.<\/p>\n<p>Proprio perch\u00e8 tutto il creato ha un fine, a avviene per caso.<\/p>\n","protected":false},"excerpt":{"rendered":"<p>Ci troviamo all&#8217;inizio di un processo nel cui stadio finale la Saggezza della Kabbalah occuper\u00e0 un posto centrale nella vita&#8230;<\/p>\n","protected":false},"featured_media":8755,"template":"","meta":{"_acf_changed":false},"product_brand":[],"product_cat":[1077,1470,1060],"product_tag":[],"class_list":{"0":"post-8754","1":"product","2":"type-product","3":"status-publish","4":"has-post-thumbnail","6":"product_cat-libreria-esoterica-libreria-esoterica","7":"product_cat-edizioni-psiche-2","8":"product_cat-libreria-esoterica","10":"first","11":"instock","12":"taxable","13":"shipping-taxable","14":"purchasable","15":"product-type-simple","16":"add-to-wishlist-before_image"},"acf":[],"yoast_head":"<!-- This site is optimized with the Yoast SEO plugin v26.9 - https:\/\/yoast.com\/product\/yoast-seo-wordpress\/ -->\n<title>Michael Laitman - Introduzione alla saggezza della Kabbalah - Il Crogiuolo<\/title>\n<meta name=\"description\" content=\"Michael Laitman - Introduzione alla saggezza della Kabbalah Ci troviamo all&#039;inizio di un processo nel cui stadio finale la Saggezza della Kabbalah occuper\u00e0 un posto centrale nella vita di ogni persona nel mondo,\" \/>\n<meta name=\"robots\" content=\"index, follow, max-snippet:-1, max-image-preview:large, max-video-preview:-1\" \/>\n<link rel=\"canonical\" href=\"https:\/\/ilcrogiuolo.it\/it\/p\/michael-laitman-introduzione-alla-saggezza-della-kabbalah\/\" \/>\n<meta property=\"og:locale\" content=\"it_IT\" \/>\n<meta property=\"og:type\" content=\"article\" \/>\n<meta property=\"og:title\" content=\"Michael Laitman - Introduzione alla saggezza della Kabbalah - Il Crogiuolo\" \/>\n<meta property=\"og:description\" content=\"Michael Laitman - Introduzione alla saggezza della Kabbalah Ci troviamo all&#039;inizio di un processo nel cui stadio finale la Saggezza della Kabbalah occuper\u00e0 un posto centrale nella vita di ogni persona nel mondo,\" \/>\n<meta property=\"og:url\" content=\"https:\/\/ilcrogiuolo.it\/it\/p\/michael-laitman-introduzione-alla-saggezza-della-kabbalah\/\" \/>\n<meta property=\"og:site_name\" content=\"Il Crogiuolo\" \/>\n<meta property=\"article:publisher\" content=\"https:\/\/www.facebook.com\/Il-Crogiuolo-681876418491758\" \/>\n<meta property=\"article:modified_time\" content=\"2020-01-30T09:41:03+00:00\" \/>\n<meta property=\"og:image\" content=\"https:\/\/ilcrogiuolo.it\/wp-content\/uploads\/2020\/01\/introduzionesaggezzakabala_0319778.jpg\" \/>\n\t<meta property=\"og:image:width\" content=\"627\" \/>\n\t<meta property=\"og:image:height\" content=\"600\" \/>\n\t<meta property=\"og:image:type\" content=\"image\/jpeg\" \/>\n<meta name=\"twitter:card\" content=\"summary_large_image\" \/>\n<meta name=\"twitter:label1\" content=\"Tempo di lettura stimato\" \/>\n\t<meta name=\"twitter:data1\" content=\"1 minuto\" \/>\n<script type=\"application\/ld+json\" class=\"yoast-schema-graph\">{\"@context\":\"https:\/\/schema.org\",\"@graph\":[{\"@type\":\"WebPage\",\"@id\":\"https:\/\/ilcrogiuolo.it\/it\/p\/michael-laitman-introduzione-alla-saggezza-della-kabbalah\/\",\"url\":\"https:\/\/ilcrogiuolo.it\/it\/p\/michael-laitman-introduzione-alla-saggezza-della-kabbalah\/\",\"name\":\"Michael Laitman - Introduzione alla saggezza della Kabbalah - Il Crogiuolo\",\"isPartOf\":{\"@id\":\"https:\/\/ilcrogiuolo.it\/it\/#website\"},\"primaryImageOfPage\":{\"@id\":\"https:\/\/ilcrogiuolo.it\/it\/p\/michael-laitman-introduzione-alla-saggezza-della-kabbalah\/#primaryimage\"},\"image\":{\"@id\":\"https:\/\/ilcrogiuolo.it\/it\/p\/michael-laitman-introduzione-alla-saggezza-della-kabbalah\/#primaryimage\"},\"thumbnailUrl\":\"https:\/\/ilcrogiuolo.it\/wp-content\/uploads\/2020\/01\/introduzionesaggezzakabala_0319778.jpg\",\"datePublished\":\"2020-01-14T16:17:57+00:00\",\"dateModified\":\"2020-01-30T09:41:03+00:00\",\"description\":\"Michael Laitman - Introduzione alla saggezza della Kabbalah Ci troviamo all'inizio di un processo nel cui stadio finale la Saggezza della Kabbalah occuper\u00e0 un posto centrale nella vita di ogni persona nel mondo,\",\"breadcrumb\":{\"@id\":\"https:\/\/ilcrogiuolo.it\/it\/p\/michael-laitman-introduzione-alla-saggezza-della-kabbalah\/#breadcrumb\"},\"inLanguage\":\"it-IT\",\"potentialAction\":[{\"@type\":\"ReadAction\",\"target\":[\"https:\/\/ilcrogiuolo.it\/it\/p\/michael-laitman-introduzione-alla-saggezza-della-kabbalah\/\"]}]},{\"@type\":\"ImageObject\",\"inLanguage\":\"it-IT\",\"@id\":\"https:\/\/ilcrogiuolo.it\/it\/p\/michael-laitman-introduzione-alla-saggezza-della-kabbalah\/#primaryimage\",\"url\":\"https:\/\/ilcrogiuolo.it\/wp-content\/uploads\/2020\/01\/introduzionesaggezzakabala_0319778.jpg\",\"contentUrl\":\"https:\/\/ilcrogiuolo.it\/wp-content\/uploads\/2020\/01\/introduzionesaggezzakabala_0319778.jpg\",\"width\":627,\"height\":600},{\"@type\":\"BreadcrumbList\",\"@id\":\"https:\/\/ilcrogiuolo.it\/it\/p\/michael-laitman-introduzione-alla-saggezza-della-kabbalah\/#breadcrumb\",\"itemListElement\":[{\"@type\":\"ListItem\",\"position\":1,\"name\":\"Home\",\"item\":\"https:\/\/ilcrogiuolo.it\/it\/\"},{\"@type\":\"ListItem\",\"position\":2,\"name\":\"Shop\",\"item\":\"https:\/\/ilcrogiuolo.it\/it\/negozio\/\"},{\"@type\":\"ListItem\",\"position\":3,\"name\":\"Michael Laitman &#8211; Introduzione alla saggezza della Kabbalah\"}]},{\"@type\":\"WebSite\",\"@id\":\"https:\/\/ilcrogiuolo.it\/it\/#website\",\"url\":\"https:\/\/ilcrogiuolo.it\/it\/\",\"name\":\"Il Crogiuolo\",\"description\":\"\",\"publisher\":{\"@id\":\"https:\/\/ilcrogiuolo.it\/it\/#organization\"},\"potentialAction\":[{\"@type\":\"SearchAction\",\"target\":{\"@type\":\"EntryPoint\",\"urlTemplate\":\"https:\/\/ilcrogiuolo.it\/it\/?s={search_term_string}\"},\"query-input\":{\"@type\":\"PropertyValueSpecification\",\"valueRequired\":true,\"valueName\":\"search_term_string\"}}],\"inLanguage\":\"it-IT\"},{\"@type\":\"Organization\",\"@id\":\"https:\/\/ilcrogiuolo.it\/it\/#organization\",\"name\":\"Il Crogiuolo\",\"url\":\"https:\/\/ilcrogiuolo.it\/it\/\",\"logo\":{\"@type\":\"ImageObject\",\"inLanguage\":\"it-IT\",\"@id\":\"https:\/\/ilcrogiuolo.it\/it\/#\/schema\/logo\/image\/\",\"url\":\"https:\/\/ilcrogiuolo.it\/wp-content\/uploads\/2020\/04\/logo.png\",\"contentUrl\":\"https:\/\/ilcrogiuolo.it\/wp-content\/uploads\/2020\/04\/logo.png\",\"width\":200,\"height\":49,\"caption\":\"Il Crogiuolo\"},\"image\":{\"@id\":\"https:\/\/ilcrogiuolo.it\/it\/#\/schema\/logo\/image\/\"},\"sameAs\":[\"https:\/\/www.facebook.com\/Il-Crogiuolo-681876418491758\"]}]}<\/script>\n<!-- \/ Yoast SEO plugin. -->","yoast_head_json":{"title":"Michael Laitman - Introduzione alla saggezza della Kabbalah - Il Crogiuolo","description":"Michael Laitman - Introduzione alla saggezza della Kabbalah Ci troviamo all'inizio di un processo nel cui stadio finale la Saggezza della Kabbalah occuper\u00e0 un posto centrale nella vita di ogni persona nel mondo,","robots":{"index":"index","follow":"follow","max-snippet":"max-snippet:-1","max-image-preview":"max-image-preview:large","max-video-preview":"max-video-preview:-1"},"canonical":"https:\/\/ilcrogiuolo.it\/it\/p\/michael-laitman-introduzione-alla-saggezza-della-kabbalah\/","og_locale":"it_IT","og_type":"article","og_title":"Michael Laitman - Introduzione alla saggezza della Kabbalah - Il Crogiuolo","og_description":"Michael Laitman - Introduzione alla saggezza della Kabbalah Ci troviamo all'inizio di un processo nel cui stadio finale la Saggezza della Kabbalah occuper\u00e0 un posto centrale nella vita di ogni persona nel mondo,","og_url":"https:\/\/ilcrogiuolo.it\/it\/p\/michael-laitman-introduzione-alla-saggezza-della-kabbalah\/","og_site_name":"Il Crogiuolo","article_publisher":"https:\/\/www.facebook.com\/Il-Crogiuolo-681876418491758","article_modified_time":"2020-01-30T09:41:03+00:00","og_image":[{"width":627,"height":600,"url":"https:\/\/ilcrogiuolo.it\/wp-content\/uploads\/2020\/01\/introduzionesaggezzakabala_0319778.jpg","type":"image\/jpeg"}],"twitter_card":"summary_large_image","twitter_misc":{"Tempo di lettura stimato":"1 minuto"},"schema":{"@context":"https:\/\/schema.org","@graph":[{"@type":"WebPage","@id":"https:\/\/ilcrogiuolo.it\/it\/p\/michael-laitman-introduzione-alla-saggezza-della-kabbalah\/","url":"https:\/\/ilcrogiuolo.it\/it\/p\/michael-laitman-introduzione-alla-saggezza-della-kabbalah\/","name":"Michael Laitman - Introduzione alla saggezza della Kabbalah - Il Crogiuolo","isPartOf":{"@id":"https:\/\/ilcrogiuolo.it\/it\/#website"},"primaryImageOfPage":{"@id":"https:\/\/ilcrogiuolo.it\/it\/p\/michael-laitman-introduzione-alla-saggezza-della-kabbalah\/#primaryimage"},"image":{"@id":"https:\/\/ilcrogiuolo.it\/it\/p\/michael-laitman-introduzione-alla-saggezza-della-kabbalah\/#primaryimage"},"thumbnailUrl":"https:\/\/ilcrogiuolo.it\/wp-content\/uploads\/2020\/01\/introduzionesaggezzakabala_0319778.jpg","datePublished":"2020-01-14T16:17:57+00:00","dateModified":"2020-01-30T09:41:03+00:00","description":"Michael Laitman - Introduzione alla saggezza della Kabbalah Ci troviamo all'inizio di un processo nel cui stadio finale la Saggezza della Kabbalah occuper\u00e0 un posto centrale nella vita di ogni persona nel mondo,","breadcrumb":{"@id":"https:\/\/ilcrogiuolo.it\/it\/p\/michael-laitman-introduzione-alla-saggezza-della-kabbalah\/#breadcrumb"},"inLanguage":"it-IT","potentialAction":[{"@type":"ReadAction","target":["https:\/\/ilcrogiuolo.it\/it\/p\/michael-laitman-introduzione-alla-saggezza-della-kabbalah\/"]}]},{"@type":"ImageObject","inLanguage":"it-IT","@id":"https:\/\/ilcrogiuolo.it\/it\/p\/michael-laitman-introduzione-alla-saggezza-della-kabbalah\/#primaryimage","url":"https:\/\/ilcrogiuolo.it\/wp-content\/uploads\/2020\/01\/introduzionesaggezzakabala_0319778.jpg","contentUrl":"https:\/\/ilcrogiuolo.it\/wp-content\/uploads\/2020\/01\/introduzionesaggezzakabala_0319778.jpg","width":627,"height":600},{"@type":"BreadcrumbList","@id":"https:\/\/ilcrogiuolo.it\/it\/p\/michael-laitman-introduzione-alla-saggezza-della-kabbalah\/#breadcrumb","itemListElement":[{"@type":"ListItem","position":1,"name":"Home","item":"https:\/\/ilcrogiuolo.it\/it\/"},{"@type":"ListItem","position":2,"name":"Shop","item":"https:\/\/ilcrogiuolo.it\/it\/negozio\/"},{"@type":"ListItem","position":3,"name":"Michael Laitman &#8211; Introduzione alla saggezza della Kabbalah"}]},{"@type":"WebSite","@id":"https:\/\/ilcrogiuolo.it\/it\/#website","url":"https:\/\/ilcrogiuolo.it\/it\/","name":"Il Crogiuolo","description":"","publisher":{"@id":"https:\/\/ilcrogiuolo.it\/it\/#organization"},"potentialAction":[{"@type":"SearchAction","target":{"@type":"EntryPoint","urlTemplate":"https:\/\/ilcrogiuolo.it\/it\/?s={search_term_string}"},"query-input":{"@type":"PropertyValueSpecification","valueRequired":true,"valueName":"search_term_string"}}],"inLanguage":"it-IT"},{"@type":"Organization","@id":"https:\/\/ilcrogiuolo.it\/it\/#organization","name":"Il Crogiuolo","url":"https:\/\/ilcrogiuolo.it\/it\/","logo":{"@type":"ImageObject","inLanguage":"it-IT","@id":"https:\/\/ilcrogiuolo.it\/it\/#\/schema\/logo\/image\/","url":"https:\/\/ilcrogiuolo.it\/wp-content\/uploads\/2020\/04\/logo.png","contentUrl":"https:\/\/ilcrogiuolo.it\/wp-content\/uploads\/2020\/04\/logo.png","width":200,"height":49,"caption":"Il Crogiuolo"},"image":{"@id":"https:\/\/ilcrogiuolo.it\/it\/#\/schema\/logo\/image\/"},"sameAs":["https:\/\/www.facebook.com\/Il-Crogiuolo-681876418491758"]}]}},"_links":{"self":[{"href":"https:\/\/ilcrogiuolo.it\/it\/wp-json\/wp\/v2\/product\/8754","targetHints":{"allow":["GET"]}}],"collection":[{"href":"https:\/\/ilcrogiuolo.it\/it\/wp-json\/wp\/v2\/product"}],"about":[{"href":"https:\/\/ilcrogiuolo.it\/it\/wp-json\/wp\/v2\/types\/product"}],"wp:featuredmedia":[{"embeddable":true,"href":"https:\/\/ilcrogiuolo.it\/it\/wp-json\/wp\/v2\/media\/8755"}],"wp:attachment":[{"href":"https:\/\/ilcrogiuolo.it\/it\/wp-json\/wp\/v2\/media?parent=8754"}],"wp:term":[{"taxonomy":"product_brand","embeddable":true,"href":"https:\/\/ilcrogiuolo.it\/it\/wp-json\/wp\/v2\/product_brand?post=8754"},{"taxonomy":"product_cat","embeddable":true,"href":"https:\/\/ilcrogiuolo.it\/it\/wp-json\/wp\/v2\/product_cat?post=8754"},{"taxonomy":"product_tag","embeddable":true,"href":"https:\/\/ilcrogiuolo.it\/it\/wp-json\/wp\/v2\/product_tag?post=8754"}],"curies":[{"name":"wp","href":"https:\/\/api.w.org\/{rel}","templated":true}]}}