{"id":8730,"date":"2020-01-14T17:17:57","date_gmt":"2020-01-14T16:17:57","guid":{"rendered":"https:\/\/ilcrogiuolo.it\/p\/san-floriano-cm-12-in-resina-dipinto-a-mano\/"},"modified":"2024-10-25T14:20:31","modified_gmt":"2024-10-25T12:20:31","slug":"san-floriano-cm-12-in-resina-dipinto-a-mano","status":"publish","type":"product","link":"https:\/\/ilcrogiuolo.it\/it\/p\/san-floriano-cm-12-in-resina-dipinto-a-mano\/","title":{"rendered":"SAN FLORIANO cm 12 in resina dipinto a mano"},"content":{"rendered":"<p>San Floriano\u00a0 era un veterano dell&#8217;esercito romano che viveva a Mantem presso Krems. Avendo saputo che Aquilino, preside del Norico Ripense, durante la persecuzione di Diocleziano, aveva arrestato a Lorch quaranta cristiani, desiderando di condividerne la sorte si rec\u00f2 in quella citt\u00e0. Prima di entrarvi, per\u00f2, si imbatt\u00e9 in alcuni soldati, ai quali manifest\u00f2 di essere cristiano; fu perci\u00f2 arrestato e condotto dal preside, il quale non riuscendo a farlo sacrificare agli dei, lo fece flagellare e quindi lo condann\u00f2 ad essere gettato nel fiume Enns con una pietra al collo: la sentenza fu eseguita il 4 maggio 304. I1 corpo del martire fu, in seguito, ritrovato e seppellito da una certa Valeria. Fin qui l\u2019agiografia cattolica. Nel Vudu dominicano questo santo diventa\u00a0 Atacu\u00e0 Baleny\u00f2 e viene considerato il principe degli Ogunes. Nel Vudu haitiano invece \u00e8 Odun Demany\u00e9 (Ogun due maniere) \u00e8 considerato un lw\u00e0 androgino, educato nei modi e molto bello, al punto di esercitare un fascino accattivante sia sugli uomini che sulle donne. La sua bellezza fa si che venga invocato spesso dagli omosessuali uomini per sedurre una persona del proprio sesso; si ritiene addirittura che il fascino donato da questo misterio riesca a conquistare anche gli eterosessuali pi\u00f9 convinti.<\/p>\n","protected":false},"excerpt":{"rendered":"<p>San Floriano\u00a0 era un veterano dell&#8217;esercito romano che viveva a Mantem presso Krems. Avendo saputo che Aquilino, preside del Norico&#8230;<\/p>\n","protected":false},"featured_media":47975,"template":"","meta":{"_acf_changed":false},"product_brand":[],"product_cat":[1111,1064,1451],"product_tag":[],"class_list":{"0":"post-8730","1":"product","2":"type-product","3":"status-publish","4":"has-post-thumbnail","6":"product_cat-statue-degli-angeli-e-dei-santi","7":"product_cat-statue-in-gesso-e-resina","8":"product_cat-statue-in-gesso-resina-dei-santi","10":"first","11":"instock","12":"taxable","13":"shipping-taxable","14":"purchasable","15":"product-type-simple","16":"add-to-wishlist-before_image"},"acf":[],"yoast_head":"<!-- This site is optimized with the Yoast SEO plugin v26.9 - https:\/\/yoast.com\/product\/yoast-seo-wordpress\/ -->\n<title>SAN FLORIANO cm 12 in resina dipinto a mano - Il Crogiuolo<\/title>\n<meta name=\"description\" content=\"SAN FLORIANO cm 12 in resina dipinto a mano San Floriano\u00a0 era un veterano dell&#039;esercito romano che viveva a Mantem presso Krems. Avendo saputo che Aquilino, preside del Norico Ripense, durante la\" \/>\n<meta name=\"robots\" content=\"index, follow, max-snippet:-1, max-image-preview:large, max-video-preview:-1\" \/>\n<link rel=\"canonical\" href=\"https:\/\/ilcrogiuolo.it\/it\/p\/san-floriano-cm-12-in-resina-dipinto-a-mano\/\" \/>\n<meta property=\"og:locale\" content=\"it_IT\" \/>\n<meta property=\"og:type\" content=\"article\" \/>\n<meta property=\"og:title\" content=\"SAN FLORIANO cm 12 in resina dipinto a mano - Il Crogiuolo\" \/>\n<meta property=\"og:description\" content=\"SAN FLORIANO cm 12 in resina dipinto a mano San Floriano\u00a0 era un veterano dell&#039;esercito romano che viveva a Mantem presso Krems. Avendo saputo che Aquilino, preside del Norico Ripense, durante la\" \/>\n<meta property=\"og:url\" content=\"https:\/\/ilcrogiuolo.it\/it\/p\/san-floriano-cm-12-in-resina-dipinto-a-mano\/\" \/>\n<meta property=\"og:site_name\" content=\"Il Crogiuolo\" \/>\n<meta property=\"article:publisher\" content=\"https:\/\/www.facebook.com\/Il-Crogiuolo-681876418491758\" \/>\n<meta property=\"article:modified_time\" content=\"2024-10-25T12:20:31+00:00\" \/>\n<meta property=\"og:image\" content=\"https:\/\/ilcrogiuolo.it\/wp-content\/uploads\/2020\/01\/floriano.png\" \/>\n\t<meta property=\"og:image:width\" content=\"1500\" \/>\n\t<meta property=\"og:image:height\" content=\"1388\" \/>\n\t<meta property=\"og:image:type\" content=\"image\/png\" \/>\n<meta name=\"twitter:card\" content=\"summary_large_image\" \/>\n<meta name=\"twitter:label1\" content=\"Tempo di lettura stimato\" \/>\n\t<meta name=\"twitter:data1\" content=\"2 minuti\" \/>\n<script type=\"application\/ld+json\" class=\"yoast-schema-graph\">{\"@context\":\"https:\/\/schema.org\",\"@graph\":[{\"@type\":\"WebPage\",\"@id\":\"https:\/\/ilcrogiuolo.it\/it\/p\/san-floriano-cm-12-in-resina-dipinto-a-mano\/\",\"url\":\"https:\/\/ilcrogiuolo.it\/it\/p\/san-floriano-cm-12-in-resina-dipinto-a-mano\/\",\"name\":\"SAN FLORIANO cm 12 in resina dipinto a mano - Il Crogiuolo\",\"isPartOf\":{\"@id\":\"https:\/\/ilcrogiuolo.it\/it\/#website\"},\"primaryImageOfPage\":{\"@id\":\"https:\/\/ilcrogiuolo.it\/it\/p\/san-floriano-cm-12-in-resina-dipinto-a-mano\/#primaryimage\"},\"image\":{\"@id\":\"https:\/\/ilcrogiuolo.it\/it\/p\/san-floriano-cm-12-in-resina-dipinto-a-mano\/#primaryimage\"},\"thumbnailUrl\":\"https:\/\/ilcrogiuolo.it\/wp-content\/uploads\/2020\/01\/floriano.png\",\"datePublished\":\"2020-01-14T16:17:57+00:00\",\"dateModified\":\"2024-10-25T12:20:31+00:00\",\"description\":\"SAN FLORIANO cm 12 in resina dipinto a mano San Floriano\u00a0 era un veterano dell'esercito romano che viveva a Mantem presso Krems. Avendo saputo che Aquilino, preside del Norico Ripense, durante la\",\"breadcrumb\":{\"@id\":\"https:\/\/ilcrogiuolo.it\/it\/p\/san-floriano-cm-12-in-resina-dipinto-a-mano\/#breadcrumb\"},\"inLanguage\":\"it-IT\",\"potentialAction\":[{\"@type\":\"ReadAction\",\"target\":[\"https:\/\/ilcrogiuolo.it\/it\/p\/san-floriano-cm-12-in-resina-dipinto-a-mano\/\"]}]},{\"@type\":\"ImageObject\",\"inLanguage\":\"it-IT\",\"@id\":\"https:\/\/ilcrogiuolo.it\/it\/p\/san-floriano-cm-12-in-resina-dipinto-a-mano\/#primaryimage\",\"url\":\"https:\/\/ilcrogiuolo.it\/wp-content\/uploads\/2020\/01\/floriano.png\",\"contentUrl\":\"https:\/\/ilcrogiuolo.it\/wp-content\/uploads\/2020\/01\/floriano.png\",\"width\":1500,\"height\":1388},{\"@type\":\"BreadcrumbList\",\"@id\":\"https:\/\/ilcrogiuolo.it\/it\/p\/san-floriano-cm-12-in-resina-dipinto-a-mano\/#breadcrumb\",\"itemListElement\":[{\"@type\":\"ListItem\",\"position\":1,\"name\":\"Home\",\"item\":\"https:\/\/ilcrogiuolo.it\/it\/\"},{\"@type\":\"ListItem\",\"position\":2,\"name\":\"Shop\",\"item\":\"https:\/\/ilcrogiuolo.it\/it\/negozio\/\"},{\"@type\":\"ListItem\",\"position\":3,\"name\":\"SAN FLORIANO cm 12 in resina dipinto a mano\"}]},{\"@type\":\"WebSite\",\"@id\":\"https:\/\/ilcrogiuolo.it\/it\/#website\",\"url\":\"https:\/\/ilcrogiuolo.it\/it\/\",\"name\":\"Il Crogiuolo\",\"description\":\"\",\"publisher\":{\"@id\":\"https:\/\/ilcrogiuolo.it\/it\/#organization\"},\"potentialAction\":[{\"@type\":\"SearchAction\",\"target\":{\"@type\":\"EntryPoint\",\"urlTemplate\":\"https:\/\/ilcrogiuolo.it\/it\/?s={search_term_string}\"},\"query-input\":{\"@type\":\"PropertyValueSpecification\",\"valueRequired\":true,\"valueName\":\"search_term_string\"}}],\"inLanguage\":\"it-IT\"},{\"@type\":\"Organization\",\"@id\":\"https:\/\/ilcrogiuolo.it\/it\/#organization\",\"name\":\"Il Crogiuolo\",\"url\":\"https:\/\/ilcrogiuolo.it\/it\/\",\"logo\":{\"@type\":\"ImageObject\",\"inLanguage\":\"it-IT\",\"@id\":\"https:\/\/ilcrogiuolo.it\/it\/#\/schema\/logo\/image\/\",\"url\":\"https:\/\/ilcrogiuolo.it\/wp-content\/uploads\/2020\/04\/logo.png\",\"contentUrl\":\"https:\/\/ilcrogiuolo.it\/wp-content\/uploads\/2020\/04\/logo.png\",\"width\":200,\"height\":49,\"caption\":\"Il Crogiuolo\"},\"image\":{\"@id\":\"https:\/\/ilcrogiuolo.it\/it\/#\/schema\/logo\/image\/\"},\"sameAs\":[\"https:\/\/www.facebook.com\/Il-Crogiuolo-681876418491758\"]}]}<\/script>\n<!-- \/ Yoast SEO plugin. -->","yoast_head_json":{"title":"SAN FLORIANO cm 12 in resina dipinto a mano - Il Crogiuolo","description":"SAN FLORIANO cm 12 in resina dipinto a mano San Floriano\u00a0 era un veterano dell'esercito romano che viveva a Mantem presso Krems. Avendo saputo che Aquilino, preside del Norico Ripense, durante la","robots":{"index":"index","follow":"follow","max-snippet":"max-snippet:-1","max-image-preview":"max-image-preview:large","max-video-preview":"max-video-preview:-1"},"canonical":"https:\/\/ilcrogiuolo.it\/it\/p\/san-floriano-cm-12-in-resina-dipinto-a-mano\/","og_locale":"it_IT","og_type":"article","og_title":"SAN FLORIANO cm 12 in resina dipinto a mano - Il Crogiuolo","og_description":"SAN FLORIANO cm 12 in resina dipinto a mano San Floriano\u00a0 era un veterano dell'esercito romano che viveva a Mantem presso Krems. Avendo saputo che Aquilino, preside del Norico Ripense, durante la","og_url":"https:\/\/ilcrogiuolo.it\/it\/p\/san-floriano-cm-12-in-resina-dipinto-a-mano\/","og_site_name":"Il Crogiuolo","article_publisher":"https:\/\/www.facebook.com\/Il-Crogiuolo-681876418491758","article_modified_time":"2024-10-25T12:20:31+00:00","og_image":[{"width":1500,"height":1388,"url":"https:\/\/ilcrogiuolo.it\/wp-content\/uploads\/2020\/01\/floriano.png","type":"image\/png"}],"twitter_card":"summary_large_image","twitter_misc":{"Tempo di lettura stimato":"2 minuti"},"schema":{"@context":"https:\/\/schema.org","@graph":[{"@type":"WebPage","@id":"https:\/\/ilcrogiuolo.it\/it\/p\/san-floriano-cm-12-in-resina-dipinto-a-mano\/","url":"https:\/\/ilcrogiuolo.it\/it\/p\/san-floriano-cm-12-in-resina-dipinto-a-mano\/","name":"SAN FLORIANO cm 12 in resina dipinto a mano - Il Crogiuolo","isPartOf":{"@id":"https:\/\/ilcrogiuolo.it\/it\/#website"},"primaryImageOfPage":{"@id":"https:\/\/ilcrogiuolo.it\/it\/p\/san-floriano-cm-12-in-resina-dipinto-a-mano\/#primaryimage"},"image":{"@id":"https:\/\/ilcrogiuolo.it\/it\/p\/san-floriano-cm-12-in-resina-dipinto-a-mano\/#primaryimage"},"thumbnailUrl":"https:\/\/ilcrogiuolo.it\/wp-content\/uploads\/2020\/01\/floriano.png","datePublished":"2020-01-14T16:17:57+00:00","dateModified":"2024-10-25T12:20:31+00:00","description":"SAN FLORIANO cm 12 in resina dipinto a mano San Floriano\u00a0 era un veterano dell'esercito romano che viveva a Mantem presso Krems. Avendo saputo che Aquilino, preside del Norico Ripense, durante la","breadcrumb":{"@id":"https:\/\/ilcrogiuolo.it\/it\/p\/san-floriano-cm-12-in-resina-dipinto-a-mano\/#breadcrumb"},"inLanguage":"it-IT","potentialAction":[{"@type":"ReadAction","target":["https:\/\/ilcrogiuolo.it\/it\/p\/san-floriano-cm-12-in-resina-dipinto-a-mano\/"]}]},{"@type":"ImageObject","inLanguage":"it-IT","@id":"https:\/\/ilcrogiuolo.it\/it\/p\/san-floriano-cm-12-in-resina-dipinto-a-mano\/#primaryimage","url":"https:\/\/ilcrogiuolo.it\/wp-content\/uploads\/2020\/01\/floriano.png","contentUrl":"https:\/\/ilcrogiuolo.it\/wp-content\/uploads\/2020\/01\/floriano.png","width":1500,"height":1388},{"@type":"BreadcrumbList","@id":"https:\/\/ilcrogiuolo.it\/it\/p\/san-floriano-cm-12-in-resina-dipinto-a-mano\/#breadcrumb","itemListElement":[{"@type":"ListItem","position":1,"name":"Home","item":"https:\/\/ilcrogiuolo.it\/it\/"},{"@type":"ListItem","position":2,"name":"Shop","item":"https:\/\/ilcrogiuolo.it\/it\/negozio\/"},{"@type":"ListItem","position":3,"name":"SAN FLORIANO cm 12 in resina dipinto a mano"}]},{"@type":"WebSite","@id":"https:\/\/ilcrogiuolo.it\/it\/#website","url":"https:\/\/ilcrogiuolo.it\/it\/","name":"Il Crogiuolo","description":"","publisher":{"@id":"https:\/\/ilcrogiuolo.it\/it\/#organization"},"potentialAction":[{"@type":"SearchAction","target":{"@type":"EntryPoint","urlTemplate":"https:\/\/ilcrogiuolo.it\/it\/?s={search_term_string}"},"query-input":{"@type":"PropertyValueSpecification","valueRequired":true,"valueName":"search_term_string"}}],"inLanguage":"it-IT"},{"@type":"Organization","@id":"https:\/\/ilcrogiuolo.it\/it\/#organization","name":"Il Crogiuolo","url":"https:\/\/ilcrogiuolo.it\/it\/","logo":{"@type":"ImageObject","inLanguage":"it-IT","@id":"https:\/\/ilcrogiuolo.it\/it\/#\/schema\/logo\/image\/","url":"https:\/\/ilcrogiuolo.it\/wp-content\/uploads\/2020\/04\/logo.png","contentUrl":"https:\/\/ilcrogiuolo.it\/wp-content\/uploads\/2020\/04\/logo.png","width":200,"height":49,"caption":"Il Crogiuolo"},"image":{"@id":"https:\/\/ilcrogiuolo.it\/it\/#\/schema\/logo\/image\/"},"sameAs":["https:\/\/www.facebook.com\/Il-Crogiuolo-681876418491758"]}]}},"_links":{"self":[{"href":"https:\/\/ilcrogiuolo.it\/it\/wp-json\/wp\/v2\/product\/8730","targetHints":{"allow":["GET"]}}],"collection":[{"href":"https:\/\/ilcrogiuolo.it\/it\/wp-json\/wp\/v2\/product"}],"about":[{"href":"https:\/\/ilcrogiuolo.it\/it\/wp-json\/wp\/v2\/types\/product"}],"wp:featuredmedia":[{"embeddable":true,"href":"https:\/\/ilcrogiuolo.it\/it\/wp-json\/wp\/v2\/media\/47975"}],"wp:attachment":[{"href":"https:\/\/ilcrogiuolo.it\/it\/wp-json\/wp\/v2\/media?parent=8730"}],"wp:term":[{"taxonomy":"product_brand","embeddable":true,"href":"https:\/\/ilcrogiuolo.it\/it\/wp-json\/wp\/v2\/product_brand?post=8730"},{"taxonomy":"product_cat","embeddable":true,"href":"https:\/\/ilcrogiuolo.it\/it\/wp-json\/wp\/v2\/product_cat?post=8730"},{"taxonomy":"product_tag","embeddable":true,"href":"https:\/\/ilcrogiuolo.it\/it\/wp-json\/wp\/v2\/product_tag?post=8730"}],"curies":[{"name":"wp","href":"https:\/\/api.w.org\/{rel}","templated":true}]}}