{"id":8643,"date":"2020-01-14T17:17:45","date_gmt":"2020-01-14T16:17:45","guid":{"rendered":"https:\/\/ilcrogiuolo.it\/p\/larcobaleno-di-bach-petali-segreti\/"},"modified":"2020-01-30T15:56:14","modified_gmt":"2020-01-30T14:56:14","slug":"larcobaleno-di-bach-petali-segreti","status":"publish","type":"product","link":"https:\/\/ilcrogiuolo.it\/it\/p\/larcobaleno-di-bach-petali-segreti\/","title":{"rendered":"L&#8217;ARCOBALENO DI BACH &#8211; PETALI SEGRETI"},"content":{"rendered":"<p>L\u2019ARCOBALENO DI BACH<br \/>\nPETALI SEGRETI<\/p>\n<p>SCHEDA TECNICA DEL VOLUME<\/p>\n<p>TITOLO: L\u2019arcobaleno di Bach<br \/>\nCONTROTITOLO: Petali segreti &#8211; la rosa<br \/>\nAUTORE: Erika Pesce, Floriterapeuta, Esperta MCA, Counselor Indaco, Docente<\/p>\n<p>PAGINE: 162 pagine<br \/>\nDIMENSIONI: Cm. 15&#215;21, dorso cm. 1<\/p>\n<p>\u201cL\u2019arcobaleno di Bach\u201d\u00a0 \u00e8 un saggio di semplice lettura in cui l\u2019autrice presenta in modo coinvolgente e pratico in contemporanea i Fiori di Bach ed un approfondimento di fitoterapia centrato sulla rosa.<br \/>\nI primi rappresentano il cuore delle essenze floreali naturali che permettono di rimettersi in sintonia con il proprio, vero io, sono infatti 38 rimedi analizzati dal Dott. Edward Bach ad inizi del secolo \u2018900 con l\u2019obiettivo di curare realmente la causa di malattie fisiche e psico-emotive, invece che soffermarsi solamente sul sintomo in evidenza. Il libro affronta in modo pratico i diversi disagi di ogni giorno, aiutando il lettore a comprendere i reali meccanismi che creano i problemi e quindi indirizzandoli alla loro risoluzione attraverso l\u2019applicazione dei rimedi di Bach.<br \/>\nLa sezione dedicata alla Fitoterapia, in contro copertina e con un opposto criterio di lettura rispetto ai Fiori di Bach, \u00e8 un breve trattato sui mille utilizzi delle rose, che le nostre nonne apprezzavano ed applicavano quotidianamente. La rosa, gi\u00e0 utilizzata dagli antichi Egizi, \u00e8 un valido aiuto come di estratto, macerato, olio essenziale ma anche \u2026in cucina! Oggi, questi rimedi sono consigliati dall\u2019Organizzazione Mondiale della Sanit\u00e0, che sta valutando come integrarli a pieno all\u2019interno del nostro Servizio Sanitario Nazionale.<\/p>\n<p>Il lettore, scorrendo le pagine, comprende che con i Fiori di Bach si compie anche un percorso di consapevolezza di s\u00e9 &#8211; attraverso l\u2019assunzione di gocce, impacchi o diluizioni con gli oli essenziali in acqua che promuove l\u2019armonia di corpo, anima e psiche \u2013 e del perch\u00e9 e con che modalit\u00e0 il nostro corpo si ammala, mettendosi cos\u00ec in condizione di non commettere pi\u00f9 gli errori che hanno causato il disturbo. L\u2019obiettivo di \u201cL\u2019arcobaleno di Bach\u201d \u00e8 offrire al lettore il rimedio adatto per s\u00e9, cos\u00ec come al principio il Dottor Bach intendeva la Floriterapia.<br \/>\nPoich\u00e9 la vita odierna \u00e8 molto pi\u00f9 complessa di quella condotta da Bach ai primi del Novecento, nel saggio \u00e8 stata ampliata la visione dei rimedi prendendo in considerazione tutto ci\u00f2 che pu\u00f2 servire nei momenti di bisogno: ecco quindi la scelta di approfondire il pensiero di Orozco, di introdurre alcune creme semplici da preparare, di parlare non solo di bambini ma anche di animali e piante.<br \/>\nIn fine il libro propone una conclusione divertente con la sezione dedicata alla cucina, per tutti coloro che da sempre cercano di portare un po\u2019 di natura anche in tavola.<\/p>\n","protected":false},"excerpt":{"rendered":"<p>L\u2019ARCOBALENO DI BACH PETALI SEGRETI SCHEDA TECNICA DEL VOLUME TITOLO: L\u2019arcobaleno di Bach CONTROTITOLO: Petali segreti &#8211; la rosa AUTORE:&#8230;<\/p>\n","protected":false},"featured_media":8644,"template":"","meta":{"_acf_changed":false},"product_brand":[],"product_cat":[1077,1536,1060],"product_tag":[],"class_list":{"0":"post-8643","1":"product","2":"type-product","3":"status-publish","4":"has-post-thumbnail","6":"product_cat-libreria-esoterica-libreria-esoterica","7":"product_cat-altre-edizioni","8":"product_cat-libreria-esoterica","10":"first","11":"instock","12":"taxable","13":"shipping-taxable","14":"purchasable","15":"product-type-simple","16":"add-to-wishlist-before_image"},"acf":[],"yoast_head":"<!-- This site is optimized with the Yoast SEO plugin v26.9 - https:\/\/yoast.com\/product\/yoast-seo-wordpress\/ -->\n<title>L&#039;ARCOBALENO DI BACH - PETALI SEGRETI - Il Crogiuolo<\/title>\n<meta name=\"description\" content=\"L&#039;ARCOBALENO DI BACH - PETALI SEGRETI L\u2019ARCOBALENO DI BACH PETALI SEGRETI SCHEDA TECNICA DEL VOLUME TITOLO: L\u2019arcobaleno di Bach CONTROTITOLO: Petali segreti - la rosa AUTORE: Erika Pesce,\" \/>\n<meta name=\"robots\" content=\"index, follow, max-snippet:-1, max-image-preview:large, max-video-preview:-1\" \/>\n<link rel=\"canonical\" href=\"https:\/\/ilcrogiuolo.it\/it\/p\/larcobaleno-di-bach-petali-segreti\/\" \/>\n<meta property=\"og:locale\" content=\"it_IT\" \/>\n<meta property=\"og:type\" content=\"article\" \/>\n<meta property=\"og:title\" content=\"L&#039;ARCOBALENO DI BACH - PETALI SEGRETI - Il Crogiuolo\" \/>\n<meta property=\"og:description\" content=\"L&#039;ARCOBALENO DI BACH - PETALI SEGRETI L\u2019ARCOBALENO DI BACH PETALI SEGRETI SCHEDA TECNICA DEL VOLUME TITOLO: L\u2019arcobaleno di Bach CONTROTITOLO: Petali segreti - la rosa AUTORE: Erika Pesce,\" \/>\n<meta property=\"og:url\" content=\"https:\/\/ilcrogiuolo.it\/it\/p\/larcobaleno-di-bach-petali-segreti\/\" \/>\n<meta property=\"og:site_name\" content=\"Il Crogiuolo\" \/>\n<meta property=\"article:publisher\" content=\"https:\/\/www.facebook.com\/Il-Crogiuolo-681876418491758\" \/>\n<meta property=\"article:modified_time\" content=\"2020-01-30T14:56:14+00:00\" \/>\n<meta property=\"og:image\" content=\"https:\/\/ilcrogiuolo.it\/wp-content\/uploads\/2020\/01\/arcobalenobach_3342782.jpg\" \/>\n\t<meta property=\"og:image:width\" content=\"627\" \/>\n\t<meta property=\"og:image:height\" content=\"600\" \/>\n\t<meta property=\"og:image:type\" content=\"image\/jpeg\" \/>\n<meta name=\"twitter:card\" content=\"summary_large_image\" \/>\n<meta name=\"twitter:label1\" content=\"Tempo di lettura stimato\" \/>\n\t<meta name=\"twitter:data1\" content=\"2 minuti\" \/>\n<script type=\"application\/ld+json\" class=\"yoast-schema-graph\">{\"@context\":\"https:\/\/schema.org\",\"@graph\":[{\"@type\":\"WebPage\",\"@id\":\"https:\/\/ilcrogiuolo.it\/it\/p\/larcobaleno-di-bach-petali-segreti\/\",\"url\":\"https:\/\/ilcrogiuolo.it\/it\/p\/larcobaleno-di-bach-petali-segreti\/\",\"name\":\"L'ARCOBALENO DI BACH - PETALI SEGRETI - Il Crogiuolo\",\"isPartOf\":{\"@id\":\"https:\/\/ilcrogiuolo.it\/it\/#website\"},\"primaryImageOfPage\":{\"@id\":\"https:\/\/ilcrogiuolo.it\/it\/p\/larcobaleno-di-bach-petali-segreti\/#primaryimage\"},\"image\":{\"@id\":\"https:\/\/ilcrogiuolo.it\/it\/p\/larcobaleno-di-bach-petali-segreti\/#primaryimage\"},\"thumbnailUrl\":\"https:\/\/ilcrogiuolo.it\/wp-content\/uploads\/2020\/01\/arcobalenobach_3342782.jpg\",\"datePublished\":\"2020-01-14T16:17:45+00:00\",\"dateModified\":\"2020-01-30T14:56:14+00:00\",\"description\":\"L'ARCOBALENO DI BACH - PETALI SEGRETI L\u2019ARCOBALENO DI BACH PETALI SEGRETI SCHEDA TECNICA DEL VOLUME TITOLO: L\u2019arcobaleno di Bach CONTROTITOLO: Petali segreti - la rosa AUTORE: Erika Pesce,\",\"breadcrumb\":{\"@id\":\"https:\/\/ilcrogiuolo.it\/it\/p\/larcobaleno-di-bach-petali-segreti\/#breadcrumb\"},\"inLanguage\":\"it-IT\",\"potentialAction\":[{\"@type\":\"ReadAction\",\"target\":[\"https:\/\/ilcrogiuolo.it\/it\/p\/larcobaleno-di-bach-petali-segreti\/\"]}]},{\"@type\":\"ImageObject\",\"inLanguage\":\"it-IT\",\"@id\":\"https:\/\/ilcrogiuolo.it\/it\/p\/larcobaleno-di-bach-petali-segreti\/#primaryimage\",\"url\":\"https:\/\/ilcrogiuolo.it\/wp-content\/uploads\/2020\/01\/arcobalenobach_3342782.jpg\",\"contentUrl\":\"https:\/\/ilcrogiuolo.it\/wp-content\/uploads\/2020\/01\/arcobalenobach_3342782.jpg\",\"width\":627,\"height\":600},{\"@type\":\"BreadcrumbList\",\"@id\":\"https:\/\/ilcrogiuolo.it\/it\/p\/larcobaleno-di-bach-petali-segreti\/#breadcrumb\",\"itemListElement\":[{\"@type\":\"ListItem\",\"position\":1,\"name\":\"Home\",\"item\":\"https:\/\/ilcrogiuolo.it\/it\/\"},{\"@type\":\"ListItem\",\"position\":2,\"name\":\"Shop\",\"item\":\"https:\/\/ilcrogiuolo.it\/it\/negozio\/\"},{\"@type\":\"ListItem\",\"position\":3,\"name\":\"L&#8217;ARCOBALENO DI BACH &#8211; PETALI SEGRETI\"}]},{\"@type\":\"WebSite\",\"@id\":\"https:\/\/ilcrogiuolo.it\/it\/#website\",\"url\":\"https:\/\/ilcrogiuolo.it\/it\/\",\"name\":\"Il Crogiuolo\",\"description\":\"\",\"publisher\":{\"@id\":\"https:\/\/ilcrogiuolo.it\/it\/#organization\"},\"potentialAction\":[{\"@type\":\"SearchAction\",\"target\":{\"@type\":\"EntryPoint\",\"urlTemplate\":\"https:\/\/ilcrogiuolo.it\/it\/?s={search_term_string}\"},\"query-input\":{\"@type\":\"PropertyValueSpecification\",\"valueRequired\":true,\"valueName\":\"search_term_string\"}}],\"inLanguage\":\"it-IT\"},{\"@type\":\"Organization\",\"@id\":\"https:\/\/ilcrogiuolo.it\/it\/#organization\",\"name\":\"Il Crogiuolo\",\"url\":\"https:\/\/ilcrogiuolo.it\/it\/\",\"logo\":{\"@type\":\"ImageObject\",\"inLanguage\":\"it-IT\",\"@id\":\"https:\/\/ilcrogiuolo.it\/it\/#\/schema\/logo\/image\/\",\"url\":\"https:\/\/ilcrogiuolo.it\/wp-content\/uploads\/2020\/04\/logo.png\",\"contentUrl\":\"https:\/\/ilcrogiuolo.it\/wp-content\/uploads\/2020\/04\/logo.png\",\"width\":200,\"height\":49,\"caption\":\"Il Crogiuolo\"},\"image\":{\"@id\":\"https:\/\/ilcrogiuolo.it\/it\/#\/schema\/logo\/image\/\"},\"sameAs\":[\"https:\/\/www.facebook.com\/Il-Crogiuolo-681876418491758\"]}]}<\/script>\n<!-- \/ Yoast SEO plugin. -->","yoast_head_json":{"title":"L'ARCOBALENO DI BACH - PETALI SEGRETI - Il Crogiuolo","description":"L'ARCOBALENO DI BACH - PETALI SEGRETI L\u2019ARCOBALENO DI BACH PETALI SEGRETI SCHEDA TECNICA DEL VOLUME TITOLO: L\u2019arcobaleno di Bach CONTROTITOLO: Petali segreti - la rosa AUTORE: Erika Pesce,","robots":{"index":"index","follow":"follow","max-snippet":"max-snippet:-1","max-image-preview":"max-image-preview:large","max-video-preview":"max-video-preview:-1"},"canonical":"https:\/\/ilcrogiuolo.it\/it\/p\/larcobaleno-di-bach-petali-segreti\/","og_locale":"it_IT","og_type":"article","og_title":"L'ARCOBALENO DI BACH - PETALI SEGRETI - Il Crogiuolo","og_description":"L'ARCOBALENO DI BACH - PETALI SEGRETI L\u2019ARCOBALENO DI BACH PETALI SEGRETI SCHEDA TECNICA DEL VOLUME TITOLO: L\u2019arcobaleno di Bach CONTROTITOLO: Petali segreti - la rosa AUTORE: Erika Pesce,","og_url":"https:\/\/ilcrogiuolo.it\/it\/p\/larcobaleno-di-bach-petali-segreti\/","og_site_name":"Il Crogiuolo","article_publisher":"https:\/\/www.facebook.com\/Il-Crogiuolo-681876418491758","article_modified_time":"2020-01-30T14:56:14+00:00","og_image":[{"width":627,"height":600,"url":"https:\/\/ilcrogiuolo.it\/wp-content\/uploads\/2020\/01\/arcobalenobach_3342782.jpg","type":"image\/jpeg"}],"twitter_card":"summary_large_image","twitter_misc":{"Tempo di lettura stimato":"2 minuti"},"schema":{"@context":"https:\/\/schema.org","@graph":[{"@type":"WebPage","@id":"https:\/\/ilcrogiuolo.it\/it\/p\/larcobaleno-di-bach-petali-segreti\/","url":"https:\/\/ilcrogiuolo.it\/it\/p\/larcobaleno-di-bach-petali-segreti\/","name":"L'ARCOBALENO DI BACH - PETALI SEGRETI - Il Crogiuolo","isPartOf":{"@id":"https:\/\/ilcrogiuolo.it\/it\/#website"},"primaryImageOfPage":{"@id":"https:\/\/ilcrogiuolo.it\/it\/p\/larcobaleno-di-bach-petali-segreti\/#primaryimage"},"image":{"@id":"https:\/\/ilcrogiuolo.it\/it\/p\/larcobaleno-di-bach-petali-segreti\/#primaryimage"},"thumbnailUrl":"https:\/\/ilcrogiuolo.it\/wp-content\/uploads\/2020\/01\/arcobalenobach_3342782.jpg","datePublished":"2020-01-14T16:17:45+00:00","dateModified":"2020-01-30T14:56:14+00:00","description":"L'ARCOBALENO DI BACH - PETALI SEGRETI L\u2019ARCOBALENO DI BACH PETALI SEGRETI SCHEDA TECNICA DEL VOLUME TITOLO: L\u2019arcobaleno di Bach CONTROTITOLO: Petali segreti - la rosa AUTORE: Erika Pesce,","breadcrumb":{"@id":"https:\/\/ilcrogiuolo.it\/it\/p\/larcobaleno-di-bach-petali-segreti\/#breadcrumb"},"inLanguage":"it-IT","potentialAction":[{"@type":"ReadAction","target":["https:\/\/ilcrogiuolo.it\/it\/p\/larcobaleno-di-bach-petali-segreti\/"]}]},{"@type":"ImageObject","inLanguage":"it-IT","@id":"https:\/\/ilcrogiuolo.it\/it\/p\/larcobaleno-di-bach-petali-segreti\/#primaryimage","url":"https:\/\/ilcrogiuolo.it\/wp-content\/uploads\/2020\/01\/arcobalenobach_3342782.jpg","contentUrl":"https:\/\/ilcrogiuolo.it\/wp-content\/uploads\/2020\/01\/arcobalenobach_3342782.jpg","width":627,"height":600},{"@type":"BreadcrumbList","@id":"https:\/\/ilcrogiuolo.it\/it\/p\/larcobaleno-di-bach-petali-segreti\/#breadcrumb","itemListElement":[{"@type":"ListItem","position":1,"name":"Home","item":"https:\/\/ilcrogiuolo.it\/it\/"},{"@type":"ListItem","position":2,"name":"Shop","item":"https:\/\/ilcrogiuolo.it\/it\/negozio\/"},{"@type":"ListItem","position":3,"name":"L&#8217;ARCOBALENO DI BACH &#8211; PETALI SEGRETI"}]},{"@type":"WebSite","@id":"https:\/\/ilcrogiuolo.it\/it\/#website","url":"https:\/\/ilcrogiuolo.it\/it\/","name":"Il Crogiuolo","description":"","publisher":{"@id":"https:\/\/ilcrogiuolo.it\/it\/#organization"},"potentialAction":[{"@type":"SearchAction","target":{"@type":"EntryPoint","urlTemplate":"https:\/\/ilcrogiuolo.it\/it\/?s={search_term_string}"},"query-input":{"@type":"PropertyValueSpecification","valueRequired":true,"valueName":"search_term_string"}}],"inLanguage":"it-IT"},{"@type":"Organization","@id":"https:\/\/ilcrogiuolo.it\/it\/#organization","name":"Il Crogiuolo","url":"https:\/\/ilcrogiuolo.it\/it\/","logo":{"@type":"ImageObject","inLanguage":"it-IT","@id":"https:\/\/ilcrogiuolo.it\/it\/#\/schema\/logo\/image\/","url":"https:\/\/ilcrogiuolo.it\/wp-content\/uploads\/2020\/04\/logo.png","contentUrl":"https:\/\/ilcrogiuolo.it\/wp-content\/uploads\/2020\/04\/logo.png","width":200,"height":49,"caption":"Il Crogiuolo"},"image":{"@id":"https:\/\/ilcrogiuolo.it\/it\/#\/schema\/logo\/image\/"},"sameAs":["https:\/\/www.facebook.com\/Il-Crogiuolo-681876418491758"]}]}},"_links":{"self":[{"href":"https:\/\/ilcrogiuolo.it\/it\/wp-json\/wp\/v2\/product\/8643","targetHints":{"allow":["GET"]}}],"collection":[{"href":"https:\/\/ilcrogiuolo.it\/it\/wp-json\/wp\/v2\/product"}],"about":[{"href":"https:\/\/ilcrogiuolo.it\/it\/wp-json\/wp\/v2\/types\/product"}],"wp:featuredmedia":[{"embeddable":true,"href":"https:\/\/ilcrogiuolo.it\/it\/wp-json\/wp\/v2\/media\/8644"}],"wp:attachment":[{"href":"https:\/\/ilcrogiuolo.it\/it\/wp-json\/wp\/v2\/media?parent=8643"}],"wp:term":[{"taxonomy":"product_brand","embeddable":true,"href":"https:\/\/ilcrogiuolo.it\/it\/wp-json\/wp\/v2\/product_brand?post=8643"},{"taxonomy":"product_cat","embeddable":true,"href":"https:\/\/ilcrogiuolo.it\/it\/wp-json\/wp\/v2\/product_cat?post=8643"},{"taxonomy":"product_tag","embeddable":true,"href":"https:\/\/ilcrogiuolo.it\/it\/wp-json\/wp\/v2\/product_tag?post=8643"}],"curies":[{"name":"wp","href":"https:\/\/api.w.org\/{rel}","templated":true}]}}