{"id":8640,"date":"2020-01-14T17:17:45","date_gmt":"2020-01-14T16:17:45","guid":{"rendered":"https:\/\/ilcrogiuolo.it\/p\/bambini-di-luce-indaco-i-figli-della-nostra-era\/"},"modified":"2020-01-30T15:56:09","modified_gmt":"2020-01-30T14:56:09","slug":"bambini-di-luce-indaco-i-figli-della-nostra-era","status":"publish","type":"product","link":"https:\/\/ilcrogiuolo.it\/it\/p\/bambini-di-luce-indaco-i-figli-della-nostra-era\/","title":{"rendered":"BAMBINI DI LUCE INDACO. I figli della nostra era."},"content":{"rendered":"<p>BAMBINI DI LUCE INDACO. I FIGLI DELLA NOSTRA ERA<\/p>\n<p>SCHEDA TECNICA DEL VOLUME<\/p>\n<p>TITOLO:\u00a0 Bambini di Luce Indaco<\/p>\n<p>SOTTOTITOLO: I figli della nostra era<\/p>\n<p>AUTORE: Erika Pesce, Referente Reg. Veneto per \u201cProgetto<\/p>\n<p>Indaco\u201d, docente, esperta MCA<\/p>\n<p>PAGINE: 162 pagine<\/p>\n<p>DIMENSIONI: Formato chiuso cm. 15&#215;21, dorso di circa cm. 1<\/p>\n<p>Bambini di Luce Indaco. I figli della nostra era \u00e8 il primo saggio di Erika Pesce e nasce direttamente dalle esperienze che lei ogni giorno vive come docente, come Counselor Indaco e non ultimo come mamma. E\u2019 un libro che si basa su studi completamente nuovi, \u00e8 quindi un saggio di nuova concezione.<\/p>\n<p>Grazie alla sua stesura semplice ed accattivante pu\u00f2 essere affrontato con semplicit\u00e0 non solo dalla mamma di un bambino \u201cproblematico\u201d, ma anche dalle altre persone coinvolte nel processo educativo e di crescita, che desiderano comprendere meglio come sia cambiata l\u2019educazione nel corso degli ultimi anni per essere pi\u00f9 presenti ed attivi nel loro ruolo.<\/p>\n<p>Bambini di Luce Indaco \u00e8 ad oggi il secondo saggio in assoluto scritto da un autore italiano ed \u00e8 il primo che si prefigge lo scopo di unire alle canalizzazioni che spesso contraddistinguono i libri \u201cnew age\u201d dati scientifici di sicuro interesse e una casistica variegata ed attuale.<\/p>\n<p>\u201cBambini di Luce Indaco. I figli della nostra era\u201d permette di comprendere le nuove dinamiche educative nell\u2019ottica di sostenere un processo di evoluzione comune in cui il soggetto \u00e8 il bambino armoniosamente cresciuto in un contesto di comprensione; l\u2019obiettivo \u00e8 creare una nuova forma di genitorialit\u00e0 che aiuti i bambini ad esprimere in modo corretto il loro vero s\u00e9 senza rompere gli equilibri familiari ed educativi oggi cos\u00ec precari.<\/p>\n<p>A questo scopo il libro fornisce anche spunti formativi e didattici per gli educatori che scelgono di \u201cvedere oltre\u201d il bambino seduto in classe, accrescendo cos\u00ec il loro valore professionale e personale, tratta quindi anche le tematiche oggi fondamentali di deficit dell\u2019attenzione, iperattivit\u00e0 e sindromi scolastiche approfondendo gli studi pi\u00f9 recenti, le diverse teorie pedagogiche e, non ultimo, il saggio si avvale della collaborazione della Dott.ssa Chiara Fiume Psicologa, esperta di educazione e sviluppo emozionale, che ha contribuito per le analisi tecniche e scientifiche evidenziando il suo pensiero ed alcune esperienze cliniche.<\/p>\n","protected":false},"excerpt":{"rendered":"<p>BAMBINI DI LUCE INDACO. I FIGLI DELLA NOSTRA ERA SCHEDA TECNICA DEL VOLUME TITOLO:\u00a0 Bambini di Luce Indaco SOTTOTITOLO: I&#8230;<\/p>\n","protected":false},"featured_media":8641,"template":"","meta":{"_acf_changed":false},"product_brand":[],"product_cat":[1077,1536,1060],"product_tag":[],"class_list":{"0":"post-8640","1":"product","2":"type-product","3":"status-publish","4":"has-post-thumbnail","6":"product_cat-libreria-esoterica-libreria-esoterica","7":"product_cat-altre-edizioni","8":"product_cat-libreria-esoterica","10":"first","11":"instock","12":"taxable","13":"shipping-taxable","14":"purchasable","15":"product-type-simple","16":"add-to-wishlist-before_image"},"acf":[],"yoast_head":"<!-- This site is optimized with the Yoast SEO plugin v26.9 - https:\/\/yoast.com\/product\/yoast-seo-wordpress\/ -->\n<title>BAMBINI DI LUCE INDACO. I figli della nostra era. - Il Crogiuolo<\/title>\n<meta name=\"description\" content=\"BAMBINI DI LUCE INDACO. I figli della nostra era. BAMBINI DI LUCE INDACO. I FIGLI DELLA NOSTRA ERA SCHEDA TECNICA DEL VOLUME TITOLO:\u00a0 Bambini di Luce Indaco SOTTOTITOLO: I figli della nostra era AUTORE:\" \/>\n<meta name=\"robots\" content=\"index, follow, max-snippet:-1, max-image-preview:large, max-video-preview:-1\" \/>\n<link rel=\"canonical\" href=\"https:\/\/ilcrogiuolo.it\/it\/p\/bambini-di-luce-indaco-i-figli-della-nostra-era\/\" \/>\n<meta property=\"og:locale\" content=\"it_IT\" \/>\n<meta property=\"og:type\" content=\"article\" \/>\n<meta property=\"og:title\" content=\"BAMBINI DI LUCE INDACO. I figli della nostra era. - Il Crogiuolo\" \/>\n<meta property=\"og:description\" content=\"BAMBINI DI LUCE INDACO. I figli della nostra era. BAMBINI DI LUCE INDACO. I FIGLI DELLA NOSTRA ERA SCHEDA TECNICA DEL VOLUME TITOLO:\u00a0 Bambini di Luce Indaco SOTTOTITOLO: I figli della nostra era AUTORE:\" \/>\n<meta property=\"og:url\" content=\"https:\/\/ilcrogiuolo.it\/it\/p\/bambini-di-luce-indaco-i-figli-della-nostra-era\/\" \/>\n<meta property=\"og:site_name\" content=\"Il Crogiuolo\" \/>\n<meta property=\"article:publisher\" content=\"https:\/\/www.facebook.com\/Il-Crogiuolo-681876418491758\" \/>\n<meta property=\"article:modified_time\" content=\"2020-01-30T14:56:09+00:00\" \/>\n<meta property=\"og:image\" content=\"https:\/\/ilcrogiuolo.it\/wp-content\/uploads\/2020\/01\/bambinidiluceindaco_6923305.jpg\" \/>\n\t<meta property=\"og:image:width\" content=\"627\" \/>\n\t<meta property=\"og:image:height\" content=\"600\" \/>\n\t<meta property=\"og:image:type\" content=\"image\/jpeg\" \/>\n<meta name=\"twitter:card\" content=\"summary_large_image\" \/>\n<meta name=\"twitter:label1\" content=\"Tempo di lettura stimato\" \/>\n\t<meta name=\"twitter:data1\" content=\"2 minuti\" \/>\n<script type=\"application\/ld+json\" class=\"yoast-schema-graph\">{\"@context\":\"https:\/\/schema.org\",\"@graph\":[{\"@type\":\"WebPage\",\"@id\":\"https:\/\/ilcrogiuolo.it\/it\/p\/bambini-di-luce-indaco-i-figli-della-nostra-era\/\",\"url\":\"https:\/\/ilcrogiuolo.it\/it\/p\/bambini-di-luce-indaco-i-figli-della-nostra-era\/\",\"name\":\"BAMBINI DI LUCE INDACO. I figli della nostra era. - Il Crogiuolo\",\"isPartOf\":{\"@id\":\"https:\/\/ilcrogiuolo.it\/it\/#website\"},\"primaryImageOfPage\":{\"@id\":\"https:\/\/ilcrogiuolo.it\/it\/p\/bambini-di-luce-indaco-i-figli-della-nostra-era\/#primaryimage\"},\"image\":{\"@id\":\"https:\/\/ilcrogiuolo.it\/it\/p\/bambini-di-luce-indaco-i-figli-della-nostra-era\/#primaryimage\"},\"thumbnailUrl\":\"https:\/\/ilcrogiuolo.it\/wp-content\/uploads\/2020\/01\/bambinidiluceindaco_6923305.jpg\",\"datePublished\":\"2020-01-14T16:17:45+00:00\",\"dateModified\":\"2020-01-30T14:56:09+00:00\",\"description\":\"BAMBINI DI LUCE INDACO. I figli della nostra era. BAMBINI DI LUCE INDACO. I FIGLI DELLA NOSTRA ERA SCHEDA TECNICA DEL VOLUME TITOLO:\u00a0 Bambini di Luce Indaco SOTTOTITOLO: I figli della nostra era AUTORE:\",\"breadcrumb\":{\"@id\":\"https:\/\/ilcrogiuolo.it\/it\/p\/bambini-di-luce-indaco-i-figli-della-nostra-era\/#breadcrumb\"},\"inLanguage\":\"it-IT\",\"potentialAction\":[{\"@type\":\"ReadAction\",\"target\":[\"https:\/\/ilcrogiuolo.it\/it\/p\/bambini-di-luce-indaco-i-figli-della-nostra-era\/\"]}]},{\"@type\":\"ImageObject\",\"inLanguage\":\"it-IT\",\"@id\":\"https:\/\/ilcrogiuolo.it\/it\/p\/bambini-di-luce-indaco-i-figli-della-nostra-era\/#primaryimage\",\"url\":\"https:\/\/ilcrogiuolo.it\/wp-content\/uploads\/2020\/01\/bambinidiluceindaco_6923305.jpg\",\"contentUrl\":\"https:\/\/ilcrogiuolo.it\/wp-content\/uploads\/2020\/01\/bambinidiluceindaco_6923305.jpg\",\"width\":627,\"height\":600},{\"@type\":\"BreadcrumbList\",\"@id\":\"https:\/\/ilcrogiuolo.it\/it\/p\/bambini-di-luce-indaco-i-figli-della-nostra-era\/#breadcrumb\",\"itemListElement\":[{\"@type\":\"ListItem\",\"position\":1,\"name\":\"Home\",\"item\":\"https:\/\/ilcrogiuolo.it\/it\/\"},{\"@type\":\"ListItem\",\"position\":2,\"name\":\"Shop\",\"item\":\"https:\/\/ilcrogiuolo.it\/it\/negozio\/\"},{\"@type\":\"ListItem\",\"position\":3,\"name\":\"BAMBINI DI LUCE INDACO. I figli della nostra era.\"}]},{\"@type\":\"WebSite\",\"@id\":\"https:\/\/ilcrogiuolo.it\/it\/#website\",\"url\":\"https:\/\/ilcrogiuolo.it\/it\/\",\"name\":\"Il Crogiuolo\",\"description\":\"\",\"publisher\":{\"@id\":\"https:\/\/ilcrogiuolo.it\/it\/#organization\"},\"potentialAction\":[{\"@type\":\"SearchAction\",\"target\":{\"@type\":\"EntryPoint\",\"urlTemplate\":\"https:\/\/ilcrogiuolo.it\/it\/?s={search_term_string}\"},\"query-input\":{\"@type\":\"PropertyValueSpecification\",\"valueRequired\":true,\"valueName\":\"search_term_string\"}}],\"inLanguage\":\"it-IT\"},{\"@type\":\"Organization\",\"@id\":\"https:\/\/ilcrogiuolo.it\/it\/#organization\",\"name\":\"Il Crogiuolo\",\"url\":\"https:\/\/ilcrogiuolo.it\/it\/\",\"logo\":{\"@type\":\"ImageObject\",\"inLanguage\":\"it-IT\",\"@id\":\"https:\/\/ilcrogiuolo.it\/it\/#\/schema\/logo\/image\/\",\"url\":\"https:\/\/ilcrogiuolo.it\/wp-content\/uploads\/2020\/04\/logo.png\",\"contentUrl\":\"https:\/\/ilcrogiuolo.it\/wp-content\/uploads\/2020\/04\/logo.png\",\"width\":200,\"height\":49,\"caption\":\"Il Crogiuolo\"},\"image\":{\"@id\":\"https:\/\/ilcrogiuolo.it\/it\/#\/schema\/logo\/image\/\"},\"sameAs\":[\"https:\/\/www.facebook.com\/Il-Crogiuolo-681876418491758\"]}]}<\/script>\n<!-- \/ Yoast SEO plugin. -->","yoast_head_json":{"title":"BAMBINI DI LUCE INDACO. I figli della nostra era. - Il Crogiuolo","description":"BAMBINI DI LUCE INDACO. I figli della nostra era. BAMBINI DI LUCE INDACO. I FIGLI DELLA NOSTRA ERA SCHEDA TECNICA DEL VOLUME TITOLO:\u00a0 Bambini di Luce Indaco SOTTOTITOLO: I figli della nostra era AUTORE:","robots":{"index":"index","follow":"follow","max-snippet":"max-snippet:-1","max-image-preview":"max-image-preview:large","max-video-preview":"max-video-preview:-1"},"canonical":"https:\/\/ilcrogiuolo.it\/it\/p\/bambini-di-luce-indaco-i-figli-della-nostra-era\/","og_locale":"it_IT","og_type":"article","og_title":"BAMBINI DI LUCE INDACO. I figli della nostra era. - Il Crogiuolo","og_description":"BAMBINI DI LUCE INDACO. I figli della nostra era. BAMBINI DI LUCE INDACO. I FIGLI DELLA NOSTRA ERA SCHEDA TECNICA DEL VOLUME TITOLO:\u00a0 Bambini di Luce Indaco SOTTOTITOLO: I figli della nostra era AUTORE:","og_url":"https:\/\/ilcrogiuolo.it\/it\/p\/bambini-di-luce-indaco-i-figli-della-nostra-era\/","og_site_name":"Il Crogiuolo","article_publisher":"https:\/\/www.facebook.com\/Il-Crogiuolo-681876418491758","article_modified_time":"2020-01-30T14:56:09+00:00","og_image":[{"width":627,"height":600,"url":"https:\/\/ilcrogiuolo.it\/wp-content\/uploads\/2020\/01\/bambinidiluceindaco_6923305.jpg","type":"image\/jpeg"}],"twitter_card":"summary_large_image","twitter_misc":{"Tempo di lettura stimato":"2 minuti"},"schema":{"@context":"https:\/\/schema.org","@graph":[{"@type":"WebPage","@id":"https:\/\/ilcrogiuolo.it\/it\/p\/bambini-di-luce-indaco-i-figli-della-nostra-era\/","url":"https:\/\/ilcrogiuolo.it\/it\/p\/bambini-di-luce-indaco-i-figli-della-nostra-era\/","name":"BAMBINI DI LUCE INDACO. I figli della nostra era. - Il Crogiuolo","isPartOf":{"@id":"https:\/\/ilcrogiuolo.it\/it\/#website"},"primaryImageOfPage":{"@id":"https:\/\/ilcrogiuolo.it\/it\/p\/bambini-di-luce-indaco-i-figli-della-nostra-era\/#primaryimage"},"image":{"@id":"https:\/\/ilcrogiuolo.it\/it\/p\/bambini-di-luce-indaco-i-figli-della-nostra-era\/#primaryimage"},"thumbnailUrl":"https:\/\/ilcrogiuolo.it\/wp-content\/uploads\/2020\/01\/bambinidiluceindaco_6923305.jpg","datePublished":"2020-01-14T16:17:45+00:00","dateModified":"2020-01-30T14:56:09+00:00","description":"BAMBINI DI LUCE INDACO. I figli della nostra era. BAMBINI DI LUCE INDACO. I FIGLI DELLA NOSTRA ERA SCHEDA TECNICA DEL VOLUME TITOLO:\u00a0 Bambini di Luce Indaco SOTTOTITOLO: I figli della nostra era AUTORE:","breadcrumb":{"@id":"https:\/\/ilcrogiuolo.it\/it\/p\/bambini-di-luce-indaco-i-figli-della-nostra-era\/#breadcrumb"},"inLanguage":"it-IT","potentialAction":[{"@type":"ReadAction","target":["https:\/\/ilcrogiuolo.it\/it\/p\/bambini-di-luce-indaco-i-figli-della-nostra-era\/"]}]},{"@type":"ImageObject","inLanguage":"it-IT","@id":"https:\/\/ilcrogiuolo.it\/it\/p\/bambini-di-luce-indaco-i-figli-della-nostra-era\/#primaryimage","url":"https:\/\/ilcrogiuolo.it\/wp-content\/uploads\/2020\/01\/bambinidiluceindaco_6923305.jpg","contentUrl":"https:\/\/ilcrogiuolo.it\/wp-content\/uploads\/2020\/01\/bambinidiluceindaco_6923305.jpg","width":627,"height":600},{"@type":"BreadcrumbList","@id":"https:\/\/ilcrogiuolo.it\/it\/p\/bambini-di-luce-indaco-i-figli-della-nostra-era\/#breadcrumb","itemListElement":[{"@type":"ListItem","position":1,"name":"Home","item":"https:\/\/ilcrogiuolo.it\/it\/"},{"@type":"ListItem","position":2,"name":"Shop","item":"https:\/\/ilcrogiuolo.it\/it\/negozio\/"},{"@type":"ListItem","position":3,"name":"BAMBINI DI LUCE INDACO. I figli della nostra era."}]},{"@type":"WebSite","@id":"https:\/\/ilcrogiuolo.it\/it\/#website","url":"https:\/\/ilcrogiuolo.it\/it\/","name":"Il Crogiuolo","description":"","publisher":{"@id":"https:\/\/ilcrogiuolo.it\/it\/#organization"},"potentialAction":[{"@type":"SearchAction","target":{"@type":"EntryPoint","urlTemplate":"https:\/\/ilcrogiuolo.it\/it\/?s={search_term_string}"},"query-input":{"@type":"PropertyValueSpecification","valueRequired":true,"valueName":"search_term_string"}}],"inLanguage":"it-IT"},{"@type":"Organization","@id":"https:\/\/ilcrogiuolo.it\/it\/#organization","name":"Il Crogiuolo","url":"https:\/\/ilcrogiuolo.it\/it\/","logo":{"@type":"ImageObject","inLanguage":"it-IT","@id":"https:\/\/ilcrogiuolo.it\/it\/#\/schema\/logo\/image\/","url":"https:\/\/ilcrogiuolo.it\/wp-content\/uploads\/2020\/04\/logo.png","contentUrl":"https:\/\/ilcrogiuolo.it\/wp-content\/uploads\/2020\/04\/logo.png","width":200,"height":49,"caption":"Il Crogiuolo"},"image":{"@id":"https:\/\/ilcrogiuolo.it\/it\/#\/schema\/logo\/image\/"},"sameAs":["https:\/\/www.facebook.com\/Il-Crogiuolo-681876418491758"]}]}},"_links":{"self":[{"href":"https:\/\/ilcrogiuolo.it\/it\/wp-json\/wp\/v2\/product\/8640","targetHints":{"allow":["GET"]}}],"collection":[{"href":"https:\/\/ilcrogiuolo.it\/it\/wp-json\/wp\/v2\/product"}],"about":[{"href":"https:\/\/ilcrogiuolo.it\/it\/wp-json\/wp\/v2\/types\/product"}],"wp:featuredmedia":[{"embeddable":true,"href":"https:\/\/ilcrogiuolo.it\/it\/wp-json\/wp\/v2\/media\/8641"}],"wp:attachment":[{"href":"https:\/\/ilcrogiuolo.it\/it\/wp-json\/wp\/v2\/media?parent=8640"}],"wp:term":[{"taxonomy":"product_brand","embeddable":true,"href":"https:\/\/ilcrogiuolo.it\/it\/wp-json\/wp\/v2\/product_brand?post=8640"},{"taxonomy":"product_cat","embeddable":true,"href":"https:\/\/ilcrogiuolo.it\/it\/wp-json\/wp\/v2\/product_cat?post=8640"},{"taxonomy":"product_tag","embeddable":true,"href":"https:\/\/ilcrogiuolo.it\/it\/wp-json\/wp\/v2\/product_tag?post=8640"}],"curies":[{"name":"wp","href":"https:\/\/api.w.org\/{rel}","templated":true}]}}