{"id":8432,"date":"2020-01-14T17:17:04","date_gmt":"2020-01-14T16:17:04","guid":{"rendered":"https:\/\/ilcrogiuolo.it\/p\/pendolo-sospeso\/"},"modified":"2024-02-05T14:17:40","modified_gmt":"2024-02-05T13:17:40","slug":"pendolo-sospeso","status":"publish","type":"product","link":"https:\/\/ilcrogiuolo.it\/it\/p\/pendolo-sospeso\/","title":{"rendered":"Pendolo sospeso"},"content":{"rendered":"<p>Pendolo magnetico oscillante. Questo supporto radiestetico permette indagini semplici ma al contempo precise per poter investigare nei pi\u00f9 vari ambiti senda dover necessariamente tenere la catenella in mano. Infatti il pendolo magnetico \u00e8 collegato ad un&#8217;asta ad elle e vibra su un quadrante magnetico guidato. Baster\u00e0 sfiorare la sfera e porre le domande al pendolo e questo osciller\u00e0 da solo sul quadrante dando poi la risposta.<\/p>\n<p>Le prime notizie disponibili circa il pendolo radiestetico risalgono oltre 2000 anni prima di Cristo, in Egitto. Proprio nei sarcofagi della Valle dei Re furono ritrovati oggetti utilizzati come pendoli, nonch\u00e9 bacchette radiestetiche costruite con materiali differenti e adornate di pietre preziose o semipreziose. Non esiste uno standard specifico circa la realizzazione di un pendolo, ne esistono diversi tipi dai classici a forma di piramide, ai pi\u00f9 particolari di forma sferica, in ottone, cristallo, argento, legno, oro, con o senza portatestimone. L\u2019unica cosa fondamentale e che il pendolo abbia una giusta prospezione al tavolo e il peso non sia inferiore ai 12 grammi. La lunghezza della catenella o della corda a cui \u00e8 sospeso non soggiace a nessuna regola, sappiate tuttavia che una catenella troppo lunga tende a rallentare le oscillazioni, mentre una eccessivamente corta le accelera. Possiamo dire che per un pendolo del peso di 12 grammi la lunghezza ideale non supera i 20 centimetri. di pendoli radiestetici per ogni esigenza e gusto.<\/p>\n","protected":false},"excerpt":{"rendered":"<p>Pendolo magnetico oscillante. Questo supporto radiestetico permette indagini semplici ma al contempo precise per poter investigare nei pi\u00f9 vari ambiti&#8230;<\/p>\n","protected":false},"featured_media":8433,"template":"","meta":{"_acf_changed":false},"product_brand":[],"product_cat":[1103,1062,1539],"product_tag":[],"class_list":{"0":"post-8432","1":"product","2":"type-product","3":"status-publish","4":"has-post-thumbnail","6":"product_cat-pendoli-pendoli-per-la-radiestesia","7":"product_cat-divinazione","8":"product_cat-pendoli-sospesi","10":"first","11":"outofstock","12":"taxable","13":"shipping-taxable","14":"purchasable","15":"product-type-simple","16":"add-to-wishlist-before_image"},"acf":[],"yoast_head":"<!-- This site is optimized with the Yoast SEO plugin v26.9 - https:\/\/yoast.com\/product\/yoast-seo-wordpress\/ -->\n<title>Pendolo sospeso - Il Crogiuolo<\/title>\n<meta name=\"description\" content=\"Pendolo sospeso Pendolo magnetico oscillante. Questo supporto radiestetico permette indagini semplici ma al contempo precise per poter investigare nei pi\u00f9 vari ambiti\" \/>\n<meta name=\"robots\" content=\"index, follow, max-snippet:-1, max-image-preview:large, max-video-preview:-1\" \/>\n<link rel=\"canonical\" href=\"https:\/\/ilcrogiuolo.it\/it\/p\/pendolo-sospeso\/\" \/>\n<meta property=\"og:locale\" content=\"it_IT\" \/>\n<meta property=\"og:type\" content=\"article\" \/>\n<meta property=\"og:title\" content=\"Pendolo sospeso - Il Crogiuolo\" \/>\n<meta property=\"og:description\" content=\"Pendolo sospeso Pendolo magnetico oscillante. Questo supporto radiestetico permette indagini semplici ma al contempo precise per poter investigare nei pi\u00f9 vari ambiti\" \/>\n<meta property=\"og:url\" content=\"https:\/\/ilcrogiuolo.it\/it\/p\/pendolo-sospeso\/\" \/>\n<meta property=\"og:site_name\" content=\"Il Crogiuolo\" \/>\n<meta property=\"article:publisher\" content=\"https:\/\/www.facebook.com\/Il-Crogiuolo-681876418491758\" \/>\n<meta property=\"article:modified_time\" content=\"2024-02-05T13:17:40+00:00\" \/>\n<meta property=\"og:image\" content=\"https:\/\/ilcrogiuolo.it\/wp-content\/uploads\/2020\/01\/oracolopendolo_6503225.jpg\" \/>\n\t<meta property=\"og:image:width\" content=\"627\" \/>\n\t<meta property=\"og:image:height\" content=\"600\" \/>\n\t<meta property=\"og:image:type\" content=\"image\/jpeg\" \/>\n<meta name=\"twitter:card\" content=\"summary_large_image\" \/>\n<meta name=\"twitter:label1\" content=\"Tempo di lettura stimato\" \/>\n\t<meta name=\"twitter:data1\" content=\"2 minuti\" \/>\n<script type=\"application\/ld+json\" class=\"yoast-schema-graph\">{\"@context\":\"https:\/\/schema.org\",\"@graph\":[{\"@type\":\"WebPage\",\"@id\":\"https:\/\/ilcrogiuolo.it\/it\/p\/pendolo-sospeso\/\",\"url\":\"https:\/\/ilcrogiuolo.it\/it\/p\/pendolo-sospeso\/\",\"name\":\"Pendolo sospeso - Il Crogiuolo\",\"isPartOf\":{\"@id\":\"https:\/\/ilcrogiuolo.it\/it\/#website\"},\"primaryImageOfPage\":{\"@id\":\"https:\/\/ilcrogiuolo.it\/it\/p\/pendolo-sospeso\/#primaryimage\"},\"image\":{\"@id\":\"https:\/\/ilcrogiuolo.it\/it\/p\/pendolo-sospeso\/#primaryimage\"},\"thumbnailUrl\":\"https:\/\/ilcrogiuolo.it\/wp-content\/uploads\/2020\/01\/oracolopendolo_6503225.jpg\",\"datePublished\":\"2020-01-14T16:17:04+00:00\",\"dateModified\":\"2024-02-05T13:17:40+00:00\",\"description\":\"Pendolo sospeso Pendolo magnetico oscillante. Questo supporto radiestetico permette indagini semplici ma al contempo precise per poter investigare nei pi\u00f9 vari ambiti\",\"breadcrumb\":{\"@id\":\"https:\/\/ilcrogiuolo.it\/it\/p\/pendolo-sospeso\/#breadcrumb\"},\"inLanguage\":\"it-IT\",\"potentialAction\":[{\"@type\":\"ReadAction\",\"target\":[\"https:\/\/ilcrogiuolo.it\/it\/p\/pendolo-sospeso\/\"]}]},{\"@type\":\"ImageObject\",\"inLanguage\":\"it-IT\",\"@id\":\"https:\/\/ilcrogiuolo.it\/it\/p\/pendolo-sospeso\/#primaryimage\",\"url\":\"https:\/\/ilcrogiuolo.it\/wp-content\/uploads\/2020\/01\/oracolopendolo_6503225.jpg\",\"contentUrl\":\"https:\/\/ilcrogiuolo.it\/wp-content\/uploads\/2020\/01\/oracolopendolo_6503225.jpg\",\"width\":627,\"height\":600},{\"@type\":\"BreadcrumbList\",\"@id\":\"https:\/\/ilcrogiuolo.it\/it\/p\/pendolo-sospeso\/#breadcrumb\",\"itemListElement\":[{\"@type\":\"ListItem\",\"position\":1,\"name\":\"Home\",\"item\":\"https:\/\/ilcrogiuolo.it\/it\/\"},{\"@type\":\"ListItem\",\"position\":2,\"name\":\"Shop\",\"item\":\"https:\/\/ilcrogiuolo.it\/it\/negozio\/\"},{\"@type\":\"ListItem\",\"position\":3,\"name\":\"Pendolo sospeso\"}]},{\"@type\":\"WebSite\",\"@id\":\"https:\/\/ilcrogiuolo.it\/it\/#website\",\"url\":\"https:\/\/ilcrogiuolo.it\/it\/\",\"name\":\"Il Crogiuolo\",\"description\":\"\",\"publisher\":{\"@id\":\"https:\/\/ilcrogiuolo.it\/it\/#organization\"},\"potentialAction\":[{\"@type\":\"SearchAction\",\"target\":{\"@type\":\"EntryPoint\",\"urlTemplate\":\"https:\/\/ilcrogiuolo.it\/it\/?s={search_term_string}\"},\"query-input\":{\"@type\":\"PropertyValueSpecification\",\"valueRequired\":true,\"valueName\":\"search_term_string\"}}],\"inLanguage\":\"it-IT\"},{\"@type\":\"Organization\",\"@id\":\"https:\/\/ilcrogiuolo.it\/it\/#organization\",\"name\":\"Il Crogiuolo\",\"url\":\"https:\/\/ilcrogiuolo.it\/it\/\",\"logo\":{\"@type\":\"ImageObject\",\"inLanguage\":\"it-IT\",\"@id\":\"https:\/\/ilcrogiuolo.it\/it\/#\/schema\/logo\/image\/\",\"url\":\"https:\/\/ilcrogiuolo.it\/wp-content\/uploads\/2020\/04\/logo.png\",\"contentUrl\":\"https:\/\/ilcrogiuolo.it\/wp-content\/uploads\/2020\/04\/logo.png\",\"width\":200,\"height\":49,\"caption\":\"Il Crogiuolo\"},\"image\":{\"@id\":\"https:\/\/ilcrogiuolo.it\/it\/#\/schema\/logo\/image\/\"},\"sameAs\":[\"https:\/\/www.facebook.com\/Il-Crogiuolo-681876418491758\"]}]}<\/script>\n<!-- \/ Yoast SEO plugin. -->","yoast_head_json":{"title":"Pendolo sospeso - Il Crogiuolo","description":"Pendolo sospeso Pendolo magnetico oscillante. Questo supporto radiestetico permette indagini semplici ma al contempo precise per poter investigare nei pi\u00f9 vari ambiti","robots":{"index":"index","follow":"follow","max-snippet":"max-snippet:-1","max-image-preview":"max-image-preview:large","max-video-preview":"max-video-preview:-1"},"canonical":"https:\/\/ilcrogiuolo.it\/it\/p\/pendolo-sospeso\/","og_locale":"it_IT","og_type":"article","og_title":"Pendolo sospeso - Il Crogiuolo","og_description":"Pendolo sospeso Pendolo magnetico oscillante. Questo supporto radiestetico permette indagini semplici ma al contempo precise per poter investigare nei pi\u00f9 vari ambiti","og_url":"https:\/\/ilcrogiuolo.it\/it\/p\/pendolo-sospeso\/","og_site_name":"Il Crogiuolo","article_publisher":"https:\/\/www.facebook.com\/Il-Crogiuolo-681876418491758","article_modified_time":"2024-02-05T13:17:40+00:00","og_image":[{"width":627,"height":600,"url":"https:\/\/ilcrogiuolo.it\/wp-content\/uploads\/2020\/01\/oracolopendolo_6503225.jpg","type":"image\/jpeg"}],"twitter_card":"summary_large_image","twitter_misc":{"Tempo di lettura stimato":"2 minuti"},"schema":{"@context":"https:\/\/schema.org","@graph":[{"@type":"WebPage","@id":"https:\/\/ilcrogiuolo.it\/it\/p\/pendolo-sospeso\/","url":"https:\/\/ilcrogiuolo.it\/it\/p\/pendolo-sospeso\/","name":"Pendolo sospeso - Il Crogiuolo","isPartOf":{"@id":"https:\/\/ilcrogiuolo.it\/it\/#website"},"primaryImageOfPage":{"@id":"https:\/\/ilcrogiuolo.it\/it\/p\/pendolo-sospeso\/#primaryimage"},"image":{"@id":"https:\/\/ilcrogiuolo.it\/it\/p\/pendolo-sospeso\/#primaryimage"},"thumbnailUrl":"https:\/\/ilcrogiuolo.it\/wp-content\/uploads\/2020\/01\/oracolopendolo_6503225.jpg","datePublished":"2020-01-14T16:17:04+00:00","dateModified":"2024-02-05T13:17:40+00:00","description":"Pendolo sospeso Pendolo magnetico oscillante. Questo supporto radiestetico permette indagini semplici ma al contempo precise per poter investigare nei pi\u00f9 vari ambiti","breadcrumb":{"@id":"https:\/\/ilcrogiuolo.it\/it\/p\/pendolo-sospeso\/#breadcrumb"},"inLanguage":"it-IT","potentialAction":[{"@type":"ReadAction","target":["https:\/\/ilcrogiuolo.it\/it\/p\/pendolo-sospeso\/"]}]},{"@type":"ImageObject","inLanguage":"it-IT","@id":"https:\/\/ilcrogiuolo.it\/it\/p\/pendolo-sospeso\/#primaryimage","url":"https:\/\/ilcrogiuolo.it\/wp-content\/uploads\/2020\/01\/oracolopendolo_6503225.jpg","contentUrl":"https:\/\/ilcrogiuolo.it\/wp-content\/uploads\/2020\/01\/oracolopendolo_6503225.jpg","width":627,"height":600},{"@type":"BreadcrumbList","@id":"https:\/\/ilcrogiuolo.it\/it\/p\/pendolo-sospeso\/#breadcrumb","itemListElement":[{"@type":"ListItem","position":1,"name":"Home","item":"https:\/\/ilcrogiuolo.it\/it\/"},{"@type":"ListItem","position":2,"name":"Shop","item":"https:\/\/ilcrogiuolo.it\/it\/negozio\/"},{"@type":"ListItem","position":3,"name":"Pendolo sospeso"}]},{"@type":"WebSite","@id":"https:\/\/ilcrogiuolo.it\/it\/#website","url":"https:\/\/ilcrogiuolo.it\/it\/","name":"Il Crogiuolo","description":"","publisher":{"@id":"https:\/\/ilcrogiuolo.it\/it\/#organization"},"potentialAction":[{"@type":"SearchAction","target":{"@type":"EntryPoint","urlTemplate":"https:\/\/ilcrogiuolo.it\/it\/?s={search_term_string}"},"query-input":{"@type":"PropertyValueSpecification","valueRequired":true,"valueName":"search_term_string"}}],"inLanguage":"it-IT"},{"@type":"Organization","@id":"https:\/\/ilcrogiuolo.it\/it\/#organization","name":"Il Crogiuolo","url":"https:\/\/ilcrogiuolo.it\/it\/","logo":{"@type":"ImageObject","inLanguage":"it-IT","@id":"https:\/\/ilcrogiuolo.it\/it\/#\/schema\/logo\/image\/","url":"https:\/\/ilcrogiuolo.it\/wp-content\/uploads\/2020\/04\/logo.png","contentUrl":"https:\/\/ilcrogiuolo.it\/wp-content\/uploads\/2020\/04\/logo.png","width":200,"height":49,"caption":"Il Crogiuolo"},"image":{"@id":"https:\/\/ilcrogiuolo.it\/it\/#\/schema\/logo\/image\/"},"sameAs":["https:\/\/www.facebook.com\/Il-Crogiuolo-681876418491758"]}]}},"_links":{"self":[{"href":"https:\/\/ilcrogiuolo.it\/it\/wp-json\/wp\/v2\/product\/8432","targetHints":{"allow":["GET"]}}],"collection":[{"href":"https:\/\/ilcrogiuolo.it\/it\/wp-json\/wp\/v2\/product"}],"about":[{"href":"https:\/\/ilcrogiuolo.it\/it\/wp-json\/wp\/v2\/types\/product"}],"wp:featuredmedia":[{"embeddable":true,"href":"https:\/\/ilcrogiuolo.it\/it\/wp-json\/wp\/v2\/media\/8433"}],"wp:attachment":[{"href":"https:\/\/ilcrogiuolo.it\/it\/wp-json\/wp\/v2\/media?parent=8432"}],"wp:term":[{"taxonomy":"product_brand","embeddable":true,"href":"https:\/\/ilcrogiuolo.it\/it\/wp-json\/wp\/v2\/product_brand?post=8432"},{"taxonomy":"product_cat","embeddable":true,"href":"https:\/\/ilcrogiuolo.it\/it\/wp-json\/wp\/v2\/product_cat?post=8432"},{"taxonomy":"product_tag","embeddable":true,"href":"https:\/\/ilcrogiuolo.it\/it\/wp-json\/wp\/v2\/product_tag?post=8432"}],"curies":[{"name":"wp","href":"https:\/\/api.w.org\/{rel}","templated":true}]}}