{"id":8242,"date":"2020-01-14T17:16:47","date_gmt":"2020-01-14T16:16:47","guid":{"rendered":"https:\/\/ilcrogiuolo.it\/p\/cartiglio-egizio-argento-925-gr-4-7-circa\/"},"modified":"2020-01-30T17:44:25","modified_gmt":"2020-01-30T16:44:25","slug":"cartiglio-egizio-argento-925-gr-4-7-circa","status":"publish","type":"product","link":"https:\/\/ilcrogiuolo.it\/it\/p\/cartiglio-egizio-argento-925-gr-4-7-circa\/","title":{"rendered":"CARTIGLIO EGIZIO argento 925 gr 4.7 circa"},"content":{"rendered":"<p>Il cartiglio egizio \u00e8 un talismano che riporta nomi di divinit\u00e0 antiche e formule evocative che hanno lo scopo di proteggere il suo possessore da ogni male. Aldil\u00e0 del suo indiscusso valore esoterico si tratta di un vero gioiello di pregiata fattura che potr\u00e0 essere indossato e regalato come porte bonheur. Argento 925.<\/p>\n","protected":false},"excerpt":{"rendered":"<p>Il cartiglio egizio \u00e8 un talismano che riporta nomi di divinit\u00e0 antiche e formule evocative che hanno lo scopo di&#8230;<\/p>\n","protected":false},"featured_media":8243,"template":"","meta":{"_acf_changed":false},"product_brand":[],"product_cat":[1132,1066,1477],"product_tag":[],"class_list":{"0":"post-8242","1":"product","2":"type-product","3":"status-publish","4":"has-post-thumbnail","6":"product_cat-talismani-cabalistici-angelici-egizi","7":"product_cat-talismani-amuleti","8":"product_cat-talismani-egizi","10":"first","11":"instock","12":"taxable","13":"shipping-taxable","14":"purchasable","15":"product-type-simple","16":"add-to-wishlist-before_image"},"acf":[],"yoast_head":"<!-- This site is optimized with the Yoast SEO plugin v26.9 - https:\/\/yoast.com\/product\/yoast-seo-wordpress\/ -->\n<title>CARTIGLIO EGIZIO argento 925 gr 4.7 circa - Il Crogiuolo<\/title>\n<meta name=\"description\" content=\"CARTIGLIO EGIZIO argento 925 gr 4.7 circa Il cartiglio egizio \u00e8 un talismano che riporta nomi di divinit\u00e0 antiche e formule evocative che hanno lo scopo di proteggere il suo possessore da ogni\" \/>\n<meta name=\"robots\" content=\"index, follow, max-snippet:-1, max-image-preview:large, max-video-preview:-1\" \/>\n<link rel=\"canonical\" href=\"https:\/\/ilcrogiuolo.it\/it\/p\/cartiglio-egizio-argento-925-gr-4-7-circa\/\" \/>\n<meta property=\"og:locale\" content=\"it_IT\" \/>\n<meta property=\"og:type\" content=\"article\" \/>\n<meta property=\"og:title\" content=\"CARTIGLIO EGIZIO argento 925 gr 4.7 circa - Il Crogiuolo\" \/>\n<meta property=\"og:description\" content=\"CARTIGLIO EGIZIO argento 925 gr 4.7 circa Il cartiglio egizio \u00e8 un talismano che riporta nomi di divinit\u00e0 antiche e formule evocative che hanno lo scopo di proteggere il suo possessore da ogni\" \/>\n<meta property=\"og:url\" content=\"https:\/\/ilcrogiuolo.it\/it\/p\/cartiglio-egizio-argento-925-gr-4-7-circa\/\" \/>\n<meta property=\"og:site_name\" content=\"Il Crogiuolo\" \/>\n<meta property=\"article:publisher\" content=\"https:\/\/www.facebook.com\/Il-Crogiuolo-681876418491758\" \/>\n<meta property=\"article:modified_time\" content=\"2020-01-30T16:44:25+00:00\" \/>\n<meta property=\"og:image\" content=\"https:\/\/ilcrogiuolo.it\/wp-content\/uploads\/2020\/01\/cartiglioegizio_3183746.jpg\" \/>\n\t<meta property=\"og:image:width\" content=\"627\" \/>\n\t<meta property=\"og:image:height\" content=\"600\" \/>\n\t<meta property=\"og:image:type\" content=\"image\/jpeg\" \/>\n<meta name=\"twitter:card\" content=\"summary_large_image\" \/>\n<script type=\"application\/ld+json\" class=\"yoast-schema-graph\">{\"@context\":\"https:\/\/schema.org\",\"@graph\":[{\"@type\":\"WebPage\",\"@id\":\"https:\/\/ilcrogiuolo.it\/it\/p\/cartiglio-egizio-argento-925-gr-4-7-circa\/\",\"url\":\"https:\/\/ilcrogiuolo.it\/it\/p\/cartiglio-egizio-argento-925-gr-4-7-circa\/\",\"name\":\"CARTIGLIO EGIZIO argento 925 gr 4.7 circa - Il Crogiuolo\",\"isPartOf\":{\"@id\":\"https:\/\/ilcrogiuolo.it\/it\/#website\"},\"primaryImageOfPage\":{\"@id\":\"https:\/\/ilcrogiuolo.it\/it\/p\/cartiglio-egizio-argento-925-gr-4-7-circa\/#primaryimage\"},\"image\":{\"@id\":\"https:\/\/ilcrogiuolo.it\/it\/p\/cartiglio-egizio-argento-925-gr-4-7-circa\/#primaryimage\"},\"thumbnailUrl\":\"https:\/\/ilcrogiuolo.it\/wp-content\/uploads\/2020\/01\/cartiglioegizio_3183746.jpg\",\"datePublished\":\"2020-01-14T16:16:47+00:00\",\"dateModified\":\"2020-01-30T16:44:25+00:00\",\"description\":\"CARTIGLIO EGIZIO argento 925 gr 4.7 circa Il cartiglio egizio \u00e8 un talismano che riporta nomi di divinit\u00e0 antiche e formule evocative che hanno lo scopo di proteggere il suo possessore da ogni\",\"breadcrumb\":{\"@id\":\"https:\/\/ilcrogiuolo.it\/it\/p\/cartiglio-egizio-argento-925-gr-4-7-circa\/#breadcrumb\"},\"inLanguage\":\"it-IT\",\"potentialAction\":[{\"@type\":\"ReadAction\",\"target\":[\"https:\/\/ilcrogiuolo.it\/it\/p\/cartiglio-egizio-argento-925-gr-4-7-circa\/\"]}]},{\"@type\":\"ImageObject\",\"inLanguage\":\"it-IT\",\"@id\":\"https:\/\/ilcrogiuolo.it\/it\/p\/cartiglio-egizio-argento-925-gr-4-7-circa\/#primaryimage\",\"url\":\"https:\/\/ilcrogiuolo.it\/wp-content\/uploads\/2020\/01\/cartiglioegizio_3183746.jpg\",\"contentUrl\":\"https:\/\/ilcrogiuolo.it\/wp-content\/uploads\/2020\/01\/cartiglioegizio_3183746.jpg\",\"width\":627,\"height\":600},{\"@type\":\"BreadcrumbList\",\"@id\":\"https:\/\/ilcrogiuolo.it\/it\/p\/cartiglio-egizio-argento-925-gr-4-7-circa\/#breadcrumb\",\"itemListElement\":[{\"@type\":\"ListItem\",\"position\":1,\"name\":\"Home\",\"item\":\"https:\/\/ilcrogiuolo.it\/it\/\"},{\"@type\":\"ListItem\",\"position\":2,\"name\":\"Shop\",\"item\":\"https:\/\/ilcrogiuolo.it\/it\/negozio\/\"},{\"@type\":\"ListItem\",\"position\":3,\"name\":\"CARTIGLIO EGIZIO argento 925 gr 4.7 circa\"}]},{\"@type\":\"WebSite\",\"@id\":\"https:\/\/ilcrogiuolo.it\/it\/#website\",\"url\":\"https:\/\/ilcrogiuolo.it\/it\/\",\"name\":\"Il Crogiuolo\",\"description\":\"\",\"publisher\":{\"@id\":\"https:\/\/ilcrogiuolo.it\/it\/#organization\"},\"potentialAction\":[{\"@type\":\"SearchAction\",\"target\":{\"@type\":\"EntryPoint\",\"urlTemplate\":\"https:\/\/ilcrogiuolo.it\/it\/?s={search_term_string}\"},\"query-input\":{\"@type\":\"PropertyValueSpecification\",\"valueRequired\":true,\"valueName\":\"search_term_string\"}}],\"inLanguage\":\"it-IT\"},{\"@type\":\"Organization\",\"@id\":\"https:\/\/ilcrogiuolo.it\/it\/#organization\",\"name\":\"Il Crogiuolo\",\"url\":\"https:\/\/ilcrogiuolo.it\/it\/\",\"logo\":{\"@type\":\"ImageObject\",\"inLanguage\":\"it-IT\",\"@id\":\"https:\/\/ilcrogiuolo.it\/it\/#\/schema\/logo\/image\/\",\"url\":\"https:\/\/ilcrogiuolo.it\/wp-content\/uploads\/2020\/04\/logo.png\",\"contentUrl\":\"https:\/\/ilcrogiuolo.it\/wp-content\/uploads\/2020\/04\/logo.png\",\"width\":200,\"height\":49,\"caption\":\"Il Crogiuolo\"},\"image\":{\"@id\":\"https:\/\/ilcrogiuolo.it\/it\/#\/schema\/logo\/image\/\"},\"sameAs\":[\"https:\/\/www.facebook.com\/Il-Crogiuolo-681876418491758\"]}]}<\/script>\n<!-- \/ Yoast SEO plugin. -->","yoast_head_json":{"title":"CARTIGLIO EGIZIO argento 925 gr 4.7 circa - Il Crogiuolo","description":"CARTIGLIO EGIZIO argento 925 gr 4.7 circa Il cartiglio egizio \u00e8 un talismano che riporta nomi di divinit\u00e0 antiche e formule evocative che hanno lo scopo di proteggere il suo possessore da ogni","robots":{"index":"index","follow":"follow","max-snippet":"max-snippet:-1","max-image-preview":"max-image-preview:large","max-video-preview":"max-video-preview:-1"},"canonical":"https:\/\/ilcrogiuolo.it\/it\/p\/cartiglio-egizio-argento-925-gr-4-7-circa\/","og_locale":"it_IT","og_type":"article","og_title":"CARTIGLIO EGIZIO argento 925 gr 4.7 circa - Il Crogiuolo","og_description":"CARTIGLIO EGIZIO argento 925 gr 4.7 circa Il cartiglio egizio \u00e8 un talismano che riporta nomi di divinit\u00e0 antiche e formule evocative che hanno lo scopo di proteggere il suo possessore da ogni","og_url":"https:\/\/ilcrogiuolo.it\/it\/p\/cartiglio-egizio-argento-925-gr-4-7-circa\/","og_site_name":"Il Crogiuolo","article_publisher":"https:\/\/www.facebook.com\/Il-Crogiuolo-681876418491758","article_modified_time":"2020-01-30T16:44:25+00:00","og_image":[{"width":627,"height":600,"url":"https:\/\/ilcrogiuolo.it\/wp-content\/uploads\/2020\/01\/cartiglioegizio_3183746.jpg","type":"image\/jpeg"}],"twitter_card":"summary_large_image","schema":{"@context":"https:\/\/schema.org","@graph":[{"@type":"WebPage","@id":"https:\/\/ilcrogiuolo.it\/it\/p\/cartiglio-egizio-argento-925-gr-4-7-circa\/","url":"https:\/\/ilcrogiuolo.it\/it\/p\/cartiglio-egizio-argento-925-gr-4-7-circa\/","name":"CARTIGLIO EGIZIO argento 925 gr 4.7 circa - Il Crogiuolo","isPartOf":{"@id":"https:\/\/ilcrogiuolo.it\/it\/#website"},"primaryImageOfPage":{"@id":"https:\/\/ilcrogiuolo.it\/it\/p\/cartiglio-egizio-argento-925-gr-4-7-circa\/#primaryimage"},"image":{"@id":"https:\/\/ilcrogiuolo.it\/it\/p\/cartiglio-egizio-argento-925-gr-4-7-circa\/#primaryimage"},"thumbnailUrl":"https:\/\/ilcrogiuolo.it\/wp-content\/uploads\/2020\/01\/cartiglioegizio_3183746.jpg","datePublished":"2020-01-14T16:16:47+00:00","dateModified":"2020-01-30T16:44:25+00:00","description":"CARTIGLIO EGIZIO argento 925 gr 4.7 circa Il cartiglio egizio \u00e8 un talismano che riporta nomi di divinit\u00e0 antiche e formule evocative che hanno lo scopo di proteggere il suo possessore da ogni","breadcrumb":{"@id":"https:\/\/ilcrogiuolo.it\/it\/p\/cartiglio-egizio-argento-925-gr-4-7-circa\/#breadcrumb"},"inLanguage":"it-IT","potentialAction":[{"@type":"ReadAction","target":["https:\/\/ilcrogiuolo.it\/it\/p\/cartiglio-egizio-argento-925-gr-4-7-circa\/"]}]},{"@type":"ImageObject","inLanguage":"it-IT","@id":"https:\/\/ilcrogiuolo.it\/it\/p\/cartiglio-egizio-argento-925-gr-4-7-circa\/#primaryimage","url":"https:\/\/ilcrogiuolo.it\/wp-content\/uploads\/2020\/01\/cartiglioegizio_3183746.jpg","contentUrl":"https:\/\/ilcrogiuolo.it\/wp-content\/uploads\/2020\/01\/cartiglioegizio_3183746.jpg","width":627,"height":600},{"@type":"BreadcrumbList","@id":"https:\/\/ilcrogiuolo.it\/it\/p\/cartiglio-egizio-argento-925-gr-4-7-circa\/#breadcrumb","itemListElement":[{"@type":"ListItem","position":1,"name":"Home","item":"https:\/\/ilcrogiuolo.it\/it\/"},{"@type":"ListItem","position":2,"name":"Shop","item":"https:\/\/ilcrogiuolo.it\/it\/negozio\/"},{"@type":"ListItem","position":3,"name":"CARTIGLIO EGIZIO argento 925 gr 4.7 circa"}]},{"@type":"WebSite","@id":"https:\/\/ilcrogiuolo.it\/it\/#website","url":"https:\/\/ilcrogiuolo.it\/it\/","name":"Il Crogiuolo","description":"","publisher":{"@id":"https:\/\/ilcrogiuolo.it\/it\/#organization"},"potentialAction":[{"@type":"SearchAction","target":{"@type":"EntryPoint","urlTemplate":"https:\/\/ilcrogiuolo.it\/it\/?s={search_term_string}"},"query-input":{"@type":"PropertyValueSpecification","valueRequired":true,"valueName":"search_term_string"}}],"inLanguage":"it-IT"},{"@type":"Organization","@id":"https:\/\/ilcrogiuolo.it\/it\/#organization","name":"Il Crogiuolo","url":"https:\/\/ilcrogiuolo.it\/it\/","logo":{"@type":"ImageObject","inLanguage":"it-IT","@id":"https:\/\/ilcrogiuolo.it\/it\/#\/schema\/logo\/image\/","url":"https:\/\/ilcrogiuolo.it\/wp-content\/uploads\/2020\/04\/logo.png","contentUrl":"https:\/\/ilcrogiuolo.it\/wp-content\/uploads\/2020\/04\/logo.png","width":200,"height":49,"caption":"Il Crogiuolo"},"image":{"@id":"https:\/\/ilcrogiuolo.it\/it\/#\/schema\/logo\/image\/"},"sameAs":["https:\/\/www.facebook.com\/Il-Crogiuolo-681876418491758"]}]}},"_links":{"self":[{"href":"https:\/\/ilcrogiuolo.it\/it\/wp-json\/wp\/v2\/product\/8242","targetHints":{"allow":["GET"]}}],"collection":[{"href":"https:\/\/ilcrogiuolo.it\/it\/wp-json\/wp\/v2\/product"}],"about":[{"href":"https:\/\/ilcrogiuolo.it\/it\/wp-json\/wp\/v2\/types\/product"}],"wp:featuredmedia":[{"embeddable":true,"href":"https:\/\/ilcrogiuolo.it\/it\/wp-json\/wp\/v2\/media\/8243"}],"wp:attachment":[{"href":"https:\/\/ilcrogiuolo.it\/it\/wp-json\/wp\/v2\/media?parent=8242"}],"wp:term":[{"taxonomy":"product_brand","embeddable":true,"href":"https:\/\/ilcrogiuolo.it\/it\/wp-json\/wp\/v2\/product_brand?post=8242"},{"taxonomy":"product_cat","embeddable":true,"href":"https:\/\/ilcrogiuolo.it\/it\/wp-json\/wp\/v2\/product_cat?post=8242"},{"taxonomy":"product_tag","embeddable":true,"href":"https:\/\/ilcrogiuolo.it\/it\/wp-json\/wp\/v2\/product_tag?post=8242"}],"curies":[{"name":"wp","href":"https:\/\/api.w.org\/{rel}","templated":true}]}}