{"id":811,"date":"2020-01-14T17:02:14","date_gmt":"2020-01-14T16:02:14","guid":{"rendered":"https:\/\/ilcrogiuolo.it\/p\/garfo-di-exu-cm-18-color-rosso\/"},"modified":"2020-02-10T11:31:45","modified_gmt":"2020-02-10T10:31:45","slug":"garfo-di-exu-cm-18-color-rosso","status":"publish","type":"product","link":"https:\/\/ilcrogiuolo.it\/it\/p\/garfo-di-exu-cm-18-color-rosso\/","title":{"rendered":"GARFO DI EX\u00da &#8211; CM 18  Color rosso"},"content":{"rendered":"<p>Questa candela a forma di TRIDENTE \u00e8 il portentoso simbolo di EX\u00da. La si utilizza per evocare la sua Potente ENERGIA in tutti i RITI che necessitano il Suo aiuto. Portentoso, tradizionalmente, per chiamare danaro, riuscita personale, realizzazione dell\u2019attivit\u00e0 lavorativa ed in ogni settore della vita. Si accende, secondo quello che si tramanda, partendo dallo stoppino centrale e procedendo poi da sinistra a destra.<\/p>\n","protected":false},"excerpt":{"rendered":"<p>Questa candela a forma di TRIDENTE \u00e8 il portentoso simbolo di EX\u00da. La si utilizza per evocare la sua Potente&#8230;<\/p>\n","protected":false},"featured_media":18999,"template":"","meta":{"_acf_changed":false},"product_brand":[],"product_cat":[1083,1059,1294],"product_tag":[],"class_list":{"0":"post-811","1":"product","2":"type-product","3":"status-publish","4":"has-post-thumbnail","6":"product_cat-cereria-esoterica-candele-da-altare","7":"product_cat-articoli-esoterici","8":"product_cat-candele-oscar-pupi-amanti-teste-faraoniche","10":"first","11":"instock","12":"taxable","13":"shipping-taxable","14":"purchasable","15":"product-type-simple","16":"add-to-wishlist-before_image"},"acf":[],"yoast_head":"<!-- This site is optimized with the Yoast SEO plugin v26.9 - https:\/\/yoast.com\/product\/yoast-seo-wordpress\/ -->\n<title>GARFO DI EX\u00da - CM 18 Color rosso - Il Crogiuolo<\/title>\n<meta name=\"description\" content=\"GARFO DI EX\u00da - CM 18 Color rosso Questa candela a forma di TRIDENTE \u00e8 il portentoso simbolo di EX\u00da. La si utilizza per evocare la sua Potente ENERGIA in tutti i RITI che necessitano il\" \/>\n<meta name=\"robots\" content=\"index, follow, max-snippet:-1, max-image-preview:large, max-video-preview:-1\" \/>\n<link rel=\"canonical\" href=\"https:\/\/ilcrogiuolo.it\/it\/p\/garfo-di-exu-cm-18-color-rosso\/\" \/>\n<meta property=\"og:locale\" content=\"it_IT\" \/>\n<meta property=\"og:type\" content=\"article\" \/>\n<meta property=\"og:title\" content=\"GARFO DI EX\u00da - CM 18 Color rosso - Il Crogiuolo\" \/>\n<meta property=\"og:description\" content=\"GARFO DI EX\u00da - CM 18 Color rosso Questa candela a forma di TRIDENTE \u00e8 il portentoso simbolo di EX\u00da. La si utilizza per evocare la sua Potente ENERGIA in tutti i RITI che necessitano il\" \/>\n<meta property=\"og:url\" content=\"https:\/\/ilcrogiuolo.it\/it\/p\/garfo-di-exu-cm-18-color-rosso\/\" \/>\n<meta property=\"og:site_name\" content=\"Il Crogiuolo\" \/>\n<meta property=\"article:publisher\" content=\"https:\/\/www.facebook.com\/Il-Crogiuolo-681876418491758\" \/>\n<meta property=\"article:modified_time\" content=\"2020-02-10T10:31:45+00:00\" \/>\n<meta property=\"og:image\" content=\"https:\/\/ilcrogiuolo.it\/wp-content\/uploads\/2020\/01\/dsc0208_9222564-1.jpg\" \/>\n\t<meta property=\"og:image:width\" content=\"627\" \/>\n\t<meta property=\"og:image:height\" content=\"600\" \/>\n\t<meta property=\"og:image:type\" content=\"image\/jpeg\" \/>\n<meta name=\"twitter:card\" content=\"summary_large_image\" \/>\n<script type=\"application\/ld+json\" class=\"yoast-schema-graph\">{\"@context\":\"https:\/\/schema.org\",\"@graph\":[{\"@type\":\"WebPage\",\"@id\":\"https:\/\/ilcrogiuolo.it\/it\/p\/garfo-di-exu-cm-18-color-rosso\/\",\"url\":\"https:\/\/ilcrogiuolo.it\/it\/p\/garfo-di-exu-cm-18-color-rosso\/\",\"name\":\"GARFO DI EX\u00da - CM 18 Color rosso - Il Crogiuolo\",\"isPartOf\":{\"@id\":\"https:\/\/ilcrogiuolo.it\/it\/#website\"},\"primaryImageOfPage\":{\"@id\":\"https:\/\/ilcrogiuolo.it\/it\/p\/garfo-di-exu-cm-18-color-rosso\/#primaryimage\"},\"image\":{\"@id\":\"https:\/\/ilcrogiuolo.it\/it\/p\/garfo-di-exu-cm-18-color-rosso\/#primaryimage\"},\"thumbnailUrl\":\"https:\/\/ilcrogiuolo.it\/wp-content\/uploads\/2020\/01\/dsc0208_9222564-1.jpg\",\"datePublished\":\"2020-01-14T16:02:14+00:00\",\"dateModified\":\"2020-02-10T10:31:45+00:00\",\"description\":\"GARFO DI EX\u00da - CM 18 Color rosso Questa candela a forma di TRIDENTE \u00e8 il portentoso simbolo di EX\u00da. La si utilizza per evocare la sua Potente ENERGIA in tutti i RITI che necessitano il\",\"breadcrumb\":{\"@id\":\"https:\/\/ilcrogiuolo.it\/it\/p\/garfo-di-exu-cm-18-color-rosso\/#breadcrumb\"},\"inLanguage\":\"it-IT\",\"potentialAction\":[{\"@type\":\"ReadAction\",\"target\":[\"https:\/\/ilcrogiuolo.it\/it\/p\/garfo-di-exu-cm-18-color-rosso\/\"]}]},{\"@type\":\"ImageObject\",\"inLanguage\":\"it-IT\",\"@id\":\"https:\/\/ilcrogiuolo.it\/it\/p\/garfo-di-exu-cm-18-color-rosso\/#primaryimage\",\"url\":\"https:\/\/ilcrogiuolo.it\/wp-content\/uploads\/2020\/01\/dsc0208_9222564-1.jpg\",\"contentUrl\":\"https:\/\/ilcrogiuolo.it\/wp-content\/uploads\/2020\/01\/dsc0208_9222564-1.jpg\",\"width\":627,\"height\":600},{\"@type\":\"BreadcrumbList\",\"@id\":\"https:\/\/ilcrogiuolo.it\/it\/p\/garfo-di-exu-cm-18-color-rosso\/#breadcrumb\",\"itemListElement\":[{\"@type\":\"ListItem\",\"position\":1,\"name\":\"Home\",\"item\":\"https:\/\/ilcrogiuolo.it\/it\/\"},{\"@type\":\"ListItem\",\"position\":2,\"name\":\"Shop\",\"item\":\"https:\/\/ilcrogiuolo.it\/it\/negozio\/\"},{\"@type\":\"ListItem\",\"position\":3,\"name\":\"GARFO DI EX\u00da &#8211; CM 18 Color rosso\"}]},{\"@type\":\"WebSite\",\"@id\":\"https:\/\/ilcrogiuolo.it\/it\/#website\",\"url\":\"https:\/\/ilcrogiuolo.it\/it\/\",\"name\":\"Il Crogiuolo\",\"description\":\"\",\"publisher\":{\"@id\":\"https:\/\/ilcrogiuolo.it\/it\/#organization\"},\"potentialAction\":[{\"@type\":\"SearchAction\",\"target\":{\"@type\":\"EntryPoint\",\"urlTemplate\":\"https:\/\/ilcrogiuolo.it\/it\/?s={search_term_string}\"},\"query-input\":{\"@type\":\"PropertyValueSpecification\",\"valueRequired\":true,\"valueName\":\"search_term_string\"}}],\"inLanguage\":\"it-IT\"},{\"@type\":\"Organization\",\"@id\":\"https:\/\/ilcrogiuolo.it\/it\/#organization\",\"name\":\"Il Crogiuolo\",\"url\":\"https:\/\/ilcrogiuolo.it\/it\/\",\"logo\":{\"@type\":\"ImageObject\",\"inLanguage\":\"it-IT\",\"@id\":\"https:\/\/ilcrogiuolo.it\/it\/#\/schema\/logo\/image\/\",\"url\":\"https:\/\/ilcrogiuolo.it\/wp-content\/uploads\/2020\/04\/logo.png\",\"contentUrl\":\"https:\/\/ilcrogiuolo.it\/wp-content\/uploads\/2020\/04\/logo.png\",\"width\":200,\"height\":49,\"caption\":\"Il Crogiuolo\"},\"image\":{\"@id\":\"https:\/\/ilcrogiuolo.it\/it\/#\/schema\/logo\/image\/\"},\"sameAs\":[\"https:\/\/www.facebook.com\/Il-Crogiuolo-681876418491758\"]}]}<\/script>\n<!-- \/ Yoast SEO plugin. -->","yoast_head_json":{"title":"GARFO DI EX\u00da - CM 18 Color rosso - Il Crogiuolo","description":"GARFO DI EX\u00da - CM 18 Color rosso Questa candela a forma di TRIDENTE \u00e8 il portentoso simbolo di EX\u00da. La si utilizza per evocare la sua Potente ENERGIA in tutti i RITI che necessitano il","robots":{"index":"index","follow":"follow","max-snippet":"max-snippet:-1","max-image-preview":"max-image-preview:large","max-video-preview":"max-video-preview:-1"},"canonical":"https:\/\/ilcrogiuolo.it\/it\/p\/garfo-di-exu-cm-18-color-rosso\/","og_locale":"it_IT","og_type":"article","og_title":"GARFO DI EX\u00da - CM 18 Color rosso - Il Crogiuolo","og_description":"GARFO DI EX\u00da - CM 18 Color rosso Questa candela a forma di TRIDENTE \u00e8 il portentoso simbolo di EX\u00da. La si utilizza per evocare la sua Potente ENERGIA in tutti i RITI che necessitano il","og_url":"https:\/\/ilcrogiuolo.it\/it\/p\/garfo-di-exu-cm-18-color-rosso\/","og_site_name":"Il Crogiuolo","article_publisher":"https:\/\/www.facebook.com\/Il-Crogiuolo-681876418491758","article_modified_time":"2020-02-10T10:31:45+00:00","og_image":[{"width":627,"height":600,"url":"https:\/\/ilcrogiuolo.it\/wp-content\/uploads\/2020\/01\/dsc0208_9222564-1.jpg","type":"image\/jpeg"}],"twitter_card":"summary_large_image","schema":{"@context":"https:\/\/schema.org","@graph":[{"@type":"WebPage","@id":"https:\/\/ilcrogiuolo.it\/it\/p\/garfo-di-exu-cm-18-color-rosso\/","url":"https:\/\/ilcrogiuolo.it\/it\/p\/garfo-di-exu-cm-18-color-rosso\/","name":"GARFO DI EX\u00da - CM 18 Color rosso - Il Crogiuolo","isPartOf":{"@id":"https:\/\/ilcrogiuolo.it\/it\/#website"},"primaryImageOfPage":{"@id":"https:\/\/ilcrogiuolo.it\/it\/p\/garfo-di-exu-cm-18-color-rosso\/#primaryimage"},"image":{"@id":"https:\/\/ilcrogiuolo.it\/it\/p\/garfo-di-exu-cm-18-color-rosso\/#primaryimage"},"thumbnailUrl":"https:\/\/ilcrogiuolo.it\/wp-content\/uploads\/2020\/01\/dsc0208_9222564-1.jpg","datePublished":"2020-01-14T16:02:14+00:00","dateModified":"2020-02-10T10:31:45+00:00","description":"GARFO DI EX\u00da - CM 18 Color rosso Questa candela a forma di TRIDENTE \u00e8 il portentoso simbolo di EX\u00da. La si utilizza per evocare la sua Potente ENERGIA in tutti i RITI che necessitano il","breadcrumb":{"@id":"https:\/\/ilcrogiuolo.it\/it\/p\/garfo-di-exu-cm-18-color-rosso\/#breadcrumb"},"inLanguage":"it-IT","potentialAction":[{"@type":"ReadAction","target":["https:\/\/ilcrogiuolo.it\/it\/p\/garfo-di-exu-cm-18-color-rosso\/"]}]},{"@type":"ImageObject","inLanguage":"it-IT","@id":"https:\/\/ilcrogiuolo.it\/it\/p\/garfo-di-exu-cm-18-color-rosso\/#primaryimage","url":"https:\/\/ilcrogiuolo.it\/wp-content\/uploads\/2020\/01\/dsc0208_9222564-1.jpg","contentUrl":"https:\/\/ilcrogiuolo.it\/wp-content\/uploads\/2020\/01\/dsc0208_9222564-1.jpg","width":627,"height":600},{"@type":"BreadcrumbList","@id":"https:\/\/ilcrogiuolo.it\/it\/p\/garfo-di-exu-cm-18-color-rosso\/#breadcrumb","itemListElement":[{"@type":"ListItem","position":1,"name":"Home","item":"https:\/\/ilcrogiuolo.it\/it\/"},{"@type":"ListItem","position":2,"name":"Shop","item":"https:\/\/ilcrogiuolo.it\/it\/negozio\/"},{"@type":"ListItem","position":3,"name":"GARFO DI EX\u00da &#8211; CM 18 Color rosso"}]},{"@type":"WebSite","@id":"https:\/\/ilcrogiuolo.it\/it\/#website","url":"https:\/\/ilcrogiuolo.it\/it\/","name":"Il Crogiuolo","description":"","publisher":{"@id":"https:\/\/ilcrogiuolo.it\/it\/#organization"},"potentialAction":[{"@type":"SearchAction","target":{"@type":"EntryPoint","urlTemplate":"https:\/\/ilcrogiuolo.it\/it\/?s={search_term_string}"},"query-input":{"@type":"PropertyValueSpecification","valueRequired":true,"valueName":"search_term_string"}}],"inLanguage":"it-IT"},{"@type":"Organization","@id":"https:\/\/ilcrogiuolo.it\/it\/#organization","name":"Il Crogiuolo","url":"https:\/\/ilcrogiuolo.it\/it\/","logo":{"@type":"ImageObject","inLanguage":"it-IT","@id":"https:\/\/ilcrogiuolo.it\/it\/#\/schema\/logo\/image\/","url":"https:\/\/ilcrogiuolo.it\/wp-content\/uploads\/2020\/04\/logo.png","contentUrl":"https:\/\/ilcrogiuolo.it\/wp-content\/uploads\/2020\/04\/logo.png","width":200,"height":49,"caption":"Il Crogiuolo"},"image":{"@id":"https:\/\/ilcrogiuolo.it\/it\/#\/schema\/logo\/image\/"},"sameAs":["https:\/\/www.facebook.com\/Il-Crogiuolo-681876418491758"]}]}},"_links":{"self":[{"href":"https:\/\/ilcrogiuolo.it\/it\/wp-json\/wp\/v2\/product\/811","targetHints":{"allow":["GET"]}}],"collection":[{"href":"https:\/\/ilcrogiuolo.it\/it\/wp-json\/wp\/v2\/product"}],"about":[{"href":"https:\/\/ilcrogiuolo.it\/it\/wp-json\/wp\/v2\/types\/product"}],"wp:featuredmedia":[{"embeddable":true,"href":"https:\/\/ilcrogiuolo.it\/it\/wp-json\/wp\/v2\/media\/18999"}],"wp:attachment":[{"href":"https:\/\/ilcrogiuolo.it\/it\/wp-json\/wp\/v2\/media?parent=811"}],"wp:term":[{"taxonomy":"product_brand","embeddable":true,"href":"https:\/\/ilcrogiuolo.it\/it\/wp-json\/wp\/v2\/product_brand?post=811"},{"taxonomy":"product_cat","embeddable":true,"href":"https:\/\/ilcrogiuolo.it\/it\/wp-json\/wp\/v2\/product_cat?post=811"},{"taxonomy":"product_tag","embeddable":true,"href":"https:\/\/ilcrogiuolo.it\/it\/wp-json\/wp\/v2\/product_tag?post=811"}],"curies":[{"name":"wp","href":"https:\/\/api.w.org\/{rel}","templated":true}]}}