{"id":8035,"date":"2020-01-14T17:16:26","date_gmt":"2020-01-14T16:16:26","guid":{"rendered":"https:\/\/ilcrogiuolo.it\/p\/biotensor-raggio-di-luce-filo-placcato-oro\/"},"modified":"2023-04-11T14:23:53","modified_gmt":"2023-04-11T12:23:53","slug":"biotensor-raggio-di-luce-filo-placcato-oro","status":"publish","type":"product","link":"https:\/\/ilcrogiuolo.it\/it\/p\/biotensor-raggio-di-luce-filo-placcato-oro\/","title":{"rendered":"BIOTENSOR RAGGIO DI LUCE"},"content":{"rendered":"<p>Raggio di Luce La luce \u00e8 vita In innumerevoli varianti e di una bellezza mozzafiato \u00e8 una trama pi\u00f9 sottile del nostro sentire, \u00e8 superiore ai nostri pensieri, ci dona energia vitale, illumina il nostro cammino, \u00e8 Divina, il raggio di luce indica il futuro e ci aiuta a trovare la via giusta. Il Raggio di Luce illumina il vostro cammino di vita personale in questo mondo.<\/p>\n","protected":false},"excerpt":{"rendered":"<p>Raggio di Luce La luce \u00e8 vita In innumerevoli varianti e di una bellezza mozzafiato \u00e8 una trama pi\u00f9 sottile&#8230;<\/p>\n","protected":false},"featured_media":8036,"template":"","meta":{"_acf_changed":false},"product_brand":[],"product_cat":[1131,1061],"product_tag":[],"class_list":{"0":"post-8035","1":"product","2":"type-product","3":"status-publish","4":"has-post-thumbnail","6":"product_cat-biotensor-strumenti-pranoterapici","7":"product_cat-olistica-ayurveda","9":"first","10":"outofstock","11":"taxable","12":"shipping-taxable","13":"purchasable","14":"product-type-simple","15":"add-to-wishlist-before_image"},"acf":[],"yoast_head":"<!-- This site is optimized with the Yoast SEO plugin v26.9 - https:\/\/yoast.com\/product\/yoast-seo-wordpress\/ -->\n<title>BIOTENSOR RAGGIO DI LUCE - Il Crogiuolo<\/title>\n<meta name=\"description\" content=\"BIOTENSOR RAGGIO DI LUCE Raggio di Luce La luce \u00e8 vita In innumerevoli varianti e di una bellezza mozzafiato \u00e8 una trama pi\u00f9 sottile del nostro sentire, \u00e8 superiore ai nostri\" \/>\n<meta name=\"robots\" content=\"index, follow, max-snippet:-1, max-image-preview:large, max-video-preview:-1\" \/>\n<link rel=\"canonical\" href=\"https:\/\/ilcrogiuolo.it\/it\/p\/biotensor-raggio-di-luce-filo-placcato-oro\/\" \/>\n<meta property=\"og:locale\" content=\"it_IT\" \/>\n<meta property=\"og:type\" content=\"article\" \/>\n<meta property=\"og:title\" content=\"BIOTENSOR RAGGIO DI LUCE - Il Crogiuolo\" \/>\n<meta property=\"og:description\" content=\"BIOTENSOR RAGGIO DI LUCE Raggio di Luce La luce \u00e8 vita In innumerevoli varianti e di una bellezza mozzafiato \u00e8 una trama pi\u00f9 sottile del nostro sentire, \u00e8 superiore ai nostri\" \/>\n<meta property=\"og:url\" content=\"https:\/\/ilcrogiuolo.it\/it\/p\/biotensor-raggio-di-luce-filo-placcato-oro\/\" \/>\n<meta property=\"og:site_name\" content=\"Il Crogiuolo\" \/>\n<meta property=\"article:publisher\" content=\"https:\/\/www.facebook.com\/Il-Crogiuolo-681876418491758\" \/>\n<meta property=\"article:modified_time\" content=\"2023-04-11T12:23:53+00:00\" \/>\n<meta property=\"og:image\" content=\"https:\/\/ilcrogiuolo.it\/wp-content\/uploads\/2020\/01\/biotensorraggiodiluce_1480037.jpg\" \/>\n\t<meta property=\"og:image:width\" content=\"627\" \/>\n\t<meta property=\"og:image:height\" content=\"600\" \/>\n\t<meta property=\"og:image:type\" content=\"image\/jpeg\" \/>\n<meta name=\"twitter:card\" content=\"summary_large_image\" \/>\n<meta name=\"twitter:label1\" content=\"Tempo di lettura stimato\" \/>\n\t<meta name=\"twitter:data1\" content=\"1 minuto\" \/>\n<script type=\"application\/ld+json\" class=\"yoast-schema-graph\">{\"@context\":\"https:\/\/schema.org\",\"@graph\":[{\"@type\":\"WebPage\",\"@id\":\"https:\/\/ilcrogiuolo.it\/it\/p\/biotensor-raggio-di-luce-filo-placcato-oro\/\",\"url\":\"https:\/\/ilcrogiuolo.it\/it\/p\/biotensor-raggio-di-luce-filo-placcato-oro\/\",\"name\":\"BIOTENSOR RAGGIO DI LUCE - Il Crogiuolo\",\"isPartOf\":{\"@id\":\"https:\/\/ilcrogiuolo.it\/it\/#website\"},\"primaryImageOfPage\":{\"@id\":\"https:\/\/ilcrogiuolo.it\/it\/p\/biotensor-raggio-di-luce-filo-placcato-oro\/#primaryimage\"},\"image\":{\"@id\":\"https:\/\/ilcrogiuolo.it\/it\/p\/biotensor-raggio-di-luce-filo-placcato-oro\/#primaryimage\"},\"thumbnailUrl\":\"https:\/\/ilcrogiuolo.it\/wp-content\/uploads\/2020\/01\/biotensorraggiodiluce_1480037.jpg\",\"datePublished\":\"2020-01-14T16:16:26+00:00\",\"dateModified\":\"2023-04-11T12:23:53+00:00\",\"description\":\"BIOTENSOR RAGGIO DI LUCE Raggio di Luce La luce \u00e8 vita In innumerevoli varianti e di una bellezza mozzafiato \u00e8 una trama pi\u00f9 sottile del nostro sentire, \u00e8 superiore ai nostri\",\"breadcrumb\":{\"@id\":\"https:\/\/ilcrogiuolo.it\/it\/p\/biotensor-raggio-di-luce-filo-placcato-oro\/#breadcrumb\"},\"inLanguage\":\"it-IT\",\"potentialAction\":[{\"@type\":\"ReadAction\",\"target\":[\"https:\/\/ilcrogiuolo.it\/it\/p\/biotensor-raggio-di-luce-filo-placcato-oro\/\"]}]},{\"@type\":\"ImageObject\",\"inLanguage\":\"it-IT\",\"@id\":\"https:\/\/ilcrogiuolo.it\/it\/p\/biotensor-raggio-di-luce-filo-placcato-oro\/#primaryimage\",\"url\":\"https:\/\/ilcrogiuolo.it\/wp-content\/uploads\/2020\/01\/biotensorraggiodiluce_1480037.jpg\",\"contentUrl\":\"https:\/\/ilcrogiuolo.it\/wp-content\/uploads\/2020\/01\/biotensorraggiodiluce_1480037.jpg\",\"width\":627,\"height\":600},{\"@type\":\"BreadcrumbList\",\"@id\":\"https:\/\/ilcrogiuolo.it\/it\/p\/biotensor-raggio-di-luce-filo-placcato-oro\/#breadcrumb\",\"itemListElement\":[{\"@type\":\"ListItem\",\"position\":1,\"name\":\"Home\",\"item\":\"https:\/\/ilcrogiuolo.it\/it\/\"},{\"@type\":\"ListItem\",\"position\":2,\"name\":\"Shop\",\"item\":\"https:\/\/ilcrogiuolo.it\/it\/negozio\/\"},{\"@type\":\"ListItem\",\"position\":3,\"name\":\"BIOTENSOR RAGGIO DI LUCE\"}]},{\"@type\":\"WebSite\",\"@id\":\"https:\/\/ilcrogiuolo.it\/it\/#website\",\"url\":\"https:\/\/ilcrogiuolo.it\/it\/\",\"name\":\"Il Crogiuolo\",\"description\":\"\",\"publisher\":{\"@id\":\"https:\/\/ilcrogiuolo.it\/it\/#organization\"},\"potentialAction\":[{\"@type\":\"SearchAction\",\"target\":{\"@type\":\"EntryPoint\",\"urlTemplate\":\"https:\/\/ilcrogiuolo.it\/it\/?s={search_term_string}\"},\"query-input\":{\"@type\":\"PropertyValueSpecification\",\"valueRequired\":true,\"valueName\":\"search_term_string\"}}],\"inLanguage\":\"it-IT\"},{\"@type\":\"Organization\",\"@id\":\"https:\/\/ilcrogiuolo.it\/it\/#organization\",\"name\":\"Il Crogiuolo\",\"url\":\"https:\/\/ilcrogiuolo.it\/it\/\",\"logo\":{\"@type\":\"ImageObject\",\"inLanguage\":\"it-IT\",\"@id\":\"https:\/\/ilcrogiuolo.it\/it\/#\/schema\/logo\/image\/\",\"url\":\"https:\/\/ilcrogiuolo.it\/wp-content\/uploads\/2020\/04\/logo.png\",\"contentUrl\":\"https:\/\/ilcrogiuolo.it\/wp-content\/uploads\/2020\/04\/logo.png\",\"width\":200,\"height\":49,\"caption\":\"Il Crogiuolo\"},\"image\":{\"@id\":\"https:\/\/ilcrogiuolo.it\/it\/#\/schema\/logo\/image\/\"},\"sameAs\":[\"https:\/\/www.facebook.com\/Il-Crogiuolo-681876418491758\"]}]}<\/script>\n<!-- \/ Yoast SEO plugin. -->","yoast_head_json":{"title":"BIOTENSOR RAGGIO DI LUCE - Il Crogiuolo","description":"BIOTENSOR RAGGIO DI LUCE Raggio di Luce La luce \u00e8 vita In innumerevoli varianti e di una bellezza mozzafiato \u00e8 una trama pi\u00f9 sottile del nostro sentire, \u00e8 superiore ai nostri","robots":{"index":"index","follow":"follow","max-snippet":"max-snippet:-1","max-image-preview":"max-image-preview:large","max-video-preview":"max-video-preview:-1"},"canonical":"https:\/\/ilcrogiuolo.it\/it\/p\/biotensor-raggio-di-luce-filo-placcato-oro\/","og_locale":"it_IT","og_type":"article","og_title":"BIOTENSOR RAGGIO DI LUCE - Il Crogiuolo","og_description":"BIOTENSOR RAGGIO DI LUCE Raggio di Luce La luce \u00e8 vita In innumerevoli varianti e di una bellezza mozzafiato \u00e8 una trama pi\u00f9 sottile del nostro sentire, \u00e8 superiore ai nostri","og_url":"https:\/\/ilcrogiuolo.it\/it\/p\/biotensor-raggio-di-luce-filo-placcato-oro\/","og_site_name":"Il Crogiuolo","article_publisher":"https:\/\/www.facebook.com\/Il-Crogiuolo-681876418491758","article_modified_time":"2023-04-11T12:23:53+00:00","og_image":[{"width":627,"height":600,"url":"https:\/\/ilcrogiuolo.it\/wp-content\/uploads\/2020\/01\/biotensorraggiodiluce_1480037.jpg","type":"image\/jpeg"}],"twitter_card":"summary_large_image","twitter_misc":{"Tempo di lettura stimato":"1 minuto"},"schema":{"@context":"https:\/\/schema.org","@graph":[{"@type":"WebPage","@id":"https:\/\/ilcrogiuolo.it\/it\/p\/biotensor-raggio-di-luce-filo-placcato-oro\/","url":"https:\/\/ilcrogiuolo.it\/it\/p\/biotensor-raggio-di-luce-filo-placcato-oro\/","name":"BIOTENSOR RAGGIO DI LUCE - Il Crogiuolo","isPartOf":{"@id":"https:\/\/ilcrogiuolo.it\/it\/#website"},"primaryImageOfPage":{"@id":"https:\/\/ilcrogiuolo.it\/it\/p\/biotensor-raggio-di-luce-filo-placcato-oro\/#primaryimage"},"image":{"@id":"https:\/\/ilcrogiuolo.it\/it\/p\/biotensor-raggio-di-luce-filo-placcato-oro\/#primaryimage"},"thumbnailUrl":"https:\/\/ilcrogiuolo.it\/wp-content\/uploads\/2020\/01\/biotensorraggiodiluce_1480037.jpg","datePublished":"2020-01-14T16:16:26+00:00","dateModified":"2023-04-11T12:23:53+00:00","description":"BIOTENSOR RAGGIO DI LUCE Raggio di Luce La luce \u00e8 vita In innumerevoli varianti e di una bellezza mozzafiato \u00e8 una trama pi\u00f9 sottile del nostro sentire, \u00e8 superiore ai nostri","breadcrumb":{"@id":"https:\/\/ilcrogiuolo.it\/it\/p\/biotensor-raggio-di-luce-filo-placcato-oro\/#breadcrumb"},"inLanguage":"it-IT","potentialAction":[{"@type":"ReadAction","target":["https:\/\/ilcrogiuolo.it\/it\/p\/biotensor-raggio-di-luce-filo-placcato-oro\/"]}]},{"@type":"ImageObject","inLanguage":"it-IT","@id":"https:\/\/ilcrogiuolo.it\/it\/p\/biotensor-raggio-di-luce-filo-placcato-oro\/#primaryimage","url":"https:\/\/ilcrogiuolo.it\/wp-content\/uploads\/2020\/01\/biotensorraggiodiluce_1480037.jpg","contentUrl":"https:\/\/ilcrogiuolo.it\/wp-content\/uploads\/2020\/01\/biotensorraggiodiluce_1480037.jpg","width":627,"height":600},{"@type":"BreadcrumbList","@id":"https:\/\/ilcrogiuolo.it\/it\/p\/biotensor-raggio-di-luce-filo-placcato-oro\/#breadcrumb","itemListElement":[{"@type":"ListItem","position":1,"name":"Home","item":"https:\/\/ilcrogiuolo.it\/it\/"},{"@type":"ListItem","position":2,"name":"Shop","item":"https:\/\/ilcrogiuolo.it\/it\/negozio\/"},{"@type":"ListItem","position":3,"name":"BIOTENSOR RAGGIO DI LUCE"}]},{"@type":"WebSite","@id":"https:\/\/ilcrogiuolo.it\/it\/#website","url":"https:\/\/ilcrogiuolo.it\/it\/","name":"Il Crogiuolo","description":"","publisher":{"@id":"https:\/\/ilcrogiuolo.it\/it\/#organization"},"potentialAction":[{"@type":"SearchAction","target":{"@type":"EntryPoint","urlTemplate":"https:\/\/ilcrogiuolo.it\/it\/?s={search_term_string}"},"query-input":{"@type":"PropertyValueSpecification","valueRequired":true,"valueName":"search_term_string"}}],"inLanguage":"it-IT"},{"@type":"Organization","@id":"https:\/\/ilcrogiuolo.it\/it\/#organization","name":"Il Crogiuolo","url":"https:\/\/ilcrogiuolo.it\/it\/","logo":{"@type":"ImageObject","inLanguage":"it-IT","@id":"https:\/\/ilcrogiuolo.it\/it\/#\/schema\/logo\/image\/","url":"https:\/\/ilcrogiuolo.it\/wp-content\/uploads\/2020\/04\/logo.png","contentUrl":"https:\/\/ilcrogiuolo.it\/wp-content\/uploads\/2020\/04\/logo.png","width":200,"height":49,"caption":"Il Crogiuolo"},"image":{"@id":"https:\/\/ilcrogiuolo.it\/it\/#\/schema\/logo\/image\/"},"sameAs":["https:\/\/www.facebook.com\/Il-Crogiuolo-681876418491758"]}]}},"_links":{"self":[{"href":"https:\/\/ilcrogiuolo.it\/it\/wp-json\/wp\/v2\/product\/8035","targetHints":{"allow":["GET"]}}],"collection":[{"href":"https:\/\/ilcrogiuolo.it\/it\/wp-json\/wp\/v2\/product"}],"about":[{"href":"https:\/\/ilcrogiuolo.it\/it\/wp-json\/wp\/v2\/types\/product"}],"wp:featuredmedia":[{"embeddable":true,"href":"https:\/\/ilcrogiuolo.it\/it\/wp-json\/wp\/v2\/media\/8036"}],"wp:attachment":[{"href":"https:\/\/ilcrogiuolo.it\/it\/wp-json\/wp\/v2\/media?parent=8035"}],"wp:term":[{"taxonomy":"product_brand","embeddable":true,"href":"https:\/\/ilcrogiuolo.it\/it\/wp-json\/wp\/v2\/product_brand?post=8035"},{"taxonomy":"product_cat","embeddable":true,"href":"https:\/\/ilcrogiuolo.it\/it\/wp-json\/wp\/v2\/product_cat?post=8035"},{"taxonomy":"product_tag","embeddable":true,"href":"https:\/\/ilcrogiuolo.it\/it\/wp-json\/wp\/v2\/product_tag?post=8035"}],"curies":[{"name":"wp","href":"https:\/\/api.w.org\/{rel}","templated":true}]}}