{"id":8026,"date":"2020-01-14T17:16:18","date_gmt":"2020-01-14T16:16:18","guid":{"rendered":"https:\/\/ilcrogiuolo.it\/p\/manuale-di-magia-verde-il-grimorio-di-circe\/"},"modified":"2020-01-30T18:30:12","modified_gmt":"2020-01-30T17:30:12","slug":"manuale-di-magia-verde-il-grimorio-di-circe","status":"publish","type":"product","link":"https:\/\/ilcrogiuolo.it\/it\/p\/manuale-di-magia-verde-il-grimorio-di-circe\/","title":{"rendered":"MANUALE DI MAGIA VERDE IL GRIMORIO DI CIRCE"},"content":{"rendered":"<p>MANUALE DI MAGIA VERDE<br \/>\nIL GRIMORIO DI CIRCE<\/p>\n<p>Di Ygraayne prezzo \u20ac 14,80 Pag 268 ISBN 978-88-96682-21-0<\/p>\n<p>Circe nei testi antichi viene descritta di un\u2019 incomparabile bellezza, con le chiome color dell\u2019oro, ondulate, simili a fiamme, che probabilmente segnano la discendenza dal divino padre, Helios, signore del Sole. La sua voce melodiosa, che spesso si modula in un canto dolcissimo, \u00e8 invece dono di sua madre, la ninfa Perseide. Si dice che Circe fosse signora delle piante, delle fiere selvatiche, della magia, della conoscenza e dei farmaci.<\/p>\n<p>Il suo dominio \u00e8, in sintesi, l\u2019Arte della Trasformazione.<\/p>\n<p>La Trasformazione \u00e8 infatti il leit motiv che attraversa tutti gli aspetti del suo essere una Divinit\u00e0. E\u2019 una Dea legata alla Terra, intesa come pianeta, ma in s\u00e9 ha anche i poteri del Sole, e la sintesi tra terra e sole \u00e8 ci\u00f2 che innesca il meccanismo grazie al quale esiste la vita.<\/p>\n<p>L\u2019arte nell\u2019utilizzo della magia delle piante, delle parole magiche e il potere di trasformarsi e trasformare sono punti cardine nel percorso di ogni wiccan, e in questo studio Circe \u00e8 una Divinit\u00e0 da rivalutare e onorare, soprattutto perch\u00e9 in grado di offrire il suo appoggio a tutte le maghe\u2026 o streghe, che dir si voglia!<\/p>\n","protected":false},"excerpt":{"rendered":"<p>MANUALE DI MAGIA VERDE IL GRIMORIO DI CIRCE Di Ygraayne prezzo \u20ac 14,80 Pag 268 ISBN 978-88-96682-21-0 Circe nei testi&#8230;<\/p>\n","protected":false},"featured_media":8027,"template":"","meta":{"_acf_changed":false},"product_brand":[],"product_cat":[1077,1436,1060],"product_tag":[],"class_list":{"0":"post-8026","1":"product","2":"type-product","3":"status-publish","4":"has-post-thumbnail","6":"product_cat-libreria-esoterica-libreria-esoterica","7":"product_cat-edizioni-il-cerchio-della-luna","8":"product_cat-libreria-esoterica","10":"first","11":"outofstock","12":"taxable","13":"shipping-taxable","14":"purchasable","15":"product-type-simple","16":"add-to-wishlist-before_image"},"acf":[],"yoast_head":"<!-- This site is optimized with the Yoast SEO plugin v26.9 - https:\/\/yoast.com\/product\/yoast-seo-wordpress\/ -->\n<title>MANUALE DI MAGIA VERDE IL GRIMORIO DI CIRCE - Il Crogiuolo<\/title>\n<meta name=\"description\" content=\"MANUALE DI MAGIA VERDE IL GRIMORIO DI CIRCE MANUALE DI MAGIA VERDE IL GRIMORIO DI CIRCE Di Ygraayne prezzo \u20ac 14,80 Pag 268 ISBN 978-88-96682-21-0 Circe nei testi antichi viene descritta di un\u2019\" \/>\n<meta name=\"robots\" content=\"index, follow, max-snippet:-1, max-image-preview:large, max-video-preview:-1\" \/>\n<link rel=\"canonical\" href=\"https:\/\/ilcrogiuolo.it\/it\/p\/manuale-di-magia-verde-il-grimorio-di-circe\/\" \/>\n<meta property=\"og:locale\" content=\"it_IT\" \/>\n<meta property=\"og:type\" content=\"article\" \/>\n<meta property=\"og:title\" content=\"MANUALE DI MAGIA VERDE IL GRIMORIO DI CIRCE - Il Crogiuolo\" \/>\n<meta property=\"og:description\" content=\"MANUALE DI MAGIA VERDE IL GRIMORIO DI CIRCE MANUALE DI MAGIA VERDE IL GRIMORIO DI CIRCE Di Ygraayne prezzo \u20ac 14,80 Pag 268 ISBN 978-88-96682-21-0 Circe nei testi antichi viene descritta di un\u2019\" \/>\n<meta property=\"og:url\" content=\"https:\/\/ilcrogiuolo.it\/it\/p\/manuale-di-magia-verde-il-grimorio-di-circe\/\" \/>\n<meta property=\"og:site_name\" content=\"Il Crogiuolo\" \/>\n<meta property=\"article:publisher\" content=\"https:\/\/www.facebook.com\/Il-Crogiuolo-681876418491758\" \/>\n<meta property=\"article:modified_time\" content=\"2020-01-30T17:30:12+00:00\" \/>\n<meta property=\"og:image\" content=\"https:\/\/ilcrogiuolo.it\/wp-content\/uploads\/2020\/01\/GRIMOR1.jpg\" \/>\n\t<meta property=\"og:image:width\" content=\"351\" \/>\n\t<meta property=\"og:image:height\" content=\"547\" \/>\n\t<meta property=\"og:image:type\" content=\"image\/jpeg\" \/>\n<meta name=\"twitter:card\" content=\"summary_large_image\" \/>\n<meta name=\"twitter:label1\" content=\"Tempo di lettura stimato\" \/>\n\t<meta name=\"twitter:data1\" content=\"1 minuto\" \/>\n<script type=\"application\/ld+json\" class=\"yoast-schema-graph\">{\"@context\":\"https:\/\/schema.org\",\"@graph\":[{\"@type\":\"WebPage\",\"@id\":\"https:\/\/ilcrogiuolo.it\/it\/p\/manuale-di-magia-verde-il-grimorio-di-circe\/\",\"url\":\"https:\/\/ilcrogiuolo.it\/it\/p\/manuale-di-magia-verde-il-grimorio-di-circe\/\",\"name\":\"MANUALE DI MAGIA VERDE IL GRIMORIO DI CIRCE - Il Crogiuolo\",\"isPartOf\":{\"@id\":\"https:\/\/ilcrogiuolo.it\/it\/#website\"},\"primaryImageOfPage\":{\"@id\":\"https:\/\/ilcrogiuolo.it\/it\/p\/manuale-di-magia-verde-il-grimorio-di-circe\/#primaryimage\"},\"image\":{\"@id\":\"https:\/\/ilcrogiuolo.it\/it\/p\/manuale-di-magia-verde-il-grimorio-di-circe\/#primaryimage\"},\"thumbnailUrl\":\"https:\/\/ilcrogiuolo.it\/wp-content\/uploads\/2020\/01\/GRIMOR1.jpg\",\"datePublished\":\"2020-01-14T16:16:18+00:00\",\"dateModified\":\"2020-01-30T17:30:12+00:00\",\"description\":\"MANUALE DI MAGIA VERDE IL GRIMORIO DI CIRCE MANUALE DI MAGIA VERDE IL GRIMORIO DI CIRCE Di Ygraayne prezzo \u20ac 14,80 Pag 268 ISBN 978-88-96682-21-0 Circe nei testi antichi viene descritta di un\u2019\",\"breadcrumb\":{\"@id\":\"https:\/\/ilcrogiuolo.it\/it\/p\/manuale-di-magia-verde-il-grimorio-di-circe\/#breadcrumb\"},\"inLanguage\":\"it-IT\",\"potentialAction\":[{\"@type\":\"ReadAction\",\"target\":[\"https:\/\/ilcrogiuolo.it\/it\/p\/manuale-di-magia-verde-il-grimorio-di-circe\/\"]}]},{\"@type\":\"ImageObject\",\"inLanguage\":\"it-IT\",\"@id\":\"https:\/\/ilcrogiuolo.it\/it\/p\/manuale-di-magia-verde-il-grimorio-di-circe\/#primaryimage\",\"url\":\"https:\/\/ilcrogiuolo.it\/wp-content\/uploads\/2020\/01\/GRIMOR1.jpg\",\"contentUrl\":\"https:\/\/ilcrogiuolo.it\/wp-content\/uploads\/2020\/01\/GRIMOR1.jpg\",\"width\":351,\"height\":547},{\"@type\":\"BreadcrumbList\",\"@id\":\"https:\/\/ilcrogiuolo.it\/it\/p\/manuale-di-magia-verde-il-grimorio-di-circe\/#breadcrumb\",\"itemListElement\":[{\"@type\":\"ListItem\",\"position\":1,\"name\":\"Home\",\"item\":\"https:\/\/ilcrogiuolo.it\/it\/\"},{\"@type\":\"ListItem\",\"position\":2,\"name\":\"Shop\",\"item\":\"https:\/\/ilcrogiuolo.it\/it\/negozio\/\"},{\"@type\":\"ListItem\",\"position\":3,\"name\":\"MANUALE DI MAGIA VERDE IL GRIMORIO DI CIRCE\"}]},{\"@type\":\"WebSite\",\"@id\":\"https:\/\/ilcrogiuolo.it\/it\/#website\",\"url\":\"https:\/\/ilcrogiuolo.it\/it\/\",\"name\":\"Il Crogiuolo\",\"description\":\"\",\"publisher\":{\"@id\":\"https:\/\/ilcrogiuolo.it\/it\/#organization\"},\"potentialAction\":[{\"@type\":\"SearchAction\",\"target\":{\"@type\":\"EntryPoint\",\"urlTemplate\":\"https:\/\/ilcrogiuolo.it\/it\/?s={search_term_string}\"},\"query-input\":{\"@type\":\"PropertyValueSpecification\",\"valueRequired\":true,\"valueName\":\"search_term_string\"}}],\"inLanguage\":\"it-IT\"},{\"@type\":\"Organization\",\"@id\":\"https:\/\/ilcrogiuolo.it\/it\/#organization\",\"name\":\"Il Crogiuolo\",\"url\":\"https:\/\/ilcrogiuolo.it\/it\/\",\"logo\":{\"@type\":\"ImageObject\",\"inLanguage\":\"it-IT\",\"@id\":\"https:\/\/ilcrogiuolo.it\/it\/#\/schema\/logo\/image\/\",\"url\":\"https:\/\/ilcrogiuolo.it\/wp-content\/uploads\/2020\/04\/logo.png\",\"contentUrl\":\"https:\/\/ilcrogiuolo.it\/wp-content\/uploads\/2020\/04\/logo.png\",\"width\":200,\"height\":49,\"caption\":\"Il Crogiuolo\"},\"image\":{\"@id\":\"https:\/\/ilcrogiuolo.it\/it\/#\/schema\/logo\/image\/\"},\"sameAs\":[\"https:\/\/www.facebook.com\/Il-Crogiuolo-681876418491758\"]}]}<\/script>\n<!-- \/ Yoast SEO plugin. -->","yoast_head_json":{"title":"MANUALE DI MAGIA VERDE IL GRIMORIO DI CIRCE - Il Crogiuolo","description":"MANUALE DI MAGIA VERDE IL GRIMORIO DI CIRCE MANUALE DI MAGIA VERDE IL GRIMORIO DI CIRCE Di Ygraayne prezzo \u20ac 14,80 Pag 268 ISBN 978-88-96682-21-0 Circe nei testi antichi viene descritta di un\u2019","robots":{"index":"index","follow":"follow","max-snippet":"max-snippet:-1","max-image-preview":"max-image-preview:large","max-video-preview":"max-video-preview:-1"},"canonical":"https:\/\/ilcrogiuolo.it\/it\/p\/manuale-di-magia-verde-il-grimorio-di-circe\/","og_locale":"it_IT","og_type":"article","og_title":"MANUALE DI MAGIA VERDE IL GRIMORIO DI CIRCE - Il Crogiuolo","og_description":"MANUALE DI MAGIA VERDE IL GRIMORIO DI CIRCE MANUALE DI MAGIA VERDE IL GRIMORIO DI CIRCE Di Ygraayne prezzo \u20ac 14,80 Pag 268 ISBN 978-88-96682-21-0 Circe nei testi antichi viene descritta di un\u2019","og_url":"https:\/\/ilcrogiuolo.it\/it\/p\/manuale-di-magia-verde-il-grimorio-di-circe\/","og_site_name":"Il Crogiuolo","article_publisher":"https:\/\/www.facebook.com\/Il-Crogiuolo-681876418491758","article_modified_time":"2020-01-30T17:30:12+00:00","og_image":[{"width":351,"height":547,"url":"https:\/\/ilcrogiuolo.it\/wp-content\/uploads\/2020\/01\/GRIMOR1.jpg","type":"image\/jpeg"}],"twitter_card":"summary_large_image","twitter_misc":{"Tempo di lettura stimato":"1 minuto"},"schema":{"@context":"https:\/\/schema.org","@graph":[{"@type":"WebPage","@id":"https:\/\/ilcrogiuolo.it\/it\/p\/manuale-di-magia-verde-il-grimorio-di-circe\/","url":"https:\/\/ilcrogiuolo.it\/it\/p\/manuale-di-magia-verde-il-grimorio-di-circe\/","name":"MANUALE DI MAGIA VERDE IL GRIMORIO DI CIRCE - Il Crogiuolo","isPartOf":{"@id":"https:\/\/ilcrogiuolo.it\/it\/#website"},"primaryImageOfPage":{"@id":"https:\/\/ilcrogiuolo.it\/it\/p\/manuale-di-magia-verde-il-grimorio-di-circe\/#primaryimage"},"image":{"@id":"https:\/\/ilcrogiuolo.it\/it\/p\/manuale-di-magia-verde-il-grimorio-di-circe\/#primaryimage"},"thumbnailUrl":"https:\/\/ilcrogiuolo.it\/wp-content\/uploads\/2020\/01\/GRIMOR1.jpg","datePublished":"2020-01-14T16:16:18+00:00","dateModified":"2020-01-30T17:30:12+00:00","description":"MANUALE DI MAGIA VERDE IL GRIMORIO DI CIRCE MANUALE DI MAGIA VERDE IL GRIMORIO DI CIRCE Di Ygraayne prezzo \u20ac 14,80 Pag 268 ISBN 978-88-96682-21-0 Circe nei testi antichi viene descritta di un\u2019","breadcrumb":{"@id":"https:\/\/ilcrogiuolo.it\/it\/p\/manuale-di-magia-verde-il-grimorio-di-circe\/#breadcrumb"},"inLanguage":"it-IT","potentialAction":[{"@type":"ReadAction","target":["https:\/\/ilcrogiuolo.it\/it\/p\/manuale-di-magia-verde-il-grimorio-di-circe\/"]}]},{"@type":"ImageObject","inLanguage":"it-IT","@id":"https:\/\/ilcrogiuolo.it\/it\/p\/manuale-di-magia-verde-il-grimorio-di-circe\/#primaryimage","url":"https:\/\/ilcrogiuolo.it\/wp-content\/uploads\/2020\/01\/GRIMOR1.jpg","contentUrl":"https:\/\/ilcrogiuolo.it\/wp-content\/uploads\/2020\/01\/GRIMOR1.jpg","width":351,"height":547},{"@type":"BreadcrumbList","@id":"https:\/\/ilcrogiuolo.it\/it\/p\/manuale-di-magia-verde-il-grimorio-di-circe\/#breadcrumb","itemListElement":[{"@type":"ListItem","position":1,"name":"Home","item":"https:\/\/ilcrogiuolo.it\/it\/"},{"@type":"ListItem","position":2,"name":"Shop","item":"https:\/\/ilcrogiuolo.it\/it\/negozio\/"},{"@type":"ListItem","position":3,"name":"MANUALE DI MAGIA VERDE IL GRIMORIO DI CIRCE"}]},{"@type":"WebSite","@id":"https:\/\/ilcrogiuolo.it\/it\/#website","url":"https:\/\/ilcrogiuolo.it\/it\/","name":"Il Crogiuolo","description":"","publisher":{"@id":"https:\/\/ilcrogiuolo.it\/it\/#organization"},"potentialAction":[{"@type":"SearchAction","target":{"@type":"EntryPoint","urlTemplate":"https:\/\/ilcrogiuolo.it\/it\/?s={search_term_string}"},"query-input":{"@type":"PropertyValueSpecification","valueRequired":true,"valueName":"search_term_string"}}],"inLanguage":"it-IT"},{"@type":"Organization","@id":"https:\/\/ilcrogiuolo.it\/it\/#organization","name":"Il Crogiuolo","url":"https:\/\/ilcrogiuolo.it\/it\/","logo":{"@type":"ImageObject","inLanguage":"it-IT","@id":"https:\/\/ilcrogiuolo.it\/it\/#\/schema\/logo\/image\/","url":"https:\/\/ilcrogiuolo.it\/wp-content\/uploads\/2020\/04\/logo.png","contentUrl":"https:\/\/ilcrogiuolo.it\/wp-content\/uploads\/2020\/04\/logo.png","width":200,"height":49,"caption":"Il Crogiuolo"},"image":{"@id":"https:\/\/ilcrogiuolo.it\/it\/#\/schema\/logo\/image\/"},"sameAs":["https:\/\/www.facebook.com\/Il-Crogiuolo-681876418491758"]}]}},"_links":{"self":[{"href":"https:\/\/ilcrogiuolo.it\/it\/wp-json\/wp\/v2\/product\/8026","targetHints":{"allow":["GET"]}}],"collection":[{"href":"https:\/\/ilcrogiuolo.it\/it\/wp-json\/wp\/v2\/product"}],"about":[{"href":"https:\/\/ilcrogiuolo.it\/it\/wp-json\/wp\/v2\/types\/product"}],"wp:featuredmedia":[{"embeddable":true,"href":"https:\/\/ilcrogiuolo.it\/it\/wp-json\/wp\/v2\/media\/8027"}],"wp:attachment":[{"href":"https:\/\/ilcrogiuolo.it\/it\/wp-json\/wp\/v2\/media?parent=8026"}],"wp:term":[{"taxonomy":"product_brand","embeddable":true,"href":"https:\/\/ilcrogiuolo.it\/it\/wp-json\/wp\/v2\/product_brand?post=8026"},{"taxonomy":"product_cat","embeddable":true,"href":"https:\/\/ilcrogiuolo.it\/it\/wp-json\/wp\/v2\/product_cat?post=8026"},{"taxonomy":"product_tag","embeddable":true,"href":"https:\/\/ilcrogiuolo.it\/it\/wp-json\/wp\/v2\/product_tag?post=8026"}],"curies":[{"name":"wp","href":"https:\/\/api.w.org\/{rel}","templated":true}]}}