{"id":802,"date":"2020-01-14T17:02:11","date_gmt":"2020-01-14T16:02:11","guid":{"rendered":"https:\/\/ilcrogiuolo.it\/p\/exu-tranca-rua-cm-18-color-rosso\/"},"modified":"2021-12-03T13:29:19","modified_gmt":"2021-12-03T12:29:19","slug":"exu-tranca-rua-cm-18-color-rosso","status":"publish","type":"product","link":"https:\/\/ilcrogiuolo.it\/it\/p\/exu-tranca-rua-cm-18-color-rosso\/","title":{"rendered":"EX\u00da TRANCA RUA CM 18  Color rosso"},"content":{"rendered":"<p>Il pi\u00f9 rappresentativo degli EX\u00da viene riprodotto in questa Statua generalmente usata durante i RITI volti a spaccare la MAGIA NERA.<\/p>\n<p>Si usa tradizionalmente questa candela anche per ottenere protezione in tutti gli eventi della vita. Consigliato agli operatori dell\u2019OCCULTO per combattere ogni residuo di energie negative (colpi di ritorno) per allontanare larve ed ogni intrusione di ENTITA\u2019 non desiderate.<\/p>\n","protected":false},"excerpt":{"rendered":"<p>Il pi\u00f9 rappresentativo degli EX\u00da viene riprodotto in questa Statua generalmente usata durante i RITI volti a spaccare la MAGIA&#8230;<\/p>\n","protected":false},"featured_media":32263,"template":"","meta":{"_acf_changed":false},"product_brand":[],"product_cat":[1083,1059,1293],"product_tag":[],"class_list":{"0":"post-802","1":"product","2":"type-product","3":"status-publish","4":"has-post-thumbnail","6":"product_cat-cereria-esoterica-candele-da-altare","7":"product_cat-articoli-esoterici","8":"product_cat-statue-brasiliane-in-cera","10":"first","11":"instock","12":"taxable","13":"shipping-taxable","14":"purchasable","15":"product-type-simple","16":"add-to-wishlist-before_image"},"acf":[],"yoast_head":"<!-- This site is optimized with the Yoast SEO plugin v26.9 - https:\/\/yoast.com\/product\/yoast-seo-wordpress\/ -->\n<title>EX\u00da TRANCA RUA CM 18 Color rosso - Il Crogiuolo<\/title>\n<meta name=\"description\" content=\"EX\u00da TRANCA RUA CM 18 Color rosso Il pi\u00f9 rappresentativo degli EX\u00da viene riprodotto in questa Statua generalmente usata durante i RITI volti a spaccare la MAGIA NERA. Si usa\" \/>\n<meta name=\"robots\" content=\"index, follow, max-snippet:-1, max-image-preview:large, max-video-preview:-1\" \/>\n<link rel=\"canonical\" href=\"https:\/\/ilcrogiuolo.it\/it\/p\/exu-tranca-rua-cm-18-color-rosso\/\" \/>\n<meta property=\"og:locale\" content=\"it_IT\" \/>\n<meta property=\"og:type\" content=\"article\" \/>\n<meta property=\"og:title\" content=\"EX\u00da TRANCA RUA CM 18 Color rosso - Il Crogiuolo\" \/>\n<meta property=\"og:description\" content=\"EX\u00da TRANCA RUA CM 18 Color rosso Il pi\u00f9 rappresentativo degli EX\u00da viene riprodotto in questa Statua generalmente usata durante i RITI volti a spaccare la MAGIA NERA. Si usa\" \/>\n<meta property=\"og:url\" content=\"https:\/\/ilcrogiuolo.it\/it\/p\/exu-tranca-rua-cm-18-color-rosso\/\" \/>\n<meta property=\"og:site_name\" content=\"Il Crogiuolo\" \/>\n<meta property=\"article:publisher\" content=\"https:\/\/www.facebook.com\/Il-Crogiuolo-681876418491758\" \/>\n<meta property=\"article:modified_time\" content=\"2021-12-03T12:29:19+00:00\" \/>\n<meta property=\"og:image\" content=\"https:\/\/ilcrogiuolo.it\/wp-content\/uploads\/2020\/01\/tranca_ruas.jpg\" \/>\n\t<meta property=\"og:image:width\" content=\"567\" \/>\n\t<meta property=\"og:image:height\" content=\"567\" \/>\n\t<meta property=\"og:image:type\" content=\"image\/jpeg\" \/>\n<meta name=\"twitter:card\" content=\"summary_large_image\" \/>\n<script type=\"application\/ld+json\" class=\"yoast-schema-graph\">{\"@context\":\"https:\/\/schema.org\",\"@graph\":[{\"@type\":\"WebPage\",\"@id\":\"https:\/\/ilcrogiuolo.it\/it\/p\/exu-tranca-rua-cm-18-color-rosso\/\",\"url\":\"https:\/\/ilcrogiuolo.it\/it\/p\/exu-tranca-rua-cm-18-color-rosso\/\",\"name\":\"EX\u00da TRANCA RUA CM 18 Color rosso - Il Crogiuolo\",\"isPartOf\":{\"@id\":\"https:\/\/ilcrogiuolo.it\/it\/#website\"},\"primaryImageOfPage\":{\"@id\":\"https:\/\/ilcrogiuolo.it\/it\/p\/exu-tranca-rua-cm-18-color-rosso\/#primaryimage\"},\"image\":{\"@id\":\"https:\/\/ilcrogiuolo.it\/it\/p\/exu-tranca-rua-cm-18-color-rosso\/#primaryimage\"},\"thumbnailUrl\":\"https:\/\/ilcrogiuolo.it\/wp-content\/uploads\/2020\/01\/tranca_ruas.jpg\",\"datePublished\":\"2020-01-14T16:02:11+00:00\",\"dateModified\":\"2021-12-03T12:29:19+00:00\",\"description\":\"EX\u00da TRANCA RUA CM 18 Color rosso Il pi\u00f9 rappresentativo degli EX\u00da viene riprodotto in questa Statua generalmente usata durante i RITI volti a spaccare la MAGIA NERA. Si usa\",\"breadcrumb\":{\"@id\":\"https:\/\/ilcrogiuolo.it\/it\/p\/exu-tranca-rua-cm-18-color-rosso\/#breadcrumb\"},\"inLanguage\":\"it-IT\",\"potentialAction\":[{\"@type\":\"ReadAction\",\"target\":[\"https:\/\/ilcrogiuolo.it\/it\/p\/exu-tranca-rua-cm-18-color-rosso\/\"]}]},{\"@type\":\"ImageObject\",\"inLanguage\":\"it-IT\",\"@id\":\"https:\/\/ilcrogiuolo.it\/it\/p\/exu-tranca-rua-cm-18-color-rosso\/#primaryimage\",\"url\":\"https:\/\/ilcrogiuolo.it\/wp-content\/uploads\/2020\/01\/tranca_ruas.jpg\",\"contentUrl\":\"https:\/\/ilcrogiuolo.it\/wp-content\/uploads\/2020\/01\/tranca_ruas.jpg\",\"width\":567,\"height\":567},{\"@type\":\"BreadcrumbList\",\"@id\":\"https:\/\/ilcrogiuolo.it\/it\/p\/exu-tranca-rua-cm-18-color-rosso\/#breadcrumb\",\"itemListElement\":[{\"@type\":\"ListItem\",\"position\":1,\"name\":\"Home\",\"item\":\"https:\/\/ilcrogiuolo.it\/it\/\"},{\"@type\":\"ListItem\",\"position\":2,\"name\":\"Shop\",\"item\":\"https:\/\/ilcrogiuolo.it\/it\/negozio\/\"},{\"@type\":\"ListItem\",\"position\":3,\"name\":\"EX\u00da TRANCA RUA CM 18 Color rosso\"}]},{\"@type\":\"WebSite\",\"@id\":\"https:\/\/ilcrogiuolo.it\/it\/#website\",\"url\":\"https:\/\/ilcrogiuolo.it\/it\/\",\"name\":\"Il Crogiuolo\",\"description\":\"\",\"publisher\":{\"@id\":\"https:\/\/ilcrogiuolo.it\/it\/#organization\"},\"potentialAction\":[{\"@type\":\"SearchAction\",\"target\":{\"@type\":\"EntryPoint\",\"urlTemplate\":\"https:\/\/ilcrogiuolo.it\/it\/?s={search_term_string}\"},\"query-input\":{\"@type\":\"PropertyValueSpecification\",\"valueRequired\":true,\"valueName\":\"search_term_string\"}}],\"inLanguage\":\"it-IT\"},{\"@type\":\"Organization\",\"@id\":\"https:\/\/ilcrogiuolo.it\/it\/#organization\",\"name\":\"Il Crogiuolo\",\"url\":\"https:\/\/ilcrogiuolo.it\/it\/\",\"logo\":{\"@type\":\"ImageObject\",\"inLanguage\":\"it-IT\",\"@id\":\"https:\/\/ilcrogiuolo.it\/it\/#\/schema\/logo\/image\/\",\"url\":\"https:\/\/ilcrogiuolo.it\/wp-content\/uploads\/2020\/04\/logo.png\",\"contentUrl\":\"https:\/\/ilcrogiuolo.it\/wp-content\/uploads\/2020\/04\/logo.png\",\"width\":200,\"height\":49,\"caption\":\"Il Crogiuolo\"},\"image\":{\"@id\":\"https:\/\/ilcrogiuolo.it\/it\/#\/schema\/logo\/image\/\"},\"sameAs\":[\"https:\/\/www.facebook.com\/Il-Crogiuolo-681876418491758\"]}]}<\/script>\n<!-- \/ Yoast SEO plugin. -->","yoast_head_json":{"title":"EX\u00da TRANCA RUA CM 18 Color rosso - Il Crogiuolo","description":"EX\u00da TRANCA RUA CM 18 Color rosso Il pi\u00f9 rappresentativo degli EX\u00da viene riprodotto in questa Statua generalmente usata durante i RITI volti a spaccare la MAGIA NERA. Si usa","robots":{"index":"index","follow":"follow","max-snippet":"max-snippet:-1","max-image-preview":"max-image-preview:large","max-video-preview":"max-video-preview:-1"},"canonical":"https:\/\/ilcrogiuolo.it\/it\/p\/exu-tranca-rua-cm-18-color-rosso\/","og_locale":"it_IT","og_type":"article","og_title":"EX\u00da TRANCA RUA CM 18 Color rosso - Il Crogiuolo","og_description":"EX\u00da TRANCA RUA CM 18 Color rosso Il pi\u00f9 rappresentativo degli EX\u00da viene riprodotto in questa Statua generalmente usata durante i RITI volti a spaccare la MAGIA NERA. Si usa","og_url":"https:\/\/ilcrogiuolo.it\/it\/p\/exu-tranca-rua-cm-18-color-rosso\/","og_site_name":"Il Crogiuolo","article_publisher":"https:\/\/www.facebook.com\/Il-Crogiuolo-681876418491758","article_modified_time":"2021-12-03T12:29:19+00:00","og_image":[{"width":567,"height":567,"url":"https:\/\/ilcrogiuolo.it\/wp-content\/uploads\/2020\/01\/tranca_ruas.jpg","type":"image\/jpeg"}],"twitter_card":"summary_large_image","schema":{"@context":"https:\/\/schema.org","@graph":[{"@type":"WebPage","@id":"https:\/\/ilcrogiuolo.it\/it\/p\/exu-tranca-rua-cm-18-color-rosso\/","url":"https:\/\/ilcrogiuolo.it\/it\/p\/exu-tranca-rua-cm-18-color-rosso\/","name":"EX\u00da TRANCA RUA CM 18 Color rosso - Il Crogiuolo","isPartOf":{"@id":"https:\/\/ilcrogiuolo.it\/it\/#website"},"primaryImageOfPage":{"@id":"https:\/\/ilcrogiuolo.it\/it\/p\/exu-tranca-rua-cm-18-color-rosso\/#primaryimage"},"image":{"@id":"https:\/\/ilcrogiuolo.it\/it\/p\/exu-tranca-rua-cm-18-color-rosso\/#primaryimage"},"thumbnailUrl":"https:\/\/ilcrogiuolo.it\/wp-content\/uploads\/2020\/01\/tranca_ruas.jpg","datePublished":"2020-01-14T16:02:11+00:00","dateModified":"2021-12-03T12:29:19+00:00","description":"EX\u00da TRANCA RUA CM 18 Color rosso Il pi\u00f9 rappresentativo degli EX\u00da viene riprodotto in questa Statua generalmente usata durante i RITI volti a spaccare la MAGIA NERA. Si usa","breadcrumb":{"@id":"https:\/\/ilcrogiuolo.it\/it\/p\/exu-tranca-rua-cm-18-color-rosso\/#breadcrumb"},"inLanguage":"it-IT","potentialAction":[{"@type":"ReadAction","target":["https:\/\/ilcrogiuolo.it\/it\/p\/exu-tranca-rua-cm-18-color-rosso\/"]}]},{"@type":"ImageObject","inLanguage":"it-IT","@id":"https:\/\/ilcrogiuolo.it\/it\/p\/exu-tranca-rua-cm-18-color-rosso\/#primaryimage","url":"https:\/\/ilcrogiuolo.it\/wp-content\/uploads\/2020\/01\/tranca_ruas.jpg","contentUrl":"https:\/\/ilcrogiuolo.it\/wp-content\/uploads\/2020\/01\/tranca_ruas.jpg","width":567,"height":567},{"@type":"BreadcrumbList","@id":"https:\/\/ilcrogiuolo.it\/it\/p\/exu-tranca-rua-cm-18-color-rosso\/#breadcrumb","itemListElement":[{"@type":"ListItem","position":1,"name":"Home","item":"https:\/\/ilcrogiuolo.it\/it\/"},{"@type":"ListItem","position":2,"name":"Shop","item":"https:\/\/ilcrogiuolo.it\/it\/negozio\/"},{"@type":"ListItem","position":3,"name":"EX\u00da TRANCA RUA CM 18 Color rosso"}]},{"@type":"WebSite","@id":"https:\/\/ilcrogiuolo.it\/it\/#website","url":"https:\/\/ilcrogiuolo.it\/it\/","name":"Il Crogiuolo","description":"","publisher":{"@id":"https:\/\/ilcrogiuolo.it\/it\/#organization"},"potentialAction":[{"@type":"SearchAction","target":{"@type":"EntryPoint","urlTemplate":"https:\/\/ilcrogiuolo.it\/it\/?s={search_term_string}"},"query-input":{"@type":"PropertyValueSpecification","valueRequired":true,"valueName":"search_term_string"}}],"inLanguage":"it-IT"},{"@type":"Organization","@id":"https:\/\/ilcrogiuolo.it\/it\/#organization","name":"Il Crogiuolo","url":"https:\/\/ilcrogiuolo.it\/it\/","logo":{"@type":"ImageObject","inLanguage":"it-IT","@id":"https:\/\/ilcrogiuolo.it\/it\/#\/schema\/logo\/image\/","url":"https:\/\/ilcrogiuolo.it\/wp-content\/uploads\/2020\/04\/logo.png","contentUrl":"https:\/\/ilcrogiuolo.it\/wp-content\/uploads\/2020\/04\/logo.png","width":200,"height":49,"caption":"Il Crogiuolo"},"image":{"@id":"https:\/\/ilcrogiuolo.it\/it\/#\/schema\/logo\/image\/"},"sameAs":["https:\/\/www.facebook.com\/Il-Crogiuolo-681876418491758"]}]}},"_links":{"self":[{"href":"https:\/\/ilcrogiuolo.it\/it\/wp-json\/wp\/v2\/product\/802","targetHints":{"allow":["GET"]}}],"collection":[{"href":"https:\/\/ilcrogiuolo.it\/it\/wp-json\/wp\/v2\/product"}],"about":[{"href":"https:\/\/ilcrogiuolo.it\/it\/wp-json\/wp\/v2\/types\/product"}],"wp:featuredmedia":[{"embeddable":true,"href":"https:\/\/ilcrogiuolo.it\/it\/wp-json\/wp\/v2\/media\/32263"}],"wp:attachment":[{"href":"https:\/\/ilcrogiuolo.it\/it\/wp-json\/wp\/v2\/media?parent=802"}],"wp:term":[{"taxonomy":"product_brand","embeddable":true,"href":"https:\/\/ilcrogiuolo.it\/it\/wp-json\/wp\/v2\/product_brand?post=802"},{"taxonomy":"product_cat","embeddable":true,"href":"https:\/\/ilcrogiuolo.it\/it\/wp-json\/wp\/v2\/product_cat?post=802"},{"taxonomy":"product_tag","embeddable":true,"href":"https:\/\/ilcrogiuolo.it\/it\/wp-json\/wp\/v2\/product_tag?post=802"}],"curies":[{"name":"wp","href":"https:\/\/api.w.org\/{rel}","templated":true}]}}