{"id":793,"date":"2020-01-14T17:02:11","date_gmt":"2020-01-14T16:02:11","guid":{"rendered":"https:\/\/ilcrogiuolo.it\/p\/sete-dias-7-linhas-sette-colori\/"},"modified":"2024-10-23T15:34:43","modified_gmt":"2024-10-23T13:34:43","slug":"sete-dias-7-linhas-sette-colori","status":"publish","type":"product","link":"https:\/\/ilcrogiuolo.it\/it\/p\/sete-dias-7-linhas-sette-colori\/","title":{"rendered":"CANDELA SETE DIAS 7 LINHAS  (sette colori)"},"content":{"rendered":"<p>In questa candela sono racchiusi i sette colori degli ORIX\u00c1 e perci\u00f2 vengono rappresentate le sette ENERGIE DIVINE.<\/p>\n<p>Accendendo questa candela e recitando la preghiera acclusa chiamerete su di voi, secondo la tradizione umbandista, ogni benedizione dei SETTE POTENTI ORIX\u00c1. Ogni attributo dei SANTI viene evocato cosich\u00e8 avrete la protezione di OXAL\u00c1 per un buon equilibrio mentale, l\u2019aiuto in amore di YEMANJ\u00c1, la salute di OXOSSI, la ricchezza di OXUM, l\u2019apertura delle strade e la protezione da incidenti di OGUM e porterete giustizia con XANG\u00d4.<\/p>\n<p>Se esprimerete un desiderio ed accenderete la candela insieme ai defumadores SETE LINHAS, unta con l&#8217;olio omonimo, sarete certi che la vostra richiesta sar\u00e0 esaudita, cos\u00ec affermano i fedeli dell&#8217;umbanda.<\/p>\n","protected":false},"excerpt":{"rendered":"<p>In questa candela sono racchiusi i sette colori degli ORIX\u00c1 e perci\u00f2 vengono rappresentate le sette ENERGIE DIVINE. Accendendo questa&#8230;<\/p>\n","protected":false},"featured_media":32358,"template":"","meta":{"_acf_changed":false},"product_brand":[],"product_cat":[1083,1059,1291],"product_tag":[],"class_list":{"0":"post-793","1":"product","2":"type-product","3":"status-publish","4":"has-post-thumbnail","6":"product_cat-cereria-esoterica-candele-da-altare","7":"product_cat-articoli-esoterici","8":"product_cat-candele-da-sette-giorni-7-dias","10":"first","11":"instock","12":"taxable","13":"shipping-taxable","14":"purchasable","15":"product-type-simple","16":"add-to-wishlist-before_image"},"acf":[],"yoast_head":"<!-- This site is optimized with the Yoast SEO plugin v26.9 - https:\/\/yoast.com\/product\/yoast-seo-wordpress\/ -->\n<title>CANDELA SETE DIAS 7 LINHAS (sette colori) - Il Crogiuolo<\/title>\n<meta name=\"description\" content=\"CANDELA SETE DIAS 7 LINHAS (sette colori) In questa candela sono racchiusi i sette colori degli ORIX\u00c1 e perci\u00f2 vengono rappresentate le sette ENERGIE DIVINE. Accendendo questa candela e recitando\" \/>\n<meta name=\"robots\" content=\"index, follow, max-snippet:-1, max-image-preview:large, max-video-preview:-1\" \/>\n<link rel=\"canonical\" href=\"https:\/\/ilcrogiuolo.it\/it\/p\/sete-dias-7-linhas-sette-colori\/\" \/>\n<meta property=\"og:locale\" content=\"it_IT\" \/>\n<meta property=\"og:type\" content=\"article\" \/>\n<meta property=\"og:title\" content=\"CANDELA SETE DIAS 7 LINHAS (sette colori) - Il Crogiuolo\" \/>\n<meta property=\"og:description\" content=\"CANDELA SETE DIAS 7 LINHAS (sette colori) In questa candela sono racchiusi i sette colori degli ORIX\u00c1 e perci\u00f2 vengono rappresentate le sette ENERGIE DIVINE. Accendendo questa candela e recitando\" \/>\n<meta property=\"og:url\" content=\"https:\/\/ilcrogiuolo.it\/it\/p\/sete-dias-7-linhas-sette-colori\/\" \/>\n<meta property=\"og:site_name\" content=\"Il Crogiuolo\" \/>\n<meta property=\"article:publisher\" content=\"https:\/\/www.facebook.com\/Il-Crogiuolo-681876418491758\" \/>\n<meta property=\"article:modified_time\" content=\"2024-10-23T13:34:43+00:00\" \/>\n<meta property=\"og:image\" content=\"https:\/\/ilcrogiuolo.it\/wp-content\/uploads\/2020\/01\/candela_sete_dias_sete_linhas.jpg\" \/>\n\t<meta property=\"og:image:width\" content=\"567\" \/>\n\t<meta property=\"og:image:height\" content=\"567\" \/>\n\t<meta property=\"og:image:type\" content=\"image\/jpeg\" \/>\n<meta name=\"twitter:card\" content=\"summary_large_image\" \/>\n<meta name=\"twitter:label1\" content=\"Tempo di lettura stimato\" \/>\n\t<meta name=\"twitter:data1\" content=\"1 minuto\" \/>\n<script type=\"application\/ld+json\" class=\"yoast-schema-graph\">{\"@context\":\"https:\/\/schema.org\",\"@graph\":[{\"@type\":\"WebPage\",\"@id\":\"https:\/\/ilcrogiuolo.it\/it\/p\/sete-dias-7-linhas-sette-colori\/\",\"url\":\"https:\/\/ilcrogiuolo.it\/it\/p\/sete-dias-7-linhas-sette-colori\/\",\"name\":\"CANDELA SETE DIAS 7 LINHAS (sette colori) - Il Crogiuolo\",\"isPartOf\":{\"@id\":\"https:\/\/ilcrogiuolo.it\/it\/#website\"},\"primaryImageOfPage\":{\"@id\":\"https:\/\/ilcrogiuolo.it\/it\/p\/sete-dias-7-linhas-sette-colori\/#primaryimage\"},\"image\":{\"@id\":\"https:\/\/ilcrogiuolo.it\/it\/p\/sete-dias-7-linhas-sette-colori\/#primaryimage\"},\"thumbnailUrl\":\"https:\/\/ilcrogiuolo.it\/wp-content\/uploads\/2020\/01\/candela_sete_dias_sete_linhas.jpg\",\"datePublished\":\"2020-01-14T16:02:11+00:00\",\"dateModified\":\"2024-10-23T13:34:43+00:00\",\"description\":\"CANDELA SETE DIAS 7 LINHAS (sette colori) In questa candela sono racchiusi i sette colori degli ORIX\u00c1 e perci\u00f2 vengono rappresentate le sette ENERGIE DIVINE. Accendendo questa candela e recitando\",\"breadcrumb\":{\"@id\":\"https:\/\/ilcrogiuolo.it\/it\/p\/sete-dias-7-linhas-sette-colori\/#breadcrumb\"},\"inLanguage\":\"it-IT\",\"potentialAction\":[{\"@type\":\"ReadAction\",\"target\":[\"https:\/\/ilcrogiuolo.it\/it\/p\/sete-dias-7-linhas-sette-colori\/\"]}]},{\"@type\":\"ImageObject\",\"inLanguage\":\"it-IT\",\"@id\":\"https:\/\/ilcrogiuolo.it\/it\/p\/sete-dias-7-linhas-sette-colori\/#primaryimage\",\"url\":\"https:\/\/ilcrogiuolo.it\/wp-content\/uploads\/2020\/01\/candela_sete_dias_sete_linhas.jpg\",\"contentUrl\":\"https:\/\/ilcrogiuolo.it\/wp-content\/uploads\/2020\/01\/candela_sete_dias_sete_linhas.jpg\",\"width\":567,\"height\":567},{\"@type\":\"BreadcrumbList\",\"@id\":\"https:\/\/ilcrogiuolo.it\/it\/p\/sete-dias-7-linhas-sette-colori\/#breadcrumb\",\"itemListElement\":[{\"@type\":\"ListItem\",\"position\":1,\"name\":\"Home\",\"item\":\"https:\/\/ilcrogiuolo.it\/it\/\"},{\"@type\":\"ListItem\",\"position\":2,\"name\":\"Shop\",\"item\":\"https:\/\/ilcrogiuolo.it\/it\/negozio\/\"},{\"@type\":\"ListItem\",\"position\":3,\"name\":\"CANDELA SETE DIAS 7 LINHAS (sette colori)\"}]},{\"@type\":\"WebSite\",\"@id\":\"https:\/\/ilcrogiuolo.it\/it\/#website\",\"url\":\"https:\/\/ilcrogiuolo.it\/it\/\",\"name\":\"Il Crogiuolo\",\"description\":\"\",\"publisher\":{\"@id\":\"https:\/\/ilcrogiuolo.it\/it\/#organization\"},\"potentialAction\":[{\"@type\":\"SearchAction\",\"target\":{\"@type\":\"EntryPoint\",\"urlTemplate\":\"https:\/\/ilcrogiuolo.it\/it\/?s={search_term_string}\"},\"query-input\":{\"@type\":\"PropertyValueSpecification\",\"valueRequired\":true,\"valueName\":\"search_term_string\"}}],\"inLanguage\":\"it-IT\"},{\"@type\":\"Organization\",\"@id\":\"https:\/\/ilcrogiuolo.it\/it\/#organization\",\"name\":\"Il Crogiuolo\",\"url\":\"https:\/\/ilcrogiuolo.it\/it\/\",\"logo\":{\"@type\":\"ImageObject\",\"inLanguage\":\"it-IT\",\"@id\":\"https:\/\/ilcrogiuolo.it\/it\/#\/schema\/logo\/image\/\",\"url\":\"https:\/\/ilcrogiuolo.it\/wp-content\/uploads\/2020\/04\/logo.png\",\"contentUrl\":\"https:\/\/ilcrogiuolo.it\/wp-content\/uploads\/2020\/04\/logo.png\",\"width\":200,\"height\":49,\"caption\":\"Il Crogiuolo\"},\"image\":{\"@id\":\"https:\/\/ilcrogiuolo.it\/it\/#\/schema\/logo\/image\/\"},\"sameAs\":[\"https:\/\/www.facebook.com\/Il-Crogiuolo-681876418491758\"]}]}<\/script>\n<!-- \/ Yoast SEO plugin. -->","yoast_head_json":{"title":"CANDELA SETE DIAS 7 LINHAS (sette colori) - Il Crogiuolo","description":"CANDELA SETE DIAS 7 LINHAS (sette colori) In questa candela sono racchiusi i sette colori degli ORIX\u00c1 e perci\u00f2 vengono rappresentate le sette ENERGIE DIVINE. Accendendo questa candela e recitando","robots":{"index":"index","follow":"follow","max-snippet":"max-snippet:-1","max-image-preview":"max-image-preview:large","max-video-preview":"max-video-preview:-1"},"canonical":"https:\/\/ilcrogiuolo.it\/it\/p\/sete-dias-7-linhas-sette-colori\/","og_locale":"it_IT","og_type":"article","og_title":"CANDELA SETE DIAS 7 LINHAS (sette colori) - Il Crogiuolo","og_description":"CANDELA SETE DIAS 7 LINHAS (sette colori) In questa candela sono racchiusi i sette colori degli ORIX\u00c1 e perci\u00f2 vengono rappresentate le sette ENERGIE DIVINE. Accendendo questa candela e recitando","og_url":"https:\/\/ilcrogiuolo.it\/it\/p\/sete-dias-7-linhas-sette-colori\/","og_site_name":"Il Crogiuolo","article_publisher":"https:\/\/www.facebook.com\/Il-Crogiuolo-681876418491758","article_modified_time":"2024-10-23T13:34:43+00:00","og_image":[{"width":567,"height":567,"url":"https:\/\/ilcrogiuolo.it\/wp-content\/uploads\/2020\/01\/candela_sete_dias_sete_linhas.jpg","type":"image\/jpeg"}],"twitter_card":"summary_large_image","twitter_misc":{"Tempo di lettura stimato":"1 minuto"},"schema":{"@context":"https:\/\/schema.org","@graph":[{"@type":"WebPage","@id":"https:\/\/ilcrogiuolo.it\/it\/p\/sete-dias-7-linhas-sette-colori\/","url":"https:\/\/ilcrogiuolo.it\/it\/p\/sete-dias-7-linhas-sette-colori\/","name":"CANDELA SETE DIAS 7 LINHAS (sette colori) - Il Crogiuolo","isPartOf":{"@id":"https:\/\/ilcrogiuolo.it\/it\/#website"},"primaryImageOfPage":{"@id":"https:\/\/ilcrogiuolo.it\/it\/p\/sete-dias-7-linhas-sette-colori\/#primaryimage"},"image":{"@id":"https:\/\/ilcrogiuolo.it\/it\/p\/sete-dias-7-linhas-sette-colori\/#primaryimage"},"thumbnailUrl":"https:\/\/ilcrogiuolo.it\/wp-content\/uploads\/2020\/01\/candela_sete_dias_sete_linhas.jpg","datePublished":"2020-01-14T16:02:11+00:00","dateModified":"2024-10-23T13:34:43+00:00","description":"CANDELA SETE DIAS 7 LINHAS (sette colori) In questa candela sono racchiusi i sette colori degli ORIX\u00c1 e perci\u00f2 vengono rappresentate le sette ENERGIE DIVINE. Accendendo questa candela e recitando","breadcrumb":{"@id":"https:\/\/ilcrogiuolo.it\/it\/p\/sete-dias-7-linhas-sette-colori\/#breadcrumb"},"inLanguage":"it-IT","potentialAction":[{"@type":"ReadAction","target":["https:\/\/ilcrogiuolo.it\/it\/p\/sete-dias-7-linhas-sette-colori\/"]}]},{"@type":"ImageObject","inLanguage":"it-IT","@id":"https:\/\/ilcrogiuolo.it\/it\/p\/sete-dias-7-linhas-sette-colori\/#primaryimage","url":"https:\/\/ilcrogiuolo.it\/wp-content\/uploads\/2020\/01\/candela_sete_dias_sete_linhas.jpg","contentUrl":"https:\/\/ilcrogiuolo.it\/wp-content\/uploads\/2020\/01\/candela_sete_dias_sete_linhas.jpg","width":567,"height":567},{"@type":"BreadcrumbList","@id":"https:\/\/ilcrogiuolo.it\/it\/p\/sete-dias-7-linhas-sette-colori\/#breadcrumb","itemListElement":[{"@type":"ListItem","position":1,"name":"Home","item":"https:\/\/ilcrogiuolo.it\/it\/"},{"@type":"ListItem","position":2,"name":"Shop","item":"https:\/\/ilcrogiuolo.it\/it\/negozio\/"},{"@type":"ListItem","position":3,"name":"CANDELA SETE DIAS 7 LINHAS (sette colori)"}]},{"@type":"WebSite","@id":"https:\/\/ilcrogiuolo.it\/it\/#website","url":"https:\/\/ilcrogiuolo.it\/it\/","name":"Il Crogiuolo","description":"","publisher":{"@id":"https:\/\/ilcrogiuolo.it\/it\/#organization"},"potentialAction":[{"@type":"SearchAction","target":{"@type":"EntryPoint","urlTemplate":"https:\/\/ilcrogiuolo.it\/it\/?s={search_term_string}"},"query-input":{"@type":"PropertyValueSpecification","valueRequired":true,"valueName":"search_term_string"}}],"inLanguage":"it-IT"},{"@type":"Organization","@id":"https:\/\/ilcrogiuolo.it\/it\/#organization","name":"Il Crogiuolo","url":"https:\/\/ilcrogiuolo.it\/it\/","logo":{"@type":"ImageObject","inLanguage":"it-IT","@id":"https:\/\/ilcrogiuolo.it\/it\/#\/schema\/logo\/image\/","url":"https:\/\/ilcrogiuolo.it\/wp-content\/uploads\/2020\/04\/logo.png","contentUrl":"https:\/\/ilcrogiuolo.it\/wp-content\/uploads\/2020\/04\/logo.png","width":200,"height":49,"caption":"Il Crogiuolo"},"image":{"@id":"https:\/\/ilcrogiuolo.it\/it\/#\/schema\/logo\/image\/"},"sameAs":["https:\/\/www.facebook.com\/Il-Crogiuolo-681876418491758"]}]}},"_links":{"self":[{"href":"https:\/\/ilcrogiuolo.it\/it\/wp-json\/wp\/v2\/product\/793","targetHints":{"allow":["GET"]}}],"collection":[{"href":"https:\/\/ilcrogiuolo.it\/it\/wp-json\/wp\/v2\/product"}],"about":[{"href":"https:\/\/ilcrogiuolo.it\/it\/wp-json\/wp\/v2\/types\/product"}],"wp:featuredmedia":[{"embeddable":true,"href":"https:\/\/ilcrogiuolo.it\/it\/wp-json\/wp\/v2\/media\/32358"}],"wp:attachment":[{"href":"https:\/\/ilcrogiuolo.it\/it\/wp-json\/wp\/v2\/media?parent=793"}],"wp:term":[{"taxonomy":"product_brand","embeddable":true,"href":"https:\/\/ilcrogiuolo.it\/it\/wp-json\/wp\/v2\/product_brand?post=793"},{"taxonomy":"product_cat","embeddable":true,"href":"https:\/\/ilcrogiuolo.it\/it\/wp-json\/wp\/v2\/product_cat?post=793"},{"taxonomy":"product_tag","embeddable":true,"href":"https:\/\/ilcrogiuolo.it\/it\/wp-json\/wp\/v2\/product_tag?post=793"}],"curies":[{"name":"wp","href":"https:\/\/api.w.org\/{rel}","templated":true}]}}