{"id":7764,"date":"2020-01-14T17:15:48","date_gmt":"2020-01-14T16:15:48","guid":{"rendered":"https:\/\/ilcrogiuolo.it\/p\/compendio-di-magia-pratica-aziluth\/"},"modified":"2025-09-05T14:29:31","modified_gmt":"2025-09-05T12:29:31","slug":"compendio-di-magia-pratica-aziluth","status":"publish","type":"product","link":"https:\/\/ilcrogiuolo.it\/it\/p\/compendio-di-magia-pratica-aziluth\/","title":{"rendered":"COMPENDIO DI MAGIA PRATICA (AZILUTH)"},"content":{"rendered":"<p>Come ottenere amore, denaro, salute e felicit\u00e0 . Come difendersi da fatture e malocchio Ha ancora senso parlare di fatture, malocchio, protezione magica, in questo tempo cos\u00ec proiettato nel futuro e tuttavia segnato ancora da atti di incredibile e disumana barbarie? Certamente s\u00ec, come testimonia il grande successo conseguito da maghi, cartomanti, astrologhi, oltre che l\u2019interesse e la curiosit\u00e0 suscitati da pratiche divinatorie che affondano le radici nell\u2019opera di antichi negromanti come di moderni sciamani i quali, oggi come ieri, escogitano rimedi per curare le insicurezze fondamentali dell\u2019uomo. Parliamo di magia, fatture, filtri, rituali, talismani e amuleti, ma in una veste alquanto nuova e adattata alle esigenze e alla moderna visione dell\u2019ambiente e dell\u2019universo che ci circonda. La magia consiste nella proiezione di energie naturali per produrre gli effetti voluti, mediante una forma specifica di movimento, manipolazione di oggetti o serie di processi interiori idonei allo scopo. Si \u00e8 tenuto conto nell\u2019esposizione dell\u2019eventuale attitudine religiosa di chi voglia praticare questi metodi per conseguire i propri obiettivi, cos\u00ec come della possibilit\u00e0 di procurarsi gli strumenti, i materiali e gli accessori idonei alla pratica nel modo pi\u00f9 semplice, alla portata di tutti, senza far ricorso a inutili quanto crudeli torture ai danni di poveri gatti neri, rospi, lucertole, lupi o volatili&#8230; Oggi sappiamo che una volont\u00e0 ben salda e guidata, in grado di prefigurarsi lo scopo dell\u2019arte magica senza lasciarsi distrarre dalle contingenze, pu\u00f2 avvalersi di materiali e strumenti di pi\u00f9 facile reperibilit\u00e0 per cogliere nel segno, senza bisogno di complicate iniziazioni ed estenuanti periodi preparatori.<\/p>\n","protected":false},"excerpt":{"rendered":"<p>Come ottenere amore, denaro, salute e felicit\u00e0 . Come difendersi da fatture e malocchio Ha ancora senso parlare di fatture,&#8230;<\/p>\n","protected":false},"featured_media":7765,"template":"","meta":{"_acf_changed":false},"product_brand":[],"product_cat":[1077,1425,1060],"product_tag":[],"class_list":{"0":"post-7764","1":"product","2":"type-product","3":"status-publish","4":"has-post-thumbnail","6":"product_cat-libreria-esoterica-libreria-esoterica","7":"product_cat-edizioni-hermes","8":"product_cat-libreria-esoterica","10":"first","11":"outofstock","12":"taxable","13":"shipping-taxable","14":"purchasable","15":"product-type-simple","16":"add-to-wishlist-before_image"},"acf":[],"yoast_head":"<!-- This site is optimized with the Yoast SEO plugin v26.9 - https:\/\/yoast.com\/product\/yoast-seo-wordpress\/ -->\n<title>COMPENDIO DI MAGIA PRATICA (AZILUTH) - Il Crogiuolo<\/title>\n<meta name=\"description\" content=\"COMPENDIO DI MAGIA PRATICA (AZILUTH) Come ottenere amore, denaro, salute e felicit\u00e0 . Come difendersi da fatture e malocchio Ha ancora senso parlare di fatture, malocchio, protezione magica,\" \/>\n<meta name=\"robots\" content=\"index, follow, max-snippet:-1, max-image-preview:large, max-video-preview:-1\" \/>\n<link rel=\"canonical\" href=\"https:\/\/ilcrogiuolo.it\/it\/p\/compendio-di-magia-pratica-aziluth\/\" \/>\n<meta property=\"og:locale\" content=\"it_IT\" \/>\n<meta property=\"og:type\" content=\"article\" \/>\n<meta property=\"og:title\" content=\"COMPENDIO DI MAGIA PRATICA (AZILUTH) - Il Crogiuolo\" \/>\n<meta property=\"og:description\" content=\"COMPENDIO DI MAGIA PRATICA (AZILUTH) Come ottenere amore, denaro, salute e felicit\u00e0 . Come difendersi da fatture e malocchio Ha ancora senso parlare di fatture, malocchio, protezione magica,\" \/>\n<meta property=\"og:url\" content=\"https:\/\/ilcrogiuolo.it\/it\/p\/compendio-di-magia-pratica-aziluth\/\" \/>\n<meta property=\"og:site_name\" content=\"Il Crogiuolo\" \/>\n<meta property=\"article:publisher\" content=\"https:\/\/www.facebook.com\/Il-Crogiuolo-681876418491758\" \/>\n<meta property=\"article:modified_time\" content=\"2025-09-05T12:29:31+00:00\" \/>\n<meta property=\"og:image\" content=\"https:\/\/ilcrogiuolo.it\/wp-content\/uploads\/2020\/01\/compendiodimagiapratica_9725524.jpg\" \/>\n\t<meta property=\"og:image:width\" content=\"627\" \/>\n\t<meta property=\"og:image:height\" content=\"600\" \/>\n\t<meta property=\"og:image:type\" content=\"image\/jpeg\" \/>\n<meta name=\"twitter:card\" content=\"summary_large_image\" \/>\n<meta name=\"twitter:label1\" content=\"Tempo di lettura stimato\" \/>\n\t<meta name=\"twitter:data1\" content=\"2 minuti\" \/>\n<script type=\"application\/ld+json\" class=\"yoast-schema-graph\">{\"@context\":\"https:\/\/schema.org\",\"@graph\":[{\"@type\":\"WebPage\",\"@id\":\"https:\/\/ilcrogiuolo.it\/it\/p\/compendio-di-magia-pratica-aziluth\/\",\"url\":\"https:\/\/ilcrogiuolo.it\/it\/p\/compendio-di-magia-pratica-aziluth\/\",\"name\":\"COMPENDIO DI MAGIA PRATICA (AZILUTH) - Il Crogiuolo\",\"isPartOf\":{\"@id\":\"https:\/\/ilcrogiuolo.it\/it\/#website\"},\"primaryImageOfPage\":{\"@id\":\"https:\/\/ilcrogiuolo.it\/it\/p\/compendio-di-magia-pratica-aziluth\/#primaryimage\"},\"image\":{\"@id\":\"https:\/\/ilcrogiuolo.it\/it\/p\/compendio-di-magia-pratica-aziluth\/#primaryimage\"},\"thumbnailUrl\":\"https:\/\/ilcrogiuolo.it\/wp-content\/uploads\/2020\/01\/compendiodimagiapratica_9725524.jpg\",\"datePublished\":\"2020-01-14T16:15:48+00:00\",\"dateModified\":\"2025-09-05T12:29:31+00:00\",\"description\":\"COMPENDIO DI MAGIA PRATICA (AZILUTH) Come ottenere amore, denaro, salute e felicit\u00e0 . Come difendersi da fatture e malocchio Ha ancora senso parlare di fatture, malocchio, protezione magica,\",\"breadcrumb\":{\"@id\":\"https:\/\/ilcrogiuolo.it\/it\/p\/compendio-di-magia-pratica-aziluth\/#breadcrumb\"},\"inLanguage\":\"it-IT\",\"potentialAction\":[{\"@type\":\"ReadAction\",\"target\":[\"https:\/\/ilcrogiuolo.it\/it\/p\/compendio-di-magia-pratica-aziluth\/\"]}]},{\"@type\":\"ImageObject\",\"inLanguage\":\"it-IT\",\"@id\":\"https:\/\/ilcrogiuolo.it\/it\/p\/compendio-di-magia-pratica-aziluth\/#primaryimage\",\"url\":\"https:\/\/ilcrogiuolo.it\/wp-content\/uploads\/2020\/01\/compendiodimagiapratica_9725524.jpg\",\"contentUrl\":\"https:\/\/ilcrogiuolo.it\/wp-content\/uploads\/2020\/01\/compendiodimagiapratica_9725524.jpg\",\"width\":627,\"height\":600},{\"@type\":\"BreadcrumbList\",\"@id\":\"https:\/\/ilcrogiuolo.it\/it\/p\/compendio-di-magia-pratica-aziluth\/#breadcrumb\",\"itemListElement\":[{\"@type\":\"ListItem\",\"position\":1,\"name\":\"Home\",\"item\":\"https:\/\/ilcrogiuolo.it\/it\/\"},{\"@type\":\"ListItem\",\"position\":2,\"name\":\"Shop\",\"item\":\"https:\/\/ilcrogiuolo.it\/it\/negozio\/\"},{\"@type\":\"ListItem\",\"position\":3,\"name\":\"COMPENDIO DI MAGIA PRATICA (AZILUTH)\"}]},{\"@type\":\"WebSite\",\"@id\":\"https:\/\/ilcrogiuolo.it\/it\/#website\",\"url\":\"https:\/\/ilcrogiuolo.it\/it\/\",\"name\":\"Il Crogiuolo\",\"description\":\"\",\"publisher\":{\"@id\":\"https:\/\/ilcrogiuolo.it\/it\/#organization\"},\"potentialAction\":[{\"@type\":\"SearchAction\",\"target\":{\"@type\":\"EntryPoint\",\"urlTemplate\":\"https:\/\/ilcrogiuolo.it\/it\/?s={search_term_string}\"},\"query-input\":{\"@type\":\"PropertyValueSpecification\",\"valueRequired\":true,\"valueName\":\"search_term_string\"}}],\"inLanguage\":\"it-IT\"},{\"@type\":\"Organization\",\"@id\":\"https:\/\/ilcrogiuolo.it\/it\/#organization\",\"name\":\"Il Crogiuolo\",\"url\":\"https:\/\/ilcrogiuolo.it\/it\/\",\"logo\":{\"@type\":\"ImageObject\",\"inLanguage\":\"it-IT\",\"@id\":\"https:\/\/ilcrogiuolo.it\/it\/#\/schema\/logo\/image\/\",\"url\":\"https:\/\/ilcrogiuolo.it\/wp-content\/uploads\/2020\/04\/logo.png\",\"contentUrl\":\"https:\/\/ilcrogiuolo.it\/wp-content\/uploads\/2020\/04\/logo.png\",\"width\":200,\"height\":49,\"caption\":\"Il Crogiuolo\"},\"image\":{\"@id\":\"https:\/\/ilcrogiuolo.it\/it\/#\/schema\/logo\/image\/\"},\"sameAs\":[\"https:\/\/www.facebook.com\/Il-Crogiuolo-681876418491758\"]}]}<\/script>\n<!-- \/ Yoast SEO plugin. -->","yoast_head_json":{"title":"COMPENDIO DI MAGIA PRATICA (AZILUTH) - Il Crogiuolo","description":"COMPENDIO DI MAGIA PRATICA (AZILUTH) Come ottenere amore, denaro, salute e felicit\u00e0 . Come difendersi da fatture e malocchio Ha ancora senso parlare di fatture, malocchio, protezione magica,","robots":{"index":"index","follow":"follow","max-snippet":"max-snippet:-1","max-image-preview":"max-image-preview:large","max-video-preview":"max-video-preview:-1"},"canonical":"https:\/\/ilcrogiuolo.it\/it\/p\/compendio-di-magia-pratica-aziluth\/","og_locale":"it_IT","og_type":"article","og_title":"COMPENDIO DI MAGIA PRATICA (AZILUTH) - Il Crogiuolo","og_description":"COMPENDIO DI MAGIA PRATICA (AZILUTH) Come ottenere amore, denaro, salute e felicit\u00e0 . Come difendersi da fatture e malocchio Ha ancora senso parlare di fatture, malocchio, protezione magica,","og_url":"https:\/\/ilcrogiuolo.it\/it\/p\/compendio-di-magia-pratica-aziluth\/","og_site_name":"Il Crogiuolo","article_publisher":"https:\/\/www.facebook.com\/Il-Crogiuolo-681876418491758","article_modified_time":"2025-09-05T12:29:31+00:00","og_image":[{"width":627,"height":600,"url":"https:\/\/ilcrogiuolo.it\/wp-content\/uploads\/2020\/01\/compendiodimagiapratica_9725524.jpg","type":"image\/jpeg"}],"twitter_card":"summary_large_image","twitter_misc":{"Tempo di lettura stimato":"2 minuti"},"schema":{"@context":"https:\/\/schema.org","@graph":[{"@type":"WebPage","@id":"https:\/\/ilcrogiuolo.it\/it\/p\/compendio-di-magia-pratica-aziluth\/","url":"https:\/\/ilcrogiuolo.it\/it\/p\/compendio-di-magia-pratica-aziluth\/","name":"COMPENDIO DI MAGIA PRATICA (AZILUTH) - Il Crogiuolo","isPartOf":{"@id":"https:\/\/ilcrogiuolo.it\/it\/#website"},"primaryImageOfPage":{"@id":"https:\/\/ilcrogiuolo.it\/it\/p\/compendio-di-magia-pratica-aziluth\/#primaryimage"},"image":{"@id":"https:\/\/ilcrogiuolo.it\/it\/p\/compendio-di-magia-pratica-aziluth\/#primaryimage"},"thumbnailUrl":"https:\/\/ilcrogiuolo.it\/wp-content\/uploads\/2020\/01\/compendiodimagiapratica_9725524.jpg","datePublished":"2020-01-14T16:15:48+00:00","dateModified":"2025-09-05T12:29:31+00:00","description":"COMPENDIO DI MAGIA PRATICA (AZILUTH) Come ottenere amore, denaro, salute e felicit\u00e0 . Come difendersi da fatture e malocchio Ha ancora senso parlare di fatture, malocchio, protezione magica,","breadcrumb":{"@id":"https:\/\/ilcrogiuolo.it\/it\/p\/compendio-di-magia-pratica-aziluth\/#breadcrumb"},"inLanguage":"it-IT","potentialAction":[{"@type":"ReadAction","target":["https:\/\/ilcrogiuolo.it\/it\/p\/compendio-di-magia-pratica-aziluth\/"]}]},{"@type":"ImageObject","inLanguage":"it-IT","@id":"https:\/\/ilcrogiuolo.it\/it\/p\/compendio-di-magia-pratica-aziluth\/#primaryimage","url":"https:\/\/ilcrogiuolo.it\/wp-content\/uploads\/2020\/01\/compendiodimagiapratica_9725524.jpg","contentUrl":"https:\/\/ilcrogiuolo.it\/wp-content\/uploads\/2020\/01\/compendiodimagiapratica_9725524.jpg","width":627,"height":600},{"@type":"BreadcrumbList","@id":"https:\/\/ilcrogiuolo.it\/it\/p\/compendio-di-magia-pratica-aziluth\/#breadcrumb","itemListElement":[{"@type":"ListItem","position":1,"name":"Home","item":"https:\/\/ilcrogiuolo.it\/it\/"},{"@type":"ListItem","position":2,"name":"Shop","item":"https:\/\/ilcrogiuolo.it\/it\/negozio\/"},{"@type":"ListItem","position":3,"name":"COMPENDIO DI MAGIA PRATICA (AZILUTH)"}]},{"@type":"WebSite","@id":"https:\/\/ilcrogiuolo.it\/it\/#website","url":"https:\/\/ilcrogiuolo.it\/it\/","name":"Il Crogiuolo","description":"","publisher":{"@id":"https:\/\/ilcrogiuolo.it\/it\/#organization"},"potentialAction":[{"@type":"SearchAction","target":{"@type":"EntryPoint","urlTemplate":"https:\/\/ilcrogiuolo.it\/it\/?s={search_term_string}"},"query-input":{"@type":"PropertyValueSpecification","valueRequired":true,"valueName":"search_term_string"}}],"inLanguage":"it-IT"},{"@type":"Organization","@id":"https:\/\/ilcrogiuolo.it\/it\/#organization","name":"Il Crogiuolo","url":"https:\/\/ilcrogiuolo.it\/it\/","logo":{"@type":"ImageObject","inLanguage":"it-IT","@id":"https:\/\/ilcrogiuolo.it\/it\/#\/schema\/logo\/image\/","url":"https:\/\/ilcrogiuolo.it\/wp-content\/uploads\/2020\/04\/logo.png","contentUrl":"https:\/\/ilcrogiuolo.it\/wp-content\/uploads\/2020\/04\/logo.png","width":200,"height":49,"caption":"Il Crogiuolo"},"image":{"@id":"https:\/\/ilcrogiuolo.it\/it\/#\/schema\/logo\/image\/"},"sameAs":["https:\/\/www.facebook.com\/Il-Crogiuolo-681876418491758"]}]}},"_links":{"self":[{"href":"https:\/\/ilcrogiuolo.it\/it\/wp-json\/wp\/v2\/product\/7764","targetHints":{"allow":["GET"]}}],"collection":[{"href":"https:\/\/ilcrogiuolo.it\/it\/wp-json\/wp\/v2\/product"}],"about":[{"href":"https:\/\/ilcrogiuolo.it\/it\/wp-json\/wp\/v2\/types\/product"}],"wp:featuredmedia":[{"embeddable":true,"href":"https:\/\/ilcrogiuolo.it\/it\/wp-json\/wp\/v2\/media\/7765"}],"wp:attachment":[{"href":"https:\/\/ilcrogiuolo.it\/it\/wp-json\/wp\/v2\/media?parent=7764"}],"wp:term":[{"taxonomy":"product_brand","embeddable":true,"href":"https:\/\/ilcrogiuolo.it\/it\/wp-json\/wp\/v2\/product_brand?post=7764"},{"taxonomy":"product_cat","embeddable":true,"href":"https:\/\/ilcrogiuolo.it\/it\/wp-json\/wp\/v2\/product_cat?post=7764"},{"taxonomy":"product_tag","embeddable":true,"href":"https:\/\/ilcrogiuolo.it\/it\/wp-json\/wp\/v2\/product_tag?post=7764"}],"curies":[{"name":"wp","href":"https:\/\/api.w.org\/{rel}","templated":true}]}}