{"id":7755,"date":"2020-01-14T17:15:48","date_gmt":"2020-01-14T16:15:48","guid":{"rendered":"https:\/\/ilcrogiuolo.it\/p\/mano-di-concordia-concordia\/"},"modified":"2020-12-10T15:51:44","modified_gmt":"2020-12-10T14:51:44","slug":"mano-di-concordia-concordia","status":"publish","type":"product","link":"https:\/\/ilcrogiuolo.it\/it\/p\/mano-di-concordia-concordia\/","title":{"rendered":"Mano di concordia &#8211; Concordia"},"content":{"rendered":"<p>La radice di Concordia (Orchis Maculata) comunemente conosciuta come Mano di Concordia o Mano del Buon Dio \u00e8 una curiosit\u00e0 botanica da sempre impiegata, per la sua forma, nella magia ed in esoterismo con il fine di portare fortuna, unire le coppie, superare ogni genere di difficolt\u00e0. La tradizione vuole che portandola su di se si possano ottenere innumerevoli benefici. Rientra nella preparazione di talismani e mojo bag, in questo caso viene associata ad elementi simbolici che rappresentino ci\u00f2 che la \u201cmano debba afferrare\u201d, quindi fotografia della persona amata, denaro, fortuna\u2026 Esiste una antica leggenda che associa la Concordia anche alla redenzione ed alla possibilit\u00e0 che ha questa pianta di cambiare attitudini e comportamento alle persone. Due monaci della Novalesa, in fuga dai Saraceni che avevano attaccato il loro convento, cercavano, correva l\u2019anno 906, di raggiungere Torino, passando dalla Val Chisone. Dopo aver superato il Colle delle Finestre, stavano scendendo verso Fenestrelle, quando, passando nei pressi di una modesta baita che sorgeva su questi prati, videro una donna addolorata a causa del marito che quando scendeva a valle a vendere il burro ed il formaggio che essi producevano, sperperava poi tutto il guadagno in bevute, diventando per di pi\u00f9 particolarmente violento al ritorno. I frati impietositi dal racconto, consegnarono alla donna alcuni semi di fiori che nel pieno del loro rigoglio, avrebbero emanato un profumo che avrebbe dissuaso chiunque dal compiere cattive azioni. Nel giro di pochi mesi una splendida fioritura di orchidacee rosse (naturalmente in questo caso il colore ha valore positivo) circondava quella modesta abitazione. Una domenica mattina, l&#8217;uomo si apprestava come sempre a scendere a valle con i prodotti da vendere, quando la giovane figlia mise nel cesto anche un piccolo mazzo di questi fiori che rimase inerme fin quando l&#8217;uomo fu sul punto di recarsi nelle osterie a sperperare il guadagno. In quel momento un inebriante profumo si sprigion\u00f2 da quel piccolo mazzo, l&#8217;uomo si sent\u00ec strano mentre una voce interna lo guidava a prendere coscienza della sua irresponsabilit\u00e0. Fece subito ritorno a casa e da allora cambi\u00f2 completamente il suo comportamento, senza pi\u00f9 ricadere negli sbagli del passato anche quando finiva la fioritura di quel piccolo fiore rosso.<\/p>\n","protected":false},"excerpt":{"rendered":"<p>La radice di Concordia (Orchis Maculata) comunemente conosciuta come Mano di Concordia o Mano del Buon Dio \u00e8 una curiosit\u00e0&#8230;<\/p>\n","protected":false},"featured_media":7756,"template":"","meta":{"_acf_changed":false},"product_brand":[],"product_cat":[1096,1065,1380],"product_tag":[],"class_list":{"0":"post-7755","1":"product","2":"type-product","3":"status-publish","4":"has-post-thumbnail","6":"product_cat-botanica-erbe-e-miscele","7":"product_cat-botanica-pietre","8":"product_cat-erboristica-esoterica-fitologia-occulta","10":"first","11":"outofstock","12":"taxable","13":"shipping-taxable","14":"purchasable","15":"product-type-simple","16":"add-to-wishlist-before_image"},"acf":[],"yoast_head":"<!-- This site is optimized with the Yoast SEO plugin v26.9 - https:\/\/yoast.com\/product\/yoast-seo-wordpress\/ -->\n<title>Mano di concordia - Concordia - Il Crogiuolo<\/title>\n<meta name=\"description\" content=\"Mano di concordia - Concordia La radice di Concordia (Orchis Maculata) comunemente conosciuta come Mano di Concordia o Mano del Buon Dio \u00e8 una curiosit\u00e0 botanica da sempre impiegata,\" \/>\n<meta name=\"robots\" content=\"index, follow, max-snippet:-1, max-image-preview:large, max-video-preview:-1\" \/>\n<link rel=\"canonical\" href=\"https:\/\/ilcrogiuolo.it\/it\/p\/mano-di-concordia-concordia\/\" \/>\n<meta property=\"og:locale\" content=\"it_IT\" \/>\n<meta property=\"og:type\" content=\"article\" \/>\n<meta property=\"og:title\" content=\"Mano di concordia - Concordia - Il Crogiuolo\" \/>\n<meta property=\"og:description\" content=\"Mano di concordia - Concordia La radice di Concordia (Orchis Maculata) comunemente conosciuta come Mano di Concordia o Mano del Buon Dio \u00e8 una curiosit\u00e0 botanica da sempre impiegata,\" \/>\n<meta property=\"og:url\" content=\"https:\/\/ilcrogiuolo.it\/it\/p\/mano-di-concordia-concordia\/\" \/>\n<meta property=\"og:site_name\" content=\"Il Crogiuolo\" \/>\n<meta property=\"article:publisher\" content=\"https:\/\/www.facebook.com\/Il-Crogiuolo-681876418491758\" \/>\n<meta property=\"article:modified_time\" content=\"2020-12-10T14:51:44+00:00\" \/>\n<meta property=\"og:image\" content=\"https:\/\/ilcrogiuolo.it\/wp-content\/uploads\/2020\/01\/manodiconcordia_1055945.jpg\" \/>\n\t<meta property=\"og:image:width\" content=\"627\" \/>\n\t<meta property=\"og:image:height\" content=\"600\" \/>\n\t<meta property=\"og:image:type\" content=\"image\/jpeg\" \/>\n<meta name=\"twitter:card\" content=\"summary_large_image\" \/>\n<meta name=\"twitter:label1\" content=\"Tempo di lettura stimato\" \/>\n\t<meta name=\"twitter:data1\" content=\"2 minuti\" \/>\n<script type=\"application\/ld+json\" class=\"yoast-schema-graph\">{\"@context\":\"https:\/\/schema.org\",\"@graph\":[{\"@type\":\"WebPage\",\"@id\":\"https:\/\/ilcrogiuolo.it\/it\/p\/mano-di-concordia-concordia\/\",\"url\":\"https:\/\/ilcrogiuolo.it\/it\/p\/mano-di-concordia-concordia\/\",\"name\":\"Mano di concordia - Concordia - Il Crogiuolo\",\"isPartOf\":{\"@id\":\"https:\/\/ilcrogiuolo.it\/it\/#website\"},\"primaryImageOfPage\":{\"@id\":\"https:\/\/ilcrogiuolo.it\/it\/p\/mano-di-concordia-concordia\/#primaryimage\"},\"image\":{\"@id\":\"https:\/\/ilcrogiuolo.it\/it\/p\/mano-di-concordia-concordia\/#primaryimage\"},\"thumbnailUrl\":\"https:\/\/ilcrogiuolo.it\/wp-content\/uploads\/2020\/01\/manodiconcordia_1055945.jpg\",\"datePublished\":\"2020-01-14T16:15:48+00:00\",\"dateModified\":\"2020-12-10T14:51:44+00:00\",\"description\":\"Mano di concordia - Concordia La radice di Concordia (Orchis Maculata) comunemente conosciuta come Mano di Concordia o Mano del Buon Dio \u00e8 una curiosit\u00e0 botanica da sempre impiegata,\",\"breadcrumb\":{\"@id\":\"https:\/\/ilcrogiuolo.it\/it\/p\/mano-di-concordia-concordia\/#breadcrumb\"},\"inLanguage\":\"it-IT\",\"potentialAction\":[{\"@type\":\"ReadAction\",\"target\":[\"https:\/\/ilcrogiuolo.it\/it\/p\/mano-di-concordia-concordia\/\"]}]},{\"@type\":\"ImageObject\",\"inLanguage\":\"it-IT\",\"@id\":\"https:\/\/ilcrogiuolo.it\/it\/p\/mano-di-concordia-concordia\/#primaryimage\",\"url\":\"https:\/\/ilcrogiuolo.it\/wp-content\/uploads\/2020\/01\/manodiconcordia_1055945.jpg\",\"contentUrl\":\"https:\/\/ilcrogiuolo.it\/wp-content\/uploads\/2020\/01\/manodiconcordia_1055945.jpg\",\"width\":627,\"height\":600},{\"@type\":\"BreadcrumbList\",\"@id\":\"https:\/\/ilcrogiuolo.it\/it\/p\/mano-di-concordia-concordia\/#breadcrumb\",\"itemListElement\":[{\"@type\":\"ListItem\",\"position\":1,\"name\":\"Home\",\"item\":\"https:\/\/ilcrogiuolo.it\/it\/\"},{\"@type\":\"ListItem\",\"position\":2,\"name\":\"Shop\",\"item\":\"https:\/\/ilcrogiuolo.it\/it\/negozio\/\"},{\"@type\":\"ListItem\",\"position\":3,\"name\":\"Mano di concordia &#8211; Concordia\"}]},{\"@type\":\"WebSite\",\"@id\":\"https:\/\/ilcrogiuolo.it\/it\/#website\",\"url\":\"https:\/\/ilcrogiuolo.it\/it\/\",\"name\":\"Il Crogiuolo\",\"description\":\"\",\"publisher\":{\"@id\":\"https:\/\/ilcrogiuolo.it\/it\/#organization\"},\"potentialAction\":[{\"@type\":\"SearchAction\",\"target\":{\"@type\":\"EntryPoint\",\"urlTemplate\":\"https:\/\/ilcrogiuolo.it\/it\/?s={search_term_string}\"},\"query-input\":{\"@type\":\"PropertyValueSpecification\",\"valueRequired\":true,\"valueName\":\"search_term_string\"}}],\"inLanguage\":\"it-IT\"},{\"@type\":\"Organization\",\"@id\":\"https:\/\/ilcrogiuolo.it\/it\/#organization\",\"name\":\"Il Crogiuolo\",\"url\":\"https:\/\/ilcrogiuolo.it\/it\/\",\"logo\":{\"@type\":\"ImageObject\",\"inLanguage\":\"it-IT\",\"@id\":\"https:\/\/ilcrogiuolo.it\/it\/#\/schema\/logo\/image\/\",\"url\":\"https:\/\/ilcrogiuolo.it\/wp-content\/uploads\/2020\/04\/logo.png\",\"contentUrl\":\"https:\/\/ilcrogiuolo.it\/wp-content\/uploads\/2020\/04\/logo.png\",\"width\":200,\"height\":49,\"caption\":\"Il Crogiuolo\"},\"image\":{\"@id\":\"https:\/\/ilcrogiuolo.it\/it\/#\/schema\/logo\/image\/\"},\"sameAs\":[\"https:\/\/www.facebook.com\/Il-Crogiuolo-681876418491758\"]}]}<\/script>\n<!-- \/ Yoast SEO plugin. -->","yoast_head_json":{"title":"Mano di concordia - Concordia - Il Crogiuolo","description":"Mano di concordia - Concordia La radice di Concordia (Orchis Maculata) comunemente conosciuta come Mano di Concordia o Mano del Buon Dio \u00e8 una curiosit\u00e0 botanica da sempre impiegata,","robots":{"index":"index","follow":"follow","max-snippet":"max-snippet:-1","max-image-preview":"max-image-preview:large","max-video-preview":"max-video-preview:-1"},"canonical":"https:\/\/ilcrogiuolo.it\/it\/p\/mano-di-concordia-concordia\/","og_locale":"it_IT","og_type":"article","og_title":"Mano di concordia - Concordia - Il Crogiuolo","og_description":"Mano di concordia - Concordia La radice di Concordia (Orchis Maculata) comunemente conosciuta come Mano di Concordia o Mano del Buon Dio \u00e8 una curiosit\u00e0 botanica da sempre impiegata,","og_url":"https:\/\/ilcrogiuolo.it\/it\/p\/mano-di-concordia-concordia\/","og_site_name":"Il Crogiuolo","article_publisher":"https:\/\/www.facebook.com\/Il-Crogiuolo-681876418491758","article_modified_time":"2020-12-10T14:51:44+00:00","og_image":[{"width":627,"height":600,"url":"https:\/\/ilcrogiuolo.it\/wp-content\/uploads\/2020\/01\/manodiconcordia_1055945.jpg","type":"image\/jpeg"}],"twitter_card":"summary_large_image","twitter_misc":{"Tempo di lettura stimato":"2 minuti"},"schema":{"@context":"https:\/\/schema.org","@graph":[{"@type":"WebPage","@id":"https:\/\/ilcrogiuolo.it\/it\/p\/mano-di-concordia-concordia\/","url":"https:\/\/ilcrogiuolo.it\/it\/p\/mano-di-concordia-concordia\/","name":"Mano di concordia - Concordia - Il Crogiuolo","isPartOf":{"@id":"https:\/\/ilcrogiuolo.it\/it\/#website"},"primaryImageOfPage":{"@id":"https:\/\/ilcrogiuolo.it\/it\/p\/mano-di-concordia-concordia\/#primaryimage"},"image":{"@id":"https:\/\/ilcrogiuolo.it\/it\/p\/mano-di-concordia-concordia\/#primaryimage"},"thumbnailUrl":"https:\/\/ilcrogiuolo.it\/wp-content\/uploads\/2020\/01\/manodiconcordia_1055945.jpg","datePublished":"2020-01-14T16:15:48+00:00","dateModified":"2020-12-10T14:51:44+00:00","description":"Mano di concordia - Concordia La radice di Concordia (Orchis Maculata) comunemente conosciuta come Mano di Concordia o Mano del Buon Dio \u00e8 una curiosit\u00e0 botanica da sempre impiegata,","breadcrumb":{"@id":"https:\/\/ilcrogiuolo.it\/it\/p\/mano-di-concordia-concordia\/#breadcrumb"},"inLanguage":"it-IT","potentialAction":[{"@type":"ReadAction","target":["https:\/\/ilcrogiuolo.it\/it\/p\/mano-di-concordia-concordia\/"]}]},{"@type":"ImageObject","inLanguage":"it-IT","@id":"https:\/\/ilcrogiuolo.it\/it\/p\/mano-di-concordia-concordia\/#primaryimage","url":"https:\/\/ilcrogiuolo.it\/wp-content\/uploads\/2020\/01\/manodiconcordia_1055945.jpg","contentUrl":"https:\/\/ilcrogiuolo.it\/wp-content\/uploads\/2020\/01\/manodiconcordia_1055945.jpg","width":627,"height":600},{"@type":"BreadcrumbList","@id":"https:\/\/ilcrogiuolo.it\/it\/p\/mano-di-concordia-concordia\/#breadcrumb","itemListElement":[{"@type":"ListItem","position":1,"name":"Home","item":"https:\/\/ilcrogiuolo.it\/it\/"},{"@type":"ListItem","position":2,"name":"Shop","item":"https:\/\/ilcrogiuolo.it\/it\/negozio\/"},{"@type":"ListItem","position":3,"name":"Mano di concordia &#8211; Concordia"}]},{"@type":"WebSite","@id":"https:\/\/ilcrogiuolo.it\/it\/#website","url":"https:\/\/ilcrogiuolo.it\/it\/","name":"Il Crogiuolo","description":"","publisher":{"@id":"https:\/\/ilcrogiuolo.it\/it\/#organization"},"potentialAction":[{"@type":"SearchAction","target":{"@type":"EntryPoint","urlTemplate":"https:\/\/ilcrogiuolo.it\/it\/?s={search_term_string}"},"query-input":{"@type":"PropertyValueSpecification","valueRequired":true,"valueName":"search_term_string"}}],"inLanguage":"it-IT"},{"@type":"Organization","@id":"https:\/\/ilcrogiuolo.it\/it\/#organization","name":"Il Crogiuolo","url":"https:\/\/ilcrogiuolo.it\/it\/","logo":{"@type":"ImageObject","inLanguage":"it-IT","@id":"https:\/\/ilcrogiuolo.it\/it\/#\/schema\/logo\/image\/","url":"https:\/\/ilcrogiuolo.it\/wp-content\/uploads\/2020\/04\/logo.png","contentUrl":"https:\/\/ilcrogiuolo.it\/wp-content\/uploads\/2020\/04\/logo.png","width":200,"height":49,"caption":"Il Crogiuolo"},"image":{"@id":"https:\/\/ilcrogiuolo.it\/it\/#\/schema\/logo\/image\/"},"sameAs":["https:\/\/www.facebook.com\/Il-Crogiuolo-681876418491758"]}]}},"_links":{"self":[{"href":"https:\/\/ilcrogiuolo.it\/it\/wp-json\/wp\/v2\/product\/7755","targetHints":{"allow":["GET"]}}],"collection":[{"href":"https:\/\/ilcrogiuolo.it\/it\/wp-json\/wp\/v2\/product"}],"about":[{"href":"https:\/\/ilcrogiuolo.it\/it\/wp-json\/wp\/v2\/types\/product"}],"wp:featuredmedia":[{"embeddable":true,"href":"https:\/\/ilcrogiuolo.it\/it\/wp-json\/wp\/v2\/media\/7756"}],"wp:attachment":[{"href":"https:\/\/ilcrogiuolo.it\/it\/wp-json\/wp\/v2\/media?parent=7755"}],"wp:term":[{"taxonomy":"product_brand","embeddable":true,"href":"https:\/\/ilcrogiuolo.it\/it\/wp-json\/wp\/v2\/product_brand?post=7755"},{"taxonomy":"product_cat","embeddable":true,"href":"https:\/\/ilcrogiuolo.it\/it\/wp-json\/wp\/v2\/product_cat?post=7755"},{"taxonomy":"product_tag","embeddable":true,"href":"https:\/\/ilcrogiuolo.it\/it\/wp-json\/wp\/v2\/product_tag?post=7755"}],"curies":[{"name":"wp","href":"https:\/\/api.w.org\/{rel}","templated":true}]}}