{"id":7722,"date":"2020-01-14T17:15:41","date_gmt":"2020-01-14T16:15:41","guid":{"rendered":"https:\/\/ilcrogiuolo.it\/p\/collezione-minilibro-misterios-versione-ebook\/"},"modified":"2024-09-25T10:41:46","modified_gmt":"2024-09-25T08:41:46","slug":"collezione-minilibro-misterios-versione-ebook","status":"publish","type":"product","link":"https:\/\/ilcrogiuolo.it\/it\/p\/collezione-minilibro-misterios-versione-ebook\/","title":{"rendered":"COLLEZIONE MINILIBRO MISTERIOS ********VERSIONE EBOOK********"},"content":{"rendered":"<p>La parola vud\u00f9 \u00e8 uno di quei termini che maggiormente stuzzicano la fantasia delle persone e produce nella mente delle persone immagini di zombi, bambole trafitte da spilli, magia nera. Cinema e tv hanno ricamato su queste tematiche al punto da distorcere completamente una tradizione religiosa che non ha a a che vedere con la stregoneria come siamo abituati a concepirla. In realt\u00e0 si tratta della pi\u00f9 antica religiosit\u00e0 del mondo. La parola vud\u00f9 viene dalla lingua fon e significa spirito ma va intesa nella santeria dominicana come spirito che permea l\u2019intero universo della presenza del Dio unico e creatore Papa Bondy\u00e9 (Pap\u00e0 Buon Dio). Esistono in primo luogo diverse tradizioni di vud\u00f9. Queste, pur avendo una matrice comune, l\u2019Africa, ed affinit\u00e0, sono in realt\u00e0 molto diverse, nei miti, nella ritualit\u00e0, nelle pratiche, nella concezione metafisica e negli spiriti cultuati. Persino il modo di concepire le entit\u00e0 varia da un luogo all\u2019altro. \u00c8 un po\u2019 come parlare di Cristianesimo, troviamo il cattolicesimo romano, il cristianesimo protestante, le sette evangeliche\u2026 tutti hanno in comune la figura di Ges\u00f9 Cristo, ma ciascuna la interpreta differentemente in ragione di personaggi illuminati che hanno fondato una \u201cnuova\u201d religiosit\u00e0, o in ragione di motivazioni politiche che hanno spinto una particolare Chiesa, \u00e8 il caso di quella anglicana ai tempi di Enrico VIII, a staccarsi dalla madre chiesa di Roma. Il vud\u00f9 africano delle origini \u00e8 ancora praticato in Africa, in Togo e Benin, ma \u00e8 profondamente differente dai vari tipi di vud\u00f9 che troviamo nella diaspora. Il vud\u00f9 haitiano \u00e8 sicuramente quello pi\u00f9 conosciuto. Viene chiamato 21 nachons (21 nazioni) perch\u00e9 le divinit\u00e0 vengono cultuate in base al luogo di provenienza originario secondo specifiche modalit\u00e0. Ruota attorno alla struttura del\u2019hounfor (tempio) ciascuno dei quali retto da un sacerdote o una sacerdotessa (houngan e mambo). \u00c8 estremamente complesso nella ritualistica ed elaborato nelle pratiche. Si arriva al sacerdozio solo dopo molti sacrifici, fisici ed economici, ed occorrono anni per riuscire a completare il ciclo iniziatico che lo caratterizza. Il vud\u00f9 di New Orleans deriva da quello haitiano ed ha un\u2019impronta profondamente magica. In rapporto a quello haitiano \u00e8 semplificato, si cultuano meno divinit\u00e0 ed anche la ritualistica risulta meno complessa e strutturata. Il vud\u00f9 di Puertorico \u00e8 chiamato Sanse ed \u00e8 una sorta di spiritismo di Umbanda associato ai lw\u00e0, mentre il vud\u00f9 dominicano, quello di cui ci occuperemo in questo testo si distingue per il forte ricorso al sincretismo e per le modalit\u00e0 di culto.<\/p>\n","protected":false},"excerpt":{"rendered":"<p>La parola vud\u00f9 \u00e8 uno di quei termini che maggiormente stuzzicano la fantasia delle persone e produce nella mente delle&#8230;<\/p>\n","protected":false},"featured_media":7723,"template":"","meta":{"_acf_changed":false},"product_brand":[],"product_cat":[1091,1398,1060],"product_tag":[],"class_list":{"0":"post-7722","1":"product","2":"type-product","3":"status-publish","4":"has-post-thumbnail","6":"product_cat-libreria-esoterica-ebook","7":"product_cat-collezione-minilibri-ebook","8":"product_cat-libreria-esoterica","10":"first","11":"instock","12":"downloadable","13":"virtual","14":"taxable","15":"purchasable","16":"product-type-simple","17":"add-to-wishlist-before_image"},"acf":[],"yoast_head":"<!-- This site is optimized with the Yoast SEO plugin v26.9 - https:\/\/yoast.com\/product\/yoast-seo-wordpress\/ -->\n<title>COLLEZIONE MINILIBRO MISTERIOS ********VERSIONE EBOOK******** - Il Crogiuolo<\/title>\n<meta name=\"description\" content=\"COLLEZIONE MINILIBRO MISTERIOS ********VERSIONE EBOOK******** La parola vud\u00f9 \u00e8 uno di quei termini che maggiormente stuzzicano la fantasia delle persone e produce nella mente delle persone immagini di zombi, bambole\" \/>\n<meta name=\"robots\" content=\"index, follow, max-snippet:-1, max-image-preview:large, max-video-preview:-1\" \/>\n<link rel=\"canonical\" href=\"https:\/\/ilcrogiuolo.it\/it\/p\/collezione-minilibro-misterios-versione-ebook\/\" \/>\n<meta property=\"og:locale\" content=\"it_IT\" \/>\n<meta property=\"og:type\" content=\"article\" \/>\n<meta property=\"og:title\" content=\"COLLEZIONE MINILIBRO MISTERIOS ********VERSIONE EBOOK******** - Il Crogiuolo\" \/>\n<meta property=\"og:description\" content=\"COLLEZIONE MINILIBRO MISTERIOS ********VERSIONE EBOOK******** La parola vud\u00f9 \u00e8 uno di quei termini che maggiormente stuzzicano la fantasia delle persone e produce nella mente delle persone immagini di zombi, bambole\" \/>\n<meta property=\"og:url\" content=\"https:\/\/ilcrogiuolo.it\/it\/p\/collezione-minilibro-misterios-versione-ebook\/\" \/>\n<meta property=\"og:site_name\" content=\"Il Crogiuolo\" \/>\n<meta property=\"article:publisher\" content=\"https:\/\/www.facebook.com\/Il-Crogiuolo-681876418491758\" \/>\n<meta property=\"article:modified_time\" content=\"2024-09-25T08:41:46+00:00\" \/>\n<meta property=\"og:image\" content=\"https:\/\/ilcrogiuolo.it\/wp-content\/uploads\/2020\/01\/misterios21division_4897206.jpg\" \/>\n\t<meta property=\"og:image:width\" content=\"627\" \/>\n\t<meta property=\"og:image:height\" content=\"600\" \/>\n\t<meta property=\"og:image:type\" content=\"image\/jpeg\" \/>\n<meta name=\"twitter:card\" content=\"summary_large_image\" \/>\n<meta name=\"twitter:label1\" content=\"Tempo di lettura stimato\" \/>\n\t<meta name=\"twitter:data1\" content=\"2 minuti\" \/>\n<script type=\"application\/ld+json\" class=\"yoast-schema-graph\">{\"@context\":\"https:\/\/schema.org\",\"@graph\":[{\"@type\":\"WebPage\",\"@id\":\"https:\/\/ilcrogiuolo.it\/it\/p\/collezione-minilibro-misterios-versione-ebook\/\",\"url\":\"https:\/\/ilcrogiuolo.it\/it\/p\/collezione-minilibro-misterios-versione-ebook\/\",\"name\":\"COLLEZIONE MINILIBRO MISTERIOS ********VERSIONE EBOOK******** - Il Crogiuolo\",\"isPartOf\":{\"@id\":\"https:\/\/ilcrogiuolo.it\/it\/#website\"},\"primaryImageOfPage\":{\"@id\":\"https:\/\/ilcrogiuolo.it\/it\/p\/collezione-minilibro-misterios-versione-ebook\/#primaryimage\"},\"image\":{\"@id\":\"https:\/\/ilcrogiuolo.it\/it\/p\/collezione-minilibro-misterios-versione-ebook\/#primaryimage\"},\"thumbnailUrl\":\"https:\/\/ilcrogiuolo.it\/wp-content\/uploads\/2020\/01\/misterios21division_4897206.jpg\",\"datePublished\":\"2020-01-14T16:15:41+00:00\",\"dateModified\":\"2024-09-25T08:41:46+00:00\",\"description\":\"COLLEZIONE MINILIBRO MISTERIOS ********VERSIONE EBOOK******** La parola vud\u00f9 \u00e8 uno di quei termini che maggiormente stuzzicano la fantasia delle persone e produce nella mente delle persone immagini di zombi, bambole\",\"breadcrumb\":{\"@id\":\"https:\/\/ilcrogiuolo.it\/it\/p\/collezione-minilibro-misterios-versione-ebook\/#breadcrumb\"},\"inLanguage\":\"it-IT\",\"potentialAction\":[{\"@type\":\"ReadAction\",\"target\":[\"https:\/\/ilcrogiuolo.it\/it\/p\/collezione-minilibro-misterios-versione-ebook\/\"]}]},{\"@type\":\"ImageObject\",\"inLanguage\":\"it-IT\",\"@id\":\"https:\/\/ilcrogiuolo.it\/it\/p\/collezione-minilibro-misterios-versione-ebook\/#primaryimage\",\"url\":\"https:\/\/ilcrogiuolo.it\/wp-content\/uploads\/2020\/01\/misterios21division_4897206.jpg\",\"contentUrl\":\"https:\/\/ilcrogiuolo.it\/wp-content\/uploads\/2020\/01\/misterios21division_4897206.jpg\",\"width\":627,\"height\":600},{\"@type\":\"BreadcrumbList\",\"@id\":\"https:\/\/ilcrogiuolo.it\/it\/p\/collezione-minilibro-misterios-versione-ebook\/#breadcrumb\",\"itemListElement\":[{\"@type\":\"ListItem\",\"position\":1,\"name\":\"Home\",\"item\":\"https:\/\/ilcrogiuolo.it\/it\/\"},{\"@type\":\"ListItem\",\"position\":2,\"name\":\"Shop\",\"item\":\"https:\/\/ilcrogiuolo.it\/it\/negozio\/\"},{\"@type\":\"ListItem\",\"position\":3,\"name\":\"COLLEZIONE MINILIBRO MISTERIOS ********VERSIONE EBOOK********\"}]},{\"@type\":\"WebSite\",\"@id\":\"https:\/\/ilcrogiuolo.it\/it\/#website\",\"url\":\"https:\/\/ilcrogiuolo.it\/it\/\",\"name\":\"Il Crogiuolo\",\"description\":\"\",\"publisher\":{\"@id\":\"https:\/\/ilcrogiuolo.it\/it\/#organization\"},\"potentialAction\":[{\"@type\":\"SearchAction\",\"target\":{\"@type\":\"EntryPoint\",\"urlTemplate\":\"https:\/\/ilcrogiuolo.it\/it\/?s={search_term_string}\"},\"query-input\":{\"@type\":\"PropertyValueSpecification\",\"valueRequired\":true,\"valueName\":\"search_term_string\"}}],\"inLanguage\":\"it-IT\"},{\"@type\":\"Organization\",\"@id\":\"https:\/\/ilcrogiuolo.it\/it\/#organization\",\"name\":\"Il Crogiuolo\",\"url\":\"https:\/\/ilcrogiuolo.it\/it\/\",\"logo\":{\"@type\":\"ImageObject\",\"inLanguage\":\"it-IT\",\"@id\":\"https:\/\/ilcrogiuolo.it\/it\/#\/schema\/logo\/image\/\",\"url\":\"https:\/\/ilcrogiuolo.it\/wp-content\/uploads\/2020\/04\/logo.png\",\"contentUrl\":\"https:\/\/ilcrogiuolo.it\/wp-content\/uploads\/2020\/04\/logo.png\",\"width\":200,\"height\":49,\"caption\":\"Il Crogiuolo\"},\"image\":{\"@id\":\"https:\/\/ilcrogiuolo.it\/it\/#\/schema\/logo\/image\/\"},\"sameAs\":[\"https:\/\/www.facebook.com\/Il-Crogiuolo-681876418491758\"]}]}<\/script>\n<!-- \/ Yoast SEO plugin. -->","yoast_head_json":{"title":"COLLEZIONE MINILIBRO MISTERIOS ********VERSIONE EBOOK******** - Il Crogiuolo","description":"COLLEZIONE MINILIBRO MISTERIOS ********VERSIONE EBOOK******** La parola vud\u00f9 \u00e8 uno di quei termini che maggiormente stuzzicano la fantasia delle persone e produce nella mente delle persone immagini di zombi, bambole","robots":{"index":"index","follow":"follow","max-snippet":"max-snippet:-1","max-image-preview":"max-image-preview:large","max-video-preview":"max-video-preview:-1"},"canonical":"https:\/\/ilcrogiuolo.it\/it\/p\/collezione-minilibro-misterios-versione-ebook\/","og_locale":"it_IT","og_type":"article","og_title":"COLLEZIONE MINILIBRO MISTERIOS ********VERSIONE EBOOK******** - Il Crogiuolo","og_description":"COLLEZIONE MINILIBRO MISTERIOS ********VERSIONE EBOOK******** La parola vud\u00f9 \u00e8 uno di quei termini che maggiormente stuzzicano la fantasia delle persone e produce nella mente delle persone immagini di zombi, bambole","og_url":"https:\/\/ilcrogiuolo.it\/it\/p\/collezione-minilibro-misterios-versione-ebook\/","og_site_name":"Il Crogiuolo","article_publisher":"https:\/\/www.facebook.com\/Il-Crogiuolo-681876418491758","article_modified_time":"2024-09-25T08:41:46+00:00","og_image":[{"width":627,"height":600,"url":"https:\/\/ilcrogiuolo.it\/wp-content\/uploads\/2020\/01\/misterios21division_4897206.jpg","type":"image\/jpeg"}],"twitter_card":"summary_large_image","twitter_misc":{"Tempo di lettura stimato":"2 minuti"},"schema":{"@context":"https:\/\/schema.org","@graph":[{"@type":"WebPage","@id":"https:\/\/ilcrogiuolo.it\/it\/p\/collezione-minilibro-misterios-versione-ebook\/","url":"https:\/\/ilcrogiuolo.it\/it\/p\/collezione-minilibro-misterios-versione-ebook\/","name":"COLLEZIONE MINILIBRO MISTERIOS ********VERSIONE EBOOK******** - Il Crogiuolo","isPartOf":{"@id":"https:\/\/ilcrogiuolo.it\/it\/#website"},"primaryImageOfPage":{"@id":"https:\/\/ilcrogiuolo.it\/it\/p\/collezione-minilibro-misterios-versione-ebook\/#primaryimage"},"image":{"@id":"https:\/\/ilcrogiuolo.it\/it\/p\/collezione-minilibro-misterios-versione-ebook\/#primaryimage"},"thumbnailUrl":"https:\/\/ilcrogiuolo.it\/wp-content\/uploads\/2020\/01\/misterios21division_4897206.jpg","datePublished":"2020-01-14T16:15:41+00:00","dateModified":"2024-09-25T08:41:46+00:00","description":"COLLEZIONE MINILIBRO MISTERIOS ********VERSIONE EBOOK******** La parola vud\u00f9 \u00e8 uno di quei termini che maggiormente stuzzicano la fantasia delle persone e produce nella mente delle persone immagini di zombi, bambole","breadcrumb":{"@id":"https:\/\/ilcrogiuolo.it\/it\/p\/collezione-minilibro-misterios-versione-ebook\/#breadcrumb"},"inLanguage":"it-IT","potentialAction":[{"@type":"ReadAction","target":["https:\/\/ilcrogiuolo.it\/it\/p\/collezione-minilibro-misterios-versione-ebook\/"]}]},{"@type":"ImageObject","inLanguage":"it-IT","@id":"https:\/\/ilcrogiuolo.it\/it\/p\/collezione-minilibro-misterios-versione-ebook\/#primaryimage","url":"https:\/\/ilcrogiuolo.it\/wp-content\/uploads\/2020\/01\/misterios21division_4897206.jpg","contentUrl":"https:\/\/ilcrogiuolo.it\/wp-content\/uploads\/2020\/01\/misterios21division_4897206.jpg","width":627,"height":600},{"@type":"BreadcrumbList","@id":"https:\/\/ilcrogiuolo.it\/it\/p\/collezione-minilibro-misterios-versione-ebook\/#breadcrumb","itemListElement":[{"@type":"ListItem","position":1,"name":"Home","item":"https:\/\/ilcrogiuolo.it\/it\/"},{"@type":"ListItem","position":2,"name":"Shop","item":"https:\/\/ilcrogiuolo.it\/it\/negozio\/"},{"@type":"ListItem","position":3,"name":"COLLEZIONE MINILIBRO MISTERIOS ********VERSIONE EBOOK********"}]},{"@type":"WebSite","@id":"https:\/\/ilcrogiuolo.it\/it\/#website","url":"https:\/\/ilcrogiuolo.it\/it\/","name":"Il Crogiuolo","description":"","publisher":{"@id":"https:\/\/ilcrogiuolo.it\/it\/#organization"},"potentialAction":[{"@type":"SearchAction","target":{"@type":"EntryPoint","urlTemplate":"https:\/\/ilcrogiuolo.it\/it\/?s={search_term_string}"},"query-input":{"@type":"PropertyValueSpecification","valueRequired":true,"valueName":"search_term_string"}}],"inLanguage":"it-IT"},{"@type":"Organization","@id":"https:\/\/ilcrogiuolo.it\/it\/#organization","name":"Il Crogiuolo","url":"https:\/\/ilcrogiuolo.it\/it\/","logo":{"@type":"ImageObject","inLanguage":"it-IT","@id":"https:\/\/ilcrogiuolo.it\/it\/#\/schema\/logo\/image\/","url":"https:\/\/ilcrogiuolo.it\/wp-content\/uploads\/2020\/04\/logo.png","contentUrl":"https:\/\/ilcrogiuolo.it\/wp-content\/uploads\/2020\/04\/logo.png","width":200,"height":49,"caption":"Il Crogiuolo"},"image":{"@id":"https:\/\/ilcrogiuolo.it\/it\/#\/schema\/logo\/image\/"},"sameAs":["https:\/\/www.facebook.com\/Il-Crogiuolo-681876418491758"]}]}},"_links":{"self":[{"href":"https:\/\/ilcrogiuolo.it\/it\/wp-json\/wp\/v2\/product\/7722","targetHints":{"allow":["GET"]}}],"collection":[{"href":"https:\/\/ilcrogiuolo.it\/it\/wp-json\/wp\/v2\/product"}],"about":[{"href":"https:\/\/ilcrogiuolo.it\/it\/wp-json\/wp\/v2\/types\/product"}],"wp:featuredmedia":[{"embeddable":true,"href":"https:\/\/ilcrogiuolo.it\/it\/wp-json\/wp\/v2\/media\/7723"}],"wp:attachment":[{"href":"https:\/\/ilcrogiuolo.it\/it\/wp-json\/wp\/v2\/media?parent=7722"}],"wp:term":[{"taxonomy":"product_brand","embeddable":true,"href":"https:\/\/ilcrogiuolo.it\/it\/wp-json\/wp\/v2\/product_brand?post=7722"},{"taxonomy":"product_cat","embeddable":true,"href":"https:\/\/ilcrogiuolo.it\/it\/wp-json\/wp\/v2\/product_cat?post=7722"},{"taxonomy":"product_tag","embeddable":true,"href":"https:\/\/ilcrogiuolo.it\/it\/wp-json\/wp\/v2\/product_tag?post=7722"}],"curies":[{"name":"wp","href":"https:\/\/api.w.org\/{rel}","templated":true}]}}