{"id":7682,"date":"2020-01-14T17:15:35","date_gmt":"2020-01-14T16:15:35","guid":{"rendered":"https:\/\/ilcrogiuolo.it\/p\/il-martello-della-strega\/"},"modified":"2020-01-31T12:56:08","modified_gmt":"2020-01-31T11:56:08","slug":"il-martello-della-strega","status":"publish","type":"product","link":"https:\/\/ilcrogiuolo.it\/it\/p\/il-martello-della-strega\/","title":{"rendered":"IL MARTELLO DELLA STREGA"},"content":{"rendered":"<p>Diversamente dal quattrocentesco e fumoso \u2013 a causa di tutti i roghi che ha legittimato \u2013 Malleus maleficarum, questo Martello del secondo millennio, che non scatener\u00e0 alcun autodaf\u00e9, presenta un compendio di quanto una moderna strega, ossequiosa comunque della tradizione, deve conoscere. Simile ad un fabbro, con lavorio costante e instancabile essa forgia piano piano la sua &#8220;opera magica&#8221;, trasformandola da idealit\u00e0 astratta in realt\u00e0 concreta. Ecco quindi dipanarsi nei capitoli di questo vademecum incantesimi, sortilegi, strumenti di stregoneria, pentacoli, filtri magici e ogni tipo di suggerimento pratico sperimentato personalmente dall&#8217;Autrice. Gabiele La Porta, direttore del palinsesto notturno della RAI, cos\u00ec descrive questa nuova opera di Annuphys: &#8220;Tre parole chiave per questo libro. La prima: scrittura. \u00c8 scorrevole, limpido, avvincente. La seconda: vita. Non c&#8217;\u00e8 quasi a in queste pagine, che non provenga dalla vita vissuta dell&#8217;Autrice, che non sia passato al vaglio sottile e preciso della sua esperienza personale. La terza: concretezza. Perch\u00e9 la magia che qui viene descritta non \u00e8 un volo astratto della mente, ma la solida, faticosa, paziente costruzione di una realt\u00e0. Un viaggio vertiginoso e leggero alla scoperta di un \u2018regno misterioso e infinito\u2019. Insomma, un volo-sogno negli incanti&#8221;.<\/p>\n","protected":false},"excerpt":{"rendered":"<p>Diversamente dal quattrocentesco e fumoso \u2013 a causa di tutti i roghi che ha legittimato \u2013 Malleus maleficarum, questo Martello&#8230;<\/p>\n","protected":false},"featured_media":7683,"template":"","meta":{"_acf_changed":false},"product_brand":[],"product_cat":[1077,1425,1060],"product_tag":[],"class_list":{"0":"post-7682","1":"product","2":"type-product","3":"status-publish","4":"has-post-thumbnail","6":"product_cat-libreria-esoterica-libreria-esoterica","7":"product_cat-edizioni-hermes","8":"product_cat-libreria-esoterica","10":"first","11":"outofstock","12":"taxable","13":"shipping-taxable","14":"purchasable","15":"product-type-simple","16":"add-to-wishlist-before_image"},"acf":[],"yoast_head":"<!-- This site is optimized with the Yoast SEO plugin v26.9 - https:\/\/yoast.com\/product\/yoast-seo-wordpress\/ -->\n<title>IL MARTELLO DELLA STREGA - Il Crogiuolo<\/title>\n<meta name=\"description\" content=\"IL MARTELLO DELLA STREGA Diversamente dal quattrocentesco e fumoso \u2013 a causa di tutti i roghi che ha legittimato \u2013 Malleus maleficarum, questo Martello del secondo millennio, che\" \/>\n<meta name=\"robots\" content=\"index, follow, max-snippet:-1, max-image-preview:large, max-video-preview:-1\" \/>\n<link rel=\"canonical\" href=\"https:\/\/ilcrogiuolo.it\/it\/p\/il-martello-della-strega\/\" \/>\n<meta property=\"og:locale\" content=\"it_IT\" \/>\n<meta property=\"og:type\" content=\"article\" \/>\n<meta property=\"og:title\" content=\"IL MARTELLO DELLA STREGA - Il Crogiuolo\" \/>\n<meta property=\"og:description\" content=\"IL MARTELLO DELLA STREGA Diversamente dal quattrocentesco e fumoso \u2013 a causa di tutti i roghi che ha legittimato \u2013 Malleus maleficarum, questo Martello del secondo millennio, che\" \/>\n<meta property=\"og:url\" content=\"https:\/\/ilcrogiuolo.it\/it\/p\/il-martello-della-strega\/\" \/>\n<meta property=\"og:site_name\" content=\"Il Crogiuolo\" \/>\n<meta property=\"article:publisher\" content=\"https:\/\/www.facebook.com\/Il-Crogiuolo-681876418491758\" \/>\n<meta property=\"article:modified_time\" content=\"2020-01-31T11:56:08+00:00\" \/>\n<meta property=\"og:image\" content=\"https:\/\/ilcrogiuolo.it\/wp-content\/uploads\/2020\/01\/martellodellastrega_8951195.jpg\" \/>\n\t<meta property=\"og:image:width\" content=\"627\" \/>\n\t<meta property=\"og:image:height\" content=\"600\" \/>\n\t<meta property=\"og:image:type\" content=\"image\/jpeg\" \/>\n<meta name=\"twitter:card\" content=\"summary_large_image\" \/>\n<meta name=\"twitter:label1\" content=\"Tempo di lettura stimato\" \/>\n\t<meta name=\"twitter:data1\" content=\"1 minuto\" \/>\n<script type=\"application\/ld+json\" class=\"yoast-schema-graph\">{\"@context\":\"https:\/\/schema.org\",\"@graph\":[{\"@type\":\"WebPage\",\"@id\":\"https:\/\/ilcrogiuolo.it\/it\/p\/il-martello-della-strega\/\",\"url\":\"https:\/\/ilcrogiuolo.it\/it\/p\/il-martello-della-strega\/\",\"name\":\"IL MARTELLO DELLA STREGA - Il Crogiuolo\",\"isPartOf\":{\"@id\":\"https:\/\/ilcrogiuolo.it\/it\/#website\"},\"primaryImageOfPage\":{\"@id\":\"https:\/\/ilcrogiuolo.it\/it\/p\/il-martello-della-strega\/#primaryimage\"},\"image\":{\"@id\":\"https:\/\/ilcrogiuolo.it\/it\/p\/il-martello-della-strega\/#primaryimage\"},\"thumbnailUrl\":\"https:\/\/ilcrogiuolo.it\/wp-content\/uploads\/2020\/01\/martellodellastrega_8951195.jpg\",\"datePublished\":\"2020-01-14T16:15:35+00:00\",\"dateModified\":\"2020-01-31T11:56:08+00:00\",\"description\":\"IL MARTELLO DELLA STREGA Diversamente dal quattrocentesco e fumoso \u2013 a causa di tutti i roghi che ha legittimato \u2013 Malleus maleficarum, questo Martello del secondo millennio, che\",\"breadcrumb\":{\"@id\":\"https:\/\/ilcrogiuolo.it\/it\/p\/il-martello-della-strega\/#breadcrumb\"},\"inLanguage\":\"it-IT\",\"potentialAction\":[{\"@type\":\"ReadAction\",\"target\":[\"https:\/\/ilcrogiuolo.it\/it\/p\/il-martello-della-strega\/\"]}]},{\"@type\":\"ImageObject\",\"inLanguage\":\"it-IT\",\"@id\":\"https:\/\/ilcrogiuolo.it\/it\/p\/il-martello-della-strega\/#primaryimage\",\"url\":\"https:\/\/ilcrogiuolo.it\/wp-content\/uploads\/2020\/01\/martellodellastrega_8951195.jpg\",\"contentUrl\":\"https:\/\/ilcrogiuolo.it\/wp-content\/uploads\/2020\/01\/martellodellastrega_8951195.jpg\",\"width\":627,\"height\":600},{\"@type\":\"BreadcrumbList\",\"@id\":\"https:\/\/ilcrogiuolo.it\/it\/p\/il-martello-della-strega\/#breadcrumb\",\"itemListElement\":[{\"@type\":\"ListItem\",\"position\":1,\"name\":\"Home\",\"item\":\"https:\/\/ilcrogiuolo.it\/it\/\"},{\"@type\":\"ListItem\",\"position\":2,\"name\":\"Shop\",\"item\":\"https:\/\/ilcrogiuolo.it\/it\/negozio\/\"},{\"@type\":\"ListItem\",\"position\":3,\"name\":\"IL MARTELLO DELLA STREGA\"}]},{\"@type\":\"WebSite\",\"@id\":\"https:\/\/ilcrogiuolo.it\/it\/#website\",\"url\":\"https:\/\/ilcrogiuolo.it\/it\/\",\"name\":\"Il Crogiuolo\",\"description\":\"\",\"publisher\":{\"@id\":\"https:\/\/ilcrogiuolo.it\/it\/#organization\"},\"potentialAction\":[{\"@type\":\"SearchAction\",\"target\":{\"@type\":\"EntryPoint\",\"urlTemplate\":\"https:\/\/ilcrogiuolo.it\/it\/?s={search_term_string}\"},\"query-input\":{\"@type\":\"PropertyValueSpecification\",\"valueRequired\":true,\"valueName\":\"search_term_string\"}}],\"inLanguage\":\"it-IT\"},{\"@type\":\"Organization\",\"@id\":\"https:\/\/ilcrogiuolo.it\/it\/#organization\",\"name\":\"Il Crogiuolo\",\"url\":\"https:\/\/ilcrogiuolo.it\/it\/\",\"logo\":{\"@type\":\"ImageObject\",\"inLanguage\":\"it-IT\",\"@id\":\"https:\/\/ilcrogiuolo.it\/it\/#\/schema\/logo\/image\/\",\"url\":\"https:\/\/ilcrogiuolo.it\/wp-content\/uploads\/2020\/04\/logo.png\",\"contentUrl\":\"https:\/\/ilcrogiuolo.it\/wp-content\/uploads\/2020\/04\/logo.png\",\"width\":200,\"height\":49,\"caption\":\"Il Crogiuolo\"},\"image\":{\"@id\":\"https:\/\/ilcrogiuolo.it\/it\/#\/schema\/logo\/image\/\"},\"sameAs\":[\"https:\/\/www.facebook.com\/Il-Crogiuolo-681876418491758\"]}]}<\/script>\n<!-- \/ Yoast SEO plugin. -->","yoast_head_json":{"title":"IL MARTELLO DELLA STREGA - Il Crogiuolo","description":"IL MARTELLO DELLA STREGA Diversamente dal quattrocentesco e fumoso \u2013 a causa di tutti i roghi che ha legittimato \u2013 Malleus maleficarum, questo Martello del secondo millennio, che","robots":{"index":"index","follow":"follow","max-snippet":"max-snippet:-1","max-image-preview":"max-image-preview:large","max-video-preview":"max-video-preview:-1"},"canonical":"https:\/\/ilcrogiuolo.it\/it\/p\/il-martello-della-strega\/","og_locale":"it_IT","og_type":"article","og_title":"IL MARTELLO DELLA STREGA - Il Crogiuolo","og_description":"IL MARTELLO DELLA STREGA Diversamente dal quattrocentesco e fumoso \u2013 a causa di tutti i roghi che ha legittimato \u2013 Malleus maleficarum, questo Martello del secondo millennio, che","og_url":"https:\/\/ilcrogiuolo.it\/it\/p\/il-martello-della-strega\/","og_site_name":"Il Crogiuolo","article_publisher":"https:\/\/www.facebook.com\/Il-Crogiuolo-681876418491758","article_modified_time":"2020-01-31T11:56:08+00:00","og_image":[{"width":627,"height":600,"url":"https:\/\/ilcrogiuolo.it\/wp-content\/uploads\/2020\/01\/martellodellastrega_8951195.jpg","type":"image\/jpeg"}],"twitter_card":"summary_large_image","twitter_misc":{"Tempo di lettura stimato":"1 minuto"},"schema":{"@context":"https:\/\/schema.org","@graph":[{"@type":"WebPage","@id":"https:\/\/ilcrogiuolo.it\/it\/p\/il-martello-della-strega\/","url":"https:\/\/ilcrogiuolo.it\/it\/p\/il-martello-della-strega\/","name":"IL MARTELLO DELLA STREGA - Il Crogiuolo","isPartOf":{"@id":"https:\/\/ilcrogiuolo.it\/it\/#website"},"primaryImageOfPage":{"@id":"https:\/\/ilcrogiuolo.it\/it\/p\/il-martello-della-strega\/#primaryimage"},"image":{"@id":"https:\/\/ilcrogiuolo.it\/it\/p\/il-martello-della-strega\/#primaryimage"},"thumbnailUrl":"https:\/\/ilcrogiuolo.it\/wp-content\/uploads\/2020\/01\/martellodellastrega_8951195.jpg","datePublished":"2020-01-14T16:15:35+00:00","dateModified":"2020-01-31T11:56:08+00:00","description":"IL MARTELLO DELLA STREGA Diversamente dal quattrocentesco e fumoso \u2013 a causa di tutti i roghi che ha legittimato \u2013 Malleus maleficarum, questo Martello del secondo millennio, che","breadcrumb":{"@id":"https:\/\/ilcrogiuolo.it\/it\/p\/il-martello-della-strega\/#breadcrumb"},"inLanguage":"it-IT","potentialAction":[{"@type":"ReadAction","target":["https:\/\/ilcrogiuolo.it\/it\/p\/il-martello-della-strega\/"]}]},{"@type":"ImageObject","inLanguage":"it-IT","@id":"https:\/\/ilcrogiuolo.it\/it\/p\/il-martello-della-strega\/#primaryimage","url":"https:\/\/ilcrogiuolo.it\/wp-content\/uploads\/2020\/01\/martellodellastrega_8951195.jpg","contentUrl":"https:\/\/ilcrogiuolo.it\/wp-content\/uploads\/2020\/01\/martellodellastrega_8951195.jpg","width":627,"height":600},{"@type":"BreadcrumbList","@id":"https:\/\/ilcrogiuolo.it\/it\/p\/il-martello-della-strega\/#breadcrumb","itemListElement":[{"@type":"ListItem","position":1,"name":"Home","item":"https:\/\/ilcrogiuolo.it\/it\/"},{"@type":"ListItem","position":2,"name":"Shop","item":"https:\/\/ilcrogiuolo.it\/it\/negozio\/"},{"@type":"ListItem","position":3,"name":"IL MARTELLO DELLA STREGA"}]},{"@type":"WebSite","@id":"https:\/\/ilcrogiuolo.it\/it\/#website","url":"https:\/\/ilcrogiuolo.it\/it\/","name":"Il Crogiuolo","description":"","publisher":{"@id":"https:\/\/ilcrogiuolo.it\/it\/#organization"},"potentialAction":[{"@type":"SearchAction","target":{"@type":"EntryPoint","urlTemplate":"https:\/\/ilcrogiuolo.it\/it\/?s={search_term_string}"},"query-input":{"@type":"PropertyValueSpecification","valueRequired":true,"valueName":"search_term_string"}}],"inLanguage":"it-IT"},{"@type":"Organization","@id":"https:\/\/ilcrogiuolo.it\/it\/#organization","name":"Il Crogiuolo","url":"https:\/\/ilcrogiuolo.it\/it\/","logo":{"@type":"ImageObject","inLanguage":"it-IT","@id":"https:\/\/ilcrogiuolo.it\/it\/#\/schema\/logo\/image\/","url":"https:\/\/ilcrogiuolo.it\/wp-content\/uploads\/2020\/04\/logo.png","contentUrl":"https:\/\/ilcrogiuolo.it\/wp-content\/uploads\/2020\/04\/logo.png","width":200,"height":49,"caption":"Il Crogiuolo"},"image":{"@id":"https:\/\/ilcrogiuolo.it\/it\/#\/schema\/logo\/image\/"},"sameAs":["https:\/\/www.facebook.com\/Il-Crogiuolo-681876418491758"]}]}},"_links":{"self":[{"href":"https:\/\/ilcrogiuolo.it\/it\/wp-json\/wp\/v2\/product\/7682","targetHints":{"allow":["GET"]}}],"collection":[{"href":"https:\/\/ilcrogiuolo.it\/it\/wp-json\/wp\/v2\/product"}],"about":[{"href":"https:\/\/ilcrogiuolo.it\/it\/wp-json\/wp\/v2\/types\/product"}],"wp:featuredmedia":[{"embeddable":true,"href":"https:\/\/ilcrogiuolo.it\/it\/wp-json\/wp\/v2\/media\/7683"}],"wp:attachment":[{"href":"https:\/\/ilcrogiuolo.it\/it\/wp-json\/wp\/v2\/media?parent=7682"}],"wp:term":[{"taxonomy":"product_brand","embeddable":true,"href":"https:\/\/ilcrogiuolo.it\/it\/wp-json\/wp\/v2\/product_brand?post=7682"},{"taxonomy":"product_cat","embeddable":true,"href":"https:\/\/ilcrogiuolo.it\/it\/wp-json\/wp\/v2\/product_cat?post=7682"},{"taxonomy":"product_tag","embeddable":true,"href":"https:\/\/ilcrogiuolo.it\/it\/wp-json\/wp\/v2\/product_tag?post=7682"}],"curies":[{"name":"wp","href":"https:\/\/api.w.org\/{rel}","templated":true}]}}