{"id":7623,"date":"2020-01-14T17:15:29","date_gmt":"2020-01-14T16:15:29","guid":{"rendered":"https:\/\/ilcrogiuolo.it\/p\/lapprendista-mago\/"},"modified":"2024-01-26T16:24:49","modified_gmt":"2024-01-26T15:24:49","slug":"lapprendista-mago","status":"publish","type":"product","link":"https:\/\/ilcrogiuolo.it\/it\/p\/lapprendista-mago\/","title":{"rendered":"L&#8217;APPRENDISTA MAGO"},"content":{"rendered":"<p>La Via della Realizzazione Magica. Sotto forma di una raccolta di insegnamenti di un Maestro al suo discepolo, questo manuale di iniziazione all&#8217;Alta Magia conduce gradatamente il lettore dall&#8217;acquisizione di una &#8220;personalit\u00e0 integrata&#8221; fino all&#8217;ingresso nell&#8217;Ordine Magico, la cosiddetta &#8220;realizzazione&#8221;. Butler \u00e8 uno dei pi\u00f9 noti ed eruditi Adepti del nostro secolo, ed \u00e8 in grado di esporre nel modo pi\u00f9 corretto e dettagliato i passi fondamentali dell&#8217;apprendistato alla Magia, evidenziando pericoli ed errori in cui \u00e8 possibile incorrere. La via qui indicata passa prevalentemente attraverso le tecniche delal tradizione occidentale, non tralasciando, per\u00f2, di servirsi di &#8220;metodi di addestramento&#8221; orientali, come alcuni tipi di meditazione, e il controllo della respirazione. Pagina dopo pagina, l&#8217;Autore indica e spiega (nelle cause e negli effetti) la Via dell&#8217;evoluzione: dai primi semplici esercizi di autodisciplina e visualizzazione, alla meditazione sull&#8217;Albero della Vita Cabalistico, alla Proiezione Astrale, ai Rituali e Cerimoniali in uso presso gli ordini magici. La preparazione graduale e paziente, l&#8217;umilt\u00e0 e il rispetto dell&#8217;assioma magico &#8220;Conosci, vuoi, osa e taci&#8221; sono la base fondamentale su cui l&#8217;Apprendista Mago, guidato da questo esperto Maestro, deve costruire il proprio cammino verso la luce.<\/p>\n","protected":false},"excerpt":{"rendered":"<p>La Via della Realizzazione Magica. Sotto forma di una raccolta di insegnamenti di un Maestro al suo discepolo, questo manuale&#8230;<\/p>\n","protected":false},"featured_media":7624,"template":"","meta":{"_acf_changed":false},"product_brand":[],"product_cat":[1077,1425,1060],"product_tag":[],"class_list":{"0":"post-7623","1":"product","2":"type-product","3":"status-publish","4":"has-post-thumbnail","6":"product_cat-libreria-esoterica-libreria-esoterica","7":"product_cat-edizioni-hermes","8":"product_cat-libreria-esoterica","10":"first","11":"instock","12":"taxable","13":"shipping-taxable","14":"purchasable","15":"product-type-simple","16":"add-to-wishlist-before_image"},"acf":[],"yoast_head":"<!-- This site is optimized with the Yoast SEO plugin v26.9 - https:\/\/yoast.com\/product\/yoast-seo-wordpress\/ -->\n<title>L&#039;APPRENDISTA MAGO - Il Crogiuolo<\/title>\n<meta name=\"description\" content=\"L&#039;APPRENDISTA MAGO La Via della Realizzazione Magica. Sotto forma di una raccolta di insegnamenti di un Maestro al suo discepolo, questo manuale di iniziazione all&#039;Alta\" \/>\n<meta name=\"robots\" content=\"index, follow, max-snippet:-1, max-image-preview:large, max-video-preview:-1\" \/>\n<link rel=\"canonical\" href=\"https:\/\/ilcrogiuolo.it\/it\/p\/lapprendista-mago\/\" \/>\n<meta property=\"og:locale\" content=\"it_IT\" \/>\n<meta property=\"og:type\" content=\"article\" \/>\n<meta property=\"og:title\" content=\"L&#039;APPRENDISTA MAGO - Il Crogiuolo\" \/>\n<meta property=\"og:description\" content=\"L&#039;APPRENDISTA MAGO La Via della Realizzazione Magica. Sotto forma di una raccolta di insegnamenti di un Maestro al suo discepolo, questo manuale di iniziazione all&#039;Alta\" \/>\n<meta property=\"og:url\" content=\"https:\/\/ilcrogiuolo.it\/it\/p\/lapprendista-mago\/\" \/>\n<meta property=\"og:site_name\" content=\"Il Crogiuolo\" \/>\n<meta property=\"article:publisher\" content=\"https:\/\/www.facebook.com\/Il-Crogiuolo-681876418491758\" \/>\n<meta property=\"article:modified_time\" content=\"2024-01-26T15:24:49+00:00\" \/>\n<meta property=\"og:image\" content=\"https:\/\/ilcrogiuolo.it\/wp-content\/uploads\/2020\/01\/apprendistamago_9583851.jpg\" \/>\n\t<meta property=\"og:image:width\" content=\"627\" \/>\n\t<meta property=\"og:image:height\" content=\"600\" \/>\n\t<meta property=\"og:image:type\" content=\"image\/jpeg\" \/>\n<meta name=\"twitter:card\" content=\"summary_large_image\" \/>\n<meta name=\"twitter:label1\" content=\"Tempo di lettura stimato\" \/>\n\t<meta name=\"twitter:data1\" content=\"2 minuti\" \/>\n<script type=\"application\/ld+json\" class=\"yoast-schema-graph\">{\"@context\":\"https:\/\/schema.org\",\"@graph\":[{\"@type\":\"WebPage\",\"@id\":\"https:\/\/ilcrogiuolo.it\/it\/p\/lapprendista-mago\/\",\"url\":\"https:\/\/ilcrogiuolo.it\/it\/p\/lapprendista-mago\/\",\"name\":\"L'APPRENDISTA MAGO - Il Crogiuolo\",\"isPartOf\":{\"@id\":\"https:\/\/ilcrogiuolo.it\/it\/#website\"},\"primaryImageOfPage\":{\"@id\":\"https:\/\/ilcrogiuolo.it\/it\/p\/lapprendista-mago\/#primaryimage\"},\"image\":{\"@id\":\"https:\/\/ilcrogiuolo.it\/it\/p\/lapprendista-mago\/#primaryimage\"},\"thumbnailUrl\":\"https:\/\/ilcrogiuolo.it\/wp-content\/uploads\/2020\/01\/apprendistamago_9583851.jpg\",\"datePublished\":\"2020-01-14T16:15:29+00:00\",\"dateModified\":\"2024-01-26T15:24:49+00:00\",\"description\":\"L'APPRENDISTA MAGO La Via della Realizzazione Magica. Sotto forma di una raccolta di insegnamenti di un Maestro al suo discepolo, questo manuale di iniziazione all'Alta\",\"breadcrumb\":{\"@id\":\"https:\/\/ilcrogiuolo.it\/it\/p\/lapprendista-mago\/#breadcrumb\"},\"inLanguage\":\"it-IT\",\"potentialAction\":[{\"@type\":\"ReadAction\",\"target\":[\"https:\/\/ilcrogiuolo.it\/it\/p\/lapprendista-mago\/\"]}]},{\"@type\":\"ImageObject\",\"inLanguage\":\"it-IT\",\"@id\":\"https:\/\/ilcrogiuolo.it\/it\/p\/lapprendista-mago\/#primaryimage\",\"url\":\"https:\/\/ilcrogiuolo.it\/wp-content\/uploads\/2020\/01\/apprendistamago_9583851.jpg\",\"contentUrl\":\"https:\/\/ilcrogiuolo.it\/wp-content\/uploads\/2020\/01\/apprendistamago_9583851.jpg\",\"width\":627,\"height\":600},{\"@type\":\"BreadcrumbList\",\"@id\":\"https:\/\/ilcrogiuolo.it\/it\/p\/lapprendista-mago\/#breadcrumb\",\"itemListElement\":[{\"@type\":\"ListItem\",\"position\":1,\"name\":\"Home\",\"item\":\"https:\/\/ilcrogiuolo.it\/it\/\"},{\"@type\":\"ListItem\",\"position\":2,\"name\":\"Shop\",\"item\":\"https:\/\/ilcrogiuolo.it\/it\/negozio\/\"},{\"@type\":\"ListItem\",\"position\":3,\"name\":\"L&#8217;APPRENDISTA MAGO\"}]},{\"@type\":\"WebSite\",\"@id\":\"https:\/\/ilcrogiuolo.it\/it\/#website\",\"url\":\"https:\/\/ilcrogiuolo.it\/it\/\",\"name\":\"Il Crogiuolo\",\"description\":\"\",\"publisher\":{\"@id\":\"https:\/\/ilcrogiuolo.it\/it\/#organization\"},\"potentialAction\":[{\"@type\":\"SearchAction\",\"target\":{\"@type\":\"EntryPoint\",\"urlTemplate\":\"https:\/\/ilcrogiuolo.it\/it\/?s={search_term_string}\"},\"query-input\":{\"@type\":\"PropertyValueSpecification\",\"valueRequired\":true,\"valueName\":\"search_term_string\"}}],\"inLanguage\":\"it-IT\"},{\"@type\":\"Organization\",\"@id\":\"https:\/\/ilcrogiuolo.it\/it\/#organization\",\"name\":\"Il Crogiuolo\",\"url\":\"https:\/\/ilcrogiuolo.it\/it\/\",\"logo\":{\"@type\":\"ImageObject\",\"inLanguage\":\"it-IT\",\"@id\":\"https:\/\/ilcrogiuolo.it\/it\/#\/schema\/logo\/image\/\",\"url\":\"https:\/\/ilcrogiuolo.it\/wp-content\/uploads\/2020\/04\/logo.png\",\"contentUrl\":\"https:\/\/ilcrogiuolo.it\/wp-content\/uploads\/2020\/04\/logo.png\",\"width\":200,\"height\":49,\"caption\":\"Il Crogiuolo\"},\"image\":{\"@id\":\"https:\/\/ilcrogiuolo.it\/it\/#\/schema\/logo\/image\/\"},\"sameAs\":[\"https:\/\/www.facebook.com\/Il-Crogiuolo-681876418491758\"]}]}<\/script>\n<!-- \/ Yoast SEO plugin. -->","yoast_head_json":{"title":"L'APPRENDISTA MAGO - Il Crogiuolo","description":"L'APPRENDISTA MAGO La Via della Realizzazione Magica. Sotto forma di una raccolta di insegnamenti di un Maestro al suo discepolo, questo manuale di iniziazione all'Alta","robots":{"index":"index","follow":"follow","max-snippet":"max-snippet:-1","max-image-preview":"max-image-preview:large","max-video-preview":"max-video-preview:-1"},"canonical":"https:\/\/ilcrogiuolo.it\/it\/p\/lapprendista-mago\/","og_locale":"it_IT","og_type":"article","og_title":"L'APPRENDISTA MAGO - Il Crogiuolo","og_description":"L'APPRENDISTA MAGO La Via della Realizzazione Magica. Sotto forma di una raccolta di insegnamenti di un Maestro al suo discepolo, questo manuale di iniziazione all'Alta","og_url":"https:\/\/ilcrogiuolo.it\/it\/p\/lapprendista-mago\/","og_site_name":"Il Crogiuolo","article_publisher":"https:\/\/www.facebook.com\/Il-Crogiuolo-681876418491758","article_modified_time":"2024-01-26T15:24:49+00:00","og_image":[{"width":627,"height":600,"url":"https:\/\/ilcrogiuolo.it\/wp-content\/uploads\/2020\/01\/apprendistamago_9583851.jpg","type":"image\/jpeg"}],"twitter_card":"summary_large_image","twitter_misc":{"Tempo di lettura stimato":"2 minuti"},"schema":{"@context":"https:\/\/schema.org","@graph":[{"@type":"WebPage","@id":"https:\/\/ilcrogiuolo.it\/it\/p\/lapprendista-mago\/","url":"https:\/\/ilcrogiuolo.it\/it\/p\/lapprendista-mago\/","name":"L'APPRENDISTA MAGO - Il Crogiuolo","isPartOf":{"@id":"https:\/\/ilcrogiuolo.it\/it\/#website"},"primaryImageOfPage":{"@id":"https:\/\/ilcrogiuolo.it\/it\/p\/lapprendista-mago\/#primaryimage"},"image":{"@id":"https:\/\/ilcrogiuolo.it\/it\/p\/lapprendista-mago\/#primaryimage"},"thumbnailUrl":"https:\/\/ilcrogiuolo.it\/wp-content\/uploads\/2020\/01\/apprendistamago_9583851.jpg","datePublished":"2020-01-14T16:15:29+00:00","dateModified":"2024-01-26T15:24:49+00:00","description":"L'APPRENDISTA MAGO La Via della Realizzazione Magica. Sotto forma di una raccolta di insegnamenti di un Maestro al suo discepolo, questo manuale di iniziazione all'Alta","breadcrumb":{"@id":"https:\/\/ilcrogiuolo.it\/it\/p\/lapprendista-mago\/#breadcrumb"},"inLanguage":"it-IT","potentialAction":[{"@type":"ReadAction","target":["https:\/\/ilcrogiuolo.it\/it\/p\/lapprendista-mago\/"]}]},{"@type":"ImageObject","inLanguage":"it-IT","@id":"https:\/\/ilcrogiuolo.it\/it\/p\/lapprendista-mago\/#primaryimage","url":"https:\/\/ilcrogiuolo.it\/wp-content\/uploads\/2020\/01\/apprendistamago_9583851.jpg","contentUrl":"https:\/\/ilcrogiuolo.it\/wp-content\/uploads\/2020\/01\/apprendistamago_9583851.jpg","width":627,"height":600},{"@type":"BreadcrumbList","@id":"https:\/\/ilcrogiuolo.it\/it\/p\/lapprendista-mago\/#breadcrumb","itemListElement":[{"@type":"ListItem","position":1,"name":"Home","item":"https:\/\/ilcrogiuolo.it\/it\/"},{"@type":"ListItem","position":2,"name":"Shop","item":"https:\/\/ilcrogiuolo.it\/it\/negozio\/"},{"@type":"ListItem","position":3,"name":"L&#8217;APPRENDISTA MAGO"}]},{"@type":"WebSite","@id":"https:\/\/ilcrogiuolo.it\/it\/#website","url":"https:\/\/ilcrogiuolo.it\/it\/","name":"Il Crogiuolo","description":"","publisher":{"@id":"https:\/\/ilcrogiuolo.it\/it\/#organization"},"potentialAction":[{"@type":"SearchAction","target":{"@type":"EntryPoint","urlTemplate":"https:\/\/ilcrogiuolo.it\/it\/?s={search_term_string}"},"query-input":{"@type":"PropertyValueSpecification","valueRequired":true,"valueName":"search_term_string"}}],"inLanguage":"it-IT"},{"@type":"Organization","@id":"https:\/\/ilcrogiuolo.it\/it\/#organization","name":"Il Crogiuolo","url":"https:\/\/ilcrogiuolo.it\/it\/","logo":{"@type":"ImageObject","inLanguage":"it-IT","@id":"https:\/\/ilcrogiuolo.it\/it\/#\/schema\/logo\/image\/","url":"https:\/\/ilcrogiuolo.it\/wp-content\/uploads\/2020\/04\/logo.png","contentUrl":"https:\/\/ilcrogiuolo.it\/wp-content\/uploads\/2020\/04\/logo.png","width":200,"height":49,"caption":"Il Crogiuolo"},"image":{"@id":"https:\/\/ilcrogiuolo.it\/it\/#\/schema\/logo\/image\/"},"sameAs":["https:\/\/www.facebook.com\/Il-Crogiuolo-681876418491758"]}]}},"_links":{"self":[{"href":"https:\/\/ilcrogiuolo.it\/it\/wp-json\/wp\/v2\/product\/7623","targetHints":{"allow":["GET"]}}],"collection":[{"href":"https:\/\/ilcrogiuolo.it\/it\/wp-json\/wp\/v2\/product"}],"about":[{"href":"https:\/\/ilcrogiuolo.it\/it\/wp-json\/wp\/v2\/types\/product"}],"wp:featuredmedia":[{"embeddable":true,"href":"https:\/\/ilcrogiuolo.it\/it\/wp-json\/wp\/v2\/media\/7624"}],"wp:attachment":[{"href":"https:\/\/ilcrogiuolo.it\/it\/wp-json\/wp\/v2\/media?parent=7623"}],"wp:term":[{"taxonomy":"product_brand","embeddable":true,"href":"https:\/\/ilcrogiuolo.it\/it\/wp-json\/wp\/v2\/product_brand?post=7623"},{"taxonomy":"product_cat","embeddable":true,"href":"https:\/\/ilcrogiuolo.it\/it\/wp-json\/wp\/v2\/product_cat?post=7623"},{"taxonomy":"product_tag","embeddable":true,"href":"https:\/\/ilcrogiuolo.it\/it\/wp-json\/wp\/v2\/product_tag?post=7623"}],"curies":[{"name":"wp","href":"https:\/\/api.w.org\/{rel}","templated":true}]}}