{"id":7593,"date":"2020-01-14T17:15:29","date_gmt":"2020-01-14T16:15:29","guid":{"rendered":"https:\/\/ilcrogiuolo.it\/p\/il-vostro-talismano-personale\/"},"modified":"2020-12-16T13:33:37","modified_gmt":"2020-12-16T12:33:37","slug":"il-vostro-talismano-personale","status":"publish","type":"product","link":"https:\/\/ilcrogiuolo.it\/it\/p\/il-vostro-talismano-personale\/","title":{"rendered":"IL VOSTRO TALISMANO PERSONALE"},"content":{"rendered":"<p>Molte energie sconosciute hanno un ruolo nella nostra vita, sia esso positivo o negativo. Non siamo sempre in grado di far fronte agli influssi provenienti dall&#8217;esterno; e neppure sappiamo esattamente come utilizzare e aumentare al massimo le nostre energie. Un talismano pu\u00f2 rinforzare la nostra energia individuale. Noud van den Eerenbeemt vi aiuta, in questo volumetto, a trovare il talismano pi\u00f9 adatto a voi. Ciascuno deve costruire il proprio schema. Fatto ci\u00f2, potr\u00e0 cercare il materiale adatto (metallo o altro) ed i simboli che gli sono propri. In tal modo, si potr\u00e0 capire ci\u00f2 che di volta in volta ci sar\u00e0 di aiuto. Ognuno pu\u00f2 preparare da s\u00e9 il proprio talismano, portando alla luce le proprie reali possibilit\u00e0, scoprendo le proprie capacit\u00e0 e rendendo ottimale la propria fortuna nella vita. Noud van den Eerembeemt aiuta in questo libro a penetrare il proprio &#8220;io&#8221; e a trovare la propria identit\u00e0 per mezzo del proprio talismano.<\/p>\n","protected":false},"excerpt":{"rendered":"<p>Molte energie sconosciute hanno un ruolo nella nostra vita, sia esso positivo o negativo. Non siamo sempre in grado di&#8230;<\/p>\n","protected":false},"featured_media":7594,"template":"","meta":{"_acf_changed":false},"product_brand":[],"product_cat":[1077,1425,1060],"product_tag":[],"class_list":{"0":"post-7593","1":"product","2":"type-product","3":"status-publish","4":"has-post-thumbnail","6":"product_cat-libreria-esoterica-libreria-esoterica","7":"product_cat-edizioni-hermes","8":"product_cat-libreria-esoterica","10":"first","11":"outofstock","12":"taxable","13":"shipping-taxable","14":"purchasable","15":"product-type-simple","16":"add-to-wishlist-before_image"},"acf":[],"yoast_head":"<!-- This site is optimized with the Yoast SEO plugin v26.9 - https:\/\/yoast.com\/product\/yoast-seo-wordpress\/ -->\n<title>IL VOSTRO TALISMANO PERSONALE - Il Crogiuolo<\/title>\n<meta name=\"description\" content=\"IL VOSTRO TALISMANO PERSONALE Molte energie sconosciute hanno un ruolo nella nostra vita, sia esso positivo o negativo. Non siamo sempre in grado di far fronte agli influssi\" \/>\n<meta name=\"robots\" content=\"index, follow, max-snippet:-1, max-image-preview:large, max-video-preview:-1\" \/>\n<link rel=\"canonical\" href=\"https:\/\/ilcrogiuolo.it\/it\/p\/il-vostro-talismano-personale\/\" \/>\n<meta property=\"og:locale\" content=\"it_IT\" \/>\n<meta property=\"og:type\" content=\"article\" \/>\n<meta property=\"og:title\" content=\"IL VOSTRO TALISMANO PERSONALE - Il Crogiuolo\" \/>\n<meta property=\"og:description\" content=\"IL VOSTRO TALISMANO PERSONALE Molte energie sconosciute hanno un ruolo nella nostra vita, sia esso positivo o negativo. Non siamo sempre in grado di far fronte agli influssi\" \/>\n<meta property=\"og:url\" content=\"https:\/\/ilcrogiuolo.it\/it\/p\/il-vostro-talismano-personale\/\" \/>\n<meta property=\"og:site_name\" content=\"Il Crogiuolo\" \/>\n<meta property=\"article:publisher\" content=\"https:\/\/www.facebook.com\/Il-Crogiuolo-681876418491758\" \/>\n<meta property=\"article:modified_time\" content=\"2020-12-16T12:33:37+00:00\" \/>\n<meta property=\"og:image\" content=\"https:\/\/ilcrogiuolo.it\/wp-content\/uploads\/2020\/01\/vostrotalismanopersonale_5550053.jpg\" \/>\n\t<meta property=\"og:image:width\" content=\"627\" \/>\n\t<meta property=\"og:image:height\" content=\"600\" \/>\n\t<meta property=\"og:image:type\" content=\"image\/jpeg\" \/>\n<meta name=\"twitter:card\" content=\"summary_large_image\" \/>\n<meta name=\"twitter:label1\" content=\"Tempo di lettura stimato\" \/>\n\t<meta name=\"twitter:data1\" content=\"1 minuto\" \/>\n<script type=\"application\/ld+json\" class=\"yoast-schema-graph\">{\"@context\":\"https:\/\/schema.org\",\"@graph\":[{\"@type\":\"WebPage\",\"@id\":\"https:\/\/ilcrogiuolo.it\/it\/p\/il-vostro-talismano-personale\/\",\"url\":\"https:\/\/ilcrogiuolo.it\/it\/p\/il-vostro-talismano-personale\/\",\"name\":\"IL VOSTRO TALISMANO PERSONALE - Il Crogiuolo\",\"isPartOf\":{\"@id\":\"https:\/\/ilcrogiuolo.it\/it\/#website\"},\"primaryImageOfPage\":{\"@id\":\"https:\/\/ilcrogiuolo.it\/it\/p\/il-vostro-talismano-personale\/#primaryimage\"},\"image\":{\"@id\":\"https:\/\/ilcrogiuolo.it\/it\/p\/il-vostro-talismano-personale\/#primaryimage\"},\"thumbnailUrl\":\"https:\/\/ilcrogiuolo.it\/wp-content\/uploads\/2020\/01\/vostrotalismanopersonale_5550053.jpg\",\"datePublished\":\"2020-01-14T16:15:29+00:00\",\"dateModified\":\"2020-12-16T12:33:37+00:00\",\"description\":\"IL VOSTRO TALISMANO PERSONALE Molte energie sconosciute hanno un ruolo nella nostra vita, sia esso positivo o negativo. Non siamo sempre in grado di far fronte agli influssi\",\"breadcrumb\":{\"@id\":\"https:\/\/ilcrogiuolo.it\/it\/p\/il-vostro-talismano-personale\/#breadcrumb\"},\"inLanguage\":\"it-IT\",\"potentialAction\":[{\"@type\":\"ReadAction\",\"target\":[\"https:\/\/ilcrogiuolo.it\/it\/p\/il-vostro-talismano-personale\/\"]}]},{\"@type\":\"ImageObject\",\"inLanguage\":\"it-IT\",\"@id\":\"https:\/\/ilcrogiuolo.it\/it\/p\/il-vostro-talismano-personale\/#primaryimage\",\"url\":\"https:\/\/ilcrogiuolo.it\/wp-content\/uploads\/2020\/01\/vostrotalismanopersonale_5550053.jpg\",\"contentUrl\":\"https:\/\/ilcrogiuolo.it\/wp-content\/uploads\/2020\/01\/vostrotalismanopersonale_5550053.jpg\",\"width\":627,\"height\":600},{\"@type\":\"BreadcrumbList\",\"@id\":\"https:\/\/ilcrogiuolo.it\/it\/p\/il-vostro-talismano-personale\/#breadcrumb\",\"itemListElement\":[{\"@type\":\"ListItem\",\"position\":1,\"name\":\"Home\",\"item\":\"https:\/\/ilcrogiuolo.it\/it\/\"},{\"@type\":\"ListItem\",\"position\":2,\"name\":\"Shop\",\"item\":\"https:\/\/ilcrogiuolo.it\/it\/negozio\/\"},{\"@type\":\"ListItem\",\"position\":3,\"name\":\"IL VOSTRO TALISMANO PERSONALE\"}]},{\"@type\":\"WebSite\",\"@id\":\"https:\/\/ilcrogiuolo.it\/it\/#website\",\"url\":\"https:\/\/ilcrogiuolo.it\/it\/\",\"name\":\"Il Crogiuolo\",\"description\":\"\",\"publisher\":{\"@id\":\"https:\/\/ilcrogiuolo.it\/it\/#organization\"},\"potentialAction\":[{\"@type\":\"SearchAction\",\"target\":{\"@type\":\"EntryPoint\",\"urlTemplate\":\"https:\/\/ilcrogiuolo.it\/it\/?s={search_term_string}\"},\"query-input\":{\"@type\":\"PropertyValueSpecification\",\"valueRequired\":true,\"valueName\":\"search_term_string\"}}],\"inLanguage\":\"it-IT\"},{\"@type\":\"Organization\",\"@id\":\"https:\/\/ilcrogiuolo.it\/it\/#organization\",\"name\":\"Il Crogiuolo\",\"url\":\"https:\/\/ilcrogiuolo.it\/it\/\",\"logo\":{\"@type\":\"ImageObject\",\"inLanguage\":\"it-IT\",\"@id\":\"https:\/\/ilcrogiuolo.it\/it\/#\/schema\/logo\/image\/\",\"url\":\"https:\/\/ilcrogiuolo.it\/wp-content\/uploads\/2020\/04\/logo.png\",\"contentUrl\":\"https:\/\/ilcrogiuolo.it\/wp-content\/uploads\/2020\/04\/logo.png\",\"width\":200,\"height\":49,\"caption\":\"Il Crogiuolo\"},\"image\":{\"@id\":\"https:\/\/ilcrogiuolo.it\/it\/#\/schema\/logo\/image\/\"},\"sameAs\":[\"https:\/\/www.facebook.com\/Il-Crogiuolo-681876418491758\"]}]}<\/script>\n<!-- \/ Yoast SEO plugin. -->","yoast_head_json":{"title":"IL VOSTRO TALISMANO PERSONALE - Il Crogiuolo","description":"IL VOSTRO TALISMANO PERSONALE Molte energie sconosciute hanno un ruolo nella nostra vita, sia esso positivo o negativo. Non siamo sempre in grado di far fronte agli influssi","robots":{"index":"index","follow":"follow","max-snippet":"max-snippet:-1","max-image-preview":"max-image-preview:large","max-video-preview":"max-video-preview:-1"},"canonical":"https:\/\/ilcrogiuolo.it\/it\/p\/il-vostro-talismano-personale\/","og_locale":"it_IT","og_type":"article","og_title":"IL VOSTRO TALISMANO PERSONALE - Il Crogiuolo","og_description":"IL VOSTRO TALISMANO PERSONALE Molte energie sconosciute hanno un ruolo nella nostra vita, sia esso positivo o negativo. Non siamo sempre in grado di far fronte agli influssi","og_url":"https:\/\/ilcrogiuolo.it\/it\/p\/il-vostro-talismano-personale\/","og_site_name":"Il Crogiuolo","article_publisher":"https:\/\/www.facebook.com\/Il-Crogiuolo-681876418491758","article_modified_time":"2020-12-16T12:33:37+00:00","og_image":[{"width":627,"height":600,"url":"https:\/\/ilcrogiuolo.it\/wp-content\/uploads\/2020\/01\/vostrotalismanopersonale_5550053.jpg","type":"image\/jpeg"}],"twitter_card":"summary_large_image","twitter_misc":{"Tempo di lettura stimato":"1 minuto"},"schema":{"@context":"https:\/\/schema.org","@graph":[{"@type":"WebPage","@id":"https:\/\/ilcrogiuolo.it\/it\/p\/il-vostro-talismano-personale\/","url":"https:\/\/ilcrogiuolo.it\/it\/p\/il-vostro-talismano-personale\/","name":"IL VOSTRO TALISMANO PERSONALE - Il Crogiuolo","isPartOf":{"@id":"https:\/\/ilcrogiuolo.it\/it\/#website"},"primaryImageOfPage":{"@id":"https:\/\/ilcrogiuolo.it\/it\/p\/il-vostro-talismano-personale\/#primaryimage"},"image":{"@id":"https:\/\/ilcrogiuolo.it\/it\/p\/il-vostro-talismano-personale\/#primaryimage"},"thumbnailUrl":"https:\/\/ilcrogiuolo.it\/wp-content\/uploads\/2020\/01\/vostrotalismanopersonale_5550053.jpg","datePublished":"2020-01-14T16:15:29+00:00","dateModified":"2020-12-16T12:33:37+00:00","description":"IL VOSTRO TALISMANO PERSONALE Molte energie sconosciute hanno un ruolo nella nostra vita, sia esso positivo o negativo. Non siamo sempre in grado di far fronte agli influssi","breadcrumb":{"@id":"https:\/\/ilcrogiuolo.it\/it\/p\/il-vostro-talismano-personale\/#breadcrumb"},"inLanguage":"it-IT","potentialAction":[{"@type":"ReadAction","target":["https:\/\/ilcrogiuolo.it\/it\/p\/il-vostro-talismano-personale\/"]}]},{"@type":"ImageObject","inLanguage":"it-IT","@id":"https:\/\/ilcrogiuolo.it\/it\/p\/il-vostro-talismano-personale\/#primaryimage","url":"https:\/\/ilcrogiuolo.it\/wp-content\/uploads\/2020\/01\/vostrotalismanopersonale_5550053.jpg","contentUrl":"https:\/\/ilcrogiuolo.it\/wp-content\/uploads\/2020\/01\/vostrotalismanopersonale_5550053.jpg","width":627,"height":600},{"@type":"BreadcrumbList","@id":"https:\/\/ilcrogiuolo.it\/it\/p\/il-vostro-talismano-personale\/#breadcrumb","itemListElement":[{"@type":"ListItem","position":1,"name":"Home","item":"https:\/\/ilcrogiuolo.it\/it\/"},{"@type":"ListItem","position":2,"name":"Shop","item":"https:\/\/ilcrogiuolo.it\/it\/negozio\/"},{"@type":"ListItem","position":3,"name":"IL VOSTRO TALISMANO PERSONALE"}]},{"@type":"WebSite","@id":"https:\/\/ilcrogiuolo.it\/it\/#website","url":"https:\/\/ilcrogiuolo.it\/it\/","name":"Il Crogiuolo","description":"","publisher":{"@id":"https:\/\/ilcrogiuolo.it\/it\/#organization"},"potentialAction":[{"@type":"SearchAction","target":{"@type":"EntryPoint","urlTemplate":"https:\/\/ilcrogiuolo.it\/it\/?s={search_term_string}"},"query-input":{"@type":"PropertyValueSpecification","valueRequired":true,"valueName":"search_term_string"}}],"inLanguage":"it-IT"},{"@type":"Organization","@id":"https:\/\/ilcrogiuolo.it\/it\/#organization","name":"Il Crogiuolo","url":"https:\/\/ilcrogiuolo.it\/it\/","logo":{"@type":"ImageObject","inLanguage":"it-IT","@id":"https:\/\/ilcrogiuolo.it\/it\/#\/schema\/logo\/image\/","url":"https:\/\/ilcrogiuolo.it\/wp-content\/uploads\/2020\/04\/logo.png","contentUrl":"https:\/\/ilcrogiuolo.it\/wp-content\/uploads\/2020\/04\/logo.png","width":200,"height":49,"caption":"Il Crogiuolo"},"image":{"@id":"https:\/\/ilcrogiuolo.it\/it\/#\/schema\/logo\/image\/"},"sameAs":["https:\/\/www.facebook.com\/Il-Crogiuolo-681876418491758"]}]}},"_links":{"self":[{"href":"https:\/\/ilcrogiuolo.it\/it\/wp-json\/wp\/v2\/product\/7593","targetHints":{"allow":["GET"]}}],"collection":[{"href":"https:\/\/ilcrogiuolo.it\/it\/wp-json\/wp\/v2\/product"}],"about":[{"href":"https:\/\/ilcrogiuolo.it\/it\/wp-json\/wp\/v2\/types\/product"}],"wp:featuredmedia":[{"embeddable":true,"href":"https:\/\/ilcrogiuolo.it\/it\/wp-json\/wp\/v2\/media\/7594"}],"wp:attachment":[{"href":"https:\/\/ilcrogiuolo.it\/it\/wp-json\/wp\/v2\/media?parent=7593"}],"wp:term":[{"taxonomy":"product_brand","embeddable":true,"href":"https:\/\/ilcrogiuolo.it\/it\/wp-json\/wp\/v2\/product_brand?post=7593"},{"taxonomy":"product_cat","embeddable":true,"href":"https:\/\/ilcrogiuolo.it\/it\/wp-json\/wp\/v2\/product_cat?post=7593"},{"taxonomy":"product_tag","embeddable":true,"href":"https:\/\/ilcrogiuolo.it\/it\/wp-json\/wp\/v2\/product_tag?post=7593"}],"curies":[{"name":"wp","href":"https:\/\/api.w.org\/{rel}","templated":true}]}}