{"id":7536,"date":"2020-01-14T17:15:22","date_gmt":"2020-01-14T16:15:22","guid":{"rendered":"https:\/\/ilcrogiuolo.it\/p\/guarire-con-gli-angeli\/"},"modified":"2020-01-31T13:13:38","modified_gmt":"2020-01-31T12:13:38","slug":"guarire-con-gli-angeli","status":"publish","type":"product","link":"https:\/\/ilcrogiuolo.it\/it\/p\/guarire-con-gli-angeli\/","title":{"rendered":"GUARIRE CON GLI ANGELI"},"content":{"rendered":"<p>GUARIRE CON GLI ANGELI &#8211; di Paola Pierpaoli Hermes Edizioni 142 pagine Nell\u2019epoca in cui stiamo vivendo, come il geologo ed esoterista americano Gregg Braden ha ben spiegato nella sua opera, la Terra sta compiendo un salto vibrazionale che ha delle spiegazioni scientifiche, ma di cui si parla anche in tutte le antiche profezie. Il nostro pianeta si sta assestando su una vibrazione pi\u00f9 elevata, meno densa e materiale, e quello che ci viene chiesto in quanto esseri umani \u00e8 di facilitare questo processo, migliorando la qualit\u00e0 dei nostri pensieri e delle nostre emozioni. In questo salto dimensionale gli Esseri di Luce ci stanno aiutando per mantenere alte le nostre vibrazioni\u2026..<\/p>\n","protected":false},"excerpt":{"rendered":"<p>GUARIRE CON GLI ANGELI &#8211; di Paola Pierpaoli Hermes Edizioni 142 pagine Nell\u2019epoca in cui stiamo vivendo, come il geologo&#8230;<\/p>\n","protected":false},"featured_media":7537,"template":"","meta":{"_acf_changed":false},"product_brand":[],"product_cat":[1077,1425,1060],"product_tag":[],"class_list":{"0":"post-7536","1":"product","2":"type-product","3":"status-publish","4":"has-post-thumbnail","6":"product_cat-libreria-esoterica-libreria-esoterica","7":"product_cat-edizioni-hermes","8":"product_cat-libreria-esoterica","10":"first","11":"instock","12":"taxable","13":"shipping-taxable","14":"purchasable","15":"product-type-simple","16":"add-to-wishlist-before_image"},"acf":[],"yoast_head":"<!-- This site is optimized with the Yoast SEO plugin v26.9 - https:\/\/yoast.com\/product\/yoast-seo-wordpress\/ -->\n<title>GUARIRE CON GLI ANGELI - Il Crogiuolo<\/title>\n<meta name=\"description\" content=\"GUARIRE CON GLI ANGELI GUARIRE CON GLI ANGELI - di Paola Pierpaoli Hermes Edizioni 142 pagine Nell\u2019epoca in cui stiamo vivendo, come il geologo ed esoterista americano Gregg\" \/>\n<meta name=\"robots\" content=\"index, follow, max-snippet:-1, max-image-preview:large, max-video-preview:-1\" \/>\n<link rel=\"canonical\" href=\"https:\/\/ilcrogiuolo.it\/it\/p\/guarire-con-gli-angeli\/\" \/>\n<meta property=\"og:locale\" content=\"it_IT\" \/>\n<meta property=\"og:type\" content=\"article\" \/>\n<meta property=\"og:title\" content=\"GUARIRE CON GLI ANGELI - Il Crogiuolo\" \/>\n<meta property=\"og:description\" content=\"GUARIRE CON GLI ANGELI GUARIRE CON GLI ANGELI - di Paola Pierpaoli Hermes Edizioni 142 pagine Nell\u2019epoca in cui stiamo vivendo, come il geologo ed esoterista americano Gregg\" \/>\n<meta property=\"og:url\" content=\"https:\/\/ilcrogiuolo.it\/it\/p\/guarire-con-gli-angeli\/\" \/>\n<meta property=\"og:site_name\" content=\"Il Crogiuolo\" \/>\n<meta property=\"article:publisher\" content=\"https:\/\/www.facebook.com\/Il-Crogiuolo-681876418491758\" \/>\n<meta property=\"article:modified_time\" content=\"2020-01-31T12:13:38+00:00\" \/>\n<meta property=\"og:image\" content=\"https:\/\/ilcrogiuolo.it\/wp-content\/uploads\/2020\/01\/guarirecongliangeligiovetti_3110110.jpg\" \/>\n\t<meta property=\"og:image:width\" content=\"627\" \/>\n\t<meta property=\"og:image:height\" content=\"600\" \/>\n\t<meta property=\"og:image:type\" content=\"image\/jpeg\" \/>\n<meta name=\"twitter:card\" content=\"summary_large_image\" \/>\n<meta name=\"twitter:label1\" content=\"Tempo di lettura stimato\" \/>\n\t<meta name=\"twitter:data1\" content=\"1 minuto\" \/>\n<script type=\"application\/ld+json\" class=\"yoast-schema-graph\">{\"@context\":\"https:\/\/schema.org\",\"@graph\":[{\"@type\":\"WebPage\",\"@id\":\"https:\/\/ilcrogiuolo.it\/it\/p\/guarire-con-gli-angeli\/\",\"url\":\"https:\/\/ilcrogiuolo.it\/it\/p\/guarire-con-gli-angeli\/\",\"name\":\"GUARIRE CON GLI ANGELI - Il Crogiuolo\",\"isPartOf\":{\"@id\":\"https:\/\/ilcrogiuolo.it\/it\/#website\"},\"primaryImageOfPage\":{\"@id\":\"https:\/\/ilcrogiuolo.it\/it\/p\/guarire-con-gli-angeli\/#primaryimage\"},\"image\":{\"@id\":\"https:\/\/ilcrogiuolo.it\/it\/p\/guarire-con-gli-angeli\/#primaryimage\"},\"thumbnailUrl\":\"https:\/\/ilcrogiuolo.it\/wp-content\/uploads\/2020\/01\/guarirecongliangeligiovetti_3110110.jpg\",\"datePublished\":\"2020-01-14T16:15:22+00:00\",\"dateModified\":\"2020-01-31T12:13:38+00:00\",\"description\":\"GUARIRE CON GLI ANGELI GUARIRE CON GLI ANGELI - di Paola Pierpaoli Hermes Edizioni 142 pagine Nell\u2019epoca in cui stiamo vivendo, come il geologo ed esoterista americano Gregg\",\"breadcrumb\":{\"@id\":\"https:\/\/ilcrogiuolo.it\/it\/p\/guarire-con-gli-angeli\/#breadcrumb\"},\"inLanguage\":\"it-IT\",\"potentialAction\":[{\"@type\":\"ReadAction\",\"target\":[\"https:\/\/ilcrogiuolo.it\/it\/p\/guarire-con-gli-angeli\/\"]}]},{\"@type\":\"ImageObject\",\"inLanguage\":\"it-IT\",\"@id\":\"https:\/\/ilcrogiuolo.it\/it\/p\/guarire-con-gli-angeli\/#primaryimage\",\"url\":\"https:\/\/ilcrogiuolo.it\/wp-content\/uploads\/2020\/01\/guarirecongliangeligiovetti_3110110.jpg\",\"contentUrl\":\"https:\/\/ilcrogiuolo.it\/wp-content\/uploads\/2020\/01\/guarirecongliangeligiovetti_3110110.jpg\",\"width\":627,\"height\":600},{\"@type\":\"BreadcrumbList\",\"@id\":\"https:\/\/ilcrogiuolo.it\/it\/p\/guarire-con-gli-angeli\/#breadcrumb\",\"itemListElement\":[{\"@type\":\"ListItem\",\"position\":1,\"name\":\"Home\",\"item\":\"https:\/\/ilcrogiuolo.it\/it\/\"},{\"@type\":\"ListItem\",\"position\":2,\"name\":\"Shop\",\"item\":\"https:\/\/ilcrogiuolo.it\/it\/negozio\/\"},{\"@type\":\"ListItem\",\"position\":3,\"name\":\"GUARIRE CON GLI ANGELI\"}]},{\"@type\":\"WebSite\",\"@id\":\"https:\/\/ilcrogiuolo.it\/it\/#website\",\"url\":\"https:\/\/ilcrogiuolo.it\/it\/\",\"name\":\"Il Crogiuolo\",\"description\":\"\",\"publisher\":{\"@id\":\"https:\/\/ilcrogiuolo.it\/it\/#organization\"},\"potentialAction\":[{\"@type\":\"SearchAction\",\"target\":{\"@type\":\"EntryPoint\",\"urlTemplate\":\"https:\/\/ilcrogiuolo.it\/it\/?s={search_term_string}\"},\"query-input\":{\"@type\":\"PropertyValueSpecification\",\"valueRequired\":true,\"valueName\":\"search_term_string\"}}],\"inLanguage\":\"it-IT\"},{\"@type\":\"Organization\",\"@id\":\"https:\/\/ilcrogiuolo.it\/it\/#organization\",\"name\":\"Il Crogiuolo\",\"url\":\"https:\/\/ilcrogiuolo.it\/it\/\",\"logo\":{\"@type\":\"ImageObject\",\"inLanguage\":\"it-IT\",\"@id\":\"https:\/\/ilcrogiuolo.it\/it\/#\/schema\/logo\/image\/\",\"url\":\"https:\/\/ilcrogiuolo.it\/wp-content\/uploads\/2020\/04\/logo.png\",\"contentUrl\":\"https:\/\/ilcrogiuolo.it\/wp-content\/uploads\/2020\/04\/logo.png\",\"width\":200,\"height\":49,\"caption\":\"Il Crogiuolo\"},\"image\":{\"@id\":\"https:\/\/ilcrogiuolo.it\/it\/#\/schema\/logo\/image\/\"},\"sameAs\":[\"https:\/\/www.facebook.com\/Il-Crogiuolo-681876418491758\"]}]}<\/script>\n<!-- \/ Yoast SEO plugin. -->","yoast_head_json":{"title":"GUARIRE CON GLI ANGELI - Il Crogiuolo","description":"GUARIRE CON GLI ANGELI GUARIRE CON GLI ANGELI - di Paola Pierpaoli Hermes Edizioni 142 pagine Nell\u2019epoca in cui stiamo vivendo, come il geologo ed esoterista americano Gregg","robots":{"index":"index","follow":"follow","max-snippet":"max-snippet:-1","max-image-preview":"max-image-preview:large","max-video-preview":"max-video-preview:-1"},"canonical":"https:\/\/ilcrogiuolo.it\/it\/p\/guarire-con-gli-angeli\/","og_locale":"it_IT","og_type":"article","og_title":"GUARIRE CON GLI ANGELI - Il Crogiuolo","og_description":"GUARIRE CON GLI ANGELI GUARIRE CON GLI ANGELI - di Paola Pierpaoli Hermes Edizioni 142 pagine Nell\u2019epoca in cui stiamo vivendo, come il geologo ed esoterista americano Gregg","og_url":"https:\/\/ilcrogiuolo.it\/it\/p\/guarire-con-gli-angeli\/","og_site_name":"Il Crogiuolo","article_publisher":"https:\/\/www.facebook.com\/Il-Crogiuolo-681876418491758","article_modified_time":"2020-01-31T12:13:38+00:00","og_image":[{"width":627,"height":600,"url":"https:\/\/ilcrogiuolo.it\/wp-content\/uploads\/2020\/01\/guarirecongliangeligiovetti_3110110.jpg","type":"image\/jpeg"}],"twitter_card":"summary_large_image","twitter_misc":{"Tempo di lettura stimato":"1 minuto"},"schema":{"@context":"https:\/\/schema.org","@graph":[{"@type":"WebPage","@id":"https:\/\/ilcrogiuolo.it\/it\/p\/guarire-con-gli-angeli\/","url":"https:\/\/ilcrogiuolo.it\/it\/p\/guarire-con-gli-angeli\/","name":"GUARIRE CON GLI ANGELI - Il Crogiuolo","isPartOf":{"@id":"https:\/\/ilcrogiuolo.it\/it\/#website"},"primaryImageOfPage":{"@id":"https:\/\/ilcrogiuolo.it\/it\/p\/guarire-con-gli-angeli\/#primaryimage"},"image":{"@id":"https:\/\/ilcrogiuolo.it\/it\/p\/guarire-con-gli-angeli\/#primaryimage"},"thumbnailUrl":"https:\/\/ilcrogiuolo.it\/wp-content\/uploads\/2020\/01\/guarirecongliangeligiovetti_3110110.jpg","datePublished":"2020-01-14T16:15:22+00:00","dateModified":"2020-01-31T12:13:38+00:00","description":"GUARIRE CON GLI ANGELI GUARIRE CON GLI ANGELI - di Paola Pierpaoli Hermes Edizioni 142 pagine Nell\u2019epoca in cui stiamo vivendo, come il geologo ed esoterista americano Gregg","breadcrumb":{"@id":"https:\/\/ilcrogiuolo.it\/it\/p\/guarire-con-gli-angeli\/#breadcrumb"},"inLanguage":"it-IT","potentialAction":[{"@type":"ReadAction","target":["https:\/\/ilcrogiuolo.it\/it\/p\/guarire-con-gli-angeli\/"]}]},{"@type":"ImageObject","inLanguage":"it-IT","@id":"https:\/\/ilcrogiuolo.it\/it\/p\/guarire-con-gli-angeli\/#primaryimage","url":"https:\/\/ilcrogiuolo.it\/wp-content\/uploads\/2020\/01\/guarirecongliangeligiovetti_3110110.jpg","contentUrl":"https:\/\/ilcrogiuolo.it\/wp-content\/uploads\/2020\/01\/guarirecongliangeligiovetti_3110110.jpg","width":627,"height":600},{"@type":"BreadcrumbList","@id":"https:\/\/ilcrogiuolo.it\/it\/p\/guarire-con-gli-angeli\/#breadcrumb","itemListElement":[{"@type":"ListItem","position":1,"name":"Home","item":"https:\/\/ilcrogiuolo.it\/it\/"},{"@type":"ListItem","position":2,"name":"Shop","item":"https:\/\/ilcrogiuolo.it\/it\/negozio\/"},{"@type":"ListItem","position":3,"name":"GUARIRE CON GLI ANGELI"}]},{"@type":"WebSite","@id":"https:\/\/ilcrogiuolo.it\/it\/#website","url":"https:\/\/ilcrogiuolo.it\/it\/","name":"Il Crogiuolo","description":"","publisher":{"@id":"https:\/\/ilcrogiuolo.it\/it\/#organization"},"potentialAction":[{"@type":"SearchAction","target":{"@type":"EntryPoint","urlTemplate":"https:\/\/ilcrogiuolo.it\/it\/?s={search_term_string}"},"query-input":{"@type":"PropertyValueSpecification","valueRequired":true,"valueName":"search_term_string"}}],"inLanguage":"it-IT"},{"@type":"Organization","@id":"https:\/\/ilcrogiuolo.it\/it\/#organization","name":"Il Crogiuolo","url":"https:\/\/ilcrogiuolo.it\/it\/","logo":{"@type":"ImageObject","inLanguage":"it-IT","@id":"https:\/\/ilcrogiuolo.it\/it\/#\/schema\/logo\/image\/","url":"https:\/\/ilcrogiuolo.it\/wp-content\/uploads\/2020\/04\/logo.png","contentUrl":"https:\/\/ilcrogiuolo.it\/wp-content\/uploads\/2020\/04\/logo.png","width":200,"height":49,"caption":"Il Crogiuolo"},"image":{"@id":"https:\/\/ilcrogiuolo.it\/it\/#\/schema\/logo\/image\/"},"sameAs":["https:\/\/www.facebook.com\/Il-Crogiuolo-681876418491758"]}]}},"_links":{"self":[{"href":"https:\/\/ilcrogiuolo.it\/it\/wp-json\/wp\/v2\/product\/7536","targetHints":{"allow":["GET"]}}],"collection":[{"href":"https:\/\/ilcrogiuolo.it\/it\/wp-json\/wp\/v2\/product"}],"about":[{"href":"https:\/\/ilcrogiuolo.it\/it\/wp-json\/wp\/v2\/types\/product"}],"wp:featuredmedia":[{"embeddable":true,"href":"https:\/\/ilcrogiuolo.it\/it\/wp-json\/wp\/v2\/media\/7537"}],"wp:attachment":[{"href":"https:\/\/ilcrogiuolo.it\/it\/wp-json\/wp\/v2\/media?parent=7536"}],"wp:term":[{"taxonomy":"product_brand","embeddable":true,"href":"https:\/\/ilcrogiuolo.it\/it\/wp-json\/wp\/v2\/product_brand?post=7536"},{"taxonomy":"product_cat","embeddable":true,"href":"https:\/\/ilcrogiuolo.it\/it\/wp-json\/wp\/v2\/product_cat?post=7536"},{"taxonomy":"product_tag","embeddable":true,"href":"https:\/\/ilcrogiuolo.it\/it\/wp-json\/wp\/v2\/product_tag?post=7536"}],"curies":[{"name":"wp","href":"https:\/\/api.w.org\/{rel}","templated":true}]}}