{"id":7377,"date":"2020-01-14T17:14:56","date_gmt":"2020-01-14T16:14:56","guid":{"rendered":"https:\/\/ilcrogiuolo.it\/p\/tarocchi-e-consapevolezza-mazzo-di-carte-con-libro\/"},"modified":"2020-08-03T11:13:37","modified_gmt":"2020-08-03T09:13:37","slug":"tarocchi-e-consapevolezza-mazzo-di-carte-con-libro","status":"publish","type":"product","link":"https:\/\/ilcrogiuolo.it\/it\/p\/tarocchi-e-consapevolezza-mazzo-di-carte-con-libro\/","title":{"rendered":"TAROCCHI E CONSAPEVOLEZZA &#8211; MAZZO DI CARTE CON LIBRO"},"content":{"rendered":"<p>Una chiave per cambiare il tuo destino. Allegate le 22 lame degli arcani maggiori. L\u2019antichissimo Libro dei Tarocchi, la cui esistenza \u00e8 per lo pi\u00f9 negata dagli storici, ma ipotizzata da molti iniziati e filosofi, contiene indicazioni chiare ed efficaci affinch\u00e9 il vero ricercatore percorra la strada che potr\u00e0 indurlo a recuperare la propria natura spirituale. Una via simbolica e straordinariamente lineare che \u00e8 in grado di condurre chiunque, per gradi e in maniera sistematica e infallibile, al cospetto dell\u2019anelato Santo Graal, la mitica coppa che contiene le risposte agli eterni interrogativi umani: Chi sono? Da dove vengo? Dove vado? Ogni Arcano, nel suo disvelarsi tramite una metodologia teorico-pratica proposta dall\u2019autrice, abbandona l\u2019enigmatico mutismo che lo avvolge per lasciarsi conoscere da colui che lo osserva. In una suggestiva processione, e con la fierezza ieratica di chi possiede il Segreto, uno dopo l\u2019altro i Tarocchi si porranno in cammino a fianco del lettore per guidarlo alla scoperta del Sang Real, quel Sangue Spirituale capace di lavare e purificare il noto peccato di origine che \u00e8 alla base della morte umana e della perdita dell\u2019eden primordiale. Sono allegate al testo le 22 lame relative agli Arcani Maggiori disegnati da Oswald Wirth a cui viene attribuito il merito di aver restituito all\u2019antichissimo Libro di Enoch il suo significato originario; tramite queste carte l\u2019autrice esplorer\u00e0 i significati esoterici, alchemici, cabalistici, mitologici, iniziatici e religiosi contenuti in questo affascinante simbolismo, per inoltrarsi poi fra le travisate valenze divinatorie attribuite ai tarocchi dei quali mostrer\u00e0 le erronee ed ingannevoli interpretazioni di cui sono stati fatti oggetto sinora. In base a questa seducente e sconvolgente prospettiva i Tarocchi, infatti, non predicono il futuro ma, semmai, possono indicarci come diventare artefici del nostro destino modificando cos\u00ec la nostra vita consapevolmente e in base alle nostre reali esigenze.<\/p>\n","protected":false},"excerpt":{"rendered":"<p>Una chiave per cambiare il tuo destino. Allegate le 22 lame degli arcani maggiori. L\u2019antichissimo Libro dei Tarocchi, la cui&#8230;<\/p>\n","protected":false},"featured_media":22480,"template":"","meta":{"_acf_changed":false},"product_brand":[],"product_cat":[1088,1376,1062],"product_tag":[],"class_list":{"0":"post-7377","1":"product","2":"type-product","3":"status-publish","4":"has-post-thumbnail","6":"product_cat-tarocchi-sibille-oracoli","7":"product_cat-cofanetti-con-tarocchi-pendoli-libro-e-mazzo-di-carte","8":"product_cat-divinazione","10":"first","11":"outofstock","12":"taxable","13":"shipping-taxable","14":"purchasable","15":"product-type-simple","16":"add-to-wishlist-before_image"},"acf":[],"yoast_head":"<!-- This site is optimized with the Yoast SEO plugin v26.9 - https:\/\/yoast.com\/product\/yoast-seo-wordpress\/ -->\n<title>TAROCCHI E CONSAPEVOLEZZA - MAZZO DI CARTE CON LIBRO - Il Crogiuolo<\/title>\n<meta name=\"description\" content=\"TAROCCHI E CONSAPEVOLEZZA - MAZZO DI CARTE CON LIBRO Una chiave per cambiare il tuo destino. Allegate le 22 lame degli arcani maggiori. L\u2019antichissimo Libro dei Tarocchi, la cui esistenza \u00e8 per lo pi\u00f9 negata\" \/>\n<meta name=\"robots\" content=\"index, follow, max-snippet:-1, max-image-preview:large, max-video-preview:-1\" \/>\n<link rel=\"canonical\" href=\"https:\/\/ilcrogiuolo.it\/it\/p\/tarocchi-e-consapevolezza-mazzo-di-carte-con-libro\/\" \/>\n<meta property=\"og:locale\" content=\"it_IT\" \/>\n<meta property=\"og:type\" content=\"article\" \/>\n<meta property=\"og:title\" content=\"TAROCCHI E CONSAPEVOLEZZA - MAZZO DI CARTE CON LIBRO - Il Crogiuolo\" \/>\n<meta property=\"og:description\" content=\"TAROCCHI E CONSAPEVOLEZZA - MAZZO DI CARTE CON LIBRO Una chiave per cambiare il tuo destino. Allegate le 22 lame degli arcani maggiori. L\u2019antichissimo Libro dei Tarocchi, la cui esistenza \u00e8 per lo pi\u00f9 negata\" \/>\n<meta property=\"og:url\" content=\"https:\/\/ilcrogiuolo.it\/it\/p\/tarocchi-e-consapevolezza-mazzo-di-carte-con-libro\/\" \/>\n<meta property=\"og:site_name\" content=\"Il Crogiuolo\" \/>\n<meta property=\"article:publisher\" content=\"https:\/\/www.facebook.com\/Il-Crogiuolo-681876418491758\" \/>\n<meta property=\"article:modified_time\" content=\"2020-08-03T09:13:37+00:00\" \/>\n<meta property=\"og:image\" content=\"https:\/\/ilcrogiuolo.it\/wp-content\/uploads\/2020\/01\/TAROCCHI-E-CONSAPEVOLEZZA.jpg\" \/>\n\t<meta property=\"og:image:width\" content=\"627\" \/>\n\t<meta property=\"og:image:height\" content=\"600\" \/>\n\t<meta property=\"og:image:type\" content=\"image\/jpeg\" \/>\n<meta name=\"twitter:card\" content=\"summary_large_image\" \/>\n<meta name=\"twitter:label1\" content=\"Tempo di lettura stimato\" \/>\n\t<meta name=\"twitter:data1\" content=\"2 minuti\" \/>\n<script type=\"application\/ld+json\" class=\"yoast-schema-graph\">{\"@context\":\"https:\/\/schema.org\",\"@graph\":[{\"@type\":\"WebPage\",\"@id\":\"https:\/\/ilcrogiuolo.it\/it\/p\/tarocchi-e-consapevolezza-mazzo-di-carte-con-libro\/\",\"url\":\"https:\/\/ilcrogiuolo.it\/it\/p\/tarocchi-e-consapevolezza-mazzo-di-carte-con-libro\/\",\"name\":\"TAROCCHI E CONSAPEVOLEZZA - MAZZO DI CARTE CON LIBRO - Il Crogiuolo\",\"isPartOf\":{\"@id\":\"https:\/\/ilcrogiuolo.it\/it\/#website\"},\"primaryImageOfPage\":{\"@id\":\"https:\/\/ilcrogiuolo.it\/it\/p\/tarocchi-e-consapevolezza-mazzo-di-carte-con-libro\/#primaryimage\"},\"image\":{\"@id\":\"https:\/\/ilcrogiuolo.it\/it\/p\/tarocchi-e-consapevolezza-mazzo-di-carte-con-libro\/#primaryimage\"},\"thumbnailUrl\":\"https:\/\/ilcrogiuolo.it\/wp-content\/uploads\/2020\/01\/TAROCCHI-E-CONSAPEVOLEZZA.jpg\",\"datePublished\":\"2020-01-14T16:14:56+00:00\",\"dateModified\":\"2020-08-03T09:13:37+00:00\",\"description\":\"TAROCCHI E CONSAPEVOLEZZA - MAZZO DI CARTE CON LIBRO Una chiave per cambiare il tuo destino. Allegate le 22 lame degli arcani maggiori. L\u2019antichissimo Libro dei Tarocchi, la cui esistenza \u00e8 per lo pi\u00f9 negata\",\"breadcrumb\":{\"@id\":\"https:\/\/ilcrogiuolo.it\/it\/p\/tarocchi-e-consapevolezza-mazzo-di-carte-con-libro\/#breadcrumb\"},\"inLanguage\":\"it-IT\",\"potentialAction\":[{\"@type\":\"ReadAction\",\"target\":[\"https:\/\/ilcrogiuolo.it\/it\/p\/tarocchi-e-consapevolezza-mazzo-di-carte-con-libro\/\"]}]},{\"@type\":\"ImageObject\",\"inLanguage\":\"it-IT\",\"@id\":\"https:\/\/ilcrogiuolo.it\/it\/p\/tarocchi-e-consapevolezza-mazzo-di-carte-con-libro\/#primaryimage\",\"url\":\"https:\/\/ilcrogiuolo.it\/wp-content\/uploads\/2020\/01\/TAROCCHI-E-CONSAPEVOLEZZA.jpg\",\"contentUrl\":\"https:\/\/ilcrogiuolo.it\/wp-content\/uploads\/2020\/01\/TAROCCHI-E-CONSAPEVOLEZZA.jpg\",\"width\":627,\"height\":600},{\"@type\":\"BreadcrumbList\",\"@id\":\"https:\/\/ilcrogiuolo.it\/it\/p\/tarocchi-e-consapevolezza-mazzo-di-carte-con-libro\/#breadcrumb\",\"itemListElement\":[{\"@type\":\"ListItem\",\"position\":1,\"name\":\"Home\",\"item\":\"https:\/\/ilcrogiuolo.it\/it\/\"},{\"@type\":\"ListItem\",\"position\":2,\"name\":\"Shop\",\"item\":\"https:\/\/ilcrogiuolo.it\/it\/negozio\/\"},{\"@type\":\"ListItem\",\"position\":3,\"name\":\"TAROCCHI E CONSAPEVOLEZZA &#8211; MAZZO DI CARTE CON LIBRO\"}]},{\"@type\":\"WebSite\",\"@id\":\"https:\/\/ilcrogiuolo.it\/it\/#website\",\"url\":\"https:\/\/ilcrogiuolo.it\/it\/\",\"name\":\"Il Crogiuolo\",\"description\":\"\",\"publisher\":{\"@id\":\"https:\/\/ilcrogiuolo.it\/it\/#organization\"},\"potentialAction\":[{\"@type\":\"SearchAction\",\"target\":{\"@type\":\"EntryPoint\",\"urlTemplate\":\"https:\/\/ilcrogiuolo.it\/it\/?s={search_term_string}\"},\"query-input\":{\"@type\":\"PropertyValueSpecification\",\"valueRequired\":true,\"valueName\":\"search_term_string\"}}],\"inLanguage\":\"it-IT\"},{\"@type\":\"Organization\",\"@id\":\"https:\/\/ilcrogiuolo.it\/it\/#organization\",\"name\":\"Il Crogiuolo\",\"url\":\"https:\/\/ilcrogiuolo.it\/it\/\",\"logo\":{\"@type\":\"ImageObject\",\"inLanguage\":\"it-IT\",\"@id\":\"https:\/\/ilcrogiuolo.it\/it\/#\/schema\/logo\/image\/\",\"url\":\"https:\/\/ilcrogiuolo.it\/wp-content\/uploads\/2020\/04\/logo.png\",\"contentUrl\":\"https:\/\/ilcrogiuolo.it\/wp-content\/uploads\/2020\/04\/logo.png\",\"width\":200,\"height\":49,\"caption\":\"Il Crogiuolo\"},\"image\":{\"@id\":\"https:\/\/ilcrogiuolo.it\/it\/#\/schema\/logo\/image\/\"},\"sameAs\":[\"https:\/\/www.facebook.com\/Il-Crogiuolo-681876418491758\"]}]}<\/script>\n<!-- \/ Yoast SEO plugin. -->","yoast_head_json":{"title":"TAROCCHI E CONSAPEVOLEZZA - MAZZO DI CARTE CON LIBRO - Il Crogiuolo","description":"TAROCCHI E CONSAPEVOLEZZA - MAZZO DI CARTE CON LIBRO Una chiave per cambiare il tuo destino. Allegate le 22 lame degli arcani maggiori. L\u2019antichissimo Libro dei Tarocchi, la cui esistenza \u00e8 per lo pi\u00f9 negata","robots":{"index":"index","follow":"follow","max-snippet":"max-snippet:-1","max-image-preview":"max-image-preview:large","max-video-preview":"max-video-preview:-1"},"canonical":"https:\/\/ilcrogiuolo.it\/it\/p\/tarocchi-e-consapevolezza-mazzo-di-carte-con-libro\/","og_locale":"it_IT","og_type":"article","og_title":"TAROCCHI E CONSAPEVOLEZZA - MAZZO DI CARTE CON LIBRO - Il Crogiuolo","og_description":"TAROCCHI E CONSAPEVOLEZZA - MAZZO DI CARTE CON LIBRO Una chiave per cambiare il tuo destino. Allegate le 22 lame degli arcani maggiori. L\u2019antichissimo Libro dei Tarocchi, la cui esistenza \u00e8 per lo pi\u00f9 negata","og_url":"https:\/\/ilcrogiuolo.it\/it\/p\/tarocchi-e-consapevolezza-mazzo-di-carte-con-libro\/","og_site_name":"Il Crogiuolo","article_publisher":"https:\/\/www.facebook.com\/Il-Crogiuolo-681876418491758","article_modified_time":"2020-08-03T09:13:37+00:00","og_image":[{"width":627,"height":600,"url":"https:\/\/ilcrogiuolo.it\/wp-content\/uploads\/2020\/01\/TAROCCHI-E-CONSAPEVOLEZZA.jpg","type":"image\/jpeg"}],"twitter_card":"summary_large_image","twitter_misc":{"Tempo di lettura stimato":"2 minuti"},"schema":{"@context":"https:\/\/schema.org","@graph":[{"@type":"WebPage","@id":"https:\/\/ilcrogiuolo.it\/it\/p\/tarocchi-e-consapevolezza-mazzo-di-carte-con-libro\/","url":"https:\/\/ilcrogiuolo.it\/it\/p\/tarocchi-e-consapevolezza-mazzo-di-carte-con-libro\/","name":"TAROCCHI E CONSAPEVOLEZZA - MAZZO DI CARTE CON LIBRO - Il Crogiuolo","isPartOf":{"@id":"https:\/\/ilcrogiuolo.it\/it\/#website"},"primaryImageOfPage":{"@id":"https:\/\/ilcrogiuolo.it\/it\/p\/tarocchi-e-consapevolezza-mazzo-di-carte-con-libro\/#primaryimage"},"image":{"@id":"https:\/\/ilcrogiuolo.it\/it\/p\/tarocchi-e-consapevolezza-mazzo-di-carte-con-libro\/#primaryimage"},"thumbnailUrl":"https:\/\/ilcrogiuolo.it\/wp-content\/uploads\/2020\/01\/TAROCCHI-E-CONSAPEVOLEZZA.jpg","datePublished":"2020-01-14T16:14:56+00:00","dateModified":"2020-08-03T09:13:37+00:00","description":"TAROCCHI E CONSAPEVOLEZZA - MAZZO DI CARTE CON LIBRO Una chiave per cambiare il tuo destino. Allegate le 22 lame degli arcani maggiori. L\u2019antichissimo Libro dei Tarocchi, la cui esistenza \u00e8 per lo pi\u00f9 negata","breadcrumb":{"@id":"https:\/\/ilcrogiuolo.it\/it\/p\/tarocchi-e-consapevolezza-mazzo-di-carte-con-libro\/#breadcrumb"},"inLanguage":"it-IT","potentialAction":[{"@type":"ReadAction","target":["https:\/\/ilcrogiuolo.it\/it\/p\/tarocchi-e-consapevolezza-mazzo-di-carte-con-libro\/"]}]},{"@type":"ImageObject","inLanguage":"it-IT","@id":"https:\/\/ilcrogiuolo.it\/it\/p\/tarocchi-e-consapevolezza-mazzo-di-carte-con-libro\/#primaryimage","url":"https:\/\/ilcrogiuolo.it\/wp-content\/uploads\/2020\/01\/TAROCCHI-E-CONSAPEVOLEZZA.jpg","contentUrl":"https:\/\/ilcrogiuolo.it\/wp-content\/uploads\/2020\/01\/TAROCCHI-E-CONSAPEVOLEZZA.jpg","width":627,"height":600},{"@type":"BreadcrumbList","@id":"https:\/\/ilcrogiuolo.it\/it\/p\/tarocchi-e-consapevolezza-mazzo-di-carte-con-libro\/#breadcrumb","itemListElement":[{"@type":"ListItem","position":1,"name":"Home","item":"https:\/\/ilcrogiuolo.it\/it\/"},{"@type":"ListItem","position":2,"name":"Shop","item":"https:\/\/ilcrogiuolo.it\/it\/negozio\/"},{"@type":"ListItem","position":3,"name":"TAROCCHI E CONSAPEVOLEZZA &#8211; MAZZO DI CARTE CON LIBRO"}]},{"@type":"WebSite","@id":"https:\/\/ilcrogiuolo.it\/it\/#website","url":"https:\/\/ilcrogiuolo.it\/it\/","name":"Il Crogiuolo","description":"","publisher":{"@id":"https:\/\/ilcrogiuolo.it\/it\/#organization"},"potentialAction":[{"@type":"SearchAction","target":{"@type":"EntryPoint","urlTemplate":"https:\/\/ilcrogiuolo.it\/it\/?s={search_term_string}"},"query-input":{"@type":"PropertyValueSpecification","valueRequired":true,"valueName":"search_term_string"}}],"inLanguage":"it-IT"},{"@type":"Organization","@id":"https:\/\/ilcrogiuolo.it\/it\/#organization","name":"Il Crogiuolo","url":"https:\/\/ilcrogiuolo.it\/it\/","logo":{"@type":"ImageObject","inLanguage":"it-IT","@id":"https:\/\/ilcrogiuolo.it\/it\/#\/schema\/logo\/image\/","url":"https:\/\/ilcrogiuolo.it\/wp-content\/uploads\/2020\/04\/logo.png","contentUrl":"https:\/\/ilcrogiuolo.it\/wp-content\/uploads\/2020\/04\/logo.png","width":200,"height":49,"caption":"Il Crogiuolo"},"image":{"@id":"https:\/\/ilcrogiuolo.it\/it\/#\/schema\/logo\/image\/"},"sameAs":["https:\/\/www.facebook.com\/Il-Crogiuolo-681876418491758"]}]}},"_links":{"self":[{"href":"https:\/\/ilcrogiuolo.it\/it\/wp-json\/wp\/v2\/product\/7377","targetHints":{"allow":["GET"]}}],"collection":[{"href":"https:\/\/ilcrogiuolo.it\/it\/wp-json\/wp\/v2\/product"}],"about":[{"href":"https:\/\/ilcrogiuolo.it\/it\/wp-json\/wp\/v2\/types\/product"}],"wp:featuredmedia":[{"embeddable":true,"href":"https:\/\/ilcrogiuolo.it\/it\/wp-json\/wp\/v2\/media\/22480"}],"wp:attachment":[{"href":"https:\/\/ilcrogiuolo.it\/it\/wp-json\/wp\/v2\/media?parent=7377"}],"wp:term":[{"taxonomy":"product_brand","embeddable":true,"href":"https:\/\/ilcrogiuolo.it\/it\/wp-json\/wp\/v2\/product_brand?post=7377"},{"taxonomy":"product_cat","embeddable":true,"href":"https:\/\/ilcrogiuolo.it\/it\/wp-json\/wp\/v2\/product_cat?post=7377"},{"taxonomy":"product_tag","embeddable":true,"href":"https:\/\/ilcrogiuolo.it\/it\/wp-json\/wp\/v2\/product_tag?post=7377"}],"curies":[{"name":"wp","href":"https:\/\/api.w.org\/{rel}","templated":true}]}}